{"id":3811,"date":"2021-12-13T08:53:14","date_gmt":"2021-12-13T08:53:14","guid":{"rendered":"https:\/\/baubauwall.com\/about\/"},"modified":"2026-04-08T09:26:35","modified_gmt":"2026-04-08T07:26:35","slug":"meist","status":"publish","type":"page","link":"https:\/\/baubauwall.com\/et\/meist\/","title":{"rendered":"Meist"},"content":{"rendered":"","protected":false},"excerpt":{"rendered":"","protected":false},"author":2,"featured_media":0,"parent":0,"menu_order":0,"comment_status":"closed","ping_status":"closed","template":"templates\/about.php","meta":{"_acf_changed":false,"inline_featured_image":false,"footnotes":""},"class_list":["post-3811","page","type-page","status-publish","hentry"],"acf":[],"yoast_head":"<!-- This site is optimized with the Yoast SEO plugin v25.9 - https:\/\/yoast.com\/wordpress\/plugins\/seo\/ -->\n<title>Ettev\u00f5ttest. Sinu seina m\u00f5\u00f5tu l\u00f5igatud nutikad tapeedid.<\/title>\n<meta name=\"description\" content=\"Ettev\u00f5ttest, meie inimesed. Teeme elu lihtsamaks ja kaunimaks - eritellimusena valmivate tapeetidega.\" \/>\n<meta name=\"robots\" content=\"index, follow, max-snippet:-1, max-image-preview:large, max-video-preview:-1\" \/>\n<link rel=\"canonical\" href=\"https:\/\/baubauwall.com\/et\/meist\/\" \/>\n<meta property=\"og:locale\" content=\"et_EE\" \/>\n<meta property=\"og:type\" content=\"article\" \/>\n<meta property=\"og:title\" content=\"Ettev\u00f5ttest. Sinu seina m\u00f5\u00f5tu l\u00f5igatud nutikad tapeedid.\" \/>\n<meta property=\"og:description\" content=\"Ettev\u00f5ttest, meie inimesed. Teeme elu lihtsamaks ja kaunimaks - eritellimusena valmivate tapeetidega.\" \/>\n<meta property=\"og:url\" content=\"https:\/\/baubauwall.com\/et\/meist\/\" \/>\n<meta property=\"og:site_name\" content=\"BAUBAUWALL TAPEEDID\" \/>\n<meta property=\"article:publisher\" content=\"https:\/\/www.facebook.com\/Baubauwall\" \/>\n<meta property=\"article:modified_time\" content=\"2026-04-08T07:26:35+00:00\" \/>\n<meta name=\"twitter:card\" content=\"summary_large_image\" \/>\n<script type=\"application\/ld+json\" class=\"yoast-schema-graph\">{\"@context\":\"https:\/\/schema.org\",\"@graph\":[{\"@type\":\"WebPage\",\"@id\":\"https:\/\/baubauwall.com\/et\/meist\/\",\"url\":\"https:\/\/baubauwall.com\/et\/meist\/\",\"name\":\"Ettev\u00f5ttest. Sinu seina m\u00f5\u00f5tu l\u00f5igatud nutikad tapeedid.\",\"isPartOf\":{\"@id\":\"https:\/\/baubauwall.com\/et\/#website\"},\"datePublished\":\"2021-12-13T08:53:14+00:00\",\"dateModified\":\"2026-04-08T07:26:35+00:00\",\"description\":\"Ettev\u00f5ttest, meie inimesed. Teeme elu lihtsamaks ja kaunimaks - eritellimusena valmivate tapeetidega.\",\"breadcrumb\":{\"@id\":\"https:\/\/baubauwall.com\/et\/meist\/#breadcrumb\"},\"inLanguage\":\"et\",\"potentialAction\":[{\"@type\":\"ReadAction\",\"target\":[\"https:\/\/baubauwall.com\/et\/meist\/\"]}]},{\"@type\":\"BreadcrumbList\",\"@id\":\"https:\/\/baubauwall.com\/et\/meist\/#breadcrumb\",\"itemListElement\":[{\"@type\":\"ListItem\",\"position\":1,\"name\":\"Koju\",\"item\":\"https:\/\/baubauwall.com\/et\/\"},{\"@type\":\"ListItem\",\"position\":2,\"name\":\"Meist\"}]},{\"@type\":\"WebSite\",\"@id\":\"https:\/\/baubauwall.com\/et\/#website\",\"url\":\"https:\/\/baubauwall.com\/et\/\",\"name\":\"BAUBAUWALL Wallpapers\",\"description\":\"Valmis paanides tapeet Eestist!\",\"publisher\":{\"@id\":\"https:\/\/baubauwall.com\/et\/#organization\"},\"potentialAction\":[{\"@type\":\"SearchAction\",\"target\":{\"@type\":\"EntryPoint\",\"urlTemplate\":\"https:\/\/baubauwall.com\/et\/?s={search_term_string}\"},\"query-input\":{\"@type\":\"PropertyValueSpecification\",\"valueRequired\":true,\"valueName\":\"search_term_string\"}}],\"inLanguage\":\"et\"},{\"@type\":\"Organization\",\"@id\":\"https:\/\/baubauwall.com\/et\/#organization\",\"name\":\"BAUBAUWALL Wallpapers\",\"url\":\"https:\/\/baubauwall.com\/et\/\",\"logo\":{\"@type\":\"ImageObject\",\"inLanguage\":\"et\",\"@id\":\"https:\/\/baubauwall.com\/et\/#\/schema\/logo\/image\/\",\"url\":\"https:\/\/baubauwall.com\/wp-content\/uploads\/2022\/03\/logo-horizontal.svg\",\"contentUrl\":\"https:\/\/baubauwall.com\/wp-content\/uploads\/2022\/03\/logo-horizontal.svg\",\"width\":\"1024\",\"height\":\"1024\",\"caption\":\"BAUBAUWALL Wallpapers\"},\"image\":{\"@id\":\"https:\/\/baubauwall.com\/et\/#\/schema\/logo\/image\/\"},\"sameAs\":[\"https:\/\/www.facebook.com\/Baubauwall\",\"https:\/\/www.instagram.com\/baubauwall\"]}]}<\/script>\n<!-- \/ Yoast SEO plugin. -->","yoast_head_json":{"title":"Ettev\u00f5ttest. Sinu seina m\u00f5\u00f5tu l\u00f5igatud nutikad tapeedid.","description":"Ettev\u00f5ttest, meie inimesed. Teeme elu lihtsamaks ja kaunimaks - eritellimusena valmivate tapeetidega.","robots":{"index":"index","follow":"follow","max-snippet":"max-snippet:-1","max-image-preview":"max-image-preview:large","max-video-preview":"max-video-preview:-1"},"canonical":"https:\/\/baubauwall.com\/et\/meist\/","og_locale":"et_EE","og_type":"article","og_title":"Ettev\u00f5ttest. Sinu seina m\u00f5\u00f5tu l\u00f5igatud nutikad tapeedid.","og_description":"Ettev\u00f5ttest, meie inimesed. Teeme elu lihtsamaks ja kaunimaks - eritellimusena valmivate tapeetidega.","og_url":"https:\/\/baubauwall.com\/et\/meist\/","og_site_name":"BAUBAUWALL TAPEEDID","article_publisher":"https:\/\/www.facebook.com\/Baubauwall","article_modified_time":"2026-04-08T07:26:35+00:00","twitter_card":"summary_large_image","schema":{"@context":"https:\/\/schema.org","@graph":[{"@type":"WebPage","@id":"https:\/\/baubauwall.com\/et\/meist\/","url":"https:\/\/baubauwall.com\/et\/meist\/","name":"Ettev\u00f5ttest. Sinu seina m\u00f5\u00f5tu l\u00f5igatud nutikad tapeedid.","isPartOf":{"@id":"https:\/\/baubauwall.com\/et\/#website"},"datePublished":"2021-12-13T08:53:14+00:00","dateModified":"2026-04-08T07:26:35+00:00","description":"Ettev\u00f5ttest, meie inimesed. Teeme elu lihtsamaks ja kaunimaks - eritellimusena valmivate tapeetidega.","breadcrumb":{"@id":"https:\/\/baubauwall.com\/et\/meist\/#breadcrumb"},"inLanguage":"et","potentialAction":[{"@type":"ReadAction","target":["https:\/\/baubauwall.com\/et\/meist\/"]}]},{"@type":"BreadcrumbList","@id":"https:\/\/baubauwall.com\/et\/meist\/#breadcrumb","itemListElement":[{"@type":"ListItem","position":1,"name":"Koju","item":"https:\/\/baubauwall.com\/et\/"},{"@type":"ListItem","position":2,"name":"Meist"}]},{"@type":"WebSite","@id":"https:\/\/baubauwall.com\/et\/#website","url":"https:\/\/baubauwall.com\/et\/","name":"BAUBAUWALL Wallpapers","description":"Valmis paanides tapeet Eestist!","publisher":{"@id":"https:\/\/baubauwall.com\/et\/#organization"},"potentialAction":[{"@type":"SearchAction","target":{"@type":"EntryPoint","urlTemplate":"https:\/\/baubauwall.com\/et\/?s={search_term_string}"},"query-input":{"@type":"PropertyValueSpecification","valueRequired":true,"valueName":"search_term_string"}}],"inLanguage":"et"},{"@type":"Organization","@id":"https:\/\/baubauwall.com\/et\/#organization","name":"BAUBAUWALL Wallpapers","url":"https:\/\/baubauwall.com\/et\/","logo":{"@type":"ImageObject","inLanguage":"et","@id":"https:\/\/baubauwall.com\/et\/#\/schema\/logo\/image\/","url":"https:\/\/baubauwall.com\/wp-content\/uploads\/2022\/03\/logo-horizontal.svg","contentUrl":"https:\/\/baubauwall.com\/wp-content\/uploads\/2022\/03\/logo-horizontal.svg","width":"1024","height":"1024","caption":"BAUBAUWALL Wallpapers"},"image":{"@id":"https:\/\/baubauwall.com\/et\/#\/schema\/logo\/image\/"},"sameAs":["https:\/\/www.facebook.com\/Baubauwall","https:\/\/www.instagram.com\/baubauwall"]}]}},"jetpack_sharing_enabled":true,"_links":{"self":[{"href":"https:\/\/baubauwall.com\/et\/wp-json\/wp\/v2\/pages\/3811","targetHints":{"allow":["GET"]}}],"collection":[{"href":"https:\/\/baubauwall.com\/et\/wp-json\/wp\/v2\/pages"}],"about":[{"href":"https:\/\/baubauwall.com\/et\/wp-json\/wp\/v2\/types\/page"}],"author":[{"embeddable":true,"href":"https:\/\/baubauwall.com\/et\/wp-json\/wp\/v2\/users\/2"}],"replies":[{"embeddable":true,"href":"https:\/\/baubauwall.com\/et\/wp-json\/wp\/v2\/comments?post=3811"}],"version-history":[{"count":46,"href":"https:\/\/baubauwall.com\/et\/wp-json\/wp\/v2\/pages\/3811\/revisions"}],"predecessor-version":[{"id":47620,"href":"https:\/\/baubauwall.com\/et\/wp-json\/wp\/v2\/pages\/3811\/revisions\/47620"}],"wp:attachment":[{"href":"https:\/\/baubauwall.com\/et\/wp-json\/wp\/v2\/media?parent=3811"}],"curies":[{"name":"wp","href":"https:\/\/api.w.org\/{rel}","templated":true}]}}