{"id":4633,"date":"2022-01-10T07:18:49","date_gmt":"2022-01-10T07:18:49","guid":{"rendered":"https:\/\/baubauwall.com\/shipping-information\/"},"modified":"2026-05-06T16:35:15","modified_gmt":"2026-05-06T14:35:15","slug":"kohaletoimetamine","status":"publish","type":"page","link":"https:\/\/baubauwall.com\/et\/kohaletoimetamine\/","title":{"rendered":"Tapeeditellimuste kohaletoimetamine"},"content":{"rendered":"\n<ul class=\"wp-block-list\">\n<li>Tr\u00fckime ja pakendame k\u00f5ik Baubauwalli tapeedid Tallinnas, <a href=\"https:\/\/baubauwall.com\/et\/meist\/\" target=\"_blank\" rel=\"noreferrer noopener\">meie enda tr\u00fckikojas.<\/a> Nii tagame laitmatu kvaliteedi ja t\u00e4helepanu igale tellimusele.  <\/li>\n<\/ul>\n\n\n\n<ul class=\"wp-block-list\">\n<li>K\u00f5ik tapeeditellimused k\u00e4itleme 5 t\u00f6\u00f6p\u00e4eva jooksul.<\/li>\n<\/ul>\n\n\n\n<ul class=\"wp-block-list\">\n<li>Pakist leiad oma tellitud tapeedi, t\u00e4pselt nummerdatud paanides, mis on just nii k\u00f5rged, kui Sinu sein. Lisaks kuulub komplekti sobiv fliistapeedi liim.<\/li>\n<\/ul>\n\n\n\n<p><\/p>\n\n\n\n<ul class=\"wp-block-list\">\n<li>Tapeeditellimustele pakume TASUTA transporti Eestis Omniva pakiautomaati ja DHL kulleriteenust mujale Euroopa Liidus, Suurbritanniasse, Norrasse ning \u0160veitsi. Muud riigid &#8211; transpordile lisandub v\u00e4ike tasu. Transporditeenus ei h\u00f5lma v\u00f5imalikke tollitasusid sihtriigis.<\/li>\n\n\n\n<li>Tapeedi n\u00e4idised saadame Eestis samuti Omniva teenusega. N\u00e4idised Eestist v\u00e4lja saadame postiteenusega ning olenevalt sihtriigist kulub kuni 2 n\u00e4dalat. <\/li>\n<\/ul>\n\n\n\n<p><\/p>\n\n\n\n<div class=\"wp-block-jetpack-tiled-gallery aligncenter is-style-rectangular\"><div class=\"\"><div class=\"tiled-gallery__gallery\"><div class=\"tiled-gallery__row\"><div class=\"tiled-gallery__col\" style=\"flex-basis:46.36143%\"><figure class=\"tiled-gallery__item\"><img decoding=\"async\" srcset=\"https:\/\/i0.wp.com\/baubauwall.com\/wp-content\/uploads\/2023\/02\/jaatmevaba-jatkusuutlik-tapeedid-1024x518.jpg?strip=info&#038;w=600&#038;ssl=1 600w,https:\/\/i0.wp.com\/baubauwall.com\/wp-content\/uploads\/2023\/02\/jaatmevaba-jatkusuutlik-tapeedid-1024x518.jpg?strip=info&#038;w=900&#038;ssl=1 900w,https:\/\/i0.wp.com\/baubauwall.com\/wp-content\/uploads\/2023\/02\/jaatmevaba-jatkusuutlik-tapeedid-1024x518.jpg?strip=info&#038;w=1198&#038;ssl=1 1198w\" alt=\"\" data-height=\"606\" data-id=\"29663\" data-link=\"https:\/\/baubauwall.com\/et\/uudised\/jaatmevabad-tapeedid\/attachment\/jaatmevaba-jatkusuutlik-tapeedid\/\" data-url=\"https:\/\/baubauwall.com\/wp-content\/uploads\/2023\/02\/jaatmevaba-jatkusuutlik-tapeedid-1024x518.jpg\" data-width=\"1198\" src=\"https:\/\/i0.wp.com\/baubauwall.com\/wp-content\/uploads\/2023\/02\/jaatmevaba-jatkusuutlik-tapeedid-1024x518.jpg?ssl=1\" data-amp-layout=\"responsive\"\/><\/figure><\/div><div class=\"tiled-gallery__col\" style=\"flex-basis:16.74832%\"><figure class=\"tiled-gallery__item\"><img decoding=\"async\" srcset=\"https:\/\/i0.wp.com\/baubauwall.com\/wp-content\/uploads\/2023\/06\/Baubauwall_wallpaper_package-726x1024.jpg?strip=info&#038;w=600&#038;ssl=1 600w,https:\/\/i0.wp.com\/baubauwall.com\/wp-content\/uploads\/2023\/06\/Baubauwall_wallpaper_package-726x1024.jpg?strip=info&#038;w=900&#038;ssl=1 900w,https:\/\/i0.wp.com\/baubauwall.com\/wp-content\/uploads\/2023\/06\/Baubauwall_wallpaper_package-726x1024.jpg?strip=info&#038;w=1200&#038;ssl=1 1200w,https:\/\/i0.wp.com\/baubauwall.com\/wp-content\/uploads\/2023\/06\/Baubauwall_wallpaper_package-726x1024.jpg?strip=info&#038;w=1455&#038;ssl=1 1455w\" alt=\"\" data-height=\"2051\" data-id=\"29685\" data-link=\"https:\/\/baubauwall.com\/et\/kohaletoimetamine\/attachment\/plant-shade-on-a-light-orange-wall-2-2\/\" data-url=\"https:\/\/baubauwall.com\/wp-content\/uploads\/2023\/06\/Baubauwall_wallpaper_package-726x1024.jpg\" data-width=\"1455\" src=\"https:\/\/i0.wp.com\/baubauwall.com\/wp-content\/uploads\/2023\/06\/Baubauwall_wallpaper_package-726x1024.jpg?ssl=1\" data-amp-layout=\"responsive\"\/><\/figure><\/div><div class=\"tiled-gallery__col\" style=\"flex-basis:36.89025%\"><figure class=\"tiled-gallery__item\"><img decoding=\"async\" srcset=\"https:\/\/i0.wp.com\/baubauwall.com\/wp-content\/uploads\/2022\/11\/tapeedirull_florafauna-white-1024x651.jpg?strip=info&#038;w=600&#038;ssl=1 600w,https:\/\/i0.wp.com\/baubauwall.com\/wp-content\/uploads\/2022\/11\/tapeedirull_florafauna-white-1024x651.jpg?strip=info&#038;w=900&#038;ssl=1 900w,https:\/\/i0.wp.com\/baubauwall.com\/wp-content\/uploads\/2022\/11\/tapeedirull_florafauna-white-1024x651.jpg?strip=info&#038;w=1200&#038;ssl=1 1200w,https:\/\/i0.wp.com\/baubauwall.com\/wp-content\/uploads\/2022\/11\/tapeedirull_florafauna-white-1024x651.jpg?strip=info&#038;w=1500&#038;ssl=1 1500w,https:\/\/i0.wp.com\/baubauwall.com\/wp-content\/uploads\/2022\/11\/tapeedirull_florafauna-white-1024x651.jpg?strip=info&#038;w=1800&#038;ssl=1 1800w,https:\/\/i0.wp.com\/baubauwall.com\/wp-content\/uploads\/2022\/11\/tapeedirull_florafauna-white-1024x651.jpg?strip=info&#038;w=2000&#038;ssl=1 2000w\" alt=\"floral pattern non-woven wallpaper material\" data-height=\"1629\" data-id=\"22211\" data-link=\"https:\/\/baubauwall.com\/et\/woman-unroll-a-paper-mockup-on-a-pink-table-by-a-bouquet-of-flow-2\/\" data-url=\"https:\/\/baubauwall.com\/wp-content\/uploads\/2022\/11\/tapeedirull_florafauna-white-1024x651.jpg\" data-width=\"2560\" src=\"https:\/\/i0.wp.com\/baubauwall.com\/wp-content\/uploads\/2022\/11\/tapeedirull_florafauna-white-1024x651.jpg?ssl=1\" data-amp-layout=\"responsive\"\/><\/figure><\/div><\/div><\/div><\/div><\/div>\n","protected":false},"excerpt":{"rendered":"","protected":false},"author":2,"featured_media":0,"parent":0,"menu_order":0,"comment_status":"closed","ping_status":"closed","template":"","meta":{"_acf_changed":false,"inline_featured_image":false,"footnotes":""},"class_list":["post-4633","page","type-page","status-publish","hentry"],"acf":[],"yoast_head":"<!-- This site is optimized with the Yoast SEO plugin v25.9 - https:\/\/yoast.com\/wordpress\/plugins\/seo\/ -->\n<title>Kuidas tellida tapeeti? Tasuta transport.<\/title>\n<meta name=\"description\" content=\"Tapeedi tellimine Eesti tapeedi e-poest. Tasuta transport! K\u00f5ik tapeedid tr\u00fckime sinu seina m\u00f5\u00f5dus, valmis paanides. Seda 5 t\u00f6\u00f6p\u00e4eva jooksul.\" \/>\n<meta name=\"robots\" content=\"index, follow, max-snippet:-1, max-image-preview:large, max-video-preview:-1\" \/>\n<link rel=\"canonical\" href=\"https:\/\/baubauwall.com\/et\/kohaletoimetamine\/\" \/>\n<meta property=\"og:locale\" content=\"et_EE\" \/>\n<meta property=\"og:type\" content=\"article\" \/>\n<meta property=\"og:title\" content=\"Kuidas tellida tapeeti? Tasuta transport.\" \/>\n<meta property=\"og:description\" content=\"Tapeedi tellimine Eesti tapeedi e-poest. Tasuta transport! K\u00f5ik tapeedid tr\u00fckime sinu seina m\u00f5\u00f5dus, valmis paanides. Seda 5 t\u00f6\u00f6p\u00e4eva jooksul.\" \/>\n<meta property=\"og:url\" content=\"https:\/\/baubauwall.com\/et\/kohaletoimetamine\/\" \/>\n<meta property=\"og:site_name\" content=\"BAUBAUWALL Wallpapers\" \/>\n<meta property=\"article:publisher\" content=\"https:\/\/www.facebook.com\/Baubauwall\" \/>\n<meta property=\"article:modified_time\" content=\"2026-05-06T14:35:15+00:00\" \/>\n<meta property=\"og:image\" content=\"https:\/\/i0.wp.com\/baubauwall.com\/wp-content\/uploads\/2023\/02\/jaatmevaba-jatkusuutlik-tapeedid-1024x518.jpg?ssl=1\" \/>\n<meta name=\"twitter:card\" content=\"summary_large_image\" \/>\n<meta name=\"twitter:label1\" content=\"Est. reading time\" \/>\n\t<meta name=\"twitter:data1\" content=\"2 minutit\" \/>\n<script type=\"application\/ld+json\" class=\"yoast-schema-graph\">{\"@context\":\"https:\/\/schema.org\",\"@graph\":[{\"@type\":\"WebPage\",\"@id\":\"https:\/\/baubauwall.com\/et\/kohaletoimetamine\/\",\"url\":\"https:\/\/baubauwall.com\/et\/kohaletoimetamine\/\",\"name\":\"Kuidas tellida tapeeti? Tasuta transport.\",\"isPartOf\":{\"@id\":\"https:\/\/baubauwall.com\/et\/#website\"},\"primaryImageOfPage\":{\"@id\":\"https:\/\/baubauwall.com\/et\/kohaletoimetamine\/#primaryimage\"},\"image\":{\"@id\":\"https:\/\/baubauwall.com\/et\/kohaletoimetamine\/#primaryimage\"},\"thumbnailUrl\":\"https:\/\/i0.wp.com\/baubauwall.com\/wp-content\/uploads\/2023\/02\/jaatmevaba-jatkusuutlik-tapeedid-1024x518.jpg?ssl=1\",\"datePublished\":\"2022-01-10T07:18:49+00:00\",\"dateModified\":\"2026-05-06T14:35:15+00:00\",\"description\":\"Tapeedi tellimine Eesti tapeedi e-poest. Tasuta transport! K\u00f5ik tapeedid tr\u00fckime sinu seina m\u00f5\u00f5dus, valmis paanides. Seda 5 t\u00f6\u00f6p\u00e4eva jooksul.\",\"breadcrumb\":{\"@id\":\"https:\/\/baubauwall.com\/et\/kohaletoimetamine\/#breadcrumb\"},\"inLanguage\":\"et\",\"potentialAction\":[{\"@type\":\"ReadAction\",\"target\":[\"https:\/\/baubauwall.com\/et\/kohaletoimetamine\/\"]}]},{\"@type\":\"ImageObject\",\"inLanguage\":\"et\",\"@id\":\"https:\/\/baubauwall.com\/et\/kohaletoimetamine\/#primaryimage\",\"url\":\"https:\/\/i0.wp.com\/baubauwall.com\/wp-content\/uploads\/2023\/02\/jaatmevaba-jatkusuutlik-tapeedid-1024x518.jpg?ssl=1\",\"contentUrl\":\"https:\/\/i0.wp.com\/baubauwall.com\/wp-content\/uploads\/2023\/02\/jaatmevaba-jatkusuutlik-tapeedid-1024x518.jpg?ssl=1\"},{\"@type\":\"BreadcrumbList\",\"@id\":\"https:\/\/baubauwall.com\/et\/kohaletoimetamine\/#breadcrumb\",\"itemListElement\":[{\"@type\":\"ListItem\",\"position\":1,\"name\":\"Koju\",\"item\":\"https:\/\/baubauwall.com\/et\/\"},{\"@type\":\"ListItem\",\"position\":2,\"name\":\"Tapeeditellimuste kohaletoimetamine\"}]},{\"@type\":\"WebSite\",\"@id\":\"https:\/\/baubauwall.com\/et\/#website\",\"url\":\"https:\/\/baubauwall.com\/et\/\",\"name\":\"BAUBAUWALL Wallpapers\",\"description\":\"Valmis paanides tapeet Eestist!\",\"publisher\":{\"@id\":\"https:\/\/baubauwall.com\/et\/#organization\"},\"potentialAction\":[{\"@type\":\"SearchAction\",\"target\":{\"@type\":\"EntryPoint\",\"urlTemplate\":\"https:\/\/baubauwall.com\/et\/?s={search_term_string}\"},\"query-input\":{\"@type\":\"PropertyValueSpecification\",\"valueRequired\":true,\"valueName\":\"search_term_string\"}}],\"inLanguage\":\"et\"},{\"@type\":\"Organization\",\"@id\":\"https:\/\/baubauwall.com\/et\/#organization\",\"name\":\"BAUBAUWALL Wallpapers\",\"url\":\"https:\/\/baubauwall.com\/et\/\",\"logo\":{\"@type\":\"ImageObject\",\"inLanguage\":\"et\",\"@id\":\"https:\/\/baubauwall.com\/et\/#\/schema\/logo\/image\/\",\"url\":\"https:\/\/baubauwall.com\/wp-content\/uploads\/2022\/03\/logo-horizontal.svg\",\"contentUrl\":\"https:\/\/baubauwall.com\/wp-content\/uploads\/2022\/03\/logo-horizontal.svg\",\"width\":\"1024\",\"height\":\"1024\",\"caption\":\"BAUBAUWALL Wallpapers\"},\"image\":{\"@id\":\"https:\/\/baubauwall.com\/et\/#\/schema\/logo\/image\/\"},\"sameAs\":[\"https:\/\/www.facebook.com\/Baubauwall\",\"https:\/\/www.instagram.com\/baubauwall\"]}]}<\/script>\n<!-- \/ Yoast SEO plugin. -->","yoast_head_json":{"title":"Kuidas tellida tapeeti? Tasuta transport.","description":"Tapeedi tellimine Eesti tapeedi e-poest. Tasuta transport! K\u00f5ik tapeedid tr\u00fckime sinu seina m\u00f5\u00f5dus, valmis paanides. Seda 5 t\u00f6\u00f6p\u00e4eva jooksul.","robots":{"index":"index","follow":"follow","max-snippet":"max-snippet:-1","max-image-preview":"max-image-preview:large","max-video-preview":"max-video-preview:-1"},"canonical":"https:\/\/baubauwall.com\/et\/kohaletoimetamine\/","og_locale":"et_EE","og_type":"article","og_title":"Kuidas tellida tapeeti? Tasuta transport.","og_description":"Tapeedi tellimine Eesti tapeedi e-poest. Tasuta transport! K\u00f5ik tapeedid tr\u00fckime sinu seina m\u00f5\u00f5dus, valmis paanides. Seda 5 t\u00f6\u00f6p\u00e4eva jooksul.","og_url":"https:\/\/baubauwall.com\/et\/kohaletoimetamine\/","og_site_name":"BAUBAUWALL Wallpapers","article_publisher":"https:\/\/www.facebook.com\/Baubauwall","article_modified_time":"2026-05-06T14:35:15+00:00","og_image":[{"url":"https:\/\/i0.wp.com\/baubauwall.com\/wp-content\/uploads\/2023\/02\/jaatmevaba-jatkusuutlik-tapeedid-1024x518.jpg?ssl=1","type":"","width":"","height":""}],"twitter_card":"summary_large_image","twitter_misc":{"Est. reading time":"2 minutit"},"schema":{"@context":"https:\/\/schema.org","@graph":[{"@type":"WebPage","@id":"https:\/\/baubauwall.com\/et\/kohaletoimetamine\/","url":"https:\/\/baubauwall.com\/et\/kohaletoimetamine\/","name":"Kuidas tellida tapeeti? Tasuta transport.","isPartOf":{"@id":"https:\/\/baubauwall.com\/et\/#website"},"primaryImageOfPage":{"@id":"https:\/\/baubauwall.com\/et\/kohaletoimetamine\/#primaryimage"},"image":{"@id":"https:\/\/baubauwall.com\/et\/kohaletoimetamine\/#primaryimage"},"thumbnailUrl":"https:\/\/i0.wp.com\/baubauwall.com\/wp-content\/uploads\/2023\/02\/jaatmevaba-jatkusuutlik-tapeedid-1024x518.jpg?ssl=1","datePublished":"2022-01-10T07:18:49+00:00","dateModified":"2026-05-06T14:35:15+00:00","description":"Tapeedi tellimine Eesti tapeedi e-poest. Tasuta transport! K\u00f5ik tapeedid tr\u00fckime sinu seina m\u00f5\u00f5dus, valmis paanides. Seda 5 t\u00f6\u00f6p\u00e4eva jooksul.","breadcrumb":{"@id":"https:\/\/baubauwall.com\/et\/kohaletoimetamine\/#breadcrumb"},"inLanguage":"et","potentialAction":[{"@type":"ReadAction","target":["https:\/\/baubauwall.com\/et\/kohaletoimetamine\/"]}]},{"@type":"ImageObject","inLanguage":"et","@id":"https:\/\/baubauwall.com\/et\/kohaletoimetamine\/#primaryimage","url":"https:\/\/i0.wp.com\/baubauwall.com\/wp-content\/uploads\/2023\/02\/jaatmevaba-jatkusuutlik-tapeedid-1024x518.jpg?ssl=1","contentUrl":"https:\/\/i0.wp.com\/baubauwall.com\/wp-content\/uploads\/2023\/02\/jaatmevaba-jatkusuutlik-tapeedid-1024x518.jpg?ssl=1"},{"@type":"BreadcrumbList","@id":"https:\/\/baubauwall.com\/et\/kohaletoimetamine\/#breadcrumb","itemListElement":[{"@type":"ListItem","position":1,"name":"Koju","item":"https:\/\/baubauwall.com\/et\/"},{"@type":"ListItem","position":2,"name":"Tapeeditellimuste kohaletoimetamine"}]},{"@type":"WebSite","@id":"https:\/\/baubauwall.com\/et\/#website","url":"https:\/\/baubauwall.com\/et\/","name":"BAUBAUWALL Wallpapers","description":"Valmis paanides tapeet Eestist!","publisher":{"@id":"https:\/\/baubauwall.com\/et\/#organization"},"potentialAction":[{"@type":"SearchAction","target":{"@type":"EntryPoint","urlTemplate":"https:\/\/baubauwall.com\/et\/?s={search_term_string}"},"query-input":{"@type":"PropertyValueSpecification","valueRequired":true,"valueName":"search_term_string"}}],"inLanguage":"et"},{"@type":"Organization","@id":"https:\/\/baubauwall.com\/et\/#organization","name":"BAUBAUWALL Wallpapers","url":"https:\/\/baubauwall.com\/et\/","logo":{"@type":"ImageObject","inLanguage":"et","@id":"https:\/\/baubauwall.com\/et\/#\/schema\/logo\/image\/","url":"https:\/\/baubauwall.com\/wp-content\/uploads\/2022\/03\/logo-horizontal.svg","contentUrl":"https:\/\/baubauwall.com\/wp-content\/uploads\/2022\/03\/logo-horizontal.svg","width":"1024","height":"1024","caption":"BAUBAUWALL Wallpapers"},"image":{"@id":"https:\/\/baubauwall.com\/et\/#\/schema\/logo\/image\/"},"sameAs":["https:\/\/www.facebook.com\/Baubauwall","https:\/\/www.instagram.com\/baubauwall"]}]}},"jetpack_sharing_enabled":true,"_links":{"self":[{"href":"https:\/\/baubauwall.com\/et\/wp-json\/wp\/v2\/pages\/4633","targetHints":{"allow":["GET"]}}],"collection":[{"href":"https:\/\/baubauwall.com\/et\/wp-json\/wp\/v2\/pages"}],"about":[{"href":"https:\/\/baubauwall.com\/et\/wp-json\/wp\/v2\/types\/page"}],"author":[{"embeddable":true,"href":"https:\/\/baubauwall.com\/et\/wp-json\/wp\/v2\/users\/2"}],"replies":[{"embeddable":true,"href":"https:\/\/baubauwall.com\/et\/wp-json\/wp\/v2\/comments?post=4633"}],"version-history":[{"count":12,"href":"https:\/\/baubauwall.com\/et\/wp-json\/wp\/v2\/pages\/4633\/revisions"}],"predecessor-version":[{"id":48711,"href":"https:\/\/baubauwall.com\/et\/wp-json\/wp\/v2\/pages\/4633\/revisions\/48711"}],"wp:attachment":[{"href":"https:\/\/baubauwall.com\/et\/wp-json\/wp\/v2\/media?parent=4633"}],"curies":[{"name":"wp","href":"https:\/\/api.w.org\/{rel}","templated":true}]}}