{"id":4692,"date":"2022-02-27T10:38:44","date_gmt":"2022-02-27T10:38:44","guid":{"rendered":"https:\/\/baubauwall.com\/eco-friendly-printing\/"},"modified":"2025-10-29T14:44:27","modified_gmt":"2025-10-29T12:44:27","slug":"keskkonnasobralikud-tapeedid","status":"publish","type":"page","link":"https:\/\/baubauwall.com\/et\/keskkonnasobralikud-tapeedid\/","title":{"rendered":"Keskkonnas\u00f5bralikkus"},"content":{"rendered":"\n<p><strong>\u00d6ko tapeedid sinu koju \u2013 ilus, tark ja keskkonnas\u00f5bralik valik<\/strong><\/p>\n\n\n\n<p>Baubauwalli \u00f6ko tapeedid on valmistatud vastutustundlikult ja tellimusp\u00f5hiselt \u2013 ilma \u00fcletootmiseta ja paberij\u00e4\u00e4kideta. Iga tapeet prinditakse alles siis, kui sina oled oma lemmiku v\u00e4lja valinud. Meie mittekootud materjal on hingav, PVC-vaba ja tr\u00fckitud veep\u00f5histe v\u00e4rvidega. Kui otsid keskkonnas\u00f5bralikku viisi kodu <a href=\"https:\/\/kodu.postimees.ee\/8277872\/eestis-loodud-digiteenus-mis-muudab-tapeetimise-lihtsaks-ja-isikuparaseks\">seintele iseloomu lisamisek<\/a>s, on just \u00f6ko <a href=\"https:\/\/baubauwall.com\/et\/tapeedid\/\">tapeet <\/a>parim valik.<\/p>\n","protected":false},"excerpt":{"rendered":"<p>\u00d6ko tapeedid sinu koju \u2013 ilus, tark ja keskkonnas\u00f5bralik valik Baubauwalli \u00f6ko tapeedid on valmistatud vastutustundlikult ja tellimusp\u00f5hiselt \u2013 ilma \u00fcletootmiseta ja paberij\u00e4\u00e4kideta. Iga tapeet prinditakse alles siis, kui sina oled oma lemmiku v\u00e4lja valinud. Meie mittekootud materjal on hingav, PVC-vaba ja tr\u00fckitud veep\u00f5histe v\u00e4rvidega. Kui otsid keskkonnas\u00f5bralikku viisi kodu seintele iseloomu lisamiseks, on just [&hellip;]<\/p>\n","protected":false},"author":2,"featured_media":3340,"parent":0,"menu_order":0,"comment_status":"closed","ping_status":"closed","template":"templates\/how-it-works.php","meta":{"_acf_changed":false,"inline_featured_image":false,"footnotes":""},"class_list":["post-4692","page","type-page","status-publish","has-post-thumbnail","hentry"],"acf":[],"yoast_head":"<!-- This site is optimized with the Yoast SEO plugin v25.9 - https:\/\/yoast.com\/wordpress\/plugins\/seo\/ -->\n<title>\u00d6ko tapeedid. J\u00e4\u00e4tmevaba tapeetide tootmine Eestis<\/title>\n<meta name=\"description\" content=\"\u00d6ko tapeedid, fototapeedid ja pilttapeedid. J\u00e4\u00e4tmevabad fliistapeedid. Mittem\u00fcrgised v\u00e4rvid ja tr\u00fckitud fliistapeedi materjalile.\" \/>\n<meta name=\"robots\" content=\"index, follow, max-snippet:-1, max-image-preview:large, max-video-preview:-1\" \/>\n<link rel=\"canonical\" href=\"https:\/\/baubauwall.com\/et\/keskkonnasobralikud-tapeedid\/\" \/>\n<meta property=\"og:locale\" content=\"et_EE\" \/>\n<meta property=\"og:type\" content=\"article\" \/>\n<meta property=\"og:title\" content=\"\u00d6ko tapeedid. J\u00e4\u00e4tmevaba tapeetide tootmine Eestis\" \/>\n<meta property=\"og:description\" content=\"\u00d6ko tapeedid, fototapeedid ja pilttapeedid. J\u00e4\u00e4tmevabad fliistapeedid. Mittem\u00fcrgised v\u00e4rvid ja tr\u00fckitud fliistapeedi materjalile.\" \/>\n<meta property=\"og:url\" content=\"https:\/\/baubauwall.com\/et\/keskkonnasobralikud-tapeedid\/\" \/>\n<meta property=\"og:site_name\" content=\"BAUBAUWALL TAPEEDID\" \/>\n<meta property=\"article:publisher\" content=\"https:\/\/www.facebook.com\/Baubauwall\" \/>\n<meta property=\"article:modified_time\" content=\"2025-10-29T12:44:27+00:00\" \/>\n<meta property=\"og:image\" content=\"https:\/\/baubauwall.com\/wp-content\/uploads\/2022\/02\/mets-baubauwall-enviromental-policy-scaled-e1645957292282.jpg\" \/>\n\t<meta property=\"og:image:width\" content=\"2140\" \/>\n\t<meta property=\"og:image:height\" content=\"800\" \/>\n\t<meta property=\"og:image:type\" content=\"image\/jpeg\" \/>\n<meta name=\"twitter:card\" content=\"summary_large_image\" \/>\n<meta name=\"twitter:label1\" content=\"Est. reading time\" \/>\n\t<meta name=\"twitter:data1\" content=\"1 minut\" \/>\n<script type=\"application\/ld+json\" class=\"yoast-schema-graph\">{\"@context\":\"https:\/\/schema.org\",\"@graph\":[{\"@type\":\"WebPage\",\"@id\":\"https:\/\/baubauwall.com\/et\/keskkonnasobralikud-tapeedid\/\",\"url\":\"https:\/\/baubauwall.com\/et\/keskkonnasobralikud-tapeedid\/\",\"name\":\"\u00d6ko tapeedid. J\u00e4\u00e4tmevaba tapeetide tootmine Eestis\",\"isPartOf\":{\"@id\":\"https:\/\/baubauwall.com\/et\/#website\"},\"primaryImageOfPage\":{\"@id\":\"https:\/\/baubauwall.com\/et\/keskkonnasobralikud-tapeedid\/#primaryimage\"},\"image\":{\"@id\":\"https:\/\/baubauwall.com\/et\/keskkonnasobralikud-tapeedid\/#primaryimage\"},\"thumbnailUrl\":\"https:\/\/baubauwall.com\/wp-content\/uploads\/2022\/02\/mets-baubauwall-enviromental-policy-scaled-e1645957292282.jpg\",\"datePublished\":\"2022-02-27T10:38:44+00:00\",\"dateModified\":\"2025-10-29T12:44:27+00:00\",\"description\":\"\u00d6ko tapeedid, fototapeedid ja pilttapeedid. J\u00e4\u00e4tmevabad fliistapeedid. Mittem\u00fcrgised v\u00e4rvid ja tr\u00fckitud fliistapeedi materjalile.\",\"breadcrumb\":{\"@id\":\"https:\/\/baubauwall.com\/et\/keskkonnasobralikud-tapeedid\/#breadcrumb\"},\"inLanguage\":\"et\",\"potentialAction\":[{\"@type\":\"ReadAction\",\"target\":[\"https:\/\/baubauwall.com\/et\/keskkonnasobralikud-tapeedid\/\"]}]},{\"@type\":\"ImageObject\",\"inLanguage\":\"et\",\"@id\":\"https:\/\/baubauwall.com\/et\/keskkonnasobralikud-tapeedid\/#primaryimage\",\"url\":\"https:\/\/baubauwall.com\/wp-content\/uploads\/2022\/02\/mets-baubauwall-enviromental-policy-scaled-e1645957292282.jpg\",\"contentUrl\":\"https:\/\/baubauwall.com\/wp-content\/uploads\/2022\/02\/mets-baubauwall-enviromental-policy-scaled-e1645957292282.jpg\",\"width\":2140,\"height\":800},{\"@type\":\"BreadcrumbList\",\"@id\":\"https:\/\/baubauwall.com\/et\/keskkonnasobralikud-tapeedid\/#breadcrumb\",\"itemListElement\":[{\"@type\":\"ListItem\",\"position\":1,\"name\":\"Koju\",\"item\":\"https:\/\/baubauwall.com\/et\/\"},{\"@type\":\"ListItem\",\"position\":2,\"name\":\"Keskkonnas\u00f5bralikkus\"}]},{\"@type\":\"WebSite\",\"@id\":\"https:\/\/baubauwall.com\/et\/#website\",\"url\":\"https:\/\/baubauwall.com\/et\/\",\"name\":\"BAUBAUWALL Wallpapers\",\"description\":\"Valmis paanides tapeet Eestist!\",\"publisher\":{\"@id\":\"https:\/\/baubauwall.com\/et\/#organization\"},\"potentialAction\":[{\"@type\":\"SearchAction\",\"target\":{\"@type\":\"EntryPoint\",\"urlTemplate\":\"https:\/\/baubauwall.com\/et\/?s={search_term_string}\"},\"query-input\":{\"@type\":\"PropertyValueSpecification\",\"valueRequired\":true,\"valueName\":\"search_term_string\"}}],\"inLanguage\":\"et\"},{\"@type\":\"Organization\",\"@id\":\"https:\/\/baubauwall.com\/et\/#organization\",\"name\":\"BAUBAUWALL Wallpapers\",\"url\":\"https:\/\/baubauwall.com\/et\/\",\"logo\":{\"@type\":\"ImageObject\",\"inLanguage\":\"et\",\"@id\":\"https:\/\/baubauwall.com\/et\/#\/schema\/logo\/image\/\",\"url\":\"https:\/\/baubauwall.com\/wp-content\/uploads\/2022\/03\/logo-horizontal.svg\",\"contentUrl\":\"https:\/\/baubauwall.com\/wp-content\/uploads\/2022\/03\/logo-horizontal.svg\",\"width\":\"1024\",\"height\":\"1024\",\"caption\":\"BAUBAUWALL Wallpapers\"},\"image\":{\"@id\":\"https:\/\/baubauwall.com\/et\/#\/schema\/logo\/image\/\"},\"sameAs\":[\"https:\/\/www.facebook.com\/Baubauwall\",\"https:\/\/www.instagram.com\/baubauwall\"]}]}<\/script>\n<!-- \/ Yoast SEO plugin. -->","yoast_head_json":{"title":"\u00d6ko tapeedid. J\u00e4\u00e4tmevaba tapeetide tootmine Eestis","description":"\u00d6ko tapeedid, fototapeedid ja pilttapeedid. J\u00e4\u00e4tmevabad fliistapeedid. Mittem\u00fcrgised v\u00e4rvid ja tr\u00fckitud fliistapeedi materjalile.","robots":{"index":"index","follow":"follow","max-snippet":"max-snippet:-1","max-image-preview":"max-image-preview:large","max-video-preview":"max-video-preview:-1"},"canonical":"https:\/\/baubauwall.com\/et\/keskkonnasobralikud-tapeedid\/","og_locale":"et_EE","og_type":"article","og_title":"\u00d6ko tapeedid. J\u00e4\u00e4tmevaba tapeetide tootmine Eestis","og_description":"\u00d6ko tapeedid, fototapeedid ja pilttapeedid. J\u00e4\u00e4tmevabad fliistapeedid. Mittem\u00fcrgised v\u00e4rvid ja tr\u00fckitud fliistapeedi materjalile.","og_url":"https:\/\/baubauwall.com\/et\/keskkonnasobralikud-tapeedid\/","og_site_name":"BAUBAUWALL TAPEEDID","article_publisher":"https:\/\/www.facebook.com\/Baubauwall","article_modified_time":"2025-10-29T12:44:27+00:00","og_image":[{"width":2140,"height":800,"url":"https:\/\/baubauwall.com\/wp-content\/uploads\/2022\/02\/mets-baubauwall-enviromental-policy-scaled-e1645957292282.jpg","type":"image\/jpeg"}],"twitter_card":"summary_large_image","twitter_misc":{"Est. reading time":"1 minut"},"schema":{"@context":"https:\/\/schema.org","@graph":[{"@type":"WebPage","@id":"https:\/\/baubauwall.com\/et\/keskkonnasobralikud-tapeedid\/","url":"https:\/\/baubauwall.com\/et\/keskkonnasobralikud-tapeedid\/","name":"\u00d6ko tapeedid. J\u00e4\u00e4tmevaba tapeetide tootmine Eestis","isPartOf":{"@id":"https:\/\/baubauwall.com\/et\/#website"},"primaryImageOfPage":{"@id":"https:\/\/baubauwall.com\/et\/keskkonnasobralikud-tapeedid\/#primaryimage"},"image":{"@id":"https:\/\/baubauwall.com\/et\/keskkonnasobralikud-tapeedid\/#primaryimage"},"thumbnailUrl":"https:\/\/baubauwall.com\/wp-content\/uploads\/2022\/02\/mets-baubauwall-enviromental-policy-scaled-e1645957292282.jpg","datePublished":"2022-02-27T10:38:44+00:00","dateModified":"2025-10-29T12:44:27+00:00","description":"\u00d6ko tapeedid, fototapeedid ja pilttapeedid. J\u00e4\u00e4tmevabad fliistapeedid. Mittem\u00fcrgised v\u00e4rvid ja tr\u00fckitud fliistapeedi materjalile.","breadcrumb":{"@id":"https:\/\/baubauwall.com\/et\/keskkonnasobralikud-tapeedid\/#breadcrumb"},"inLanguage":"et","potentialAction":[{"@type":"ReadAction","target":["https:\/\/baubauwall.com\/et\/keskkonnasobralikud-tapeedid\/"]}]},{"@type":"ImageObject","inLanguage":"et","@id":"https:\/\/baubauwall.com\/et\/keskkonnasobralikud-tapeedid\/#primaryimage","url":"https:\/\/baubauwall.com\/wp-content\/uploads\/2022\/02\/mets-baubauwall-enviromental-policy-scaled-e1645957292282.jpg","contentUrl":"https:\/\/baubauwall.com\/wp-content\/uploads\/2022\/02\/mets-baubauwall-enviromental-policy-scaled-e1645957292282.jpg","width":2140,"height":800},{"@type":"BreadcrumbList","@id":"https:\/\/baubauwall.com\/et\/keskkonnasobralikud-tapeedid\/#breadcrumb","itemListElement":[{"@type":"ListItem","position":1,"name":"Koju","item":"https:\/\/baubauwall.com\/et\/"},{"@type":"ListItem","position":2,"name":"Keskkonnas\u00f5bralikkus"}]},{"@type":"WebSite","@id":"https:\/\/baubauwall.com\/et\/#website","url":"https:\/\/baubauwall.com\/et\/","name":"BAUBAUWALL Wallpapers","description":"Valmis paanides tapeet Eestist!","publisher":{"@id":"https:\/\/baubauwall.com\/et\/#organization"},"potentialAction":[{"@type":"SearchAction","target":{"@type":"EntryPoint","urlTemplate":"https:\/\/baubauwall.com\/et\/?s={search_term_string}"},"query-input":{"@type":"PropertyValueSpecification","valueRequired":true,"valueName":"search_term_string"}}],"inLanguage":"et"},{"@type":"Organization","@id":"https:\/\/baubauwall.com\/et\/#organization","name":"BAUBAUWALL Wallpapers","url":"https:\/\/baubauwall.com\/et\/","logo":{"@type":"ImageObject","inLanguage":"et","@id":"https:\/\/baubauwall.com\/et\/#\/schema\/logo\/image\/","url":"https:\/\/baubauwall.com\/wp-content\/uploads\/2022\/03\/logo-horizontal.svg","contentUrl":"https:\/\/baubauwall.com\/wp-content\/uploads\/2022\/03\/logo-horizontal.svg","width":"1024","height":"1024","caption":"BAUBAUWALL Wallpapers"},"image":{"@id":"https:\/\/baubauwall.com\/et\/#\/schema\/logo\/image\/"},"sameAs":["https:\/\/www.facebook.com\/Baubauwall","https:\/\/www.instagram.com\/baubauwall"]}]}},"jetpack_sharing_enabled":true,"_links":{"self":[{"href":"https:\/\/baubauwall.com\/et\/wp-json\/wp\/v2\/pages\/4692","targetHints":{"allow":["GET"]}}],"collection":[{"href":"https:\/\/baubauwall.com\/et\/wp-json\/wp\/v2\/pages"}],"about":[{"href":"https:\/\/baubauwall.com\/et\/wp-json\/wp\/v2\/types\/page"}],"author":[{"embeddable":true,"href":"https:\/\/baubauwall.com\/et\/wp-json\/wp\/v2\/users\/2"}],"replies":[{"embeddable":true,"href":"https:\/\/baubauwall.com\/et\/wp-json\/wp\/v2\/comments?post=4692"}],"version-history":[{"count":22,"href":"https:\/\/baubauwall.com\/et\/wp-json\/wp\/v2\/pages\/4692\/revisions"}],"predecessor-version":[{"id":45662,"href":"https:\/\/baubauwall.com\/et\/wp-json\/wp\/v2\/pages\/4692\/revisions\/45662"}],"wp:featuredmedia":[{"embeddable":true,"href":"https:\/\/baubauwall.com\/et\/wp-json\/wp\/v2\/media\/3340"}],"wp:attachment":[{"href":"https:\/\/baubauwall.com\/et\/wp-json\/wp\/v2\/media?parent=4692"}],"curies":[{"name":"wp","href":"https:\/\/api.w.org\/{rel}","templated":true}]}}