{"id":10277,"date":"2022-04-26T12:50:40","date_gmt":"2022-04-26T10:50:40","guid":{"rendered":"https:\/\/baubauwall.com\/product\/lovisa-leaves-wallpaper-grey\/"},"modified":"2022-07-15T11:18:28","modified_gmt":"2022-07-15T09:18:28","slug":"loviisa-lehed-tapeet-hall","status":"publish","type":"product","link":"https:\/\/baubauwall.com\/et\/toode\/loviisa-lehed-tapeet-hall\/","title":{"rendered":"Loviisa Lehed &#8211; hall"},"content":{"rendered":"<p>Tapeet, mille muster on samal ajal\u00a0 nii k\u00fclluslik kui ka tagasihoidlik. Loviisa Lehed mahe helesinise ja halliga tapeet sobib v\u00e4ga erinevatesse interj\u00f6\u00f6ridesse &#8211; botaaniline muster lillede ning lehtedega on ajatu klassika. Veidi <em>vintage\u00a0<\/em>h\u00f5nguline klassikaline disain, mis sobib nii magamistoa seinale kui ka elutuppa v\u00f5i lastetuppa.<\/p>\n<p>Loviisa tapeet on meil olemas ka halli ja helerohelisena.<\/p>\n<p>&nbsp;<\/p>\n","protected":false},"excerpt":{"rendered":"<p>Tapeet, mille muster on samal ajal\u00a0 nii k\u00fclluslik kui ka tagasihoidlik. Loviisa Lehed mahe helesinise ja halliga tapeet sobib v\u00e4ga erinevatesse interj\u00f6\u00f6ridesse &#8211; botaaniline muster lillede ning lehtedega on ajatu klassika. Veidi vintage\u00a0h\u00f5nguline klassikaline disain, mis sobib nii magamistoa seinale kui ka elutuppa v\u00f5i lastetuppa. Loviisa tapeet on meil olemas ka halli ja helerohelisena. &nbsp;<\/p>\n","protected":false},"featured_media":10248,"comment_status":"open","ping_status":"closed","template":"","meta":{"_acf_changed":false,"inline_featured_image":false},"product_brand":[],"product_cat":[386,395,388,272,273,276,413,414,415,416,399,401,402,412,254,260],"product_tag":[],"class_list":{"0":"post-10277","1":"product","2":"type-product","3":"status-publish","4":"has-post-thumbnail","6":"product_cat-kordusmustriga-tapeedid","7":"product_cat-romantiline","8":"product_cat-vintage-et","9":"product_cat-hallid-tapeedid","10":"product_cat-heledad-tapeedid","11":"product_cat-pastelsed-tapeedid","12":"product_cat-magamistoa-tapeedid","13":"product_cat-soogitoa-tapeedid","14":"product_cat-kulalistetoa-tapeedid","15":"product_cat-esiku-tapeedid","16":"product_cat-kodukontori-tapeedid","17":"product_cat-koogi-tapeedid","18":"product_cat-elutoa-tapeedid","19":"product_cat-vannitoa-tapeedid","20":"product_cat-loodus","21":"product_cat-lilled","22":"pa_designedby-baubauwall","24":"first","25":"instock","26":"taxable","27":"shipping-taxable","28":"purchasable","29":"product-type-simple"},"acf":[],"yoast_head":"<!-- This site is optimized with the Yoast SEO plugin v25.9 - https:\/\/yoast.com\/wordpress\/plugins\/seo\/ -->\n<title>Romantiline, veidi vintage stiilis tapeet. R\u00e4tsepat\u00f6\u00f6na valmivad tapeedid.<\/title>\n<meta name=\"description\" content=\"Ajatu, romantilises stiilis tapeet magamistuppa v\u00f5i elutuppa. R\u00e4tsepat\u00f6\u00f6na valmivad tapeedid, t\u00e4pselt sinu seina m\u00f5\u00f5tu l\u00f5igatud paanides.\" \/>\n<meta name=\"robots\" content=\"index, follow, max-snippet:-1, max-image-preview:large, max-video-preview:-1\" \/>\n<link rel=\"canonical\" href=\"https:\/\/baubauwall.com\/et\/toode\/loviisa-lehed-tapeet-hall\/\" \/>\n<meta property=\"og:locale\" content=\"et_EE\" \/>\n<meta property=\"og:type\" content=\"article\" \/>\n<meta property=\"og:title\" content=\"Romantiline, veidi vintage stiilis tapeet. R\u00e4tsepat\u00f6\u00f6na valmivad tapeedid.\" \/>\n<meta property=\"og:description\" content=\"Ajatu, romantilises stiilis tapeet magamistuppa v\u00f5i elutuppa. R\u00e4tsepat\u00f6\u00f6na valmivad tapeedid, t\u00e4pselt sinu seina m\u00f5\u00f5tu l\u00f5igatud paanides.\" \/>\n<meta property=\"og:url\" content=\"https:\/\/baubauwall.com\/et\/toode\/loviisa-lehed-tapeet-hall\/\" \/>\n<meta property=\"og:site_name\" content=\"BAUBAUWALL TAPEEDID\" \/>\n<meta property=\"article:publisher\" content=\"https:\/\/www.facebook.com\/Baubauwall\" \/>\n<meta property=\"article:modified_time\" content=\"2022-07-15T09:18:28+00:00\" \/>\n<meta property=\"og:image\" content=\"https:\/\/baubauwall.com\/wp-content\/uploads\/2022\/04\/51100207_LovisaLeaves_Baubauwall_Wallpaper_room07.jpg\" \/>\n\t<meta property=\"og:image:width\" content=\"1200\" \/>\n\t<meta property=\"og:image:height\" content=\"800\" \/>\n\t<meta property=\"og:image:type\" content=\"image\/jpeg\" \/>\n<meta name=\"twitter:card\" content=\"summary_large_image\" \/>\n<meta name=\"twitter:label1\" content=\"Est. reading time\" \/>\n\t<meta name=\"twitter:data1\" content=\"1 minut\" \/>\n<script type=\"application\/ld+json\" class=\"yoast-schema-graph\">{\"@context\":\"https:\/\/schema.org\",\"@graph\":[{\"@type\":\"WebPage\",\"@id\":\"https:\/\/baubauwall.com\/et\/toode\/loviisa-lehed-tapeet-hall\/\",\"url\":\"https:\/\/baubauwall.com\/et\/toode\/loviisa-lehed-tapeet-hall\/\",\"name\":\"Romantiline, veidi vintage stiilis tapeet. R\u00e4tsepat\u00f6\u00f6na valmivad tapeedid.\",\"isPartOf\":{\"@id\":\"https:\/\/baubauwall.com\/et\/#website\"},\"primaryImageOfPage\":{\"@id\":\"https:\/\/baubauwall.com\/et\/toode\/loviisa-lehed-tapeet-hall\/#primaryimage\"},\"image\":{\"@id\":\"https:\/\/baubauwall.com\/et\/toode\/loviisa-lehed-tapeet-hall\/#primaryimage\"},\"thumbnailUrl\":\"https:\/\/baubauwall.com\/wp-content\/uploads\/2022\/04\/51100207_LovisaLeaves_Baubauwall_Wallpaper_room07.jpg\",\"datePublished\":\"2022-04-26T10:50:40+00:00\",\"dateModified\":\"2022-07-15T09:18:28+00:00\",\"description\":\"Ajatu, romantilises stiilis tapeet magamistuppa v\u00f5i elutuppa. R\u00e4tsepat\u00f6\u00f6na valmivad tapeedid, t\u00e4pselt sinu seina m\u00f5\u00f5tu l\u00f5igatud paanides.\",\"breadcrumb\":{\"@id\":\"https:\/\/baubauwall.com\/et\/toode\/loviisa-lehed-tapeet-hall\/#breadcrumb\"},\"inLanguage\":\"et\",\"potentialAction\":[{\"@type\":\"ReadAction\",\"target\":[\"https:\/\/baubauwall.com\/et\/toode\/loviisa-lehed-tapeet-hall\/\"]}]},{\"@type\":\"ImageObject\",\"inLanguage\":\"et\",\"@id\":\"https:\/\/baubauwall.com\/et\/toode\/loviisa-lehed-tapeet-hall\/#primaryimage\",\"url\":\"https:\/\/baubauwall.com\/wp-content\/uploads\/2022\/04\/51100207_LovisaLeaves_Baubauwall_Wallpaper_room07.jpg\",\"contentUrl\":\"https:\/\/baubauwall.com\/wp-content\/uploads\/2022\/04\/51100207_LovisaLeaves_Baubauwall_Wallpaper_room07.jpg\",\"width\":1200,\"height\":800},{\"@type\":\"BreadcrumbList\",\"@id\":\"https:\/\/baubauwall.com\/et\/toode\/loviisa-lehed-tapeet-hall\/#breadcrumb\",\"itemListElement\":[{\"@type\":\"ListItem\",\"position\":1,\"name\":\"Koju\",\"item\":\"https:\/\/baubauwall.com\/et\/\"},{\"@type\":\"ListItem\",\"position\":2,\"name\":\"Tapeedid\",\"item\":\"https:\/\/baubauwall.com\/et\/tapeedid\/\"},{\"@type\":\"ListItem\",\"position\":3,\"name\":\"Loviisa Lehed &#8211; hall\"}]},{\"@type\":\"WebSite\",\"@id\":\"https:\/\/baubauwall.com\/et\/#website\",\"url\":\"https:\/\/baubauwall.com\/et\/\",\"name\":\"BAUBAUWALL Wallpapers\",\"description\":\"Valmis paanides tapeet Eestist!\",\"publisher\":{\"@id\":\"https:\/\/baubauwall.com\/et\/#organization\"},\"potentialAction\":[{\"@type\":\"SearchAction\",\"target\":{\"@type\":\"EntryPoint\",\"urlTemplate\":\"https:\/\/baubauwall.com\/et\/?s={search_term_string}\"},\"query-input\":{\"@type\":\"PropertyValueSpecification\",\"valueRequired\":true,\"valueName\":\"search_term_string\"}}],\"inLanguage\":\"et\"},{\"@type\":\"Organization\",\"@id\":\"https:\/\/baubauwall.com\/et\/#organization\",\"name\":\"BAUBAUWALL Wallpapers\",\"url\":\"https:\/\/baubauwall.com\/et\/\",\"logo\":{\"@type\":\"ImageObject\",\"inLanguage\":\"et\",\"@id\":\"https:\/\/baubauwall.com\/et\/#\/schema\/logo\/image\/\",\"url\":\"https:\/\/baubauwall.com\/wp-content\/uploads\/2022\/03\/logo-horizontal.svg\",\"contentUrl\":\"https:\/\/baubauwall.com\/wp-content\/uploads\/2022\/03\/logo-horizontal.svg\",\"width\":\"1024\",\"height\":\"1024\",\"caption\":\"BAUBAUWALL Wallpapers\"},\"image\":{\"@id\":\"https:\/\/baubauwall.com\/et\/#\/schema\/logo\/image\/\"},\"sameAs\":[\"https:\/\/www.facebook.com\/Baubauwall\",\"https:\/\/www.instagram.com\/baubauwall\"]}]}<\/script>\n<!-- \/ Yoast SEO plugin. -->","yoast_head_json":{"title":"Romantiline, veidi vintage stiilis tapeet. R\u00e4tsepat\u00f6\u00f6na valmivad tapeedid.","description":"Ajatu, romantilises stiilis tapeet magamistuppa v\u00f5i elutuppa. R\u00e4tsepat\u00f6\u00f6na valmivad tapeedid, t\u00e4pselt sinu seina m\u00f5\u00f5tu l\u00f5igatud paanides.","robots":{"index":"index","follow":"follow","max-snippet":"max-snippet:-1","max-image-preview":"max-image-preview:large","max-video-preview":"max-video-preview:-1"},"canonical":"https:\/\/baubauwall.com\/et\/toode\/loviisa-lehed-tapeet-hall\/","og_locale":"et_EE","og_type":"article","og_title":"Romantiline, veidi vintage stiilis tapeet. R\u00e4tsepat\u00f6\u00f6na valmivad tapeedid.","og_description":"Ajatu, romantilises stiilis tapeet magamistuppa v\u00f5i elutuppa. R\u00e4tsepat\u00f6\u00f6na valmivad tapeedid, t\u00e4pselt sinu seina m\u00f5\u00f5tu l\u00f5igatud paanides.","og_url":"https:\/\/baubauwall.com\/et\/toode\/loviisa-lehed-tapeet-hall\/","og_site_name":"BAUBAUWALL TAPEEDID","article_publisher":"https:\/\/www.facebook.com\/Baubauwall","article_modified_time":"2022-07-15T09:18:28+00:00","og_image":[{"width":1200,"height":800,"url":"https:\/\/baubauwall.com\/wp-content\/uploads\/2022\/04\/51100207_LovisaLeaves_Baubauwall_Wallpaper_room07.jpg","type":"image\/jpeg"}],"twitter_card":"summary_large_image","twitter_misc":{"Est. reading time":"1 minut"},"schema":{"@context":"https:\/\/schema.org","@graph":[{"@type":"WebPage","@id":"https:\/\/baubauwall.com\/et\/toode\/loviisa-lehed-tapeet-hall\/","url":"https:\/\/baubauwall.com\/et\/toode\/loviisa-lehed-tapeet-hall\/","name":"Romantiline, veidi vintage stiilis tapeet. R\u00e4tsepat\u00f6\u00f6na valmivad tapeedid.","isPartOf":{"@id":"https:\/\/baubauwall.com\/et\/#website"},"primaryImageOfPage":{"@id":"https:\/\/baubauwall.com\/et\/toode\/loviisa-lehed-tapeet-hall\/#primaryimage"},"image":{"@id":"https:\/\/baubauwall.com\/et\/toode\/loviisa-lehed-tapeet-hall\/#primaryimage"},"thumbnailUrl":"https:\/\/baubauwall.com\/wp-content\/uploads\/2022\/04\/51100207_LovisaLeaves_Baubauwall_Wallpaper_room07.jpg","datePublished":"2022-04-26T10:50:40+00:00","dateModified":"2022-07-15T09:18:28+00:00","description":"Ajatu, romantilises stiilis tapeet magamistuppa v\u00f5i elutuppa. R\u00e4tsepat\u00f6\u00f6na valmivad tapeedid, t\u00e4pselt sinu seina m\u00f5\u00f5tu l\u00f5igatud paanides.","breadcrumb":{"@id":"https:\/\/baubauwall.com\/et\/toode\/loviisa-lehed-tapeet-hall\/#breadcrumb"},"inLanguage":"et","potentialAction":[{"@type":"ReadAction","target":["https:\/\/baubauwall.com\/et\/toode\/loviisa-lehed-tapeet-hall\/"]}]},{"@type":"ImageObject","inLanguage":"et","@id":"https:\/\/baubauwall.com\/et\/toode\/loviisa-lehed-tapeet-hall\/#primaryimage","url":"https:\/\/baubauwall.com\/wp-content\/uploads\/2022\/04\/51100207_LovisaLeaves_Baubauwall_Wallpaper_room07.jpg","contentUrl":"https:\/\/baubauwall.com\/wp-content\/uploads\/2022\/04\/51100207_LovisaLeaves_Baubauwall_Wallpaper_room07.jpg","width":1200,"height":800},{"@type":"BreadcrumbList","@id":"https:\/\/baubauwall.com\/et\/toode\/loviisa-lehed-tapeet-hall\/#breadcrumb","itemListElement":[{"@type":"ListItem","position":1,"name":"Koju","item":"https:\/\/baubauwall.com\/et\/"},{"@type":"ListItem","position":2,"name":"Tapeedid","item":"https:\/\/baubauwall.com\/et\/tapeedid\/"},{"@type":"ListItem","position":3,"name":"Loviisa Lehed &#8211; hall"}]},{"@type":"WebSite","@id":"https:\/\/baubauwall.com\/et\/#website","url":"https:\/\/baubauwall.com\/et\/","name":"BAUBAUWALL Wallpapers","description":"Valmis paanides tapeet Eestist!","publisher":{"@id":"https:\/\/baubauwall.com\/et\/#organization"},"potentialAction":[{"@type":"SearchAction","target":{"@type":"EntryPoint","urlTemplate":"https:\/\/baubauwall.com\/et\/?s={search_term_string}"},"query-input":{"@type":"PropertyValueSpecification","valueRequired":true,"valueName":"search_term_string"}}],"inLanguage":"et"},{"@type":"Organization","@id":"https:\/\/baubauwall.com\/et\/#organization","name":"BAUBAUWALL Wallpapers","url":"https:\/\/baubauwall.com\/et\/","logo":{"@type":"ImageObject","inLanguage":"et","@id":"https:\/\/baubauwall.com\/et\/#\/schema\/logo\/image\/","url":"https:\/\/baubauwall.com\/wp-content\/uploads\/2022\/03\/logo-horizontal.svg","contentUrl":"https:\/\/baubauwall.com\/wp-content\/uploads\/2022\/03\/logo-horizontal.svg","width":"1024","height":"1024","caption":"BAUBAUWALL Wallpapers"},"image":{"@id":"https:\/\/baubauwall.com\/et\/#\/schema\/logo\/image\/"},"sameAs":["https:\/\/www.facebook.com\/Baubauwall","https:\/\/www.instagram.com\/baubauwall"]}]}},"jetpack_sharing_enabled":true,"_links":{"self":[{"href":"https:\/\/baubauwall.com\/et\/wp-json\/wp\/v2\/product\/10277","targetHints":{"allow":["GET"]}}],"collection":[{"href":"https:\/\/baubauwall.com\/et\/wp-json\/wp\/v2\/product"}],"about":[{"href":"https:\/\/baubauwall.com\/et\/wp-json\/wp\/v2\/types\/product"}],"replies":[{"embeddable":true,"href":"https:\/\/baubauwall.com\/et\/wp-json\/wp\/v2\/comments?post=10277"}],"wp:featuredmedia":[{"embeddable":true,"href":"https:\/\/baubauwall.com\/et\/wp-json\/wp\/v2\/media\/10248"}],"wp:attachment":[{"href":"https:\/\/baubauwall.com\/et\/wp-json\/wp\/v2\/media?parent=10277"}],"wp:term":[{"taxonomy":"product_brand","embeddable":true,"href":"https:\/\/baubauwall.com\/et\/wp-json\/wp\/v2\/product_brand?post=10277"},{"taxonomy":"product_cat","embeddable":true,"href":"https:\/\/baubauwall.com\/et\/wp-json\/wp\/v2\/product_cat?post=10277"},{"taxonomy":"product_tag","embeddable":true,"href":"https:\/\/baubauwall.com\/et\/wp-json\/wp\/v2\/product_tag?post=10277"}],"curies":[{"name":"wp","href":"https:\/\/api.w.org\/{rel}","templated":true}]}}