{"id":10313,"date":"2022-04-26T12:50:52","date_gmt":"2022-04-26T10:50:52","guid":{"rendered":"https:\/\/baubauwall.com\/product\/wallpaper-lovisa-leaves-beige\/"},"modified":"2022-07-15T11:16:40","modified_gmt":"2022-07-15T09:16:40","slug":"tapeet-loviisa-lehed-beez","status":"publish","type":"product","link":"https:\/\/baubauwall.com\/et\/toode\/tapeet-loviisa-lehed-beez\/","title":{"rendered":"Loviisa Lehed &#8211; bee\u017e"},"content":{"rendered":"<p>Tapeet, mille muster on samal ajal\u00a0 nii k\u00fclluslik kui ka tagasihoidlik. Loviisa Lehed mahe bee\u017e tapeet sobib v\u00e4ga erinevatesse interj\u00f6\u00f6ridesse &#8211; botaaniline muster lillede ja lehtedega on ajatu klassika. Veidi <em>vintage\u00a0<\/em>h\u00f5nguline disain, mis sobib nii magamistoa seinale kui ka elutuppa v\u00f5i lastetuppa.<\/p>\n<p>Loviisa tapeet on meil olemas ka halli ja helerohelisena.<\/p>\n<p>&nbsp;<\/p>\n","protected":false},"excerpt":{"rendered":"<p>Tapeet, mille muster on samal ajal\u00a0 nii k\u00fclluslik kui ka tagasihoidlik. Loviisa Lehed mahe bee\u017e tapeet sobib v\u00e4ga erinevatesse interj\u00f6\u00f6ridesse &#8211; botaaniline muster lillede ja lehtedega on ajatu klassika. Veidi vintage\u00a0h\u00f5nguline disain, mis sobib nii magamistoa seinale kui ka elutuppa v\u00f5i lastetuppa. Loviisa tapeet on meil olemas ka halli ja helerohelisena. &nbsp;<\/p>\n","protected":false},"featured_media":10284,"comment_status":"open","ping_status":"closed","template":"","meta":{"_acf_changed":false,"inline_featured_image":false},"product_brand":[],"product_cat":[386,395,406,388,265,273,276,413,400,414,415,416,399,401,402,412,260],"product_tag":[],"class_list":{"0":"post-10313","1":"product","2":"type-product","3":"status-publish","4":"has-post-thumbnail","6":"product_cat-kordusmustriga-tapeedid","7":"product_cat-romantiline","8":"product_cat-klassika","9":"product_cat-vintage-et","10":"product_cat-beezid-tapeedid","11":"product_cat-heledad-tapeedid","12":"product_cat-pastelsed-tapeedid","13":"product_cat-magamistoa-tapeedid","14":"product_cat-lastetoa-tapeedid","15":"product_cat-soogitoa-tapeedid","16":"product_cat-kulalistetoa-tapeedid","17":"product_cat-esiku-tapeedid","18":"product_cat-kodukontori-tapeedid","19":"product_cat-koogi-tapeedid","20":"product_cat-elutoa-tapeedid","21":"product_cat-vannitoa-tapeedid","22":"product_cat-lilled","23":"pa_designedby-baubauwall","25":"first","26":"instock","27":"taxable","28":"shipping-taxable","29":"purchasable","30":"product-type-simple"},"acf":[],"yoast_head":"<!-- This site is optimized with the Yoast SEO plugin v25.9 - https:\/\/yoast.com\/wordpress\/plugins\/seo\/ -->\n<title>Romantiline, veidi vintage stiilis tapeet. R\u00e4tsepat\u00f6\u00f6na valmivad tapeedid.<\/title>\n<meta name=\"description\" content=\"Ajatu, romantilises stiilis bee\u017e tapeet magamistuppa v\u00f5i elutuppa. R\u00e4tsepat\u00f6\u00f6na valmivad tapeedid, t\u00e4pselt sinu seina m\u00f5\u00f5tu tapeedipaanides.\" \/>\n<meta name=\"robots\" content=\"index, follow, max-snippet:-1, max-image-preview:large, max-video-preview:-1\" \/>\n<link rel=\"canonical\" href=\"https:\/\/baubauwall.com\/et\/toode\/tapeet-loviisa-lehed-beez\/\" \/>\n<meta property=\"og:locale\" content=\"et_EE\" \/>\n<meta property=\"og:type\" content=\"article\" \/>\n<meta property=\"og:title\" content=\"Romantiline, veidi vintage stiilis tapeet. R\u00e4tsepat\u00f6\u00f6na valmivad tapeedid.\" \/>\n<meta property=\"og:description\" content=\"Ajatu, romantilises stiilis bee\u017e tapeet magamistuppa v\u00f5i elutuppa. R\u00e4tsepat\u00f6\u00f6na valmivad tapeedid, t\u00e4pselt sinu seina m\u00f5\u00f5tu tapeedipaanides.\" \/>\n<meta property=\"og:url\" content=\"https:\/\/baubauwall.com\/et\/toode\/tapeet-loviisa-lehed-beez\/\" \/>\n<meta property=\"og:site_name\" content=\"BAUBAUWALL TAPEEDID\" \/>\n<meta property=\"article:publisher\" content=\"https:\/\/www.facebook.com\/Baubauwall\" \/>\n<meta property=\"article:modified_time\" content=\"2022-07-15T09:16:40+00:00\" \/>\n<meta property=\"og:image\" content=\"https:\/\/baubauwall.com\/wp-content\/uploads\/2022\/04\/51100213_LovisaLeaves-beige_Baubauwall_Wallpaper_room04.jpg\" \/>\n\t<meta property=\"og:image:width\" content=\"846\" \/>\n\t<meta property=\"og:image:height\" content=\"800\" \/>\n\t<meta property=\"og:image:type\" content=\"image\/jpeg\" \/>\n<meta name=\"twitter:card\" content=\"summary_large_image\" \/>\n<meta name=\"twitter:label1\" content=\"Est. reading time\" \/>\n\t<meta name=\"twitter:data1\" content=\"1 minut\" \/>\n<script type=\"application\/ld+json\" class=\"yoast-schema-graph\">{\"@context\":\"https:\/\/schema.org\",\"@graph\":[{\"@type\":\"WebPage\",\"@id\":\"https:\/\/baubauwall.com\/et\/toode\/tapeet-loviisa-lehed-beez\/\",\"url\":\"https:\/\/baubauwall.com\/et\/toode\/tapeet-loviisa-lehed-beez\/\",\"name\":\"Romantiline, veidi vintage stiilis tapeet. R\u00e4tsepat\u00f6\u00f6na valmivad tapeedid.\",\"isPartOf\":{\"@id\":\"https:\/\/baubauwall.com\/et\/#website\"},\"primaryImageOfPage\":{\"@id\":\"https:\/\/baubauwall.com\/et\/toode\/tapeet-loviisa-lehed-beez\/#primaryimage\"},\"image\":{\"@id\":\"https:\/\/baubauwall.com\/et\/toode\/tapeet-loviisa-lehed-beez\/#primaryimage\"},\"thumbnailUrl\":\"https:\/\/baubauwall.com\/wp-content\/uploads\/2022\/04\/51100213_LovisaLeaves-beige_Baubauwall_Wallpaper_room04.jpg\",\"datePublished\":\"2022-04-26T10:50:52+00:00\",\"dateModified\":\"2022-07-15T09:16:40+00:00\",\"description\":\"Ajatu, romantilises stiilis bee\u017e tapeet magamistuppa v\u00f5i elutuppa. R\u00e4tsepat\u00f6\u00f6na valmivad tapeedid, t\u00e4pselt sinu seina m\u00f5\u00f5tu tapeedipaanides.\",\"breadcrumb\":{\"@id\":\"https:\/\/baubauwall.com\/et\/toode\/tapeet-loviisa-lehed-beez\/#breadcrumb\"},\"inLanguage\":\"et\",\"potentialAction\":[{\"@type\":\"ReadAction\",\"target\":[\"https:\/\/baubauwall.com\/et\/toode\/tapeet-loviisa-lehed-beez\/\"]}]},{\"@type\":\"ImageObject\",\"inLanguage\":\"et\",\"@id\":\"https:\/\/baubauwall.com\/et\/toode\/tapeet-loviisa-lehed-beez\/#primaryimage\",\"url\":\"https:\/\/baubauwall.com\/wp-content\/uploads\/2022\/04\/51100213_LovisaLeaves-beige_Baubauwall_Wallpaper_room04.jpg\",\"contentUrl\":\"https:\/\/baubauwall.com\/wp-content\/uploads\/2022\/04\/51100213_LovisaLeaves-beige_Baubauwall_Wallpaper_room04.jpg\",\"width\":846,\"height\":800},{\"@type\":\"BreadcrumbList\",\"@id\":\"https:\/\/baubauwall.com\/et\/toode\/tapeet-loviisa-lehed-beez\/#breadcrumb\",\"itemListElement\":[{\"@type\":\"ListItem\",\"position\":1,\"name\":\"Koju\",\"item\":\"https:\/\/baubauwall.com\/et\/\"},{\"@type\":\"ListItem\",\"position\":2,\"name\":\"Tapeedid\",\"item\":\"https:\/\/baubauwall.com\/et\/tapeedid\/\"},{\"@type\":\"ListItem\",\"position\":3,\"name\":\"Loviisa Lehed &#8211; bee\u017e\"}]},{\"@type\":\"WebSite\",\"@id\":\"https:\/\/baubauwall.com\/et\/#website\",\"url\":\"https:\/\/baubauwall.com\/et\/\",\"name\":\"BAUBAUWALL Wallpapers\",\"description\":\"Valmis paanides tapeet Eestist!\",\"publisher\":{\"@id\":\"https:\/\/baubauwall.com\/et\/#organization\"},\"potentialAction\":[{\"@type\":\"SearchAction\",\"target\":{\"@type\":\"EntryPoint\",\"urlTemplate\":\"https:\/\/baubauwall.com\/et\/?s={search_term_string}\"},\"query-input\":{\"@type\":\"PropertyValueSpecification\",\"valueRequired\":true,\"valueName\":\"search_term_string\"}}],\"inLanguage\":\"et\"},{\"@type\":\"Organization\",\"@id\":\"https:\/\/baubauwall.com\/et\/#organization\",\"name\":\"BAUBAUWALL Wallpapers\",\"url\":\"https:\/\/baubauwall.com\/et\/\",\"logo\":{\"@type\":\"ImageObject\",\"inLanguage\":\"et\",\"@id\":\"https:\/\/baubauwall.com\/et\/#\/schema\/logo\/image\/\",\"url\":\"https:\/\/baubauwall.com\/wp-content\/uploads\/2022\/03\/logo-horizontal.svg\",\"contentUrl\":\"https:\/\/baubauwall.com\/wp-content\/uploads\/2022\/03\/logo-horizontal.svg\",\"width\":\"1024\",\"height\":\"1024\",\"caption\":\"BAUBAUWALL Wallpapers\"},\"image\":{\"@id\":\"https:\/\/baubauwall.com\/et\/#\/schema\/logo\/image\/\"},\"sameAs\":[\"https:\/\/www.facebook.com\/Baubauwall\",\"https:\/\/www.instagram.com\/baubauwall\"]}]}<\/script>\n<!-- \/ Yoast SEO plugin. -->","yoast_head_json":{"title":"Romantiline, veidi vintage stiilis tapeet. R\u00e4tsepat\u00f6\u00f6na valmivad tapeedid.","description":"Ajatu, romantilises stiilis bee\u017e tapeet magamistuppa v\u00f5i elutuppa. R\u00e4tsepat\u00f6\u00f6na valmivad tapeedid, t\u00e4pselt sinu seina m\u00f5\u00f5tu tapeedipaanides.","robots":{"index":"index","follow":"follow","max-snippet":"max-snippet:-1","max-image-preview":"max-image-preview:large","max-video-preview":"max-video-preview:-1"},"canonical":"https:\/\/baubauwall.com\/et\/toode\/tapeet-loviisa-lehed-beez\/","og_locale":"et_EE","og_type":"article","og_title":"Romantiline, veidi vintage stiilis tapeet. R\u00e4tsepat\u00f6\u00f6na valmivad tapeedid.","og_description":"Ajatu, romantilises stiilis bee\u017e tapeet magamistuppa v\u00f5i elutuppa. R\u00e4tsepat\u00f6\u00f6na valmivad tapeedid, t\u00e4pselt sinu seina m\u00f5\u00f5tu tapeedipaanides.","og_url":"https:\/\/baubauwall.com\/et\/toode\/tapeet-loviisa-lehed-beez\/","og_site_name":"BAUBAUWALL TAPEEDID","article_publisher":"https:\/\/www.facebook.com\/Baubauwall","article_modified_time":"2022-07-15T09:16:40+00:00","og_image":[{"width":846,"height":800,"url":"https:\/\/baubauwall.com\/wp-content\/uploads\/2022\/04\/51100213_LovisaLeaves-beige_Baubauwall_Wallpaper_room04.jpg","type":"image\/jpeg"}],"twitter_card":"summary_large_image","twitter_misc":{"Est. reading time":"1 minut"},"schema":{"@context":"https:\/\/schema.org","@graph":[{"@type":"WebPage","@id":"https:\/\/baubauwall.com\/et\/toode\/tapeet-loviisa-lehed-beez\/","url":"https:\/\/baubauwall.com\/et\/toode\/tapeet-loviisa-lehed-beez\/","name":"Romantiline, veidi vintage stiilis tapeet. R\u00e4tsepat\u00f6\u00f6na valmivad tapeedid.","isPartOf":{"@id":"https:\/\/baubauwall.com\/et\/#website"},"primaryImageOfPage":{"@id":"https:\/\/baubauwall.com\/et\/toode\/tapeet-loviisa-lehed-beez\/#primaryimage"},"image":{"@id":"https:\/\/baubauwall.com\/et\/toode\/tapeet-loviisa-lehed-beez\/#primaryimage"},"thumbnailUrl":"https:\/\/baubauwall.com\/wp-content\/uploads\/2022\/04\/51100213_LovisaLeaves-beige_Baubauwall_Wallpaper_room04.jpg","datePublished":"2022-04-26T10:50:52+00:00","dateModified":"2022-07-15T09:16:40+00:00","description":"Ajatu, romantilises stiilis bee\u017e tapeet magamistuppa v\u00f5i elutuppa. R\u00e4tsepat\u00f6\u00f6na valmivad tapeedid, t\u00e4pselt sinu seina m\u00f5\u00f5tu tapeedipaanides.","breadcrumb":{"@id":"https:\/\/baubauwall.com\/et\/toode\/tapeet-loviisa-lehed-beez\/#breadcrumb"},"inLanguage":"et","potentialAction":[{"@type":"ReadAction","target":["https:\/\/baubauwall.com\/et\/toode\/tapeet-loviisa-lehed-beez\/"]}]},{"@type":"ImageObject","inLanguage":"et","@id":"https:\/\/baubauwall.com\/et\/toode\/tapeet-loviisa-lehed-beez\/#primaryimage","url":"https:\/\/baubauwall.com\/wp-content\/uploads\/2022\/04\/51100213_LovisaLeaves-beige_Baubauwall_Wallpaper_room04.jpg","contentUrl":"https:\/\/baubauwall.com\/wp-content\/uploads\/2022\/04\/51100213_LovisaLeaves-beige_Baubauwall_Wallpaper_room04.jpg","width":846,"height":800},{"@type":"BreadcrumbList","@id":"https:\/\/baubauwall.com\/et\/toode\/tapeet-loviisa-lehed-beez\/#breadcrumb","itemListElement":[{"@type":"ListItem","position":1,"name":"Koju","item":"https:\/\/baubauwall.com\/et\/"},{"@type":"ListItem","position":2,"name":"Tapeedid","item":"https:\/\/baubauwall.com\/et\/tapeedid\/"},{"@type":"ListItem","position":3,"name":"Loviisa Lehed &#8211; bee\u017e"}]},{"@type":"WebSite","@id":"https:\/\/baubauwall.com\/et\/#website","url":"https:\/\/baubauwall.com\/et\/","name":"BAUBAUWALL Wallpapers","description":"Valmis paanides tapeet Eestist!","publisher":{"@id":"https:\/\/baubauwall.com\/et\/#organization"},"potentialAction":[{"@type":"SearchAction","target":{"@type":"EntryPoint","urlTemplate":"https:\/\/baubauwall.com\/et\/?s={search_term_string}"},"query-input":{"@type":"PropertyValueSpecification","valueRequired":true,"valueName":"search_term_string"}}],"inLanguage":"et"},{"@type":"Organization","@id":"https:\/\/baubauwall.com\/et\/#organization","name":"BAUBAUWALL Wallpapers","url":"https:\/\/baubauwall.com\/et\/","logo":{"@type":"ImageObject","inLanguage":"et","@id":"https:\/\/baubauwall.com\/et\/#\/schema\/logo\/image\/","url":"https:\/\/baubauwall.com\/wp-content\/uploads\/2022\/03\/logo-horizontal.svg","contentUrl":"https:\/\/baubauwall.com\/wp-content\/uploads\/2022\/03\/logo-horizontal.svg","width":"1024","height":"1024","caption":"BAUBAUWALL Wallpapers"},"image":{"@id":"https:\/\/baubauwall.com\/et\/#\/schema\/logo\/image\/"},"sameAs":["https:\/\/www.facebook.com\/Baubauwall","https:\/\/www.instagram.com\/baubauwall"]}]}},"jetpack_sharing_enabled":true,"_links":{"self":[{"href":"https:\/\/baubauwall.com\/et\/wp-json\/wp\/v2\/product\/10313","targetHints":{"allow":["GET"]}}],"collection":[{"href":"https:\/\/baubauwall.com\/et\/wp-json\/wp\/v2\/product"}],"about":[{"href":"https:\/\/baubauwall.com\/et\/wp-json\/wp\/v2\/types\/product"}],"replies":[{"embeddable":true,"href":"https:\/\/baubauwall.com\/et\/wp-json\/wp\/v2\/comments?post=10313"}],"wp:featuredmedia":[{"embeddable":true,"href":"https:\/\/baubauwall.com\/et\/wp-json\/wp\/v2\/media\/10284"}],"wp:attachment":[{"href":"https:\/\/baubauwall.com\/et\/wp-json\/wp\/v2\/media?parent=10313"}],"wp:term":[{"taxonomy":"product_brand","embeddable":true,"href":"https:\/\/baubauwall.com\/et\/wp-json\/wp\/v2\/product_brand?post=10313"},{"taxonomy":"product_cat","embeddable":true,"href":"https:\/\/baubauwall.com\/et\/wp-json\/wp\/v2\/product_cat?post=10313"},{"taxonomy":"product_tag","embeddable":true,"href":"https:\/\/baubauwall.com\/et\/wp-json\/wp\/v2\/product_tag?post=10313"}],"curies":[{"name":"wp","href":"https:\/\/api.w.org\/{rel}","templated":true}]}}