{"id":10465,"date":"2024-02-06T12:50:44","date_gmt":"2024-02-06T10:50:44","guid":{"rendered":"https:\/\/baubauwall.com\/product\/peach-bellini-wallpaper-light-green\/"},"modified":"2024-03-06T15:19:15","modified_gmt":"2024-03-06T13:19:15","slug":"tapeet-virsiku-bellini-oranz","status":"publish","type":"product","link":"https:\/\/baubauwall.com\/et\/toode\/tapeet-virsiku-bellini-oranz\/","title":{"rendered":"Virsiku Bellini &#8211; Peach Fuzz oran\u017e"},"content":{"rendered":"<p>Tapeet otse 2024 aasta trendiv\u00e4rv Peach Fuzz toonides! Tapeedi taust on sume oran\u017e, millel puhkavad lihtsalt vastupandamatud virsikud, mida tahaks koheselt ampsata eksole? See on tapeet, mille v\u00f5iksid panna suvila seinale v\u00f5i linnakodu lastetoa v\u00f5i k\u00f6\u00f6gi seinale. Soojad v\u00e4rvid hoiavad justkui p\u00e4ikese aastaringselt toas! Kui sein on tapeeditud, siis on aeg tulemust imetleda ja lubada enda 1 tore bellini kokteil!<\/p>\n<p>Tead ju Virsiku Bellini kokteili? Vahemere klassika, mis valmib v\u00e4hem kui 5 minutiga ja koosneb vaid 2 komponendist: vahuvein ja virsikunektar (kui v\u00f5imalik, kasuta v\u00e4rskeid virsikuid). Ideaalne kokteil <em>brunchil<\/em> v\u00f5i muu s\u00fcndmuse tervitusjoogiks. Seega &#8211; miks mitte tuua mahlakad virsikud ka oma sisekujundusesse? Tapeet Virsiku Bellini on ajatu tapeedidisain, millel on veidi\u00a0<em>vintage\u00a0<\/em>stiilis k\u00fcpsed virsikud ja lehed. See on see tapeet, mis toob naeratuse n\u00e4ole &#8211; olgu suvi v\u00f5i talv.<\/p>\n<p>Nagu k\u00f5ik meie kordusmustriga tapeedid ja pilttapeedid, on ka see disain tr\u00fckitud keskkonnas\u00f5bralike v\u00e4rvidega, <a href=\"https:\/\/baubauwall.com\/et\/nipid\/fliistapeet-voi-pabertapeet\/\" target=\"_blank\" rel=\"noopener\">hingavale fliistapeedi<\/a> materjalile.<\/p>\n","protected":false},"excerpt":{"rendered":"<p>Tapeet otse 2024 aasta trendiv\u00e4rv Peach Fuzz toonides! Tapeedi taust on sume oran\u017e, millel puhkavad lihtsalt vastupandamatud virsikud, mida tahaks koheselt ampsata eksole? See on tapeet, mille v\u00f5iksid panna suvila seinale v\u00f5i linnakodu lastetoa v\u00f5i k\u00f6\u00f6gi seinale. Soojad v\u00e4rvid hoiavad justkui p\u00e4ikese aastaringselt toas! Kui sein on tapeeditud, siis on aeg tulemust imetleda ja lubada [&hellip;]<\/p>\n","protected":false},"featured_media":35076,"comment_status":"open","ping_status":"closed","template":"","meta":{"_acf_changed":false,"inline_featured_image":false},"product_brand":[],"product_cat":[386,395,391,388,268,275,413,400,415,416,399,401,402,699,261],"product_tag":[],"class_list":{"0":"post-10465","1":"product","2":"type-product","3":"status-publish","4":"has-post-thumbnail","6":"product_cat-kordusmustriga-tapeedid","7":"product_cat-romantiline","8":"product_cat-vahemereline","9":"product_cat-vintage-et","10":"product_cat-kirkad-tapeedid","11":"product_cat-oranzid-tapeedid","12":"product_cat-magamistoa-tapeedid","13":"product_cat-lastetoa-tapeedid","14":"product_cat-kulalistetoa-tapeedid","15":"product_cat-esiku-tapeedid","16":"product_cat-kodukontori-tapeedid","17":"product_cat-koogi-tapeedid","18":"product_cat-elutoa-tapeedid","19":"product_cat-eesti-disain-tapeedid","20":"product_cat-puuviljad","21":"pa_designedby-baubauwall","23":"first","24":"instock","25":"taxable","26":"shipping-taxable","27":"purchasable","28":"product-type-simple"},"acf":[],"yoast_head":"<!-- This site is optimized with the Yoast SEO plugin v25.9 - https:\/\/yoast.com\/wordpress\/plugins\/seo\/ -->\n<title>Tapeet Virsiku Bellini - Peach Fuzz oran\u017eina - 2024 aasta v\u00e4rv!<\/title>\n<meta name=\"description\" content=\"Tapeet stiilse, mahlaka virsiku mustriga. Kollased k\u00fcpsed virsikud aasta v\u00e4rvi Peach Fuzz oran\u017eil taustal tapeet. Sinu seina m\u00f5\u00f5tu l\u00f5igatud tapeedipaanid.\" \/>\n<meta name=\"robots\" content=\"index, follow, max-snippet:-1, max-image-preview:large, max-video-preview:-1\" \/>\n<link rel=\"canonical\" href=\"https:\/\/baubauwall.com\/et\/toode\/tapeet-virsiku-bellini-oranz\/\" \/>\n<meta property=\"og:locale\" content=\"et_EE\" \/>\n<meta property=\"og:type\" content=\"article\" \/>\n<meta property=\"og:title\" content=\"BAUBAUWALL TAPEEDID\" \/>\n<meta property=\"og:description\" content=\"Tapeet stiilse, mahlaka virsiku mustriga. Kollased k\u00fcpsed virsikud aasta v\u00e4rvi Peach Fuzz oran\u017eil taustal tapeet. Sinu seina m\u00f5\u00f5tu l\u00f5igatud tapeedipaanid.\" \/>\n<meta property=\"og:url\" content=\"https:\/\/baubauwall.com\/et\/toode\/tapeet-virsiku-bellini-oranz\/\" \/>\n<meta property=\"og:site_name\" content=\"BAUBAUWALL TAPEEDID\" \/>\n<meta property=\"article:publisher\" content=\"https:\/\/www.facebook.com\/Baubauwall\" \/>\n<meta property=\"article:modified_time\" content=\"2024-03-06T13:19:15+00:00\" \/>\n<meta property=\"og:image\" content=\"https:\/\/baubauwall.com\/wp-content\/uploads\/2022\/07\/51100209_PeachBellini-PeachFuzz_Baubauwall_Wallpaper_room1.jpg\" \/>\n\t<meta property=\"og:image:width\" content=\"2397\" \/>\n\t<meta property=\"og:image:height\" content=\"1600\" \/>\n\t<meta property=\"og:image:type\" content=\"image\/jpeg\" \/>\n<meta name=\"twitter:card\" content=\"summary_large_image\" \/>\n<meta name=\"twitter:label1\" content=\"Est. reading time\" \/>\n\t<meta name=\"twitter:data1\" content=\"1 minut\" \/>\n<script type=\"application\/ld+json\" class=\"yoast-schema-graph\">{\"@context\":\"https:\/\/schema.org\",\"@graph\":[{\"@type\":\"WebPage\",\"@id\":\"https:\/\/baubauwall.com\/et\/toode\/tapeet-virsiku-bellini-oranz\/\",\"url\":\"https:\/\/baubauwall.com\/et\/toode\/tapeet-virsiku-bellini-oranz\/\",\"name\":\"Tapeet Virsiku Bellini - Peach Fuzz oran\u017eina - 2024 aasta v\u00e4rv!\",\"isPartOf\":{\"@id\":\"https:\/\/baubauwall.com\/et\/#website\"},\"primaryImageOfPage\":{\"@id\":\"https:\/\/baubauwall.com\/et\/toode\/tapeet-virsiku-bellini-oranz\/#primaryimage\"},\"image\":{\"@id\":\"https:\/\/baubauwall.com\/et\/toode\/tapeet-virsiku-bellini-oranz\/#primaryimage\"},\"thumbnailUrl\":\"https:\/\/baubauwall.com\/wp-content\/uploads\/2022\/07\/51100209_PeachBellini-PeachFuzz_Baubauwall_Wallpaper_room3.jpg\",\"datePublished\":\"2024-02-06T10:50:44+00:00\",\"dateModified\":\"2024-03-06T13:19:15+00:00\",\"description\":\"Tapeet stiilse, mahlaka virsiku mustriga. Kollased k\u00fcpsed virsikud aasta v\u00e4rvi Peach Fuzz oran\u017eil taustal tapeet. Sinu seina m\u00f5\u00f5tu l\u00f5igatud tapeedipaanid.\",\"breadcrumb\":{\"@id\":\"https:\/\/baubauwall.com\/et\/toode\/tapeet-virsiku-bellini-oranz\/#breadcrumb\"},\"inLanguage\":\"et\",\"potentialAction\":[{\"@type\":\"ReadAction\",\"target\":[\"https:\/\/baubauwall.com\/et\/toode\/tapeet-virsiku-bellini-oranz\/\"]}]},{\"@type\":\"ImageObject\",\"inLanguage\":\"et\",\"@id\":\"https:\/\/baubauwall.com\/et\/toode\/tapeet-virsiku-bellini-oranz\/#primaryimage\",\"url\":\"https:\/\/baubauwall.com\/wp-content\/uploads\/2022\/07\/51100209_PeachBellini-PeachFuzz_Baubauwall_Wallpaper_room3.jpg\",\"contentUrl\":\"https:\/\/baubauwall.com\/wp-content\/uploads\/2022\/07\/51100209_PeachBellini-PeachFuzz_Baubauwall_Wallpaper_room3.jpg\",\"width\":2400,\"height\":1600},{\"@type\":\"BreadcrumbList\",\"@id\":\"https:\/\/baubauwall.com\/et\/toode\/tapeet-virsiku-bellini-oranz\/#breadcrumb\",\"itemListElement\":[{\"@type\":\"ListItem\",\"position\":1,\"name\":\"Koju\",\"item\":\"https:\/\/baubauwall.com\/et\/\"},{\"@type\":\"ListItem\",\"position\":2,\"name\":\"Tapeedid\",\"item\":\"https:\/\/baubauwall.com\/et\/tapeedid\/\"},{\"@type\":\"ListItem\",\"position\":3,\"name\":\"Virsiku Bellini &#8211; Peach Fuzz oran\u017e\"}]},{\"@type\":\"WebSite\",\"@id\":\"https:\/\/baubauwall.com\/et\/#website\",\"url\":\"https:\/\/baubauwall.com\/et\/\",\"name\":\"BAUBAUWALL Wallpapers\",\"description\":\"Valmis paanides tapeet Eestist!\",\"publisher\":{\"@id\":\"https:\/\/baubauwall.com\/et\/#organization\"},\"potentialAction\":[{\"@type\":\"SearchAction\",\"target\":{\"@type\":\"EntryPoint\",\"urlTemplate\":\"https:\/\/baubauwall.com\/et\/?s={search_term_string}\"},\"query-input\":{\"@type\":\"PropertyValueSpecification\",\"valueRequired\":true,\"valueName\":\"search_term_string\"}}],\"inLanguage\":\"et\"},{\"@type\":\"Organization\",\"@id\":\"https:\/\/baubauwall.com\/et\/#organization\",\"name\":\"BAUBAUWALL Wallpapers\",\"url\":\"https:\/\/baubauwall.com\/et\/\",\"logo\":{\"@type\":\"ImageObject\",\"inLanguage\":\"et\",\"@id\":\"https:\/\/baubauwall.com\/et\/#\/schema\/logo\/image\/\",\"url\":\"https:\/\/baubauwall.com\/wp-content\/uploads\/2022\/03\/logo-horizontal.svg\",\"contentUrl\":\"https:\/\/baubauwall.com\/wp-content\/uploads\/2022\/03\/logo-horizontal.svg\",\"width\":\"1024\",\"height\":\"1024\",\"caption\":\"BAUBAUWALL Wallpapers\"},\"image\":{\"@id\":\"https:\/\/baubauwall.com\/et\/#\/schema\/logo\/image\/\"},\"sameAs\":[\"https:\/\/www.facebook.com\/Baubauwall\",\"https:\/\/www.instagram.com\/baubauwall\"]}]}<\/script>\n<!-- \/ Yoast SEO plugin. -->","yoast_head_json":{"title":"Tapeet Virsiku Bellini - Peach Fuzz oran\u017eina - 2024 aasta v\u00e4rv!","description":"Tapeet stiilse, mahlaka virsiku mustriga. Kollased k\u00fcpsed virsikud aasta v\u00e4rvi Peach Fuzz oran\u017eil taustal tapeet. Sinu seina m\u00f5\u00f5tu l\u00f5igatud tapeedipaanid.","robots":{"index":"index","follow":"follow","max-snippet":"max-snippet:-1","max-image-preview":"max-image-preview:large","max-video-preview":"max-video-preview:-1"},"canonical":"https:\/\/baubauwall.com\/et\/toode\/tapeet-virsiku-bellini-oranz\/","og_locale":"et_EE","og_type":"article","og_title":"BAUBAUWALL TAPEEDID","og_description":"Tapeet stiilse, mahlaka virsiku mustriga. Kollased k\u00fcpsed virsikud aasta v\u00e4rvi Peach Fuzz oran\u017eil taustal tapeet. Sinu seina m\u00f5\u00f5tu l\u00f5igatud tapeedipaanid.","og_url":"https:\/\/baubauwall.com\/et\/toode\/tapeet-virsiku-bellini-oranz\/","og_site_name":"BAUBAUWALL TAPEEDID","article_publisher":"https:\/\/www.facebook.com\/Baubauwall","article_modified_time":"2024-03-06T13:19:15+00:00","og_image":[{"width":2397,"height":1600,"url":"https:\/\/baubauwall.com\/wp-content\/uploads\/2022\/07\/51100209_PeachBellini-PeachFuzz_Baubauwall_Wallpaper_room1.jpg","type":"image\/jpeg"}],"twitter_card":"summary_large_image","twitter_misc":{"Est. reading time":"1 minut"},"schema":{"@context":"https:\/\/schema.org","@graph":[{"@type":"WebPage","@id":"https:\/\/baubauwall.com\/et\/toode\/tapeet-virsiku-bellini-oranz\/","url":"https:\/\/baubauwall.com\/et\/toode\/tapeet-virsiku-bellini-oranz\/","name":"Tapeet Virsiku Bellini - Peach Fuzz oran\u017eina - 2024 aasta v\u00e4rv!","isPartOf":{"@id":"https:\/\/baubauwall.com\/et\/#website"},"primaryImageOfPage":{"@id":"https:\/\/baubauwall.com\/et\/toode\/tapeet-virsiku-bellini-oranz\/#primaryimage"},"image":{"@id":"https:\/\/baubauwall.com\/et\/toode\/tapeet-virsiku-bellini-oranz\/#primaryimage"},"thumbnailUrl":"https:\/\/baubauwall.com\/wp-content\/uploads\/2022\/07\/51100209_PeachBellini-PeachFuzz_Baubauwall_Wallpaper_room3.jpg","datePublished":"2024-02-06T10:50:44+00:00","dateModified":"2024-03-06T13:19:15+00:00","description":"Tapeet stiilse, mahlaka virsiku mustriga. Kollased k\u00fcpsed virsikud aasta v\u00e4rvi Peach Fuzz oran\u017eil taustal tapeet. Sinu seina m\u00f5\u00f5tu l\u00f5igatud tapeedipaanid.","breadcrumb":{"@id":"https:\/\/baubauwall.com\/et\/toode\/tapeet-virsiku-bellini-oranz\/#breadcrumb"},"inLanguage":"et","potentialAction":[{"@type":"ReadAction","target":["https:\/\/baubauwall.com\/et\/toode\/tapeet-virsiku-bellini-oranz\/"]}]},{"@type":"ImageObject","inLanguage":"et","@id":"https:\/\/baubauwall.com\/et\/toode\/tapeet-virsiku-bellini-oranz\/#primaryimage","url":"https:\/\/baubauwall.com\/wp-content\/uploads\/2022\/07\/51100209_PeachBellini-PeachFuzz_Baubauwall_Wallpaper_room3.jpg","contentUrl":"https:\/\/baubauwall.com\/wp-content\/uploads\/2022\/07\/51100209_PeachBellini-PeachFuzz_Baubauwall_Wallpaper_room3.jpg","width":2400,"height":1600},{"@type":"BreadcrumbList","@id":"https:\/\/baubauwall.com\/et\/toode\/tapeet-virsiku-bellini-oranz\/#breadcrumb","itemListElement":[{"@type":"ListItem","position":1,"name":"Koju","item":"https:\/\/baubauwall.com\/et\/"},{"@type":"ListItem","position":2,"name":"Tapeedid","item":"https:\/\/baubauwall.com\/et\/tapeedid\/"},{"@type":"ListItem","position":3,"name":"Virsiku Bellini &#8211; Peach Fuzz oran\u017e"}]},{"@type":"WebSite","@id":"https:\/\/baubauwall.com\/et\/#website","url":"https:\/\/baubauwall.com\/et\/","name":"BAUBAUWALL Wallpapers","description":"Valmis paanides tapeet Eestist!","publisher":{"@id":"https:\/\/baubauwall.com\/et\/#organization"},"potentialAction":[{"@type":"SearchAction","target":{"@type":"EntryPoint","urlTemplate":"https:\/\/baubauwall.com\/et\/?s={search_term_string}"},"query-input":{"@type":"PropertyValueSpecification","valueRequired":true,"valueName":"search_term_string"}}],"inLanguage":"et"},{"@type":"Organization","@id":"https:\/\/baubauwall.com\/et\/#organization","name":"BAUBAUWALL Wallpapers","url":"https:\/\/baubauwall.com\/et\/","logo":{"@type":"ImageObject","inLanguage":"et","@id":"https:\/\/baubauwall.com\/et\/#\/schema\/logo\/image\/","url":"https:\/\/baubauwall.com\/wp-content\/uploads\/2022\/03\/logo-horizontal.svg","contentUrl":"https:\/\/baubauwall.com\/wp-content\/uploads\/2022\/03\/logo-horizontal.svg","width":"1024","height":"1024","caption":"BAUBAUWALL Wallpapers"},"image":{"@id":"https:\/\/baubauwall.com\/et\/#\/schema\/logo\/image\/"},"sameAs":["https:\/\/www.facebook.com\/Baubauwall","https:\/\/www.instagram.com\/baubauwall"]}]}},"jetpack_sharing_enabled":true,"_links":{"self":[{"href":"https:\/\/baubauwall.com\/et\/wp-json\/wp\/v2\/product\/10465","targetHints":{"allow":["GET"]}}],"collection":[{"href":"https:\/\/baubauwall.com\/et\/wp-json\/wp\/v2\/product"}],"about":[{"href":"https:\/\/baubauwall.com\/et\/wp-json\/wp\/v2\/types\/product"}],"replies":[{"embeddable":true,"href":"https:\/\/baubauwall.com\/et\/wp-json\/wp\/v2\/comments?post=10465"}],"wp:featuredmedia":[{"embeddable":true,"href":"https:\/\/baubauwall.com\/et\/wp-json\/wp\/v2\/media\/35076"}],"wp:attachment":[{"href":"https:\/\/baubauwall.com\/et\/wp-json\/wp\/v2\/media?parent=10465"}],"wp:term":[{"taxonomy":"product_brand","embeddable":true,"href":"https:\/\/baubauwall.com\/et\/wp-json\/wp\/v2\/product_brand?post=10465"},{"taxonomy":"product_cat","embeddable":true,"href":"https:\/\/baubauwall.com\/et\/wp-json\/wp\/v2\/product_cat?post=10465"},{"taxonomy":"product_tag","embeddable":true,"href":"https:\/\/baubauwall.com\/et\/wp-json\/wp\/v2\/product_tag?post=10465"}],"curies":[{"name":"wp","href":"https:\/\/api.w.org\/{rel}","templated":true}]}}