{"id":10592,"date":"2022-04-26T12:50:58","date_gmt":"2022-04-26T10:50:58","guid":{"rendered":"https:\/\/baubauwall.com\/product\/wallpaper-juicy-lucy-navy-blue\/"},"modified":"2024-03-08T16:34:43","modified_gmt":"2024-03-08T14:34:43","slug":"tapeet-juicy-lucy-tumesinine","status":"publish","type":"product","link":"https:\/\/baubauwall.com\/et\/toode\/tapeet-juicy-lucy-tumesinine\/","title":{"rendered":"Juicy Lucy &#8211; tumesinine"},"content":{"rendered":"<p>Mahlakas tapeet, s\u00f5na otseses m\u00f5ttes! Kellele ei meeldiks sensuaalsed viigimarjad, k\u00fcpsed viinamarjad, suvemagusad p\u00f5ldmarjad v\u00f5i imeliselt magusad metsmaasikad? Juicy Lucy tapeet k\u00f5igi nende mahlakate viljadega on sel juhul just see \u00f5ige valik. Tumesinine, julge ja maksimalistlik disain n\u00e4itab k\u00f5ike seda, mida armastad! Ahvatlevate puuviljade lopsakus on paigutatud tumesinisele taustale, tuues esile iga detaili. Lopsakas tapeet muudab Sinu sisekujunduse maksimalistlikus ja puuviljaseks oaasiks! Seda eriti maamajas, suvilas v\u00f5i vintage-stiili kontseptsiooniga sisekujundusele.<\/p>\n<p>Nagu k\u00f5ik meie tapeedid, fototapeedid ja pilttapeedid, on ka see k\u00fclluslik disain tr\u00fckitud hingavale, keskkonnas\u00f5bralike v\u00e4rvidega fliistapeedi materjalile. Fliistapeet ei l\u00e4igi ja on lihtne paigaldada. Pealegi, siit saad tapeedi valmis l\u00f5igatud ja nummerdatud paanides, mis on just nii k\u00f5rged, kui Sinu sein. Siit saad tapeedi oma seina m\u00f5\u00f5dus, mitte ei pea tapeeti valima ette antud suuruse j\u00e4rgi! <a href=\"https:\/\/baubauwall.com\/et\/kuidas-see-tootab\/\" target=\"_blank\" rel=\"noopener\">Uuri t\u00e4psemalt uudsest tapeedi ettev\u00f5tmisest siit.<\/a><\/p>\n","protected":false},"excerpt":{"rendered":"<p>Mahlakas tapeet, s\u00f5na otseses m\u00f5ttes! Kellele ei meeldiks sensuaalsed viigimarjad, k\u00fcpsed viinamarjad, suvemagusad p\u00f5ldmarjad v\u00f5i imeliselt magusad metsmaasikad? Juicy Lucy tapeet k\u00f5igi nende mahlakate viljadega on sel juhul just see \u00f5ige valik. Tumesinine, julge ja maksimalistlik disain n\u00e4itab k\u00f5ike seda, mida armastad! Ahvatlevate puuviljade lopsakus on paigutatud tumesinisele taustale, tuues esile iga detaili. Lopsakas tapeet [&hellip;]<\/p>\n","protected":false},"featured_media":10572,"comment_status":"open","ping_status":"closed","template":"","meta":{"_acf_changed":false,"inline_featured_image":false},"product_brand":[],"product_cat":[386,622,447,394,391,388,267,268,270,417,413,414,415,416,401,402,412,261,561],"product_tag":[],"class_list":{"0":"post-10592","1":"product","2":"type-product","3":"status-publish","4":"has-post-thumbnail","6":"product_cat-kordusmustriga-tapeedid","7":"product_cat-julged-tapeedid","8":"product_cat-maksimalistlik-et","9":"product_cat-rikkalik","10":"product_cat-vahemereline","11":"product_cat-vintage-et","12":"product_cat-sinised-tapeedid","13":"product_cat-kirkad-tapeedid","14":"product_cat-tumedad-tapeedid","15":"product_cat-purpur-tapeedid","16":"product_cat-magamistoa-tapeedid","17":"product_cat-soogitoa-tapeedid","18":"product_cat-kulalistetoa-tapeedid","19":"product_cat-esiku-tapeedid","20":"product_cat-koogi-tapeedid","21":"product_cat-elutoa-tapeedid","22":"product_cat-vannitoa-tapeedid","23":"product_cat-puuviljad","24":"product_cat-suvised-tapeedid","25":"pa_designedby-baubauwall","27":"first","28":"instock","29":"taxable","30":"shipping-taxable","31":"purchasable","32":"product-type-simple"},"acf":[],"yoast_head":"<!-- This site is optimized with the Yoast SEO plugin v25.9 - https:\/\/yoast.com\/wordpress\/plugins\/seo\/ -->\n<title>R\u00e4tsepat\u00f6\u00f6na valmivad tapeedid. Puuvilja tapeet Lucy - sinine<\/title>\n<meta name=\"description\" content=\"R\u00e4tsepat\u00f6\u00f6 tapeet rikkaliku puuviljamustriga. Tumesinisel taustal maksimalistlik tapeet. Sinu seina m\u00f5\u00f5tu l\u00f5igatud tapeedipaanid.\" \/>\n<meta name=\"robots\" content=\"index, follow, max-snippet:-1, max-image-preview:large, max-video-preview:-1\" \/>\n<link rel=\"canonical\" href=\"https:\/\/baubauwall.com\/et\/toode\/tapeet-juicy-lucy-tumesinine\/\" \/>\n<meta property=\"og:locale\" content=\"et_EE\" \/>\n<meta property=\"og:type\" content=\"article\" \/>\n<meta property=\"og:title\" content=\"R\u00e4tsepat\u00f6\u00f6na valmivad tapeedid. Puuvilja tapeet Lucy - sinine\" \/>\n<meta property=\"og:description\" content=\"R\u00e4tsepat\u00f6\u00f6 tapeet rikkaliku puuviljamustriga. Tumesinisel taustal maksimalistlik tapeet. Sinu seina m\u00f5\u00f5tu l\u00f5igatud tapeedipaanid.\" \/>\n<meta property=\"og:url\" content=\"https:\/\/baubauwall.com\/et\/toode\/tapeet-juicy-lucy-tumesinine\/\" \/>\n<meta property=\"og:site_name\" content=\"BAUBAUWALL TAPEEDID\" \/>\n<meta property=\"article:publisher\" content=\"https:\/\/www.facebook.com\/Baubauwall\" \/>\n<meta property=\"article:modified_time\" content=\"2024-03-08T14:34:43+00:00\" \/>\n<meta property=\"og:image\" content=\"https:\/\/baubauwall.com\/wp-content\/uploads\/2022\/04\/51100216_JuicyLucy-navy_Baubauwall_Wallpaper_room05.jpg\" \/>\n\t<meta property=\"og:image:width\" content=\"1422\" \/>\n\t<meta property=\"og:image:height\" content=\"800\" \/>\n\t<meta property=\"og:image:type\" content=\"image\/jpeg\" \/>\n<meta name=\"twitter:card\" content=\"summary_large_image\" \/>\n<meta name=\"twitter:label1\" content=\"Est. reading time\" \/>\n\t<meta name=\"twitter:data1\" content=\"1 minut\" \/>\n<script type=\"application\/ld+json\" class=\"yoast-schema-graph\">{\"@context\":\"https:\/\/schema.org\",\"@graph\":[{\"@type\":\"WebPage\",\"@id\":\"https:\/\/baubauwall.com\/et\/toode\/tapeet-juicy-lucy-tumesinine\/\",\"url\":\"https:\/\/baubauwall.com\/et\/toode\/tapeet-juicy-lucy-tumesinine\/\",\"name\":\"R\u00e4tsepat\u00f6\u00f6na valmivad tapeedid. Puuvilja tapeet Lucy - sinine\",\"isPartOf\":{\"@id\":\"https:\/\/baubauwall.com\/et\/#website\"},\"primaryImageOfPage\":{\"@id\":\"https:\/\/baubauwall.com\/et\/toode\/tapeet-juicy-lucy-tumesinine\/#primaryimage\"},\"image\":{\"@id\":\"https:\/\/baubauwall.com\/et\/toode\/tapeet-juicy-lucy-tumesinine\/#primaryimage\"},\"thumbnailUrl\":\"https:\/\/baubauwall.com\/wp-content\/uploads\/2022\/04\/51100216_JuicyLucy-navy_Baubauwall_Wallpaper_room05.jpg\",\"datePublished\":\"2022-04-26T10:50:58+00:00\",\"dateModified\":\"2024-03-08T14:34:43+00:00\",\"description\":\"R\u00e4tsepat\u00f6\u00f6 tapeet rikkaliku puuviljamustriga. Tumesinisel taustal maksimalistlik tapeet. Sinu seina m\u00f5\u00f5tu l\u00f5igatud tapeedipaanid.\",\"breadcrumb\":{\"@id\":\"https:\/\/baubauwall.com\/et\/toode\/tapeet-juicy-lucy-tumesinine\/#breadcrumb\"},\"inLanguage\":\"et\",\"potentialAction\":[{\"@type\":\"ReadAction\",\"target\":[\"https:\/\/baubauwall.com\/et\/toode\/tapeet-juicy-lucy-tumesinine\/\"]}]},{\"@type\":\"ImageObject\",\"inLanguage\":\"et\",\"@id\":\"https:\/\/baubauwall.com\/et\/toode\/tapeet-juicy-lucy-tumesinine\/#primaryimage\",\"url\":\"https:\/\/baubauwall.com\/wp-content\/uploads\/2022\/04\/51100216_JuicyLucy-navy_Baubauwall_Wallpaper_room05.jpg\",\"contentUrl\":\"https:\/\/baubauwall.com\/wp-content\/uploads\/2022\/04\/51100216_JuicyLucy-navy_Baubauwall_Wallpaper_room05.jpg\",\"width\":1422,\"height\":800},{\"@type\":\"BreadcrumbList\",\"@id\":\"https:\/\/baubauwall.com\/et\/toode\/tapeet-juicy-lucy-tumesinine\/#breadcrumb\",\"itemListElement\":[{\"@type\":\"ListItem\",\"position\":1,\"name\":\"Koju\",\"item\":\"https:\/\/baubauwall.com\/et\/\"},{\"@type\":\"ListItem\",\"position\":2,\"name\":\"Tapeedid\",\"item\":\"https:\/\/baubauwall.com\/et\/tapeedid\/\"},{\"@type\":\"ListItem\",\"position\":3,\"name\":\"Juicy Lucy &#8211; tumesinine\"}]},{\"@type\":\"WebSite\",\"@id\":\"https:\/\/baubauwall.com\/et\/#website\",\"url\":\"https:\/\/baubauwall.com\/et\/\",\"name\":\"BAUBAUWALL Wallpapers\",\"description\":\"Valmis paanides tapeet Eestist!\",\"publisher\":{\"@id\":\"https:\/\/baubauwall.com\/et\/#organization\"},\"potentialAction\":[{\"@type\":\"SearchAction\",\"target\":{\"@type\":\"EntryPoint\",\"urlTemplate\":\"https:\/\/baubauwall.com\/et\/?s={search_term_string}\"},\"query-input\":{\"@type\":\"PropertyValueSpecification\",\"valueRequired\":true,\"valueName\":\"search_term_string\"}}],\"inLanguage\":\"et\"},{\"@type\":\"Organization\",\"@id\":\"https:\/\/baubauwall.com\/et\/#organization\",\"name\":\"BAUBAUWALL Wallpapers\",\"url\":\"https:\/\/baubauwall.com\/et\/\",\"logo\":{\"@type\":\"ImageObject\",\"inLanguage\":\"et\",\"@id\":\"https:\/\/baubauwall.com\/et\/#\/schema\/logo\/image\/\",\"url\":\"https:\/\/baubauwall.com\/wp-content\/uploads\/2022\/03\/logo-horizontal.svg\",\"contentUrl\":\"https:\/\/baubauwall.com\/wp-content\/uploads\/2022\/03\/logo-horizontal.svg\",\"width\":\"1024\",\"height\":\"1024\",\"caption\":\"BAUBAUWALL Wallpapers\"},\"image\":{\"@id\":\"https:\/\/baubauwall.com\/et\/#\/schema\/logo\/image\/\"},\"sameAs\":[\"https:\/\/www.facebook.com\/Baubauwall\",\"https:\/\/www.instagram.com\/baubauwall\"]}]}<\/script>\n<!-- \/ Yoast SEO plugin. -->","yoast_head_json":{"title":"R\u00e4tsepat\u00f6\u00f6na valmivad tapeedid. Puuvilja tapeet Lucy - sinine","description":"R\u00e4tsepat\u00f6\u00f6 tapeet rikkaliku puuviljamustriga. Tumesinisel taustal maksimalistlik tapeet. Sinu seina m\u00f5\u00f5tu l\u00f5igatud tapeedipaanid.","robots":{"index":"index","follow":"follow","max-snippet":"max-snippet:-1","max-image-preview":"max-image-preview:large","max-video-preview":"max-video-preview:-1"},"canonical":"https:\/\/baubauwall.com\/et\/toode\/tapeet-juicy-lucy-tumesinine\/","og_locale":"et_EE","og_type":"article","og_title":"R\u00e4tsepat\u00f6\u00f6na valmivad tapeedid. Puuvilja tapeet Lucy - sinine","og_description":"R\u00e4tsepat\u00f6\u00f6 tapeet rikkaliku puuviljamustriga. Tumesinisel taustal maksimalistlik tapeet. Sinu seina m\u00f5\u00f5tu l\u00f5igatud tapeedipaanid.","og_url":"https:\/\/baubauwall.com\/et\/toode\/tapeet-juicy-lucy-tumesinine\/","og_site_name":"BAUBAUWALL TAPEEDID","article_publisher":"https:\/\/www.facebook.com\/Baubauwall","article_modified_time":"2024-03-08T14:34:43+00:00","og_image":[{"width":1422,"height":800,"url":"https:\/\/baubauwall.com\/wp-content\/uploads\/2022\/04\/51100216_JuicyLucy-navy_Baubauwall_Wallpaper_room05.jpg","type":"image\/jpeg"}],"twitter_card":"summary_large_image","twitter_misc":{"Est. reading time":"1 minut"},"schema":{"@context":"https:\/\/schema.org","@graph":[{"@type":"WebPage","@id":"https:\/\/baubauwall.com\/et\/toode\/tapeet-juicy-lucy-tumesinine\/","url":"https:\/\/baubauwall.com\/et\/toode\/tapeet-juicy-lucy-tumesinine\/","name":"R\u00e4tsepat\u00f6\u00f6na valmivad tapeedid. Puuvilja tapeet Lucy - sinine","isPartOf":{"@id":"https:\/\/baubauwall.com\/et\/#website"},"primaryImageOfPage":{"@id":"https:\/\/baubauwall.com\/et\/toode\/tapeet-juicy-lucy-tumesinine\/#primaryimage"},"image":{"@id":"https:\/\/baubauwall.com\/et\/toode\/tapeet-juicy-lucy-tumesinine\/#primaryimage"},"thumbnailUrl":"https:\/\/baubauwall.com\/wp-content\/uploads\/2022\/04\/51100216_JuicyLucy-navy_Baubauwall_Wallpaper_room05.jpg","datePublished":"2022-04-26T10:50:58+00:00","dateModified":"2024-03-08T14:34:43+00:00","description":"R\u00e4tsepat\u00f6\u00f6 tapeet rikkaliku puuviljamustriga. Tumesinisel taustal maksimalistlik tapeet. Sinu seina m\u00f5\u00f5tu l\u00f5igatud tapeedipaanid.","breadcrumb":{"@id":"https:\/\/baubauwall.com\/et\/toode\/tapeet-juicy-lucy-tumesinine\/#breadcrumb"},"inLanguage":"et","potentialAction":[{"@type":"ReadAction","target":["https:\/\/baubauwall.com\/et\/toode\/tapeet-juicy-lucy-tumesinine\/"]}]},{"@type":"ImageObject","inLanguage":"et","@id":"https:\/\/baubauwall.com\/et\/toode\/tapeet-juicy-lucy-tumesinine\/#primaryimage","url":"https:\/\/baubauwall.com\/wp-content\/uploads\/2022\/04\/51100216_JuicyLucy-navy_Baubauwall_Wallpaper_room05.jpg","contentUrl":"https:\/\/baubauwall.com\/wp-content\/uploads\/2022\/04\/51100216_JuicyLucy-navy_Baubauwall_Wallpaper_room05.jpg","width":1422,"height":800},{"@type":"BreadcrumbList","@id":"https:\/\/baubauwall.com\/et\/toode\/tapeet-juicy-lucy-tumesinine\/#breadcrumb","itemListElement":[{"@type":"ListItem","position":1,"name":"Koju","item":"https:\/\/baubauwall.com\/et\/"},{"@type":"ListItem","position":2,"name":"Tapeedid","item":"https:\/\/baubauwall.com\/et\/tapeedid\/"},{"@type":"ListItem","position":3,"name":"Juicy Lucy &#8211; tumesinine"}]},{"@type":"WebSite","@id":"https:\/\/baubauwall.com\/et\/#website","url":"https:\/\/baubauwall.com\/et\/","name":"BAUBAUWALL Wallpapers","description":"Valmis paanides tapeet Eestist!","publisher":{"@id":"https:\/\/baubauwall.com\/et\/#organization"},"potentialAction":[{"@type":"SearchAction","target":{"@type":"EntryPoint","urlTemplate":"https:\/\/baubauwall.com\/et\/?s={search_term_string}"},"query-input":{"@type":"PropertyValueSpecification","valueRequired":true,"valueName":"search_term_string"}}],"inLanguage":"et"},{"@type":"Organization","@id":"https:\/\/baubauwall.com\/et\/#organization","name":"BAUBAUWALL Wallpapers","url":"https:\/\/baubauwall.com\/et\/","logo":{"@type":"ImageObject","inLanguage":"et","@id":"https:\/\/baubauwall.com\/et\/#\/schema\/logo\/image\/","url":"https:\/\/baubauwall.com\/wp-content\/uploads\/2022\/03\/logo-horizontal.svg","contentUrl":"https:\/\/baubauwall.com\/wp-content\/uploads\/2022\/03\/logo-horizontal.svg","width":"1024","height":"1024","caption":"BAUBAUWALL Wallpapers"},"image":{"@id":"https:\/\/baubauwall.com\/et\/#\/schema\/logo\/image\/"},"sameAs":["https:\/\/www.facebook.com\/Baubauwall","https:\/\/www.instagram.com\/baubauwall"]}]}},"jetpack_sharing_enabled":true,"_links":{"self":[{"href":"https:\/\/baubauwall.com\/et\/wp-json\/wp\/v2\/product\/10592","targetHints":{"allow":["GET"]}}],"collection":[{"href":"https:\/\/baubauwall.com\/et\/wp-json\/wp\/v2\/product"}],"about":[{"href":"https:\/\/baubauwall.com\/et\/wp-json\/wp\/v2\/types\/product"}],"replies":[{"embeddable":true,"href":"https:\/\/baubauwall.com\/et\/wp-json\/wp\/v2\/comments?post=10592"}],"wp:featuredmedia":[{"embeddable":true,"href":"https:\/\/baubauwall.com\/et\/wp-json\/wp\/v2\/media\/10572"}],"wp:attachment":[{"href":"https:\/\/baubauwall.com\/et\/wp-json\/wp\/v2\/media?parent=10592"}],"wp:term":[{"taxonomy":"product_brand","embeddable":true,"href":"https:\/\/baubauwall.com\/et\/wp-json\/wp\/v2\/product_brand?post=10592"},{"taxonomy":"product_cat","embeddable":true,"href":"https:\/\/baubauwall.com\/et\/wp-json\/wp\/v2\/product_cat?post=10592"},{"taxonomy":"product_tag","embeddable":true,"href":"https:\/\/baubauwall.com\/et\/wp-json\/wp\/v2\/product_tag?post=10592"}],"curies":[{"name":"wp","href":"https:\/\/api.w.org\/{rel}","templated":true}]}}