{"id":10724,"date":"2022-04-26T12:51:06","date_gmt":"2022-04-26T10:51:06","guid":{"rendered":"https:\/\/baubauwall.com\/product\/balloon-ride-wallpaper-sepia\/"},"modified":"2022-06-20T10:59:08","modified_gmt":"2022-06-20T08:59:08","slug":"tapeet-kuumaohupalli-soit-seepia","status":"publish","type":"product","link":"https:\/\/baubauwall.com\/et\/toode\/tapeet-kuumaohupalli-soit-seepia\/","title":{"rendered":"Kuuma\u00f5hupalli s\u00f5it &#8211; seepia"},"content":{"rendered":"<p>Kullake, aga mis siis, kui sa lendaksid? \u2013 Erin Hanson<\/p>\n<p>Ilmaennustus lubab selget taevast ja kuuma\u00f5hupalle! Sellel nostalgiah\u00f5ngulisel maitsekal tapeedidisainil on illustreeritud kuuma\u00f5hupallid, mis h\u00f5ljuvad l\u00e4bi pehme bee\u017ei taeva.\u00a0 Ilus tapeedivalik kodukontorisse (head m\u00f5tted peavad ju lendama!), lastetuppa (lase lapse kujutlusv\u00f5imel r\u00e4nnata!) v\u00f5i elutoa seintele. Ajatu tapeedikujundus, mis muudab sinu kodu rahulikuks ja inspireerivaks pesaks. T\u00e4pselt nagu kodu peabki olema.<\/p>\n<p>Tapeet &#8220;Kuuma\u00f5hupalli s\u00f5it&#8221; on saadaval ka helesinises v\u00e4rvitoonis.<\/p>\n","protected":false},"excerpt":{"rendered":"<p>Kullake, aga mis siis, kui sa lendaksid? \u2013 Erin Hanson Ilmaennustus lubab selget taevast ja kuuma\u00f5hupalle! Sellel nostalgiah\u00f5ngulisel maitsekal tapeedidisainil on illustreeritud kuuma\u00f5hupallid, mis h\u00f5ljuvad l\u00e4bi pehme bee\u017ei taeva.\u00a0 Ilus tapeedivalik kodukontorisse (head m\u00f5tted peavad ju lendama!), lastetuppa (lase lapse kujutlusv\u00f5imel r\u00e4nnata!) v\u00f5i elutoa seintele. Ajatu tapeedikujundus, mis muudab sinu kodu rahulikuks ja inspireerivaks pesaks. [&hellip;]<\/p>\n","protected":false},"featured_media":10701,"comment_status":"open","ping_status":"closed","template":"","meta":{"_acf_changed":false,"inline_featured_image":false},"product_brand":[],"product_cat":[386,395,406,388,265,273,400,399,402,412,699,465],"product_tag":[],"class_list":{"0":"post-10724","1":"product","2":"type-product","3":"status-publish","4":"has-post-thumbnail","6":"product_cat-kordusmustriga-tapeedid","7":"product_cat-romantiline","8":"product_cat-klassika","9":"product_cat-vintage-et","10":"product_cat-beezid-tapeedid","11":"product_cat-heledad-tapeedid","12":"product_cat-lastetoa-tapeedid","13":"product_cat-kodukontori-tapeedid","14":"product_cat-elutoa-tapeedid","15":"product_cat-vannitoa-tapeedid","16":"product_cat-eesti-disain-tapeedid","17":"product_cat-taevas-ja-pilved","18":"pa_designedby-baubauwall","20":"first","21":"instock","22":"taxable","23":"shipping-taxable","24":"purchasable","25":"product-type-simple"},"acf":[],"yoast_head":"<!-- This site is optimized with the Yoast SEO plugin v25.9 - https:\/\/yoast.com\/wordpress\/plugins\/seo\/ -->\n<title>Tapeet Kuuma\u00f5hupalli s\u00f5it - bee\u017e. Stiilne muster sinu seintele.<\/title>\n<meta name=\"description\" content=\"Tapeet illustreeritud kuuma\u00f5hupallidega. Ajatu muster ja disain, mis sobib nii lastetuppa kui kodukontorisse. R\u00e4tsepat\u00f6\u00f6 tapeedid.\" \/>\n<meta name=\"robots\" content=\"index, follow, max-snippet:-1, max-image-preview:large, max-video-preview:-1\" \/>\n<link rel=\"canonical\" href=\"https:\/\/baubauwall.com\/et\/toode\/tapeet-kuumaohupalli-soit-seepia\/\" \/>\n<meta property=\"og:locale\" content=\"et_EE\" \/>\n<meta property=\"og:type\" content=\"article\" \/>\n<meta property=\"og:title\" content=\"Tapeet Kuuma\u00f5hupalli s\u00f5it - bee\u017e. Stiilne muster sinu seintele.\" \/>\n<meta property=\"og:description\" content=\"Tapeet illustreeritud kuuma\u00f5hupallidega. Ajatu muster ja disain, mis sobib nii lastetuppa kui kodukontorisse. R\u00e4tsepat\u00f6\u00f6 tapeedid.\" \/>\n<meta property=\"og:url\" content=\"https:\/\/baubauwall.com\/et\/toode\/tapeet-kuumaohupalli-soit-seepia\/\" \/>\n<meta property=\"og:site_name\" content=\"BAUBAUWALL TAPEEDID\" \/>\n<meta property=\"article:publisher\" content=\"https:\/\/www.facebook.com\/Baubauwall\" \/>\n<meta property=\"article:modified_time\" content=\"2022-06-20T08:59:08+00:00\" \/>\n<meta property=\"og:image\" content=\"https:\/\/baubauwall.com\/wp-content\/uploads\/2022\/04\/51100220_BalloonRide-sepia_Baubauwall_Wallpaper_room03.jpg\" \/>\n\t<meta property=\"og:image:width\" content=\"1200\" \/>\n\t<meta property=\"og:image:height\" content=\"800\" \/>\n\t<meta property=\"og:image:type\" content=\"image\/jpeg\" \/>\n<meta name=\"twitter:card\" content=\"summary_large_image\" \/>\n<meta name=\"twitter:label1\" content=\"Est. reading time\" \/>\n\t<meta name=\"twitter:data1\" content=\"1 minut\" \/>\n<script type=\"application\/ld+json\" class=\"yoast-schema-graph\">{\"@context\":\"https:\/\/schema.org\",\"@graph\":[{\"@type\":\"WebPage\",\"@id\":\"https:\/\/baubauwall.com\/et\/toode\/tapeet-kuumaohupalli-soit-seepia\/\",\"url\":\"https:\/\/baubauwall.com\/et\/toode\/tapeet-kuumaohupalli-soit-seepia\/\",\"name\":\"Tapeet Kuuma\u00f5hupalli s\u00f5it - bee\u017e. Stiilne muster sinu seintele.\",\"isPartOf\":{\"@id\":\"https:\/\/baubauwall.com\/et\/#website\"},\"primaryImageOfPage\":{\"@id\":\"https:\/\/baubauwall.com\/et\/toode\/tapeet-kuumaohupalli-soit-seepia\/#primaryimage\"},\"image\":{\"@id\":\"https:\/\/baubauwall.com\/et\/toode\/tapeet-kuumaohupalli-soit-seepia\/#primaryimage\"},\"thumbnailUrl\":\"https:\/\/baubauwall.com\/wp-content\/uploads\/2022\/04\/51100220_BalloonRide-sepia_Baubauwall_Wallpaper_room03.jpg\",\"datePublished\":\"2022-04-26T10:51:06+00:00\",\"dateModified\":\"2022-06-20T08:59:08+00:00\",\"description\":\"Tapeet illustreeritud kuuma\u00f5hupallidega. Ajatu muster ja disain, mis sobib nii lastetuppa kui kodukontorisse. R\u00e4tsepat\u00f6\u00f6 tapeedid.\",\"breadcrumb\":{\"@id\":\"https:\/\/baubauwall.com\/et\/toode\/tapeet-kuumaohupalli-soit-seepia\/#breadcrumb\"},\"inLanguage\":\"et\",\"potentialAction\":[{\"@type\":\"ReadAction\",\"target\":[\"https:\/\/baubauwall.com\/et\/toode\/tapeet-kuumaohupalli-soit-seepia\/\"]}]},{\"@type\":\"ImageObject\",\"inLanguage\":\"et\",\"@id\":\"https:\/\/baubauwall.com\/et\/toode\/tapeet-kuumaohupalli-soit-seepia\/#primaryimage\",\"url\":\"https:\/\/baubauwall.com\/wp-content\/uploads\/2022\/04\/51100220_BalloonRide-sepia_Baubauwall_Wallpaper_room03.jpg\",\"contentUrl\":\"https:\/\/baubauwall.com\/wp-content\/uploads\/2022\/04\/51100220_BalloonRide-sepia_Baubauwall_Wallpaper_room03.jpg\",\"width\":1200,\"height\":800,\"caption\":\"wallpaper bespoke design hot air balloon\"},{\"@type\":\"BreadcrumbList\",\"@id\":\"https:\/\/baubauwall.com\/et\/toode\/tapeet-kuumaohupalli-soit-seepia\/#breadcrumb\",\"itemListElement\":[{\"@type\":\"ListItem\",\"position\":1,\"name\":\"Koju\",\"item\":\"https:\/\/baubauwall.com\/et\/\"},{\"@type\":\"ListItem\",\"position\":2,\"name\":\"Tapeedid\",\"item\":\"https:\/\/baubauwall.com\/et\/tapeedid\/\"},{\"@type\":\"ListItem\",\"position\":3,\"name\":\"Kuuma\u00f5hupalli s\u00f5it &#8211; seepia\"}]},{\"@type\":\"WebSite\",\"@id\":\"https:\/\/baubauwall.com\/et\/#website\",\"url\":\"https:\/\/baubauwall.com\/et\/\",\"name\":\"BAUBAUWALL Wallpapers\",\"description\":\"Valmis paanides tapeet Eestist!\",\"publisher\":{\"@id\":\"https:\/\/baubauwall.com\/et\/#organization\"},\"potentialAction\":[{\"@type\":\"SearchAction\",\"target\":{\"@type\":\"EntryPoint\",\"urlTemplate\":\"https:\/\/baubauwall.com\/et\/?s={search_term_string}\"},\"query-input\":{\"@type\":\"PropertyValueSpecification\",\"valueRequired\":true,\"valueName\":\"search_term_string\"}}],\"inLanguage\":\"et\"},{\"@type\":\"Organization\",\"@id\":\"https:\/\/baubauwall.com\/et\/#organization\",\"name\":\"BAUBAUWALL Wallpapers\",\"url\":\"https:\/\/baubauwall.com\/et\/\",\"logo\":{\"@type\":\"ImageObject\",\"inLanguage\":\"et\",\"@id\":\"https:\/\/baubauwall.com\/et\/#\/schema\/logo\/image\/\",\"url\":\"https:\/\/baubauwall.com\/wp-content\/uploads\/2022\/03\/logo-horizontal.svg\",\"contentUrl\":\"https:\/\/baubauwall.com\/wp-content\/uploads\/2022\/03\/logo-horizontal.svg\",\"width\":\"1024\",\"height\":\"1024\",\"caption\":\"BAUBAUWALL Wallpapers\"},\"image\":{\"@id\":\"https:\/\/baubauwall.com\/et\/#\/schema\/logo\/image\/\"},\"sameAs\":[\"https:\/\/www.facebook.com\/Baubauwall\",\"https:\/\/www.instagram.com\/baubauwall\"]}]}<\/script>\n<!-- \/ Yoast SEO plugin. -->","yoast_head_json":{"title":"Tapeet Kuuma\u00f5hupalli s\u00f5it - bee\u017e. Stiilne muster sinu seintele.","description":"Tapeet illustreeritud kuuma\u00f5hupallidega. Ajatu muster ja disain, mis sobib nii lastetuppa kui kodukontorisse. R\u00e4tsepat\u00f6\u00f6 tapeedid.","robots":{"index":"index","follow":"follow","max-snippet":"max-snippet:-1","max-image-preview":"max-image-preview:large","max-video-preview":"max-video-preview:-1"},"canonical":"https:\/\/baubauwall.com\/et\/toode\/tapeet-kuumaohupalli-soit-seepia\/","og_locale":"et_EE","og_type":"article","og_title":"Tapeet Kuuma\u00f5hupalli s\u00f5it - bee\u017e. Stiilne muster sinu seintele.","og_description":"Tapeet illustreeritud kuuma\u00f5hupallidega. Ajatu muster ja disain, mis sobib nii lastetuppa kui kodukontorisse. R\u00e4tsepat\u00f6\u00f6 tapeedid.","og_url":"https:\/\/baubauwall.com\/et\/toode\/tapeet-kuumaohupalli-soit-seepia\/","og_site_name":"BAUBAUWALL TAPEEDID","article_publisher":"https:\/\/www.facebook.com\/Baubauwall","article_modified_time":"2022-06-20T08:59:08+00:00","og_image":[{"width":1200,"height":800,"url":"https:\/\/baubauwall.com\/wp-content\/uploads\/2022\/04\/51100220_BalloonRide-sepia_Baubauwall_Wallpaper_room03.jpg","type":"image\/jpeg"}],"twitter_card":"summary_large_image","twitter_misc":{"Est. reading time":"1 minut"},"schema":{"@context":"https:\/\/schema.org","@graph":[{"@type":"WebPage","@id":"https:\/\/baubauwall.com\/et\/toode\/tapeet-kuumaohupalli-soit-seepia\/","url":"https:\/\/baubauwall.com\/et\/toode\/tapeet-kuumaohupalli-soit-seepia\/","name":"Tapeet Kuuma\u00f5hupalli s\u00f5it - bee\u017e. Stiilne muster sinu seintele.","isPartOf":{"@id":"https:\/\/baubauwall.com\/et\/#website"},"primaryImageOfPage":{"@id":"https:\/\/baubauwall.com\/et\/toode\/tapeet-kuumaohupalli-soit-seepia\/#primaryimage"},"image":{"@id":"https:\/\/baubauwall.com\/et\/toode\/tapeet-kuumaohupalli-soit-seepia\/#primaryimage"},"thumbnailUrl":"https:\/\/baubauwall.com\/wp-content\/uploads\/2022\/04\/51100220_BalloonRide-sepia_Baubauwall_Wallpaper_room03.jpg","datePublished":"2022-04-26T10:51:06+00:00","dateModified":"2022-06-20T08:59:08+00:00","description":"Tapeet illustreeritud kuuma\u00f5hupallidega. Ajatu muster ja disain, mis sobib nii lastetuppa kui kodukontorisse. R\u00e4tsepat\u00f6\u00f6 tapeedid.","breadcrumb":{"@id":"https:\/\/baubauwall.com\/et\/toode\/tapeet-kuumaohupalli-soit-seepia\/#breadcrumb"},"inLanguage":"et","potentialAction":[{"@type":"ReadAction","target":["https:\/\/baubauwall.com\/et\/toode\/tapeet-kuumaohupalli-soit-seepia\/"]}]},{"@type":"ImageObject","inLanguage":"et","@id":"https:\/\/baubauwall.com\/et\/toode\/tapeet-kuumaohupalli-soit-seepia\/#primaryimage","url":"https:\/\/baubauwall.com\/wp-content\/uploads\/2022\/04\/51100220_BalloonRide-sepia_Baubauwall_Wallpaper_room03.jpg","contentUrl":"https:\/\/baubauwall.com\/wp-content\/uploads\/2022\/04\/51100220_BalloonRide-sepia_Baubauwall_Wallpaper_room03.jpg","width":1200,"height":800,"caption":"wallpaper bespoke design hot air balloon"},{"@type":"BreadcrumbList","@id":"https:\/\/baubauwall.com\/et\/toode\/tapeet-kuumaohupalli-soit-seepia\/#breadcrumb","itemListElement":[{"@type":"ListItem","position":1,"name":"Koju","item":"https:\/\/baubauwall.com\/et\/"},{"@type":"ListItem","position":2,"name":"Tapeedid","item":"https:\/\/baubauwall.com\/et\/tapeedid\/"},{"@type":"ListItem","position":3,"name":"Kuuma\u00f5hupalli s\u00f5it &#8211; seepia"}]},{"@type":"WebSite","@id":"https:\/\/baubauwall.com\/et\/#website","url":"https:\/\/baubauwall.com\/et\/","name":"BAUBAUWALL Wallpapers","description":"Valmis paanides tapeet Eestist!","publisher":{"@id":"https:\/\/baubauwall.com\/et\/#organization"},"potentialAction":[{"@type":"SearchAction","target":{"@type":"EntryPoint","urlTemplate":"https:\/\/baubauwall.com\/et\/?s={search_term_string}"},"query-input":{"@type":"PropertyValueSpecification","valueRequired":true,"valueName":"search_term_string"}}],"inLanguage":"et"},{"@type":"Organization","@id":"https:\/\/baubauwall.com\/et\/#organization","name":"BAUBAUWALL Wallpapers","url":"https:\/\/baubauwall.com\/et\/","logo":{"@type":"ImageObject","inLanguage":"et","@id":"https:\/\/baubauwall.com\/et\/#\/schema\/logo\/image\/","url":"https:\/\/baubauwall.com\/wp-content\/uploads\/2022\/03\/logo-horizontal.svg","contentUrl":"https:\/\/baubauwall.com\/wp-content\/uploads\/2022\/03\/logo-horizontal.svg","width":"1024","height":"1024","caption":"BAUBAUWALL Wallpapers"},"image":{"@id":"https:\/\/baubauwall.com\/et\/#\/schema\/logo\/image\/"},"sameAs":["https:\/\/www.facebook.com\/Baubauwall","https:\/\/www.instagram.com\/baubauwall"]}]}},"jetpack_sharing_enabled":true,"_links":{"self":[{"href":"https:\/\/baubauwall.com\/et\/wp-json\/wp\/v2\/product\/10724","targetHints":{"allow":["GET"]}}],"collection":[{"href":"https:\/\/baubauwall.com\/et\/wp-json\/wp\/v2\/product"}],"about":[{"href":"https:\/\/baubauwall.com\/et\/wp-json\/wp\/v2\/types\/product"}],"replies":[{"embeddable":true,"href":"https:\/\/baubauwall.com\/et\/wp-json\/wp\/v2\/comments?post=10724"}],"wp:featuredmedia":[{"embeddable":true,"href":"https:\/\/baubauwall.com\/et\/wp-json\/wp\/v2\/media\/10701"}],"wp:attachment":[{"href":"https:\/\/baubauwall.com\/et\/wp-json\/wp\/v2\/media?parent=10724"}],"wp:term":[{"taxonomy":"product_brand","embeddable":true,"href":"https:\/\/baubauwall.com\/et\/wp-json\/wp\/v2\/product_brand?post=10724"},{"taxonomy":"product_cat","embeddable":true,"href":"https:\/\/baubauwall.com\/et\/wp-json\/wp\/v2\/product_cat?post=10724"},{"taxonomy":"product_tag","embeddable":true,"href":"https:\/\/baubauwall.com\/et\/wp-json\/wp\/v2\/product_tag?post=10724"}],"curies":[{"name":"wp","href":"https:\/\/api.w.org\/{rel}","templated":true}]}}