{"id":10828,"date":"2022-04-26T12:51:14","date_gmt":"2022-04-26T10:51:14","guid":{"rendered":"https:\/\/baubauwall.com\/product\/wallpaper-floral-filippa-white\/"},"modified":"2023-10-02T10:27:23","modified_gmt":"2023-10-02T08:27:23","slug":"tapeet-lilleline-filippa","status":"publish","type":"product","link":"https:\/\/baubauwall.com\/et\/toode\/tapeet-lilleline-filippa\/","title":{"rendered":"Lilleline Filippa &#8211; valge"},"content":{"rendered":"<p>Kaunilt detailne, kaleidoskoopiline lilleline tapeedimuster, mis on lihtsalt nii ilus! Veidi juugendi stiilist inspireeritud illustreeritud lilled toovad valitud interj\u00f6\u00f6ri l\u00f5hnava lilleaia. Avasta heleda tapeedi mustrisse peidetud liblikad ja putukad, kes kelmikalt lendavad \u00f5ielt \u00f5iele. Elegantne tapeedivalik! Sobita Lilleline Filippa tapeet antiikm\u00f6\u00f6bliga sisustatud elutoa v\u00f5i magamistoa seinale. Ideaalne sisekujunduses, mis m\u00e4ngib romantilise ja Skandi stiilidega.<\/p>\n<p>Floral Filippa kordusmustriga tapeet on saadaval ka kreemika, helesinise, tumesinise ja elevandiluu toonis.<\/p>\n<p>Baubauwallist tellides saad tapeedi t\u00e4pselt oma seina m\u00f5\u00f5dus, valmis l\u00f5igatud paanides. Tapeedipaanid on nummerdatud ja just nii k\u00f5rged, kui Sinu sein. Sa ei pea ise arvutama, kui palju tapeeti vaja on v\u00f5i kuidas muster kokku l\u00e4heb. Teeme selle t\u00f6\u00f6 Sinu eest. Sinu ainuke v\u00e4ljakutse on valida v\u00e4lja sobiv tapeet ning sein \u00e4ra m\u00f5\u00f5ta. Kuidas erinevaid seinu tapeetimiseks m\u00f5\u00f5ta, <a href=\"https:\/\/baubauwall.com\/et\/nipid\/tapeedi-koguse-planeerimine-seina-mootmine\/\" target=\"_blank\" rel=\"noopener\">loe l\u00e4hemalt blogiartiklis.\u00a0<\/a><\/p>\n","protected":false},"excerpt":{"rendered":"<p>Kaunilt detailne, kaleidoskoopiline lilleline tapeedimuster, mis on lihtsalt nii ilus! Veidi juugendi stiilist inspireeritud illustreeritud lilled toovad valitud interj\u00f6\u00f6ri l\u00f5hnava lilleaia. Avasta heleda tapeedi mustrisse peidetud liblikad ja putukad, kes kelmikalt lendavad \u00f5ielt \u00f5iele. Elegantne tapeedivalik! Sobita Lilleline Filippa tapeet antiikm\u00f6\u00f6bliga sisustatud elutoa v\u00f5i magamistoa seinale. Ideaalne sisekujunduses, mis m\u00e4ngib romantilise ja Skandi stiilidega. Floral [&hellip;]<\/p>\n","protected":false},"featured_media":10807,"comment_status":"open","ping_status":"closed","template":"","meta":{"_acf_changed":false,"inline_featured_image":false},"product_brand":[],"product_cat":[386,395,406,405,388,268,413,414,415,416,399,402,412,254,258,260,561],"product_tag":[695],"class_list":{"0":"post-10828","1":"product","2":"type-product","3":"status-publish","4":"has-post-thumbnail","6":"product_cat-kordusmustriga-tapeedid","7":"product_cat-romantiline","8":"product_cat-klassika","9":"product_cat-art-deco","10":"product_cat-vintage-et","11":"product_cat-kirkad-tapeedid","12":"product_cat-magamistoa-tapeedid","13":"product_cat-soogitoa-tapeedid","14":"product_cat-kulalistetoa-tapeedid","15":"product_cat-esiku-tapeedid","16":"product_cat-kodukontori-tapeedid","17":"product_cat-elutoa-tapeedid","18":"product_cat-vannitoa-tapeedid","19":"product_cat-loodus","20":"product_cat-putukad-liblikad","21":"product_cat-lilled","22":"product_cat-suvised-tapeedid","23":"product_tag-eesti-disain-tapeedid","24":"pa_designedby-baubauwall","26":"first","27":"instock","28":"taxable","29":"shipping-taxable","30":"purchasable","31":"product-type-simple"},"acf":[],"yoast_head":"<!-- This site is optimized with the Yoast SEO plugin v25.9 - https:\/\/yoast.com\/wordpress\/plugins\/seo\/ -->\n<title>Lilleline, \u00f5ite ja liblikatega tapeet Filippa. Sinu seina m\u00f5\u00f5dus.<\/title>\n<meta name=\"description\" content=\"Detailne, art deco stiilis romantiline tapeet Filippa. Lilleline disain, mis sobib erinevatesse tubadesse. R\u00e4tsepat\u00f6\u00f6na valmivad tapeedid.\" \/>\n<meta name=\"robots\" content=\"index, follow, max-snippet:-1, max-image-preview:large, max-video-preview:-1\" \/>\n<link rel=\"canonical\" href=\"https:\/\/baubauwall.com\/et\/toode\/tapeet-lilleline-filippa\/\" \/>\n<meta property=\"og:locale\" content=\"et_EE\" \/>\n<meta property=\"og:type\" content=\"article\" \/>\n<meta property=\"og:title\" content=\"Lilleline, \u00f5ite ja liblikatega tapeet Filippa. Sinu seina m\u00f5\u00f5dus.\" \/>\n<meta property=\"og:description\" content=\"Detailne, art deco stiilis romantiline tapeet Filippa. Lilleline disain, mis sobib erinevatesse tubadesse. R\u00e4tsepat\u00f6\u00f6na valmivad tapeedid.\" \/>\n<meta property=\"og:url\" content=\"https:\/\/baubauwall.com\/et\/toode\/tapeet-lilleline-filippa\/\" \/>\n<meta property=\"og:site_name\" content=\"BAUBAUWALL TAPEEDID\" \/>\n<meta property=\"article:publisher\" content=\"https:\/\/www.facebook.com\/Baubauwall\" \/>\n<meta property=\"article:modified_time\" content=\"2023-10-02T08:27:23+00:00\" \/>\n<meta property=\"og:image\" content=\"https:\/\/i0.wp.com\/baubauwall.com\/wp-content\/uploads\/2022\/04\/51100224_FloralFilippa-white_Baubauwall_Wallpaper_room01.jpg?fit=650%2C800&ssl=1\" \/>\n\t<meta property=\"og:image:width\" content=\"650\" \/>\n\t<meta property=\"og:image:height\" content=\"800\" \/>\n\t<meta property=\"og:image:type\" content=\"image\/jpeg\" \/>\n<meta name=\"twitter:card\" content=\"summary_large_image\" \/>\n<meta name=\"twitter:label1\" content=\"Est. reading time\" \/>\n\t<meta name=\"twitter:data1\" content=\"1 minut\" \/>\n<script type=\"application\/ld+json\" class=\"yoast-schema-graph\">{\"@context\":\"https:\/\/schema.org\",\"@graph\":[{\"@type\":\"WebPage\",\"@id\":\"https:\/\/baubauwall.com\/et\/toode\/tapeet-lilleline-filippa\/\",\"url\":\"https:\/\/baubauwall.com\/et\/toode\/tapeet-lilleline-filippa\/\",\"name\":\"Lilleline, \u00f5ite ja liblikatega tapeet Filippa. Sinu seina m\u00f5\u00f5dus.\",\"isPartOf\":{\"@id\":\"https:\/\/baubauwall.com\/et\/#website\"},\"primaryImageOfPage\":{\"@id\":\"https:\/\/baubauwall.com\/et\/toode\/tapeet-lilleline-filippa\/#primaryimage\"},\"image\":{\"@id\":\"https:\/\/baubauwall.com\/et\/toode\/tapeet-lilleline-filippa\/#primaryimage\"},\"thumbnailUrl\":\"https:\/\/baubauwall.com\/wp-content\/uploads\/2022\/04\/51100224_FloralFilippa-white_Baubauwall_Wallpaper_room02.jpg\",\"datePublished\":\"2022-04-26T10:51:14+00:00\",\"dateModified\":\"2023-10-02T08:27:23+00:00\",\"description\":\"Detailne, art deco stiilis romantiline tapeet Filippa. Lilleline disain, mis sobib erinevatesse tubadesse. R\u00e4tsepat\u00f6\u00f6na valmivad tapeedid.\",\"breadcrumb\":{\"@id\":\"https:\/\/baubauwall.com\/et\/toode\/tapeet-lilleline-filippa\/#breadcrumb\"},\"inLanguage\":\"et\",\"potentialAction\":[{\"@type\":\"ReadAction\",\"target\":[\"https:\/\/baubauwall.com\/et\/toode\/tapeet-lilleline-filippa\/\"]}]},{\"@type\":\"ImageObject\",\"inLanguage\":\"et\",\"@id\":\"https:\/\/baubauwall.com\/et\/toode\/tapeet-lilleline-filippa\/#primaryimage\",\"url\":\"https:\/\/baubauwall.com\/wp-content\/uploads\/2022\/04\/51100224_FloralFilippa-white_Baubauwall_Wallpaper_room02.jpg\",\"contentUrl\":\"https:\/\/baubauwall.com\/wp-content\/uploads\/2022\/04\/51100224_FloralFilippa-white_Baubauwall_Wallpaper_room02.jpg\",\"width\":1199,\"height\":800},{\"@type\":\"BreadcrumbList\",\"@id\":\"https:\/\/baubauwall.com\/et\/toode\/tapeet-lilleline-filippa\/#breadcrumb\",\"itemListElement\":[{\"@type\":\"ListItem\",\"position\":1,\"name\":\"Koju\",\"item\":\"https:\/\/baubauwall.com\/et\/\"},{\"@type\":\"ListItem\",\"position\":2,\"name\":\"Tapeedid\",\"item\":\"https:\/\/baubauwall.com\/et\/tapeedid\/\"},{\"@type\":\"ListItem\",\"position\":3,\"name\":\"Lilleline Filippa &#8211; valge\"}]},{\"@type\":\"WebSite\",\"@id\":\"https:\/\/baubauwall.com\/et\/#website\",\"url\":\"https:\/\/baubauwall.com\/et\/\",\"name\":\"BAUBAUWALL Wallpapers\",\"description\":\"Valmis paanides tapeet Eestist!\",\"publisher\":{\"@id\":\"https:\/\/baubauwall.com\/et\/#organization\"},\"potentialAction\":[{\"@type\":\"SearchAction\",\"target\":{\"@type\":\"EntryPoint\",\"urlTemplate\":\"https:\/\/baubauwall.com\/et\/?s={search_term_string}\"},\"query-input\":{\"@type\":\"PropertyValueSpecification\",\"valueRequired\":true,\"valueName\":\"search_term_string\"}}],\"inLanguage\":\"et\"},{\"@type\":\"Organization\",\"@id\":\"https:\/\/baubauwall.com\/et\/#organization\",\"name\":\"BAUBAUWALL Wallpapers\",\"url\":\"https:\/\/baubauwall.com\/et\/\",\"logo\":{\"@type\":\"ImageObject\",\"inLanguage\":\"et\",\"@id\":\"https:\/\/baubauwall.com\/et\/#\/schema\/logo\/image\/\",\"url\":\"https:\/\/baubauwall.com\/wp-content\/uploads\/2022\/03\/logo-horizontal.svg\",\"contentUrl\":\"https:\/\/baubauwall.com\/wp-content\/uploads\/2022\/03\/logo-horizontal.svg\",\"width\":\"1024\",\"height\":\"1024\",\"caption\":\"BAUBAUWALL Wallpapers\"},\"image\":{\"@id\":\"https:\/\/baubauwall.com\/et\/#\/schema\/logo\/image\/\"},\"sameAs\":[\"https:\/\/www.facebook.com\/Baubauwall\",\"https:\/\/www.instagram.com\/baubauwall\"]}]}<\/script>\n<!-- \/ Yoast SEO plugin. -->","yoast_head_json":{"title":"Lilleline, \u00f5ite ja liblikatega tapeet Filippa. Sinu seina m\u00f5\u00f5dus.","description":"Detailne, art deco stiilis romantiline tapeet Filippa. Lilleline disain, mis sobib erinevatesse tubadesse. R\u00e4tsepat\u00f6\u00f6na valmivad tapeedid.","robots":{"index":"index","follow":"follow","max-snippet":"max-snippet:-1","max-image-preview":"max-image-preview:large","max-video-preview":"max-video-preview:-1"},"canonical":"https:\/\/baubauwall.com\/et\/toode\/tapeet-lilleline-filippa\/","og_locale":"et_EE","og_type":"article","og_title":"Lilleline, \u00f5ite ja liblikatega tapeet Filippa. Sinu seina m\u00f5\u00f5dus.","og_description":"Detailne, art deco stiilis romantiline tapeet Filippa. Lilleline disain, mis sobib erinevatesse tubadesse. R\u00e4tsepat\u00f6\u00f6na valmivad tapeedid.","og_url":"https:\/\/baubauwall.com\/et\/toode\/tapeet-lilleline-filippa\/","og_site_name":"BAUBAUWALL TAPEEDID","article_publisher":"https:\/\/www.facebook.com\/Baubauwall","article_modified_time":"2023-10-02T08:27:23+00:00","og_image":[{"width":650,"height":800,"url":"https:\/\/i0.wp.com\/baubauwall.com\/wp-content\/uploads\/2022\/04\/51100224_FloralFilippa-white_Baubauwall_Wallpaper_room01.jpg?fit=650%2C800&ssl=1","type":"image\/jpeg"}],"twitter_card":"summary_large_image","twitter_misc":{"Est. reading time":"1 minut"},"schema":{"@context":"https:\/\/schema.org","@graph":[{"@type":"WebPage","@id":"https:\/\/baubauwall.com\/et\/toode\/tapeet-lilleline-filippa\/","url":"https:\/\/baubauwall.com\/et\/toode\/tapeet-lilleline-filippa\/","name":"Lilleline, \u00f5ite ja liblikatega tapeet Filippa. Sinu seina m\u00f5\u00f5dus.","isPartOf":{"@id":"https:\/\/baubauwall.com\/et\/#website"},"primaryImageOfPage":{"@id":"https:\/\/baubauwall.com\/et\/toode\/tapeet-lilleline-filippa\/#primaryimage"},"image":{"@id":"https:\/\/baubauwall.com\/et\/toode\/tapeet-lilleline-filippa\/#primaryimage"},"thumbnailUrl":"https:\/\/baubauwall.com\/wp-content\/uploads\/2022\/04\/51100224_FloralFilippa-white_Baubauwall_Wallpaper_room02.jpg","datePublished":"2022-04-26T10:51:14+00:00","dateModified":"2023-10-02T08:27:23+00:00","description":"Detailne, art deco stiilis romantiline tapeet Filippa. Lilleline disain, mis sobib erinevatesse tubadesse. R\u00e4tsepat\u00f6\u00f6na valmivad tapeedid.","breadcrumb":{"@id":"https:\/\/baubauwall.com\/et\/toode\/tapeet-lilleline-filippa\/#breadcrumb"},"inLanguage":"et","potentialAction":[{"@type":"ReadAction","target":["https:\/\/baubauwall.com\/et\/toode\/tapeet-lilleline-filippa\/"]}]},{"@type":"ImageObject","inLanguage":"et","@id":"https:\/\/baubauwall.com\/et\/toode\/tapeet-lilleline-filippa\/#primaryimage","url":"https:\/\/baubauwall.com\/wp-content\/uploads\/2022\/04\/51100224_FloralFilippa-white_Baubauwall_Wallpaper_room02.jpg","contentUrl":"https:\/\/baubauwall.com\/wp-content\/uploads\/2022\/04\/51100224_FloralFilippa-white_Baubauwall_Wallpaper_room02.jpg","width":1199,"height":800},{"@type":"BreadcrumbList","@id":"https:\/\/baubauwall.com\/et\/toode\/tapeet-lilleline-filippa\/#breadcrumb","itemListElement":[{"@type":"ListItem","position":1,"name":"Koju","item":"https:\/\/baubauwall.com\/et\/"},{"@type":"ListItem","position":2,"name":"Tapeedid","item":"https:\/\/baubauwall.com\/et\/tapeedid\/"},{"@type":"ListItem","position":3,"name":"Lilleline Filippa &#8211; valge"}]},{"@type":"WebSite","@id":"https:\/\/baubauwall.com\/et\/#website","url":"https:\/\/baubauwall.com\/et\/","name":"BAUBAUWALL Wallpapers","description":"Valmis paanides tapeet Eestist!","publisher":{"@id":"https:\/\/baubauwall.com\/et\/#organization"},"potentialAction":[{"@type":"SearchAction","target":{"@type":"EntryPoint","urlTemplate":"https:\/\/baubauwall.com\/et\/?s={search_term_string}"},"query-input":{"@type":"PropertyValueSpecification","valueRequired":true,"valueName":"search_term_string"}}],"inLanguage":"et"},{"@type":"Organization","@id":"https:\/\/baubauwall.com\/et\/#organization","name":"BAUBAUWALL Wallpapers","url":"https:\/\/baubauwall.com\/et\/","logo":{"@type":"ImageObject","inLanguage":"et","@id":"https:\/\/baubauwall.com\/et\/#\/schema\/logo\/image\/","url":"https:\/\/baubauwall.com\/wp-content\/uploads\/2022\/03\/logo-horizontal.svg","contentUrl":"https:\/\/baubauwall.com\/wp-content\/uploads\/2022\/03\/logo-horizontal.svg","width":"1024","height":"1024","caption":"BAUBAUWALL Wallpapers"},"image":{"@id":"https:\/\/baubauwall.com\/et\/#\/schema\/logo\/image\/"},"sameAs":["https:\/\/www.facebook.com\/Baubauwall","https:\/\/www.instagram.com\/baubauwall"]}]}},"jetpack_sharing_enabled":true,"_links":{"self":[{"href":"https:\/\/baubauwall.com\/et\/wp-json\/wp\/v2\/product\/10828","targetHints":{"allow":["GET"]}}],"collection":[{"href":"https:\/\/baubauwall.com\/et\/wp-json\/wp\/v2\/product"}],"about":[{"href":"https:\/\/baubauwall.com\/et\/wp-json\/wp\/v2\/types\/product"}],"replies":[{"embeddable":true,"href":"https:\/\/baubauwall.com\/et\/wp-json\/wp\/v2\/comments?post=10828"}],"wp:featuredmedia":[{"embeddable":true,"href":"https:\/\/baubauwall.com\/et\/wp-json\/wp\/v2\/media\/10807"}],"wp:attachment":[{"href":"https:\/\/baubauwall.com\/et\/wp-json\/wp\/v2\/media?parent=10828"}],"wp:term":[{"taxonomy":"product_brand","embeddable":true,"href":"https:\/\/baubauwall.com\/et\/wp-json\/wp\/v2\/product_brand?post=10828"},{"taxonomy":"product_cat","embeddable":true,"href":"https:\/\/baubauwall.com\/et\/wp-json\/wp\/v2\/product_cat?post=10828"},{"taxonomy":"product_tag","embeddable":true,"href":"https:\/\/baubauwall.com\/et\/wp-json\/wp\/v2\/product_tag?post=10828"}],"curies":[{"name":"wp","href":"https:\/\/api.w.org\/{rel}","templated":true}]}}