{"id":10943,"date":"2022-04-26T12:51:23","date_gmt":"2022-04-26T10:51:23","guid":{"rendered":"https:\/\/baubauwall.com\/product\/cacti-clara-white-wallpaper\/"},"modified":"2022-11-28T09:39:07","modified_gmt":"2022-11-28T07:39:07","slug":"tapeet-kaktuse-klara-valge","status":"publish","type":"product","link":"https:\/\/baubauwall.com\/et\/toode\/tapeet-kaktuse-klara-valge\/","title":{"rendered":"Kaktuse Klara &#8211; valge"},"content":{"rendered":"<p>&#8220;Ja&#8230; k\u00fcll see loodus on ikka petlik&#8221; \u00fctles siil, kui kaktuse otsast alla ronis&#8230; Tegelikult, kaktused on head taimed, mida on lihtne kasvatada &#8211; ei vaja palju vett. Sama kehtib ka selle l\u00f5busa ja oman\u00e4olise tapeedi kohta. Lihtne paigalda, vett pigem ei taha &#8211; aga r\u00f5\u00f5mu toob oi kui palju! Kaktuse Klara tapeedil on illustreeritud \u00f5itsvad\u00a0 kaktused heledal taustal. M\u00f5tle, nad v\u00f5iksid \u00f5itseda ju aastaringselt Sinu seintel. Pealegi, teravate okaste p\u00e4rast ei pea muretsema!<\/p>\n<p>Nagu k\u00f5ik meie kordusmustriga tapeedid ja pilttapeedid, on ka see disain tr\u00fckitud keskkonnas\u00f5bralike v\u00e4rvidega, hingavale fliistapeedi materjalile.<\/p>\n<p>Sulle v\u00f5iks meeldida ka Kaktuse Klara tapeet tumerohelise, helesinise v\u00f5i roosa taustaga.<\/p>\n<p>&nbsp;<\/p>\n","protected":false},"excerpt":{"rendered":"<p>&#8220;Ja&#8230; k\u00fcll see loodus on ikka petlik&#8221; \u00fctles siil, kui kaktuse otsast alla ronis&#8230; Tegelikult, kaktused on head taimed, mida on lihtne kasvatada &#8211; ei vaja palju vett. Sama kehtib ka selle l\u00f5busa ja oman\u00e4olise tapeedi kohta. Lihtne paigalda, vett pigem ei taha &#8211; aga r\u00f5\u00f5mu toob oi kui palju! Kaktuse Klara tapeedil on illustreeritud [&hellip;]<\/p>\n","protected":false},"featured_media":10920,"comment_status":"open","ping_status":"closed","template":"","meta":{"_acf_changed":false,"inline_featured_image":false},"product_brand":[],"product_cat":[386,388,268,271,413,400,414,415,416,399,401,402,412,254,260,561],"product_tag":[563],"class_list":{"0":"post-10943","1":"product","2":"type-product","3":"status-publish","4":"has-post-thumbnail","6":"product_cat-kordusmustriga-tapeedid","7":"product_cat-vintage-et","8":"product_cat-kirkad-tapeedid","9":"product_cat-rohelised-tapeedid","10":"product_cat-magamistoa-tapeedid","11":"product_cat-lastetoa-tapeedid","12":"product_cat-soogitoa-tapeedid","13":"product_cat-kulalistetoa-tapeedid","14":"product_cat-esiku-tapeedid","15":"product_cat-kodukontori-tapeedid","16":"product_cat-koogi-tapeedid","17":"product_cat-elutoa-tapeedid","18":"product_cat-vannitoa-tapeedid","19":"product_cat-loodus","20":"product_cat-lilled","21":"product_cat-suvised-tapeedid","22":"product_tag-biofiilia-stiil","23":"pa_designedby-baubauwall","25":"first","26":"instock","27":"taxable","28":"shipping-taxable","29":"purchasable","30":"product-type-simple"},"acf":[],"yoast_head":"<!-- This site is optimized with the Yoast SEO plugin v25.9 - https:\/\/yoast.com\/wordpress\/plugins\/seo\/ -->\n<title>R\u00f5\u00f5msameelne muster Kaktuse Klara. R\u00e4tsepat\u00f6\u00f6na valmiv tapeet<\/title>\n<meta name=\"description\" content=\"Rphelised armsad kaktused ja lilled valgel taustal tapeet. R\u00e4tsepat\u00f6\u00f6na valmivad, sinu seina m\u00f5\u00f5dus disainid ja tapeedipaanid.\" \/>\n<meta name=\"robots\" content=\"index, follow, max-snippet:-1, max-image-preview:large, max-video-preview:-1\" \/>\n<link rel=\"canonical\" href=\"https:\/\/baubauwall.com\/et\/toode\/tapeet-kaktuse-klara-valge\/\" \/>\n<meta property=\"og:locale\" content=\"et_EE\" \/>\n<meta property=\"og:type\" content=\"article\" \/>\n<meta property=\"og:title\" content=\"R\u00f5\u00f5msameelne muster Kaktuse Klara. R\u00e4tsepat\u00f6\u00f6na valmiv tapeet\" \/>\n<meta property=\"og:description\" content=\"Rphelised armsad kaktused ja lilled valgel taustal tapeet. R\u00e4tsepat\u00f6\u00f6na valmivad, sinu seina m\u00f5\u00f5dus disainid ja tapeedipaanid.\" \/>\n<meta property=\"og:url\" content=\"https:\/\/baubauwall.com\/et\/toode\/tapeet-kaktuse-klara-valge\/\" \/>\n<meta property=\"og:site_name\" content=\"BAUBAUWALL TAPEEDID\" \/>\n<meta property=\"article:publisher\" content=\"https:\/\/www.facebook.com\/Baubauwall\" \/>\n<meta property=\"article:modified_time\" content=\"2022-11-28T07:39:07+00:00\" \/>\n<meta property=\"og:image\" content=\"https:\/\/baubauwall.com\/wp-content\/uploads\/2022\/04\/51100229_CactiClara-white_Baubauwall_Wallpaper_room05.jpg\" \/>\n\t<meta property=\"og:image:width\" content=\"1200\" \/>\n\t<meta property=\"og:image:height\" content=\"800\" \/>\n\t<meta property=\"og:image:type\" content=\"image\/jpeg\" \/>\n<meta name=\"twitter:card\" content=\"summary_large_image\" \/>\n<meta name=\"twitter:label1\" content=\"Est. reading time\" \/>\n\t<meta name=\"twitter:data1\" content=\"1 minut\" \/>\n<script type=\"application\/ld+json\" class=\"yoast-schema-graph\">{\"@context\":\"https:\/\/schema.org\",\"@graph\":[{\"@type\":\"WebPage\",\"@id\":\"https:\/\/baubauwall.com\/et\/toode\/tapeet-kaktuse-klara-valge\/\",\"url\":\"https:\/\/baubauwall.com\/et\/toode\/tapeet-kaktuse-klara-valge\/\",\"name\":\"R\u00f5\u00f5msameelne muster Kaktuse Klara. R\u00e4tsepat\u00f6\u00f6na valmiv tapeet\",\"isPartOf\":{\"@id\":\"https:\/\/baubauwall.com\/et\/#website\"},\"primaryImageOfPage\":{\"@id\":\"https:\/\/baubauwall.com\/et\/toode\/tapeet-kaktuse-klara-valge\/#primaryimage\"},\"image\":{\"@id\":\"https:\/\/baubauwall.com\/et\/toode\/tapeet-kaktuse-klara-valge\/#primaryimage\"},\"thumbnailUrl\":\"https:\/\/baubauwall.com\/wp-content\/uploads\/2022\/04\/51100229_CactiClara-white_Baubauwall_Wallpaper_room05.jpg\",\"datePublished\":\"2022-04-26T10:51:23+00:00\",\"dateModified\":\"2022-11-28T07:39:07+00:00\",\"description\":\"Rphelised armsad kaktused ja lilled valgel taustal tapeet. R\u00e4tsepat\u00f6\u00f6na valmivad, sinu seina m\u00f5\u00f5dus disainid ja tapeedipaanid.\",\"breadcrumb\":{\"@id\":\"https:\/\/baubauwall.com\/et\/toode\/tapeet-kaktuse-klara-valge\/#breadcrumb\"},\"inLanguage\":\"et\",\"potentialAction\":[{\"@type\":\"ReadAction\",\"target\":[\"https:\/\/baubauwall.com\/et\/toode\/tapeet-kaktuse-klara-valge\/\"]}]},{\"@type\":\"ImageObject\",\"inLanguage\":\"et\",\"@id\":\"https:\/\/baubauwall.com\/et\/toode\/tapeet-kaktuse-klara-valge\/#primaryimage\",\"url\":\"https:\/\/baubauwall.com\/wp-content\/uploads\/2022\/04\/51100229_CactiClara-white_Baubauwall_Wallpaper_room05.jpg\",\"contentUrl\":\"https:\/\/baubauwall.com\/wp-content\/uploads\/2022\/04\/51100229_CactiClara-white_Baubauwall_Wallpaper_room05.jpg\",\"width\":1200,\"height\":800},{\"@type\":\"BreadcrumbList\",\"@id\":\"https:\/\/baubauwall.com\/et\/toode\/tapeet-kaktuse-klara-valge\/#breadcrumb\",\"itemListElement\":[{\"@type\":\"ListItem\",\"position\":1,\"name\":\"Koju\",\"item\":\"https:\/\/baubauwall.com\/et\/\"},{\"@type\":\"ListItem\",\"position\":2,\"name\":\"Tapeedid\",\"item\":\"https:\/\/baubauwall.com\/et\/tapeedid\/\"},{\"@type\":\"ListItem\",\"position\":3,\"name\":\"Kaktuse Klara &#8211; valge\"}]},{\"@type\":\"WebSite\",\"@id\":\"https:\/\/baubauwall.com\/et\/#website\",\"url\":\"https:\/\/baubauwall.com\/et\/\",\"name\":\"BAUBAUWALL Wallpapers\",\"description\":\"Valmis paanides tapeet Eestist!\",\"publisher\":{\"@id\":\"https:\/\/baubauwall.com\/et\/#organization\"},\"potentialAction\":[{\"@type\":\"SearchAction\",\"target\":{\"@type\":\"EntryPoint\",\"urlTemplate\":\"https:\/\/baubauwall.com\/et\/?s={search_term_string}\"},\"query-input\":{\"@type\":\"PropertyValueSpecification\",\"valueRequired\":true,\"valueName\":\"search_term_string\"}}],\"inLanguage\":\"et\"},{\"@type\":\"Organization\",\"@id\":\"https:\/\/baubauwall.com\/et\/#organization\",\"name\":\"BAUBAUWALL Wallpapers\",\"url\":\"https:\/\/baubauwall.com\/et\/\",\"logo\":{\"@type\":\"ImageObject\",\"inLanguage\":\"et\",\"@id\":\"https:\/\/baubauwall.com\/et\/#\/schema\/logo\/image\/\",\"url\":\"https:\/\/baubauwall.com\/wp-content\/uploads\/2022\/03\/logo-horizontal.svg\",\"contentUrl\":\"https:\/\/baubauwall.com\/wp-content\/uploads\/2022\/03\/logo-horizontal.svg\",\"width\":\"1024\",\"height\":\"1024\",\"caption\":\"BAUBAUWALL Wallpapers\"},\"image\":{\"@id\":\"https:\/\/baubauwall.com\/et\/#\/schema\/logo\/image\/\"},\"sameAs\":[\"https:\/\/www.facebook.com\/Baubauwall\",\"https:\/\/www.instagram.com\/baubauwall\"]}]}<\/script>\n<!-- \/ Yoast SEO plugin. -->","yoast_head_json":{"title":"R\u00f5\u00f5msameelne muster Kaktuse Klara. R\u00e4tsepat\u00f6\u00f6na valmiv tapeet","description":"Rphelised armsad kaktused ja lilled valgel taustal tapeet. R\u00e4tsepat\u00f6\u00f6na valmivad, sinu seina m\u00f5\u00f5dus disainid ja tapeedipaanid.","robots":{"index":"index","follow":"follow","max-snippet":"max-snippet:-1","max-image-preview":"max-image-preview:large","max-video-preview":"max-video-preview:-1"},"canonical":"https:\/\/baubauwall.com\/et\/toode\/tapeet-kaktuse-klara-valge\/","og_locale":"et_EE","og_type":"article","og_title":"R\u00f5\u00f5msameelne muster Kaktuse Klara. R\u00e4tsepat\u00f6\u00f6na valmiv tapeet","og_description":"Rphelised armsad kaktused ja lilled valgel taustal tapeet. R\u00e4tsepat\u00f6\u00f6na valmivad, sinu seina m\u00f5\u00f5dus disainid ja tapeedipaanid.","og_url":"https:\/\/baubauwall.com\/et\/toode\/tapeet-kaktuse-klara-valge\/","og_site_name":"BAUBAUWALL TAPEEDID","article_publisher":"https:\/\/www.facebook.com\/Baubauwall","article_modified_time":"2022-11-28T07:39:07+00:00","og_image":[{"width":1200,"height":800,"url":"https:\/\/baubauwall.com\/wp-content\/uploads\/2022\/04\/51100229_CactiClara-white_Baubauwall_Wallpaper_room05.jpg","type":"image\/jpeg"}],"twitter_card":"summary_large_image","twitter_misc":{"Est. reading time":"1 minut"},"schema":{"@context":"https:\/\/schema.org","@graph":[{"@type":"WebPage","@id":"https:\/\/baubauwall.com\/et\/toode\/tapeet-kaktuse-klara-valge\/","url":"https:\/\/baubauwall.com\/et\/toode\/tapeet-kaktuse-klara-valge\/","name":"R\u00f5\u00f5msameelne muster Kaktuse Klara. R\u00e4tsepat\u00f6\u00f6na valmiv tapeet","isPartOf":{"@id":"https:\/\/baubauwall.com\/et\/#website"},"primaryImageOfPage":{"@id":"https:\/\/baubauwall.com\/et\/toode\/tapeet-kaktuse-klara-valge\/#primaryimage"},"image":{"@id":"https:\/\/baubauwall.com\/et\/toode\/tapeet-kaktuse-klara-valge\/#primaryimage"},"thumbnailUrl":"https:\/\/baubauwall.com\/wp-content\/uploads\/2022\/04\/51100229_CactiClara-white_Baubauwall_Wallpaper_room05.jpg","datePublished":"2022-04-26T10:51:23+00:00","dateModified":"2022-11-28T07:39:07+00:00","description":"Rphelised armsad kaktused ja lilled valgel taustal tapeet. R\u00e4tsepat\u00f6\u00f6na valmivad, sinu seina m\u00f5\u00f5dus disainid ja tapeedipaanid.","breadcrumb":{"@id":"https:\/\/baubauwall.com\/et\/toode\/tapeet-kaktuse-klara-valge\/#breadcrumb"},"inLanguage":"et","potentialAction":[{"@type":"ReadAction","target":["https:\/\/baubauwall.com\/et\/toode\/tapeet-kaktuse-klara-valge\/"]}]},{"@type":"ImageObject","inLanguage":"et","@id":"https:\/\/baubauwall.com\/et\/toode\/tapeet-kaktuse-klara-valge\/#primaryimage","url":"https:\/\/baubauwall.com\/wp-content\/uploads\/2022\/04\/51100229_CactiClara-white_Baubauwall_Wallpaper_room05.jpg","contentUrl":"https:\/\/baubauwall.com\/wp-content\/uploads\/2022\/04\/51100229_CactiClara-white_Baubauwall_Wallpaper_room05.jpg","width":1200,"height":800},{"@type":"BreadcrumbList","@id":"https:\/\/baubauwall.com\/et\/toode\/tapeet-kaktuse-klara-valge\/#breadcrumb","itemListElement":[{"@type":"ListItem","position":1,"name":"Koju","item":"https:\/\/baubauwall.com\/et\/"},{"@type":"ListItem","position":2,"name":"Tapeedid","item":"https:\/\/baubauwall.com\/et\/tapeedid\/"},{"@type":"ListItem","position":3,"name":"Kaktuse Klara &#8211; valge"}]},{"@type":"WebSite","@id":"https:\/\/baubauwall.com\/et\/#website","url":"https:\/\/baubauwall.com\/et\/","name":"BAUBAUWALL Wallpapers","description":"Valmis paanides tapeet Eestist!","publisher":{"@id":"https:\/\/baubauwall.com\/et\/#organization"},"potentialAction":[{"@type":"SearchAction","target":{"@type":"EntryPoint","urlTemplate":"https:\/\/baubauwall.com\/et\/?s={search_term_string}"},"query-input":{"@type":"PropertyValueSpecification","valueRequired":true,"valueName":"search_term_string"}}],"inLanguage":"et"},{"@type":"Organization","@id":"https:\/\/baubauwall.com\/et\/#organization","name":"BAUBAUWALL Wallpapers","url":"https:\/\/baubauwall.com\/et\/","logo":{"@type":"ImageObject","inLanguage":"et","@id":"https:\/\/baubauwall.com\/et\/#\/schema\/logo\/image\/","url":"https:\/\/baubauwall.com\/wp-content\/uploads\/2022\/03\/logo-horizontal.svg","contentUrl":"https:\/\/baubauwall.com\/wp-content\/uploads\/2022\/03\/logo-horizontal.svg","width":"1024","height":"1024","caption":"BAUBAUWALL Wallpapers"},"image":{"@id":"https:\/\/baubauwall.com\/et\/#\/schema\/logo\/image\/"},"sameAs":["https:\/\/www.facebook.com\/Baubauwall","https:\/\/www.instagram.com\/baubauwall"]}]}},"jetpack_sharing_enabled":true,"_links":{"self":[{"href":"https:\/\/baubauwall.com\/et\/wp-json\/wp\/v2\/product\/10943","targetHints":{"allow":["GET"]}}],"collection":[{"href":"https:\/\/baubauwall.com\/et\/wp-json\/wp\/v2\/product"}],"about":[{"href":"https:\/\/baubauwall.com\/et\/wp-json\/wp\/v2\/types\/product"}],"replies":[{"embeddable":true,"href":"https:\/\/baubauwall.com\/et\/wp-json\/wp\/v2\/comments?post=10943"}],"wp:featuredmedia":[{"embeddable":true,"href":"https:\/\/baubauwall.com\/et\/wp-json\/wp\/v2\/media\/10920"}],"wp:attachment":[{"href":"https:\/\/baubauwall.com\/et\/wp-json\/wp\/v2\/media?parent=10943"}],"wp:term":[{"taxonomy":"product_brand","embeddable":true,"href":"https:\/\/baubauwall.com\/et\/wp-json\/wp\/v2\/product_brand?post=10943"},{"taxonomy":"product_cat","embeddable":true,"href":"https:\/\/baubauwall.com\/et\/wp-json\/wp\/v2\/product_cat?post=10943"},{"taxonomy":"product_tag","embeddable":true,"href":"https:\/\/baubauwall.com\/et\/wp-json\/wp\/v2\/product_tag?post=10943"}],"curies":[{"name":"wp","href":"https:\/\/api.w.org\/{rel}","templated":true}]}}