{"id":11075,"date":"2022-04-26T12:51:17","date_gmt":"2022-04-26T10:51:17","guid":{"rendered":"https:\/\/baubauwall.com\/product\/wallpaper-floral-filippa-light-grey\/"},"modified":"2024-08-06T12:34:03","modified_gmt":"2024-08-06T10:34:03","slug":"tapeet-bauabau-tapiline","status":"publish","type":"product","link":"https:\/\/baubauwall.com\/et\/toode\/tapeet-bauabau-tapiline\/","title":{"rendered":"Baubau t\u00e4pid &#8211; hall"},"content":{"rendered":"<p>Hallikate akvarellidega t\u00e4pitatud t\u00e4piline tapeet! T\u00e4piline tapeet on alati ajatu klassika, mis v\u00f5ib interj\u00f6\u00f6ris p\u00fcsida kaua. Valgel taustal on t\u00e4pid, mis ei ole p\u00e4ris s\u00fcmmeetrilised &#8211; miks peaks k\u00f5ik olema nii korrap\u00e4rane? Valgel taustal mustad-hallid t\u00e4pid sobivad nii kodukontori tapeediks kui ka mujale. Olgu tegemist lastetoa, magamistoa v\u00f5i elutoa seintega, see tapeet loob klassikalise, r\u00f5\u00f5msa ja positiivse \u00f5hkkonna. Tapeet, mida saab edukalt kasutada \u00fcksikul aktsentseinal kui ka mitmel seinal korraga.<\/p>\n<p>Nagu k\u00f5ik meie tapeedid, pilttapeedid ja fototapeedid, on ka see disain tr\u00fckitud keskkonnas\u00f5bralike v\u00e4rvidega, hingavale fliistapeedi materjalile. Loe lisaks j\u00e4\u00e4kidevabast tootmisest\u00a0<a href=\"https:\/\/baubauwall.com\/et\/keskkonnasobralikud-tapeedid\/\" target=\"_blank\" rel=\"noopener\">siin.\u00a0<\/a><\/p>\n","protected":false},"excerpt":{"rendered":"<p>Hallikate akvarellidega t\u00e4pitatud t\u00e4piline tapeet! T\u00e4piline tapeet on alati ajatu klassika, mis v\u00f5ib interj\u00f6\u00f6ris p\u00fcsida kaua. Valgel taustal on t\u00e4pid, mis ei ole p\u00e4ris s\u00fcmmeetrilised &#8211; miks peaks k\u00f5ik olema nii korrap\u00e4rane? Valgel taustal mustad-hallid t\u00e4pid sobivad nii kodukontori tapeediks kui ka mujale. Olgu tegemist lastetoa, magamistoa v\u00f5i elutoa seintega, see tapeet loob klassikalise, r\u00f5\u00f5msa [&hellip;]<\/p>\n","protected":false},"featured_media":16613,"comment_status":"open","ping_status":"closed","template":"","meta":{"_acf_changed":false,"inline_featured_image":false},"product_brand":[],"product_cat":[386,404,406,396,272,273,413,414,415,416,399,402],"product_tag":[316,381],"class_list":{"0":"post-11075","1":"product","2":"type-product","3":"status-publish","4":"has-post-thumbnail","6":"product_cat-kordusmustriga-tapeedid","7":"product_cat-abstraktne","8":"product_cat-klassika","9":"product_cat-skandinaavia","10":"product_cat-hallid-tapeedid","11":"product_cat-heledad-tapeedid","12":"product_cat-magamistoa-tapeedid","13":"product_cat-soogitoa-tapeedid","14":"product_cat-kulalistetoa-tapeedid","15":"product_cat-esiku-tapeedid","16":"product_cat-kodukontori-tapeedid","17":"product_cat-elutoa-tapeedid","18":"product_tag-tapid-mummud","19":"product_tag-vesivarv","20":"pa_designedby-baubauwall","22":"first","23":"instock","24":"taxable","25":"shipping-taxable","26":"purchasable","27":"product-type-simple"},"acf":[],"yoast_head":"<!-- This site is optimized with the Yoast SEO plugin v25.9 - https:\/\/yoast.com\/wordpress\/plugins\/seo\/ -->\n<title>Hallid vesiv\u00e4rvi t\u00e4pid - t\u00e4piline tapeet Baubau. Sinu seina m\u00f5\u00f5dus<\/title>\n<meta name=\"description\" content=\"T\u00e4piline tapeet hallide vesiv\u00e4rvi t\u00e4ppidega. Tapeedidisain, mis sobib erinevatesse tubadesse. R\u00e4tsepat\u00f6\u00f6na valmivad tapeedid.\" \/>\n<meta name=\"robots\" content=\"index, follow, max-snippet:-1, max-image-preview:large, max-video-preview:-1\" \/>\n<link rel=\"canonical\" href=\"https:\/\/baubauwall.com\/et\/toode\/tapeet-bauabau-tapiline\/\" \/>\n<meta property=\"og:locale\" content=\"et_EE\" \/>\n<meta property=\"og:type\" content=\"article\" \/>\n<meta property=\"og:title\" content=\"Hallid vesiv\u00e4rvi t\u00e4pid - t\u00e4piline tapeet Baubau. Sinu seina m\u00f5\u00f5dus\" \/>\n<meta property=\"og:description\" content=\"T\u00e4piline tapeet hallide vesiv\u00e4rvi t\u00e4ppidega. Tapeedidisain, mis sobib erinevatesse tubadesse. R\u00e4tsepat\u00f6\u00f6na valmivad tapeedid.\" \/>\n<meta property=\"og:url\" content=\"https:\/\/baubauwall.com\/et\/toode\/tapeet-bauabau-tapiline\/\" \/>\n<meta property=\"og:site_name\" content=\"BAUBAUWALL TAPEEDID\" \/>\n<meta property=\"article:publisher\" content=\"https:\/\/www.facebook.com\/Baubauwall\" \/>\n<meta property=\"article:modified_time\" content=\"2024-08-06T10:34:03+00:00\" \/>\n<meta property=\"og:image\" content=\"https:\/\/baubauwall.com\/wp-content\/uploads\/2022\/04\/51100226_BauBauDots-grey_Baubauwall_Wallpaper_room3-2.jpg\" \/>\n\t<meta property=\"og:image:width\" content=\"533\" \/>\n\t<meta property=\"og:image:height\" content=\"800\" \/>\n\t<meta property=\"og:image:type\" content=\"image\/jpeg\" \/>\n<meta name=\"twitter:card\" content=\"summary_large_image\" \/>\n<meta name=\"twitter:label1\" content=\"Est. reading time\" \/>\n\t<meta name=\"twitter:data1\" content=\"1 minut\" \/>\n<script type=\"application\/ld+json\" class=\"yoast-schema-graph\">{\"@context\":\"https:\/\/schema.org\",\"@graph\":[{\"@type\":\"WebPage\",\"@id\":\"https:\/\/baubauwall.com\/et\/toode\/tapeet-bauabau-tapiline\/\",\"url\":\"https:\/\/baubauwall.com\/et\/toode\/tapeet-bauabau-tapiline\/\",\"name\":\"Hallid vesiv\u00e4rvi t\u00e4pid - t\u00e4piline tapeet Baubau. Sinu seina m\u00f5\u00f5dus\",\"isPartOf\":{\"@id\":\"https:\/\/baubauwall.com\/et\/#website\"},\"primaryImageOfPage\":{\"@id\":\"https:\/\/baubauwall.com\/et\/toode\/tapeet-bauabau-tapiline\/#primaryimage\"},\"image\":{\"@id\":\"https:\/\/baubauwall.com\/et\/toode\/tapeet-bauabau-tapiline\/#primaryimage\"},\"thumbnailUrl\":\"https:\/\/baubauwall.com\/wp-content\/uploads\/2022\/04\/51100226_BauBauDots-grey_Baubauwall_Wallpaper_room3-2.jpg\",\"datePublished\":\"2022-04-26T10:51:17+00:00\",\"dateModified\":\"2024-08-06T10:34:03+00:00\",\"description\":\"T\u00e4piline tapeet hallide vesiv\u00e4rvi t\u00e4ppidega. Tapeedidisain, mis sobib erinevatesse tubadesse. R\u00e4tsepat\u00f6\u00f6na valmivad tapeedid.\",\"breadcrumb\":{\"@id\":\"https:\/\/baubauwall.com\/et\/toode\/tapeet-bauabau-tapiline\/#breadcrumb\"},\"inLanguage\":\"et\",\"potentialAction\":[{\"@type\":\"ReadAction\",\"target\":[\"https:\/\/baubauwall.com\/et\/toode\/tapeet-bauabau-tapiline\/\"]}]},{\"@type\":\"ImageObject\",\"inLanguage\":\"et\",\"@id\":\"https:\/\/baubauwall.com\/et\/toode\/tapeet-bauabau-tapiline\/#primaryimage\",\"url\":\"https:\/\/baubauwall.com\/wp-content\/uploads\/2022\/04\/51100226_BauBauDots-grey_Baubauwall_Wallpaper_room3-2.jpg\",\"contentUrl\":\"https:\/\/baubauwall.com\/wp-content\/uploads\/2022\/04\/51100226_BauBauDots-grey_Baubauwall_Wallpaper_room3-2.jpg\",\"width\":533,\"height\":800},{\"@type\":\"BreadcrumbList\",\"@id\":\"https:\/\/baubauwall.com\/et\/toode\/tapeet-bauabau-tapiline\/#breadcrumb\",\"itemListElement\":[{\"@type\":\"ListItem\",\"position\":1,\"name\":\"Koju\",\"item\":\"https:\/\/baubauwall.com\/et\/\"},{\"@type\":\"ListItem\",\"position\":2,\"name\":\"Tapeedid\",\"item\":\"https:\/\/baubauwall.com\/et\/tapeedid\/\"},{\"@type\":\"ListItem\",\"position\":3,\"name\":\"Baubau t\u00e4pid &#8211; hall\"}]},{\"@type\":\"WebSite\",\"@id\":\"https:\/\/baubauwall.com\/et\/#website\",\"url\":\"https:\/\/baubauwall.com\/et\/\",\"name\":\"BAUBAUWALL Wallpapers\",\"description\":\"Valmis paanides tapeet Eestist!\",\"publisher\":{\"@id\":\"https:\/\/baubauwall.com\/et\/#organization\"},\"potentialAction\":[{\"@type\":\"SearchAction\",\"target\":{\"@type\":\"EntryPoint\",\"urlTemplate\":\"https:\/\/baubauwall.com\/et\/?s={search_term_string}\"},\"query-input\":{\"@type\":\"PropertyValueSpecification\",\"valueRequired\":true,\"valueName\":\"search_term_string\"}}],\"inLanguage\":\"et\"},{\"@type\":\"Organization\",\"@id\":\"https:\/\/baubauwall.com\/et\/#organization\",\"name\":\"BAUBAUWALL Wallpapers\",\"url\":\"https:\/\/baubauwall.com\/et\/\",\"logo\":{\"@type\":\"ImageObject\",\"inLanguage\":\"et\",\"@id\":\"https:\/\/baubauwall.com\/et\/#\/schema\/logo\/image\/\",\"url\":\"https:\/\/baubauwall.com\/wp-content\/uploads\/2022\/03\/logo-horizontal.svg\",\"contentUrl\":\"https:\/\/baubauwall.com\/wp-content\/uploads\/2022\/03\/logo-horizontal.svg\",\"width\":\"1024\",\"height\":\"1024\",\"caption\":\"BAUBAUWALL Wallpapers\"},\"image\":{\"@id\":\"https:\/\/baubauwall.com\/et\/#\/schema\/logo\/image\/\"},\"sameAs\":[\"https:\/\/www.facebook.com\/Baubauwall\",\"https:\/\/www.instagram.com\/baubauwall\"]}]}<\/script>\n<!-- \/ Yoast SEO plugin. -->","yoast_head_json":{"title":"Hallid vesiv\u00e4rvi t\u00e4pid - t\u00e4piline tapeet Baubau. Sinu seina m\u00f5\u00f5dus","description":"T\u00e4piline tapeet hallide vesiv\u00e4rvi t\u00e4ppidega. Tapeedidisain, mis sobib erinevatesse tubadesse. R\u00e4tsepat\u00f6\u00f6na valmivad tapeedid.","robots":{"index":"index","follow":"follow","max-snippet":"max-snippet:-1","max-image-preview":"max-image-preview:large","max-video-preview":"max-video-preview:-1"},"canonical":"https:\/\/baubauwall.com\/et\/toode\/tapeet-bauabau-tapiline\/","og_locale":"et_EE","og_type":"article","og_title":"Hallid vesiv\u00e4rvi t\u00e4pid - t\u00e4piline tapeet Baubau. Sinu seina m\u00f5\u00f5dus","og_description":"T\u00e4piline tapeet hallide vesiv\u00e4rvi t\u00e4ppidega. Tapeedidisain, mis sobib erinevatesse tubadesse. R\u00e4tsepat\u00f6\u00f6na valmivad tapeedid.","og_url":"https:\/\/baubauwall.com\/et\/toode\/tapeet-bauabau-tapiline\/","og_site_name":"BAUBAUWALL TAPEEDID","article_publisher":"https:\/\/www.facebook.com\/Baubauwall","article_modified_time":"2024-08-06T10:34:03+00:00","og_image":[{"width":533,"height":800,"url":"https:\/\/baubauwall.com\/wp-content\/uploads\/2022\/04\/51100226_BauBauDots-grey_Baubauwall_Wallpaper_room3-2.jpg","type":"image\/jpeg"}],"twitter_card":"summary_large_image","twitter_misc":{"Est. reading time":"1 minut"},"schema":{"@context":"https:\/\/schema.org","@graph":[{"@type":"WebPage","@id":"https:\/\/baubauwall.com\/et\/toode\/tapeet-bauabau-tapiline\/","url":"https:\/\/baubauwall.com\/et\/toode\/tapeet-bauabau-tapiline\/","name":"Hallid vesiv\u00e4rvi t\u00e4pid - t\u00e4piline tapeet Baubau. Sinu seina m\u00f5\u00f5dus","isPartOf":{"@id":"https:\/\/baubauwall.com\/et\/#website"},"primaryImageOfPage":{"@id":"https:\/\/baubauwall.com\/et\/toode\/tapeet-bauabau-tapiline\/#primaryimage"},"image":{"@id":"https:\/\/baubauwall.com\/et\/toode\/tapeet-bauabau-tapiline\/#primaryimage"},"thumbnailUrl":"https:\/\/baubauwall.com\/wp-content\/uploads\/2022\/04\/51100226_BauBauDots-grey_Baubauwall_Wallpaper_room3-2.jpg","datePublished":"2022-04-26T10:51:17+00:00","dateModified":"2024-08-06T10:34:03+00:00","description":"T\u00e4piline tapeet hallide vesiv\u00e4rvi t\u00e4ppidega. Tapeedidisain, mis sobib erinevatesse tubadesse. R\u00e4tsepat\u00f6\u00f6na valmivad tapeedid.","breadcrumb":{"@id":"https:\/\/baubauwall.com\/et\/toode\/tapeet-bauabau-tapiline\/#breadcrumb"},"inLanguage":"et","potentialAction":[{"@type":"ReadAction","target":["https:\/\/baubauwall.com\/et\/toode\/tapeet-bauabau-tapiline\/"]}]},{"@type":"ImageObject","inLanguage":"et","@id":"https:\/\/baubauwall.com\/et\/toode\/tapeet-bauabau-tapiline\/#primaryimage","url":"https:\/\/baubauwall.com\/wp-content\/uploads\/2022\/04\/51100226_BauBauDots-grey_Baubauwall_Wallpaper_room3-2.jpg","contentUrl":"https:\/\/baubauwall.com\/wp-content\/uploads\/2022\/04\/51100226_BauBauDots-grey_Baubauwall_Wallpaper_room3-2.jpg","width":533,"height":800},{"@type":"BreadcrumbList","@id":"https:\/\/baubauwall.com\/et\/toode\/tapeet-bauabau-tapiline\/#breadcrumb","itemListElement":[{"@type":"ListItem","position":1,"name":"Koju","item":"https:\/\/baubauwall.com\/et\/"},{"@type":"ListItem","position":2,"name":"Tapeedid","item":"https:\/\/baubauwall.com\/et\/tapeedid\/"},{"@type":"ListItem","position":3,"name":"Baubau t\u00e4pid &#8211; hall"}]},{"@type":"WebSite","@id":"https:\/\/baubauwall.com\/et\/#website","url":"https:\/\/baubauwall.com\/et\/","name":"BAUBAUWALL Wallpapers","description":"Valmis paanides tapeet Eestist!","publisher":{"@id":"https:\/\/baubauwall.com\/et\/#organization"},"potentialAction":[{"@type":"SearchAction","target":{"@type":"EntryPoint","urlTemplate":"https:\/\/baubauwall.com\/et\/?s={search_term_string}"},"query-input":{"@type":"PropertyValueSpecification","valueRequired":true,"valueName":"search_term_string"}}],"inLanguage":"et"},{"@type":"Organization","@id":"https:\/\/baubauwall.com\/et\/#organization","name":"BAUBAUWALL Wallpapers","url":"https:\/\/baubauwall.com\/et\/","logo":{"@type":"ImageObject","inLanguage":"et","@id":"https:\/\/baubauwall.com\/et\/#\/schema\/logo\/image\/","url":"https:\/\/baubauwall.com\/wp-content\/uploads\/2022\/03\/logo-horizontal.svg","contentUrl":"https:\/\/baubauwall.com\/wp-content\/uploads\/2022\/03\/logo-horizontal.svg","width":"1024","height":"1024","caption":"BAUBAUWALL Wallpapers"},"image":{"@id":"https:\/\/baubauwall.com\/et\/#\/schema\/logo\/image\/"},"sameAs":["https:\/\/www.facebook.com\/Baubauwall","https:\/\/www.instagram.com\/baubauwall"]}]}},"jetpack_sharing_enabled":true,"_links":{"self":[{"href":"https:\/\/baubauwall.com\/et\/wp-json\/wp\/v2\/product\/11075","targetHints":{"allow":["GET"]}}],"collection":[{"href":"https:\/\/baubauwall.com\/et\/wp-json\/wp\/v2\/product"}],"about":[{"href":"https:\/\/baubauwall.com\/et\/wp-json\/wp\/v2\/types\/product"}],"replies":[{"embeddable":true,"href":"https:\/\/baubauwall.com\/et\/wp-json\/wp\/v2\/comments?post=11075"}],"wp:featuredmedia":[{"embeddable":true,"href":"https:\/\/baubauwall.com\/et\/wp-json\/wp\/v2\/media\/16613"}],"wp:attachment":[{"href":"https:\/\/baubauwall.com\/et\/wp-json\/wp\/v2\/media?parent=11075"}],"wp:term":[{"taxonomy":"product_brand","embeddable":true,"href":"https:\/\/baubauwall.com\/et\/wp-json\/wp\/v2\/product_brand?post=11075"},{"taxonomy":"product_cat","embeddable":true,"href":"https:\/\/baubauwall.com\/et\/wp-json\/wp\/v2\/product_cat?post=11075"},{"taxonomy":"product_tag","embeddable":true,"href":"https:\/\/baubauwall.com\/et\/wp-json\/wp\/v2\/product_tag?post=11075"}],"curies":[{"name":"wp","href":"https:\/\/api.w.org\/{rel}","templated":true}]}}