{"id":11111,"date":"2022-04-26T12:51:19","date_gmt":"2022-04-26T10:51:19","guid":{"rendered":"https:\/\/baubauwall.com\/product\/wallpaper-floral-filippa-ivory\/"},"modified":"2022-11-28T09:39:18","modified_gmt":"2022-11-28T07:39:18","slug":"tapeet-lilleline-filippa-elevandiluu","status":"publish","type":"product","link":"https:\/\/baubauwall.com\/et\/toode\/tapeet-lilleline-filippa-elevandiluu\/","title":{"rendered":"Lilleline Filippa &#8211; elevandiluu"},"content":{"rendered":"<p>Kaunilt detailne, kaleidoskoopiline lilleline tapeedimuster, mis on lihtsalt nii ilus! Veidi juugendi stiilist inspireeritud illustreeritud lilled toovad valitud interj\u00f6\u00f6ri l\u00f5hnava lilleaia. Avasta tapeedi mustrisse peidetud liblikad ja putukad, kes kelmikalt lendavad \u00f5ielt \u00f5iele. Sobita Lilleline Filippa tapeet antiikm\u00f6\u00f6bliga sisustatud elutoa v\u00f5i magamistoa seinale.<\/p>\n<p>Floral Filippa tapeet on saadaval ka tumesinise, valge, helerohelise ja\u00a0 helesinise toonis.<\/p>\n","protected":false},"excerpt":{"rendered":"<p>Kaunilt detailne, kaleidoskoopiline lilleline tapeedimuster, mis on lihtsalt nii ilus! Veidi juugendi stiilist inspireeritud illustreeritud lilled toovad valitud interj\u00f6\u00f6ri l\u00f5hnava lilleaia. Avasta tapeedi mustrisse peidetud liblikad ja putukad, kes kelmikalt lendavad \u00f5ielt \u00f5iele. Sobita Lilleline Filippa tapeet antiikm\u00f6\u00f6bliga sisustatud elutoa v\u00f5i magamistoa seinale. Floral Filippa tapeet on saadaval ka tumesinise, valge, helerohelise ja\u00a0 helesinise toonis.<\/p>\n","protected":false},"featured_media":11109,"comment_status":"open","ping_status":"closed","template":"","meta":{"_acf_changed":false,"inline_featured_image":false},"product_brand":[],"product_cat":[386,395,406,405,388,265,268,413,414,415,416,399,401,402,412,254,258,260],"product_tag":[584,298,695],"class_list":{"0":"post-11111","1":"product","2":"type-product","3":"status-publish","4":"has-post-thumbnail","6":"product_cat-kordusmustriga-tapeedid","7":"product_cat-romantiline","8":"product_cat-klassika","9":"product_cat-art-deco","10":"product_cat-vintage-et","11":"product_cat-beezid-tapeedid","12":"product_cat-kirkad-tapeedid","13":"product_cat-magamistoa-tapeedid","14":"product_cat-soogitoa-tapeedid","15":"product_cat-kulalistetoa-tapeedid","16":"product_cat-esiku-tapeedid","17":"product_cat-kodukontori-tapeedid","18":"product_cat-koogi-tapeedid","19":"product_cat-elutoa-tapeedid","20":"product_cat-vannitoa-tapeedid","21":"product_cat-loodus","22":"product_cat-putukad-liblikad","23":"product_cat-lilled","24":"product_tag-boho-et","25":"product_tag-botaaniline","26":"product_tag-eesti-disain-tapeedid","27":"pa_designedby-baubauwall","29":"first","30":"instock","31":"taxable","32":"shipping-taxable","33":"purchasable","34":"product-type-simple"},"acf":[],"yoast_head":"<!-- This site is optimized with the Yoast SEO plugin v25.9 - https:\/\/yoast.com\/wordpress\/plugins\/seo\/ -->\n<title>Hele, lilleline, \u00f5ite, liblikatega kaunis tapeet Filippa. Sinu seina m\u00f5\u00f5dus.<\/title>\n<meta name=\"description\" content=\"Tapeet Filippa. Art deco stiilis romantiline hele muster. Lilleline disain, mis sobib erinevatesse tubadesse. R\u00e4tsepat\u00f6\u00f6na valmivad tapeedid.\" \/>\n<meta name=\"robots\" content=\"index, follow, max-snippet:-1, max-image-preview:large, max-video-preview:-1\" \/>\n<link rel=\"canonical\" href=\"https:\/\/baubauwall.com\/et\/toode\/tapeet-lilleline-filippa-elevandiluu\/\" \/>\n<meta property=\"og:locale\" content=\"et_EE\" \/>\n<meta property=\"og:type\" content=\"article\" \/>\n<meta property=\"og:title\" content=\"Hele, lilleline, \u00f5ite, liblikatega kaunis tapeet Filippa. Sinu seina m\u00f5\u00f5dus.\" \/>\n<meta property=\"og:description\" content=\"Tapeet Filippa. Art deco stiilis romantiline hele muster. Lilleline disain, mis sobib erinevatesse tubadesse. R\u00e4tsepat\u00f6\u00f6na valmivad tapeedid.\" \/>\n<meta property=\"og:url\" content=\"https:\/\/baubauwall.com\/et\/toode\/tapeet-lilleline-filippa-elevandiluu\/\" \/>\n<meta property=\"og:site_name\" content=\"BAUBAUWALL TAPEEDID\" \/>\n<meta property=\"article:publisher\" content=\"https:\/\/www.facebook.com\/Baubauwall\" \/>\n<meta property=\"article:modified_time\" content=\"2022-11-28T07:39:18+00:00\" \/>\n<meta property=\"og:image\" content=\"https:\/\/baubauwall.com\/wp-content\/uploads\/2022\/04\/51100227_FloralFilippa-ivory_Baubauwall_Wallpaper_room03.jpg\" \/>\n\t<meta property=\"og:image:width\" content=\"1056\" \/>\n\t<meta property=\"og:image:height\" content=\"800\" \/>\n\t<meta property=\"og:image:type\" content=\"image\/jpeg\" \/>\n<meta name=\"twitter:card\" content=\"summary_large_image\" \/>\n<meta name=\"twitter:label1\" content=\"Est. reading time\" \/>\n\t<meta name=\"twitter:data1\" content=\"1 minut\" \/>\n<script type=\"application\/ld+json\" class=\"yoast-schema-graph\">{\"@context\":\"https:\/\/schema.org\",\"@graph\":[{\"@type\":\"WebPage\",\"@id\":\"https:\/\/baubauwall.com\/et\/toode\/tapeet-lilleline-filippa-elevandiluu\/\",\"url\":\"https:\/\/baubauwall.com\/et\/toode\/tapeet-lilleline-filippa-elevandiluu\/\",\"name\":\"Hele, lilleline, \u00f5ite, liblikatega kaunis tapeet Filippa. Sinu seina m\u00f5\u00f5dus.\",\"isPartOf\":{\"@id\":\"https:\/\/baubauwall.com\/et\/#website\"},\"primaryImageOfPage\":{\"@id\":\"https:\/\/baubauwall.com\/et\/toode\/tapeet-lilleline-filippa-elevandiluu\/#primaryimage\"},\"image\":{\"@id\":\"https:\/\/baubauwall.com\/et\/toode\/tapeet-lilleline-filippa-elevandiluu\/#primaryimage\"},\"thumbnailUrl\":\"https:\/\/baubauwall.com\/wp-content\/uploads\/2022\/04\/51100227_FloralFilippa-ivory_Baubauwall_Wallpaper_room03.jpg\",\"datePublished\":\"2022-04-26T10:51:19+00:00\",\"dateModified\":\"2022-11-28T07:39:18+00:00\",\"description\":\"Tapeet Filippa. Art deco stiilis romantiline hele muster. Lilleline disain, mis sobib erinevatesse tubadesse. R\u00e4tsepat\u00f6\u00f6na valmivad tapeedid.\",\"breadcrumb\":{\"@id\":\"https:\/\/baubauwall.com\/et\/toode\/tapeet-lilleline-filippa-elevandiluu\/#breadcrumb\"},\"inLanguage\":\"et\",\"potentialAction\":[{\"@type\":\"ReadAction\",\"target\":[\"https:\/\/baubauwall.com\/et\/toode\/tapeet-lilleline-filippa-elevandiluu\/\"]}]},{\"@type\":\"ImageObject\",\"inLanguage\":\"et\",\"@id\":\"https:\/\/baubauwall.com\/et\/toode\/tapeet-lilleline-filippa-elevandiluu\/#primaryimage\",\"url\":\"https:\/\/baubauwall.com\/wp-content\/uploads\/2022\/04\/51100227_FloralFilippa-ivory_Baubauwall_Wallpaper_room03.jpg\",\"contentUrl\":\"https:\/\/baubauwall.com\/wp-content\/uploads\/2022\/04\/51100227_FloralFilippa-ivory_Baubauwall_Wallpaper_room03.jpg\",\"width\":1056,\"height\":800},{\"@type\":\"BreadcrumbList\",\"@id\":\"https:\/\/baubauwall.com\/et\/toode\/tapeet-lilleline-filippa-elevandiluu\/#breadcrumb\",\"itemListElement\":[{\"@type\":\"ListItem\",\"position\":1,\"name\":\"Koju\",\"item\":\"https:\/\/baubauwall.com\/et\/\"},{\"@type\":\"ListItem\",\"position\":2,\"name\":\"Tapeedid\",\"item\":\"https:\/\/baubauwall.com\/et\/tapeedid\/\"},{\"@type\":\"ListItem\",\"position\":3,\"name\":\"Lilleline Filippa &#8211; elevandiluu\"}]},{\"@type\":\"WebSite\",\"@id\":\"https:\/\/baubauwall.com\/et\/#website\",\"url\":\"https:\/\/baubauwall.com\/et\/\",\"name\":\"BAUBAUWALL Wallpapers\",\"description\":\"Valmis paanides tapeet Eestist!\",\"publisher\":{\"@id\":\"https:\/\/baubauwall.com\/et\/#organization\"},\"potentialAction\":[{\"@type\":\"SearchAction\",\"target\":{\"@type\":\"EntryPoint\",\"urlTemplate\":\"https:\/\/baubauwall.com\/et\/?s={search_term_string}\"},\"query-input\":{\"@type\":\"PropertyValueSpecification\",\"valueRequired\":true,\"valueName\":\"search_term_string\"}}],\"inLanguage\":\"et\"},{\"@type\":\"Organization\",\"@id\":\"https:\/\/baubauwall.com\/et\/#organization\",\"name\":\"BAUBAUWALL Wallpapers\",\"url\":\"https:\/\/baubauwall.com\/et\/\",\"logo\":{\"@type\":\"ImageObject\",\"inLanguage\":\"et\",\"@id\":\"https:\/\/baubauwall.com\/et\/#\/schema\/logo\/image\/\",\"url\":\"https:\/\/baubauwall.com\/wp-content\/uploads\/2022\/03\/logo-horizontal.svg\",\"contentUrl\":\"https:\/\/baubauwall.com\/wp-content\/uploads\/2022\/03\/logo-horizontal.svg\",\"width\":\"1024\",\"height\":\"1024\",\"caption\":\"BAUBAUWALL Wallpapers\"},\"image\":{\"@id\":\"https:\/\/baubauwall.com\/et\/#\/schema\/logo\/image\/\"},\"sameAs\":[\"https:\/\/www.facebook.com\/Baubauwall\",\"https:\/\/www.instagram.com\/baubauwall\"]}]}<\/script>\n<!-- \/ Yoast SEO plugin. -->","yoast_head_json":{"title":"Hele, lilleline, \u00f5ite, liblikatega kaunis tapeet Filippa. Sinu seina m\u00f5\u00f5dus.","description":"Tapeet Filippa. Art deco stiilis romantiline hele muster. Lilleline disain, mis sobib erinevatesse tubadesse. R\u00e4tsepat\u00f6\u00f6na valmivad tapeedid.","robots":{"index":"index","follow":"follow","max-snippet":"max-snippet:-1","max-image-preview":"max-image-preview:large","max-video-preview":"max-video-preview:-1"},"canonical":"https:\/\/baubauwall.com\/et\/toode\/tapeet-lilleline-filippa-elevandiluu\/","og_locale":"et_EE","og_type":"article","og_title":"Hele, lilleline, \u00f5ite, liblikatega kaunis tapeet Filippa. Sinu seina m\u00f5\u00f5dus.","og_description":"Tapeet Filippa. Art deco stiilis romantiline hele muster. Lilleline disain, mis sobib erinevatesse tubadesse. R\u00e4tsepat\u00f6\u00f6na valmivad tapeedid.","og_url":"https:\/\/baubauwall.com\/et\/toode\/tapeet-lilleline-filippa-elevandiluu\/","og_site_name":"BAUBAUWALL TAPEEDID","article_publisher":"https:\/\/www.facebook.com\/Baubauwall","article_modified_time":"2022-11-28T07:39:18+00:00","og_image":[{"width":1056,"height":800,"url":"https:\/\/baubauwall.com\/wp-content\/uploads\/2022\/04\/51100227_FloralFilippa-ivory_Baubauwall_Wallpaper_room03.jpg","type":"image\/jpeg"}],"twitter_card":"summary_large_image","twitter_misc":{"Est. reading time":"1 minut"},"schema":{"@context":"https:\/\/schema.org","@graph":[{"@type":"WebPage","@id":"https:\/\/baubauwall.com\/et\/toode\/tapeet-lilleline-filippa-elevandiluu\/","url":"https:\/\/baubauwall.com\/et\/toode\/tapeet-lilleline-filippa-elevandiluu\/","name":"Hele, lilleline, \u00f5ite, liblikatega kaunis tapeet Filippa. Sinu seina m\u00f5\u00f5dus.","isPartOf":{"@id":"https:\/\/baubauwall.com\/et\/#website"},"primaryImageOfPage":{"@id":"https:\/\/baubauwall.com\/et\/toode\/tapeet-lilleline-filippa-elevandiluu\/#primaryimage"},"image":{"@id":"https:\/\/baubauwall.com\/et\/toode\/tapeet-lilleline-filippa-elevandiluu\/#primaryimage"},"thumbnailUrl":"https:\/\/baubauwall.com\/wp-content\/uploads\/2022\/04\/51100227_FloralFilippa-ivory_Baubauwall_Wallpaper_room03.jpg","datePublished":"2022-04-26T10:51:19+00:00","dateModified":"2022-11-28T07:39:18+00:00","description":"Tapeet Filippa. Art deco stiilis romantiline hele muster. Lilleline disain, mis sobib erinevatesse tubadesse. R\u00e4tsepat\u00f6\u00f6na valmivad tapeedid.","breadcrumb":{"@id":"https:\/\/baubauwall.com\/et\/toode\/tapeet-lilleline-filippa-elevandiluu\/#breadcrumb"},"inLanguage":"et","potentialAction":[{"@type":"ReadAction","target":["https:\/\/baubauwall.com\/et\/toode\/tapeet-lilleline-filippa-elevandiluu\/"]}]},{"@type":"ImageObject","inLanguage":"et","@id":"https:\/\/baubauwall.com\/et\/toode\/tapeet-lilleline-filippa-elevandiluu\/#primaryimage","url":"https:\/\/baubauwall.com\/wp-content\/uploads\/2022\/04\/51100227_FloralFilippa-ivory_Baubauwall_Wallpaper_room03.jpg","contentUrl":"https:\/\/baubauwall.com\/wp-content\/uploads\/2022\/04\/51100227_FloralFilippa-ivory_Baubauwall_Wallpaper_room03.jpg","width":1056,"height":800},{"@type":"BreadcrumbList","@id":"https:\/\/baubauwall.com\/et\/toode\/tapeet-lilleline-filippa-elevandiluu\/#breadcrumb","itemListElement":[{"@type":"ListItem","position":1,"name":"Koju","item":"https:\/\/baubauwall.com\/et\/"},{"@type":"ListItem","position":2,"name":"Tapeedid","item":"https:\/\/baubauwall.com\/et\/tapeedid\/"},{"@type":"ListItem","position":3,"name":"Lilleline Filippa &#8211; elevandiluu"}]},{"@type":"WebSite","@id":"https:\/\/baubauwall.com\/et\/#website","url":"https:\/\/baubauwall.com\/et\/","name":"BAUBAUWALL Wallpapers","description":"Valmis paanides tapeet Eestist!","publisher":{"@id":"https:\/\/baubauwall.com\/et\/#organization"},"potentialAction":[{"@type":"SearchAction","target":{"@type":"EntryPoint","urlTemplate":"https:\/\/baubauwall.com\/et\/?s={search_term_string}"},"query-input":{"@type":"PropertyValueSpecification","valueRequired":true,"valueName":"search_term_string"}}],"inLanguage":"et"},{"@type":"Organization","@id":"https:\/\/baubauwall.com\/et\/#organization","name":"BAUBAUWALL Wallpapers","url":"https:\/\/baubauwall.com\/et\/","logo":{"@type":"ImageObject","inLanguage":"et","@id":"https:\/\/baubauwall.com\/et\/#\/schema\/logo\/image\/","url":"https:\/\/baubauwall.com\/wp-content\/uploads\/2022\/03\/logo-horizontal.svg","contentUrl":"https:\/\/baubauwall.com\/wp-content\/uploads\/2022\/03\/logo-horizontal.svg","width":"1024","height":"1024","caption":"BAUBAUWALL Wallpapers"},"image":{"@id":"https:\/\/baubauwall.com\/et\/#\/schema\/logo\/image\/"},"sameAs":["https:\/\/www.facebook.com\/Baubauwall","https:\/\/www.instagram.com\/baubauwall"]}]}},"jetpack_sharing_enabled":true,"_links":{"self":[{"href":"https:\/\/baubauwall.com\/et\/wp-json\/wp\/v2\/product\/11111","targetHints":{"allow":["GET"]}}],"collection":[{"href":"https:\/\/baubauwall.com\/et\/wp-json\/wp\/v2\/product"}],"about":[{"href":"https:\/\/baubauwall.com\/et\/wp-json\/wp\/v2\/types\/product"}],"replies":[{"embeddable":true,"href":"https:\/\/baubauwall.com\/et\/wp-json\/wp\/v2\/comments?post=11111"}],"wp:featuredmedia":[{"embeddable":true,"href":"https:\/\/baubauwall.com\/et\/wp-json\/wp\/v2\/media\/11109"}],"wp:attachment":[{"href":"https:\/\/baubauwall.com\/et\/wp-json\/wp\/v2\/media?parent=11111"}],"wp:term":[{"taxonomy":"product_brand","embeddable":true,"href":"https:\/\/baubauwall.com\/et\/wp-json\/wp\/v2\/product_brand?post=11111"},{"taxonomy":"product_cat","embeddable":true,"href":"https:\/\/baubauwall.com\/et\/wp-json\/wp\/v2\/product_cat?post=11111"},{"taxonomy":"product_tag","embeddable":true,"href":"https:\/\/baubauwall.com\/et\/wp-json\/wp\/v2\/product_tag?post=11111"}],"curies":[{"name":"wp","href":"https:\/\/api.w.org\/{rel}","templated":true}]}}