{"id":11343,"date":"2022-04-26T12:51:35","date_gmt":"2022-04-26T10:51:35","guid":{"rendered":"https:\/\/baubauwall.com\/product\/wallpaper-garland-greta-white\/"},"modified":"2024-09-25T09:58:25","modified_gmt":"2024-09-25T07:58:25","slug":"tapeet-garland-greta-valge","status":"publish","type":"product","link":"https:\/\/baubauwall.com\/et\/toode\/tapeet-garland-greta-valge\/","title":{"rendered":"Garland Greta &#8211; valge"},"content":{"rendered":"<p>Suvine lilleaed v\u00f5iks toas olla aastaringselt. Justkui k\u00e4sit\u00f6\u00f6 lillevanikud, tapeet Greta kombineerib imekaunid lilleillustratsioonid ning taimed s\u00e4ravaks mustriks. Tapeedidisain, mis ei j\u00e4ta kedagi k\u00fclmaks ning toob naeratuse n\u00e4ole. See tapeet sobib suurep\u00e4raselt ehtima hubast suvilat, elutuba v\u00f5i magamistuba, kus unistada l\u00f5hnavast lilleaiast.<\/p>\n<p>Nagu k\u00f5ik meie tapeedid ja pilttapeedid, on ka see fliistapeet tr\u00fckitud keskkonnas\u00f5bralike v\u00e4rvidega, hingavale materjalile.<\/p>\n<p><strong>Miks osta tapeet siit? Tapeetimine pole kunagi nii lihtne olnud!<\/strong><\/p>\n<ul>\n<li>Eesti disain<\/li>\n<li>Nummerdatud tapeedipaanid<\/li>\n<li>Just nii pikad tapeedipaanid, kui on Sinu sein<\/li>\n<li>Premium, matt fliistapeedi materjal<\/li>\n<li>M\u00fcrgivabad tr\u00fckiv\u00e4rvid, Greenguard sertifitseeritud<\/li>\n<li><a href=\"https:\/\/baubauwall.com\/et\/keskkonnasobralikud-tapeedid\/\" target=\"_blank\" rel=\"noopener\">Keskkonnas\u00f5bralik<\/a>, j\u00e4\u00e4tmevaba tapeetimine<\/li>\n<li>Tasuta tapeediliim<\/li>\n<li>Tasuta transport ja kiire tarne 5 t\u00f6\u00f6p\u00e4evaga<\/li>\n<\/ul>\n<p>Loe l\u00e4hemalt nutikatest, eritellimust\u00f6\u00f6na valmivatest tapeetidest\u00a0<a href=\"https:\/\/baubauwall.com\/et\/keskkonnasobralikud-tapeedid\/\">siit.<\/a><\/p>\n","protected":false},"excerpt":{"rendered":"<p>Suvine lilleaed v\u00f5iks toas olla aastaringselt. Justkui k\u00e4sit\u00f6\u00f6 lillevanikud, tapeet Greta kombineerib imekaunid lilleillustratsioonid ning taimed s\u00e4ravaks mustriks. Tapeedidisain, mis ei j\u00e4ta kedagi k\u00fclmaks ning toob naeratuse n\u00e4ole. See tapeet sobib suurep\u00e4raselt ehtima hubast suvilat, elutuba v\u00f5i magamistuba, kus unistada l\u00f5hnavast lilleaiast. Nagu k\u00f5ik meie tapeedid ja pilttapeedid, on ka see fliistapeet tr\u00fckitud keskkonnas\u00f5bralike v\u00e4rvidega, [&hellip;]<\/p>\n","protected":false},"featured_media":11311,"comment_status":"open","ping_status":"closed","template":"","meta":{"_acf_changed":false,"inline_featured_image":false},"product_brand":[],"product_cat":[386,395,406,388,278,410,411,413,414,399,402,254,258,260],"product_tag":[563,832],"class_list":{"0":"post-11343","1":"product","2":"type-product","3":"status-publish","4":"has-post-thumbnail","6":"product_cat-kordusmustriga-tapeedid","7":"product_cat-romantiline","8":"product_cat-klassika","9":"product_cat-vintage-et","10":"product_cat-roosad-tapeedid","11":"product_cat-valge-tapeedid","12":"product_cat-kollased-tapeedid","13":"product_cat-magamistoa-tapeedid","14":"product_cat-soogitoa-tapeedid","15":"product_cat-kodukontori-tapeedid","16":"product_cat-elutoa-tapeedid","17":"product_cat-loodus","18":"product_cat-putukad-liblikad","19":"product_cat-lilled","20":"product_tag-biofiilia-stiil","21":"product_tag-kordusmustriga-tapeedid","22":"pa_designedby-baubauwall","24":"first","25":"instock","26":"taxable","27":"shipping-taxable","28":"purchasable","29":"product-type-simple"},"acf":[],"yoast_head":"<!-- This site is optimized with the Yoast SEO plugin v25.9 - https:\/\/yoast.com\/wordpress\/plugins\/seo\/ -->\n<title>Lilleline kaunis tapeet Greta<\/title>\n<meta name=\"description\" content=\"\u00d5rnalt romantiline tapeet, mis sobib magamistoa kui elutoa seinale. Lilleline kaunis muster. Sinu seina m\u00f5\u00f5tu l\u00f5igatud t\u00e4psed valmis paanid.\" \/>\n<meta name=\"robots\" content=\"index, follow, max-snippet:-1, max-image-preview:large, max-video-preview:-1\" \/>\n<link rel=\"canonical\" href=\"https:\/\/baubauwall.com\/et\/toode\/tapeet-garland-greta-valge\/\" \/>\n<meta property=\"og:locale\" content=\"et_EE\" \/>\n<meta property=\"og:type\" content=\"article\" \/>\n<meta property=\"og:title\" content=\"Lilleline kaunis tapeet Greta\" \/>\n<meta property=\"og:description\" content=\"\u00d5rnalt romantiline tapeet, mis sobib magamistoa kui elutoa seinale. Lilleline kaunis muster. Sinu seina m\u00f5\u00f5tu l\u00f5igatud t\u00e4psed valmis paanid.\" \/>\n<meta property=\"og:url\" content=\"https:\/\/baubauwall.com\/et\/toode\/tapeet-garland-greta-valge\/\" \/>\n<meta property=\"og:site_name\" content=\"BAUBAUWALL Wallpapers\" \/>\n<meta property=\"article:publisher\" content=\"https:\/\/www.facebook.com\/Baubauwall\" \/>\n<meta property=\"article:modified_time\" content=\"2024-09-25T07:58:25+00:00\" \/>\n<meta property=\"og:image\" content=\"https:\/\/baubauwall.com\/wp-content\/uploads\/2022\/04\/51100235_GarlandGreta-white_Baubauwall_Wallpaper_room09.jpg\" \/>\n\t<meta property=\"og:image:width\" content=\"1067\" \/>\n\t<meta property=\"og:image:height\" content=\"800\" \/>\n\t<meta property=\"og:image:type\" content=\"image\/jpeg\" \/>\n<meta name=\"twitter:card\" content=\"summary_large_image\" \/>\n<meta name=\"twitter:label1\" content=\"Est. reading time\" \/>\n\t<meta name=\"twitter:data1\" content=\"1 minut\" \/>\n<script type=\"application\/ld+json\" class=\"yoast-schema-graph\">{\"@context\":\"https:\/\/schema.org\",\"@graph\":[{\"@type\":\"WebPage\",\"@id\":\"https:\/\/baubauwall.com\/et\/toode\/tapeet-garland-greta-valge\/\",\"url\":\"https:\/\/baubauwall.com\/et\/toode\/tapeet-garland-greta-valge\/\",\"name\":\"Lilleline kaunis tapeet Greta\",\"isPartOf\":{\"@id\":\"https:\/\/baubauwall.com\/et\/#website\"},\"primaryImageOfPage\":{\"@id\":\"https:\/\/baubauwall.com\/et\/toode\/tapeet-garland-greta-valge\/#primaryimage\"},\"image\":{\"@id\":\"https:\/\/baubauwall.com\/et\/toode\/tapeet-garland-greta-valge\/#primaryimage\"},\"thumbnailUrl\":\"https:\/\/baubauwall.com\/wp-content\/uploads\/2022\/04\/51100235_GarlandGreta-white_Baubauwall_Wallpaper_room09.jpg\",\"datePublished\":\"2022-04-26T10:51:35+00:00\",\"dateModified\":\"2024-09-25T07:58:25+00:00\",\"description\":\"\u00d5rnalt romantiline tapeet, mis sobib magamistoa kui elutoa seinale. Lilleline kaunis muster. Sinu seina m\u00f5\u00f5tu l\u00f5igatud t\u00e4psed valmis paanid.\",\"breadcrumb\":{\"@id\":\"https:\/\/baubauwall.com\/et\/toode\/tapeet-garland-greta-valge\/#breadcrumb\"},\"inLanguage\":\"et\",\"potentialAction\":[{\"@type\":\"ReadAction\",\"target\":[\"https:\/\/baubauwall.com\/et\/toode\/tapeet-garland-greta-valge\/\"]}]},{\"@type\":\"ImageObject\",\"inLanguage\":\"et\",\"@id\":\"https:\/\/baubauwall.com\/et\/toode\/tapeet-garland-greta-valge\/#primaryimage\",\"url\":\"https:\/\/baubauwall.com\/wp-content\/uploads\/2022\/04\/51100235_GarlandGreta-white_Baubauwall_Wallpaper_room09.jpg\",\"contentUrl\":\"https:\/\/baubauwall.com\/wp-content\/uploads\/2022\/04\/51100235_GarlandGreta-white_Baubauwall_Wallpaper_room09.jpg\",\"width\":1067,\"height\":800},{\"@type\":\"BreadcrumbList\",\"@id\":\"https:\/\/baubauwall.com\/et\/toode\/tapeet-garland-greta-valge\/#breadcrumb\",\"itemListElement\":[{\"@type\":\"ListItem\",\"position\":1,\"name\":\"Koju\",\"item\":\"https:\/\/baubauwall.com\/et\/\"},{\"@type\":\"ListItem\",\"position\":2,\"name\":\"Tapeedid\",\"item\":\"https:\/\/baubauwall.com\/et\/tapeedid\/\"},{\"@type\":\"ListItem\",\"position\":3,\"name\":\"Garland Greta &#8211; valge\"}]},{\"@type\":\"WebSite\",\"@id\":\"https:\/\/baubauwall.com\/et\/#website\",\"url\":\"https:\/\/baubauwall.com\/et\/\",\"name\":\"BAUBAUWALL Wallpapers\",\"description\":\"Valmis paanides tapeet Eestist!\",\"publisher\":{\"@id\":\"https:\/\/baubauwall.com\/et\/#organization\"},\"potentialAction\":[{\"@type\":\"SearchAction\",\"target\":{\"@type\":\"EntryPoint\",\"urlTemplate\":\"https:\/\/baubauwall.com\/et\/?s={search_term_string}\"},\"query-input\":{\"@type\":\"PropertyValueSpecification\",\"valueRequired\":true,\"valueName\":\"search_term_string\"}}],\"inLanguage\":\"et\"},{\"@type\":\"Organization\",\"@id\":\"https:\/\/baubauwall.com\/et\/#organization\",\"name\":\"BAUBAUWALL Wallpapers\",\"url\":\"https:\/\/baubauwall.com\/et\/\",\"logo\":{\"@type\":\"ImageObject\",\"inLanguage\":\"et\",\"@id\":\"https:\/\/baubauwall.com\/et\/#\/schema\/logo\/image\/\",\"url\":\"https:\/\/baubauwall.com\/wp-content\/uploads\/2022\/03\/logo-horizontal.svg\",\"contentUrl\":\"https:\/\/baubauwall.com\/wp-content\/uploads\/2022\/03\/logo-horizontal.svg\",\"width\":\"1024\",\"height\":\"1024\",\"caption\":\"BAUBAUWALL Wallpapers\"},\"image\":{\"@id\":\"https:\/\/baubauwall.com\/et\/#\/schema\/logo\/image\/\"},\"sameAs\":[\"https:\/\/www.facebook.com\/Baubauwall\",\"https:\/\/www.instagram.com\/baubauwall\"]}]}<\/script>\n<!-- \/ Yoast SEO plugin. -->","yoast_head_json":{"title":"Lilleline kaunis tapeet Greta","description":"\u00d5rnalt romantiline tapeet, mis sobib magamistoa kui elutoa seinale. Lilleline kaunis muster. Sinu seina m\u00f5\u00f5tu l\u00f5igatud t\u00e4psed valmis paanid.","robots":{"index":"index","follow":"follow","max-snippet":"max-snippet:-1","max-image-preview":"max-image-preview:large","max-video-preview":"max-video-preview:-1"},"canonical":"https:\/\/baubauwall.com\/et\/toode\/tapeet-garland-greta-valge\/","og_locale":"et_EE","og_type":"article","og_title":"Lilleline kaunis tapeet Greta","og_description":"\u00d5rnalt romantiline tapeet, mis sobib magamistoa kui elutoa seinale. Lilleline kaunis muster. Sinu seina m\u00f5\u00f5tu l\u00f5igatud t\u00e4psed valmis paanid.","og_url":"https:\/\/baubauwall.com\/et\/toode\/tapeet-garland-greta-valge\/","og_site_name":"BAUBAUWALL Wallpapers","article_publisher":"https:\/\/www.facebook.com\/Baubauwall","article_modified_time":"2024-09-25T07:58:25+00:00","og_image":[{"width":1067,"height":800,"url":"https:\/\/baubauwall.com\/wp-content\/uploads\/2022\/04\/51100235_GarlandGreta-white_Baubauwall_Wallpaper_room09.jpg","type":"image\/jpeg"}],"twitter_card":"summary_large_image","twitter_misc":{"Est. reading time":"1 minut"},"schema":{"@context":"https:\/\/schema.org","@graph":[{"@type":"WebPage","@id":"https:\/\/baubauwall.com\/et\/toode\/tapeet-garland-greta-valge\/","url":"https:\/\/baubauwall.com\/et\/toode\/tapeet-garland-greta-valge\/","name":"Lilleline kaunis tapeet Greta","isPartOf":{"@id":"https:\/\/baubauwall.com\/et\/#website"},"primaryImageOfPage":{"@id":"https:\/\/baubauwall.com\/et\/toode\/tapeet-garland-greta-valge\/#primaryimage"},"image":{"@id":"https:\/\/baubauwall.com\/et\/toode\/tapeet-garland-greta-valge\/#primaryimage"},"thumbnailUrl":"https:\/\/baubauwall.com\/wp-content\/uploads\/2022\/04\/51100235_GarlandGreta-white_Baubauwall_Wallpaper_room09.jpg","datePublished":"2022-04-26T10:51:35+00:00","dateModified":"2024-09-25T07:58:25+00:00","description":"\u00d5rnalt romantiline tapeet, mis sobib magamistoa kui elutoa seinale. Lilleline kaunis muster. Sinu seina m\u00f5\u00f5tu l\u00f5igatud t\u00e4psed valmis paanid.","breadcrumb":{"@id":"https:\/\/baubauwall.com\/et\/toode\/tapeet-garland-greta-valge\/#breadcrumb"},"inLanguage":"et","potentialAction":[{"@type":"ReadAction","target":["https:\/\/baubauwall.com\/et\/toode\/tapeet-garland-greta-valge\/"]}]},{"@type":"ImageObject","inLanguage":"et","@id":"https:\/\/baubauwall.com\/et\/toode\/tapeet-garland-greta-valge\/#primaryimage","url":"https:\/\/baubauwall.com\/wp-content\/uploads\/2022\/04\/51100235_GarlandGreta-white_Baubauwall_Wallpaper_room09.jpg","contentUrl":"https:\/\/baubauwall.com\/wp-content\/uploads\/2022\/04\/51100235_GarlandGreta-white_Baubauwall_Wallpaper_room09.jpg","width":1067,"height":800},{"@type":"BreadcrumbList","@id":"https:\/\/baubauwall.com\/et\/toode\/tapeet-garland-greta-valge\/#breadcrumb","itemListElement":[{"@type":"ListItem","position":1,"name":"Koju","item":"https:\/\/baubauwall.com\/et\/"},{"@type":"ListItem","position":2,"name":"Tapeedid","item":"https:\/\/baubauwall.com\/et\/tapeedid\/"},{"@type":"ListItem","position":3,"name":"Garland Greta &#8211; valge"}]},{"@type":"WebSite","@id":"https:\/\/baubauwall.com\/et\/#website","url":"https:\/\/baubauwall.com\/et\/","name":"BAUBAUWALL Wallpapers","description":"Valmis paanides tapeet Eestist!","publisher":{"@id":"https:\/\/baubauwall.com\/et\/#organization"},"potentialAction":[{"@type":"SearchAction","target":{"@type":"EntryPoint","urlTemplate":"https:\/\/baubauwall.com\/et\/?s={search_term_string}"},"query-input":{"@type":"PropertyValueSpecification","valueRequired":true,"valueName":"search_term_string"}}],"inLanguage":"et"},{"@type":"Organization","@id":"https:\/\/baubauwall.com\/et\/#organization","name":"BAUBAUWALL Wallpapers","url":"https:\/\/baubauwall.com\/et\/","logo":{"@type":"ImageObject","inLanguage":"et","@id":"https:\/\/baubauwall.com\/et\/#\/schema\/logo\/image\/","url":"https:\/\/baubauwall.com\/wp-content\/uploads\/2022\/03\/logo-horizontal.svg","contentUrl":"https:\/\/baubauwall.com\/wp-content\/uploads\/2022\/03\/logo-horizontal.svg","width":"1024","height":"1024","caption":"BAUBAUWALL Wallpapers"},"image":{"@id":"https:\/\/baubauwall.com\/et\/#\/schema\/logo\/image\/"},"sameAs":["https:\/\/www.facebook.com\/Baubauwall","https:\/\/www.instagram.com\/baubauwall"]}]}},"jetpack_sharing_enabled":true,"_links":{"self":[{"href":"https:\/\/baubauwall.com\/et\/wp-json\/wp\/v2\/product\/11343","targetHints":{"allow":["GET"]}}],"collection":[{"href":"https:\/\/baubauwall.com\/et\/wp-json\/wp\/v2\/product"}],"about":[{"href":"https:\/\/baubauwall.com\/et\/wp-json\/wp\/v2\/types\/product"}],"replies":[{"embeddable":true,"href":"https:\/\/baubauwall.com\/et\/wp-json\/wp\/v2\/comments?post=11343"}],"wp:featuredmedia":[{"embeddable":true,"href":"https:\/\/baubauwall.com\/et\/wp-json\/wp\/v2\/media\/11311"}],"wp:attachment":[{"href":"https:\/\/baubauwall.com\/et\/wp-json\/wp\/v2\/media?parent=11343"}],"wp:term":[{"taxonomy":"product_brand","embeddable":true,"href":"https:\/\/baubauwall.com\/et\/wp-json\/wp\/v2\/product_brand?post=11343"},{"taxonomy":"product_cat","embeddable":true,"href":"https:\/\/baubauwall.com\/et\/wp-json\/wp\/v2\/product_cat?post=11343"},{"taxonomy":"product_tag","embeddable":true,"href":"https:\/\/baubauwall.com\/et\/wp-json\/wp\/v2\/product_tag?post=11343"}],"curies":[{"name":"wp","href":"https:\/\/api.w.org\/{rel}","templated":true}]}}