{"id":11378,"date":"2022-04-26T12:51:37","date_gmt":"2022-04-26T10:51:37","guid":{"rendered":"https:\/\/baubauwall.com\/product\/wallpaper-herbal-herta-beige\/"},"modified":"2023-07-17T16:15:30","modified_gmt":"2023-07-17T14:15:30","slug":"tapeet-herbal-herta-beez","status":"publish","type":"product","link":"https:\/\/baubauwall.com\/et\/toode\/tapeet-herbal-herta-beez\/","title":{"rendered":"Herbal Herta &#8211; bee\u017e"},"content":{"rendered":"<p>Ajatu tapeedidisain romantilises stiilis. Lilled ja taimed, mis on seatud imekaunisse mustrisse &#8211; tapeet, mis toob lillel\u00f5hna tuppa! Lilleteemalised tapeedid sobivad h\u00e4sti erinevatesse interj\u00f6\u00f6ridesse, hubasest magamistoast buduaariliku vannitoani. Romantiline tapeet, mis ei ole \u00fcle pakutud. Vastupidi, veidi inglaslik ajatu disain, mis tekitab tunde, nagu viibiksid k\u00f5ige oodatuma k\u00fclalisena suvekodus.<\/p>\n<p>Herbal Herta on ideaalne valik romantilise maamaja stiili austajatele, kombineeri seda antiikm\u00f6\u00f6bliga v\u00f5i lahedate vintage leidudega.<\/p>\n<p>Nagu k\u00f5ik meie kordusmustriga tapeedid ja pilttapeedid, on see disain tr\u00fckitud keskkonnas\u00f5bralike v\u00e4rvidega, hingavale fliistapeedi materjalile.<\/p>\n<p>Herbal Herta tapeet on saadaval ka musta, valge, tumesinise ja t\u00fcrkiisrohelisena.<\/p>\n","protected":false},"excerpt":{"rendered":"<p>Ajatu tapeedidisain romantilises stiilis. Lilled ja taimed, mis on seatud imekaunisse mustrisse &#8211; tapeet, mis toob lillel\u00f5hna tuppa! Lilleteemalised tapeedid sobivad h\u00e4sti erinevatesse interj\u00f6\u00f6ridesse, hubasest magamistoast buduaariliku vannitoani. Romantiline tapeet, mis ei ole \u00fcle pakutud. Vastupidi, veidi inglaslik ajatu disain, mis tekitab tunde, nagu viibiksid k\u00f5ige oodatuma k\u00fclalisena suvekodus. Herbal Herta on ideaalne valik romantilise [&hellip;]<\/p>\n","protected":false},"featured_media":11451,"comment_status":"open","ping_status":"closed","template":"","meta":{"_acf_changed":false,"inline_featured_image":false},"product_brand":[],"product_cat":[386,395,406,391,388,265,273,413,414,402,412,699,254,260,561],"product_tag":[298],"class_list":{"0":"post-11378","1":"product","2":"type-product","3":"status-publish","4":"has-post-thumbnail","6":"product_cat-kordusmustriga-tapeedid","7":"product_cat-romantiline","8":"product_cat-klassika","9":"product_cat-vahemereline","10":"product_cat-vintage-et","11":"product_cat-beezid-tapeedid","12":"product_cat-heledad-tapeedid","13":"product_cat-magamistoa-tapeedid","14":"product_cat-soogitoa-tapeedid","15":"product_cat-elutoa-tapeedid","16":"product_cat-vannitoa-tapeedid","17":"product_cat-eesti-disain-tapeedid","18":"product_cat-loodus","19":"product_cat-lilled","20":"product_cat-suvised-tapeedid","21":"product_tag-botaaniline","22":"pa_designedby-baubauwall","24":"first","25":"instock","26":"taxable","27":"shipping-taxable","28":"purchasable","29":"product-type-simple"},"acf":[],"yoast_head":"<!-- This site is optimized with the Yoast SEO plugin v25.9 - https:\/\/yoast.com\/wordpress\/plugins\/seo\/ -->\n<title>Tapeet Herta - imekaunis lilleline muster. R\u00e4tsepat\u00f6\u00f6na valmivad tapeedid.<\/title>\n<meta name=\"description\" content=\"Lilleline maitsekas tapeet magamistoa, elutoa seinale. Tapeedidisain, mis on ajatu ja ilus valik. Sinu seina m\u00f5\u00f5tu l\u00f5igatud tapeedipaanid.\" \/>\n<meta name=\"robots\" content=\"index, follow, max-snippet:-1, max-image-preview:large, max-video-preview:-1\" \/>\n<link rel=\"canonical\" href=\"https:\/\/baubauwall.com\/et\/toode\/tapeet-herbal-herta-beez\/\" \/>\n<meta property=\"og:locale\" content=\"et_EE\" \/>\n<meta property=\"og:type\" content=\"article\" \/>\n<meta property=\"og:title\" content=\"Tapeet Herta - imekaunis lilleline muster. R\u00e4tsepat\u00f6\u00f6na valmivad tapeedid.\" \/>\n<meta property=\"og:description\" content=\"Lilleline maitsekas tapeet magamistoa, elutoa seinale. Tapeedidisain, mis on ajatu ja ilus valik. Sinu seina m\u00f5\u00f5tu l\u00f5igatud tapeedipaanid.\" \/>\n<meta property=\"og:url\" content=\"https:\/\/baubauwall.com\/et\/toode\/tapeet-herbal-herta-beez\/\" \/>\n<meta property=\"og:site_name\" content=\"BAUBAUWALL TAPEEDID\" \/>\n<meta property=\"article:publisher\" content=\"https:\/\/www.facebook.com\/Baubauwall\" \/>\n<meta property=\"article:modified_time\" content=\"2023-07-17T14:15:30+00:00\" \/>\n<meta property=\"og:image\" content=\"https:\/\/baubauwall.com\/wp-content\/uploads\/2022\/04\/51100236_HerbalHerta-beige_Baubauwall_Wallpaper_room10.jpg\" \/>\n\t<meta property=\"og:image:width\" content=\"1200\" \/>\n\t<meta property=\"og:image:height\" content=\"800\" \/>\n\t<meta property=\"og:image:type\" content=\"image\/jpeg\" \/>\n<meta name=\"twitter:card\" content=\"summary_large_image\" \/>\n<meta name=\"twitter:label1\" content=\"Est. reading time\" \/>\n\t<meta name=\"twitter:data1\" content=\"1 minut\" \/>\n<script type=\"application\/ld+json\" class=\"yoast-schema-graph\">{\"@context\":\"https:\/\/schema.org\",\"@graph\":[{\"@type\":\"WebPage\",\"@id\":\"https:\/\/baubauwall.com\/et\/toode\/tapeet-herbal-herta-beez\/\",\"url\":\"https:\/\/baubauwall.com\/et\/toode\/tapeet-herbal-herta-beez\/\",\"name\":\"Tapeet Herta - imekaunis lilleline muster. R\u00e4tsepat\u00f6\u00f6na valmivad tapeedid.\",\"isPartOf\":{\"@id\":\"https:\/\/baubauwall.com\/et\/#website\"},\"primaryImageOfPage\":{\"@id\":\"https:\/\/baubauwall.com\/et\/toode\/tapeet-herbal-herta-beez\/#primaryimage\"},\"image\":{\"@id\":\"https:\/\/baubauwall.com\/et\/toode\/tapeet-herbal-herta-beez\/#primaryimage\"},\"thumbnailUrl\":\"https:\/\/baubauwall.com\/wp-content\/uploads\/2022\/04\/51100236_HerbalHerta-beige_Baubauwall_Wallpaper_room10.jpg\",\"datePublished\":\"2022-04-26T10:51:37+00:00\",\"dateModified\":\"2023-07-17T14:15:30+00:00\",\"description\":\"Lilleline maitsekas tapeet magamistoa, elutoa seinale. Tapeedidisain, mis on ajatu ja ilus valik. Sinu seina m\u00f5\u00f5tu l\u00f5igatud tapeedipaanid.\",\"breadcrumb\":{\"@id\":\"https:\/\/baubauwall.com\/et\/toode\/tapeet-herbal-herta-beez\/#breadcrumb\"},\"inLanguage\":\"et\",\"potentialAction\":[{\"@type\":\"ReadAction\",\"target\":[\"https:\/\/baubauwall.com\/et\/toode\/tapeet-herbal-herta-beez\/\"]}]},{\"@type\":\"ImageObject\",\"inLanguage\":\"et\",\"@id\":\"https:\/\/baubauwall.com\/et\/toode\/tapeet-herbal-herta-beez\/#primaryimage\",\"url\":\"https:\/\/baubauwall.com\/wp-content\/uploads\/2022\/04\/51100236_HerbalHerta-beige_Baubauwall_Wallpaper_room10.jpg\",\"contentUrl\":\"https:\/\/baubauwall.com\/wp-content\/uploads\/2022\/04\/51100236_HerbalHerta-beige_Baubauwall_Wallpaper_room10.jpg\",\"width\":1200,\"height\":800},{\"@type\":\"BreadcrumbList\",\"@id\":\"https:\/\/baubauwall.com\/et\/toode\/tapeet-herbal-herta-beez\/#breadcrumb\",\"itemListElement\":[{\"@type\":\"ListItem\",\"position\":1,\"name\":\"Koju\",\"item\":\"https:\/\/baubauwall.com\/et\/\"},{\"@type\":\"ListItem\",\"position\":2,\"name\":\"Tapeedid\",\"item\":\"https:\/\/baubauwall.com\/et\/tapeedid\/\"},{\"@type\":\"ListItem\",\"position\":3,\"name\":\"Herbal Herta &#8211; bee\u017e\"}]},{\"@type\":\"WebSite\",\"@id\":\"https:\/\/baubauwall.com\/et\/#website\",\"url\":\"https:\/\/baubauwall.com\/et\/\",\"name\":\"BAUBAUWALL Wallpapers\",\"description\":\"Valmis paanides tapeet Eestist!\",\"publisher\":{\"@id\":\"https:\/\/baubauwall.com\/et\/#organization\"},\"potentialAction\":[{\"@type\":\"SearchAction\",\"target\":{\"@type\":\"EntryPoint\",\"urlTemplate\":\"https:\/\/baubauwall.com\/et\/?s={search_term_string}\"},\"query-input\":{\"@type\":\"PropertyValueSpecification\",\"valueRequired\":true,\"valueName\":\"search_term_string\"}}],\"inLanguage\":\"et\"},{\"@type\":\"Organization\",\"@id\":\"https:\/\/baubauwall.com\/et\/#organization\",\"name\":\"BAUBAUWALL Wallpapers\",\"url\":\"https:\/\/baubauwall.com\/et\/\",\"logo\":{\"@type\":\"ImageObject\",\"inLanguage\":\"et\",\"@id\":\"https:\/\/baubauwall.com\/et\/#\/schema\/logo\/image\/\",\"url\":\"https:\/\/baubauwall.com\/wp-content\/uploads\/2022\/03\/logo-horizontal.svg\",\"contentUrl\":\"https:\/\/baubauwall.com\/wp-content\/uploads\/2022\/03\/logo-horizontal.svg\",\"width\":\"1024\",\"height\":\"1024\",\"caption\":\"BAUBAUWALL Wallpapers\"},\"image\":{\"@id\":\"https:\/\/baubauwall.com\/et\/#\/schema\/logo\/image\/\"},\"sameAs\":[\"https:\/\/www.facebook.com\/Baubauwall\",\"https:\/\/www.instagram.com\/baubauwall\"]}]}<\/script>\n<!-- \/ Yoast SEO plugin. -->","yoast_head_json":{"title":"Tapeet Herta - imekaunis lilleline muster. R\u00e4tsepat\u00f6\u00f6na valmivad tapeedid.","description":"Lilleline maitsekas tapeet magamistoa, elutoa seinale. Tapeedidisain, mis on ajatu ja ilus valik. Sinu seina m\u00f5\u00f5tu l\u00f5igatud tapeedipaanid.","robots":{"index":"index","follow":"follow","max-snippet":"max-snippet:-1","max-image-preview":"max-image-preview:large","max-video-preview":"max-video-preview:-1"},"canonical":"https:\/\/baubauwall.com\/et\/toode\/tapeet-herbal-herta-beez\/","og_locale":"et_EE","og_type":"article","og_title":"Tapeet Herta - imekaunis lilleline muster. R\u00e4tsepat\u00f6\u00f6na valmivad tapeedid.","og_description":"Lilleline maitsekas tapeet magamistoa, elutoa seinale. Tapeedidisain, mis on ajatu ja ilus valik. Sinu seina m\u00f5\u00f5tu l\u00f5igatud tapeedipaanid.","og_url":"https:\/\/baubauwall.com\/et\/toode\/tapeet-herbal-herta-beez\/","og_site_name":"BAUBAUWALL TAPEEDID","article_publisher":"https:\/\/www.facebook.com\/Baubauwall","article_modified_time":"2023-07-17T14:15:30+00:00","og_image":[{"width":1200,"height":800,"url":"https:\/\/baubauwall.com\/wp-content\/uploads\/2022\/04\/51100236_HerbalHerta-beige_Baubauwall_Wallpaper_room10.jpg","type":"image\/jpeg"}],"twitter_card":"summary_large_image","twitter_misc":{"Est. reading time":"1 minut"},"schema":{"@context":"https:\/\/schema.org","@graph":[{"@type":"WebPage","@id":"https:\/\/baubauwall.com\/et\/toode\/tapeet-herbal-herta-beez\/","url":"https:\/\/baubauwall.com\/et\/toode\/tapeet-herbal-herta-beez\/","name":"Tapeet Herta - imekaunis lilleline muster. R\u00e4tsepat\u00f6\u00f6na valmivad tapeedid.","isPartOf":{"@id":"https:\/\/baubauwall.com\/et\/#website"},"primaryImageOfPage":{"@id":"https:\/\/baubauwall.com\/et\/toode\/tapeet-herbal-herta-beez\/#primaryimage"},"image":{"@id":"https:\/\/baubauwall.com\/et\/toode\/tapeet-herbal-herta-beez\/#primaryimage"},"thumbnailUrl":"https:\/\/baubauwall.com\/wp-content\/uploads\/2022\/04\/51100236_HerbalHerta-beige_Baubauwall_Wallpaper_room10.jpg","datePublished":"2022-04-26T10:51:37+00:00","dateModified":"2023-07-17T14:15:30+00:00","description":"Lilleline maitsekas tapeet magamistoa, elutoa seinale. Tapeedidisain, mis on ajatu ja ilus valik. Sinu seina m\u00f5\u00f5tu l\u00f5igatud tapeedipaanid.","breadcrumb":{"@id":"https:\/\/baubauwall.com\/et\/toode\/tapeet-herbal-herta-beez\/#breadcrumb"},"inLanguage":"et","potentialAction":[{"@type":"ReadAction","target":["https:\/\/baubauwall.com\/et\/toode\/tapeet-herbal-herta-beez\/"]}]},{"@type":"ImageObject","inLanguage":"et","@id":"https:\/\/baubauwall.com\/et\/toode\/tapeet-herbal-herta-beez\/#primaryimage","url":"https:\/\/baubauwall.com\/wp-content\/uploads\/2022\/04\/51100236_HerbalHerta-beige_Baubauwall_Wallpaper_room10.jpg","contentUrl":"https:\/\/baubauwall.com\/wp-content\/uploads\/2022\/04\/51100236_HerbalHerta-beige_Baubauwall_Wallpaper_room10.jpg","width":1200,"height":800},{"@type":"BreadcrumbList","@id":"https:\/\/baubauwall.com\/et\/toode\/tapeet-herbal-herta-beez\/#breadcrumb","itemListElement":[{"@type":"ListItem","position":1,"name":"Koju","item":"https:\/\/baubauwall.com\/et\/"},{"@type":"ListItem","position":2,"name":"Tapeedid","item":"https:\/\/baubauwall.com\/et\/tapeedid\/"},{"@type":"ListItem","position":3,"name":"Herbal Herta &#8211; bee\u017e"}]},{"@type":"WebSite","@id":"https:\/\/baubauwall.com\/et\/#website","url":"https:\/\/baubauwall.com\/et\/","name":"BAUBAUWALL Wallpapers","description":"Valmis paanides tapeet Eestist!","publisher":{"@id":"https:\/\/baubauwall.com\/et\/#organization"},"potentialAction":[{"@type":"SearchAction","target":{"@type":"EntryPoint","urlTemplate":"https:\/\/baubauwall.com\/et\/?s={search_term_string}"},"query-input":{"@type":"PropertyValueSpecification","valueRequired":true,"valueName":"search_term_string"}}],"inLanguage":"et"},{"@type":"Organization","@id":"https:\/\/baubauwall.com\/et\/#organization","name":"BAUBAUWALL Wallpapers","url":"https:\/\/baubauwall.com\/et\/","logo":{"@type":"ImageObject","inLanguage":"et","@id":"https:\/\/baubauwall.com\/et\/#\/schema\/logo\/image\/","url":"https:\/\/baubauwall.com\/wp-content\/uploads\/2022\/03\/logo-horizontal.svg","contentUrl":"https:\/\/baubauwall.com\/wp-content\/uploads\/2022\/03\/logo-horizontal.svg","width":"1024","height":"1024","caption":"BAUBAUWALL Wallpapers"},"image":{"@id":"https:\/\/baubauwall.com\/et\/#\/schema\/logo\/image\/"},"sameAs":["https:\/\/www.facebook.com\/Baubauwall","https:\/\/www.instagram.com\/baubauwall"]}]}},"jetpack_sharing_enabled":true,"_links":{"self":[{"href":"https:\/\/baubauwall.com\/et\/wp-json\/wp\/v2\/product\/11378","targetHints":{"allow":["GET"]}}],"collection":[{"href":"https:\/\/baubauwall.com\/et\/wp-json\/wp\/v2\/product"}],"about":[{"href":"https:\/\/baubauwall.com\/et\/wp-json\/wp\/v2\/types\/product"}],"replies":[{"embeddable":true,"href":"https:\/\/baubauwall.com\/et\/wp-json\/wp\/v2\/comments?post=11378"}],"wp:featuredmedia":[{"embeddable":true,"href":"https:\/\/baubauwall.com\/et\/wp-json\/wp\/v2\/media\/11451"}],"wp:attachment":[{"href":"https:\/\/baubauwall.com\/et\/wp-json\/wp\/v2\/media?parent=11378"}],"wp:term":[{"taxonomy":"product_brand","embeddable":true,"href":"https:\/\/baubauwall.com\/et\/wp-json\/wp\/v2\/product_brand?post=11378"},{"taxonomy":"product_cat","embeddable":true,"href":"https:\/\/baubauwall.com\/et\/wp-json\/wp\/v2\/product_cat?post=11378"},{"taxonomy":"product_tag","embeddable":true,"href":"https:\/\/baubauwall.com\/et\/wp-json\/wp\/v2\/product_tag?post=11378"}],"curies":[{"name":"wp","href":"https:\/\/api.w.org\/{rel}","templated":true}]}}