{"id":11560,"date":"2022-04-26T12:51:44","date_gmt":"2022-04-26T10:51:44","guid":{"rendered":"https:\/\/baubauwall.com\/product\/wallpaper-herbal-herta-white\/"},"modified":"2023-11-27T10:40:28","modified_gmt":"2023-11-27T08:40:28","slug":"tapeet-herbal-herta-valge","status":"publish","type":"product","link":"https:\/\/baubauwall.com\/et\/toode\/tapeet-herbal-herta-valge\/","title":{"rendered":"Herbal Herta &#8211; valge"},"content":{"rendered":"<p>Ajatu tapeedidisain romantilises stiilis. Lilled ja taimed, mis on seatud imekaunisse mustrisse \u2013 tapeet, mis toob lillel\u00f5hna tuppa! Lilleteemalised tapeedid sobivad h\u00e4sti erinevatesse interj\u00f6\u00f6ridesse, hubasest magamistoast buduaariliku vannitoani. Romantiline tapeet, mis ei ole \u00fcle pakutud. Vastupidi, veidi inglaslik ajatu disain, mis tekitab tunde, nagu viibiksid k\u00f5ige oodatuma k\u00fclalisena suvekodus.\u00a0Herbal Herta on ideaalne valik romantilise maamaja stiili austajatele, kombineeri seda antiikm\u00f6\u00f6bliga v\u00f5i lahedate vintage leidudega.<\/p>\n<p>Nagu k\u00f5ik meie kordusmustriga tapeedid ja pilttapeedid, on see disain tr\u00fckitud keskkonnas\u00f5bralike v\u00e4rvidega, hingavale fliistapeedi materjalile.<\/p>\n<p>Herbal Herta tapeet on saadaval ka musta, t\u00fcrkiisi, tumesinise ja bee\u017eina.<\/p>\n","protected":false},"excerpt":{"rendered":"<p>Ajatu tapeedidisain romantilises stiilis. Lilled ja taimed, mis on seatud imekaunisse mustrisse \u2013 tapeet, mis toob lillel\u00f5hna tuppa! Lilleteemalised tapeedid sobivad h\u00e4sti erinevatesse interj\u00f6\u00f6ridesse, hubasest magamistoast buduaariliku vannitoani. Romantiline tapeet, mis ei ole \u00fcle pakutud. Vastupidi, veidi inglaslik ajatu disain, mis tekitab tunde, nagu viibiksid k\u00f5ige oodatuma k\u00fclalisena suvekodus.\u00a0Herbal Herta on ideaalne valik romantilise maamaja [&hellip;]<\/p>\n","protected":false},"featured_media":11783,"comment_status":"open","ping_status":"closed","template":"","meta":{"_acf_changed":false,"inline_featured_image":false},"product_brand":[],"product_cat":[386,395,406,391,388,268,273,410,413,414,415,416,399,401,402,412,699,254,260],"product_tag":[298],"class_list":{"0":"post-11560","1":"product","2":"type-product","3":"status-publish","4":"has-post-thumbnail","6":"product_cat-kordusmustriga-tapeedid","7":"product_cat-romantiline","8":"product_cat-klassika","9":"product_cat-vahemereline","10":"product_cat-vintage-et","11":"product_cat-kirkad-tapeedid","12":"product_cat-heledad-tapeedid","13":"product_cat-valge-tapeedid","14":"product_cat-magamistoa-tapeedid","15":"product_cat-soogitoa-tapeedid","16":"product_cat-kulalistetoa-tapeedid","17":"product_cat-esiku-tapeedid","18":"product_cat-kodukontori-tapeedid","19":"product_cat-koogi-tapeedid","20":"product_cat-elutoa-tapeedid","21":"product_cat-vannitoa-tapeedid","22":"product_cat-eesti-disain-tapeedid","23":"product_cat-loodus","24":"product_cat-lilled","25":"product_tag-botaaniline","26":"pa_designedby-baubauwall","28":"first","29":"instock","30":"taxable","31":"shipping-taxable","32":"purchasable","33":"product-type-simple"},"acf":[],"yoast_head":"<!-- This site is optimized with the Yoast SEO plugin v25.9 - https:\/\/yoast.com\/wordpress\/plugins\/seo\/ -->\n<title>Tapeet Herbal Herta - imekaunis romantiline muster valgel taustal.<\/title>\n<meta name=\"description\" content=\"Lilleline hele tapeet, illustreeritud \u00f5itega. Kaunis muster, mis sobib magamistoa seinale v\u00f5i mujale. Sinu seina m\u00f5\u00f5dus paanid.\" \/>\n<meta name=\"robots\" content=\"index, follow, max-snippet:-1, max-image-preview:large, max-video-preview:-1\" \/>\n<link rel=\"canonical\" href=\"https:\/\/baubauwall.com\/et\/toode\/tapeet-herbal-herta-valge\/\" \/>\n<meta property=\"og:locale\" content=\"et_EE\" \/>\n<meta property=\"og:type\" content=\"article\" \/>\n<meta property=\"og:title\" content=\"Tapeet Herbal Herta - imekaunis romantiline muster valgel taustal.\" \/>\n<meta property=\"og:description\" content=\"Lilleline hele tapeet, illustreeritud \u00f5itega. Kaunis muster, mis sobib magamistoa seinale v\u00f5i mujale. Sinu seina m\u00f5\u00f5dus paanid.\" \/>\n<meta property=\"og:url\" content=\"https:\/\/baubauwall.com\/et\/toode\/tapeet-herbal-herta-valge\/\" \/>\n<meta property=\"og:site_name\" content=\"BAUBAUWALL TAPEEDID\" \/>\n<meta property=\"article:publisher\" content=\"https:\/\/www.facebook.com\/Baubauwall\" \/>\n<meta property=\"article:modified_time\" content=\"2023-11-27T08:40:28+00:00\" \/>\n<meta property=\"og:image\" content=\"https:\/\/baubauwall.com\/wp-content\/uploads\/2022\/04\/51100240_HerbalHerta-white_Baubauwall_Wallpaper_room06-1.jpg\" \/>\n\t<meta property=\"og:image:width\" content=\"1200\" \/>\n\t<meta property=\"og:image:height\" content=\"800\" \/>\n\t<meta property=\"og:image:type\" content=\"image\/jpeg\" \/>\n<meta name=\"twitter:card\" content=\"summary_large_image\" \/>\n<meta name=\"twitter:label1\" content=\"Est. reading time\" \/>\n\t<meta name=\"twitter:data1\" content=\"1 minut\" \/>\n<script type=\"application\/ld+json\" class=\"yoast-schema-graph\">{\"@context\":\"https:\/\/schema.org\",\"@graph\":[{\"@type\":\"WebPage\",\"@id\":\"https:\/\/baubauwall.com\/et\/toode\/tapeet-herbal-herta-valge\/\",\"url\":\"https:\/\/baubauwall.com\/et\/toode\/tapeet-herbal-herta-valge\/\",\"name\":\"Tapeet Herbal Herta - imekaunis romantiline muster valgel taustal.\",\"isPartOf\":{\"@id\":\"https:\/\/baubauwall.com\/et\/#website\"},\"primaryImageOfPage\":{\"@id\":\"https:\/\/baubauwall.com\/et\/toode\/tapeet-herbal-herta-valge\/#primaryimage\"},\"image\":{\"@id\":\"https:\/\/baubauwall.com\/et\/toode\/tapeet-herbal-herta-valge\/#primaryimage\"},\"thumbnailUrl\":\"https:\/\/baubauwall.com\/wp-content\/uploads\/2022\/04\/51100240_HerbalHerta-white_Baubauwall_Wallpaper_room06-1.jpg\",\"datePublished\":\"2022-04-26T10:51:44+00:00\",\"dateModified\":\"2023-11-27T08:40:28+00:00\",\"description\":\"Lilleline hele tapeet, illustreeritud \u00f5itega. Kaunis muster, mis sobib magamistoa seinale v\u00f5i mujale. Sinu seina m\u00f5\u00f5dus paanid.\",\"breadcrumb\":{\"@id\":\"https:\/\/baubauwall.com\/et\/toode\/tapeet-herbal-herta-valge\/#breadcrumb\"},\"inLanguage\":\"et\",\"potentialAction\":[{\"@type\":\"ReadAction\",\"target\":[\"https:\/\/baubauwall.com\/et\/toode\/tapeet-herbal-herta-valge\/\"]}]},{\"@type\":\"ImageObject\",\"inLanguage\":\"et\",\"@id\":\"https:\/\/baubauwall.com\/et\/toode\/tapeet-herbal-herta-valge\/#primaryimage\",\"url\":\"https:\/\/baubauwall.com\/wp-content\/uploads\/2022\/04\/51100240_HerbalHerta-white_Baubauwall_Wallpaper_room06-1.jpg\",\"contentUrl\":\"https:\/\/baubauwall.com\/wp-content\/uploads\/2022\/04\/51100240_HerbalHerta-white_Baubauwall_Wallpaper_room06-1.jpg\",\"width\":1200,\"height\":800},{\"@type\":\"BreadcrumbList\",\"@id\":\"https:\/\/baubauwall.com\/et\/toode\/tapeet-herbal-herta-valge\/#breadcrumb\",\"itemListElement\":[{\"@type\":\"ListItem\",\"position\":1,\"name\":\"Koju\",\"item\":\"https:\/\/baubauwall.com\/et\/\"},{\"@type\":\"ListItem\",\"position\":2,\"name\":\"Tapeedid\",\"item\":\"https:\/\/baubauwall.com\/et\/tapeedid\/\"},{\"@type\":\"ListItem\",\"position\":3,\"name\":\"Herbal Herta &#8211; valge\"}]},{\"@type\":\"WebSite\",\"@id\":\"https:\/\/baubauwall.com\/et\/#website\",\"url\":\"https:\/\/baubauwall.com\/et\/\",\"name\":\"BAUBAUWALL Wallpapers\",\"description\":\"Valmis paanides tapeet Eestist!\",\"publisher\":{\"@id\":\"https:\/\/baubauwall.com\/et\/#organization\"},\"potentialAction\":[{\"@type\":\"SearchAction\",\"target\":{\"@type\":\"EntryPoint\",\"urlTemplate\":\"https:\/\/baubauwall.com\/et\/?s={search_term_string}\"},\"query-input\":{\"@type\":\"PropertyValueSpecification\",\"valueRequired\":true,\"valueName\":\"search_term_string\"}}],\"inLanguage\":\"et\"},{\"@type\":\"Organization\",\"@id\":\"https:\/\/baubauwall.com\/et\/#organization\",\"name\":\"BAUBAUWALL Wallpapers\",\"url\":\"https:\/\/baubauwall.com\/et\/\",\"logo\":{\"@type\":\"ImageObject\",\"inLanguage\":\"et\",\"@id\":\"https:\/\/baubauwall.com\/et\/#\/schema\/logo\/image\/\",\"url\":\"https:\/\/baubauwall.com\/wp-content\/uploads\/2022\/03\/logo-horizontal.svg\",\"contentUrl\":\"https:\/\/baubauwall.com\/wp-content\/uploads\/2022\/03\/logo-horizontal.svg\",\"width\":\"1024\",\"height\":\"1024\",\"caption\":\"BAUBAUWALL Wallpapers\"},\"image\":{\"@id\":\"https:\/\/baubauwall.com\/et\/#\/schema\/logo\/image\/\"},\"sameAs\":[\"https:\/\/www.facebook.com\/Baubauwall\",\"https:\/\/www.instagram.com\/baubauwall\"]}]}<\/script>\n<!-- \/ Yoast SEO plugin. -->","yoast_head_json":{"title":"Tapeet Herbal Herta - imekaunis romantiline muster valgel taustal.","description":"Lilleline hele tapeet, illustreeritud \u00f5itega. Kaunis muster, mis sobib magamistoa seinale v\u00f5i mujale. Sinu seina m\u00f5\u00f5dus paanid.","robots":{"index":"index","follow":"follow","max-snippet":"max-snippet:-1","max-image-preview":"max-image-preview:large","max-video-preview":"max-video-preview:-1"},"canonical":"https:\/\/baubauwall.com\/et\/toode\/tapeet-herbal-herta-valge\/","og_locale":"et_EE","og_type":"article","og_title":"Tapeet Herbal Herta - imekaunis romantiline muster valgel taustal.","og_description":"Lilleline hele tapeet, illustreeritud \u00f5itega. Kaunis muster, mis sobib magamistoa seinale v\u00f5i mujale. Sinu seina m\u00f5\u00f5dus paanid.","og_url":"https:\/\/baubauwall.com\/et\/toode\/tapeet-herbal-herta-valge\/","og_site_name":"BAUBAUWALL TAPEEDID","article_publisher":"https:\/\/www.facebook.com\/Baubauwall","article_modified_time":"2023-11-27T08:40:28+00:00","og_image":[{"width":1200,"height":800,"url":"https:\/\/baubauwall.com\/wp-content\/uploads\/2022\/04\/51100240_HerbalHerta-white_Baubauwall_Wallpaper_room06-1.jpg","type":"image\/jpeg"}],"twitter_card":"summary_large_image","twitter_misc":{"Est. reading time":"1 minut"},"schema":{"@context":"https:\/\/schema.org","@graph":[{"@type":"WebPage","@id":"https:\/\/baubauwall.com\/et\/toode\/tapeet-herbal-herta-valge\/","url":"https:\/\/baubauwall.com\/et\/toode\/tapeet-herbal-herta-valge\/","name":"Tapeet Herbal Herta - imekaunis romantiline muster valgel taustal.","isPartOf":{"@id":"https:\/\/baubauwall.com\/et\/#website"},"primaryImageOfPage":{"@id":"https:\/\/baubauwall.com\/et\/toode\/tapeet-herbal-herta-valge\/#primaryimage"},"image":{"@id":"https:\/\/baubauwall.com\/et\/toode\/tapeet-herbal-herta-valge\/#primaryimage"},"thumbnailUrl":"https:\/\/baubauwall.com\/wp-content\/uploads\/2022\/04\/51100240_HerbalHerta-white_Baubauwall_Wallpaper_room06-1.jpg","datePublished":"2022-04-26T10:51:44+00:00","dateModified":"2023-11-27T08:40:28+00:00","description":"Lilleline hele tapeet, illustreeritud \u00f5itega. Kaunis muster, mis sobib magamistoa seinale v\u00f5i mujale. Sinu seina m\u00f5\u00f5dus paanid.","breadcrumb":{"@id":"https:\/\/baubauwall.com\/et\/toode\/tapeet-herbal-herta-valge\/#breadcrumb"},"inLanguage":"et","potentialAction":[{"@type":"ReadAction","target":["https:\/\/baubauwall.com\/et\/toode\/tapeet-herbal-herta-valge\/"]}]},{"@type":"ImageObject","inLanguage":"et","@id":"https:\/\/baubauwall.com\/et\/toode\/tapeet-herbal-herta-valge\/#primaryimage","url":"https:\/\/baubauwall.com\/wp-content\/uploads\/2022\/04\/51100240_HerbalHerta-white_Baubauwall_Wallpaper_room06-1.jpg","contentUrl":"https:\/\/baubauwall.com\/wp-content\/uploads\/2022\/04\/51100240_HerbalHerta-white_Baubauwall_Wallpaper_room06-1.jpg","width":1200,"height":800},{"@type":"BreadcrumbList","@id":"https:\/\/baubauwall.com\/et\/toode\/tapeet-herbal-herta-valge\/#breadcrumb","itemListElement":[{"@type":"ListItem","position":1,"name":"Koju","item":"https:\/\/baubauwall.com\/et\/"},{"@type":"ListItem","position":2,"name":"Tapeedid","item":"https:\/\/baubauwall.com\/et\/tapeedid\/"},{"@type":"ListItem","position":3,"name":"Herbal Herta &#8211; valge"}]},{"@type":"WebSite","@id":"https:\/\/baubauwall.com\/et\/#website","url":"https:\/\/baubauwall.com\/et\/","name":"BAUBAUWALL Wallpapers","description":"Valmis paanides tapeet Eestist!","publisher":{"@id":"https:\/\/baubauwall.com\/et\/#organization"},"potentialAction":[{"@type":"SearchAction","target":{"@type":"EntryPoint","urlTemplate":"https:\/\/baubauwall.com\/et\/?s={search_term_string}"},"query-input":{"@type":"PropertyValueSpecification","valueRequired":true,"valueName":"search_term_string"}}],"inLanguage":"et"},{"@type":"Organization","@id":"https:\/\/baubauwall.com\/et\/#organization","name":"BAUBAUWALL Wallpapers","url":"https:\/\/baubauwall.com\/et\/","logo":{"@type":"ImageObject","inLanguage":"et","@id":"https:\/\/baubauwall.com\/et\/#\/schema\/logo\/image\/","url":"https:\/\/baubauwall.com\/wp-content\/uploads\/2022\/03\/logo-horizontal.svg","contentUrl":"https:\/\/baubauwall.com\/wp-content\/uploads\/2022\/03\/logo-horizontal.svg","width":"1024","height":"1024","caption":"BAUBAUWALL Wallpapers"},"image":{"@id":"https:\/\/baubauwall.com\/et\/#\/schema\/logo\/image\/"},"sameAs":["https:\/\/www.facebook.com\/Baubauwall","https:\/\/www.instagram.com\/baubauwall"]}]}},"jetpack_sharing_enabled":true,"_links":{"self":[{"href":"https:\/\/baubauwall.com\/et\/wp-json\/wp\/v2\/product\/11560","targetHints":{"allow":["GET"]}}],"collection":[{"href":"https:\/\/baubauwall.com\/et\/wp-json\/wp\/v2\/product"}],"about":[{"href":"https:\/\/baubauwall.com\/et\/wp-json\/wp\/v2\/types\/product"}],"replies":[{"embeddable":true,"href":"https:\/\/baubauwall.com\/et\/wp-json\/wp\/v2\/comments?post=11560"}],"wp:featuredmedia":[{"embeddable":true,"href":"https:\/\/baubauwall.com\/et\/wp-json\/wp\/v2\/media\/11783"}],"wp:attachment":[{"href":"https:\/\/baubauwall.com\/et\/wp-json\/wp\/v2\/media?parent=11560"}],"wp:term":[{"taxonomy":"product_brand","embeddable":true,"href":"https:\/\/baubauwall.com\/et\/wp-json\/wp\/v2\/product_brand?post=11560"},{"taxonomy":"product_cat","embeddable":true,"href":"https:\/\/baubauwall.com\/et\/wp-json\/wp\/v2\/product_cat?post=11560"},{"taxonomy":"product_tag","embeddable":true,"href":"https:\/\/baubauwall.com\/et\/wp-json\/wp\/v2\/product_tag?post=11560"}],"curies":[{"name":"wp","href":"https:\/\/api.w.org\/{rel}","templated":true}]}}