{"id":15150,"date":"2022-03-03T07:18:19","date_gmt":"2022-03-03T05:18:19","guid":{"rendered":"https:\/\/baubauwall.com\/product\/mid-century-milo-blue\/"},"modified":"2024-01-05T13:29:14","modified_gmt":"2024-01-05T11:29:14","slug":"pilttapeet-mid-century-milo-blue","status":"publish","type":"product","link":"https:\/\/baubauwall.com\/et\/toode\/pilttapeet-mid-century-milo-blue\/","title":{"rendered":"Mid-Century Milo"},"content":{"rendered":"<p>Armastad geomeetriat ja s\u00fcsteemsust? Siis v\u00e4ljenda seda ka oma tapeedivalikus. Pilttapeet &#8220;Milo&#8221; on malbelt pastelne, korrap\u00e4raste helesiniste, salveiroheliste ja lillakate geomeetriliste kujunditega ilus tapeet elutuppa v\u00f5i magamistoa seinale. Sajandi keskpaiga graafilise disaini trendidest inspireeritud muster, mis t\u00e4naseks on ajatu klassika.\u00a0 Tapeet, millega on lihtne sobitada \u00fclej\u00e4\u00e4nud interj\u00f6\u00f6ri detaile. Universaalne tapeedidisain, mis sobib ka veidi suurema lapse toa seinale.<\/p>\n<p>Nagu k\u00f5ik meie tapeedid, pilttapeedid ja fototapeedid, on ka see disain tr\u00fckitud keskkonnas\u00f5bralike v\u00e4rvidega, hingavale fliistapeedi materjalile. Loe lisaks j\u00e4\u00e4kidevabast tootmisest\u00a0<a href=\"https:\/\/baubauwall.com\/et\/keskkonnasobralikud-tapeedid\/\" target=\"_blank\" rel=\"noopener\">siin.\u00a0<\/a><\/p>\n","protected":false},"excerpt":{"rendered":"<p>Armastad geomeetriat ja s\u00fcsteemsust? Siis v\u00e4ljenda seda ka oma tapeedivalikus. Pilttapeet &#8220;Milo&#8221; on malbelt pastelne, korrap\u00e4raste helesiniste, salveiroheliste ja lillakate geomeetriliste kujunditega ilus tapeet elutuppa v\u00f5i magamistoa seinale. Sajandi keskpaiga graafilise disaini trendidest inspireeritud muster, mis t\u00e4naseks on ajatu klassika.\u00a0 Tapeet, millega on lihtne sobitada \u00fclej\u00e4\u00e4nud interj\u00f6\u00f6ri detaile. Universaalne tapeedidisain, mis sobib ka veidi suurema [&hellip;]<\/p>\n","protected":false},"featured_media":15145,"comment_status":"open","ping_status":"closed","template":"","meta":{"_acf_changed":false,"inline_featured_image":false},"product_brand":[],"product_cat":[387,408,267,271,273,413,400,414,402,699,715],"product_tag":[345,550],"class_list":{"0":"post-15150","1":"product","2":"type-product","3":"status-publish","4":"has-post-thumbnail","6":"product_cat-pilttapeedid","7":"product_cat-geomeetriline","8":"product_cat-sinised-tapeedid","9":"product_cat-rohelised-tapeedid","10":"product_cat-heledad-tapeedid","11":"product_cat-magamistoa-tapeedid","12":"product_cat-lastetoa-tapeedid","13":"product_cat-soogitoa-tapeedid","14":"product_cat-elutoa-tapeedid","15":"product_cat-eesti-disain-tapeedid","16":"product_cat-soodsad-tapeedid-leiunurk","17":"product_tag-pilttapeet","18":"product_tag-sajandi-keskpaik-et","19":"pa_designedby-baubauwall","21":"first","22":"instock","23":"sale","24":"taxable","25":"shipping-taxable","26":"purchasable","27":"product-type-simple"},"acf":[],"yoast_head":"<!-- This site is optimized with the Yoast SEO plugin v25.9 - https:\/\/yoast.com\/wordpress\/plugins\/seo\/ -->\n<title>Pilttapeet Milo. Sajandi keskpaiga stiilis geomeetriline muster<\/title>\n<meta name=\"description\" content=\"Geomeetriline disain pilttapeet heleda mustriga. Pastelne muster ja v\u00e4rvigamma. R\u00e4tsepat\u00f6\u00f6na, sinu seina m\u00f5\u00f5tu tr\u00fckitud fliistapeedid ja pilttapeedid.\" \/>\n<meta name=\"robots\" content=\"index, follow, max-snippet:-1, max-image-preview:large, max-video-preview:-1\" \/>\n<link rel=\"canonical\" href=\"https:\/\/baubauwall.com\/et\/toode\/pilttapeet-mid-century-milo-blue\/\" \/>\n<meta property=\"og:locale\" content=\"et_EE\" \/>\n<meta property=\"og:type\" content=\"article\" \/>\n<meta property=\"og:title\" content=\"Pilttapeet Milo. Sajandi keskpaiga stiilis geomeetriline muster\" \/>\n<meta property=\"og:description\" content=\"Geomeetriline disain pilttapeet heleda mustriga. Pastelne muster ja v\u00e4rvigamma. R\u00e4tsepat\u00f6\u00f6na, sinu seina m\u00f5\u00f5tu tr\u00fckitud fliistapeedid ja pilttapeedid.\" \/>\n<meta property=\"og:url\" content=\"https:\/\/baubauwall.com\/et\/toode\/pilttapeet-mid-century-milo-blue\/\" \/>\n<meta property=\"og:site_name\" content=\"BAUBAUWALL Wallpapers\" \/>\n<meta property=\"article:publisher\" content=\"https:\/\/www.facebook.com\/Baubauwall\" \/>\n<meta property=\"article:modified_time\" content=\"2024-01-05T11:29:14+00:00\" \/>\n<meta property=\"og:image\" content=\"https:\/\/baubauwall.com\/wp-content\/uploads\/2022\/03\/51200088_Mid-century_Milo_lightblue_Baubauwall_Wallpaper_room08-18.jpg\" \/>\n\t<meta property=\"og:image:width\" content=\"2000\" \/>\n\t<meta property=\"og:image:height\" content=\"800\" \/>\n\t<meta property=\"og:image:type\" content=\"image\/jpeg\" \/>\n<meta name=\"twitter:card\" content=\"summary_large_image\" \/>\n<meta name=\"twitter:label1\" content=\"Est. reading time\" \/>\n\t<meta name=\"twitter:data1\" content=\"1 minut\" \/>\n<script type=\"application\/ld+json\" class=\"yoast-schema-graph\">{\"@context\":\"https:\/\/schema.org\",\"@graph\":[{\"@type\":\"WebPage\",\"@id\":\"https:\/\/baubauwall.com\/et\/toode\/pilttapeet-mid-century-milo-blue\/\",\"url\":\"https:\/\/baubauwall.com\/et\/toode\/pilttapeet-mid-century-milo-blue\/\",\"name\":\"Pilttapeet Milo. Sajandi keskpaiga stiilis geomeetriline muster\",\"isPartOf\":{\"@id\":\"https:\/\/baubauwall.com\/et\/#website\"},\"primaryImageOfPage\":{\"@id\":\"https:\/\/baubauwall.com\/et\/toode\/pilttapeet-mid-century-milo-blue\/#primaryimage\"},\"image\":{\"@id\":\"https:\/\/baubauwall.com\/et\/toode\/pilttapeet-mid-century-milo-blue\/#primaryimage\"},\"thumbnailUrl\":\"https:\/\/baubauwall.com\/wp-content\/uploads\/2022\/03\/51200088_Mid-century_Milo_lightblue_Baubauwall_Wallpaper_room08-18.jpg\",\"datePublished\":\"2022-03-03T05:18:19+00:00\",\"dateModified\":\"2024-01-05T11:29:14+00:00\",\"description\":\"Geomeetriline disain pilttapeet heleda mustriga. Pastelne muster ja v\u00e4rvigamma. R\u00e4tsepat\u00f6\u00f6na, sinu seina m\u00f5\u00f5tu tr\u00fckitud fliistapeedid ja pilttapeedid.\",\"breadcrumb\":{\"@id\":\"https:\/\/baubauwall.com\/et\/toode\/pilttapeet-mid-century-milo-blue\/#breadcrumb\"},\"inLanguage\":\"et\",\"potentialAction\":[{\"@type\":\"ReadAction\",\"target\":[\"https:\/\/baubauwall.com\/et\/toode\/pilttapeet-mid-century-milo-blue\/\"]}]},{\"@type\":\"ImageObject\",\"inLanguage\":\"et\",\"@id\":\"https:\/\/baubauwall.com\/et\/toode\/pilttapeet-mid-century-milo-blue\/#primaryimage\",\"url\":\"https:\/\/baubauwall.com\/wp-content\/uploads\/2022\/03\/51200088_Mid-century_Milo_lightblue_Baubauwall_Wallpaper_room08-18.jpg\",\"contentUrl\":\"https:\/\/baubauwall.com\/wp-content\/uploads\/2022\/03\/51200088_Mid-century_Milo_lightblue_Baubauwall_Wallpaper_room08-18.jpg\",\"width\":2000,\"height\":800},{\"@type\":\"BreadcrumbList\",\"@id\":\"https:\/\/baubauwall.com\/et\/toode\/pilttapeet-mid-century-milo-blue\/#breadcrumb\",\"itemListElement\":[{\"@type\":\"ListItem\",\"position\":1,\"name\":\"Koju\",\"item\":\"https:\/\/baubauwall.com\/et\/\"},{\"@type\":\"ListItem\",\"position\":2,\"name\":\"Tapeedid\",\"item\":\"https:\/\/baubauwall.com\/et\/tapeedid\/\"},{\"@type\":\"ListItem\",\"position\":3,\"name\":\"Mid-Century Milo\"}]},{\"@type\":\"WebSite\",\"@id\":\"https:\/\/baubauwall.com\/et\/#website\",\"url\":\"https:\/\/baubauwall.com\/et\/\",\"name\":\"BAUBAUWALL Wallpapers\",\"description\":\"Valmis paanides tapeet Eestist!\",\"publisher\":{\"@id\":\"https:\/\/baubauwall.com\/et\/#organization\"},\"potentialAction\":[{\"@type\":\"SearchAction\",\"target\":{\"@type\":\"EntryPoint\",\"urlTemplate\":\"https:\/\/baubauwall.com\/et\/?s={search_term_string}\"},\"query-input\":{\"@type\":\"PropertyValueSpecification\",\"valueRequired\":true,\"valueName\":\"search_term_string\"}}],\"inLanguage\":\"et\"},{\"@type\":\"Organization\",\"@id\":\"https:\/\/baubauwall.com\/et\/#organization\",\"name\":\"BAUBAUWALL Wallpapers\",\"url\":\"https:\/\/baubauwall.com\/et\/\",\"logo\":{\"@type\":\"ImageObject\",\"inLanguage\":\"et\",\"@id\":\"https:\/\/baubauwall.com\/et\/#\/schema\/logo\/image\/\",\"url\":\"https:\/\/baubauwall.com\/wp-content\/uploads\/2022\/03\/logo-horizontal.svg\",\"contentUrl\":\"https:\/\/baubauwall.com\/wp-content\/uploads\/2022\/03\/logo-horizontal.svg\",\"width\":\"1024\",\"height\":\"1024\",\"caption\":\"BAUBAUWALL Wallpapers\"},\"image\":{\"@id\":\"https:\/\/baubauwall.com\/et\/#\/schema\/logo\/image\/\"},\"sameAs\":[\"https:\/\/www.facebook.com\/Baubauwall\",\"https:\/\/www.instagram.com\/baubauwall\"]}]}<\/script>\n<!-- \/ Yoast SEO plugin. -->","yoast_head_json":{"title":"Pilttapeet Milo. Sajandi keskpaiga stiilis geomeetriline muster","description":"Geomeetriline disain pilttapeet heleda mustriga. Pastelne muster ja v\u00e4rvigamma. R\u00e4tsepat\u00f6\u00f6na, sinu seina m\u00f5\u00f5tu tr\u00fckitud fliistapeedid ja pilttapeedid.","robots":{"index":"index","follow":"follow","max-snippet":"max-snippet:-1","max-image-preview":"max-image-preview:large","max-video-preview":"max-video-preview:-1"},"canonical":"https:\/\/baubauwall.com\/et\/toode\/pilttapeet-mid-century-milo-blue\/","og_locale":"et_EE","og_type":"article","og_title":"Pilttapeet Milo. Sajandi keskpaiga stiilis geomeetriline muster","og_description":"Geomeetriline disain pilttapeet heleda mustriga. Pastelne muster ja v\u00e4rvigamma. R\u00e4tsepat\u00f6\u00f6na, sinu seina m\u00f5\u00f5tu tr\u00fckitud fliistapeedid ja pilttapeedid.","og_url":"https:\/\/baubauwall.com\/et\/toode\/pilttapeet-mid-century-milo-blue\/","og_site_name":"BAUBAUWALL Wallpapers","article_publisher":"https:\/\/www.facebook.com\/Baubauwall","article_modified_time":"2024-01-05T11:29:14+00:00","og_image":[{"width":2000,"height":800,"url":"https:\/\/baubauwall.com\/wp-content\/uploads\/2022\/03\/51200088_Mid-century_Milo_lightblue_Baubauwall_Wallpaper_room08-18.jpg","type":"image\/jpeg"}],"twitter_card":"summary_large_image","twitter_misc":{"Est. reading time":"1 minut"},"schema":{"@context":"https:\/\/schema.org","@graph":[{"@type":"WebPage","@id":"https:\/\/baubauwall.com\/et\/toode\/pilttapeet-mid-century-milo-blue\/","url":"https:\/\/baubauwall.com\/et\/toode\/pilttapeet-mid-century-milo-blue\/","name":"Pilttapeet Milo. Sajandi keskpaiga stiilis geomeetriline muster","isPartOf":{"@id":"https:\/\/baubauwall.com\/et\/#website"},"primaryImageOfPage":{"@id":"https:\/\/baubauwall.com\/et\/toode\/pilttapeet-mid-century-milo-blue\/#primaryimage"},"image":{"@id":"https:\/\/baubauwall.com\/et\/toode\/pilttapeet-mid-century-milo-blue\/#primaryimage"},"thumbnailUrl":"https:\/\/baubauwall.com\/wp-content\/uploads\/2022\/03\/51200088_Mid-century_Milo_lightblue_Baubauwall_Wallpaper_room08-18.jpg","datePublished":"2022-03-03T05:18:19+00:00","dateModified":"2024-01-05T11:29:14+00:00","description":"Geomeetriline disain pilttapeet heleda mustriga. Pastelne muster ja v\u00e4rvigamma. R\u00e4tsepat\u00f6\u00f6na, sinu seina m\u00f5\u00f5tu tr\u00fckitud fliistapeedid ja pilttapeedid.","breadcrumb":{"@id":"https:\/\/baubauwall.com\/et\/toode\/pilttapeet-mid-century-milo-blue\/#breadcrumb"},"inLanguage":"et","potentialAction":[{"@type":"ReadAction","target":["https:\/\/baubauwall.com\/et\/toode\/pilttapeet-mid-century-milo-blue\/"]}]},{"@type":"ImageObject","inLanguage":"et","@id":"https:\/\/baubauwall.com\/et\/toode\/pilttapeet-mid-century-milo-blue\/#primaryimage","url":"https:\/\/baubauwall.com\/wp-content\/uploads\/2022\/03\/51200088_Mid-century_Milo_lightblue_Baubauwall_Wallpaper_room08-18.jpg","contentUrl":"https:\/\/baubauwall.com\/wp-content\/uploads\/2022\/03\/51200088_Mid-century_Milo_lightblue_Baubauwall_Wallpaper_room08-18.jpg","width":2000,"height":800},{"@type":"BreadcrumbList","@id":"https:\/\/baubauwall.com\/et\/toode\/pilttapeet-mid-century-milo-blue\/#breadcrumb","itemListElement":[{"@type":"ListItem","position":1,"name":"Koju","item":"https:\/\/baubauwall.com\/et\/"},{"@type":"ListItem","position":2,"name":"Tapeedid","item":"https:\/\/baubauwall.com\/et\/tapeedid\/"},{"@type":"ListItem","position":3,"name":"Mid-Century Milo"}]},{"@type":"WebSite","@id":"https:\/\/baubauwall.com\/et\/#website","url":"https:\/\/baubauwall.com\/et\/","name":"BAUBAUWALL Wallpapers","description":"Valmis paanides tapeet Eestist!","publisher":{"@id":"https:\/\/baubauwall.com\/et\/#organization"},"potentialAction":[{"@type":"SearchAction","target":{"@type":"EntryPoint","urlTemplate":"https:\/\/baubauwall.com\/et\/?s={search_term_string}"},"query-input":{"@type":"PropertyValueSpecification","valueRequired":true,"valueName":"search_term_string"}}],"inLanguage":"et"},{"@type":"Organization","@id":"https:\/\/baubauwall.com\/et\/#organization","name":"BAUBAUWALL Wallpapers","url":"https:\/\/baubauwall.com\/et\/","logo":{"@type":"ImageObject","inLanguage":"et","@id":"https:\/\/baubauwall.com\/et\/#\/schema\/logo\/image\/","url":"https:\/\/baubauwall.com\/wp-content\/uploads\/2022\/03\/logo-horizontal.svg","contentUrl":"https:\/\/baubauwall.com\/wp-content\/uploads\/2022\/03\/logo-horizontal.svg","width":"1024","height":"1024","caption":"BAUBAUWALL Wallpapers"},"image":{"@id":"https:\/\/baubauwall.com\/et\/#\/schema\/logo\/image\/"},"sameAs":["https:\/\/www.facebook.com\/Baubauwall","https:\/\/www.instagram.com\/baubauwall"]}]}},"jetpack_sharing_enabled":true,"_links":{"self":[{"href":"https:\/\/baubauwall.com\/et\/wp-json\/wp\/v2\/product\/15150","targetHints":{"allow":["GET"]}}],"collection":[{"href":"https:\/\/baubauwall.com\/et\/wp-json\/wp\/v2\/product"}],"about":[{"href":"https:\/\/baubauwall.com\/et\/wp-json\/wp\/v2\/types\/product"}],"replies":[{"embeddable":true,"href":"https:\/\/baubauwall.com\/et\/wp-json\/wp\/v2\/comments?post=15150"}],"wp:featuredmedia":[{"embeddable":true,"href":"https:\/\/baubauwall.com\/et\/wp-json\/wp\/v2\/media\/15145"}],"wp:attachment":[{"href":"https:\/\/baubauwall.com\/et\/wp-json\/wp\/v2\/media?parent=15150"}],"wp:term":[{"taxonomy":"product_brand","embeddable":true,"href":"https:\/\/baubauwall.com\/et\/wp-json\/wp\/v2\/product_brand?post=15150"},{"taxonomy":"product_cat","embeddable":true,"href":"https:\/\/baubauwall.com\/et\/wp-json\/wp\/v2\/product_cat?post=15150"},{"taxonomy":"product_tag","embeddable":true,"href":"https:\/\/baubauwall.com\/et\/wp-json\/wp\/v2\/product_tag?post=15150"}],"curies":[{"name":"wp","href":"https:\/\/api.w.org\/{rel}","templated":true}]}}