{"id":15197,"date":"2022-03-03T09:18:20","date_gmt":"2022-03-03T07:18:20","guid":{"rendered":"https:\/\/baubauwall.com\/product\/wall-mural-eucalyptus-wall-terracottamural92\/"},"modified":"2024-08-06T12:35:55","modified_gmt":"2024-08-06T10:35:55","slug":"pilttapeet-eukaluptide-sein-terrakota","status":"publish","type":"product","link":"https:\/\/baubauwall.com\/et\/toode\/pilttapeet-eukaluptide-sein-terrakota\/","title":{"rendered":"Eukal\u00fcptide sein &#8211; terrakota"},"content":{"rendered":"<p>Pilttapeet on ideaalne viis muuta t\u00fchi sein millekski hulga huvitavamaks. See vesiv\u00e4rvidega maalitud ja betoonist seinale langevaid eukal\u00fcpte kujutav disain v\u00f5iks \u00e4kki olla just see \u00f5ige tapeet! Soojades terrakota toonides lehed langevad otsekui m\u00fc\u00fcrilt alla. L\u00f5ppude l\u00f5puks on interj\u00f6\u00f6ris enamik m\u00f6\u00f6blit p\u00f5randal ja seinakunst v\u00f5ib j\u00e4\u00e4da varjule. Eukal\u00fcptidega tapeeti disainides pidasime just seda silmas ja nii ongi tapeedi p\u00f5hikujundus paigutatud \u00fclesse. Eukal\u00fcpt t\u00e4hendab t\u00f5lkes \u201ch\u00e4sti varjatud\u201d. See s\u00f5na p\u00e4rineb kreekakeelsetest s\u00f5nadest\u00a0<em>eu<\/em>\u00a0\u2013 \u201ch\u00e4sti\u201d ja\u00a0<em>kaluptos<\/em>\u00a0\u2013 \u201cvarjab\u201d. Kas saaks olla veel parem idee pilttapeedi disainiks?<\/p>\n<p>Nagu k\u00f5ik meie tapeedid on ka see pilttapeet tr\u00fckitud\u00a0<a href=\"https:\/\/baubauwall.com\/et\/keskkonnasobralikud-tapeedid\/\" target=\"_blank\" rel=\"noopener\">keskkonnas\u00f5bralike v\u00e4rvidega<\/a>\u00a0hingavale, fliistapeedi materjalile.<\/p>\n<p>Baubauwallist tellides saad tapeedi t\u00e4pselt oma seina m\u00f5\u00f5dus, valmis l\u00f5igatud paanides. Tapeedipaanid on nummerdatud ja just nii k\u00f5rged, kui Sinu sein. Sa ei pea ise arvutama, kui palju tapeeti vaja on v\u00f5i kuidas muster kokku l\u00e4heb. Teeme selle t\u00f6\u00f6 Sinu eest. Sinu ainuke v\u00e4ljakutse on valida v\u00e4lja sobiv tapeet ning sein \u00e4ra m\u00f5\u00f5ta. Kuidas erinevaid seinu tapeetimiseks m\u00f5\u00f5ta, <a href=\"https:\/\/baubauwall.com\/et\/nipid\/tapeedi-koguse-planeerimine-seina-mootmine\/\" target=\"_blank\" rel=\"noopener\">loe l\u00e4hemalt blogiartiklis.\u00a0<\/a><\/p>\n","protected":false},"excerpt":{"rendered":"<p>Pilttapeet on ideaalne viis muuta t\u00fchi sein millekski hulga huvitavamaks. See vesiv\u00e4rvidega maalitud ja betoonist seinale langevaid eukal\u00fcpte kujutav disain v\u00f5iks \u00e4kki olla just see \u00f5ige tapeet! Soojades terrakota toonides lehed langevad otsekui m\u00fc\u00fcrilt alla. L\u00f5ppude l\u00f5puks on interj\u00f6\u00f6ris enamik m\u00f6\u00f6blit p\u00f5randal ja seinakunst v\u00f5ib j\u00e4\u00e4da varjule. Eukal\u00fcptidega tapeeti disainides pidasime just seda silmas ja [&hellip;]<\/p>\n","protected":false},"featured_media":15195,"comment_status":"open","ping_status":"closed","template":"","meta":{"_acf_changed":false,"inline_featured_image":false},"product_brand":[],"product_cat":[387,406,391,272,273,275,241],"product_tag":[563,345,381],"class_list":{"0":"post-15197","1":"product","2":"type-product","3":"status-publish","4":"has-post-thumbnail","6":"product_cat-pilttapeedid","7":"product_cat-klassika","8":"product_cat-vahemereline","9":"product_cat-hallid-tapeedid","10":"product_cat-heledad-tapeedid","11":"product_cat-oranzid-tapeedid","12":"product_cat-betoon","13":"product_tag-biofiilia-stiil","14":"product_tag-pilttapeet","15":"product_tag-vesivarv","16":"pa_designedby-baubauwall","18":"first","19":"instock","20":"taxable","21":"shipping-taxable","22":"purchasable","23":"product-type-simple"},"acf":[],"yoast_head":"<!-- This site is optimized with the Yoast SEO plugin v25.9 - https:\/\/yoast.com\/wordpress\/plugins\/seo\/ -->\n<title>Pilttapeet vesiv\u00e4rvi eukal\u00fcptide lehtedega soojades toonides.<\/title>\n<meta name=\"description\" content=\"Disain pilttapeet. Pilttapeet eukal\u00fcptidega betoonist seina taustal. T\u00e4pselt sinu seina m\u00f5\u00f5tu l\u00f5igatud tapeedipaanides. R\u00e4tsepat\u00f6\u00f6 tapeedid.\" \/>\n<meta name=\"robots\" content=\"index, follow, max-snippet:-1, max-image-preview:large, max-video-preview:-1\" \/>\n<link rel=\"canonical\" href=\"https:\/\/baubauwall.com\/et\/toode\/pilttapeet-eukaluptide-sein-terrakota\/\" \/>\n<meta property=\"og:locale\" content=\"et_EE\" \/>\n<meta property=\"og:type\" content=\"article\" \/>\n<meta property=\"og:title\" content=\"Pilttapeet vesiv\u00e4rvi eukal\u00fcptide lehtedega soojades toonides.\" \/>\n<meta property=\"og:description\" content=\"Disain pilttapeet. Pilttapeet eukal\u00fcptidega betoonist seina taustal. T\u00e4pselt sinu seina m\u00f5\u00f5tu l\u00f5igatud tapeedipaanides. R\u00e4tsepat\u00f6\u00f6 tapeedid.\" \/>\n<meta property=\"og:url\" content=\"https:\/\/baubauwall.com\/et\/toode\/pilttapeet-eukaluptide-sein-terrakota\/\" \/>\n<meta property=\"og:site_name\" content=\"BAUBAUWALL TAPEEDID\" \/>\n<meta property=\"article:publisher\" content=\"https:\/\/www.facebook.com\/Baubauwall\" \/>\n<meta property=\"article:modified_time\" content=\"2024-08-06T10:35:55+00:00\" \/>\n<meta property=\"og:image\" content=\"https:\/\/i0.wp.com\/baubauwall.com\/wp-content\/uploads\/2022\/03\/51200092_EucalyptusWall-terracotta_Baubauwall_Wallmural_room4.jpg?fit=1041%2C800&ssl=1\" \/>\n\t<meta property=\"og:image:width\" content=\"1041\" \/>\n\t<meta property=\"og:image:height\" content=\"800\" \/>\n\t<meta property=\"og:image:type\" content=\"image\/jpeg\" \/>\n<meta name=\"twitter:card\" content=\"summary_large_image\" \/>\n<meta name=\"twitter:label1\" content=\"Est. reading time\" \/>\n\t<meta name=\"twitter:data1\" content=\"1 minut\" \/>\n<script type=\"application\/ld+json\" class=\"yoast-schema-graph\">{\"@context\":\"https:\/\/schema.org\",\"@graph\":[{\"@type\":\"WebPage\",\"@id\":\"https:\/\/baubauwall.com\/et\/toode\/pilttapeet-eukaluptide-sein-terrakota\/\",\"url\":\"https:\/\/baubauwall.com\/et\/toode\/pilttapeet-eukaluptide-sein-terrakota\/\",\"name\":\"Pilttapeet vesiv\u00e4rvi eukal\u00fcptide lehtedega soojades toonides.\",\"isPartOf\":{\"@id\":\"https:\/\/baubauwall.com\/et\/#website\"},\"primaryImageOfPage\":{\"@id\":\"https:\/\/baubauwall.com\/et\/toode\/pilttapeet-eukaluptide-sein-terrakota\/#primaryimage\"},\"image\":{\"@id\":\"https:\/\/baubauwall.com\/et\/toode\/pilttapeet-eukaluptide-sein-terrakota\/#primaryimage\"},\"thumbnailUrl\":\"https:\/\/baubauwall.com\/wp-content\/uploads\/2022\/03\/51200092_EucalyptusWall-terracotta_Baubauwall_Wallmural_room4.jpg\",\"datePublished\":\"2022-03-03T07:18:20+00:00\",\"dateModified\":\"2024-08-06T10:35:55+00:00\",\"description\":\"Disain pilttapeet. Pilttapeet eukal\u00fcptidega betoonist seina taustal. T\u00e4pselt sinu seina m\u00f5\u00f5tu l\u00f5igatud tapeedipaanides. R\u00e4tsepat\u00f6\u00f6 tapeedid.\",\"breadcrumb\":{\"@id\":\"https:\/\/baubauwall.com\/et\/toode\/pilttapeet-eukaluptide-sein-terrakota\/#breadcrumb\"},\"inLanguage\":\"et\",\"potentialAction\":[{\"@type\":\"ReadAction\",\"target\":[\"https:\/\/baubauwall.com\/et\/toode\/pilttapeet-eukaluptide-sein-terrakota\/\"]}]},{\"@type\":\"ImageObject\",\"inLanguage\":\"et\",\"@id\":\"https:\/\/baubauwall.com\/et\/toode\/pilttapeet-eukaluptide-sein-terrakota\/#primaryimage\",\"url\":\"https:\/\/baubauwall.com\/wp-content\/uploads\/2022\/03\/51200092_EucalyptusWall-terracotta_Baubauwall_Wallmural_room4.jpg\",\"contentUrl\":\"https:\/\/baubauwall.com\/wp-content\/uploads\/2022\/03\/51200092_EucalyptusWall-terracotta_Baubauwall_Wallmural_room4.jpg\",\"width\":1041,\"height\":800},{\"@type\":\"BreadcrumbList\",\"@id\":\"https:\/\/baubauwall.com\/et\/toode\/pilttapeet-eukaluptide-sein-terrakota\/#breadcrumb\",\"itemListElement\":[{\"@type\":\"ListItem\",\"position\":1,\"name\":\"Koju\",\"item\":\"https:\/\/baubauwall.com\/et\/\"},{\"@type\":\"ListItem\",\"position\":2,\"name\":\"Tapeedid\",\"item\":\"https:\/\/baubauwall.com\/et\/tapeedid\/\"},{\"@type\":\"ListItem\",\"position\":3,\"name\":\"Eukal\u00fcptide sein &#8211; terrakota\"}]},{\"@type\":\"WebSite\",\"@id\":\"https:\/\/baubauwall.com\/et\/#website\",\"url\":\"https:\/\/baubauwall.com\/et\/\",\"name\":\"BAUBAUWALL Wallpapers\",\"description\":\"Valmis paanides tapeet Eestist!\",\"publisher\":{\"@id\":\"https:\/\/baubauwall.com\/et\/#organization\"},\"potentialAction\":[{\"@type\":\"SearchAction\",\"target\":{\"@type\":\"EntryPoint\",\"urlTemplate\":\"https:\/\/baubauwall.com\/et\/?s={search_term_string}\"},\"query-input\":{\"@type\":\"PropertyValueSpecification\",\"valueRequired\":true,\"valueName\":\"search_term_string\"}}],\"inLanguage\":\"et\"},{\"@type\":\"Organization\",\"@id\":\"https:\/\/baubauwall.com\/et\/#organization\",\"name\":\"BAUBAUWALL Wallpapers\",\"url\":\"https:\/\/baubauwall.com\/et\/\",\"logo\":{\"@type\":\"ImageObject\",\"inLanguage\":\"et\",\"@id\":\"https:\/\/baubauwall.com\/et\/#\/schema\/logo\/image\/\",\"url\":\"https:\/\/baubauwall.com\/wp-content\/uploads\/2022\/03\/logo-horizontal.svg\",\"contentUrl\":\"https:\/\/baubauwall.com\/wp-content\/uploads\/2022\/03\/logo-horizontal.svg\",\"width\":\"1024\",\"height\":\"1024\",\"caption\":\"BAUBAUWALL Wallpapers\"},\"image\":{\"@id\":\"https:\/\/baubauwall.com\/et\/#\/schema\/logo\/image\/\"},\"sameAs\":[\"https:\/\/www.facebook.com\/Baubauwall\",\"https:\/\/www.instagram.com\/baubauwall\"]}]}<\/script>\n<!-- \/ Yoast SEO plugin. -->","yoast_head_json":{"title":"Pilttapeet vesiv\u00e4rvi eukal\u00fcptide lehtedega soojades toonides.","description":"Disain pilttapeet. Pilttapeet eukal\u00fcptidega betoonist seina taustal. T\u00e4pselt sinu seina m\u00f5\u00f5tu l\u00f5igatud tapeedipaanides. R\u00e4tsepat\u00f6\u00f6 tapeedid.","robots":{"index":"index","follow":"follow","max-snippet":"max-snippet:-1","max-image-preview":"max-image-preview:large","max-video-preview":"max-video-preview:-1"},"canonical":"https:\/\/baubauwall.com\/et\/toode\/pilttapeet-eukaluptide-sein-terrakota\/","og_locale":"et_EE","og_type":"article","og_title":"Pilttapeet vesiv\u00e4rvi eukal\u00fcptide lehtedega soojades toonides.","og_description":"Disain pilttapeet. Pilttapeet eukal\u00fcptidega betoonist seina taustal. T\u00e4pselt sinu seina m\u00f5\u00f5tu l\u00f5igatud tapeedipaanides. R\u00e4tsepat\u00f6\u00f6 tapeedid.","og_url":"https:\/\/baubauwall.com\/et\/toode\/pilttapeet-eukaluptide-sein-terrakota\/","og_site_name":"BAUBAUWALL TAPEEDID","article_publisher":"https:\/\/www.facebook.com\/Baubauwall","article_modified_time":"2024-08-06T10:35:55+00:00","og_image":[{"width":1041,"height":800,"url":"https:\/\/i0.wp.com\/baubauwall.com\/wp-content\/uploads\/2022\/03\/51200092_EucalyptusWall-terracotta_Baubauwall_Wallmural_room4.jpg?fit=1041%2C800&ssl=1","type":"image\/jpeg"}],"twitter_card":"summary_large_image","twitter_misc":{"Est. reading time":"1 minut"},"schema":{"@context":"https:\/\/schema.org","@graph":[{"@type":"WebPage","@id":"https:\/\/baubauwall.com\/et\/toode\/pilttapeet-eukaluptide-sein-terrakota\/","url":"https:\/\/baubauwall.com\/et\/toode\/pilttapeet-eukaluptide-sein-terrakota\/","name":"Pilttapeet vesiv\u00e4rvi eukal\u00fcptide lehtedega soojades toonides.","isPartOf":{"@id":"https:\/\/baubauwall.com\/et\/#website"},"primaryImageOfPage":{"@id":"https:\/\/baubauwall.com\/et\/toode\/pilttapeet-eukaluptide-sein-terrakota\/#primaryimage"},"image":{"@id":"https:\/\/baubauwall.com\/et\/toode\/pilttapeet-eukaluptide-sein-terrakota\/#primaryimage"},"thumbnailUrl":"https:\/\/baubauwall.com\/wp-content\/uploads\/2022\/03\/51200092_EucalyptusWall-terracotta_Baubauwall_Wallmural_room4.jpg","datePublished":"2022-03-03T07:18:20+00:00","dateModified":"2024-08-06T10:35:55+00:00","description":"Disain pilttapeet. Pilttapeet eukal\u00fcptidega betoonist seina taustal. T\u00e4pselt sinu seina m\u00f5\u00f5tu l\u00f5igatud tapeedipaanides. R\u00e4tsepat\u00f6\u00f6 tapeedid.","breadcrumb":{"@id":"https:\/\/baubauwall.com\/et\/toode\/pilttapeet-eukaluptide-sein-terrakota\/#breadcrumb"},"inLanguage":"et","potentialAction":[{"@type":"ReadAction","target":["https:\/\/baubauwall.com\/et\/toode\/pilttapeet-eukaluptide-sein-terrakota\/"]}]},{"@type":"ImageObject","inLanguage":"et","@id":"https:\/\/baubauwall.com\/et\/toode\/pilttapeet-eukaluptide-sein-terrakota\/#primaryimage","url":"https:\/\/baubauwall.com\/wp-content\/uploads\/2022\/03\/51200092_EucalyptusWall-terracotta_Baubauwall_Wallmural_room4.jpg","contentUrl":"https:\/\/baubauwall.com\/wp-content\/uploads\/2022\/03\/51200092_EucalyptusWall-terracotta_Baubauwall_Wallmural_room4.jpg","width":1041,"height":800},{"@type":"BreadcrumbList","@id":"https:\/\/baubauwall.com\/et\/toode\/pilttapeet-eukaluptide-sein-terrakota\/#breadcrumb","itemListElement":[{"@type":"ListItem","position":1,"name":"Koju","item":"https:\/\/baubauwall.com\/et\/"},{"@type":"ListItem","position":2,"name":"Tapeedid","item":"https:\/\/baubauwall.com\/et\/tapeedid\/"},{"@type":"ListItem","position":3,"name":"Eukal\u00fcptide sein &#8211; terrakota"}]},{"@type":"WebSite","@id":"https:\/\/baubauwall.com\/et\/#website","url":"https:\/\/baubauwall.com\/et\/","name":"BAUBAUWALL Wallpapers","description":"Valmis paanides tapeet Eestist!","publisher":{"@id":"https:\/\/baubauwall.com\/et\/#organization"},"potentialAction":[{"@type":"SearchAction","target":{"@type":"EntryPoint","urlTemplate":"https:\/\/baubauwall.com\/et\/?s={search_term_string}"},"query-input":{"@type":"PropertyValueSpecification","valueRequired":true,"valueName":"search_term_string"}}],"inLanguage":"et"},{"@type":"Organization","@id":"https:\/\/baubauwall.com\/et\/#organization","name":"BAUBAUWALL Wallpapers","url":"https:\/\/baubauwall.com\/et\/","logo":{"@type":"ImageObject","inLanguage":"et","@id":"https:\/\/baubauwall.com\/et\/#\/schema\/logo\/image\/","url":"https:\/\/baubauwall.com\/wp-content\/uploads\/2022\/03\/logo-horizontal.svg","contentUrl":"https:\/\/baubauwall.com\/wp-content\/uploads\/2022\/03\/logo-horizontal.svg","width":"1024","height":"1024","caption":"BAUBAUWALL Wallpapers"},"image":{"@id":"https:\/\/baubauwall.com\/et\/#\/schema\/logo\/image\/"},"sameAs":["https:\/\/www.facebook.com\/Baubauwall","https:\/\/www.instagram.com\/baubauwall"]}]}},"jetpack_sharing_enabled":true,"_links":{"self":[{"href":"https:\/\/baubauwall.com\/et\/wp-json\/wp\/v2\/product\/15197","targetHints":{"allow":["GET"]}}],"collection":[{"href":"https:\/\/baubauwall.com\/et\/wp-json\/wp\/v2\/product"}],"about":[{"href":"https:\/\/baubauwall.com\/et\/wp-json\/wp\/v2\/types\/product"}],"replies":[{"embeddable":true,"href":"https:\/\/baubauwall.com\/et\/wp-json\/wp\/v2\/comments?post=15197"}],"wp:featuredmedia":[{"embeddable":true,"href":"https:\/\/baubauwall.com\/et\/wp-json\/wp\/v2\/media\/15195"}],"wp:attachment":[{"href":"https:\/\/baubauwall.com\/et\/wp-json\/wp\/v2\/media?parent=15197"}],"wp:term":[{"taxonomy":"product_brand","embeddable":true,"href":"https:\/\/baubauwall.com\/et\/wp-json\/wp\/v2\/product_brand?post=15197"},{"taxonomy":"product_cat","embeddable":true,"href":"https:\/\/baubauwall.com\/et\/wp-json\/wp\/v2\/product_cat?post=15197"},{"taxonomy":"product_tag","embeddable":true,"href":"https:\/\/baubauwall.com\/et\/wp-json\/wp\/v2\/product_tag?post=15197"}],"curies":[{"name":"wp","href":"https:\/\/api.w.org\/{rel}","templated":true}]}}