{"id":15226,"date":"2022-03-03T09:18:20","date_gmt":"2022-03-03T07:18:20","guid":{"rendered":"https:\/\/baubauwall.com\/product\/wall-mural-eucalyptus-wall-grey\/"},"modified":"2024-08-06T12:35:55","modified_gmt":"2024-08-06T10:35:55","slug":"pilttapeet-eukaluptide-sein-helehall","status":"publish","type":"product","link":"https:\/\/baubauwall.com\/et\/toode\/pilttapeet-eukaluptide-sein-helehall\/","title":{"rendered":"Eukal\u00fcptide sein &#8211; helehall"},"content":{"rendered":"<p>Pilttapeet on ideaalne viis muuta t\u00fchi sein millekski hulga huvitavamaks. See vesiv\u00e4rvidega maalitud ja betoonist seinale langevaid eukal\u00fcpte kujutav disain v\u00f5iks \u00e4kki olla just see \u00f5ige tapeet! Monokroomse helehalli toonides lehed langevad otsekui m\u00fc\u00fcrilt alla. L\u00f5ppude l\u00f5puks on interj\u00f6\u00f6ris enamik m\u00f6\u00f6blit p\u00f5randal ja seinakunst v\u00f5ib j\u00e4\u00e4da varjule. Eukal\u00fcptidega tapeeti disainides pidasime just seda silmas ja nii ongi tapeedi p\u00f5hikujundus paigutatud \u00fclesse. Eukal\u00fcpt t\u00e4hendab t\u00f5lkes \u201ch\u00e4sti varjatud\u201d. See s\u00f5na p\u00e4rineb kreekakeelsetest s\u00f5nadest eu \u2013 \u201ch\u00e4sti\u201d ja kaluptos \u2013 \u201cvarjab\u201d. Kas saaks olla veel parem idee pilttapeedi disainiks? Nagu k\u00f5ik meie tapeedid on ka see pilttapeet tr\u00fckitud keskkonnas\u00f5bralike v\u00e4rvidega hingavale, fliistapeedi materjalile.<\/p>\n<p>Pilttapeet \u201cEukal\u00fcptide sein\u201d on meil olemas ka terrakota ja helesinistes toonides.<\/p>\n<p>&nbsp;<\/p>\n","protected":false},"excerpt":{"rendered":"<p>Pilttapeet on ideaalne viis muuta t\u00fchi sein millekski hulga huvitavamaks. See vesiv\u00e4rvidega maalitud ja betoonist seinale langevaid eukal\u00fcpte kujutav disain v\u00f5iks \u00e4kki olla just see \u00f5ige tapeet! Monokroomse helehalli toonides lehed langevad otsekui m\u00fc\u00fcrilt alla. L\u00f5ppude l\u00f5puks on interj\u00f6\u00f6ris enamik m\u00f6\u00f6blit p\u00f5randal ja seinakunst v\u00f5ib j\u00e4\u00e4da varjule. Eukal\u00fcptidega tapeeti disainides pidasime just seda silmas ja [&hellip;]<\/p>\n","protected":false},"featured_media":15224,"comment_status":"open","ping_status":"closed","template":"","meta":{"_acf_changed":false,"inline_featured_image":false},"product_brand":[],"product_cat":[387,391,272,273,413,414,415,399,402,254,241],"product_tag":[314,345,381],"class_list":{"0":"post-15226","1":"product","2":"type-product","3":"status-publish","4":"has-post-thumbnail","6":"product_cat-pilttapeedid","7":"product_cat-vahemereline","8":"product_cat-hallid-tapeedid","9":"product_cat-heledad-tapeedid","10":"product_cat-magamistoa-tapeedid","11":"product_cat-soogitoa-tapeedid","12":"product_cat-kulalistetoa-tapeedid","13":"product_cat-kodukontori-tapeedid","14":"product_cat-elutoa-tapeedid","15":"product_cat-loodus","16":"product_cat-betoon","17":"product_tag-faux-surface-et","18":"product_tag-pilttapeet","19":"product_tag-vesivarv","20":"pa_designedby-baubauwall","22":"first","23":"instock","24":"taxable","25":"shipping-taxable","26":"purchasable","27":"product-type-simple"},"acf":[],"yoast_head":"<!-- This site is optimized with the Yoast SEO plugin v25.9 - https:\/\/yoast.com\/wordpress\/plugins\/seo\/ -->\n<title>Helehall pilttapeet vesiv\u00e4rvitud eukal\u00fcpti lehtedega.<\/title>\n<meta name=\"description\" content=\"T\u00e4pselt sinu seina m\u00f5\u00f5tu l\u00f5igatud tapeedipaanid. Hall pilttapeet eukal\u00fcptidega betoonist seina taustal. R\u00e4tsepat\u00f6\u00f6 tapeedid.\" \/>\n<meta name=\"robots\" content=\"index, follow, max-snippet:-1, max-image-preview:large, max-video-preview:-1\" \/>\n<link rel=\"canonical\" href=\"https:\/\/baubauwall.com\/et\/toode\/pilttapeet-eukaluptide-sein-helehall\/\" \/>\n<meta property=\"og:locale\" content=\"et_EE\" \/>\n<meta property=\"og:type\" content=\"article\" \/>\n<meta property=\"og:title\" content=\"Helehall pilttapeet vesiv\u00e4rvitud eukal\u00fcpti lehtedega.\" \/>\n<meta property=\"og:description\" content=\"T\u00e4pselt sinu seina m\u00f5\u00f5tu l\u00f5igatud tapeedipaanid. Hall pilttapeet eukal\u00fcptidega betoonist seina taustal. R\u00e4tsepat\u00f6\u00f6 tapeedid.\" \/>\n<meta property=\"og:url\" content=\"https:\/\/baubauwall.com\/et\/toode\/pilttapeet-eukaluptide-sein-helehall\/\" \/>\n<meta property=\"og:site_name\" content=\"BAUBAUWALL TAPEEDID\" \/>\n<meta property=\"article:publisher\" content=\"https:\/\/www.facebook.com\/Baubauwall\" \/>\n<meta property=\"article:modified_time\" content=\"2024-08-06T10:35:55+00:00\" \/>\n<meta property=\"og:image\" content=\"https:\/\/baubauwall.com\/wp-content\/uploads\/2022\/03\/51200090_EucalyptusWall-lightgrey_Baubauwall_Wallmural_room8.jpg\" \/>\n\t<meta property=\"og:image:width\" content=\"1175\" \/>\n\t<meta property=\"og:image:height\" content=\"800\" \/>\n\t<meta property=\"og:image:type\" content=\"image\/jpeg\" \/>\n<meta name=\"twitter:card\" content=\"summary_large_image\" \/>\n<meta name=\"twitter:label1\" content=\"Est. reading time\" \/>\n\t<meta name=\"twitter:data1\" content=\"1 minut\" \/>\n<script type=\"application\/ld+json\" class=\"yoast-schema-graph\">{\"@context\":\"https:\/\/schema.org\",\"@graph\":[{\"@type\":\"WebPage\",\"@id\":\"https:\/\/baubauwall.com\/et\/toode\/pilttapeet-eukaluptide-sein-helehall\/\",\"url\":\"https:\/\/baubauwall.com\/et\/toode\/pilttapeet-eukaluptide-sein-helehall\/\",\"name\":\"Helehall pilttapeet vesiv\u00e4rvitud eukal\u00fcpti lehtedega.\",\"isPartOf\":{\"@id\":\"https:\/\/baubauwall.com\/et\/#website\"},\"primaryImageOfPage\":{\"@id\":\"https:\/\/baubauwall.com\/et\/toode\/pilttapeet-eukaluptide-sein-helehall\/#primaryimage\"},\"image\":{\"@id\":\"https:\/\/baubauwall.com\/et\/toode\/pilttapeet-eukaluptide-sein-helehall\/#primaryimage\"},\"thumbnailUrl\":\"https:\/\/baubauwall.com\/wp-content\/uploads\/2022\/03\/51200090_EucalyptusWall-lightgrey_Baubauwall_Wallmural_room8.jpg\",\"datePublished\":\"2022-03-03T07:18:20+00:00\",\"dateModified\":\"2024-08-06T10:35:55+00:00\",\"description\":\"T\u00e4pselt sinu seina m\u00f5\u00f5tu l\u00f5igatud tapeedipaanid. Hall pilttapeet eukal\u00fcptidega betoonist seina taustal. R\u00e4tsepat\u00f6\u00f6 tapeedid.\",\"breadcrumb\":{\"@id\":\"https:\/\/baubauwall.com\/et\/toode\/pilttapeet-eukaluptide-sein-helehall\/#breadcrumb\"},\"inLanguage\":\"et\",\"potentialAction\":[{\"@type\":\"ReadAction\",\"target\":[\"https:\/\/baubauwall.com\/et\/toode\/pilttapeet-eukaluptide-sein-helehall\/\"]}]},{\"@type\":\"ImageObject\",\"inLanguage\":\"et\",\"@id\":\"https:\/\/baubauwall.com\/et\/toode\/pilttapeet-eukaluptide-sein-helehall\/#primaryimage\",\"url\":\"https:\/\/baubauwall.com\/wp-content\/uploads\/2022\/03\/51200090_EucalyptusWall-lightgrey_Baubauwall_Wallmural_room8.jpg\",\"contentUrl\":\"https:\/\/baubauwall.com\/wp-content\/uploads\/2022\/03\/51200090_EucalyptusWall-lightgrey_Baubauwall_Wallmural_room8.jpg\",\"width\":1175,\"height\":800},{\"@type\":\"BreadcrumbList\",\"@id\":\"https:\/\/baubauwall.com\/et\/toode\/pilttapeet-eukaluptide-sein-helehall\/#breadcrumb\",\"itemListElement\":[{\"@type\":\"ListItem\",\"position\":1,\"name\":\"Koju\",\"item\":\"https:\/\/baubauwall.com\/et\/\"},{\"@type\":\"ListItem\",\"position\":2,\"name\":\"Tapeedid\",\"item\":\"https:\/\/baubauwall.com\/et\/tapeedid\/\"},{\"@type\":\"ListItem\",\"position\":3,\"name\":\"Eukal\u00fcptide sein &#8211; helehall\"}]},{\"@type\":\"WebSite\",\"@id\":\"https:\/\/baubauwall.com\/et\/#website\",\"url\":\"https:\/\/baubauwall.com\/et\/\",\"name\":\"BAUBAUWALL Wallpapers\",\"description\":\"Valmis paanides tapeet Eestist!\",\"publisher\":{\"@id\":\"https:\/\/baubauwall.com\/et\/#organization\"},\"potentialAction\":[{\"@type\":\"SearchAction\",\"target\":{\"@type\":\"EntryPoint\",\"urlTemplate\":\"https:\/\/baubauwall.com\/et\/?s={search_term_string}\"},\"query-input\":{\"@type\":\"PropertyValueSpecification\",\"valueRequired\":true,\"valueName\":\"search_term_string\"}}],\"inLanguage\":\"et\"},{\"@type\":\"Organization\",\"@id\":\"https:\/\/baubauwall.com\/et\/#organization\",\"name\":\"BAUBAUWALL Wallpapers\",\"url\":\"https:\/\/baubauwall.com\/et\/\",\"logo\":{\"@type\":\"ImageObject\",\"inLanguage\":\"et\",\"@id\":\"https:\/\/baubauwall.com\/et\/#\/schema\/logo\/image\/\",\"url\":\"https:\/\/baubauwall.com\/wp-content\/uploads\/2022\/03\/logo-horizontal.svg\",\"contentUrl\":\"https:\/\/baubauwall.com\/wp-content\/uploads\/2022\/03\/logo-horizontal.svg\",\"width\":\"1024\",\"height\":\"1024\",\"caption\":\"BAUBAUWALL Wallpapers\"},\"image\":{\"@id\":\"https:\/\/baubauwall.com\/et\/#\/schema\/logo\/image\/\"},\"sameAs\":[\"https:\/\/www.facebook.com\/Baubauwall\",\"https:\/\/www.instagram.com\/baubauwall\"]}]}<\/script>\n<!-- \/ Yoast SEO plugin. -->","yoast_head_json":{"title":"Helehall pilttapeet vesiv\u00e4rvitud eukal\u00fcpti lehtedega.","description":"T\u00e4pselt sinu seina m\u00f5\u00f5tu l\u00f5igatud tapeedipaanid. Hall pilttapeet eukal\u00fcptidega betoonist seina taustal. R\u00e4tsepat\u00f6\u00f6 tapeedid.","robots":{"index":"index","follow":"follow","max-snippet":"max-snippet:-1","max-image-preview":"max-image-preview:large","max-video-preview":"max-video-preview:-1"},"canonical":"https:\/\/baubauwall.com\/et\/toode\/pilttapeet-eukaluptide-sein-helehall\/","og_locale":"et_EE","og_type":"article","og_title":"Helehall pilttapeet vesiv\u00e4rvitud eukal\u00fcpti lehtedega.","og_description":"T\u00e4pselt sinu seina m\u00f5\u00f5tu l\u00f5igatud tapeedipaanid. Hall pilttapeet eukal\u00fcptidega betoonist seina taustal. R\u00e4tsepat\u00f6\u00f6 tapeedid.","og_url":"https:\/\/baubauwall.com\/et\/toode\/pilttapeet-eukaluptide-sein-helehall\/","og_site_name":"BAUBAUWALL TAPEEDID","article_publisher":"https:\/\/www.facebook.com\/Baubauwall","article_modified_time":"2024-08-06T10:35:55+00:00","og_image":[{"width":1175,"height":800,"url":"https:\/\/baubauwall.com\/wp-content\/uploads\/2022\/03\/51200090_EucalyptusWall-lightgrey_Baubauwall_Wallmural_room8.jpg","type":"image\/jpeg"}],"twitter_card":"summary_large_image","twitter_misc":{"Est. reading time":"1 minut"},"schema":{"@context":"https:\/\/schema.org","@graph":[{"@type":"WebPage","@id":"https:\/\/baubauwall.com\/et\/toode\/pilttapeet-eukaluptide-sein-helehall\/","url":"https:\/\/baubauwall.com\/et\/toode\/pilttapeet-eukaluptide-sein-helehall\/","name":"Helehall pilttapeet vesiv\u00e4rvitud eukal\u00fcpti lehtedega.","isPartOf":{"@id":"https:\/\/baubauwall.com\/et\/#website"},"primaryImageOfPage":{"@id":"https:\/\/baubauwall.com\/et\/toode\/pilttapeet-eukaluptide-sein-helehall\/#primaryimage"},"image":{"@id":"https:\/\/baubauwall.com\/et\/toode\/pilttapeet-eukaluptide-sein-helehall\/#primaryimage"},"thumbnailUrl":"https:\/\/baubauwall.com\/wp-content\/uploads\/2022\/03\/51200090_EucalyptusWall-lightgrey_Baubauwall_Wallmural_room8.jpg","datePublished":"2022-03-03T07:18:20+00:00","dateModified":"2024-08-06T10:35:55+00:00","description":"T\u00e4pselt sinu seina m\u00f5\u00f5tu l\u00f5igatud tapeedipaanid. Hall pilttapeet eukal\u00fcptidega betoonist seina taustal. R\u00e4tsepat\u00f6\u00f6 tapeedid.","breadcrumb":{"@id":"https:\/\/baubauwall.com\/et\/toode\/pilttapeet-eukaluptide-sein-helehall\/#breadcrumb"},"inLanguage":"et","potentialAction":[{"@type":"ReadAction","target":["https:\/\/baubauwall.com\/et\/toode\/pilttapeet-eukaluptide-sein-helehall\/"]}]},{"@type":"ImageObject","inLanguage":"et","@id":"https:\/\/baubauwall.com\/et\/toode\/pilttapeet-eukaluptide-sein-helehall\/#primaryimage","url":"https:\/\/baubauwall.com\/wp-content\/uploads\/2022\/03\/51200090_EucalyptusWall-lightgrey_Baubauwall_Wallmural_room8.jpg","contentUrl":"https:\/\/baubauwall.com\/wp-content\/uploads\/2022\/03\/51200090_EucalyptusWall-lightgrey_Baubauwall_Wallmural_room8.jpg","width":1175,"height":800},{"@type":"BreadcrumbList","@id":"https:\/\/baubauwall.com\/et\/toode\/pilttapeet-eukaluptide-sein-helehall\/#breadcrumb","itemListElement":[{"@type":"ListItem","position":1,"name":"Koju","item":"https:\/\/baubauwall.com\/et\/"},{"@type":"ListItem","position":2,"name":"Tapeedid","item":"https:\/\/baubauwall.com\/et\/tapeedid\/"},{"@type":"ListItem","position":3,"name":"Eukal\u00fcptide sein &#8211; helehall"}]},{"@type":"WebSite","@id":"https:\/\/baubauwall.com\/et\/#website","url":"https:\/\/baubauwall.com\/et\/","name":"BAUBAUWALL Wallpapers","description":"Valmis paanides tapeet Eestist!","publisher":{"@id":"https:\/\/baubauwall.com\/et\/#organization"},"potentialAction":[{"@type":"SearchAction","target":{"@type":"EntryPoint","urlTemplate":"https:\/\/baubauwall.com\/et\/?s={search_term_string}"},"query-input":{"@type":"PropertyValueSpecification","valueRequired":true,"valueName":"search_term_string"}}],"inLanguage":"et"},{"@type":"Organization","@id":"https:\/\/baubauwall.com\/et\/#organization","name":"BAUBAUWALL Wallpapers","url":"https:\/\/baubauwall.com\/et\/","logo":{"@type":"ImageObject","inLanguage":"et","@id":"https:\/\/baubauwall.com\/et\/#\/schema\/logo\/image\/","url":"https:\/\/baubauwall.com\/wp-content\/uploads\/2022\/03\/logo-horizontal.svg","contentUrl":"https:\/\/baubauwall.com\/wp-content\/uploads\/2022\/03\/logo-horizontal.svg","width":"1024","height":"1024","caption":"BAUBAUWALL Wallpapers"},"image":{"@id":"https:\/\/baubauwall.com\/et\/#\/schema\/logo\/image\/"},"sameAs":["https:\/\/www.facebook.com\/Baubauwall","https:\/\/www.instagram.com\/baubauwall"]}]}},"jetpack_sharing_enabled":true,"_links":{"self":[{"href":"https:\/\/baubauwall.com\/et\/wp-json\/wp\/v2\/product\/15226","targetHints":{"allow":["GET"]}}],"collection":[{"href":"https:\/\/baubauwall.com\/et\/wp-json\/wp\/v2\/product"}],"about":[{"href":"https:\/\/baubauwall.com\/et\/wp-json\/wp\/v2\/types\/product"}],"replies":[{"embeddable":true,"href":"https:\/\/baubauwall.com\/et\/wp-json\/wp\/v2\/comments?post=15226"}],"wp:featuredmedia":[{"embeddable":true,"href":"https:\/\/baubauwall.com\/et\/wp-json\/wp\/v2\/media\/15224"}],"wp:attachment":[{"href":"https:\/\/baubauwall.com\/et\/wp-json\/wp\/v2\/media?parent=15226"}],"wp:term":[{"taxonomy":"product_brand","embeddable":true,"href":"https:\/\/baubauwall.com\/et\/wp-json\/wp\/v2\/product_brand?post=15226"},{"taxonomy":"product_cat","embeddable":true,"href":"https:\/\/baubauwall.com\/et\/wp-json\/wp\/v2\/product_cat?post=15226"},{"taxonomy":"product_tag","embeddable":true,"href":"https:\/\/baubauwall.com\/et\/wp-json\/wp\/v2\/product_tag?post=15226"}],"curies":[{"name":"wp","href":"https:\/\/api.w.org\/{rel}","templated":true}]}}