{"id":15259,"date":"2022-03-03T09:18:20","date_gmt":"2022-03-03T07:18:20","guid":{"rendered":"https:\/\/baubauwall.com\/product\/eucalyptus-wall-light-blue-wall-mural\/"},"modified":"2024-08-06T12:35:55","modified_gmt":"2024-08-06T10:35:55","slug":"pilttapeet-eukaluptide-sein-helesinine","status":"publish","type":"product","link":"https:\/\/baubauwall.com\/et\/toode\/pilttapeet-eukaluptide-sein-helesinine\/","title":{"rendered":"Eukal\u00fcptide sein &#8211; helesinine"},"content":{"rendered":"<p>Pilttapeet on ideaalne viis muuta t\u00fchi sein millekski hulga huvitavamaks. See vesiv\u00e4rvidega maalitud ja betoonist seinale langevaid eukal\u00fcpte kujutav disain v\u00f5iks \u00e4kki olla just see \u00f5ige tapeet! Sinakad-rohekad lehed langevad otsekui m\u00fc\u00fcrilt alla. L\u00f5ppude l\u00f5puks on interj\u00f6\u00f6ris enamik m\u00f6\u00f6blit p\u00f5randal ja seinakunst v\u00f5ib j\u00e4\u00e4da varjule. Eukal\u00fcptidega\u00a0 tapeeti disainides pidasime just seda silmas ja nii ongi tapeedi p\u00f5hikujundus paigutatud \u00fclesse. Eukal\u00fcpt t\u00e4hendab t\u00f5lkes \u201ch\u00e4sti varjatud\u201d. See s\u00f5na p\u00e4rineb kreekakeelsetest s\u00f5nadest\u00a0<em>eu<\/em>\u00a0\u2013 \u201ch\u00e4sti\u201d ja\u00a0<em>kaluptos<\/em> \u2013 \u201cvarjab\u201d. Kas saaks olla veel parem idee pilttapeedi disainiks?<\/p>\n<p>Nagu k\u00f5ik meie tapeedid on ka see pilttapeet tr\u00fckitud keskkonnas\u00f5bralike v\u00e4rvidega hingavale, fliistapeedi materjalile.<\/p>\n<p>Pilttapeet Eukal\u00fcptide sein&#8221; on meil olemas ka monokroomse halli ja sooja terrakota toonides.<\/p>\n","protected":false},"excerpt":{"rendered":"<p>Pilttapeet on ideaalne viis muuta t\u00fchi sein millekski hulga huvitavamaks. See vesiv\u00e4rvidega maalitud ja betoonist seinale langevaid eukal\u00fcpte kujutav disain v\u00f5iks \u00e4kki olla just see \u00f5ige tapeet! Sinakad-rohekad lehed langevad otsekui m\u00fc\u00fcrilt alla. L\u00f5ppude l\u00f5puks on interj\u00f6\u00f6ris enamik m\u00f6\u00f6blit p\u00f5randal ja seinakunst v\u00f5ib j\u00e4\u00e4da varjule. Eukal\u00fcptidega\u00a0 tapeeti disainides pidasime just seda silmas ja nii ongi [&hellip;]<\/p>\n","protected":false},"featured_media":15251,"comment_status":"open","ping_status":"closed","template":"","meta":{"_acf_changed":false,"inline_featured_image":false},"product_brand":[],"product_cat":[387,395,406,391,267,273,413,414,415,402,254,241],"product_tag":[298,345,381],"class_list":{"0":"post-15259","1":"product","2":"type-product","3":"status-publish","4":"has-post-thumbnail","6":"product_cat-pilttapeedid","7":"product_cat-romantiline","8":"product_cat-klassika","9":"product_cat-vahemereline","10":"product_cat-sinised-tapeedid","11":"product_cat-heledad-tapeedid","12":"product_cat-magamistoa-tapeedid","13":"product_cat-soogitoa-tapeedid","14":"product_cat-kulalistetoa-tapeedid","15":"product_cat-elutoa-tapeedid","16":"product_cat-loodus","17":"product_cat-betoon","18":"product_tag-botaaniline","19":"product_tag-pilttapeet","20":"product_tag-vesivarv","21":"pa_designedby-baubauwall","23":"first","24":"instock","25":"taxable","26":"shipping-taxable","27":"purchasable","28":"product-type-simple"},"acf":[],"yoast_head":"<!-- This site is optimized with the Yoast SEO plugin v25.9 - https:\/\/yoast.com\/wordpress\/plugins\/seo\/ -->\n<title>Vesiv\u00e4rvidega illustreeritud tapeet eukal\u00fcptidega - helesinine.<\/title>\n<meta name=\"description\" content=\"Helesinine vesiv\u00e4rvitud disain pilttapeet eukal\u00fcptidega. R\u00e4tsepat\u00f6\u00f6na valmivad, t\u00e4pselt sinu seina m\u00f5\u00f5tu l\u00f5igatud tapeedid.\" \/>\n<meta name=\"robots\" content=\"index, follow, max-snippet:-1, max-image-preview:large, max-video-preview:-1\" \/>\n<link rel=\"canonical\" href=\"https:\/\/baubauwall.com\/et\/toode\/pilttapeet-eukaluptide-sein-helesinine\/\" \/>\n<meta property=\"og:locale\" content=\"et_EE\" \/>\n<meta property=\"og:type\" content=\"article\" \/>\n<meta property=\"og:title\" content=\"Vesiv\u00e4rvidega illustreeritud tapeet eukal\u00fcptidega - helesinine.\" \/>\n<meta property=\"og:description\" content=\"Helesinine vesiv\u00e4rvitud disain pilttapeet eukal\u00fcptidega. R\u00e4tsepat\u00f6\u00f6na valmivad, t\u00e4pselt sinu seina m\u00f5\u00f5tu l\u00f5igatud tapeedid.\" \/>\n<meta property=\"og:url\" content=\"https:\/\/baubauwall.com\/et\/toode\/pilttapeet-eukaluptide-sein-helesinine\/\" \/>\n<meta property=\"og:site_name\" content=\"BAUBAUWALL TAPEEDID\" \/>\n<meta property=\"article:publisher\" content=\"https:\/\/www.facebook.com\/Baubauwall\" \/>\n<meta property=\"article:modified_time\" content=\"2024-08-06T10:35:55+00:00\" \/>\n<meta property=\"og:image\" content=\"https:\/\/baubauwall.com\/wp-content\/uploads\/2022\/03\/51200091_EucalyptusWall-lightblue_Baubauwall_Wallmural_room3.jpg\" \/>\n\t<meta property=\"og:image:width\" content=\"800\" \/>\n\t<meta property=\"og:image:height\" content=\"800\" \/>\n\t<meta property=\"og:image:type\" content=\"image\/jpeg\" \/>\n<meta name=\"twitter:card\" content=\"summary_large_image\" \/>\n<meta name=\"twitter:label1\" content=\"Est. reading time\" \/>\n\t<meta name=\"twitter:data1\" content=\"1 minut\" \/>\n<script type=\"application\/ld+json\" class=\"yoast-schema-graph\">{\"@context\":\"https:\/\/schema.org\",\"@graph\":[{\"@type\":\"WebPage\",\"@id\":\"https:\/\/baubauwall.com\/et\/toode\/pilttapeet-eukaluptide-sein-helesinine\/\",\"url\":\"https:\/\/baubauwall.com\/et\/toode\/pilttapeet-eukaluptide-sein-helesinine\/\",\"name\":\"Vesiv\u00e4rvidega illustreeritud tapeet eukal\u00fcptidega - helesinine.\",\"isPartOf\":{\"@id\":\"https:\/\/baubauwall.com\/et\/#website\"},\"primaryImageOfPage\":{\"@id\":\"https:\/\/baubauwall.com\/et\/toode\/pilttapeet-eukaluptide-sein-helesinine\/#primaryimage\"},\"image\":{\"@id\":\"https:\/\/baubauwall.com\/et\/toode\/pilttapeet-eukaluptide-sein-helesinine\/#primaryimage\"},\"thumbnailUrl\":\"https:\/\/baubauwall.com\/wp-content\/uploads\/2022\/03\/51200091_EucalyptusWall-lightblue_Baubauwall_Wallmural_room3.jpg\",\"datePublished\":\"2022-03-03T07:18:20+00:00\",\"dateModified\":\"2024-08-06T10:35:55+00:00\",\"description\":\"Helesinine vesiv\u00e4rvitud disain pilttapeet eukal\u00fcptidega. R\u00e4tsepat\u00f6\u00f6na valmivad, t\u00e4pselt sinu seina m\u00f5\u00f5tu l\u00f5igatud tapeedid.\",\"breadcrumb\":{\"@id\":\"https:\/\/baubauwall.com\/et\/toode\/pilttapeet-eukaluptide-sein-helesinine\/#breadcrumb\"},\"inLanguage\":\"et\",\"potentialAction\":[{\"@type\":\"ReadAction\",\"target\":[\"https:\/\/baubauwall.com\/et\/toode\/pilttapeet-eukaluptide-sein-helesinine\/\"]}]},{\"@type\":\"ImageObject\",\"inLanguage\":\"et\",\"@id\":\"https:\/\/baubauwall.com\/et\/toode\/pilttapeet-eukaluptide-sein-helesinine\/#primaryimage\",\"url\":\"https:\/\/baubauwall.com\/wp-content\/uploads\/2022\/03\/51200091_EucalyptusWall-lightblue_Baubauwall_Wallmural_room3.jpg\",\"contentUrl\":\"https:\/\/baubauwall.com\/wp-content\/uploads\/2022\/03\/51200091_EucalyptusWall-lightblue_Baubauwall_Wallmural_room3.jpg\",\"width\":800,\"height\":800},{\"@type\":\"BreadcrumbList\",\"@id\":\"https:\/\/baubauwall.com\/et\/toode\/pilttapeet-eukaluptide-sein-helesinine\/#breadcrumb\",\"itemListElement\":[{\"@type\":\"ListItem\",\"position\":1,\"name\":\"Koju\",\"item\":\"https:\/\/baubauwall.com\/et\/\"},{\"@type\":\"ListItem\",\"position\":2,\"name\":\"Tapeedid\",\"item\":\"https:\/\/baubauwall.com\/et\/tapeedid\/\"},{\"@type\":\"ListItem\",\"position\":3,\"name\":\"Eukal\u00fcptide sein &#8211; helesinine\"}]},{\"@type\":\"WebSite\",\"@id\":\"https:\/\/baubauwall.com\/et\/#website\",\"url\":\"https:\/\/baubauwall.com\/et\/\",\"name\":\"BAUBAUWALL Wallpapers\",\"description\":\"Valmis paanides tapeet Eestist!\",\"publisher\":{\"@id\":\"https:\/\/baubauwall.com\/et\/#organization\"},\"potentialAction\":[{\"@type\":\"SearchAction\",\"target\":{\"@type\":\"EntryPoint\",\"urlTemplate\":\"https:\/\/baubauwall.com\/et\/?s={search_term_string}\"},\"query-input\":{\"@type\":\"PropertyValueSpecification\",\"valueRequired\":true,\"valueName\":\"search_term_string\"}}],\"inLanguage\":\"et\"},{\"@type\":\"Organization\",\"@id\":\"https:\/\/baubauwall.com\/et\/#organization\",\"name\":\"BAUBAUWALL Wallpapers\",\"url\":\"https:\/\/baubauwall.com\/et\/\",\"logo\":{\"@type\":\"ImageObject\",\"inLanguage\":\"et\",\"@id\":\"https:\/\/baubauwall.com\/et\/#\/schema\/logo\/image\/\",\"url\":\"https:\/\/baubauwall.com\/wp-content\/uploads\/2022\/03\/logo-horizontal.svg\",\"contentUrl\":\"https:\/\/baubauwall.com\/wp-content\/uploads\/2022\/03\/logo-horizontal.svg\",\"width\":\"1024\",\"height\":\"1024\",\"caption\":\"BAUBAUWALL Wallpapers\"},\"image\":{\"@id\":\"https:\/\/baubauwall.com\/et\/#\/schema\/logo\/image\/\"},\"sameAs\":[\"https:\/\/www.facebook.com\/Baubauwall\",\"https:\/\/www.instagram.com\/baubauwall\"]}]}<\/script>\n<!-- \/ Yoast SEO plugin. -->","yoast_head_json":{"title":"Vesiv\u00e4rvidega illustreeritud tapeet eukal\u00fcptidega - helesinine.","description":"Helesinine vesiv\u00e4rvitud disain pilttapeet eukal\u00fcptidega. R\u00e4tsepat\u00f6\u00f6na valmivad, t\u00e4pselt sinu seina m\u00f5\u00f5tu l\u00f5igatud tapeedid.","robots":{"index":"index","follow":"follow","max-snippet":"max-snippet:-1","max-image-preview":"max-image-preview:large","max-video-preview":"max-video-preview:-1"},"canonical":"https:\/\/baubauwall.com\/et\/toode\/pilttapeet-eukaluptide-sein-helesinine\/","og_locale":"et_EE","og_type":"article","og_title":"Vesiv\u00e4rvidega illustreeritud tapeet eukal\u00fcptidega - helesinine.","og_description":"Helesinine vesiv\u00e4rvitud disain pilttapeet eukal\u00fcptidega. R\u00e4tsepat\u00f6\u00f6na valmivad, t\u00e4pselt sinu seina m\u00f5\u00f5tu l\u00f5igatud tapeedid.","og_url":"https:\/\/baubauwall.com\/et\/toode\/pilttapeet-eukaluptide-sein-helesinine\/","og_site_name":"BAUBAUWALL TAPEEDID","article_publisher":"https:\/\/www.facebook.com\/Baubauwall","article_modified_time":"2024-08-06T10:35:55+00:00","og_image":[{"width":800,"height":800,"url":"https:\/\/baubauwall.com\/wp-content\/uploads\/2022\/03\/51200091_EucalyptusWall-lightblue_Baubauwall_Wallmural_room3.jpg","type":"image\/jpeg"}],"twitter_card":"summary_large_image","twitter_misc":{"Est. reading time":"1 minut"},"schema":{"@context":"https:\/\/schema.org","@graph":[{"@type":"WebPage","@id":"https:\/\/baubauwall.com\/et\/toode\/pilttapeet-eukaluptide-sein-helesinine\/","url":"https:\/\/baubauwall.com\/et\/toode\/pilttapeet-eukaluptide-sein-helesinine\/","name":"Vesiv\u00e4rvidega illustreeritud tapeet eukal\u00fcptidega - helesinine.","isPartOf":{"@id":"https:\/\/baubauwall.com\/et\/#website"},"primaryImageOfPage":{"@id":"https:\/\/baubauwall.com\/et\/toode\/pilttapeet-eukaluptide-sein-helesinine\/#primaryimage"},"image":{"@id":"https:\/\/baubauwall.com\/et\/toode\/pilttapeet-eukaluptide-sein-helesinine\/#primaryimage"},"thumbnailUrl":"https:\/\/baubauwall.com\/wp-content\/uploads\/2022\/03\/51200091_EucalyptusWall-lightblue_Baubauwall_Wallmural_room3.jpg","datePublished":"2022-03-03T07:18:20+00:00","dateModified":"2024-08-06T10:35:55+00:00","description":"Helesinine vesiv\u00e4rvitud disain pilttapeet eukal\u00fcptidega. R\u00e4tsepat\u00f6\u00f6na valmivad, t\u00e4pselt sinu seina m\u00f5\u00f5tu l\u00f5igatud tapeedid.","breadcrumb":{"@id":"https:\/\/baubauwall.com\/et\/toode\/pilttapeet-eukaluptide-sein-helesinine\/#breadcrumb"},"inLanguage":"et","potentialAction":[{"@type":"ReadAction","target":["https:\/\/baubauwall.com\/et\/toode\/pilttapeet-eukaluptide-sein-helesinine\/"]}]},{"@type":"ImageObject","inLanguage":"et","@id":"https:\/\/baubauwall.com\/et\/toode\/pilttapeet-eukaluptide-sein-helesinine\/#primaryimage","url":"https:\/\/baubauwall.com\/wp-content\/uploads\/2022\/03\/51200091_EucalyptusWall-lightblue_Baubauwall_Wallmural_room3.jpg","contentUrl":"https:\/\/baubauwall.com\/wp-content\/uploads\/2022\/03\/51200091_EucalyptusWall-lightblue_Baubauwall_Wallmural_room3.jpg","width":800,"height":800},{"@type":"BreadcrumbList","@id":"https:\/\/baubauwall.com\/et\/toode\/pilttapeet-eukaluptide-sein-helesinine\/#breadcrumb","itemListElement":[{"@type":"ListItem","position":1,"name":"Koju","item":"https:\/\/baubauwall.com\/et\/"},{"@type":"ListItem","position":2,"name":"Tapeedid","item":"https:\/\/baubauwall.com\/et\/tapeedid\/"},{"@type":"ListItem","position":3,"name":"Eukal\u00fcptide sein &#8211; helesinine"}]},{"@type":"WebSite","@id":"https:\/\/baubauwall.com\/et\/#website","url":"https:\/\/baubauwall.com\/et\/","name":"BAUBAUWALL Wallpapers","description":"Valmis paanides tapeet Eestist!","publisher":{"@id":"https:\/\/baubauwall.com\/et\/#organization"},"potentialAction":[{"@type":"SearchAction","target":{"@type":"EntryPoint","urlTemplate":"https:\/\/baubauwall.com\/et\/?s={search_term_string}"},"query-input":{"@type":"PropertyValueSpecification","valueRequired":true,"valueName":"search_term_string"}}],"inLanguage":"et"},{"@type":"Organization","@id":"https:\/\/baubauwall.com\/et\/#organization","name":"BAUBAUWALL Wallpapers","url":"https:\/\/baubauwall.com\/et\/","logo":{"@type":"ImageObject","inLanguage":"et","@id":"https:\/\/baubauwall.com\/et\/#\/schema\/logo\/image\/","url":"https:\/\/baubauwall.com\/wp-content\/uploads\/2022\/03\/logo-horizontal.svg","contentUrl":"https:\/\/baubauwall.com\/wp-content\/uploads\/2022\/03\/logo-horizontal.svg","width":"1024","height":"1024","caption":"BAUBAUWALL Wallpapers"},"image":{"@id":"https:\/\/baubauwall.com\/et\/#\/schema\/logo\/image\/"},"sameAs":["https:\/\/www.facebook.com\/Baubauwall","https:\/\/www.instagram.com\/baubauwall"]}]}},"jetpack_sharing_enabled":true,"_links":{"self":[{"href":"https:\/\/baubauwall.com\/et\/wp-json\/wp\/v2\/product\/15259","targetHints":{"allow":["GET"]}}],"collection":[{"href":"https:\/\/baubauwall.com\/et\/wp-json\/wp\/v2\/product"}],"about":[{"href":"https:\/\/baubauwall.com\/et\/wp-json\/wp\/v2\/types\/product"}],"replies":[{"embeddable":true,"href":"https:\/\/baubauwall.com\/et\/wp-json\/wp\/v2\/comments?post=15259"}],"wp:featuredmedia":[{"embeddable":true,"href":"https:\/\/baubauwall.com\/et\/wp-json\/wp\/v2\/media\/15251"}],"wp:attachment":[{"href":"https:\/\/baubauwall.com\/et\/wp-json\/wp\/v2\/media?parent=15259"}],"wp:term":[{"taxonomy":"product_brand","embeddable":true,"href":"https:\/\/baubauwall.com\/et\/wp-json\/wp\/v2\/product_brand?post=15259"},{"taxonomy":"product_cat","embeddable":true,"href":"https:\/\/baubauwall.com\/et\/wp-json\/wp\/v2\/product_cat?post=15259"},{"taxonomy":"product_tag","embeddable":true,"href":"https:\/\/baubauwall.com\/et\/wp-json\/wp\/v2\/product_tag?post=15259"}],"curies":[{"name":"wp","href":"https:\/\/api.w.org\/{rel}","templated":true}]}}