{"id":15733,"date":"2022-07-25T07:18:22","date_gmt":"2022-07-25T05:18:22","guid":{"rendered":"https:\/\/baubauwall.com\/product\/wall-mural-rousseau-virgin-forest-with-sunset\/"},"modified":"2024-08-06T12:36:20","modified_gmt":"2024-08-06T10:36:20","slug":"pilttapeet-rousseau-dzungel-paikeseloojangul","status":"publish","type":"product","link":"https:\/\/baubauwall.com\/et\/toode\/pilttapeet-rousseau-dzungel-paikeseloojangul\/","title":{"rendered":"D\u017eungel p\u00e4ikeseloojangul"},"content":{"rendered":"<p>Henri Rousseau kuulus maal &#8220;D\u017eungel p\u00e4ikeseloojangul&#8221; muudetud efektseks pilttapeediks. Too tuppa \u00fcle-elu suuruses troopika, kunst ja dramaatilised ootamatud detailid. See pilttapeet on originaalteose digitaliseering, mist\u00f5ttu tr\u00fckil on n\u00e4ha algse maali (aastast 1910!) v\u00e4rvi- ja l\u00f5uendi detailid. Nagu k\u00f5ik meie tapeedid on ka see pilttapeet tr\u00fckitud <a href=\"https:\/\/baubauwall.com\/et\/keskkonnasobralikud-tapeedid\/\" target=\"_blank\" rel=\"noopener\">keskkonnas\u00f5bralike v\u00e4rvidega hingavale, fliistapeedi materjalile.<\/a><\/p>\n<p>Prantsuse kunstnik Henri Rousseau (1844\u20131910) oli tuntud oma julgete, pisut naiivsete t\u00f6\u00f6dega rikkalikust floorast ja faunast, tihti just troopiliste abstraktsete teostega. Ometi, Rousseau ise ei k\u00e4inud kunagi Prantsusmaalt v\u00e4ljas. Inspiratsiooni oma maksimalistilikele t\u00f6\u00f6dele ammutas ta tolleaegsetest raamatutest ja lugudest.<\/p>\n<p>&nbsp;<\/p>\n<p>&nbsp;<\/p>\n","protected":false},"excerpt":{"rendered":"<p>Henri Rousseau kuulus maal &#8220;D\u017eungel p\u00e4ikeseloojangul&#8221; muudetud efektseks pilttapeediks. Too tuppa \u00fcle-elu suuruses troopika, kunst ja dramaatilised ootamatud detailid. See pilttapeet on originaalteose digitaliseering, mist\u00f5ttu tr\u00fckil on n\u00e4ha algse maali (aastast 1910!) v\u00e4rvi- ja l\u00f5uendi detailid. Nagu k\u00f5ik meie tapeedid on ka see pilttapeet tr\u00fckitud keskkonnas\u00f5bralike v\u00e4rvidega hingavale, fliistapeedi materjalile. Prantsuse kunstnik Henri Rousseau (1844\u20131910) [&hellip;]<\/p>\n","protected":false},"featured_media":15719,"comment_status":"open","ping_status":"closed","template":"","meta":{"_acf_changed":false,"inline_featured_image":false},"product_brand":[],"product_cat":[387,447,394,270,271,413,414,402,248,250,254],"product_tag":[286,448,345],"class_list":{"0":"post-15733","1":"product","2":"type-product","3":"status-publish","4":"has-post-thumbnail","6":"product_cat-pilttapeedid","7":"product_cat-maksimalistlik-et","8":"product_cat-rikkalik","9":"product_cat-tumedad-tapeedid","10":"product_cat-rohelised-tapeedid","11":"product_cat-magamistoa-tapeedid","12":"product_cat-soogitoa-tapeedid","13":"product_cat-elutoa-tapeedid","14":"product_cat-mets","15":"product_cat-dzungel-troopika","16":"product_cat-loodus","17":"product_tag-amazonia-et","18":"product_tag-kunst-et","19":"product_tag-pilttapeet","20":"pa_designedby-baubauwall","22":"first","23":"instock","24":"taxable","25":"shipping-taxable","26":"purchasable","27":"product-type-simple"},"acf":[],"yoast_head":"<!-- This site is optimized with the Yoast SEO plugin v25.9 - https:\/\/yoast.com\/wordpress\/plugins\/seo\/ -->\n<title>Dramaatiline tapeet Rousseau maalist. Sinu seina m\u00f5\u00f5tu paanid.<\/title>\n<meta name=\"description\" content=\"Troopiline tume d\u017eungel. Pilttapeet Rousseau maalist D\u017eungel p\u00e4ikeseloojangul. Lopsakas disain \u00fcllatavate detailidega. Eriline tapeet.\" \/>\n<meta name=\"robots\" content=\"index, follow, max-snippet:-1, max-image-preview:large, max-video-preview:-1\" \/>\n<link rel=\"canonical\" href=\"https:\/\/baubauwall.com\/et\/toode\/pilttapeet-rousseau-dzungel-paikeseloojangul\/\" \/>\n<meta property=\"og:locale\" content=\"et_EE\" \/>\n<meta property=\"og:type\" content=\"article\" \/>\n<meta property=\"og:title\" content=\"Dramaatiline tapeet Rousseau maalist. Sinu seina m\u00f5\u00f5tu paanid.\" \/>\n<meta property=\"og:description\" content=\"Troopiline tume d\u017eungel. Pilttapeet Rousseau maalist D\u017eungel p\u00e4ikeseloojangul. Lopsakas disain \u00fcllatavate detailidega. Eriline tapeet.\" \/>\n<meta property=\"og:url\" content=\"https:\/\/baubauwall.com\/et\/toode\/pilttapeet-rousseau-dzungel-paikeseloojangul\/\" \/>\n<meta property=\"og:site_name\" content=\"BAUBAUWALL TAPEEDID\" \/>\n<meta property=\"article:publisher\" content=\"https:\/\/www.facebook.com\/Baubauwall\" \/>\n<meta property=\"article:modified_time\" content=\"2024-08-06T10:36:20+00:00\" \/>\n<meta property=\"og:image\" content=\"https:\/\/baubauwall.com\/wp-content\/uploads\/2022\/03\/51200095_VirginForestwithSunset_Baubauwall_Wallmural_room4.jpg\" \/>\n\t<meta property=\"og:image:width\" content=\"1200\" \/>\n\t<meta property=\"og:image:height\" content=\"800\" \/>\n\t<meta property=\"og:image:type\" content=\"image\/jpeg\" \/>\n<meta name=\"twitter:card\" content=\"summary_large_image\" \/>\n<meta name=\"twitter:label1\" content=\"Est. reading time\" \/>\n\t<meta name=\"twitter:data1\" content=\"1 minut\" \/>\n<script type=\"application\/ld+json\" class=\"yoast-schema-graph\">{\"@context\":\"https:\/\/schema.org\",\"@graph\":[{\"@type\":\"WebPage\",\"@id\":\"https:\/\/baubauwall.com\/et\/toode\/pilttapeet-rousseau-dzungel-paikeseloojangul\/\",\"url\":\"https:\/\/baubauwall.com\/et\/toode\/pilttapeet-rousseau-dzungel-paikeseloojangul\/\",\"name\":\"Dramaatiline tapeet Rousseau maalist. Sinu seina m\u00f5\u00f5tu paanid.\",\"isPartOf\":{\"@id\":\"https:\/\/baubauwall.com\/et\/#website\"},\"primaryImageOfPage\":{\"@id\":\"https:\/\/baubauwall.com\/et\/toode\/pilttapeet-rousseau-dzungel-paikeseloojangul\/#primaryimage\"},\"image\":{\"@id\":\"https:\/\/baubauwall.com\/et\/toode\/pilttapeet-rousseau-dzungel-paikeseloojangul\/#primaryimage\"},\"thumbnailUrl\":\"https:\/\/baubauwall.com\/wp-content\/uploads\/2022\/03\/51200095_VirginForestwithSunset_Baubauwall_Wallmural_room1.jpg\",\"datePublished\":\"2022-07-25T05:18:22+00:00\",\"dateModified\":\"2024-08-06T10:36:20+00:00\",\"description\":\"Troopiline tume d\u017eungel. Pilttapeet Rousseau maalist D\u017eungel p\u00e4ikeseloojangul. Lopsakas disain \u00fcllatavate detailidega. Eriline tapeet.\",\"breadcrumb\":{\"@id\":\"https:\/\/baubauwall.com\/et\/toode\/pilttapeet-rousseau-dzungel-paikeseloojangul\/#breadcrumb\"},\"inLanguage\":\"et\",\"potentialAction\":[{\"@type\":\"ReadAction\",\"target\":[\"https:\/\/baubauwall.com\/et\/toode\/pilttapeet-rousseau-dzungel-paikeseloojangul\/\"]}]},{\"@type\":\"ImageObject\",\"inLanguage\":\"et\",\"@id\":\"https:\/\/baubauwall.com\/et\/toode\/pilttapeet-rousseau-dzungel-paikeseloojangul\/#primaryimage\",\"url\":\"https:\/\/baubauwall.com\/wp-content\/uploads\/2022\/03\/51200095_VirginForestwithSunset_Baubauwall_Wallmural_room1.jpg\",\"contentUrl\":\"https:\/\/baubauwall.com\/wp-content\/uploads\/2022\/03\/51200095_VirginForestwithSunset_Baubauwall_Wallmural_room1.jpg\",\"width\":1041,\"height\":800},{\"@type\":\"BreadcrumbList\",\"@id\":\"https:\/\/baubauwall.com\/et\/toode\/pilttapeet-rousseau-dzungel-paikeseloojangul\/#breadcrumb\",\"itemListElement\":[{\"@type\":\"ListItem\",\"position\":1,\"name\":\"Koju\",\"item\":\"https:\/\/baubauwall.com\/et\/\"},{\"@type\":\"ListItem\",\"position\":2,\"name\":\"Tapeedid\",\"item\":\"https:\/\/baubauwall.com\/et\/tapeedid\/\"},{\"@type\":\"ListItem\",\"position\":3,\"name\":\"D\u017eungel p\u00e4ikeseloojangul\"}]},{\"@type\":\"WebSite\",\"@id\":\"https:\/\/baubauwall.com\/et\/#website\",\"url\":\"https:\/\/baubauwall.com\/et\/\",\"name\":\"BAUBAUWALL Wallpapers\",\"description\":\"Valmis paanides tapeet Eestist!\",\"publisher\":{\"@id\":\"https:\/\/baubauwall.com\/et\/#organization\"},\"potentialAction\":[{\"@type\":\"SearchAction\",\"target\":{\"@type\":\"EntryPoint\",\"urlTemplate\":\"https:\/\/baubauwall.com\/et\/?s={search_term_string}\"},\"query-input\":{\"@type\":\"PropertyValueSpecification\",\"valueRequired\":true,\"valueName\":\"search_term_string\"}}],\"inLanguage\":\"et\"},{\"@type\":\"Organization\",\"@id\":\"https:\/\/baubauwall.com\/et\/#organization\",\"name\":\"BAUBAUWALL Wallpapers\",\"url\":\"https:\/\/baubauwall.com\/et\/\",\"logo\":{\"@type\":\"ImageObject\",\"inLanguage\":\"et\",\"@id\":\"https:\/\/baubauwall.com\/et\/#\/schema\/logo\/image\/\",\"url\":\"https:\/\/baubauwall.com\/wp-content\/uploads\/2022\/03\/logo-horizontal.svg\",\"contentUrl\":\"https:\/\/baubauwall.com\/wp-content\/uploads\/2022\/03\/logo-horizontal.svg\",\"width\":\"1024\",\"height\":\"1024\",\"caption\":\"BAUBAUWALL Wallpapers\"},\"image\":{\"@id\":\"https:\/\/baubauwall.com\/et\/#\/schema\/logo\/image\/\"},\"sameAs\":[\"https:\/\/www.facebook.com\/Baubauwall\",\"https:\/\/www.instagram.com\/baubauwall\"]}]}<\/script>\n<!-- \/ Yoast SEO plugin. -->","yoast_head_json":{"title":"Dramaatiline tapeet Rousseau maalist. Sinu seina m\u00f5\u00f5tu paanid.","description":"Troopiline tume d\u017eungel. Pilttapeet Rousseau maalist D\u017eungel p\u00e4ikeseloojangul. Lopsakas disain \u00fcllatavate detailidega. Eriline tapeet.","robots":{"index":"index","follow":"follow","max-snippet":"max-snippet:-1","max-image-preview":"max-image-preview:large","max-video-preview":"max-video-preview:-1"},"canonical":"https:\/\/baubauwall.com\/et\/toode\/pilttapeet-rousseau-dzungel-paikeseloojangul\/","og_locale":"et_EE","og_type":"article","og_title":"Dramaatiline tapeet Rousseau maalist. Sinu seina m\u00f5\u00f5tu paanid.","og_description":"Troopiline tume d\u017eungel. Pilttapeet Rousseau maalist D\u017eungel p\u00e4ikeseloojangul. Lopsakas disain \u00fcllatavate detailidega. Eriline tapeet.","og_url":"https:\/\/baubauwall.com\/et\/toode\/pilttapeet-rousseau-dzungel-paikeseloojangul\/","og_site_name":"BAUBAUWALL TAPEEDID","article_publisher":"https:\/\/www.facebook.com\/Baubauwall","article_modified_time":"2024-08-06T10:36:20+00:00","og_image":[{"width":1200,"height":800,"url":"https:\/\/baubauwall.com\/wp-content\/uploads\/2022\/03\/51200095_VirginForestwithSunset_Baubauwall_Wallmural_room4.jpg","type":"image\/jpeg"}],"twitter_card":"summary_large_image","twitter_misc":{"Est. reading time":"1 minut"},"schema":{"@context":"https:\/\/schema.org","@graph":[{"@type":"WebPage","@id":"https:\/\/baubauwall.com\/et\/toode\/pilttapeet-rousseau-dzungel-paikeseloojangul\/","url":"https:\/\/baubauwall.com\/et\/toode\/pilttapeet-rousseau-dzungel-paikeseloojangul\/","name":"Dramaatiline tapeet Rousseau maalist. Sinu seina m\u00f5\u00f5tu paanid.","isPartOf":{"@id":"https:\/\/baubauwall.com\/et\/#website"},"primaryImageOfPage":{"@id":"https:\/\/baubauwall.com\/et\/toode\/pilttapeet-rousseau-dzungel-paikeseloojangul\/#primaryimage"},"image":{"@id":"https:\/\/baubauwall.com\/et\/toode\/pilttapeet-rousseau-dzungel-paikeseloojangul\/#primaryimage"},"thumbnailUrl":"https:\/\/baubauwall.com\/wp-content\/uploads\/2022\/03\/51200095_VirginForestwithSunset_Baubauwall_Wallmural_room1.jpg","datePublished":"2022-07-25T05:18:22+00:00","dateModified":"2024-08-06T10:36:20+00:00","description":"Troopiline tume d\u017eungel. Pilttapeet Rousseau maalist D\u017eungel p\u00e4ikeseloojangul. Lopsakas disain \u00fcllatavate detailidega. Eriline tapeet.","breadcrumb":{"@id":"https:\/\/baubauwall.com\/et\/toode\/pilttapeet-rousseau-dzungel-paikeseloojangul\/#breadcrumb"},"inLanguage":"et","potentialAction":[{"@type":"ReadAction","target":["https:\/\/baubauwall.com\/et\/toode\/pilttapeet-rousseau-dzungel-paikeseloojangul\/"]}]},{"@type":"ImageObject","inLanguage":"et","@id":"https:\/\/baubauwall.com\/et\/toode\/pilttapeet-rousseau-dzungel-paikeseloojangul\/#primaryimage","url":"https:\/\/baubauwall.com\/wp-content\/uploads\/2022\/03\/51200095_VirginForestwithSunset_Baubauwall_Wallmural_room1.jpg","contentUrl":"https:\/\/baubauwall.com\/wp-content\/uploads\/2022\/03\/51200095_VirginForestwithSunset_Baubauwall_Wallmural_room1.jpg","width":1041,"height":800},{"@type":"BreadcrumbList","@id":"https:\/\/baubauwall.com\/et\/toode\/pilttapeet-rousseau-dzungel-paikeseloojangul\/#breadcrumb","itemListElement":[{"@type":"ListItem","position":1,"name":"Koju","item":"https:\/\/baubauwall.com\/et\/"},{"@type":"ListItem","position":2,"name":"Tapeedid","item":"https:\/\/baubauwall.com\/et\/tapeedid\/"},{"@type":"ListItem","position":3,"name":"D\u017eungel p\u00e4ikeseloojangul"}]},{"@type":"WebSite","@id":"https:\/\/baubauwall.com\/et\/#website","url":"https:\/\/baubauwall.com\/et\/","name":"BAUBAUWALL Wallpapers","description":"Valmis paanides tapeet Eestist!","publisher":{"@id":"https:\/\/baubauwall.com\/et\/#organization"},"potentialAction":[{"@type":"SearchAction","target":{"@type":"EntryPoint","urlTemplate":"https:\/\/baubauwall.com\/et\/?s={search_term_string}"},"query-input":{"@type":"PropertyValueSpecification","valueRequired":true,"valueName":"search_term_string"}}],"inLanguage":"et"},{"@type":"Organization","@id":"https:\/\/baubauwall.com\/et\/#organization","name":"BAUBAUWALL Wallpapers","url":"https:\/\/baubauwall.com\/et\/","logo":{"@type":"ImageObject","inLanguage":"et","@id":"https:\/\/baubauwall.com\/et\/#\/schema\/logo\/image\/","url":"https:\/\/baubauwall.com\/wp-content\/uploads\/2022\/03\/logo-horizontal.svg","contentUrl":"https:\/\/baubauwall.com\/wp-content\/uploads\/2022\/03\/logo-horizontal.svg","width":"1024","height":"1024","caption":"BAUBAUWALL Wallpapers"},"image":{"@id":"https:\/\/baubauwall.com\/et\/#\/schema\/logo\/image\/"},"sameAs":["https:\/\/www.facebook.com\/Baubauwall","https:\/\/www.instagram.com\/baubauwall"]}]}},"jetpack_sharing_enabled":true,"_links":{"self":[{"href":"https:\/\/baubauwall.com\/et\/wp-json\/wp\/v2\/product\/15733","targetHints":{"allow":["GET"]}}],"collection":[{"href":"https:\/\/baubauwall.com\/et\/wp-json\/wp\/v2\/product"}],"about":[{"href":"https:\/\/baubauwall.com\/et\/wp-json\/wp\/v2\/types\/product"}],"replies":[{"embeddable":true,"href":"https:\/\/baubauwall.com\/et\/wp-json\/wp\/v2\/comments?post=15733"}],"wp:featuredmedia":[{"embeddable":true,"href":"https:\/\/baubauwall.com\/et\/wp-json\/wp\/v2\/media\/15719"}],"wp:attachment":[{"href":"https:\/\/baubauwall.com\/et\/wp-json\/wp\/v2\/media?parent=15733"}],"wp:term":[{"taxonomy":"product_brand","embeddable":true,"href":"https:\/\/baubauwall.com\/et\/wp-json\/wp\/v2\/product_brand?post=15733"},{"taxonomy":"product_cat","embeddable":true,"href":"https:\/\/baubauwall.com\/et\/wp-json\/wp\/v2\/product_cat?post=15733"},{"taxonomy":"product_tag","embeddable":true,"href":"https:\/\/baubauwall.com\/et\/wp-json\/wp\/v2\/product_tag?post=15733"}],"curies":[{"name":"wp","href":"https:\/\/api.w.org\/{rel}","templated":true}]}}