{"id":15795,"date":"2022-07-27T07:18:21","date_gmt":"2022-07-27T05:18:21","guid":{"rendered":"https:\/\/baubauwall.com\/product\/wall-mural-watercolor-eurhythmics-grey\/"},"modified":"2022-11-28T09:39:20","modified_gmt":"2022-11-28T07:39:20","slug":"pilttapeet-vesivarvide-eurutmia-hall","status":"publish","type":"product","link":"https:\/\/baubauwall.com\/et\/toode\/pilttapeet-vesivarvide-eurutmia-hall\/","title":{"rendered":"Vesiv\u00e4rvide eur\u00fctmia &#8211; hall"},"content":{"rendered":"<p>Pilkup\u00fc\u00fcdev hall tapeedidisain, millele annavad iseloomu j\u00f5ulised, abstraktsed vesiv\u00e4rvi kujundid. Pilttapeet, millest \u00f5hkub graafilisust ja abstraktsust, muutes selle tapeedi kaasaegseks ja h\u00e4sti sobitatavaks disainiks p\u00f5hjamaisesse interj\u00f6\u00f6ri, tsipakese dramaatilisusega. &#8220;Vesiv\u00e4rvide eur\u00fctmia&#8221; hallides toonides tapeedidisain on valminud k\u00e4sit\u00f6\u00f6na meie tapeedidisainer Triinu k\u00e4e all. Paigalda see disain s\u00f6\u00f6gitoa, magamistoa v\u00f5i elutoa aktsentseinale ja vau-efekt on garanteeritud.<\/p>\n<p>Vesiv\u00e4rvide maalitud pilttapeet on meil olemas ka roosa ja monokroomsena.<\/p>\n<p>Nagu k\u00f5ik meie tapeedid, fototapeedid ja pilttapeedid, on ka see disain tr\u00fckitud hingavale, keskkonnas\u00f5bralike v\u00e4rvidega fliistapeedi materjalile. Loe lisaks j\u00e4\u00e4kidevabast ja innovaatilisest\u00a0<a href=\"https:\/\/baubauwall.com\/et\/keskkonnasobralikud-tapeedid\/\" target=\"_blank\" rel=\"noopener\">tapeeditootmisest siin.<\/a><\/p>\n<p>&nbsp;<\/p>\n<p>&nbsp;<\/p>\n<p>&nbsp;<\/p>\n","protected":false},"excerpt":{"rendered":"<p>Pilkup\u00fc\u00fcdev hall tapeedidisain, millele annavad iseloomu j\u00f5ulised, abstraktsed vesiv\u00e4rvi kujundid. Pilttapeet, millest \u00f5hkub graafilisust ja abstraktsust, muutes selle tapeedi kaasaegseks ja h\u00e4sti sobitatavaks disainiks p\u00f5hjamaisesse interj\u00f6\u00f6ri, tsipakese dramaatilisusega. &#8220;Vesiv\u00e4rvide eur\u00fctmia&#8221; hallides toonides tapeedidisain on valminud k\u00e4sit\u00f6\u00f6na meie tapeedidisainer Triinu k\u00e4e all. Paigalda see disain s\u00f6\u00f6gitoa, magamistoa v\u00f5i elutoa aktsentseinale ja vau-efekt on garanteeritud. Vesiv\u00e4rvide maalitud [&hellip;]<\/p>\n","protected":false},"featured_media":19491,"comment_status":"open","ping_status":"closed","template":"","meta":{"_acf_changed":false,"inline_featured_image":false},"product_brand":[],"product_cat":[387,404,396,265,272,273,276,278,752,413,414,415,399,402,699,583],"product_tag":[695,320,345,381],"class_list":{"0":"post-15795","1":"product","2":"type-product","3":"status-publish","4":"has-post-thumbnail","6":"product_cat-pilttapeedid","7":"product_cat-abstraktne","8":"product_cat-skandinaavia","9":"product_cat-beezid-tapeedid","10":"product_cat-hallid-tapeedid","11":"product_cat-heledad-tapeedid","12":"product_cat-pastelsed-tapeedid","13":"product_cat-roosad-tapeedid","14":"product_cat-avalik-ruum","15":"product_cat-magamistoa-tapeedid","16":"product_cat-soogitoa-tapeedid","17":"product_cat-kulalistetoa-tapeedid","18":"product_cat-kodukontori-tapeedid","19":"product_cat-elutoa-tapeedid","20":"product_cat-eesti-disain-tapeedid","21":"product_cat-vesivarv","22":"product_tag-eesti-disain-tapeedid","23":"product_tag-kasitoo","24":"product_tag-pilttapeet","25":"product_tag-vesivarv","26":"pa_designedby-baubauwall","28":"first","29":"instock","30":"taxable","31":"shipping-taxable","32":"purchasable","33":"product-type-simple"},"acf":[],"yoast_head":"<!-- This site is optimized with the Yoast SEO plugin v25.9 - https:\/\/yoast.com\/wordpress\/plugins\/seo\/ -->\n<title>Ainulaadne pilttapeet Vesiv\u00e4rvide disaintapeet aktsentseina.<\/title>\n<meta name=\"description\" content=\"Otsid originaalset pilttapeeti? See k\u00e4sitsi maalitud, vesiv\u00e4rvidega maalitud pilttapeet on hea aktseina tapeet. Unikaalne disaintapeet, mida mujalt ei leia.\" \/>\n<meta name=\"robots\" content=\"index, follow, max-snippet:-1, max-image-preview:large, max-video-preview:-1\" \/>\n<link rel=\"canonical\" href=\"https:\/\/baubauwall.com\/et\/toode\/pilttapeet-vesivarvide-eurutmia-hall\/\" \/>\n<meta property=\"og:locale\" content=\"et_EE\" \/>\n<meta property=\"og:type\" content=\"article\" \/>\n<meta property=\"og:title\" content=\"BAUBAUWALL TAPEEDID\" \/>\n<meta property=\"og:description\" content=\"Vesiv\u00e4rvide eur\u00fctmia - hall\" \/>\n<meta property=\"og:url\" content=\"https:\/\/baubauwall.com\/et\/toode\/pilttapeet-vesivarvide-eurutmia-hall\/\" \/>\n<meta property=\"og:site_name\" content=\"BAUBAUWALL TAPEEDID\" \/>\n<meta property=\"article:publisher\" content=\"https:\/\/www.facebook.com\/Baubauwall\" \/>\n<meta property=\"article:modified_time\" content=\"2022-11-28T07:39:20+00:00\" \/>\n<meta property=\"og:image\" content=\"https:\/\/baubauwall.com\/wp-content\/uploads\/2022\/03\/51200094_WatercolorEurhythmics-greynpink_Baubauwall_Wallmural_room2.jpg\" \/>\n\t<meta property=\"og:image:width\" content=\"1400\" \/>\n\t<meta property=\"og:image:height\" content=\"800\" \/>\n\t<meta property=\"og:image:type\" content=\"image\/jpeg\" \/>\n<meta name=\"twitter:card\" content=\"summary_large_image\" \/>\n<meta name=\"twitter:label1\" content=\"Est. reading time\" \/>\n\t<meta name=\"twitter:data1\" content=\"1 minut\" \/>\n<script type=\"application\/ld+json\" class=\"yoast-schema-graph\">{\"@context\":\"https:\/\/schema.org\",\"@graph\":[{\"@type\":\"WebPage\",\"@id\":\"https:\/\/baubauwall.com\/et\/toode\/pilttapeet-vesivarvide-eurutmia-hall\/\",\"url\":\"https:\/\/baubauwall.com\/et\/toode\/pilttapeet-vesivarvide-eurutmia-hall\/\",\"name\":\"Ainulaadne pilttapeet Vesiv\u00e4rvide disaintapeet aktsentseina.\",\"isPartOf\":{\"@id\":\"https:\/\/baubauwall.com\/et\/#website\"},\"primaryImageOfPage\":{\"@id\":\"https:\/\/baubauwall.com\/et\/toode\/pilttapeet-vesivarvide-eurutmia-hall\/#primaryimage\"},\"image\":{\"@id\":\"https:\/\/baubauwall.com\/et\/toode\/pilttapeet-vesivarvide-eurutmia-hall\/#primaryimage\"},\"thumbnailUrl\":\"https:\/\/baubauwall.com\/wp-content\/uploads\/2022\/07\/51200094_WatercolorEurhythmics-greynpink_Baubauwall_Wallmural_room4.jpg\",\"datePublished\":\"2022-07-27T05:18:21+00:00\",\"dateModified\":\"2022-11-28T07:39:20+00:00\",\"description\":\"Otsid originaalset pilttapeeti? See k\u00e4sitsi maalitud, vesiv\u00e4rvidega maalitud pilttapeet on hea aktseina tapeet. Unikaalne disaintapeet, mida mujalt ei leia.\",\"breadcrumb\":{\"@id\":\"https:\/\/baubauwall.com\/et\/toode\/pilttapeet-vesivarvide-eurutmia-hall\/#breadcrumb\"},\"inLanguage\":\"et\",\"potentialAction\":[{\"@type\":\"ReadAction\",\"target\":[\"https:\/\/baubauwall.com\/et\/toode\/pilttapeet-vesivarvide-eurutmia-hall\/\"]}]},{\"@type\":\"ImageObject\",\"inLanguage\":\"et\",\"@id\":\"https:\/\/baubauwall.com\/et\/toode\/pilttapeet-vesivarvide-eurutmia-hall\/#primaryimage\",\"url\":\"https:\/\/baubauwall.com\/wp-content\/uploads\/2022\/07\/51200094_WatercolorEurhythmics-greynpink_Baubauwall_Wallmural_room4.jpg\",\"contentUrl\":\"https:\/\/baubauwall.com\/wp-content\/uploads\/2022\/07\/51200094_WatercolorEurhythmics-greynpink_Baubauwall_Wallmural_room4.jpg\",\"width\":1120,\"height\":800},{\"@type\":\"BreadcrumbList\",\"@id\":\"https:\/\/baubauwall.com\/et\/toode\/pilttapeet-vesivarvide-eurutmia-hall\/#breadcrumb\",\"itemListElement\":[{\"@type\":\"ListItem\",\"position\":1,\"name\":\"Koju\",\"item\":\"https:\/\/baubauwall.com\/et\/\"},{\"@type\":\"ListItem\",\"position\":2,\"name\":\"Tapeedid\",\"item\":\"https:\/\/baubauwall.com\/et\/tapeedid\/\"},{\"@type\":\"ListItem\",\"position\":3,\"name\":\"Vesiv\u00e4rvide eur\u00fctmia &#8211; hall\"}]},{\"@type\":\"WebSite\",\"@id\":\"https:\/\/baubauwall.com\/et\/#website\",\"url\":\"https:\/\/baubauwall.com\/et\/\",\"name\":\"BAUBAUWALL Wallpapers\",\"description\":\"Valmis paanides tapeet Eestist!\",\"publisher\":{\"@id\":\"https:\/\/baubauwall.com\/et\/#organization\"},\"potentialAction\":[{\"@type\":\"SearchAction\",\"target\":{\"@type\":\"EntryPoint\",\"urlTemplate\":\"https:\/\/baubauwall.com\/et\/?s={search_term_string}\"},\"query-input\":{\"@type\":\"PropertyValueSpecification\",\"valueRequired\":true,\"valueName\":\"search_term_string\"}}],\"inLanguage\":\"et\"},{\"@type\":\"Organization\",\"@id\":\"https:\/\/baubauwall.com\/et\/#organization\",\"name\":\"BAUBAUWALL Wallpapers\",\"url\":\"https:\/\/baubauwall.com\/et\/\",\"logo\":{\"@type\":\"ImageObject\",\"inLanguage\":\"et\",\"@id\":\"https:\/\/baubauwall.com\/et\/#\/schema\/logo\/image\/\",\"url\":\"https:\/\/baubauwall.com\/wp-content\/uploads\/2022\/03\/logo-horizontal.svg\",\"contentUrl\":\"https:\/\/baubauwall.com\/wp-content\/uploads\/2022\/03\/logo-horizontal.svg\",\"width\":\"1024\",\"height\":\"1024\",\"caption\":\"BAUBAUWALL Wallpapers\"},\"image\":{\"@id\":\"https:\/\/baubauwall.com\/et\/#\/schema\/logo\/image\/\"},\"sameAs\":[\"https:\/\/www.facebook.com\/Baubauwall\",\"https:\/\/www.instagram.com\/baubauwall\"]}]}<\/script>\n<!-- \/ Yoast SEO plugin. -->","yoast_head_json":{"title":"Ainulaadne pilttapeet Vesiv\u00e4rvide disaintapeet aktsentseina.","description":"Otsid originaalset pilttapeeti? See k\u00e4sitsi maalitud, vesiv\u00e4rvidega maalitud pilttapeet on hea aktseina tapeet. Unikaalne disaintapeet, mida mujalt ei leia.","robots":{"index":"index","follow":"follow","max-snippet":"max-snippet:-1","max-image-preview":"max-image-preview:large","max-video-preview":"max-video-preview:-1"},"canonical":"https:\/\/baubauwall.com\/et\/toode\/pilttapeet-vesivarvide-eurutmia-hall\/","og_locale":"et_EE","og_type":"article","og_title":"BAUBAUWALL TAPEEDID","og_description":"Vesiv\u00e4rvide eur\u00fctmia - hall","og_url":"https:\/\/baubauwall.com\/et\/toode\/pilttapeet-vesivarvide-eurutmia-hall\/","og_site_name":"BAUBAUWALL TAPEEDID","article_publisher":"https:\/\/www.facebook.com\/Baubauwall","article_modified_time":"2022-11-28T07:39:20+00:00","og_image":[{"width":1400,"height":800,"url":"https:\/\/baubauwall.com\/wp-content\/uploads\/2022\/03\/51200094_WatercolorEurhythmics-greynpink_Baubauwall_Wallmural_room2.jpg","type":"image\/jpeg"}],"twitter_card":"summary_large_image","twitter_misc":{"Est. reading time":"1 minut"},"schema":{"@context":"https:\/\/schema.org","@graph":[{"@type":"WebPage","@id":"https:\/\/baubauwall.com\/et\/toode\/pilttapeet-vesivarvide-eurutmia-hall\/","url":"https:\/\/baubauwall.com\/et\/toode\/pilttapeet-vesivarvide-eurutmia-hall\/","name":"Ainulaadne pilttapeet Vesiv\u00e4rvide disaintapeet aktsentseina.","isPartOf":{"@id":"https:\/\/baubauwall.com\/et\/#website"},"primaryImageOfPage":{"@id":"https:\/\/baubauwall.com\/et\/toode\/pilttapeet-vesivarvide-eurutmia-hall\/#primaryimage"},"image":{"@id":"https:\/\/baubauwall.com\/et\/toode\/pilttapeet-vesivarvide-eurutmia-hall\/#primaryimage"},"thumbnailUrl":"https:\/\/baubauwall.com\/wp-content\/uploads\/2022\/07\/51200094_WatercolorEurhythmics-greynpink_Baubauwall_Wallmural_room4.jpg","datePublished":"2022-07-27T05:18:21+00:00","dateModified":"2022-11-28T07:39:20+00:00","description":"Otsid originaalset pilttapeeti? See k\u00e4sitsi maalitud, vesiv\u00e4rvidega maalitud pilttapeet on hea aktseina tapeet. Unikaalne disaintapeet, mida mujalt ei leia.","breadcrumb":{"@id":"https:\/\/baubauwall.com\/et\/toode\/pilttapeet-vesivarvide-eurutmia-hall\/#breadcrumb"},"inLanguage":"et","potentialAction":[{"@type":"ReadAction","target":["https:\/\/baubauwall.com\/et\/toode\/pilttapeet-vesivarvide-eurutmia-hall\/"]}]},{"@type":"ImageObject","inLanguage":"et","@id":"https:\/\/baubauwall.com\/et\/toode\/pilttapeet-vesivarvide-eurutmia-hall\/#primaryimage","url":"https:\/\/baubauwall.com\/wp-content\/uploads\/2022\/07\/51200094_WatercolorEurhythmics-greynpink_Baubauwall_Wallmural_room4.jpg","contentUrl":"https:\/\/baubauwall.com\/wp-content\/uploads\/2022\/07\/51200094_WatercolorEurhythmics-greynpink_Baubauwall_Wallmural_room4.jpg","width":1120,"height":800},{"@type":"BreadcrumbList","@id":"https:\/\/baubauwall.com\/et\/toode\/pilttapeet-vesivarvide-eurutmia-hall\/#breadcrumb","itemListElement":[{"@type":"ListItem","position":1,"name":"Koju","item":"https:\/\/baubauwall.com\/et\/"},{"@type":"ListItem","position":2,"name":"Tapeedid","item":"https:\/\/baubauwall.com\/et\/tapeedid\/"},{"@type":"ListItem","position":3,"name":"Vesiv\u00e4rvide eur\u00fctmia &#8211; hall"}]},{"@type":"WebSite","@id":"https:\/\/baubauwall.com\/et\/#website","url":"https:\/\/baubauwall.com\/et\/","name":"BAUBAUWALL Wallpapers","description":"Valmis paanides tapeet Eestist!","publisher":{"@id":"https:\/\/baubauwall.com\/et\/#organization"},"potentialAction":[{"@type":"SearchAction","target":{"@type":"EntryPoint","urlTemplate":"https:\/\/baubauwall.com\/et\/?s={search_term_string}"},"query-input":{"@type":"PropertyValueSpecification","valueRequired":true,"valueName":"search_term_string"}}],"inLanguage":"et"},{"@type":"Organization","@id":"https:\/\/baubauwall.com\/et\/#organization","name":"BAUBAUWALL Wallpapers","url":"https:\/\/baubauwall.com\/et\/","logo":{"@type":"ImageObject","inLanguage":"et","@id":"https:\/\/baubauwall.com\/et\/#\/schema\/logo\/image\/","url":"https:\/\/baubauwall.com\/wp-content\/uploads\/2022\/03\/logo-horizontal.svg","contentUrl":"https:\/\/baubauwall.com\/wp-content\/uploads\/2022\/03\/logo-horizontal.svg","width":"1024","height":"1024","caption":"BAUBAUWALL Wallpapers"},"image":{"@id":"https:\/\/baubauwall.com\/et\/#\/schema\/logo\/image\/"},"sameAs":["https:\/\/www.facebook.com\/Baubauwall","https:\/\/www.instagram.com\/baubauwall"]}]}},"jetpack_sharing_enabled":true,"_links":{"self":[{"href":"https:\/\/baubauwall.com\/et\/wp-json\/wp\/v2\/product\/15795","targetHints":{"allow":["GET"]}}],"collection":[{"href":"https:\/\/baubauwall.com\/et\/wp-json\/wp\/v2\/product"}],"about":[{"href":"https:\/\/baubauwall.com\/et\/wp-json\/wp\/v2\/types\/product"}],"replies":[{"embeddable":true,"href":"https:\/\/baubauwall.com\/et\/wp-json\/wp\/v2\/comments?post=15795"}],"wp:featuredmedia":[{"embeddable":true,"href":"https:\/\/baubauwall.com\/et\/wp-json\/wp\/v2\/media\/19491"}],"wp:attachment":[{"href":"https:\/\/baubauwall.com\/et\/wp-json\/wp\/v2\/media?parent=15795"}],"wp:term":[{"taxonomy":"product_brand","embeddable":true,"href":"https:\/\/baubauwall.com\/et\/wp-json\/wp\/v2\/product_brand?post=15795"},{"taxonomy":"product_cat","embeddable":true,"href":"https:\/\/baubauwall.com\/et\/wp-json\/wp\/v2\/product_cat?post=15795"},{"taxonomy":"product_tag","embeddable":true,"href":"https:\/\/baubauwall.com\/et\/wp-json\/wp\/v2\/product_tag?post=15795"}],"curies":[{"name":"wp","href":"https:\/\/api.w.org\/{rel}","templated":true}]}}