{"id":15850,"date":"2022-07-27T07:18:22","date_gmt":"2022-07-27T05:18:22","guid":{"rendered":"https:\/\/baubauwall.com\/product\/wall-mural-watercolor-eurhythmics-monochrome\/"},"modified":"2024-03-08T16:26:23","modified_gmt":"2024-03-08T14:26:23","slug":"pilttapeet-vesivarvi-eurutmia-monokroomne","status":"publish","type":"product","link":"https:\/\/baubauwall.com\/et\/toode\/pilttapeet-vesivarvi-eurutmia-monokroomne\/","title":{"rendered":"Vesiv\u00e4rvide eur\u00fctmia &#8211; monokroomne"},"content":{"rendered":"<p>Pilkup\u00fc\u00fcdev helehall tapeedidisain, millele annavad iseloomu j\u00f5ulised, abstraktsed vesiv\u00e4rvi kujundid. Pilttapeet, millest \u00f5hkub graafilisust ja abstraktsust, muutes selle tapeedi kaasaegseks ja h\u00e4sti sobitatavaks disainiks p\u00f5hjamaisesse interj\u00f6\u00f6ri, tsipakese dramaatilisusega. &#8220;Vesiv\u00e4rvide eur\u00fctmia&#8221; heledates toonides tapeedidisain on valminud k\u00e4sit\u00f6\u00f6na meie tapeedidisainer Triinu k\u00e4e all. Paigalda see disain s\u00f6\u00f6gitoa, magamistoa v\u00f5i elutoa aktsentseinale ja vau-efekt on garanteeritud.<\/p>\n<p>Vesiv\u00e4rvide maalitud pilttapeet on meil olemas ka roosa ja monokroomsena.<\/p>\n<p>Nagu k\u00f5ik meie tapeedid, fototapeedid ja pilttapeedid, on ka see disain tr\u00fckitud hingavale, keskkonnas\u00f5bralike v\u00e4rvidega fliistapeedi materjalile. Fliistapeet ei l\u00e4igi ja on lihtne paigaldada. Pealegi, siit saad tapeedi valmis l\u00f5igatud ja nummerdatud paanides, mis on just nii k\u00f5rged, kui Sinu sein. Siit saad tapeedi oma seina m\u00f5\u00f5dus, mitte ei pea tapeeti valima ette antud suuruse j\u00e4rgi!<\/p>\n<p>Loe lisaks j\u00e4\u00e4tmevabast ja innovaatilisest <a href=\"https:\/\/baubauwall.com\/et\/keskkonnasobralikud-tapeedid\/\" target=\"_blank\" rel=\"noopener\">tapeeditootmisest siin.<\/a><\/p>\n<p>&nbsp;<\/p>\n","protected":false},"excerpt":{"rendered":"<p>Pilkup\u00fc\u00fcdev helehall tapeedidisain, millele annavad iseloomu j\u00f5ulised, abstraktsed vesiv\u00e4rvi kujundid. Pilttapeet, millest \u00f5hkub graafilisust ja abstraktsust, muutes selle tapeedi kaasaegseks ja h\u00e4sti sobitatavaks disainiks p\u00f5hjamaisesse interj\u00f6\u00f6ri, tsipakese dramaatilisusega. &#8220;Vesiv\u00e4rvide eur\u00fctmia&#8221; heledates toonides tapeedidisain on valminud k\u00e4sit\u00f6\u00f6na meie tapeedidisainer Triinu k\u00e4e all. Paigalda see disain s\u00f6\u00f6gitoa, magamistoa v\u00f5i elutoa aktsentseinale ja vau-efekt on garanteeritud. Vesiv\u00e4rvide maalitud [&hellip;]<\/p>\n","protected":false},"featured_media":19521,"comment_status":"open","ping_status":"closed","template":"","meta":{"_acf_changed":false,"inline_featured_image":false},"product_brand":[],"product_cat":[387,622,404,396,272,273,410,413,414,399,402,699,583],"product_tag":[695,320,448,345,381],"class_list":{"0":"post-15850","1":"product","2":"type-product","3":"status-publish","4":"has-post-thumbnail","6":"product_cat-pilttapeedid","7":"product_cat-julged-tapeedid","8":"product_cat-abstraktne","9":"product_cat-skandinaavia","10":"product_cat-hallid-tapeedid","11":"product_cat-heledad-tapeedid","12":"product_cat-valge-tapeedid","13":"product_cat-magamistoa-tapeedid","14":"product_cat-soogitoa-tapeedid","15":"product_cat-kodukontori-tapeedid","16":"product_cat-elutoa-tapeedid","17":"product_cat-eesti-disain-tapeedid","18":"product_cat-vesivarv","19":"product_tag-eesti-disain-tapeedid","20":"product_tag-kasitoo","21":"product_tag-kunst-et","22":"product_tag-pilttapeet","23":"product_tag-vesivarv","24":"pa_designedby-baubauwall","26":"first","27":"instock","28":"taxable","29":"shipping-taxable","30":"purchasable","31":"product-type-simple"},"acf":[],"yoast_head":"<!-- This site is optimized with the Yoast SEO plugin v25.9 - https:\/\/yoast.com\/wordpress\/plugins\/seo\/ -->\n<title>Vesiv\u00e4rvi v\u00e4rvidega pilttapeet aktsentseina. Sinu seina m\u00f5\u00f5dus.<\/title>\n<meta name=\"description\" content=\"Otsid originaalset pilttapeeti aktsentseina? See k\u00e4sitsi maalitud, vesiv\u00e4rvi pilttapeet v\u00f5ib olla just see. Unikaalne disaintapeet aktsentseina.\" \/>\n<meta name=\"robots\" content=\"index, follow, max-snippet:-1, max-image-preview:large, max-video-preview:-1\" \/>\n<link rel=\"canonical\" href=\"https:\/\/baubauwall.com\/et\/toode\/pilttapeet-vesivarvi-eurutmia-monokroomne\/\" \/>\n<meta property=\"og:locale\" content=\"et_EE\" \/>\n<meta property=\"og:type\" content=\"article\" \/>\n<meta property=\"og:title\" content=\"Watercolor Eurhythmics - Wall Mural Design\" \/>\n<meta property=\"og:description\" content=\"Otsid originaalset pilttapeeti aktsentseina? See k\u00e4sitsi maalitud, vesiv\u00e4rvi pilttapeet v\u00f5ib olla just see. Unikaalne disaintapeet aktsentseina.\" \/>\n<meta property=\"og:url\" content=\"https:\/\/baubauwall.com\/et\/toode\/pilttapeet-vesivarvi-eurutmia-monokroomne\/\" \/>\n<meta property=\"og:site_name\" content=\"BAUBAUWALL Wallpapers\" \/>\n<meta property=\"article:publisher\" content=\"https:\/\/www.facebook.com\/Baubauwall\" \/>\n<meta property=\"article:modified_time\" content=\"2024-03-08T14:26:23+00:00\" \/>\n<meta name=\"twitter:card\" content=\"summary_large_image\" \/>\n<meta name=\"twitter:image\" content=\"https:\/\/baubauwall.com\/wp-content\/uploads\/2022\/07\/51200096_WatercolorEurhythmics-monochrome_Baubauwall_Wallmural_room8.jpg\" \/>\n<meta name=\"twitter:label1\" content=\"Est. reading time\" \/>\n\t<meta name=\"twitter:data1\" content=\"1 minut\" \/>\n<script type=\"application\/ld+json\" class=\"yoast-schema-graph\">{\"@context\":\"https:\/\/schema.org\",\"@graph\":[{\"@type\":\"WebPage\",\"@id\":\"https:\/\/baubauwall.com\/et\/toode\/pilttapeet-vesivarvi-eurutmia-monokroomne\/\",\"url\":\"https:\/\/baubauwall.com\/et\/toode\/pilttapeet-vesivarvi-eurutmia-monokroomne\/\",\"name\":\"Vesiv\u00e4rvi v\u00e4rvidega pilttapeet aktsentseina. Sinu seina m\u00f5\u00f5dus.\",\"isPartOf\":{\"@id\":\"https:\/\/baubauwall.com\/et\/#website\"},\"primaryImageOfPage\":{\"@id\":\"https:\/\/baubauwall.com\/et\/toode\/pilttapeet-vesivarvi-eurutmia-monokroomne\/#primaryimage\"},\"image\":{\"@id\":\"https:\/\/baubauwall.com\/et\/toode\/pilttapeet-vesivarvi-eurutmia-monokroomne\/#primaryimage\"},\"thumbnailUrl\":\"https:\/\/baubauwall.com\/wp-content\/uploads\/2022\/07\/51200096_WatercolorEurhythmics-monochrome_Baubauwall_Wallmural_room8.jpg\",\"datePublished\":\"2022-07-27T05:18:22+00:00\",\"dateModified\":\"2024-03-08T14:26:23+00:00\",\"description\":\"Otsid originaalset pilttapeeti aktsentseina? See k\u00e4sitsi maalitud, vesiv\u00e4rvi pilttapeet v\u00f5ib olla just see. Unikaalne disaintapeet aktsentseina.\",\"breadcrumb\":{\"@id\":\"https:\/\/baubauwall.com\/et\/toode\/pilttapeet-vesivarvi-eurutmia-monokroomne\/#breadcrumb\"},\"inLanguage\":\"et\",\"potentialAction\":[{\"@type\":\"ReadAction\",\"target\":[\"https:\/\/baubauwall.com\/et\/toode\/pilttapeet-vesivarvi-eurutmia-monokroomne\/\"]}]},{\"@type\":\"ImageObject\",\"inLanguage\":\"et\",\"@id\":\"https:\/\/baubauwall.com\/et\/toode\/pilttapeet-vesivarvi-eurutmia-monokroomne\/#primaryimage\",\"url\":\"https:\/\/baubauwall.com\/wp-content\/uploads\/2022\/07\/51200096_WatercolorEurhythmics-monochrome_Baubauwall_Wallmural_room8.jpg\",\"contentUrl\":\"https:\/\/baubauwall.com\/wp-content\/uploads\/2022\/07\/51200096_WatercolorEurhythmics-monochrome_Baubauwall_Wallmural_room8.jpg\",\"width\":769,\"height\":800},{\"@type\":\"BreadcrumbList\",\"@id\":\"https:\/\/baubauwall.com\/et\/toode\/pilttapeet-vesivarvi-eurutmia-monokroomne\/#breadcrumb\",\"itemListElement\":[{\"@type\":\"ListItem\",\"position\":1,\"name\":\"Koju\",\"item\":\"https:\/\/baubauwall.com\/et\/\"},{\"@type\":\"ListItem\",\"position\":2,\"name\":\"Tapeedid\",\"item\":\"https:\/\/baubauwall.com\/et\/tapeedid\/\"},{\"@type\":\"ListItem\",\"position\":3,\"name\":\"Vesiv\u00e4rvide eur\u00fctmia &#8211; monokroomne\"}]},{\"@type\":\"WebSite\",\"@id\":\"https:\/\/baubauwall.com\/et\/#website\",\"url\":\"https:\/\/baubauwall.com\/et\/\",\"name\":\"BAUBAUWALL Wallpapers\",\"description\":\"Valmis paanides tapeet Eestist!\",\"publisher\":{\"@id\":\"https:\/\/baubauwall.com\/et\/#organization\"},\"potentialAction\":[{\"@type\":\"SearchAction\",\"target\":{\"@type\":\"EntryPoint\",\"urlTemplate\":\"https:\/\/baubauwall.com\/et\/?s={search_term_string}\"},\"query-input\":{\"@type\":\"PropertyValueSpecification\",\"valueRequired\":true,\"valueName\":\"search_term_string\"}}],\"inLanguage\":\"et\"},{\"@type\":\"Organization\",\"@id\":\"https:\/\/baubauwall.com\/et\/#organization\",\"name\":\"BAUBAUWALL Wallpapers\",\"url\":\"https:\/\/baubauwall.com\/et\/\",\"logo\":{\"@type\":\"ImageObject\",\"inLanguage\":\"et\",\"@id\":\"https:\/\/baubauwall.com\/et\/#\/schema\/logo\/image\/\",\"url\":\"https:\/\/baubauwall.com\/wp-content\/uploads\/2022\/03\/logo-horizontal.svg\",\"contentUrl\":\"https:\/\/baubauwall.com\/wp-content\/uploads\/2022\/03\/logo-horizontal.svg\",\"width\":\"1024\",\"height\":\"1024\",\"caption\":\"BAUBAUWALL Wallpapers\"},\"image\":{\"@id\":\"https:\/\/baubauwall.com\/et\/#\/schema\/logo\/image\/\"},\"sameAs\":[\"https:\/\/www.facebook.com\/Baubauwall\",\"https:\/\/www.instagram.com\/baubauwall\"]}]}<\/script>\n<!-- \/ Yoast SEO plugin. -->","yoast_head_json":{"title":"Vesiv\u00e4rvi v\u00e4rvidega pilttapeet aktsentseina. Sinu seina m\u00f5\u00f5dus.","description":"Otsid originaalset pilttapeeti aktsentseina? See k\u00e4sitsi maalitud, vesiv\u00e4rvi pilttapeet v\u00f5ib olla just see. Unikaalne disaintapeet aktsentseina.","robots":{"index":"index","follow":"follow","max-snippet":"max-snippet:-1","max-image-preview":"max-image-preview:large","max-video-preview":"max-video-preview:-1"},"canonical":"https:\/\/baubauwall.com\/et\/toode\/pilttapeet-vesivarvi-eurutmia-monokroomne\/","og_locale":"et_EE","og_type":"article","og_title":"Watercolor Eurhythmics - Wall Mural Design","og_description":"Otsid originaalset pilttapeeti aktsentseina? See k\u00e4sitsi maalitud, vesiv\u00e4rvi pilttapeet v\u00f5ib olla just see. Unikaalne disaintapeet aktsentseina.","og_url":"https:\/\/baubauwall.com\/et\/toode\/pilttapeet-vesivarvi-eurutmia-monokroomne\/","og_site_name":"BAUBAUWALL Wallpapers","article_publisher":"https:\/\/www.facebook.com\/Baubauwall","article_modified_time":"2024-03-08T14:26:23+00:00","twitter_card":"summary_large_image","twitter_image":"https:\/\/baubauwall.com\/wp-content\/uploads\/2022\/07\/51200096_WatercolorEurhythmics-monochrome_Baubauwall_Wallmural_room8.jpg","twitter_misc":{"Est. reading time":"1 minut"},"schema":{"@context":"https:\/\/schema.org","@graph":[{"@type":"WebPage","@id":"https:\/\/baubauwall.com\/et\/toode\/pilttapeet-vesivarvi-eurutmia-monokroomne\/","url":"https:\/\/baubauwall.com\/et\/toode\/pilttapeet-vesivarvi-eurutmia-monokroomne\/","name":"Vesiv\u00e4rvi v\u00e4rvidega pilttapeet aktsentseina. Sinu seina m\u00f5\u00f5dus.","isPartOf":{"@id":"https:\/\/baubauwall.com\/et\/#website"},"primaryImageOfPage":{"@id":"https:\/\/baubauwall.com\/et\/toode\/pilttapeet-vesivarvi-eurutmia-monokroomne\/#primaryimage"},"image":{"@id":"https:\/\/baubauwall.com\/et\/toode\/pilttapeet-vesivarvi-eurutmia-monokroomne\/#primaryimage"},"thumbnailUrl":"https:\/\/baubauwall.com\/wp-content\/uploads\/2022\/07\/51200096_WatercolorEurhythmics-monochrome_Baubauwall_Wallmural_room8.jpg","datePublished":"2022-07-27T05:18:22+00:00","dateModified":"2024-03-08T14:26:23+00:00","description":"Otsid originaalset pilttapeeti aktsentseina? See k\u00e4sitsi maalitud, vesiv\u00e4rvi pilttapeet v\u00f5ib olla just see. Unikaalne disaintapeet aktsentseina.","breadcrumb":{"@id":"https:\/\/baubauwall.com\/et\/toode\/pilttapeet-vesivarvi-eurutmia-monokroomne\/#breadcrumb"},"inLanguage":"et","potentialAction":[{"@type":"ReadAction","target":["https:\/\/baubauwall.com\/et\/toode\/pilttapeet-vesivarvi-eurutmia-monokroomne\/"]}]},{"@type":"ImageObject","inLanguage":"et","@id":"https:\/\/baubauwall.com\/et\/toode\/pilttapeet-vesivarvi-eurutmia-monokroomne\/#primaryimage","url":"https:\/\/baubauwall.com\/wp-content\/uploads\/2022\/07\/51200096_WatercolorEurhythmics-monochrome_Baubauwall_Wallmural_room8.jpg","contentUrl":"https:\/\/baubauwall.com\/wp-content\/uploads\/2022\/07\/51200096_WatercolorEurhythmics-monochrome_Baubauwall_Wallmural_room8.jpg","width":769,"height":800},{"@type":"BreadcrumbList","@id":"https:\/\/baubauwall.com\/et\/toode\/pilttapeet-vesivarvi-eurutmia-monokroomne\/#breadcrumb","itemListElement":[{"@type":"ListItem","position":1,"name":"Koju","item":"https:\/\/baubauwall.com\/et\/"},{"@type":"ListItem","position":2,"name":"Tapeedid","item":"https:\/\/baubauwall.com\/et\/tapeedid\/"},{"@type":"ListItem","position":3,"name":"Vesiv\u00e4rvide eur\u00fctmia &#8211; monokroomne"}]},{"@type":"WebSite","@id":"https:\/\/baubauwall.com\/et\/#website","url":"https:\/\/baubauwall.com\/et\/","name":"BAUBAUWALL Wallpapers","description":"Valmis paanides tapeet Eestist!","publisher":{"@id":"https:\/\/baubauwall.com\/et\/#organization"},"potentialAction":[{"@type":"SearchAction","target":{"@type":"EntryPoint","urlTemplate":"https:\/\/baubauwall.com\/et\/?s={search_term_string}"},"query-input":{"@type":"PropertyValueSpecification","valueRequired":true,"valueName":"search_term_string"}}],"inLanguage":"et"},{"@type":"Organization","@id":"https:\/\/baubauwall.com\/et\/#organization","name":"BAUBAUWALL Wallpapers","url":"https:\/\/baubauwall.com\/et\/","logo":{"@type":"ImageObject","inLanguage":"et","@id":"https:\/\/baubauwall.com\/et\/#\/schema\/logo\/image\/","url":"https:\/\/baubauwall.com\/wp-content\/uploads\/2022\/03\/logo-horizontal.svg","contentUrl":"https:\/\/baubauwall.com\/wp-content\/uploads\/2022\/03\/logo-horizontal.svg","width":"1024","height":"1024","caption":"BAUBAUWALL Wallpapers"},"image":{"@id":"https:\/\/baubauwall.com\/et\/#\/schema\/logo\/image\/"},"sameAs":["https:\/\/www.facebook.com\/Baubauwall","https:\/\/www.instagram.com\/baubauwall"]}]}},"jetpack_sharing_enabled":true,"_links":{"self":[{"href":"https:\/\/baubauwall.com\/et\/wp-json\/wp\/v2\/product\/15850","targetHints":{"allow":["GET"]}}],"collection":[{"href":"https:\/\/baubauwall.com\/et\/wp-json\/wp\/v2\/product"}],"about":[{"href":"https:\/\/baubauwall.com\/et\/wp-json\/wp\/v2\/types\/product"}],"replies":[{"embeddable":true,"href":"https:\/\/baubauwall.com\/et\/wp-json\/wp\/v2\/comments?post=15850"}],"wp:featuredmedia":[{"embeddable":true,"href":"https:\/\/baubauwall.com\/et\/wp-json\/wp\/v2\/media\/19521"}],"wp:attachment":[{"href":"https:\/\/baubauwall.com\/et\/wp-json\/wp\/v2\/media?parent=15850"}],"wp:term":[{"taxonomy":"product_brand","embeddable":true,"href":"https:\/\/baubauwall.com\/et\/wp-json\/wp\/v2\/product_brand?post=15850"},{"taxonomy":"product_cat","embeddable":true,"href":"https:\/\/baubauwall.com\/et\/wp-json\/wp\/v2\/product_cat?post=15850"},{"taxonomy":"product_tag","embeddable":true,"href":"https:\/\/baubauwall.com\/et\/wp-json\/wp\/v2\/product_tag?post=15850"}],"curies":[{"name":"wp","href":"https:\/\/api.w.org\/{rel}","templated":true}]}}