{"id":15914,"date":"2022-07-22T08:20:44","date_gmt":"2022-07-22T06:20:44","guid":{"rendered":"https:\/\/baubauwall.com\/product\/wallpaper-watercolor-polka-dots-monochrome\/"},"modified":"2022-08-01T11:14:25","modified_gmt":"2022-08-01T09:14:25","slug":"tapeet-vesivarvi-tapid-monokroomne","status":"publish","type":"product","link":"https:\/\/baubauwall.com\/et\/toode\/tapeet-vesivarvi-tapid-monokroomne\/","title":{"rendered":"Vesiv\u00e4rvi t\u00e4pid &#8211; monokroom"},"content":{"rendered":"<p>Valid t\u00e4pilise tapeedi ja oled alati moes. Testitud ja l\u00e4biproovitud muster, mis on alati omal kohal. Selle tapeedi mummud on maalitud vesiv\u00e4rvidega ja mitte p\u00e4ris \u00fcmmargused &#8211; sest miks peaks k\u00f5ik olema nii korrap\u00e4rane? Kerged, monokroomsed akvarellimotiivid sobivad h\u00e4sti erinevatesse ruumidesse. Olgu tegemist lastetoa, romantilise magamistoa v\u00f5i elutoa seintega, see tapeet loob klassikalise, r\u00f5\u00f5msa ja positiivse \u00f5hkkonna. Tapeet, mida saab edukalt kasutada \u00fcksikul aktsentseinal kui ka mitmel seinal korraga.<\/p>\n<p>Nagu k\u00f5ik meie tapeedid, pilttapeedid ja fototapeedid, on ka see disain tr\u00fckitud keskkonnas\u00f5bralike v\u00e4rvidega, hingavale fliistapeedi materjalile. Loe lisaks j\u00e4\u00e4kidevabast tootmisest <a href=\"https:\/\/baubauwall.com\/et\/keskkonnasobralikud-tapeedid\/\" target=\"_blank\" rel=\"noopener\">siin.\u00a0<\/a><\/p>\n","protected":false},"excerpt":{"rendered":"<p>Valid t\u00e4pilise tapeedi ja oled alati moes. Testitud ja l\u00e4biproovitud muster, mis on alati omal kohal. Selle tapeedi mummud on maalitud vesiv\u00e4rvidega ja mitte p\u00e4ris \u00fcmmargused &#8211; sest miks peaks k\u00f5ik olema nii korrap\u00e4rane? Kerged, monokroomsed akvarellimotiivid sobivad h\u00e4sti erinevatesse ruumidesse. Olgu tegemist lastetoa, romantilise magamistoa v\u00f5i elutoa seintega, see tapeet loob klassikalise, r\u00f5\u00f5msa ja [&hellip;]<\/p>\n","protected":false},"featured_media":16109,"comment_status":"open","ping_status":"closed","template":"","meta":{"_acf_changed":false,"inline_featured_image":false},"product_brand":[],"product_cat":[386,404,396,272,273,276,278,413,400,414,415,402,583],"product_tag":[320,316,381],"class_list":{"0":"post-15914","1":"product","2":"type-product","3":"status-publish","4":"has-post-thumbnail","6":"product_cat-kordusmustriga-tapeedid","7":"product_cat-abstraktne","8":"product_cat-skandinaavia","9":"product_cat-hallid-tapeedid","10":"product_cat-heledad-tapeedid","11":"product_cat-pastelsed-tapeedid","12":"product_cat-roosad-tapeedid","13":"product_cat-magamistoa-tapeedid","14":"product_cat-lastetoa-tapeedid","15":"product_cat-soogitoa-tapeedid","16":"product_cat-kulalistetoa-tapeedid","17":"product_cat-elutoa-tapeedid","18":"product_cat-vesivarv","19":"product_tag-kasitoo","20":"product_tag-tapid-mummud","21":"product_tag-vesivarv","22":"pa_designedby-baubauwall","24":"first","25":"instock","26":"taxable","27":"shipping-taxable","28":"purchasable","29":"product-type-simple"},"acf":[],"yoast_head":"<!-- This site is optimized with the Yoast SEO plugin v25.9 - https:\/\/yoast.com\/wordpress\/plugins\/seo\/ -->\n<title>Vesiv\u00e4rvi mummudega t\u00e4piline muster, bee\u017eikas mahe tapeet.<\/title>\n<meta name=\"description\" content=\"Armas t\u00e4piline vesiv\u00e4rvi muster. Tapeet lastetuppa, magamistoa seinale v\u00f5i elutuppa. Sinu seina m\u00f5\u00f5dus tapeedipaanid. Keskkonnas\u00f5bralik valik.\" \/>\n<meta name=\"robots\" content=\"index, follow, max-snippet:-1, max-image-preview:large, max-video-preview:-1\" \/>\n<link rel=\"canonical\" href=\"https:\/\/baubauwall.com\/et\/toode\/tapeet-vesivarvi-tapid-monokroomne\/\" \/>\n<meta property=\"og:locale\" content=\"et_EE\" \/>\n<meta property=\"og:type\" content=\"article\" \/>\n<meta property=\"og:title\" content=\"BAUBAUWALL TAPEEDID\" \/>\n<meta property=\"og:description\" content=\"Vesiv\u00e4rvi t\u00e4pid - monokroom\" \/>\n<meta property=\"og:url\" content=\"https:\/\/baubauwall.com\/et\/toode\/tapeet-vesivarvi-tapid-monokroomne\/\" \/>\n<meta property=\"og:site_name\" content=\"BAUBAUWALL TAPEEDID\" \/>\n<meta property=\"article:publisher\" content=\"https:\/\/www.facebook.com\/Baubauwall\" \/>\n<meta property=\"article:modified_time\" content=\"2022-08-01T09:14:25+00:00\" \/>\n<meta property=\"og:image\" content=\"https:\/\/baubauwall.com\/wp-content\/uploads\/2022\/02\/51100138_WatercolorPolkaDots-muted_Baubauwall_Wallpaper_room1.jpg\" \/>\n\t<meta property=\"og:image:width\" content=\"1200\" \/>\n\t<meta property=\"og:image:height\" content=\"800\" \/>\n\t<meta property=\"og:image:type\" content=\"image\/jpeg\" \/>\n<meta name=\"twitter:card\" content=\"summary_large_image\" \/>\n<meta name=\"twitter:label1\" content=\"Est. reading time\" \/>\n\t<meta name=\"twitter:data1\" content=\"1 minut\" \/>\n<script type=\"application\/ld+json\" class=\"yoast-schema-graph\">{\"@context\":\"https:\/\/schema.org\",\"@graph\":[{\"@type\":\"WebPage\",\"@id\":\"https:\/\/baubauwall.com\/et\/toode\/tapeet-vesivarvi-tapid-monokroomne\/\",\"url\":\"https:\/\/baubauwall.com\/et\/toode\/tapeet-vesivarvi-tapid-monokroomne\/\",\"name\":\"Vesiv\u00e4rvi mummudega t\u00e4piline muster, bee\u017eikas mahe tapeet.\",\"isPartOf\":{\"@id\":\"https:\/\/baubauwall.com\/et\/#website\"},\"primaryImageOfPage\":{\"@id\":\"https:\/\/baubauwall.com\/et\/toode\/tapeet-vesivarvi-tapid-monokroomne\/#primaryimage\"},\"image\":{\"@id\":\"https:\/\/baubauwall.com\/et\/toode\/tapeet-vesivarvi-tapid-monokroomne\/#primaryimage\"},\"thumbnailUrl\":\"https:\/\/baubauwall.com\/wp-content\/uploads\/2022\/07\/51100138_WatercolorPolkaDots-muted_Baubauwall_Wallpaper_room13.jpg\",\"datePublished\":\"2022-07-22T06:20:44+00:00\",\"dateModified\":\"2022-08-01T09:14:25+00:00\",\"description\":\"Armas t\u00e4piline vesiv\u00e4rvi muster. Tapeet lastetuppa, magamistoa seinale v\u00f5i elutuppa. Sinu seina m\u00f5\u00f5dus tapeedipaanid. Keskkonnas\u00f5bralik valik.\",\"breadcrumb\":{\"@id\":\"https:\/\/baubauwall.com\/et\/toode\/tapeet-vesivarvi-tapid-monokroomne\/#breadcrumb\"},\"inLanguage\":\"et\",\"potentialAction\":[{\"@type\":\"ReadAction\",\"target\":[\"https:\/\/baubauwall.com\/et\/toode\/tapeet-vesivarvi-tapid-monokroomne\/\"]}]},{\"@type\":\"ImageObject\",\"inLanguage\":\"et\",\"@id\":\"https:\/\/baubauwall.com\/et\/toode\/tapeet-vesivarvi-tapid-monokroomne\/#primaryimage\",\"url\":\"https:\/\/baubauwall.com\/wp-content\/uploads\/2022\/07\/51100138_WatercolorPolkaDots-muted_Baubauwall_Wallpaper_room13.jpg\",\"contentUrl\":\"https:\/\/baubauwall.com\/wp-content\/uploads\/2022\/07\/51100138_WatercolorPolkaDots-muted_Baubauwall_Wallpaper_room13.jpg\",\"width\":533,\"height\":800,\"caption\":\"Polka dots wallpaper for bedroom - master bedroom or kids room feature wall\"},{\"@type\":\"BreadcrumbList\",\"@id\":\"https:\/\/baubauwall.com\/et\/toode\/tapeet-vesivarvi-tapid-monokroomne\/#breadcrumb\",\"itemListElement\":[{\"@type\":\"ListItem\",\"position\":1,\"name\":\"Koju\",\"item\":\"https:\/\/baubauwall.com\/et\/\"},{\"@type\":\"ListItem\",\"position\":2,\"name\":\"Tapeedid\",\"item\":\"https:\/\/baubauwall.com\/et\/tapeedid\/\"},{\"@type\":\"ListItem\",\"position\":3,\"name\":\"Vesiv\u00e4rvi t\u00e4pid &#8211; monokroom\"}]},{\"@type\":\"WebSite\",\"@id\":\"https:\/\/baubauwall.com\/et\/#website\",\"url\":\"https:\/\/baubauwall.com\/et\/\",\"name\":\"BAUBAUWALL Wallpapers\",\"description\":\"Valmis paanides tapeet Eestist!\",\"publisher\":{\"@id\":\"https:\/\/baubauwall.com\/et\/#organization\"},\"potentialAction\":[{\"@type\":\"SearchAction\",\"target\":{\"@type\":\"EntryPoint\",\"urlTemplate\":\"https:\/\/baubauwall.com\/et\/?s={search_term_string}\"},\"query-input\":{\"@type\":\"PropertyValueSpecification\",\"valueRequired\":true,\"valueName\":\"search_term_string\"}}],\"inLanguage\":\"et\"},{\"@type\":\"Organization\",\"@id\":\"https:\/\/baubauwall.com\/et\/#organization\",\"name\":\"BAUBAUWALL Wallpapers\",\"url\":\"https:\/\/baubauwall.com\/et\/\",\"logo\":{\"@type\":\"ImageObject\",\"inLanguage\":\"et\",\"@id\":\"https:\/\/baubauwall.com\/et\/#\/schema\/logo\/image\/\",\"url\":\"https:\/\/baubauwall.com\/wp-content\/uploads\/2022\/03\/logo-horizontal.svg\",\"contentUrl\":\"https:\/\/baubauwall.com\/wp-content\/uploads\/2022\/03\/logo-horizontal.svg\",\"width\":\"1024\",\"height\":\"1024\",\"caption\":\"BAUBAUWALL Wallpapers\"},\"image\":{\"@id\":\"https:\/\/baubauwall.com\/et\/#\/schema\/logo\/image\/\"},\"sameAs\":[\"https:\/\/www.facebook.com\/Baubauwall\",\"https:\/\/www.instagram.com\/baubauwall\"]}]}<\/script>\n<!-- \/ Yoast SEO plugin. -->","yoast_head_json":{"title":"Vesiv\u00e4rvi mummudega t\u00e4piline muster, bee\u017eikas mahe tapeet.","description":"Armas t\u00e4piline vesiv\u00e4rvi muster. Tapeet lastetuppa, magamistoa seinale v\u00f5i elutuppa. Sinu seina m\u00f5\u00f5dus tapeedipaanid. Keskkonnas\u00f5bralik valik.","robots":{"index":"index","follow":"follow","max-snippet":"max-snippet:-1","max-image-preview":"max-image-preview:large","max-video-preview":"max-video-preview:-1"},"canonical":"https:\/\/baubauwall.com\/et\/toode\/tapeet-vesivarvi-tapid-monokroomne\/","og_locale":"et_EE","og_type":"article","og_title":"BAUBAUWALL TAPEEDID","og_description":"Vesiv\u00e4rvi t\u00e4pid - monokroom","og_url":"https:\/\/baubauwall.com\/et\/toode\/tapeet-vesivarvi-tapid-monokroomne\/","og_site_name":"BAUBAUWALL TAPEEDID","article_publisher":"https:\/\/www.facebook.com\/Baubauwall","article_modified_time":"2022-08-01T09:14:25+00:00","og_image":[{"width":1200,"height":800,"url":"https:\/\/baubauwall.com\/wp-content\/uploads\/2022\/02\/51100138_WatercolorPolkaDots-muted_Baubauwall_Wallpaper_room1.jpg","type":"image\/jpeg"}],"twitter_card":"summary_large_image","twitter_misc":{"Est. reading time":"1 minut"},"schema":{"@context":"https:\/\/schema.org","@graph":[{"@type":"WebPage","@id":"https:\/\/baubauwall.com\/et\/toode\/tapeet-vesivarvi-tapid-monokroomne\/","url":"https:\/\/baubauwall.com\/et\/toode\/tapeet-vesivarvi-tapid-monokroomne\/","name":"Vesiv\u00e4rvi mummudega t\u00e4piline muster, bee\u017eikas mahe tapeet.","isPartOf":{"@id":"https:\/\/baubauwall.com\/et\/#website"},"primaryImageOfPage":{"@id":"https:\/\/baubauwall.com\/et\/toode\/tapeet-vesivarvi-tapid-monokroomne\/#primaryimage"},"image":{"@id":"https:\/\/baubauwall.com\/et\/toode\/tapeet-vesivarvi-tapid-monokroomne\/#primaryimage"},"thumbnailUrl":"https:\/\/baubauwall.com\/wp-content\/uploads\/2022\/07\/51100138_WatercolorPolkaDots-muted_Baubauwall_Wallpaper_room13.jpg","datePublished":"2022-07-22T06:20:44+00:00","dateModified":"2022-08-01T09:14:25+00:00","description":"Armas t\u00e4piline vesiv\u00e4rvi muster. Tapeet lastetuppa, magamistoa seinale v\u00f5i elutuppa. Sinu seina m\u00f5\u00f5dus tapeedipaanid. Keskkonnas\u00f5bralik valik.","breadcrumb":{"@id":"https:\/\/baubauwall.com\/et\/toode\/tapeet-vesivarvi-tapid-monokroomne\/#breadcrumb"},"inLanguage":"et","potentialAction":[{"@type":"ReadAction","target":["https:\/\/baubauwall.com\/et\/toode\/tapeet-vesivarvi-tapid-monokroomne\/"]}]},{"@type":"ImageObject","inLanguage":"et","@id":"https:\/\/baubauwall.com\/et\/toode\/tapeet-vesivarvi-tapid-monokroomne\/#primaryimage","url":"https:\/\/baubauwall.com\/wp-content\/uploads\/2022\/07\/51100138_WatercolorPolkaDots-muted_Baubauwall_Wallpaper_room13.jpg","contentUrl":"https:\/\/baubauwall.com\/wp-content\/uploads\/2022\/07\/51100138_WatercolorPolkaDots-muted_Baubauwall_Wallpaper_room13.jpg","width":533,"height":800,"caption":"Polka dots wallpaper for bedroom - master bedroom or kids room feature wall"},{"@type":"BreadcrumbList","@id":"https:\/\/baubauwall.com\/et\/toode\/tapeet-vesivarvi-tapid-monokroomne\/#breadcrumb","itemListElement":[{"@type":"ListItem","position":1,"name":"Koju","item":"https:\/\/baubauwall.com\/et\/"},{"@type":"ListItem","position":2,"name":"Tapeedid","item":"https:\/\/baubauwall.com\/et\/tapeedid\/"},{"@type":"ListItem","position":3,"name":"Vesiv\u00e4rvi t\u00e4pid &#8211; monokroom"}]},{"@type":"WebSite","@id":"https:\/\/baubauwall.com\/et\/#website","url":"https:\/\/baubauwall.com\/et\/","name":"BAUBAUWALL Wallpapers","description":"Valmis paanides tapeet Eestist!","publisher":{"@id":"https:\/\/baubauwall.com\/et\/#organization"},"potentialAction":[{"@type":"SearchAction","target":{"@type":"EntryPoint","urlTemplate":"https:\/\/baubauwall.com\/et\/?s={search_term_string}"},"query-input":{"@type":"PropertyValueSpecification","valueRequired":true,"valueName":"search_term_string"}}],"inLanguage":"et"},{"@type":"Organization","@id":"https:\/\/baubauwall.com\/et\/#organization","name":"BAUBAUWALL Wallpapers","url":"https:\/\/baubauwall.com\/et\/","logo":{"@type":"ImageObject","inLanguage":"et","@id":"https:\/\/baubauwall.com\/et\/#\/schema\/logo\/image\/","url":"https:\/\/baubauwall.com\/wp-content\/uploads\/2022\/03\/logo-horizontal.svg","contentUrl":"https:\/\/baubauwall.com\/wp-content\/uploads\/2022\/03\/logo-horizontal.svg","width":"1024","height":"1024","caption":"BAUBAUWALL Wallpapers"},"image":{"@id":"https:\/\/baubauwall.com\/et\/#\/schema\/logo\/image\/"},"sameAs":["https:\/\/www.facebook.com\/Baubauwall","https:\/\/www.instagram.com\/baubauwall"]}]}},"jetpack_sharing_enabled":true,"_links":{"self":[{"href":"https:\/\/baubauwall.com\/et\/wp-json\/wp\/v2\/product\/15914","targetHints":{"allow":["GET"]}}],"collection":[{"href":"https:\/\/baubauwall.com\/et\/wp-json\/wp\/v2\/product"}],"about":[{"href":"https:\/\/baubauwall.com\/et\/wp-json\/wp\/v2\/types\/product"}],"replies":[{"embeddable":true,"href":"https:\/\/baubauwall.com\/et\/wp-json\/wp\/v2\/comments?post=15914"}],"wp:featuredmedia":[{"embeddable":true,"href":"https:\/\/baubauwall.com\/et\/wp-json\/wp\/v2\/media\/16109"}],"wp:attachment":[{"href":"https:\/\/baubauwall.com\/et\/wp-json\/wp\/v2\/media?parent=15914"}],"wp:term":[{"taxonomy":"product_brand","embeddable":true,"href":"https:\/\/baubauwall.com\/et\/wp-json\/wp\/v2\/product_brand?post=15914"},{"taxonomy":"product_cat","embeddable":true,"href":"https:\/\/baubauwall.com\/et\/wp-json\/wp\/v2\/product_cat?post=15914"},{"taxonomy":"product_tag","embeddable":true,"href":"https:\/\/baubauwall.com\/et\/wp-json\/wp\/v2\/product_tag?post=15914"}],"curies":[{"name":"wp","href":"https:\/\/api.w.org\/{rel}","templated":true}]}}