{"id":15944,"date":"2022-03-03T07:18:22","date_gmt":"2022-03-03T05:18:22","guid":{"rendered":"https:\/\/baubauwall.com\/product\/wall-mural-watercolor-pink\/"},"modified":"2022-08-16T15:35:12","modified_gmt":"2022-08-16T13:35:12","slug":"pilttapeet-vesivarvide-eurutmia-roosa","status":"publish","type":"product","link":"https:\/\/baubauwall.com\/et\/toode\/pilttapeet-vesivarvide-eurutmia-roosa\/","title":{"rendered":"Vesiv\u00e4rvide eur\u00fctmia &#8211; roosa"},"content":{"rendered":"<p>Pilkup\u00fc\u00fcdev tapeedidisain, millele annavad iseloomu j\u00f5ulised, abstraktsed vesiv\u00e4rvi kujundid. Pilttapeet, millest \u00f5hkub graafilisust ja abstraktsust, muutes selle tapeedi kaasaegseks ja h\u00e4sti sobitatavaks disainiks p\u00f5hjamaisesse interj\u00f6\u00f6ri, tsipakese dramaatilisusega. &#8220;Vesiv\u00e4rvide eur\u00fctmia&#8221; tapeedidisain on valminud k\u00e4sit\u00f6\u00f6na meie tapeedidisainer Triinu k\u00e4e all. Paigalda see disain s\u00f6\u00f6gitoa, magamistoa v\u00f5i elutoa aktsentseinale ja vau-efekt on garanteeritud.<\/p>\n<p>Vesiv\u00e4rvide maalitud pilttapeet on meil olemas ka halli ja monokroomsena.<\/p>\n<p>Nagu k\u00f5ik meie tapeedid, fototapeedid ja pilttapeedid, on ka see disain tr\u00fckitud hingavale, keskkonnas\u00f5bralike v\u00e4rvidega fliistapeedi materjalile. Loe lisaks j\u00e4\u00e4kidevabast ja innovaatilisest\u00a0<a href=\"https:\/\/baubauwall.com\/et\/keskkonnasobralikud-tapeedid\/\" target=\"_blank\" rel=\"noopener\">tapeeditootmisest siin.<\/a><\/p>\n<p>&nbsp;<\/p>\n<p>&nbsp;<\/p>\n<p>&nbsp;<\/p>\n","protected":false},"excerpt":{"rendered":"<p>Pilkup\u00fc\u00fcdev tapeedidisain, millele annavad iseloomu j\u00f5ulised, abstraktsed vesiv\u00e4rvi kujundid. Pilttapeet, millest \u00f5hkub graafilisust ja abstraktsust, muutes selle tapeedi kaasaegseks ja h\u00e4sti sobitatavaks disainiks p\u00f5hjamaisesse interj\u00f6\u00f6ri, tsipakese dramaatilisusega. &#8220;Vesiv\u00e4rvide eur\u00fctmia&#8221; tapeedidisain on valminud k\u00e4sit\u00f6\u00f6na meie tapeedidisainer Triinu k\u00e4e all. Paigalda see disain s\u00f6\u00f6gitoa, magamistoa v\u00f5i elutoa aktsentseinale ja vau-efekt on garanteeritud. Vesiv\u00e4rvide maalitud pilttapeet on meil [&hellip;]<\/p>\n","protected":false},"featured_media":15921,"comment_status":"open","ping_status":"closed","template":"","meta":{"_acf_changed":false,"inline_featured_image":false},"product_brand":[],"product_cat":[387,622,395,404,396,273,276,278,418,413,414,415,399,402,699,583],"product_tag":[695,320,345,381],"class_list":{"0":"post-15944","1":"product","2":"type-product","3":"status-publish","4":"has-post-thumbnail","6":"product_cat-pilttapeedid","7":"product_cat-julged-tapeedid","8":"product_cat-romantiline","9":"product_cat-abstraktne","10":"product_cat-skandinaavia","11":"product_cat-heledad-tapeedid","12":"product_cat-pastelsed-tapeedid","13":"product_cat-roosad-tapeedid","14":"product_cat-punased-tapeedid","15":"product_cat-magamistoa-tapeedid","16":"product_cat-soogitoa-tapeedid","17":"product_cat-kulalistetoa-tapeedid","18":"product_cat-kodukontori-tapeedid","19":"product_cat-elutoa-tapeedid","20":"product_cat-eesti-disain-tapeedid","21":"product_cat-vesivarv","22":"product_tag-eesti-disain-tapeedid","23":"product_tag-kasitoo","24":"product_tag-pilttapeet","25":"product_tag-vesivarv","26":"pa_designedby-baubauwall","28":"first","29":"instock","30":"taxable","31":"shipping-taxable","32":"purchasable","33":"product-type-simple"},"acf":[],"yoast_head":"<!-- This site is optimized with the Yoast SEO plugin v25.9 - https:\/\/yoast.com\/wordpress\/plugins\/seo\/ -->\n<title>Vesiv\u00e4rvidega illustreeritud disaintapeet. Unikaalne autorit\u00f6\u00f6 tapeet<\/title>\n<meta name=\"description\" content=\"Abstraktne vesiv\u00e4rvi pilttapeet aktsenseina. Aktsentseina disaintapeet elutuppa, magamistuppa v\u00f5i s\u00f6\u00f6gitoa seinale. Tapeedid, mida on lihtne paigaldada.\" \/>\n<meta name=\"robots\" content=\"index, follow, max-snippet:-1, max-image-preview:large, max-video-preview:-1\" \/>\n<link rel=\"canonical\" href=\"https:\/\/baubauwall.com\/et\/toode\/pilttapeet-vesivarvide-eurutmia-roosa\/\" \/>\n<meta property=\"og:locale\" content=\"et_EE\" \/>\n<meta property=\"og:type\" content=\"article\" \/>\n<meta property=\"og:title\" content=\"Vesiv\u00e4rvide eur\u00fctmia - roosa\" \/>\n<meta property=\"og:description\" content=\"BAUBAUWALL TAPEEDID\" \/>\n<meta property=\"og:url\" content=\"https:\/\/baubauwall.com\/et\/toode\/pilttapeet-vesivarvide-eurutmia-roosa\/\" \/>\n<meta property=\"og:site_name\" content=\"BAUBAUWALL TAPEEDID\" \/>\n<meta property=\"article:publisher\" content=\"https:\/\/www.facebook.com\/Baubauwall\" \/>\n<meta property=\"article:modified_time\" content=\"2022-08-16T13:35:12+00:00\" \/>\n<meta property=\"og:image\" content=\"https:\/\/baubauwall.com\/wp-content\/uploads\/2022\/03\/51200097_WatercolorEurhythmics-pink_Baubauwall_Wallmural_room3.jpg\" \/>\n\t<meta property=\"og:image:width\" content=\"1175\" \/>\n\t<meta property=\"og:image:height\" content=\"800\" \/>\n\t<meta property=\"og:image:type\" content=\"image\/jpeg\" \/>\n<meta name=\"twitter:card\" content=\"summary_large_image\" \/>\n<meta name=\"twitter:label1\" content=\"Est. reading time\" \/>\n\t<meta name=\"twitter:data1\" content=\"1 minut\" \/>\n<script type=\"application\/ld+json\" class=\"yoast-schema-graph\">{\"@context\":\"https:\/\/schema.org\",\"@graph\":[{\"@type\":\"WebPage\",\"@id\":\"https:\/\/baubauwall.com\/et\/toode\/pilttapeet-vesivarvide-eurutmia-roosa\/\",\"url\":\"https:\/\/baubauwall.com\/et\/toode\/pilttapeet-vesivarvide-eurutmia-roosa\/\",\"name\":\"Vesiv\u00e4rvidega illustreeritud disaintapeet. Unikaalne autorit\u00f6\u00f6 tapeet\",\"isPartOf\":{\"@id\":\"https:\/\/baubauwall.com\/et\/#website\"},\"primaryImageOfPage\":{\"@id\":\"https:\/\/baubauwall.com\/et\/toode\/pilttapeet-vesivarvide-eurutmia-roosa\/#primaryimage\"},\"image\":{\"@id\":\"https:\/\/baubauwall.com\/et\/toode\/pilttapeet-vesivarvide-eurutmia-roosa\/#primaryimage\"},\"thumbnailUrl\":\"https:\/\/baubauwall.com\/wp-content\/uploads\/2022\/03\/51200097_WatercolorEurhythmics-pink_Baubauwall_Wallmural_room6.jpg\",\"datePublished\":\"2022-03-03T05:18:22+00:00\",\"dateModified\":\"2022-08-16T13:35:12+00:00\",\"description\":\"Abstraktne vesiv\u00e4rvi pilttapeet aktsenseina. Aktsentseina disaintapeet elutuppa, magamistuppa v\u00f5i s\u00f6\u00f6gitoa seinale. Tapeedid, mida on lihtne paigaldada.\",\"breadcrumb\":{\"@id\":\"https:\/\/baubauwall.com\/et\/toode\/pilttapeet-vesivarvide-eurutmia-roosa\/#breadcrumb\"},\"inLanguage\":\"et\",\"potentialAction\":[{\"@type\":\"ReadAction\",\"target\":[\"https:\/\/baubauwall.com\/et\/toode\/pilttapeet-vesivarvide-eurutmia-roosa\/\"]}]},{\"@type\":\"ImageObject\",\"inLanguage\":\"et\",\"@id\":\"https:\/\/baubauwall.com\/et\/toode\/pilttapeet-vesivarvide-eurutmia-roosa\/#primaryimage\",\"url\":\"https:\/\/baubauwall.com\/wp-content\/uploads\/2022\/03\/51200097_WatercolorEurhythmics-pink_Baubauwall_Wallmural_room6.jpg\",\"contentUrl\":\"https:\/\/baubauwall.com\/wp-content\/uploads\/2022\/03\/51200097_WatercolorEurhythmics-pink_Baubauwall_Wallmural_room6.jpg\",\"width\":1423,\"height\":800},{\"@type\":\"BreadcrumbList\",\"@id\":\"https:\/\/baubauwall.com\/et\/toode\/pilttapeet-vesivarvide-eurutmia-roosa\/#breadcrumb\",\"itemListElement\":[{\"@type\":\"ListItem\",\"position\":1,\"name\":\"Koju\",\"item\":\"https:\/\/baubauwall.com\/et\/\"},{\"@type\":\"ListItem\",\"position\":2,\"name\":\"Tapeedid\",\"item\":\"https:\/\/baubauwall.com\/et\/tapeedid\/\"},{\"@type\":\"ListItem\",\"position\":3,\"name\":\"Vesiv\u00e4rvide eur\u00fctmia &#8211; roosa\"}]},{\"@type\":\"WebSite\",\"@id\":\"https:\/\/baubauwall.com\/et\/#website\",\"url\":\"https:\/\/baubauwall.com\/et\/\",\"name\":\"BAUBAUWALL Wallpapers\",\"description\":\"Valmis paanides tapeet Eestist!\",\"publisher\":{\"@id\":\"https:\/\/baubauwall.com\/et\/#organization\"},\"potentialAction\":[{\"@type\":\"SearchAction\",\"target\":{\"@type\":\"EntryPoint\",\"urlTemplate\":\"https:\/\/baubauwall.com\/et\/?s={search_term_string}\"},\"query-input\":{\"@type\":\"PropertyValueSpecification\",\"valueRequired\":true,\"valueName\":\"search_term_string\"}}],\"inLanguage\":\"et\"},{\"@type\":\"Organization\",\"@id\":\"https:\/\/baubauwall.com\/et\/#organization\",\"name\":\"BAUBAUWALL Wallpapers\",\"url\":\"https:\/\/baubauwall.com\/et\/\",\"logo\":{\"@type\":\"ImageObject\",\"inLanguage\":\"et\",\"@id\":\"https:\/\/baubauwall.com\/et\/#\/schema\/logo\/image\/\",\"url\":\"https:\/\/baubauwall.com\/wp-content\/uploads\/2022\/03\/logo-horizontal.svg\",\"contentUrl\":\"https:\/\/baubauwall.com\/wp-content\/uploads\/2022\/03\/logo-horizontal.svg\",\"width\":\"1024\",\"height\":\"1024\",\"caption\":\"BAUBAUWALL Wallpapers\"},\"image\":{\"@id\":\"https:\/\/baubauwall.com\/et\/#\/schema\/logo\/image\/\"},\"sameAs\":[\"https:\/\/www.facebook.com\/Baubauwall\",\"https:\/\/www.instagram.com\/baubauwall\"]}]}<\/script>\n<!-- \/ Yoast SEO plugin. -->","yoast_head_json":{"title":"Vesiv\u00e4rvidega illustreeritud disaintapeet. Unikaalne autorit\u00f6\u00f6 tapeet","description":"Abstraktne vesiv\u00e4rvi pilttapeet aktsenseina. Aktsentseina disaintapeet elutuppa, magamistuppa v\u00f5i s\u00f6\u00f6gitoa seinale. Tapeedid, mida on lihtne paigaldada.","robots":{"index":"index","follow":"follow","max-snippet":"max-snippet:-1","max-image-preview":"max-image-preview:large","max-video-preview":"max-video-preview:-1"},"canonical":"https:\/\/baubauwall.com\/et\/toode\/pilttapeet-vesivarvide-eurutmia-roosa\/","og_locale":"et_EE","og_type":"article","og_title":"Vesiv\u00e4rvide eur\u00fctmia - roosa","og_description":"BAUBAUWALL TAPEEDID","og_url":"https:\/\/baubauwall.com\/et\/toode\/pilttapeet-vesivarvide-eurutmia-roosa\/","og_site_name":"BAUBAUWALL TAPEEDID","article_publisher":"https:\/\/www.facebook.com\/Baubauwall","article_modified_time":"2022-08-16T13:35:12+00:00","og_image":[{"width":1175,"height":800,"url":"https:\/\/baubauwall.com\/wp-content\/uploads\/2022\/03\/51200097_WatercolorEurhythmics-pink_Baubauwall_Wallmural_room3.jpg","type":"image\/jpeg"}],"twitter_card":"summary_large_image","twitter_misc":{"Est. reading time":"1 minut"},"schema":{"@context":"https:\/\/schema.org","@graph":[{"@type":"WebPage","@id":"https:\/\/baubauwall.com\/et\/toode\/pilttapeet-vesivarvide-eurutmia-roosa\/","url":"https:\/\/baubauwall.com\/et\/toode\/pilttapeet-vesivarvide-eurutmia-roosa\/","name":"Vesiv\u00e4rvidega illustreeritud disaintapeet. Unikaalne autorit\u00f6\u00f6 tapeet","isPartOf":{"@id":"https:\/\/baubauwall.com\/et\/#website"},"primaryImageOfPage":{"@id":"https:\/\/baubauwall.com\/et\/toode\/pilttapeet-vesivarvide-eurutmia-roosa\/#primaryimage"},"image":{"@id":"https:\/\/baubauwall.com\/et\/toode\/pilttapeet-vesivarvide-eurutmia-roosa\/#primaryimage"},"thumbnailUrl":"https:\/\/baubauwall.com\/wp-content\/uploads\/2022\/03\/51200097_WatercolorEurhythmics-pink_Baubauwall_Wallmural_room6.jpg","datePublished":"2022-03-03T05:18:22+00:00","dateModified":"2022-08-16T13:35:12+00:00","description":"Abstraktne vesiv\u00e4rvi pilttapeet aktsenseina. Aktsentseina disaintapeet elutuppa, magamistuppa v\u00f5i s\u00f6\u00f6gitoa seinale. Tapeedid, mida on lihtne paigaldada.","breadcrumb":{"@id":"https:\/\/baubauwall.com\/et\/toode\/pilttapeet-vesivarvide-eurutmia-roosa\/#breadcrumb"},"inLanguage":"et","potentialAction":[{"@type":"ReadAction","target":["https:\/\/baubauwall.com\/et\/toode\/pilttapeet-vesivarvide-eurutmia-roosa\/"]}]},{"@type":"ImageObject","inLanguage":"et","@id":"https:\/\/baubauwall.com\/et\/toode\/pilttapeet-vesivarvide-eurutmia-roosa\/#primaryimage","url":"https:\/\/baubauwall.com\/wp-content\/uploads\/2022\/03\/51200097_WatercolorEurhythmics-pink_Baubauwall_Wallmural_room6.jpg","contentUrl":"https:\/\/baubauwall.com\/wp-content\/uploads\/2022\/03\/51200097_WatercolorEurhythmics-pink_Baubauwall_Wallmural_room6.jpg","width":1423,"height":800},{"@type":"BreadcrumbList","@id":"https:\/\/baubauwall.com\/et\/toode\/pilttapeet-vesivarvide-eurutmia-roosa\/#breadcrumb","itemListElement":[{"@type":"ListItem","position":1,"name":"Koju","item":"https:\/\/baubauwall.com\/et\/"},{"@type":"ListItem","position":2,"name":"Tapeedid","item":"https:\/\/baubauwall.com\/et\/tapeedid\/"},{"@type":"ListItem","position":3,"name":"Vesiv\u00e4rvide eur\u00fctmia &#8211; roosa"}]},{"@type":"WebSite","@id":"https:\/\/baubauwall.com\/et\/#website","url":"https:\/\/baubauwall.com\/et\/","name":"BAUBAUWALL Wallpapers","description":"Valmis paanides tapeet Eestist!","publisher":{"@id":"https:\/\/baubauwall.com\/et\/#organization"},"potentialAction":[{"@type":"SearchAction","target":{"@type":"EntryPoint","urlTemplate":"https:\/\/baubauwall.com\/et\/?s={search_term_string}"},"query-input":{"@type":"PropertyValueSpecification","valueRequired":true,"valueName":"search_term_string"}}],"inLanguage":"et"},{"@type":"Organization","@id":"https:\/\/baubauwall.com\/et\/#organization","name":"BAUBAUWALL Wallpapers","url":"https:\/\/baubauwall.com\/et\/","logo":{"@type":"ImageObject","inLanguage":"et","@id":"https:\/\/baubauwall.com\/et\/#\/schema\/logo\/image\/","url":"https:\/\/baubauwall.com\/wp-content\/uploads\/2022\/03\/logo-horizontal.svg","contentUrl":"https:\/\/baubauwall.com\/wp-content\/uploads\/2022\/03\/logo-horizontal.svg","width":"1024","height":"1024","caption":"BAUBAUWALL Wallpapers"},"image":{"@id":"https:\/\/baubauwall.com\/et\/#\/schema\/logo\/image\/"},"sameAs":["https:\/\/www.facebook.com\/Baubauwall","https:\/\/www.instagram.com\/baubauwall"]}]}},"jetpack_sharing_enabled":true,"_links":{"self":[{"href":"https:\/\/baubauwall.com\/et\/wp-json\/wp\/v2\/product\/15944","targetHints":{"allow":["GET"]}}],"collection":[{"href":"https:\/\/baubauwall.com\/et\/wp-json\/wp\/v2\/product"}],"about":[{"href":"https:\/\/baubauwall.com\/et\/wp-json\/wp\/v2\/types\/product"}],"replies":[{"embeddable":true,"href":"https:\/\/baubauwall.com\/et\/wp-json\/wp\/v2\/comments?post=15944"}],"wp:featuredmedia":[{"embeddable":true,"href":"https:\/\/baubauwall.com\/et\/wp-json\/wp\/v2\/media\/15921"}],"wp:attachment":[{"href":"https:\/\/baubauwall.com\/et\/wp-json\/wp\/v2\/media?parent=15944"}],"wp:term":[{"taxonomy":"product_brand","embeddable":true,"href":"https:\/\/baubauwall.com\/et\/wp-json\/wp\/v2\/product_brand?post=15944"},{"taxonomy":"product_cat","embeddable":true,"href":"https:\/\/baubauwall.com\/et\/wp-json\/wp\/v2\/product_cat?post=15944"},{"taxonomy":"product_tag","embeddable":true,"href":"https:\/\/baubauwall.com\/et\/wp-json\/wp\/v2\/product_tag?post=15944"}],"curies":[{"name":"wp","href":"https:\/\/api.w.org\/{rel}","templated":true}]}}