{"id":15971,"date":"2022-07-28T07:18:23","date_gmt":"2022-07-28T05:18:23","guid":{"rendered":"https:\/\/baubauwall.com\/product\/wall-mural-watercolor-vibes\/"},"modified":"2022-08-18T14:00:07","modified_gmt":"2022-08-18T12:00:07","slug":"pilttapeet-vesivarvide-vonked-varviline","status":"publish","type":"product","link":"https:\/\/baubauwall.com\/et\/toode\/pilttapeet-vesivarvide-vonked-varviline\/","title":{"rendered":"Vesiv\u00e4rvide v\u00f5nked &#8211; v\u00e4rviline"},"content":{"rendered":"<p>Julge ja oman\u00e4oline pilttapeet, mille disainis domineerivad vesiv\u00e4rvide abstraktsed kujundid. Kaasaegne, veidi dramaatiline disain, millest leiad iga kord uusi v\u00e4ikseid detaile. &#8220;Vesiv\u00e4rvide v\u00f5nked&#8221; tapeedidisain on valminud k\u00e4sit\u00f6\u00f6na meie tapeedidisainer Triinu k\u00e4e all. V\u00f5i siis \u00f5igemini &#8211; pintsli all! Paigalda see tapeet s\u00f6\u00f6gitoa, magamistoa v\u00f5i elutoa aktsentseinale ja vau-efekt on garanteeritud.<\/p>\n<p>Vesiv\u00e4rvidega maalitud pilttapeet on meil olemas <a href=\"https:\/\/baubauwall.com\/et\/toode\/pilttapeet-vesivarvide-vonked-varviline\/\" target=\"_blank\" rel=\"noopener\">v\u00e4rvilisena.<\/a> Nagu k\u00f5ik meie tapeedid, fototapeedid ja pilttapeedid, on ka see disain tr\u00fckitud hingavale, keskkonnas\u00f5bralike v\u00e4rvidega fliistapeedi materjalile. Loe lisaks j\u00e4\u00e4kidevabast ja innovaatilisest\u00a0<a href=\"https:\/\/baubauwall.com\/et\/keskkonnasobralikud-tapeedid\/\" target=\"_blank\" rel=\"noopener\">tapeeditootmisest siin.<\/a><\/p>\n<p>&nbsp;<\/p>\n","protected":false},"excerpt":{"rendered":"<p>s<\/p>\n","protected":false},"featured_media":15951,"comment_status":"open","ping_status":"closed","template":"","meta":{"_acf_changed":false,"inline_featured_image":false},"product_brand":[],"product_cat":[387,622,404,268,272,273,413,414,399,402,583],"product_tag":[320,448,345,381],"class_list":{"0":"post-15971","1":"product","2":"type-product","3":"status-publish","4":"has-post-thumbnail","6":"product_cat-pilttapeedid","7":"product_cat-julged-tapeedid","8":"product_cat-abstraktne","9":"product_cat-kirkad-tapeedid","10":"product_cat-hallid-tapeedid","11":"product_cat-heledad-tapeedid","12":"product_cat-magamistoa-tapeedid","13":"product_cat-soogitoa-tapeedid","14":"product_cat-kodukontori-tapeedid","15":"product_cat-elutoa-tapeedid","16":"product_cat-vesivarv","17":"product_tag-kasitoo","18":"product_tag-kunst-et","19":"product_tag-pilttapeet","20":"product_tag-vesivarv","21":"pa_designedby-baubauwall","23":"first","24":"instock","25":"taxable","26":"shipping-taxable","27":"purchasable","28":"product-type-simple"},"acf":[],"yoast_head":"<!-- This site is optimized with the Yoast SEO plugin v25.9 - https:\/\/yoast.com\/wordpress\/plugins\/seo\/ -->\n<title>Vesiv\u00e4rvidega maalitud disain pilttapeet. R\u00e4tsepat\u00f6\u00f6 tapeedid.<\/title>\n<meta name=\"description\" content=\"Julge, eriline tapeedivalik. Vesiv\u00e4rvidega illustreeritud pilttapeet magamistoa seinale v\u00f5i hea idee s\u00f6\u00f6gitoa seina. Keskkonnas\u00f5bralikud tapeedid.\" \/>\n<meta name=\"robots\" content=\"index, follow, max-snippet:-1, max-image-preview:large, max-video-preview:-1\" \/>\n<link rel=\"canonical\" href=\"https:\/\/baubauwall.com\/et\/toode\/pilttapeet-vesivarvide-vonked-varviline\/\" \/>\n<meta property=\"og:locale\" content=\"et_EE\" \/>\n<meta property=\"og:type\" content=\"article\" \/>\n<meta property=\"og:title\" content=\"Vesiv\u00e4rvidega maalitud disain pilttapeet. R\u00e4tsepat\u00f6\u00f6 tapeedid.\" \/>\n<meta property=\"og:description\" content=\"Julge, eriline tapeedivalik. Vesiv\u00e4rvidega illustreeritud pilttapeet magamistoa seinale v\u00f5i hea idee s\u00f6\u00f6gitoa seina. Keskkonnas\u00f5bralikud tapeedid.\" \/>\n<meta property=\"og:url\" content=\"https:\/\/baubauwall.com\/et\/toode\/pilttapeet-vesivarvide-vonked-varviline\/\" \/>\n<meta property=\"og:site_name\" content=\"BAUBAUWALL TAPEEDID\" \/>\n<meta property=\"article:publisher\" content=\"https:\/\/www.facebook.com\/Baubauwall\" \/>\n<meta property=\"article:modified_time\" content=\"2022-08-18T12:00:07+00:00\" \/>\n<meta property=\"og:image\" content=\"https:\/\/baubauwall.com\/wp-content\/uploads\/2022\/03\/51200098_WatercolourVibes-multicolored_Baubauwall_Wallmural_room1.jpg\" \/>\n\t<meta property=\"og:image:width\" content=\"1600\" \/>\n\t<meta property=\"og:image:height\" content=\"800\" \/>\n\t<meta property=\"og:image:type\" content=\"image\/jpeg\" \/>\n<meta name=\"twitter:card\" content=\"summary_large_image\" \/>\n<meta name=\"twitter:label1\" content=\"Est. reading time\" \/>\n\t<meta name=\"twitter:data1\" content=\"1 minut\" \/>\n<script type=\"application\/ld+json\" class=\"yoast-schema-graph\">{\"@context\":\"https:\/\/schema.org\",\"@graph\":[{\"@type\":\"WebPage\",\"@id\":\"https:\/\/baubauwall.com\/et\/toode\/pilttapeet-vesivarvide-vonked-varviline\/\",\"url\":\"https:\/\/baubauwall.com\/et\/toode\/pilttapeet-vesivarvide-vonked-varviline\/\",\"name\":\"Vesiv\u00e4rvidega maalitud disain pilttapeet. R\u00e4tsepat\u00f6\u00f6 tapeedid.\",\"isPartOf\":{\"@id\":\"https:\/\/baubauwall.com\/et\/#website\"},\"primaryImageOfPage\":{\"@id\":\"https:\/\/baubauwall.com\/et\/toode\/pilttapeet-vesivarvide-vonked-varviline\/#primaryimage\"},\"image\":{\"@id\":\"https:\/\/baubauwall.com\/et\/toode\/pilttapeet-vesivarvide-vonked-varviline\/#primaryimage\"},\"thumbnailUrl\":\"https:\/\/baubauwall.com\/wp-content\/uploads\/2022\/03\/51200098_WatercolourVibes-multicolored_Baubauwall_Wallmural_room1.jpg\",\"datePublished\":\"2022-07-28T05:18:23+00:00\",\"dateModified\":\"2022-08-18T12:00:07+00:00\",\"description\":\"Julge, eriline tapeedivalik. Vesiv\u00e4rvidega illustreeritud pilttapeet magamistoa seinale v\u00f5i hea idee s\u00f6\u00f6gitoa seina. Keskkonnas\u00f5bralikud tapeedid.\",\"breadcrumb\":{\"@id\":\"https:\/\/baubauwall.com\/et\/toode\/pilttapeet-vesivarvide-vonked-varviline\/#breadcrumb\"},\"inLanguage\":\"et\",\"potentialAction\":[{\"@type\":\"ReadAction\",\"target\":[\"https:\/\/baubauwall.com\/et\/toode\/pilttapeet-vesivarvide-vonked-varviline\/\"]}]},{\"@type\":\"ImageObject\",\"inLanguage\":\"et\",\"@id\":\"https:\/\/baubauwall.com\/et\/toode\/pilttapeet-vesivarvide-vonked-varviline\/#primaryimage\",\"url\":\"https:\/\/baubauwall.com\/wp-content\/uploads\/2022\/03\/51200098_WatercolourVibes-multicolored_Baubauwall_Wallmural_room1.jpg\",\"contentUrl\":\"https:\/\/baubauwall.com\/wp-content\/uploads\/2022\/03\/51200098_WatercolourVibes-multicolored_Baubauwall_Wallmural_room1.jpg\",\"width\":1600,\"height\":800},{\"@type\":\"BreadcrumbList\",\"@id\":\"https:\/\/baubauwall.com\/et\/toode\/pilttapeet-vesivarvide-vonked-varviline\/#breadcrumb\",\"itemListElement\":[{\"@type\":\"ListItem\",\"position\":1,\"name\":\"Koju\",\"item\":\"https:\/\/baubauwall.com\/et\/\"},{\"@type\":\"ListItem\",\"position\":2,\"name\":\"Tapeedid\",\"item\":\"https:\/\/baubauwall.com\/et\/tapeedid\/\"},{\"@type\":\"ListItem\",\"position\":3,\"name\":\"Vesiv\u00e4rvide v\u00f5nked &#8211; v\u00e4rviline\"}]},{\"@type\":\"WebSite\",\"@id\":\"https:\/\/baubauwall.com\/et\/#website\",\"url\":\"https:\/\/baubauwall.com\/et\/\",\"name\":\"BAUBAUWALL Wallpapers\",\"description\":\"Valmis paanides tapeet Eestist!\",\"publisher\":{\"@id\":\"https:\/\/baubauwall.com\/et\/#organization\"},\"potentialAction\":[{\"@type\":\"SearchAction\",\"target\":{\"@type\":\"EntryPoint\",\"urlTemplate\":\"https:\/\/baubauwall.com\/et\/?s={search_term_string}\"},\"query-input\":{\"@type\":\"PropertyValueSpecification\",\"valueRequired\":true,\"valueName\":\"search_term_string\"}}],\"inLanguage\":\"et\"},{\"@type\":\"Organization\",\"@id\":\"https:\/\/baubauwall.com\/et\/#organization\",\"name\":\"BAUBAUWALL Wallpapers\",\"url\":\"https:\/\/baubauwall.com\/et\/\",\"logo\":{\"@type\":\"ImageObject\",\"inLanguage\":\"et\",\"@id\":\"https:\/\/baubauwall.com\/et\/#\/schema\/logo\/image\/\",\"url\":\"https:\/\/baubauwall.com\/wp-content\/uploads\/2022\/03\/logo-horizontal.svg\",\"contentUrl\":\"https:\/\/baubauwall.com\/wp-content\/uploads\/2022\/03\/logo-horizontal.svg\",\"width\":\"1024\",\"height\":\"1024\",\"caption\":\"BAUBAUWALL Wallpapers\"},\"image\":{\"@id\":\"https:\/\/baubauwall.com\/et\/#\/schema\/logo\/image\/\"},\"sameAs\":[\"https:\/\/www.facebook.com\/Baubauwall\",\"https:\/\/www.instagram.com\/baubauwall\"]}]}<\/script>\n<!-- \/ Yoast SEO plugin. -->","yoast_head_json":{"title":"Vesiv\u00e4rvidega maalitud disain pilttapeet. R\u00e4tsepat\u00f6\u00f6 tapeedid.","description":"Julge, eriline tapeedivalik. Vesiv\u00e4rvidega illustreeritud pilttapeet magamistoa seinale v\u00f5i hea idee s\u00f6\u00f6gitoa seina. Keskkonnas\u00f5bralikud tapeedid.","robots":{"index":"index","follow":"follow","max-snippet":"max-snippet:-1","max-image-preview":"max-image-preview:large","max-video-preview":"max-video-preview:-1"},"canonical":"https:\/\/baubauwall.com\/et\/toode\/pilttapeet-vesivarvide-vonked-varviline\/","og_locale":"et_EE","og_type":"article","og_title":"Vesiv\u00e4rvidega maalitud disain pilttapeet. R\u00e4tsepat\u00f6\u00f6 tapeedid.","og_description":"Julge, eriline tapeedivalik. Vesiv\u00e4rvidega illustreeritud pilttapeet magamistoa seinale v\u00f5i hea idee s\u00f6\u00f6gitoa seina. Keskkonnas\u00f5bralikud tapeedid.","og_url":"https:\/\/baubauwall.com\/et\/toode\/pilttapeet-vesivarvide-vonked-varviline\/","og_site_name":"BAUBAUWALL TAPEEDID","article_publisher":"https:\/\/www.facebook.com\/Baubauwall","article_modified_time":"2022-08-18T12:00:07+00:00","og_image":[{"width":1600,"height":800,"url":"https:\/\/baubauwall.com\/wp-content\/uploads\/2022\/03\/51200098_WatercolourVibes-multicolored_Baubauwall_Wallmural_room1.jpg","type":"image\/jpeg"}],"twitter_card":"summary_large_image","twitter_misc":{"Est. reading time":"1 minut"},"schema":{"@context":"https:\/\/schema.org","@graph":[{"@type":"WebPage","@id":"https:\/\/baubauwall.com\/et\/toode\/pilttapeet-vesivarvide-vonked-varviline\/","url":"https:\/\/baubauwall.com\/et\/toode\/pilttapeet-vesivarvide-vonked-varviline\/","name":"Vesiv\u00e4rvidega maalitud disain pilttapeet. R\u00e4tsepat\u00f6\u00f6 tapeedid.","isPartOf":{"@id":"https:\/\/baubauwall.com\/et\/#website"},"primaryImageOfPage":{"@id":"https:\/\/baubauwall.com\/et\/toode\/pilttapeet-vesivarvide-vonked-varviline\/#primaryimage"},"image":{"@id":"https:\/\/baubauwall.com\/et\/toode\/pilttapeet-vesivarvide-vonked-varviline\/#primaryimage"},"thumbnailUrl":"https:\/\/baubauwall.com\/wp-content\/uploads\/2022\/03\/51200098_WatercolourVibes-multicolored_Baubauwall_Wallmural_room1.jpg","datePublished":"2022-07-28T05:18:23+00:00","dateModified":"2022-08-18T12:00:07+00:00","description":"Julge, eriline tapeedivalik. Vesiv\u00e4rvidega illustreeritud pilttapeet magamistoa seinale v\u00f5i hea idee s\u00f6\u00f6gitoa seina. Keskkonnas\u00f5bralikud tapeedid.","breadcrumb":{"@id":"https:\/\/baubauwall.com\/et\/toode\/pilttapeet-vesivarvide-vonked-varviline\/#breadcrumb"},"inLanguage":"et","potentialAction":[{"@type":"ReadAction","target":["https:\/\/baubauwall.com\/et\/toode\/pilttapeet-vesivarvide-vonked-varviline\/"]}]},{"@type":"ImageObject","inLanguage":"et","@id":"https:\/\/baubauwall.com\/et\/toode\/pilttapeet-vesivarvide-vonked-varviline\/#primaryimage","url":"https:\/\/baubauwall.com\/wp-content\/uploads\/2022\/03\/51200098_WatercolourVibes-multicolored_Baubauwall_Wallmural_room1.jpg","contentUrl":"https:\/\/baubauwall.com\/wp-content\/uploads\/2022\/03\/51200098_WatercolourVibes-multicolored_Baubauwall_Wallmural_room1.jpg","width":1600,"height":800},{"@type":"BreadcrumbList","@id":"https:\/\/baubauwall.com\/et\/toode\/pilttapeet-vesivarvide-vonked-varviline\/#breadcrumb","itemListElement":[{"@type":"ListItem","position":1,"name":"Koju","item":"https:\/\/baubauwall.com\/et\/"},{"@type":"ListItem","position":2,"name":"Tapeedid","item":"https:\/\/baubauwall.com\/et\/tapeedid\/"},{"@type":"ListItem","position":3,"name":"Vesiv\u00e4rvide v\u00f5nked &#8211; v\u00e4rviline"}]},{"@type":"WebSite","@id":"https:\/\/baubauwall.com\/et\/#website","url":"https:\/\/baubauwall.com\/et\/","name":"BAUBAUWALL Wallpapers","description":"Valmis paanides tapeet Eestist!","publisher":{"@id":"https:\/\/baubauwall.com\/et\/#organization"},"potentialAction":[{"@type":"SearchAction","target":{"@type":"EntryPoint","urlTemplate":"https:\/\/baubauwall.com\/et\/?s={search_term_string}"},"query-input":{"@type":"PropertyValueSpecification","valueRequired":true,"valueName":"search_term_string"}}],"inLanguage":"et"},{"@type":"Organization","@id":"https:\/\/baubauwall.com\/et\/#organization","name":"BAUBAUWALL Wallpapers","url":"https:\/\/baubauwall.com\/et\/","logo":{"@type":"ImageObject","inLanguage":"et","@id":"https:\/\/baubauwall.com\/et\/#\/schema\/logo\/image\/","url":"https:\/\/baubauwall.com\/wp-content\/uploads\/2022\/03\/logo-horizontal.svg","contentUrl":"https:\/\/baubauwall.com\/wp-content\/uploads\/2022\/03\/logo-horizontal.svg","width":"1024","height":"1024","caption":"BAUBAUWALL Wallpapers"},"image":{"@id":"https:\/\/baubauwall.com\/et\/#\/schema\/logo\/image\/"},"sameAs":["https:\/\/www.facebook.com\/Baubauwall","https:\/\/www.instagram.com\/baubauwall"]}]}},"jetpack_sharing_enabled":true,"_links":{"self":[{"href":"https:\/\/baubauwall.com\/et\/wp-json\/wp\/v2\/product\/15971","targetHints":{"allow":["GET"]}}],"collection":[{"href":"https:\/\/baubauwall.com\/et\/wp-json\/wp\/v2\/product"}],"about":[{"href":"https:\/\/baubauwall.com\/et\/wp-json\/wp\/v2\/types\/product"}],"replies":[{"embeddable":true,"href":"https:\/\/baubauwall.com\/et\/wp-json\/wp\/v2\/comments?post=15971"}],"wp:featuredmedia":[{"embeddable":true,"href":"https:\/\/baubauwall.com\/et\/wp-json\/wp\/v2\/media\/15951"}],"wp:attachment":[{"href":"https:\/\/baubauwall.com\/et\/wp-json\/wp\/v2\/media?parent=15971"}],"wp:term":[{"taxonomy":"product_brand","embeddable":true,"href":"https:\/\/baubauwall.com\/et\/wp-json\/wp\/v2\/product_brand?post=15971"},{"taxonomy":"product_cat","embeddable":true,"href":"https:\/\/baubauwall.com\/et\/wp-json\/wp\/v2\/product_cat?post=15971"},{"taxonomy":"product_tag","embeddable":true,"href":"https:\/\/baubauwall.com\/et\/wp-json\/wp\/v2\/product_tag?post=15971"}],"curies":[{"name":"wp","href":"https:\/\/api.w.org\/{rel}","templated":true}]}}