{"id":16233,"date":"2022-08-03T07:18:24","date_gmt":"2022-08-03T05:18:24","guid":{"rendered":"https:\/\/baubauwall.com\/product\/wall-mural-world-map-animals-grey\/"},"modified":"2022-08-16T15:59:05","modified_gmt":"2022-08-16T13:59:05","slug":"pilttapeet-maakaart-loomadega-hall","status":"publish","type":"product","link":"https:\/\/baubauwall.com\/et\/toode\/pilttapeet-maakaart-loomadega-hall\/","title":{"rendered":"Maakaart loomadega &#8211; helehall"},"content":{"rendered":"<p>Avasta meie maakera imelised loomad selle pilttapeedi abil. Detailne ja hoolikalt illustreeritud maakaardilt leiad eri kontinentidelt neile iseloomulikud loomad.\u00a0<em>Vintage-<\/em>h\u00f5ngulisel struktuursel helehallil maakaardil seiklevad p\u00fchvlid, kotkad, sebrad, kilpkonnad, karud, p\u00f5drad ja isegi kaheksajalg. Kas k\u00e4ngurud elavad ainult Austraalias? V\u00f5i tiigrid Indias? See pilttapeet annab vastused! Maitsekas ja \u00fchtlasi hariv pilttapeet on hea valik lapse toa aktsenseinaks.<\/p>\n<p>Nagu k\u00f5ik meie tapeedid, fototapeedid ja pilttapeedid, on ka see disain tr\u00fckitud hingavale, keskkonnas\u00f5bralike v\u00e4rvidega fliistapeedi materjalile. Loe lisaks j\u00e4\u00e4kidevabast ja innovaatilisest tapeeditootmisest <a href=\"https:\/\/baubauwall.com\/et\/keskkonnasobralikud-tapeedid\/\" target=\"_blank\" rel=\"noopener\">siin<\/a>. Mida silmas pidada lastetoa tapeedi valikul, loe l\u00e4hemalt <a href=\"https:\/\/baubauwall.com\/et\/uudised\/kodu-koige-lustlikum-tuba\/\" target=\"_blank\" rel=\"noopener\">Baubau ajakirjast.<\/a><\/p>\n","protected":false},"excerpt":{"rendered":"<p>Avasta meie maakera imelised loomad selle pilttapeedi abil. Detailne ja hoolikalt illustreeritud maakaardilt leiad eri kontinentidelt neile iseloomulikud loomad.\u00a0Vintage-h\u00f5ngulisel struktuursel helehallil maakaardil seiklevad p\u00fchvlid, kotkad, sebrad, kilpkonnad, karud, p\u00f5drad ja isegi kaheksajalg. Kas k\u00e4ngurud elavad ainult Austraalias? V\u00f5i tiigrid Indias? See pilttapeet annab vastused! Maitsekas ja \u00fchtlasi hariv pilttapeet on hea valik lapse toa aktsenseinaks. [&hellip;]<\/p>\n","protected":false},"featured_media":16207,"comment_status":"open","ping_status":"closed","template":"","meta":{"_acf_changed":false,"inline_featured_image":false},"product_brand":[],"product_cat":[387,406,388,272,273,413,400,399,245,254,255],"product_tag":[345],"class_list":{"0":"post-16233","1":"product","2":"type-product","3":"status-publish","4":"has-post-thumbnail","6":"product_cat-pilttapeedid","7":"product_cat-klassika","8":"product_cat-vintage-et","9":"product_cat-hallid-tapeedid","10":"product_cat-heledad-tapeedid","11":"product_cat-magamistoa-tapeedid","12":"product_cat-lastetoa-tapeedid","13":"product_cat-kodukontori-tapeedid","14":"product_cat-maastik","15":"product_cat-loodus","16":"product_cat-loomad","17":"product_tag-pilttapeet","18":"pa_designedby-baubauwall","20":"first","21":"instock","22":"taxable","23":"shipping-taxable","24":"purchasable","25":"product-type-simple"},"acf":[],"yoast_head":"<!-- This site is optimized with the Yoast SEO plugin v25.9 - https:\/\/yoast.com\/wordpress\/plugins\/seo\/ -->\n<title>Hall pilttapeet - loomadega maakaart. Lastetoa aktsentseina tapeet<\/title>\n<meta name=\"description\" content=\"Aktsentseina tapeet maailma loomadega. Maakaart pilttapeet lastetuppa. Sebrad, elevandid, karud, p\u00f5drad, tiigrid - kus nad elavad?\" \/>\n<meta name=\"robots\" content=\"index, follow, max-snippet:-1, max-image-preview:large, max-video-preview:-1\" \/>\n<link rel=\"canonical\" href=\"https:\/\/baubauwall.com\/et\/toode\/pilttapeet-maakaart-loomadega-hall\/\" \/>\n<meta property=\"og:locale\" content=\"et_EE\" \/>\n<meta property=\"og:type\" content=\"article\" \/>\n<meta property=\"og:title\" content=\"Hall pilttapeet - loomadega maakaart. Lastetoa aktsentseina tapeet\" \/>\n<meta property=\"og:description\" content=\"Aktsentseina tapeet maailma loomadega. Maakaart pilttapeet lastetuppa. Sebrad, elevandid, karud, p\u00f5drad, tiigrid - kus nad elavad?\" \/>\n<meta property=\"og:url\" content=\"https:\/\/baubauwall.com\/et\/toode\/pilttapeet-maakaart-loomadega-hall\/\" \/>\n<meta property=\"og:site_name\" content=\"BAUBAUWALL TAPEEDID\" \/>\n<meta property=\"article:publisher\" content=\"https:\/\/www.facebook.com\/Baubauwall\" \/>\n<meta property=\"article:modified_time\" content=\"2022-08-16T13:59:05+00:00\" \/>\n<meta property=\"og:image\" content=\"https:\/\/baubauwall.com\/wp-content\/uploads\/2022\/03\/51200101_WorldMapAnimalsSafari-lightgrey_Baubauwall_Wallmural_room03.jpg\" \/>\n\t<meta property=\"og:image:width\" content=\"2000\" \/>\n\t<meta property=\"og:image:height\" content=\"800\" \/>\n\t<meta property=\"og:image:type\" content=\"image\/jpeg\" \/>\n<meta name=\"twitter:card\" content=\"summary_large_image\" \/>\n<meta name=\"twitter:label1\" content=\"Est. reading time\" \/>\n\t<meta name=\"twitter:data1\" content=\"1 minut\" \/>\n<script type=\"application\/ld+json\" class=\"yoast-schema-graph\">{\"@context\":\"https:\/\/schema.org\",\"@graph\":[{\"@type\":\"WebPage\",\"@id\":\"https:\/\/baubauwall.com\/et\/toode\/pilttapeet-maakaart-loomadega-hall\/\",\"url\":\"https:\/\/baubauwall.com\/et\/toode\/pilttapeet-maakaart-loomadega-hall\/\",\"name\":\"Hall pilttapeet - loomadega maakaart. Lastetoa aktsentseina tapeet\",\"isPartOf\":{\"@id\":\"https:\/\/baubauwall.com\/et\/#website\"},\"primaryImageOfPage\":{\"@id\":\"https:\/\/baubauwall.com\/et\/toode\/pilttapeet-maakaart-loomadega-hall\/#primaryimage\"},\"image\":{\"@id\":\"https:\/\/baubauwall.com\/et\/toode\/pilttapeet-maakaart-loomadega-hall\/#primaryimage\"},\"thumbnailUrl\":\"https:\/\/baubauwall.com\/wp-content\/uploads\/2022\/03\/51200101_WorldMapAnimalsSafari-lightgrey_Baubauwall_Wallmural_room03.jpg\",\"datePublished\":\"2022-08-03T05:18:24+00:00\",\"dateModified\":\"2022-08-16T13:59:05+00:00\",\"description\":\"Aktsentseina tapeet maailma loomadega. Maakaart pilttapeet lastetuppa. Sebrad, elevandid, karud, p\u00f5drad, tiigrid - kus nad elavad?\",\"breadcrumb\":{\"@id\":\"https:\/\/baubauwall.com\/et\/toode\/pilttapeet-maakaart-loomadega-hall\/#breadcrumb\"},\"inLanguage\":\"et\",\"potentialAction\":[{\"@type\":\"ReadAction\",\"target\":[\"https:\/\/baubauwall.com\/et\/toode\/pilttapeet-maakaart-loomadega-hall\/\"]}]},{\"@type\":\"ImageObject\",\"inLanguage\":\"et\",\"@id\":\"https:\/\/baubauwall.com\/et\/toode\/pilttapeet-maakaart-loomadega-hall\/#primaryimage\",\"url\":\"https:\/\/baubauwall.com\/wp-content\/uploads\/2022\/03\/51200101_WorldMapAnimalsSafari-lightgrey_Baubauwall_Wallmural_room03.jpg\",\"contentUrl\":\"https:\/\/baubauwall.com\/wp-content\/uploads\/2022\/03\/51200101_WorldMapAnimalsSafari-lightgrey_Baubauwall_Wallmural_room03.jpg\",\"width\":2000,\"height\":800},{\"@type\":\"BreadcrumbList\",\"@id\":\"https:\/\/baubauwall.com\/et\/toode\/pilttapeet-maakaart-loomadega-hall\/#breadcrumb\",\"itemListElement\":[{\"@type\":\"ListItem\",\"position\":1,\"name\":\"Koju\",\"item\":\"https:\/\/baubauwall.com\/et\/\"},{\"@type\":\"ListItem\",\"position\":2,\"name\":\"Tapeedid\",\"item\":\"https:\/\/baubauwall.com\/et\/tapeedid\/\"},{\"@type\":\"ListItem\",\"position\":3,\"name\":\"Maakaart loomadega &#8211; helehall\"}]},{\"@type\":\"WebSite\",\"@id\":\"https:\/\/baubauwall.com\/et\/#website\",\"url\":\"https:\/\/baubauwall.com\/et\/\",\"name\":\"BAUBAUWALL Wallpapers\",\"description\":\"Valmis paanides tapeet Eestist!\",\"publisher\":{\"@id\":\"https:\/\/baubauwall.com\/et\/#organization\"},\"potentialAction\":[{\"@type\":\"SearchAction\",\"target\":{\"@type\":\"EntryPoint\",\"urlTemplate\":\"https:\/\/baubauwall.com\/et\/?s={search_term_string}\"},\"query-input\":{\"@type\":\"PropertyValueSpecification\",\"valueRequired\":true,\"valueName\":\"search_term_string\"}}],\"inLanguage\":\"et\"},{\"@type\":\"Organization\",\"@id\":\"https:\/\/baubauwall.com\/et\/#organization\",\"name\":\"BAUBAUWALL Wallpapers\",\"url\":\"https:\/\/baubauwall.com\/et\/\",\"logo\":{\"@type\":\"ImageObject\",\"inLanguage\":\"et\",\"@id\":\"https:\/\/baubauwall.com\/et\/#\/schema\/logo\/image\/\",\"url\":\"https:\/\/baubauwall.com\/wp-content\/uploads\/2022\/03\/logo-horizontal.svg\",\"contentUrl\":\"https:\/\/baubauwall.com\/wp-content\/uploads\/2022\/03\/logo-horizontal.svg\",\"width\":\"1024\",\"height\":\"1024\",\"caption\":\"BAUBAUWALL Wallpapers\"},\"image\":{\"@id\":\"https:\/\/baubauwall.com\/et\/#\/schema\/logo\/image\/\"},\"sameAs\":[\"https:\/\/www.facebook.com\/Baubauwall\",\"https:\/\/www.instagram.com\/baubauwall\"]}]}<\/script>\n<!-- \/ Yoast SEO plugin. -->","yoast_head_json":{"title":"Hall pilttapeet - loomadega maakaart. Lastetoa aktsentseina tapeet","description":"Aktsentseina tapeet maailma loomadega. Maakaart pilttapeet lastetuppa. Sebrad, elevandid, karud, p\u00f5drad, tiigrid - kus nad elavad?","robots":{"index":"index","follow":"follow","max-snippet":"max-snippet:-1","max-image-preview":"max-image-preview:large","max-video-preview":"max-video-preview:-1"},"canonical":"https:\/\/baubauwall.com\/et\/toode\/pilttapeet-maakaart-loomadega-hall\/","og_locale":"et_EE","og_type":"article","og_title":"Hall pilttapeet - loomadega maakaart. Lastetoa aktsentseina tapeet","og_description":"Aktsentseina tapeet maailma loomadega. Maakaart pilttapeet lastetuppa. Sebrad, elevandid, karud, p\u00f5drad, tiigrid - kus nad elavad?","og_url":"https:\/\/baubauwall.com\/et\/toode\/pilttapeet-maakaart-loomadega-hall\/","og_site_name":"BAUBAUWALL TAPEEDID","article_publisher":"https:\/\/www.facebook.com\/Baubauwall","article_modified_time":"2022-08-16T13:59:05+00:00","og_image":[{"width":2000,"height":800,"url":"https:\/\/baubauwall.com\/wp-content\/uploads\/2022\/03\/51200101_WorldMapAnimalsSafari-lightgrey_Baubauwall_Wallmural_room03.jpg","type":"image\/jpeg"}],"twitter_card":"summary_large_image","twitter_misc":{"Est. reading time":"1 minut"},"schema":{"@context":"https:\/\/schema.org","@graph":[{"@type":"WebPage","@id":"https:\/\/baubauwall.com\/et\/toode\/pilttapeet-maakaart-loomadega-hall\/","url":"https:\/\/baubauwall.com\/et\/toode\/pilttapeet-maakaart-loomadega-hall\/","name":"Hall pilttapeet - loomadega maakaart. Lastetoa aktsentseina tapeet","isPartOf":{"@id":"https:\/\/baubauwall.com\/et\/#website"},"primaryImageOfPage":{"@id":"https:\/\/baubauwall.com\/et\/toode\/pilttapeet-maakaart-loomadega-hall\/#primaryimage"},"image":{"@id":"https:\/\/baubauwall.com\/et\/toode\/pilttapeet-maakaart-loomadega-hall\/#primaryimage"},"thumbnailUrl":"https:\/\/baubauwall.com\/wp-content\/uploads\/2022\/03\/51200101_WorldMapAnimalsSafari-lightgrey_Baubauwall_Wallmural_room03.jpg","datePublished":"2022-08-03T05:18:24+00:00","dateModified":"2022-08-16T13:59:05+00:00","description":"Aktsentseina tapeet maailma loomadega. Maakaart pilttapeet lastetuppa. Sebrad, elevandid, karud, p\u00f5drad, tiigrid - kus nad elavad?","breadcrumb":{"@id":"https:\/\/baubauwall.com\/et\/toode\/pilttapeet-maakaart-loomadega-hall\/#breadcrumb"},"inLanguage":"et","potentialAction":[{"@type":"ReadAction","target":["https:\/\/baubauwall.com\/et\/toode\/pilttapeet-maakaart-loomadega-hall\/"]}]},{"@type":"ImageObject","inLanguage":"et","@id":"https:\/\/baubauwall.com\/et\/toode\/pilttapeet-maakaart-loomadega-hall\/#primaryimage","url":"https:\/\/baubauwall.com\/wp-content\/uploads\/2022\/03\/51200101_WorldMapAnimalsSafari-lightgrey_Baubauwall_Wallmural_room03.jpg","contentUrl":"https:\/\/baubauwall.com\/wp-content\/uploads\/2022\/03\/51200101_WorldMapAnimalsSafari-lightgrey_Baubauwall_Wallmural_room03.jpg","width":2000,"height":800},{"@type":"BreadcrumbList","@id":"https:\/\/baubauwall.com\/et\/toode\/pilttapeet-maakaart-loomadega-hall\/#breadcrumb","itemListElement":[{"@type":"ListItem","position":1,"name":"Koju","item":"https:\/\/baubauwall.com\/et\/"},{"@type":"ListItem","position":2,"name":"Tapeedid","item":"https:\/\/baubauwall.com\/et\/tapeedid\/"},{"@type":"ListItem","position":3,"name":"Maakaart loomadega &#8211; helehall"}]},{"@type":"WebSite","@id":"https:\/\/baubauwall.com\/et\/#website","url":"https:\/\/baubauwall.com\/et\/","name":"BAUBAUWALL Wallpapers","description":"Valmis paanides tapeet Eestist!","publisher":{"@id":"https:\/\/baubauwall.com\/et\/#organization"},"potentialAction":[{"@type":"SearchAction","target":{"@type":"EntryPoint","urlTemplate":"https:\/\/baubauwall.com\/et\/?s={search_term_string}"},"query-input":{"@type":"PropertyValueSpecification","valueRequired":true,"valueName":"search_term_string"}}],"inLanguage":"et"},{"@type":"Organization","@id":"https:\/\/baubauwall.com\/et\/#organization","name":"BAUBAUWALL Wallpapers","url":"https:\/\/baubauwall.com\/et\/","logo":{"@type":"ImageObject","inLanguage":"et","@id":"https:\/\/baubauwall.com\/et\/#\/schema\/logo\/image\/","url":"https:\/\/baubauwall.com\/wp-content\/uploads\/2022\/03\/logo-horizontal.svg","contentUrl":"https:\/\/baubauwall.com\/wp-content\/uploads\/2022\/03\/logo-horizontal.svg","width":"1024","height":"1024","caption":"BAUBAUWALL Wallpapers"},"image":{"@id":"https:\/\/baubauwall.com\/et\/#\/schema\/logo\/image\/"},"sameAs":["https:\/\/www.facebook.com\/Baubauwall","https:\/\/www.instagram.com\/baubauwall"]}]}},"jetpack_sharing_enabled":true,"_links":{"self":[{"href":"https:\/\/baubauwall.com\/et\/wp-json\/wp\/v2\/product\/16233","targetHints":{"allow":["GET"]}}],"collection":[{"href":"https:\/\/baubauwall.com\/et\/wp-json\/wp\/v2\/product"}],"about":[{"href":"https:\/\/baubauwall.com\/et\/wp-json\/wp\/v2\/types\/product"}],"replies":[{"embeddable":true,"href":"https:\/\/baubauwall.com\/et\/wp-json\/wp\/v2\/comments?post=16233"}],"wp:featuredmedia":[{"embeddable":true,"href":"https:\/\/baubauwall.com\/et\/wp-json\/wp\/v2\/media\/16207"}],"wp:attachment":[{"href":"https:\/\/baubauwall.com\/et\/wp-json\/wp\/v2\/media?parent=16233"}],"wp:term":[{"taxonomy":"product_brand","embeddable":true,"href":"https:\/\/baubauwall.com\/et\/wp-json\/wp\/v2\/product_brand?post=16233"},{"taxonomy":"product_cat","embeddable":true,"href":"https:\/\/baubauwall.com\/et\/wp-json\/wp\/v2\/product_cat?post=16233"},{"taxonomy":"product_tag","embeddable":true,"href":"https:\/\/baubauwall.com\/et\/wp-json\/wp\/v2\/product_tag?post=16233"}],"curies":[{"name":"wp","href":"https:\/\/api.w.org\/{rel}","templated":true}]}}