{"id":16263,"date":"2022-03-29T15:15:18","date_gmt":"2022-03-29T13:15:18","guid":{"rendered":"https:\/\/baubauwall.com\/product\/photowallpaper-mountain-sunrise\/"},"modified":"2025-11-03T19:34:39","modified_gmt":"2025-11-03T17:34:39","slug":"fototapeet-paikesetous-magedes","status":"publish","type":"product","link":"https:\/\/baubauwall.com\/et\/toode\/fototapeet-paikesetous-magedes\/","title":{"rendered":"Fototapeet p\u00e4ikeset\u00f5us m\u00e4gedes"},"content":{"rendered":"<p data-start=\"0\" data-end=\"54\">Fototapeet P\u00e4ikeset\u00f5us m\u00e4gedes \u2013 sulnis algus igale p\u00e4evale! See fototapeet toob tuppa hetkeks vaikuse ja ilu, mis avaneb m\u00e4etipus varahommikul. Tapeedil avaneb Sinu ees sulnis vaade udustesse orgudesse, mida puudutab esimesena soe valgus. Justkui aeg peatuks \u2013 see fototapeet on nagu hinget\u00f5mme enne uut p\u00e4eva.\u00a0Sobib ideaalselt magamistuppa v\u00f5i elutuppa \u2013 sinna, kus vajad natuke vaikust ja valgust.<\/p>\n<p><strong>Miks osta fototapeet siit? Tapeetimine pole kunagi nii lihtne olnud!<\/strong><\/p>\n<ul>\n<li>Nummerdatud tapeedipaanid<\/li>\n<li>Just nii pikad paanid, kui on Sinu sein<\/li>\n<li>Premium, matt fliistapeedi materjal<\/li>\n<li>M\u00fcrgivabad tr\u00fckiv\u00e4rvid, Greenguard sertifitseeritud<\/li>\n<li>Keskkonnas\u00f5bralik, j\u00e4\u00e4tmevaba tapeetimine<\/li>\n<li>Tasuta tapeediliim<\/li>\n<li>Tasuta transport ja kiire tarne 5 t\u00f6\u00f6p\u00e4evaga<\/li>\n<\/ul>\n<p>Loe l\u00e4hemalt nutikatest, eritellimust\u00f6\u00f6na valmivatest tapeetidest\u00a0<a href=\"https:\/\/baubauwall.com\/et\/keskkonnasobralikud-tapeedid\/\">siit.<\/a><\/p>\n","protected":false},"excerpt":{"rendered":"<p>Fototapeet P\u00e4ikeset\u00f5us m\u00e4gedes \u2013 sulnis algus igale p\u00e4evale! See fototapeet toob tuppa hetkeks vaikuse ja ilu, mis avaneb m\u00e4etipus varahommikul. Tapeedil avaneb Sinu ees sulnis vaade udustesse orgudesse, mida puudutab esimesena soe valgus. Justkui aeg peatuks \u2013 see fototapeet on nagu hinget\u00f5mme enne uut p\u00e4eva.\u00a0Sobib ideaalselt magamistuppa v\u00f5i elutuppa \u2013 sinna, kus vajad natuke vaikust [&hellip;]<\/p>\n","protected":false},"featured_media":16240,"comment_status":"open","ping_status":"closed","template":"","meta":{"_acf_changed":false,"inline_featured_image":false},"product_brand":[],"product_cat":[433,395,411,413,415,399,465,245,251,254],"product_tag":[486,454],"class_list":{"0":"post-16263","1":"product","2":"type-product","3":"status-publish","4":"has-post-thumbnail","6":"product_cat-fototapeedid","7":"product_cat-romantiline","8":"product_cat-kollased-tapeedid","9":"product_cat-magamistoa-tapeedid","10":"product_cat-kulalistetoa-tapeedid","11":"product_cat-kodukontori-tapeedid","12":"product_cat-taevas-ja-pilved","13":"product_cat-maastik","14":"product_cat-maed","15":"product_cat-loodus","16":"product_tag-fotograafia-et","17":"product_tag-fototapeet-et","19":"first","20":"instock","21":"taxable","22":"shipping-taxable","23":"purchasable","24":"product-type-simple"},"acf":[],"yoast_head":"<!-- This site is optimized with the Yoast SEO plugin v25.9 - https:\/\/yoast.com\/wordpress\/plugins\/seo\/ -->\n<title>Fototapeet. Sulnis p\u00e4ikeset\u00f5us m\u00e4gedes oma tapeedil.<\/title>\n<meta name=\"description\" content=\"Fototapeet p\u00e4ikeset\u00f5us - sulnis vaade kodus iga p\u00e4ev! See tapeet p\u00e4ikeset\u00f5usuga sobib magamistoa seinale v\u00f5i kodukontorisse.\" \/>\n<meta name=\"robots\" content=\"index, follow, max-snippet:-1, max-image-preview:large, max-video-preview:-1\" \/>\n<link rel=\"canonical\" href=\"https:\/\/baubauwall.com\/et\/toode\/fototapeet-paikesetous-magedes\/\" \/>\n<meta property=\"og:locale\" content=\"et_EE\" \/>\n<meta property=\"og:type\" content=\"article\" \/>\n<meta property=\"og:title\" content=\"BAUBAUWALL TAPEEDID\" \/>\n<meta property=\"og:description\" content=\"Fototapeet p\u00e4ikeset\u00f5us - sulnis vaade kodus iga p\u00e4ev! See tapeet p\u00e4ikeset\u00f5usuga sobib magamistoa seinale v\u00f5i kodukontorisse.\" \/>\n<meta property=\"og:url\" content=\"https:\/\/baubauwall.com\/et\/toode\/fototapeet-paikesetous-magedes\/\" \/>\n<meta property=\"og:site_name\" content=\"BAUBAUWALL TAPEEDID\" \/>\n<meta property=\"article:publisher\" content=\"https:\/\/www.facebook.com\/Baubauwall\" \/>\n<meta property=\"article:modified_time\" content=\"2025-11-03T17:34:39+00:00\" \/>\n<meta property=\"og:image\" content=\"https:\/\/baubauwall.com\/wp-content\/uploads\/2022\/03\/51300009_MountainSunrise_Baubauwall_Photowallpaper_room2-5.jpg\" \/>\n\t<meta property=\"og:image:width\" content=\"907\" \/>\n\t<meta property=\"og:image:height\" content=\"800\" \/>\n\t<meta property=\"og:image:type\" content=\"image\/jpeg\" \/>\n<meta name=\"twitter:card\" content=\"summary_large_image\" \/>\n<meta name=\"twitter:label1\" content=\"Est. reading time\" \/>\n\t<meta name=\"twitter:data1\" content=\"1 minut\" \/>\n<script type=\"application\/ld+json\" class=\"yoast-schema-graph\">{\"@context\":\"https:\/\/schema.org\",\"@graph\":[{\"@type\":\"WebPage\",\"@id\":\"https:\/\/baubauwall.com\/et\/toode\/fototapeet-paikesetous-magedes\/\",\"url\":\"https:\/\/baubauwall.com\/et\/toode\/fototapeet-paikesetous-magedes\/\",\"name\":\"Fototapeet. Sulnis p\u00e4ikeset\u00f5us m\u00e4gedes oma tapeedil.\",\"isPartOf\":{\"@id\":\"https:\/\/baubauwall.com\/et\/#website\"},\"primaryImageOfPage\":{\"@id\":\"https:\/\/baubauwall.com\/et\/toode\/fototapeet-paikesetous-magedes\/#primaryimage\"},\"image\":{\"@id\":\"https:\/\/baubauwall.com\/et\/toode\/fototapeet-paikesetous-magedes\/#primaryimage\"},\"thumbnailUrl\":\"https:\/\/baubauwall.com\/wp-content\/uploads\/2022\/03\/51300009_MountainSunrise_Baubauwall_Photowallpaper_room2-2.jpg\",\"datePublished\":\"2022-03-29T13:15:18+00:00\",\"dateModified\":\"2025-11-03T17:34:39+00:00\",\"description\":\"Fototapeet p\u00e4ikeset\u00f5us - sulnis vaade kodus iga p\u00e4ev! See tapeet p\u00e4ikeset\u00f5usuga sobib magamistoa seinale v\u00f5i kodukontorisse.\",\"breadcrumb\":{\"@id\":\"https:\/\/baubauwall.com\/et\/toode\/fototapeet-paikesetous-magedes\/#breadcrumb\"},\"inLanguage\":\"et\",\"potentialAction\":[{\"@type\":\"ReadAction\",\"target\":[\"https:\/\/baubauwall.com\/et\/toode\/fototapeet-paikesetous-magedes\/\"]}]},{\"@type\":\"ImageObject\",\"inLanguage\":\"et\",\"@id\":\"https:\/\/baubauwall.com\/et\/toode\/fototapeet-paikesetous-magedes\/#primaryimage\",\"url\":\"https:\/\/baubauwall.com\/wp-content\/uploads\/2022\/03\/51300009_MountainSunrise_Baubauwall_Photowallpaper_room2-2.jpg\",\"contentUrl\":\"https:\/\/baubauwall.com\/wp-content\/uploads\/2022\/03\/51300009_MountainSunrise_Baubauwall_Photowallpaper_room2-2.jpg\",\"width\":800,\"height\":800,\"caption\":\"Fototapeet p\u00e4ikeset\u00f5us. Tapeet on sobitatud kodukontori heleda m\u00f6\u00f6bliga. Baubauwall tapeedid\"},{\"@type\":\"BreadcrumbList\",\"@id\":\"https:\/\/baubauwall.com\/et\/toode\/fototapeet-paikesetous-magedes\/#breadcrumb\",\"itemListElement\":[{\"@type\":\"ListItem\",\"position\":1,\"name\":\"Koju\",\"item\":\"https:\/\/baubauwall.com\/et\/\"},{\"@type\":\"ListItem\",\"position\":2,\"name\":\"Tapeedid\",\"item\":\"https:\/\/baubauwall.com\/et\/tapeedid\/\"},{\"@type\":\"ListItem\",\"position\":3,\"name\":\"Fototapeet p\u00e4ikeset\u00f5us m\u00e4gedes\"}]},{\"@type\":\"WebSite\",\"@id\":\"https:\/\/baubauwall.com\/et\/#website\",\"url\":\"https:\/\/baubauwall.com\/et\/\",\"name\":\"BAUBAUWALL Wallpapers\",\"description\":\"Valmis paanides tapeet Eestist!\",\"publisher\":{\"@id\":\"https:\/\/baubauwall.com\/et\/#organization\"},\"potentialAction\":[{\"@type\":\"SearchAction\",\"target\":{\"@type\":\"EntryPoint\",\"urlTemplate\":\"https:\/\/baubauwall.com\/et\/?s={search_term_string}\"},\"query-input\":{\"@type\":\"PropertyValueSpecification\",\"valueRequired\":true,\"valueName\":\"search_term_string\"}}],\"inLanguage\":\"et\"},{\"@type\":\"Organization\",\"@id\":\"https:\/\/baubauwall.com\/et\/#organization\",\"name\":\"BAUBAUWALL Wallpapers\",\"url\":\"https:\/\/baubauwall.com\/et\/\",\"logo\":{\"@type\":\"ImageObject\",\"inLanguage\":\"et\",\"@id\":\"https:\/\/baubauwall.com\/et\/#\/schema\/logo\/image\/\",\"url\":\"https:\/\/baubauwall.com\/wp-content\/uploads\/2022\/03\/logo-horizontal.svg\",\"contentUrl\":\"https:\/\/baubauwall.com\/wp-content\/uploads\/2022\/03\/logo-horizontal.svg\",\"width\":\"1024\",\"height\":\"1024\",\"caption\":\"BAUBAUWALL Wallpapers\"},\"image\":{\"@id\":\"https:\/\/baubauwall.com\/et\/#\/schema\/logo\/image\/\"},\"sameAs\":[\"https:\/\/www.facebook.com\/Baubauwall\",\"https:\/\/www.instagram.com\/baubauwall\"]}]}<\/script>\n<!-- \/ Yoast SEO plugin. -->","yoast_head_json":{"title":"Fototapeet. Sulnis p\u00e4ikeset\u00f5us m\u00e4gedes oma tapeedil.","description":"Fototapeet p\u00e4ikeset\u00f5us - sulnis vaade kodus iga p\u00e4ev! See tapeet p\u00e4ikeset\u00f5usuga sobib magamistoa seinale v\u00f5i kodukontorisse.","robots":{"index":"index","follow":"follow","max-snippet":"max-snippet:-1","max-image-preview":"max-image-preview:large","max-video-preview":"max-video-preview:-1"},"canonical":"https:\/\/baubauwall.com\/et\/toode\/fototapeet-paikesetous-magedes\/","og_locale":"et_EE","og_type":"article","og_title":"BAUBAUWALL TAPEEDID","og_description":"Fototapeet p\u00e4ikeset\u00f5us - sulnis vaade kodus iga p\u00e4ev! See tapeet p\u00e4ikeset\u00f5usuga sobib magamistoa seinale v\u00f5i kodukontorisse.","og_url":"https:\/\/baubauwall.com\/et\/toode\/fototapeet-paikesetous-magedes\/","og_site_name":"BAUBAUWALL TAPEEDID","article_publisher":"https:\/\/www.facebook.com\/Baubauwall","article_modified_time":"2025-11-03T17:34:39+00:00","og_image":[{"width":907,"height":800,"url":"https:\/\/baubauwall.com\/wp-content\/uploads\/2022\/03\/51300009_MountainSunrise_Baubauwall_Photowallpaper_room2-5.jpg","type":"image\/jpeg"}],"twitter_card":"summary_large_image","twitter_misc":{"Est. reading time":"1 minut"},"schema":{"@context":"https:\/\/schema.org","@graph":[{"@type":"WebPage","@id":"https:\/\/baubauwall.com\/et\/toode\/fototapeet-paikesetous-magedes\/","url":"https:\/\/baubauwall.com\/et\/toode\/fototapeet-paikesetous-magedes\/","name":"Fototapeet. Sulnis p\u00e4ikeset\u00f5us m\u00e4gedes oma tapeedil.","isPartOf":{"@id":"https:\/\/baubauwall.com\/et\/#website"},"primaryImageOfPage":{"@id":"https:\/\/baubauwall.com\/et\/toode\/fototapeet-paikesetous-magedes\/#primaryimage"},"image":{"@id":"https:\/\/baubauwall.com\/et\/toode\/fototapeet-paikesetous-magedes\/#primaryimage"},"thumbnailUrl":"https:\/\/baubauwall.com\/wp-content\/uploads\/2022\/03\/51300009_MountainSunrise_Baubauwall_Photowallpaper_room2-2.jpg","datePublished":"2022-03-29T13:15:18+00:00","dateModified":"2025-11-03T17:34:39+00:00","description":"Fototapeet p\u00e4ikeset\u00f5us - sulnis vaade kodus iga p\u00e4ev! See tapeet p\u00e4ikeset\u00f5usuga sobib magamistoa seinale v\u00f5i kodukontorisse.","breadcrumb":{"@id":"https:\/\/baubauwall.com\/et\/toode\/fototapeet-paikesetous-magedes\/#breadcrumb"},"inLanguage":"et","potentialAction":[{"@type":"ReadAction","target":["https:\/\/baubauwall.com\/et\/toode\/fototapeet-paikesetous-magedes\/"]}]},{"@type":"ImageObject","inLanguage":"et","@id":"https:\/\/baubauwall.com\/et\/toode\/fototapeet-paikesetous-magedes\/#primaryimage","url":"https:\/\/baubauwall.com\/wp-content\/uploads\/2022\/03\/51300009_MountainSunrise_Baubauwall_Photowallpaper_room2-2.jpg","contentUrl":"https:\/\/baubauwall.com\/wp-content\/uploads\/2022\/03\/51300009_MountainSunrise_Baubauwall_Photowallpaper_room2-2.jpg","width":800,"height":800,"caption":"Fototapeet p\u00e4ikeset\u00f5us. Tapeet on sobitatud kodukontori heleda m\u00f6\u00f6bliga. Baubauwall tapeedid"},{"@type":"BreadcrumbList","@id":"https:\/\/baubauwall.com\/et\/toode\/fototapeet-paikesetous-magedes\/#breadcrumb","itemListElement":[{"@type":"ListItem","position":1,"name":"Koju","item":"https:\/\/baubauwall.com\/et\/"},{"@type":"ListItem","position":2,"name":"Tapeedid","item":"https:\/\/baubauwall.com\/et\/tapeedid\/"},{"@type":"ListItem","position":3,"name":"Fototapeet p\u00e4ikeset\u00f5us m\u00e4gedes"}]},{"@type":"WebSite","@id":"https:\/\/baubauwall.com\/et\/#website","url":"https:\/\/baubauwall.com\/et\/","name":"BAUBAUWALL Wallpapers","description":"Valmis paanides tapeet Eestist!","publisher":{"@id":"https:\/\/baubauwall.com\/et\/#organization"},"potentialAction":[{"@type":"SearchAction","target":{"@type":"EntryPoint","urlTemplate":"https:\/\/baubauwall.com\/et\/?s={search_term_string}"},"query-input":{"@type":"PropertyValueSpecification","valueRequired":true,"valueName":"search_term_string"}}],"inLanguage":"et"},{"@type":"Organization","@id":"https:\/\/baubauwall.com\/et\/#organization","name":"BAUBAUWALL Wallpapers","url":"https:\/\/baubauwall.com\/et\/","logo":{"@type":"ImageObject","inLanguage":"et","@id":"https:\/\/baubauwall.com\/et\/#\/schema\/logo\/image\/","url":"https:\/\/baubauwall.com\/wp-content\/uploads\/2022\/03\/logo-horizontal.svg","contentUrl":"https:\/\/baubauwall.com\/wp-content\/uploads\/2022\/03\/logo-horizontal.svg","width":"1024","height":"1024","caption":"BAUBAUWALL Wallpapers"},"image":{"@id":"https:\/\/baubauwall.com\/et\/#\/schema\/logo\/image\/"},"sameAs":["https:\/\/www.facebook.com\/Baubauwall","https:\/\/www.instagram.com\/baubauwall"]}]}},"jetpack_sharing_enabled":true,"_links":{"self":[{"href":"https:\/\/baubauwall.com\/et\/wp-json\/wp\/v2\/product\/16263","targetHints":{"allow":["GET"]}}],"collection":[{"href":"https:\/\/baubauwall.com\/et\/wp-json\/wp\/v2\/product"}],"about":[{"href":"https:\/\/baubauwall.com\/et\/wp-json\/wp\/v2\/types\/product"}],"replies":[{"embeddable":true,"href":"https:\/\/baubauwall.com\/et\/wp-json\/wp\/v2\/comments?post=16263"}],"wp:featuredmedia":[{"embeddable":true,"href":"https:\/\/baubauwall.com\/et\/wp-json\/wp\/v2\/media\/16240"}],"wp:attachment":[{"href":"https:\/\/baubauwall.com\/et\/wp-json\/wp\/v2\/media?parent=16263"}],"wp:term":[{"taxonomy":"product_brand","embeddable":true,"href":"https:\/\/baubauwall.com\/et\/wp-json\/wp\/v2\/product_brand?post=16263"},{"taxonomy":"product_cat","embeddable":true,"href":"https:\/\/baubauwall.com\/et\/wp-json\/wp\/v2\/product_cat?post=16263"},{"taxonomy":"product_tag","embeddable":true,"href":"https:\/\/baubauwall.com\/et\/wp-json\/wp\/v2\/product_tag?post=16263"}],"curies":[{"name":"wp","href":"https:\/\/api.w.org\/{rel}","templated":true}]}}