{"id":16296,"date":"2022-03-29T15:15:20","date_gmt":"2022-03-29T13:15:20","guid":{"rendered":"https:\/\/baubauwall.com\/?post_type=product&#038;p=16296"},"modified":"2025-10-22T08:48:48","modified_gmt":"2025-10-22T06:48:48","slug":"fototapeet-ookeanilaine","status":"publish","type":"product","link":"https:\/\/baubauwall.com\/et\/toode\/fototapeet-ookeanilaine\/","title":{"rendered":"Fototapeet Ookeanilaine"},"content":{"rendered":"<p>Fototapeet, millel rullub lahti v\u00f5imas ookeani merelaine liivaranda.\u00a0 See on see <a href=\"https:\/\/baubauwall.com\/et\/nipid\/mis-on-fototapeet\/\">fototapeet<\/a>, mis toob merelise tunde koju k\u00e4tte. Tapeedidisain, mis paneb unistama kaugetest meredest, ookeanidest ja randadest. Dramaatiliselt tumesinine tapeet sobib h\u00e4sti merelise sisustusega &#8211; n\u00e4iteks teismelise tuppa v\u00f5i kodukontorisse. Sule silmad ja peaaegu juba kuuledki lainete h\u00e4\u00e4lt!<\/p>\n<p data-start=\"894\" data-end=\"1222\"><a href=\"https:\/\/kodu.postimees.ee\/8277872\/eestis-loodud-digiteenus-mis-muudab-tapeetimise-lihtsaks-ja-isikuparaseks\" target=\"_blank\" rel=\"noopener\">Baubauwallis<\/a> teeme tapeedid alati eritellimusel, vastavalt Sinu seina m\u00f5\u00f5tudele. Ei ole \u00fclej\u00e4\u00e4ke ega keerulisi arvutusi \u2013 iga tapeedipaan on valis l\u00f5igatud just nii pikaks, kui on Sinu sein. Lisaks &#8211; nummerdatud ning sobiv fliistapeedi liim on komplektis kaasas. Tapeetimine pole iial nii lihtne olnud! Tapeedimaterjaliks on premium fliistapeet, 150 g\/m\u00b2 . See on hingav, vastupidav ja kergesti hooldatav, nii et saad muretult nautida oma uut metsavaadet veel pikki aastaid.<\/p>\n<p data-start=\"894\" data-end=\"1222\">Piilu ka meie klientide kodusesse, <a href=\"https:\/\/baubauwall.com\/et\/ideed\/let-the-homes-do-the-talking\/\">ehk on siin tapeedigaleriis<\/a> h\u00e4id ideid, mida n\u00e4pata!<\/p>\n<p>&nbsp;<\/p>\n<p>&nbsp;<\/p>\n","protected":false},"excerpt":{"rendered":"<p>Fototapeet, millel rullub lahti v\u00f5imas ookeani merelaine liivaranda.\u00a0 See on see fototapeet, mis toob merelise tunde koju k\u00e4tte. Tapeedidisain, mis paneb unistama kaugetest meredest, ookeanidest ja randadest. Dramaatiliselt tumesinine tapeet sobib h\u00e4sti merelise sisustusega &#8211; n\u00e4iteks teismelise tuppa v\u00f5i kodukontorisse. Sule silmad ja peaaegu juba kuuledki lainete h\u00e4\u00e4lt! Baubauwallis teeme tapeedid alati eritellimusel, vastavalt Sinu [&hellip;]<\/p>\n","protected":false},"featured_media":16294,"comment_status":"open","ping_status":"closed","template":"","meta":{"_acf_changed":false,"inline_featured_image":false},"product_brand":[],"product_cat":[433,267,270,752,413,399,246,252],"product_tag":[486,454],"class_list":{"0":"post-16296","1":"product","2":"type-product","3":"status-publish","4":"has-post-thumbnail","6":"product_cat-fototapeedid","7":"product_cat-sinised-tapeedid","8":"product_cat-tumedad-tapeedid","9":"product_cat-avalik-ruum","10":"product_cat-magamistoa-tapeedid","11":"product_cat-kodukontori-tapeedid","12":"product_cat-rand","13":"product_cat-ookean-meri","14":"product_tag-fotograafia-et","15":"product_tag-fototapeet-et","17":"first","18":"instock","19":"taxable","20":"shipping-taxable","21":"purchasable","22":"product-type-simple"},"acf":[],"yoast_head":"<!-- This site is optimized with the Yoast SEO plugin v25.9 - https:\/\/yoast.com\/wordpress\/plugins\/seo\/ -->\n<title>Fototapeet - tumesinine ookeani laine seinal!<\/title>\n<meta name=\"description\" content=\"Suurejooneline fototapeet ookeani lainega mererannas. V\u00f5imas laine uhtumas liivaranda. Sinu seina m\u00f5\u00f5tu l\u00f5igatud t\u00e4psetes tapeedipaanides tapeedid\" \/>\n<meta name=\"robots\" content=\"index, follow, max-snippet:-1, max-image-preview:large, max-video-preview:-1\" \/>\n<link rel=\"canonical\" href=\"https:\/\/baubauwall.com\/et\/toode\/fototapeet-ookeanilaine\/\" \/>\n<meta property=\"og:locale\" content=\"et_EE\" \/>\n<meta property=\"og:type\" content=\"article\" \/>\n<meta property=\"og:title\" content=\"BAUBAUWALL TAPEEDID\" \/>\n<meta property=\"og:description\" content=\"Suurejooneline fototapeet ookeani lainega mererannas. V\u00f5imas laine uhtumas liivaranda. Sinu seina m\u00f5\u00f5tu l\u00f5igatud t\u00e4psetes tapeedipaanides tapeedid\" \/>\n<meta property=\"og:url\" content=\"https:\/\/baubauwall.com\/et\/toode\/fototapeet-ookeanilaine\/\" \/>\n<meta property=\"og:site_name\" content=\"BAUBAUWALL TAPEEDID\" \/>\n<meta property=\"article:publisher\" content=\"https:\/\/www.facebook.com\/Baubauwall\" \/>\n<meta property=\"article:modified_time\" content=\"2025-10-22T06:48:48+00:00\" \/>\n<meta property=\"og:image\" content=\"https:\/\/baubauwall.com\/wp-content\/uploads\/2022\/03\/51300010_OceanWave_Baubauwall_Photowallpaper_room2-1.jpg\" \/>\n\t<meta property=\"og:image:width\" content=\"800\" \/>\n\t<meta property=\"og:image:height\" content=\"800\" \/>\n\t<meta property=\"og:image:type\" content=\"image\/jpeg\" \/>\n<meta name=\"twitter:card\" content=\"summary_large_image\" \/>\n<meta name=\"twitter:label1\" content=\"Est. reading time\" \/>\n\t<meta name=\"twitter:data1\" content=\"1 minut\" \/>\n<script type=\"application\/ld+json\" class=\"yoast-schema-graph\">{\"@context\":\"https:\/\/schema.org\",\"@graph\":[{\"@type\":\"WebPage\",\"@id\":\"https:\/\/baubauwall.com\/et\/toode\/fototapeet-ookeanilaine\/\",\"url\":\"https:\/\/baubauwall.com\/et\/toode\/fototapeet-ookeanilaine\/\",\"name\":\"Fototapeet - tumesinine ookeani laine seinal!\",\"isPartOf\":{\"@id\":\"https:\/\/baubauwall.com\/et\/#website\"},\"primaryImageOfPage\":{\"@id\":\"https:\/\/baubauwall.com\/et\/toode\/fototapeet-ookeanilaine\/#primaryimage\"},\"image\":{\"@id\":\"https:\/\/baubauwall.com\/et\/toode\/fototapeet-ookeanilaine\/#primaryimage\"},\"thumbnailUrl\":\"https:\/\/baubauwall.com\/wp-content\/uploads\/2022\/03\/51300010_OceanWave_Baubauwall_Photowallpaper_room2-1.jpg\",\"datePublished\":\"2022-03-29T13:15:20+00:00\",\"dateModified\":\"2025-10-22T06:48:48+00:00\",\"description\":\"Suurejooneline fototapeet ookeani lainega mererannas. V\u00f5imas laine uhtumas liivaranda. Sinu seina m\u00f5\u00f5tu l\u00f5igatud t\u00e4psetes tapeedipaanides tapeedid\",\"breadcrumb\":{\"@id\":\"https:\/\/baubauwall.com\/et\/toode\/fototapeet-ookeanilaine\/#breadcrumb\"},\"inLanguage\":\"et\",\"potentialAction\":[{\"@type\":\"ReadAction\",\"target\":[\"https:\/\/baubauwall.com\/et\/toode\/fototapeet-ookeanilaine\/\"]}]},{\"@type\":\"ImageObject\",\"inLanguage\":\"et\",\"@id\":\"https:\/\/baubauwall.com\/et\/toode\/fototapeet-ookeanilaine\/#primaryimage\",\"url\":\"https:\/\/baubauwall.com\/wp-content\/uploads\/2022\/03\/51300010_OceanWave_Baubauwall_Photowallpaper_room2-1.jpg\",\"contentUrl\":\"https:\/\/baubauwall.com\/wp-content\/uploads\/2022\/03\/51300010_OceanWave_Baubauwall_Photowallpaper_room2-1.jpg\",\"width\":800,\"height\":800,\"caption\":\"Roaring ocean wave photo mural wallpaper in deep blue on a sandy beach. Fototapeet Ookeanilaine. Tapeet koju v\u00f5i kontorisse\"},{\"@type\":\"BreadcrumbList\",\"@id\":\"https:\/\/baubauwall.com\/et\/toode\/fototapeet-ookeanilaine\/#breadcrumb\",\"itemListElement\":[{\"@type\":\"ListItem\",\"position\":1,\"name\":\"Koju\",\"item\":\"https:\/\/baubauwall.com\/et\/\"},{\"@type\":\"ListItem\",\"position\":2,\"name\":\"Tapeedid\",\"item\":\"https:\/\/baubauwall.com\/et\/tapeedid\/\"},{\"@type\":\"ListItem\",\"position\":3,\"name\":\"Fototapeet Ookeanilaine\"}]},{\"@type\":\"WebSite\",\"@id\":\"https:\/\/baubauwall.com\/et\/#website\",\"url\":\"https:\/\/baubauwall.com\/et\/\",\"name\":\"BAUBAUWALL Wallpapers\",\"description\":\"Valmis paanides tapeet Eestist!\",\"publisher\":{\"@id\":\"https:\/\/baubauwall.com\/et\/#organization\"},\"potentialAction\":[{\"@type\":\"SearchAction\",\"target\":{\"@type\":\"EntryPoint\",\"urlTemplate\":\"https:\/\/baubauwall.com\/et\/?s={search_term_string}\"},\"query-input\":{\"@type\":\"PropertyValueSpecification\",\"valueRequired\":true,\"valueName\":\"search_term_string\"}}],\"inLanguage\":\"et\"},{\"@type\":\"Organization\",\"@id\":\"https:\/\/baubauwall.com\/et\/#organization\",\"name\":\"BAUBAUWALL Wallpapers\",\"url\":\"https:\/\/baubauwall.com\/et\/\",\"logo\":{\"@type\":\"ImageObject\",\"inLanguage\":\"et\",\"@id\":\"https:\/\/baubauwall.com\/et\/#\/schema\/logo\/image\/\",\"url\":\"https:\/\/baubauwall.com\/wp-content\/uploads\/2022\/03\/logo-horizontal.svg\",\"contentUrl\":\"https:\/\/baubauwall.com\/wp-content\/uploads\/2022\/03\/logo-horizontal.svg\",\"width\":\"1024\",\"height\":\"1024\",\"caption\":\"BAUBAUWALL Wallpapers\"},\"image\":{\"@id\":\"https:\/\/baubauwall.com\/et\/#\/schema\/logo\/image\/\"},\"sameAs\":[\"https:\/\/www.facebook.com\/Baubauwall\",\"https:\/\/www.instagram.com\/baubauwall\"]}]}<\/script>\n<!-- \/ Yoast SEO plugin. -->","yoast_head_json":{"title":"Fototapeet - tumesinine ookeani laine seinal!","description":"Suurejooneline fototapeet ookeani lainega mererannas. V\u00f5imas laine uhtumas liivaranda. Sinu seina m\u00f5\u00f5tu l\u00f5igatud t\u00e4psetes tapeedipaanides tapeedid","robots":{"index":"index","follow":"follow","max-snippet":"max-snippet:-1","max-image-preview":"max-image-preview:large","max-video-preview":"max-video-preview:-1"},"canonical":"https:\/\/baubauwall.com\/et\/toode\/fototapeet-ookeanilaine\/","og_locale":"et_EE","og_type":"article","og_title":"BAUBAUWALL TAPEEDID","og_description":"Suurejooneline fototapeet ookeani lainega mererannas. V\u00f5imas laine uhtumas liivaranda. Sinu seina m\u00f5\u00f5tu l\u00f5igatud t\u00e4psetes tapeedipaanides tapeedid","og_url":"https:\/\/baubauwall.com\/et\/toode\/fototapeet-ookeanilaine\/","og_site_name":"BAUBAUWALL TAPEEDID","article_publisher":"https:\/\/www.facebook.com\/Baubauwall","article_modified_time":"2025-10-22T06:48:48+00:00","og_image":[{"width":800,"height":800,"url":"https:\/\/baubauwall.com\/wp-content\/uploads\/2022\/03\/51300010_OceanWave_Baubauwall_Photowallpaper_room2-1.jpg","type":"image\/jpeg"}],"twitter_card":"summary_large_image","twitter_misc":{"Est. reading time":"1 minut"},"schema":{"@context":"https:\/\/schema.org","@graph":[{"@type":"WebPage","@id":"https:\/\/baubauwall.com\/et\/toode\/fototapeet-ookeanilaine\/","url":"https:\/\/baubauwall.com\/et\/toode\/fototapeet-ookeanilaine\/","name":"Fototapeet - tumesinine ookeani laine seinal!","isPartOf":{"@id":"https:\/\/baubauwall.com\/et\/#website"},"primaryImageOfPage":{"@id":"https:\/\/baubauwall.com\/et\/toode\/fototapeet-ookeanilaine\/#primaryimage"},"image":{"@id":"https:\/\/baubauwall.com\/et\/toode\/fototapeet-ookeanilaine\/#primaryimage"},"thumbnailUrl":"https:\/\/baubauwall.com\/wp-content\/uploads\/2022\/03\/51300010_OceanWave_Baubauwall_Photowallpaper_room2-1.jpg","datePublished":"2022-03-29T13:15:20+00:00","dateModified":"2025-10-22T06:48:48+00:00","description":"Suurejooneline fototapeet ookeani lainega mererannas. V\u00f5imas laine uhtumas liivaranda. Sinu seina m\u00f5\u00f5tu l\u00f5igatud t\u00e4psetes tapeedipaanides tapeedid","breadcrumb":{"@id":"https:\/\/baubauwall.com\/et\/toode\/fototapeet-ookeanilaine\/#breadcrumb"},"inLanguage":"et","potentialAction":[{"@type":"ReadAction","target":["https:\/\/baubauwall.com\/et\/toode\/fototapeet-ookeanilaine\/"]}]},{"@type":"ImageObject","inLanguage":"et","@id":"https:\/\/baubauwall.com\/et\/toode\/fototapeet-ookeanilaine\/#primaryimage","url":"https:\/\/baubauwall.com\/wp-content\/uploads\/2022\/03\/51300010_OceanWave_Baubauwall_Photowallpaper_room2-1.jpg","contentUrl":"https:\/\/baubauwall.com\/wp-content\/uploads\/2022\/03\/51300010_OceanWave_Baubauwall_Photowallpaper_room2-1.jpg","width":800,"height":800,"caption":"Roaring ocean wave photo mural wallpaper in deep blue on a sandy beach. Fototapeet Ookeanilaine. Tapeet koju v\u00f5i kontorisse"},{"@type":"BreadcrumbList","@id":"https:\/\/baubauwall.com\/et\/toode\/fototapeet-ookeanilaine\/#breadcrumb","itemListElement":[{"@type":"ListItem","position":1,"name":"Koju","item":"https:\/\/baubauwall.com\/et\/"},{"@type":"ListItem","position":2,"name":"Tapeedid","item":"https:\/\/baubauwall.com\/et\/tapeedid\/"},{"@type":"ListItem","position":3,"name":"Fototapeet Ookeanilaine"}]},{"@type":"WebSite","@id":"https:\/\/baubauwall.com\/et\/#website","url":"https:\/\/baubauwall.com\/et\/","name":"BAUBAUWALL Wallpapers","description":"Valmis paanides tapeet Eestist!","publisher":{"@id":"https:\/\/baubauwall.com\/et\/#organization"},"potentialAction":[{"@type":"SearchAction","target":{"@type":"EntryPoint","urlTemplate":"https:\/\/baubauwall.com\/et\/?s={search_term_string}"},"query-input":{"@type":"PropertyValueSpecification","valueRequired":true,"valueName":"search_term_string"}}],"inLanguage":"et"},{"@type":"Organization","@id":"https:\/\/baubauwall.com\/et\/#organization","name":"BAUBAUWALL Wallpapers","url":"https:\/\/baubauwall.com\/et\/","logo":{"@type":"ImageObject","inLanguage":"et","@id":"https:\/\/baubauwall.com\/et\/#\/schema\/logo\/image\/","url":"https:\/\/baubauwall.com\/wp-content\/uploads\/2022\/03\/logo-horizontal.svg","contentUrl":"https:\/\/baubauwall.com\/wp-content\/uploads\/2022\/03\/logo-horizontal.svg","width":"1024","height":"1024","caption":"BAUBAUWALL Wallpapers"},"image":{"@id":"https:\/\/baubauwall.com\/et\/#\/schema\/logo\/image\/"},"sameAs":["https:\/\/www.facebook.com\/Baubauwall","https:\/\/www.instagram.com\/baubauwall"]}]}},"jetpack_sharing_enabled":true,"_links":{"self":[{"href":"https:\/\/baubauwall.com\/et\/wp-json\/wp\/v2\/product\/16296","targetHints":{"allow":["GET"]}}],"collection":[{"href":"https:\/\/baubauwall.com\/et\/wp-json\/wp\/v2\/product"}],"about":[{"href":"https:\/\/baubauwall.com\/et\/wp-json\/wp\/v2\/types\/product"}],"replies":[{"embeddable":true,"href":"https:\/\/baubauwall.com\/et\/wp-json\/wp\/v2\/comments?post=16296"}],"wp:featuredmedia":[{"embeddable":true,"href":"https:\/\/baubauwall.com\/et\/wp-json\/wp\/v2\/media\/16294"}],"wp:attachment":[{"href":"https:\/\/baubauwall.com\/et\/wp-json\/wp\/v2\/media?parent=16296"}],"wp:term":[{"taxonomy":"product_brand","embeddable":true,"href":"https:\/\/baubauwall.com\/et\/wp-json\/wp\/v2\/product_brand?post=16296"},{"taxonomy":"product_cat","embeddable":true,"href":"https:\/\/baubauwall.com\/et\/wp-json\/wp\/v2\/product_cat?post=16296"},{"taxonomy":"product_tag","embeddable":true,"href":"https:\/\/baubauwall.com\/et\/wp-json\/wp\/v2\/product_tag?post=16296"}],"curies":[{"name":"wp","href":"https:\/\/api.w.org\/{rel}","templated":true}]}}