{"id":16326,"date":"2022-03-29T15:15:22","date_gmt":"2022-03-29T13:15:22","guid":{"rendered":"https:\/\/baubauwall.com\/product\/photo-wallpaper-painted-waves\/"},"modified":"2025-07-10T19:55:31","modified_gmt":"2025-07-10T17:55:31","slug":"fototapeet-maalitud-merelained","status":"publish","type":"product","link":"https:\/\/baubauwall.com\/et\/toode\/fototapeet-maalitud-merelained\/","title":{"rendered":"Fototapeet Maalitud merelained"},"content":{"rendered":"<p>Kui otsid fototapeeti, mis lisaks interj\u00f6\u00f6rile iseloomu, siis see mustvalge &#8220;Maalitud merelained&#8221; tapeet on t\u00e4pselt see. Mustvalge disain on ajatu \u2013 see ei l\u00e4he moest ega v\u00e4sita silmi. Lained toovad tapeedile just parasjagu d\u00fcnaamikat, aga samas hoiavad ruumi \u00f5hulise ja rahuliku. Mustvalge <a href=\"https:\/\/baubauwall.com\/et\/nipid\/mis-on-fototapeet\/\">fototapeet<\/a> sobib peaaegu igasuguse m\u00f6\u00f6bli ja stiiliga, nii et saad h\u00f5lpsalt \u00fclej\u00e4\u00e4nud sisustust muuta, ilma et tapeet foonil kaotaks.<\/p>\n<p>Nagu k\u00f5ik meie tapeedid on ka see fototapeet tr\u00fckitud keskkonnas\u00f5bralike v\u00e4rvidega hingavale,<a href=\"https:\/\/baubauwall.com\/et\/nipid\/fliistapeet-voi-pabertapeet\/\">\u00a0fliistapeedi materjalile,\u00a0<\/a>mis ei l\u00e4igi, on imeliselt matt ja kvaliteetne. Sinu uus fototapeet on l\u00f5igatud nummerdatud paanideks \u2013 t\u00e4pselt nii pikad, kui Sinu sein. Kuidas see t\u00f6\u00f6tab \u2013 loe l\u00e4hemalt siit.<\/p>\n","protected":false},"excerpt":{"rendered":"<p>Kui otsid fototapeeti, mis lisaks interj\u00f6\u00f6rile iseloomu, siis see mustvalge &#8220;Maalitud merelained&#8221; tapeet on t\u00e4pselt see. Mustvalge disain on ajatu \u2013 see ei l\u00e4he moest ega v\u00e4sita silmi. Lained toovad tapeedile just parasjagu d\u00fcnaamikat, aga samas hoiavad ruumi \u00f5hulise ja rahuliku. Mustvalge fototapeet sobib peaaegu igasuguse m\u00f6\u00f6bli ja stiiliga, nii et saad h\u00f5lpsalt \u00fclej\u00e4\u00e4nud sisustust [&hellip;]<\/p>\n","protected":false},"featured_media":16303,"comment_status":"open","ping_status":"closed","template":"","meta":{"_acf_changed":false,"inline_featured_image":false},"product_brand":[],"product_cat":[433,272,273,413,415,399,252],"product_tag":[486,454,294],"class_list":{"0":"post-16326","1":"product","2":"type-product","3":"status-publish","4":"has-post-thumbnail","6":"product_cat-fototapeedid","7":"product_cat-hallid-tapeedid","8":"product_cat-heledad-tapeedid","9":"product_cat-magamistoa-tapeedid","10":"product_cat-kulalistetoa-tapeedid","11":"product_cat-kodukontori-tapeedid","12":"product_cat-ookean-meri","13":"product_tag-fotograafia-et","14":"product_tag-fototapeet-et","15":"product_tag-mustvalge","16":"pa_designedby-baubauwall","18":"first","19":"instock","20":"taxable","21":"shipping-taxable","22":"purchasable","23":"product-type-simple"},"acf":[],"yoast_head":"<!-- This site is optimized with the Yoast SEO plugin v25.9 - https:\/\/yoast.com\/wordpress\/plugins\/seo\/ -->\n<title>Mustvalge fototapeet Maalitud merelained<\/title>\n<meta name=\"description\" content=\"Mustvalge, hallides toonides fototapeet tormise mere lainetega. Fototapeet magamistoa, kodukontori seinale. Sinu seina m\u00f5\u00f5dus paanid.\" \/>\n<meta name=\"robots\" content=\"index, follow, max-snippet:-1, max-image-preview:large, max-video-preview:-1\" \/>\n<link rel=\"canonical\" href=\"https:\/\/baubauwall.com\/et\/toode\/fototapeet-maalitud-merelained\/\" \/>\n<meta property=\"og:locale\" content=\"et_EE\" \/>\n<meta property=\"og:type\" content=\"article\" \/>\n<meta property=\"og:title\" content=\"Mustvalge fototapeet Maalitud merelained\" \/>\n<meta property=\"og:description\" content=\"Mustvalge, hallides toonides fototapeet tormise mere lainetega. Fototapeet magamistoa, kodukontori seinale. Sinu seina m\u00f5\u00f5dus paanid.\" \/>\n<meta property=\"og:url\" content=\"https:\/\/baubauwall.com\/et\/toode\/fototapeet-maalitud-merelained\/\" \/>\n<meta property=\"og:site_name\" content=\"BAUBAUWALL TAPEEDID\" \/>\n<meta property=\"article:publisher\" content=\"https:\/\/www.facebook.com\/Baubauwall\" \/>\n<meta property=\"article:modified_time\" content=\"2025-07-10T17:55:31+00:00\" \/>\n<meta property=\"og:image\" content=\"https:\/\/baubauwall.com\/wp-content\/uploads\/2022\/03\/51300011_PaintedWaves_Baubauwall_Photowallpaper_room6.jpg\" \/>\n\t<meta property=\"og:image:width\" content=\"907\" \/>\n\t<meta property=\"og:image:height\" content=\"800\" \/>\n\t<meta property=\"og:image:type\" content=\"image\/jpeg\" \/>\n<meta name=\"twitter:card\" content=\"summary_large_image\" \/>\n<meta name=\"twitter:label1\" content=\"Est. reading time\" \/>\n\t<meta name=\"twitter:data1\" content=\"1 minut\" \/>\n<script type=\"application\/ld+json\" class=\"yoast-schema-graph\">{\"@context\":\"https:\/\/schema.org\",\"@graph\":[{\"@type\":\"WebPage\",\"@id\":\"https:\/\/baubauwall.com\/et\/toode\/fototapeet-maalitud-merelained\/\",\"url\":\"https:\/\/baubauwall.com\/et\/toode\/fototapeet-maalitud-merelained\/\",\"name\":\"Mustvalge fototapeet Maalitud merelained\",\"isPartOf\":{\"@id\":\"https:\/\/baubauwall.com\/et\/#website\"},\"primaryImageOfPage\":{\"@id\":\"https:\/\/baubauwall.com\/et\/toode\/fototapeet-maalitud-merelained\/#primaryimage\"},\"image\":{\"@id\":\"https:\/\/baubauwall.com\/et\/toode\/fototapeet-maalitud-merelained\/#primaryimage\"},\"thumbnailUrl\":\"https:\/\/baubauwall.com\/wp-content\/uploads\/2022\/03\/51300011_PaintedWaves_Baubauwall_Photowallpaper_room6.jpg\",\"datePublished\":\"2022-03-29T13:15:22+00:00\",\"dateModified\":\"2025-07-10T17:55:31+00:00\",\"description\":\"Mustvalge, hallides toonides fototapeet tormise mere lainetega. Fototapeet magamistoa, kodukontori seinale. Sinu seina m\u00f5\u00f5dus paanid.\",\"breadcrumb\":{\"@id\":\"https:\/\/baubauwall.com\/et\/toode\/fototapeet-maalitud-merelained\/#breadcrumb\"},\"inLanguage\":\"et\",\"potentialAction\":[{\"@type\":\"ReadAction\",\"target\":[\"https:\/\/baubauwall.com\/et\/toode\/fototapeet-maalitud-merelained\/\"]}]},{\"@type\":\"ImageObject\",\"inLanguage\":\"et\",\"@id\":\"https:\/\/baubauwall.com\/et\/toode\/fototapeet-maalitud-merelained\/#primaryimage\",\"url\":\"https:\/\/baubauwall.com\/wp-content\/uploads\/2022\/03\/51300011_PaintedWaves_Baubauwall_Photowallpaper_room6.jpg\",\"contentUrl\":\"https:\/\/baubauwall.com\/wp-content\/uploads\/2022\/03\/51300011_PaintedWaves_Baubauwall_Photowallpaper_room6.jpg\",\"width\":907,\"height\":800,\"caption\":\"Photo wallpaper with raging waves on a bedroom feature wall\"},{\"@type\":\"BreadcrumbList\",\"@id\":\"https:\/\/baubauwall.com\/et\/toode\/fototapeet-maalitud-merelained\/#breadcrumb\",\"itemListElement\":[{\"@type\":\"ListItem\",\"position\":1,\"name\":\"Koju\",\"item\":\"https:\/\/baubauwall.com\/et\/\"},{\"@type\":\"ListItem\",\"position\":2,\"name\":\"Tapeedid\",\"item\":\"https:\/\/baubauwall.com\/et\/tapeedid\/\"},{\"@type\":\"ListItem\",\"position\":3,\"name\":\"Fototapeet Maalitud merelained\"}]},{\"@type\":\"WebSite\",\"@id\":\"https:\/\/baubauwall.com\/et\/#website\",\"url\":\"https:\/\/baubauwall.com\/et\/\",\"name\":\"BAUBAUWALL Wallpapers\",\"description\":\"Valmis paanides tapeet Eestist!\",\"publisher\":{\"@id\":\"https:\/\/baubauwall.com\/et\/#organization\"},\"potentialAction\":[{\"@type\":\"SearchAction\",\"target\":{\"@type\":\"EntryPoint\",\"urlTemplate\":\"https:\/\/baubauwall.com\/et\/?s={search_term_string}\"},\"query-input\":{\"@type\":\"PropertyValueSpecification\",\"valueRequired\":true,\"valueName\":\"search_term_string\"}}],\"inLanguage\":\"et\"},{\"@type\":\"Organization\",\"@id\":\"https:\/\/baubauwall.com\/et\/#organization\",\"name\":\"BAUBAUWALL Wallpapers\",\"url\":\"https:\/\/baubauwall.com\/et\/\",\"logo\":{\"@type\":\"ImageObject\",\"inLanguage\":\"et\",\"@id\":\"https:\/\/baubauwall.com\/et\/#\/schema\/logo\/image\/\",\"url\":\"https:\/\/baubauwall.com\/wp-content\/uploads\/2022\/03\/logo-horizontal.svg\",\"contentUrl\":\"https:\/\/baubauwall.com\/wp-content\/uploads\/2022\/03\/logo-horizontal.svg\",\"width\":\"1024\",\"height\":\"1024\",\"caption\":\"BAUBAUWALL Wallpapers\"},\"image\":{\"@id\":\"https:\/\/baubauwall.com\/et\/#\/schema\/logo\/image\/\"},\"sameAs\":[\"https:\/\/www.facebook.com\/Baubauwall\",\"https:\/\/www.instagram.com\/baubauwall\"]}]}<\/script>\n<!-- \/ Yoast SEO plugin. -->","yoast_head_json":{"title":"Mustvalge fototapeet Maalitud merelained","description":"Mustvalge, hallides toonides fototapeet tormise mere lainetega. Fototapeet magamistoa, kodukontori seinale. Sinu seina m\u00f5\u00f5dus paanid.","robots":{"index":"index","follow":"follow","max-snippet":"max-snippet:-1","max-image-preview":"max-image-preview:large","max-video-preview":"max-video-preview:-1"},"canonical":"https:\/\/baubauwall.com\/et\/toode\/fototapeet-maalitud-merelained\/","og_locale":"et_EE","og_type":"article","og_title":"Mustvalge fototapeet Maalitud merelained","og_description":"Mustvalge, hallides toonides fototapeet tormise mere lainetega. Fototapeet magamistoa, kodukontori seinale. Sinu seina m\u00f5\u00f5dus paanid.","og_url":"https:\/\/baubauwall.com\/et\/toode\/fototapeet-maalitud-merelained\/","og_site_name":"BAUBAUWALL TAPEEDID","article_publisher":"https:\/\/www.facebook.com\/Baubauwall","article_modified_time":"2025-07-10T17:55:31+00:00","og_image":[{"width":907,"height":800,"url":"https:\/\/baubauwall.com\/wp-content\/uploads\/2022\/03\/51300011_PaintedWaves_Baubauwall_Photowallpaper_room6.jpg","type":"image\/jpeg"}],"twitter_card":"summary_large_image","twitter_misc":{"Est. reading time":"1 minut"},"schema":{"@context":"https:\/\/schema.org","@graph":[{"@type":"WebPage","@id":"https:\/\/baubauwall.com\/et\/toode\/fototapeet-maalitud-merelained\/","url":"https:\/\/baubauwall.com\/et\/toode\/fototapeet-maalitud-merelained\/","name":"Mustvalge fototapeet Maalitud merelained","isPartOf":{"@id":"https:\/\/baubauwall.com\/et\/#website"},"primaryImageOfPage":{"@id":"https:\/\/baubauwall.com\/et\/toode\/fototapeet-maalitud-merelained\/#primaryimage"},"image":{"@id":"https:\/\/baubauwall.com\/et\/toode\/fototapeet-maalitud-merelained\/#primaryimage"},"thumbnailUrl":"https:\/\/baubauwall.com\/wp-content\/uploads\/2022\/03\/51300011_PaintedWaves_Baubauwall_Photowallpaper_room6.jpg","datePublished":"2022-03-29T13:15:22+00:00","dateModified":"2025-07-10T17:55:31+00:00","description":"Mustvalge, hallides toonides fototapeet tormise mere lainetega. Fototapeet magamistoa, kodukontori seinale. Sinu seina m\u00f5\u00f5dus paanid.","breadcrumb":{"@id":"https:\/\/baubauwall.com\/et\/toode\/fototapeet-maalitud-merelained\/#breadcrumb"},"inLanguage":"et","potentialAction":[{"@type":"ReadAction","target":["https:\/\/baubauwall.com\/et\/toode\/fototapeet-maalitud-merelained\/"]}]},{"@type":"ImageObject","inLanguage":"et","@id":"https:\/\/baubauwall.com\/et\/toode\/fototapeet-maalitud-merelained\/#primaryimage","url":"https:\/\/baubauwall.com\/wp-content\/uploads\/2022\/03\/51300011_PaintedWaves_Baubauwall_Photowallpaper_room6.jpg","contentUrl":"https:\/\/baubauwall.com\/wp-content\/uploads\/2022\/03\/51300011_PaintedWaves_Baubauwall_Photowallpaper_room6.jpg","width":907,"height":800,"caption":"Photo wallpaper with raging waves on a bedroom feature wall"},{"@type":"BreadcrumbList","@id":"https:\/\/baubauwall.com\/et\/toode\/fototapeet-maalitud-merelained\/#breadcrumb","itemListElement":[{"@type":"ListItem","position":1,"name":"Koju","item":"https:\/\/baubauwall.com\/et\/"},{"@type":"ListItem","position":2,"name":"Tapeedid","item":"https:\/\/baubauwall.com\/et\/tapeedid\/"},{"@type":"ListItem","position":3,"name":"Fototapeet Maalitud merelained"}]},{"@type":"WebSite","@id":"https:\/\/baubauwall.com\/et\/#website","url":"https:\/\/baubauwall.com\/et\/","name":"BAUBAUWALL Wallpapers","description":"Valmis paanides tapeet Eestist!","publisher":{"@id":"https:\/\/baubauwall.com\/et\/#organization"},"potentialAction":[{"@type":"SearchAction","target":{"@type":"EntryPoint","urlTemplate":"https:\/\/baubauwall.com\/et\/?s={search_term_string}"},"query-input":{"@type":"PropertyValueSpecification","valueRequired":true,"valueName":"search_term_string"}}],"inLanguage":"et"},{"@type":"Organization","@id":"https:\/\/baubauwall.com\/et\/#organization","name":"BAUBAUWALL Wallpapers","url":"https:\/\/baubauwall.com\/et\/","logo":{"@type":"ImageObject","inLanguage":"et","@id":"https:\/\/baubauwall.com\/et\/#\/schema\/logo\/image\/","url":"https:\/\/baubauwall.com\/wp-content\/uploads\/2022\/03\/logo-horizontal.svg","contentUrl":"https:\/\/baubauwall.com\/wp-content\/uploads\/2022\/03\/logo-horizontal.svg","width":"1024","height":"1024","caption":"BAUBAUWALL Wallpapers"},"image":{"@id":"https:\/\/baubauwall.com\/et\/#\/schema\/logo\/image\/"},"sameAs":["https:\/\/www.facebook.com\/Baubauwall","https:\/\/www.instagram.com\/baubauwall"]}]}},"jetpack_sharing_enabled":true,"_links":{"self":[{"href":"https:\/\/baubauwall.com\/et\/wp-json\/wp\/v2\/product\/16326","targetHints":{"allow":["GET"]}}],"collection":[{"href":"https:\/\/baubauwall.com\/et\/wp-json\/wp\/v2\/product"}],"about":[{"href":"https:\/\/baubauwall.com\/et\/wp-json\/wp\/v2\/types\/product"}],"replies":[{"embeddable":true,"href":"https:\/\/baubauwall.com\/et\/wp-json\/wp\/v2\/comments?post=16326"}],"wp:featuredmedia":[{"embeddable":true,"href":"https:\/\/baubauwall.com\/et\/wp-json\/wp\/v2\/media\/16303"}],"wp:attachment":[{"href":"https:\/\/baubauwall.com\/et\/wp-json\/wp\/v2\/media?parent=16326"}],"wp:term":[{"taxonomy":"product_brand","embeddable":true,"href":"https:\/\/baubauwall.com\/et\/wp-json\/wp\/v2\/product_brand?post=16326"},{"taxonomy":"product_cat","embeddable":true,"href":"https:\/\/baubauwall.com\/et\/wp-json\/wp\/v2\/product_cat?post=16326"},{"taxonomy":"product_tag","embeddable":true,"href":"https:\/\/baubauwall.com\/et\/wp-json\/wp\/v2\/product_tag?post=16326"}],"curies":[{"name":"wp","href":"https:\/\/api.w.org\/{rel}","templated":true}]}}