{"id":16350,"date":"2022-03-29T15:15:23","date_gmt":"2022-03-29T13:15:23","guid":{"rendered":"https:\/\/baubauwall.com\/product\/photo-wallpaper-sunset-view-grey\/"},"modified":"2025-10-22T08:46:41","modified_gmt":"2025-10-22T06:46:41","slug":"fototapeet-paikeseloojang-helehall","status":"publish","type":"product","link":"https:\/\/baubauwall.com\/et\/toode\/fototapeet-paikeseloojang-helehall\/","title":{"rendered":"Fototapeet P\u00e4ikeseloojang &#8211; helehall"},"content":{"rendered":"<section id=\"productInfoSection\">\n<div class=\"container product-info\">\n<p>Kunstip\u00e4rane, hall fototapeet mustvalge p\u00e4ikeseloojanguga. \u00dcksik puu, l\u00f5putu meri ja horisont \u2013 rahulik vaade, mida v\u00f5ikski p\u00f5rnitsema j\u00e4\u00e4da. Kujutle seda fototapeeti oma magamistoa seinal v\u00f5i n\u00e4iteks elutoas! Rahulik ja t\u00fc\u00fcne tapeet, mida on lihtne sobitada kontrastse m\u00f6\u00f6bliga. Avasta seesama tapeet ka v\u00e4rvilisena \u2013 dramaatilistes<a href=\"https:\/\/baubauwall.com\/et\/toode\/fototapeet-paikeseloojang-lilla\/\">\u00a0lillakates toonides!<\/a><\/p>\n<p>Nagu k\u00f5ik meie tapeedid, pilttapeedid ja fototapeedid, on ka see hall fototapeet tr\u00fckitud <a href=\"https:\/\/baubauwall.com\/et\/keskkonnasobralikud-tapeedid\/\" target=\"_blank\" rel=\"noopener\">keskkonnas\u00f5bralike v\u00e4rvidega<\/a>, hingavale fliistapeedi materjalile. Sinu uus tapeet \u201cUdune mets\u201d tuleb koju t\u00e4psetes, valmis l\u00f5igatud\u00a0 ja nummerdatud paanides, mis on just nii k\u00f5rged kui Sinu sein.<\/p>\n<section id=\"productContentSection\">\n<div class=\"container\">\n<div class=\"row w-75 mx-auto\">\n<div class=\"col-md-12\">\n<p><strong>Miks see fototapeet v\u00f5iks Sulle meeldida?<\/strong><\/p>\n<ul>\n<li>Rahulik disain, mis sobib ka aastate p\u00e4rast<\/li>\n<li>Eesti ettev\u00f5te<\/li>\n<li>Tr\u00fckime tapeedi t\u00e4pselt Sinu seina m\u00f5\u00f5dus<\/li>\n<li>Premium, matt fliistapeedi materjal, 100% taaskasutatud kiust<\/li>\n<li>M\u00fcrgivabad tr\u00fckiv\u00e4rvid,\u00a0<em>Greenguard<\/em>\u00a0sertifitseeritud<\/li>\n<li>Keskkonnas\u00f5bralik, j\u00e4\u00e4tmevaba tapeetimine<\/li>\n<li>Kaasa tasuta tapeediliim<\/li>\n<li>Tasuta transport ja kiire tarne 5 t\u00f6\u00f6p\u00e4evaga<\/li>\n<\/ul>\n<p>Loe l\u00e4hemalt nutikatest, eritellimust\u00f6\u00f6na valmivatest tapeetidest\u00a0<a href=\"https:\/\/baubauwall.com\/et\/keskkonnasobralikud-tapeedid\/\">siit.<\/a><\/p>\n<\/div>\n<\/div>\n<\/div>\n<\/section>\n<section>\n<div class=\"container my-60 related-products\">\n<div class=\"row mt-120\">\n<div class=\"col-md-12\">\n<h3><\/h3>\n<\/div>\n<\/div>\n<\/div>\n<\/section>\n<\/div>\n<\/section>\n","protected":false},"excerpt":{"rendered":"<p>Kunstip\u00e4rane, hall fototapeet mustvalge p\u00e4ikeseloojanguga. \u00dcksik puu, l\u00f5putu meri ja horisont \u2013 rahulik vaade, mida v\u00f5ikski p\u00f5rnitsema j\u00e4\u00e4da. Kujutle seda fototapeeti oma magamistoa seinal v\u00f5i n\u00e4iteks elutoas! Rahulik ja t\u00fc\u00fcne tapeet, mida on lihtne sobitada kontrastse m\u00f6\u00f6bliga. Avasta seesama tapeet ka v\u00e4rvilisena \u2013 dramaatilistes\u00a0lillakates toonides! Nagu k\u00f5ik meie tapeedid, pilttapeedid ja fototapeedid, on ka see [&hellip;]<\/p>\n","protected":false},"featured_media":16348,"comment_status":"open","ping_status":"closed","template":"","meta":{"_acf_changed":false,"inline_featured_image":false},"product_brand":[],"product_cat":[433,396,272,273,413,399,402,245,252,253,254],"product_tag":[486,454,294],"class_list":{"0":"post-16350","1":"product","2":"type-product","3":"status-publish","4":"has-post-thumbnail","6":"product_cat-fototapeedid","7":"product_cat-skandinaavia","8":"product_cat-hallid-tapeedid","9":"product_cat-heledad-tapeedid","10":"product_cat-magamistoa-tapeedid","11":"product_cat-kodukontori-tapeedid","12":"product_cat-elutoa-tapeedid","13":"product_cat-maastik","14":"product_cat-ookean-meri","15":"product_cat-joed-jarved","16":"product_cat-loodus","17":"product_tag-fotograafia-et","18":"product_tag-fototapeet-et","19":"product_tag-mustvalge","21":"first","22":"instock","23":"taxable","24":"shipping-taxable","25":"purchasable","26":"product-type-simple"},"acf":[],"yoast_head":"<!-- This site is optimized with the Yoast SEO plugin v25.9 - https:\/\/yoast.com\/wordpress\/plugins\/seo\/ -->\n<title>Hall fototapeet uneleva vaatega merele. Mustvalge merevaade<\/title>\n<meta name=\"description\" content=\"Hall fototapeet merevaatega rannalt \u00fcksikule puule. Fotokunst tapeedile sinu kodu seinal. Ilus tapeedivalik magamistuppa v\u00f5i elutoa seinale.\" \/>\n<meta name=\"robots\" content=\"index, follow, max-snippet:-1, max-image-preview:large, max-video-preview:-1\" \/>\n<link rel=\"canonical\" href=\"https:\/\/baubauwall.com\/et\/toode\/fototapeet-paikeseloojang-helehall\/\" \/>\n<meta property=\"og:locale\" content=\"et_EE\" \/>\n<meta property=\"og:type\" content=\"article\" \/>\n<meta property=\"og:title\" content=\"Hall fototapeet uneleva vaatega merele. Mustvalge merevaade\" \/>\n<meta property=\"og:description\" content=\"Hall fototapeet merevaatega rannalt \u00fcksikule puule. Fotokunst tapeedile sinu kodu seinal. Ilus tapeedivalik magamistuppa v\u00f5i elutoa seinale.\" \/>\n<meta property=\"og:url\" content=\"https:\/\/baubauwall.com\/et\/toode\/fototapeet-paikeseloojang-helehall\/\" \/>\n<meta property=\"og:site_name\" content=\"BAUBAUWALL TAPEEDID\" \/>\n<meta property=\"article:publisher\" content=\"https:\/\/www.facebook.com\/Baubauwall\" \/>\n<meta property=\"article:modified_time\" content=\"2025-10-22T06:46:41+00:00\" \/>\n<meta property=\"og:image\" content=\"https:\/\/baubauwall.com\/wp-content\/uploads\/2022\/03\/51300012_SunsetView-Grey_Baubauwall_Photowallpaper_room6.jpg\" \/>\n\t<meta property=\"og:image:width\" content=\"1182\" \/>\n\t<meta property=\"og:image:height\" content=\"800\" \/>\n\t<meta property=\"og:image:type\" content=\"image\/jpeg\" \/>\n<meta name=\"twitter:card\" content=\"summary_large_image\" \/>\n<meta name=\"twitter:label1\" content=\"Est. reading time\" \/>\n\t<meta name=\"twitter:data1\" content=\"1 minut\" \/>\n<script type=\"application\/ld+json\" class=\"yoast-schema-graph\">{\"@context\":\"https:\/\/schema.org\",\"@graph\":[{\"@type\":\"WebPage\",\"@id\":\"https:\/\/baubauwall.com\/et\/toode\/fototapeet-paikeseloojang-helehall\/\",\"url\":\"https:\/\/baubauwall.com\/et\/toode\/fototapeet-paikeseloojang-helehall\/\",\"name\":\"Hall fototapeet uneleva vaatega merele. Mustvalge merevaade\",\"isPartOf\":{\"@id\":\"https:\/\/baubauwall.com\/et\/#website\"},\"primaryImageOfPage\":{\"@id\":\"https:\/\/baubauwall.com\/et\/toode\/fototapeet-paikeseloojang-helehall\/#primaryimage\"},\"image\":{\"@id\":\"https:\/\/baubauwall.com\/et\/toode\/fototapeet-paikeseloojang-helehall\/#primaryimage\"},\"thumbnailUrl\":\"https:\/\/baubauwall.com\/wp-content\/uploads\/2022\/03\/51300012_SunsetView-Grey_Baubauwall_Photowallpaper_room6.jpg\",\"datePublished\":\"2022-03-29T13:15:23+00:00\",\"dateModified\":\"2025-10-22T06:46:41+00:00\",\"description\":\"Hall fototapeet merevaatega rannalt \u00fcksikule puule. Fotokunst tapeedile sinu kodu seinal. Ilus tapeedivalik magamistuppa v\u00f5i elutoa seinale.\",\"breadcrumb\":{\"@id\":\"https:\/\/baubauwall.com\/et\/toode\/fototapeet-paikeseloojang-helehall\/#breadcrumb\"},\"inLanguage\":\"et\",\"potentialAction\":[{\"@type\":\"ReadAction\",\"target\":[\"https:\/\/baubauwall.com\/et\/toode\/fototapeet-paikeseloojang-helehall\/\"]}]},{\"@type\":\"ImageObject\",\"inLanguage\":\"et\",\"@id\":\"https:\/\/baubauwall.com\/et\/toode\/fototapeet-paikeseloojang-helehall\/#primaryimage\",\"url\":\"https:\/\/baubauwall.com\/wp-content\/uploads\/2022\/03\/51300012_SunsetView-Grey_Baubauwall_Photowallpaper_room6.jpg\",\"contentUrl\":\"https:\/\/baubauwall.com\/wp-content\/uploads\/2022\/03\/51300012_SunsetView-Grey_Baubauwall_Photowallpaper_room6.jpg\",\"width\":1182,\"height\":800,\"caption\":\"Valge fototapeet. Imeline, hele fototapeet koju v\u00f5i avalikku ruumi\"},{\"@type\":\"BreadcrumbList\",\"@id\":\"https:\/\/baubauwall.com\/et\/toode\/fototapeet-paikeseloojang-helehall\/#breadcrumb\",\"itemListElement\":[{\"@type\":\"ListItem\",\"position\":1,\"name\":\"Koju\",\"item\":\"https:\/\/baubauwall.com\/et\/\"},{\"@type\":\"ListItem\",\"position\":2,\"name\":\"Tapeedid\",\"item\":\"https:\/\/baubauwall.com\/et\/tapeedid\/\"},{\"@type\":\"ListItem\",\"position\":3,\"name\":\"Fototapeet P\u00e4ikeseloojang &#8211; helehall\"}]},{\"@type\":\"WebSite\",\"@id\":\"https:\/\/baubauwall.com\/et\/#website\",\"url\":\"https:\/\/baubauwall.com\/et\/\",\"name\":\"BAUBAUWALL Wallpapers\",\"description\":\"Valmis paanides tapeet Eestist!\",\"publisher\":{\"@id\":\"https:\/\/baubauwall.com\/et\/#organization\"},\"potentialAction\":[{\"@type\":\"SearchAction\",\"target\":{\"@type\":\"EntryPoint\",\"urlTemplate\":\"https:\/\/baubauwall.com\/et\/?s={search_term_string}\"},\"query-input\":{\"@type\":\"PropertyValueSpecification\",\"valueRequired\":true,\"valueName\":\"search_term_string\"}}],\"inLanguage\":\"et\"},{\"@type\":\"Organization\",\"@id\":\"https:\/\/baubauwall.com\/et\/#organization\",\"name\":\"BAUBAUWALL Wallpapers\",\"url\":\"https:\/\/baubauwall.com\/et\/\",\"logo\":{\"@type\":\"ImageObject\",\"inLanguage\":\"et\",\"@id\":\"https:\/\/baubauwall.com\/et\/#\/schema\/logo\/image\/\",\"url\":\"https:\/\/baubauwall.com\/wp-content\/uploads\/2022\/03\/logo-horizontal.svg\",\"contentUrl\":\"https:\/\/baubauwall.com\/wp-content\/uploads\/2022\/03\/logo-horizontal.svg\",\"width\":\"1024\",\"height\":\"1024\",\"caption\":\"BAUBAUWALL Wallpapers\"},\"image\":{\"@id\":\"https:\/\/baubauwall.com\/et\/#\/schema\/logo\/image\/\"},\"sameAs\":[\"https:\/\/www.facebook.com\/Baubauwall\",\"https:\/\/www.instagram.com\/baubauwall\"]}]}<\/script>\n<!-- \/ Yoast SEO plugin. -->","yoast_head_json":{"title":"Hall fototapeet uneleva vaatega merele. Mustvalge merevaade","description":"Hall fototapeet merevaatega rannalt \u00fcksikule puule. Fotokunst tapeedile sinu kodu seinal. Ilus tapeedivalik magamistuppa v\u00f5i elutoa seinale.","robots":{"index":"index","follow":"follow","max-snippet":"max-snippet:-1","max-image-preview":"max-image-preview:large","max-video-preview":"max-video-preview:-1"},"canonical":"https:\/\/baubauwall.com\/et\/toode\/fototapeet-paikeseloojang-helehall\/","og_locale":"et_EE","og_type":"article","og_title":"Hall fototapeet uneleva vaatega merele. Mustvalge merevaade","og_description":"Hall fototapeet merevaatega rannalt \u00fcksikule puule. Fotokunst tapeedile sinu kodu seinal. Ilus tapeedivalik magamistuppa v\u00f5i elutoa seinale.","og_url":"https:\/\/baubauwall.com\/et\/toode\/fototapeet-paikeseloojang-helehall\/","og_site_name":"BAUBAUWALL TAPEEDID","article_publisher":"https:\/\/www.facebook.com\/Baubauwall","article_modified_time":"2025-10-22T06:46:41+00:00","og_image":[{"width":1182,"height":800,"url":"https:\/\/baubauwall.com\/wp-content\/uploads\/2022\/03\/51300012_SunsetView-Grey_Baubauwall_Photowallpaper_room6.jpg","type":"image\/jpeg"}],"twitter_card":"summary_large_image","twitter_misc":{"Est. reading time":"1 minut"},"schema":{"@context":"https:\/\/schema.org","@graph":[{"@type":"WebPage","@id":"https:\/\/baubauwall.com\/et\/toode\/fototapeet-paikeseloojang-helehall\/","url":"https:\/\/baubauwall.com\/et\/toode\/fototapeet-paikeseloojang-helehall\/","name":"Hall fototapeet uneleva vaatega merele. Mustvalge merevaade","isPartOf":{"@id":"https:\/\/baubauwall.com\/et\/#website"},"primaryImageOfPage":{"@id":"https:\/\/baubauwall.com\/et\/toode\/fototapeet-paikeseloojang-helehall\/#primaryimage"},"image":{"@id":"https:\/\/baubauwall.com\/et\/toode\/fototapeet-paikeseloojang-helehall\/#primaryimage"},"thumbnailUrl":"https:\/\/baubauwall.com\/wp-content\/uploads\/2022\/03\/51300012_SunsetView-Grey_Baubauwall_Photowallpaper_room6.jpg","datePublished":"2022-03-29T13:15:23+00:00","dateModified":"2025-10-22T06:46:41+00:00","description":"Hall fototapeet merevaatega rannalt \u00fcksikule puule. Fotokunst tapeedile sinu kodu seinal. Ilus tapeedivalik magamistuppa v\u00f5i elutoa seinale.","breadcrumb":{"@id":"https:\/\/baubauwall.com\/et\/toode\/fototapeet-paikeseloojang-helehall\/#breadcrumb"},"inLanguage":"et","potentialAction":[{"@type":"ReadAction","target":["https:\/\/baubauwall.com\/et\/toode\/fototapeet-paikeseloojang-helehall\/"]}]},{"@type":"ImageObject","inLanguage":"et","@id":"https:\/\/baubauwall.com\/et\/toode\/fototapeet-paikeseloojang-helehall\/#primaryimage","url":"https:\/\/baubauwall.com\/wp-content\/uploads\/2022\/03\/51300012_SunsetView-Grey_Baubauwall_Photowallpaper_room6.jpg","contentUrl":"https:\/\/baubauwall.com\/wp-content\/uploads\/2022\/03\/51300012_SunsetView-Grey_Baubauwall_Photowallpaper_room6.jpg","width":1182,"height":800,"caption":"Valge fototapeet. Imeline, hele fototapeet koju v\u00f5i avalikku ruumi"},{"@type":"BreadcrumbList","@id":"https:\/\/baubauwall.com\/et\/toode\/fototapeet-paikeseloojang-helehall\/#breadcrumb","itemListElement":[{"@type":"ListItem","position":1,"name":"Koju","item":"https:\/\/baubauwall.com\/et\/"},{"@type":"ListItem","position":2,"name":"Tapeedid","item":"https:\/\/baubauwall.com\/et\/tapeedid\/"},{"@type":"ListItem","position":3,"name":"Fototapeet P\u00e4ikeseloojang &#8211; helehall"}]},{"@type":"WebSite","@id":"https:\/\/baubauwall.com\/et\/#website","url":"https:\/\/baubauwall.com\/et\/","name":"BAUBAUWALL Wallpapers","description":"Valmis paanides tapeet Eestist!","publisher":{"@id":"https:\/\/baubauwall.com\/et\/#organization"},"potentialAction":[{"@type":"SearchAction","target":{"@type":"EntryPoint","urlTemplate":"https:\/\/baubauwall.com\/et\/?s={search_term_string}"},"query-input":{"@type":"PropertyValueSpecification","valueRequired":true,"valueName":"search_term_string"}}],"inLanguage":"et"},{"@type":"Organization","@id":"https:\/\/baubauwall.com\/et\/#organization","name":"BAUBAUWALL Wallpapers","url":"https:\/\/baubauwall.com\/et\/","logo":{"@type":"ImageObject","inLanguage":"et","@id":"https:\/\/baubauwall.com\/et\/#\/schema\/logo\/image\/","url":"https:\/\/baubauwall.com\/wp-content\/uploads\/2022\/03\/logo-horizontal.svg","contentUrl":"https:\/\/baubauwall.com\/wp-content\/uploads\/2022\/03\/logo-horizontal.svg","width":"1024","height":"1024","caption":"BAUBAUWALL Wallpapers"},"image":{"@id":"https:\/\/baubauwall.com\/et\/#\/schema\/logo\/image\/"},"sameAs":["https:\/\/www.facebook.com\/Baubauwall","https:\/\/www.instagram.com\/baubauwall"]}]}},"jetpack_sharing_enabled":true,"_links":{"self":[{"href":"https:\/\/baubauwall.com\/et\/wp-json\/wp\/v2\/product\/16350","targetHints":{"allow":["GET"]}}],"collection":[{"href":"https:\/\/baubauwall.com\/et\/wp-json\/wp\/v2\/product"}],"about":[{"href":"https:\/\/baubauwall.com\/et\/wp-json\/wp\/v2\/types\/product"}],"replies":[{"embeddable":true,"href":"https:\/\/baubauwall.com\/et\/wp-json\/wp\/v2\/comments?post=16350"}],"wp:featuredmedia":[{"embeddable":true,"href":"https:\/\/baubauwall.com\/et\/wp-json\/wp\/v2\/media\/16348"}],"wp:attachment":[{"href":"https:\/\/baubauwall.com\/et\/wp-json\/wp\/v2\/media?parent=16350"}],"wp:term":[{"taxonomy":"product_brand","embeddable":true,"href":"https:\/\/baubauwall.com\/et\/wp-json\/wp\/v2\/product_brand?post=16350"},{"taxonomy":"product_cat","embeddable":true,"href":"https:\/\/baubauwall.com\/et\/wp-json\/wp\/v2\/product_cat?post=16350"},{"taxonomy":"product_tag","embeddable":true,"href":"https:\/\/baubauwall.com\/et\/wp-json\/wp\/v2\/product_tag?post=16350"}],"curies":[{"name":"wp","href":"https:\/\/api.w.org\/{rel}","templated":true}]}}