{"id":16374,"date":"2022-03-29T15:15:25","date_gmt":"2022-03-29T13:15:25","guid":{"rendered":"https:\/\/baubauwall.com\/product\/photo-wallpaper-sunset-view-violet\/"},"modified":"2025-08-06T12:15:02","modified_gmt":"2025-08-06T10:15:02","slug":"fototapeet-paikeseloojang-lilla","status":"publish","type":"product","link":"https:\/\/baubauwall.com\/et\/toode\/fototapeet-paikeseloojang-lilla\/","title":{"rendered":"Fototapeet P\u00e4ikeseloojang &#8211; lilla"},"content":{"rendered":"<div class=\"container product-info\">\n<div>\n<p>Efektne fototapeet violetse p\u00e4ikeseloojanguga. \u00dcksik puu, l\u00f5putu meri ja horisont \u2013 rahulik vaade, mida v\u00f5ikski p\u00f5rnitsema j\u00e4\u00e4da. Kujutle seda soojades toonides fototapeeti oma magamistoa seinal v\u00f5i n\u00e4iteks elutoas! Rahulik ja t\u00fc\u00fcne fototapeet, mida on lihtne sobitada kontrastse m\u00f6\u00f6bliga. Avasta seesama tapeet ka <a href=\"https:\/\/baubauwall.com\/et\/toode\/fototapeet-paikeseloojang-helehall\/\">mustvalge fotona<\/a>, kui eelistad oma seinal v\u00e4hem draamat!<\/p>\n<p>Nagu k\u00f5ik meie tapeedid, fototapeedid ja pilttapeedid, on ka see fototapeedi disain tr\u00fckitud hingavale, keskkonnas\u00f5bralike v\u00e4rvidega fliistapeedi materjalile. Loe lisaks j\u00e4\u00e4tmevabast ja innovaatilisest <a href=\"https:\/\/baubauwall.com\/et\/keskkonnasobralikud-tapeedid\/\">tapeeditootmisest siin.\u00a0<\/a><\/p>\n<p><strong>Miks osta fototapeet siit? Tapeetimine pole kunagi nii lihtne olnud!<\/strong><\/p>\n<ul>\n<li>Just nii pikad tapeedipaanid, kui on Sinu sein<\/li>\n<li>Nummerdatud tapeedipaanid<\/li>\n<li>Premium, matt fliistapeedi materjal<\/li>\n<li>M\u00fcrgivabad tr\u00fckiv\u00e4rvid, Greenguard sertifitseeritud<\/li>\n<li><a href=\"https:\/\/baubauwall.com\/et\/keskkonnasobralikud-tapeedid\/\" target=\"_blank\" rel=\"noopener\">Keskkonnas\u00f5bralik<\/a>, j\u00e4\u00e4tmevaba tapeetimine<\/li>\n<li>Tasuta tapeediliim tuleb kaasa Sinu uue fototapeediga!<\/li>\n<li>Tasuta transport ja kiire tarne 5 t\u00f6\u00f6p\u00e4evaga<\/li>\n<\/ul>\n<p>&nbsp;<\/p>\n<\/div>\n<\/div>\n","protected":false},"excerpt":{"rendered":"<p>Efektne fototapeet violetse p\u00e4ikeseloojanguga. \u00dcksik puu, l\u00f5putu meri ja horisont \u2013 rahulik vaade, mida v\u00f5ikski p\u00f5rnitsema j\u00e4\u00e4da. Kujutle seda soojades toonides fototapeeti oma magamistoa seinal v\u00f5i n\u00e4iteks elutoas! Rahulik ja t\u00fc\u00fcne fototapeet, mida on lihtne sobitada kontrastse m\u00f6\u00f6bliga. Avasta seesama tapeet ka mustvalge fotona, kui eelistad oma seinal v\u00e4hem draamat! Nagu k\u00f5ik meie tapeedid, fototapeedid [&hellip;]<\/p>\n","protected":false},"featured_media":16357,"comment_status":"open","ping_status":"closed","template":"","meta":{"_acf_changed":false,"inline_featured_image":false},"product_brand":[],"product_cat":[433,395,267,270,417,413,415,416,245,252,715],"product_tag":[486,454],"class_list":{"0":"post-16374","1":"product","2":"type-product","3":"status-publish","4":"has-post-thumbnail","6":"product_cat-fototapeedid","7":"product_cat-romantiline","8":"product_cat-sinised-tapeedid","9":"product_cat-tumedad-tapeedid","10":"product_cat-purpur-tapeedid","11":"product_cat-magamistoa-tapeedid","12":"product_cat-kulalistetoa-tapeedid","13":"product_cat-esiku-tapeedid","14":"product_cat-maastik","15":"product_cat-ookean-meri","16":"product_cat-soodsad-tapeedid-leiunurk","17":"product_tag-fotograafia-et","18":"product_tag-fototapeet-et","19":"pa_designedby-baubauwall","21":"first","22":"instock","23":"sale","24":"taxable","25":"shipping-taxable","26":"purchasable","27":"product-type-simple"},"acf":[],"yoast_head":"<!-- This site is optimized with the Yoast SEO plugin v25.9 - https:\/\/yoast.com\/wordpress\/plugins\/seo\/ -->\n<title>Fototapeet \u2013 Lilla p\u00e4ikeseloojang | Baubauwall<\/title>\n<meta name=\"description\" content=\"Fototapeet P\u00e4ikeseloojang: t\u00e4pselt sinu m\u00f5\u00f5tu tapeedipaanid, liim kaasas, lihtne paigaldus. Ideaalne fototapeet magamistuppa v\u00f5i elutuppa.\" \/>\n<meta name=\"robots\" content=\"index, follow, max-snippet:-1, max-image-preview:large, max-video-preview:-1\" \/>\n<link rel=\"canonical\" href=\"https:\/\/baubauwall.com\/et\/toode\/fototapeet-paikeseloojang-lilla\/\" \/>\n<meta property=\"og:locale\" content=\"et_EE\" \/>\n<meta property=\"og:type\" content=\"article\" \/>\n<meta property=\"og:title\" content=\"Fototapeet \u2013 Lilla p\u00e4ikeseloojang | Baubauwall\" \/>\n<meta property=\"og:description\" content=\"Fototapeet P\u00e4ikeseloojang: t\u00e4pselt sinu m\u00f5\u00f5tu tapeedipaanid, liim kaasas, lihtne paigaldus. Ideaalne fototapeet magamistuppa v\u00f5i elutuppa.\" \/>\n<meta property=\"og:url\" content=\"https:\/\/baubauwall.com\/et\/toode\/fototapeet-paikeseloojang-lilla\/\" \/>\n<meta property=\"og:site_name\" content=\"BAUBAUWALL TAPEEDID\" \/>\n<meta property=\"article:publisher\" content=\"https:\/\/www.facebook.com\/Baubauwall\" \/>\n<meta property=\"article:modified_time\" content=\"2025-08-06T10:15:02+00:00\" \/>\n<meta property=\"og:image\" content=\"https:\/\/baubauwall.com\/wp-content\/uploads\/2022\/03\/51300013_SunsetView-Violet_Baubauwall_Photowallpaper_room4.jpg\" \/>\n\t<meta property=\"og:image:width\" content=\"907\" \/>\n\t<meta property=\"og:image:height\" content=\"800\" \/>\n\t<meta property=\"og:image:type\" content=\"image\/jpeg\" \/>\n<meta name=\"twitter:card\" content=\"summary_large_image\" \/>\n<meta name=\"twitter:label1\" content=\"Est. reading time\" \/>\n\t<meta name=\"twitter:data1\" content=\"1 minut\" \/>\n<script type=\"application\/ld+json\" class=\"yoast-schema-graph\">{\"@context\":\"https:\/\/schema.org\",\"@graph\":[{\"@type\":\"WebPage\",\"@id\":\"https:\/\/baubauwall.com\/et\/toode\/fototapeet-paikeseloojang-lilla\/\",\"url\":\"https:\/\/baubauwall.com\/et\/toode\/fototapeet-paikeseloojang-lilla\/\",\"name\":\"Fototapeet \u2013 Lilla p\u00e4ikeseloojang | Baubauwall\",\"isPartOf\":{\"@id\":\"https:\/\/baubauwall.com\/et\/#website\"},\"primaryImageOfPage\":{\"@id\":\"https:\/\/baubauwall.com\/et\/toode\/fototapeet-paikeseloojang-lilla\/#primaryimage\"},\"image\":{\"@id\":\"https:\/\/baubauwall.com\/et\/toode\/fototapeet-paikeseloojang-lilla\/#primaryimage\"},\"thumbnailUrl\":\"https:\/\/baubauwall.com\/wp-content\/uploads\/2022\/03\/51300013_SunsetView-Violet_Baubauwall_Photowallpaper_room4.jpg\",\"datePublished\":\"2022-03-29T13:15:25+00:00\",\"dateModified\":\"2025-08-06T10:15:02+00:00\",\"description\":\"Fototapeet P\u00e4ikeseloojang: t\u00e4pselt sinu m\u00f5\u00f5tu tapeedipaanid, liim kaasas, lihtne paigaldus. Ideaalne fototapeet magamistuppa v\u00f5i elutuppa.\",\"breadcrumb\":{\"@id\":\"https:\/\/baubauwall.com\/et\/toode\/fototapeet-paikeseloojang-lilla\/#breadcrumb\"},\"inLanguage\":\"et\",\"potentialAction\":[{\"@type\":\"ReadAction\",\"target\":[\"https:\/\/baubauwall.com\/et\/toode\/fototapeet-paikeseloojang-lilla\/\"]}]},{\"@type\":\"ImageObject\",\"inLanguage\":\"et\",\"@id\":\"https:\/\/baubauwall.com\/et\/toode\/fototapeet-paikeseloojang-lilla\/#primaryimage\",\"url\":\"https:\/\/baubauwall.com\/wp-content\/uploads\/2022\/03\/51300013_SunsetView-Violet_Baubauwall_Photowallpaper_room4.jpg\",\"contentUrl\":\"https:\/\/baubauwall.com\/wp-content\/uploads\/2022\/03\/51300013_SunsetView-Violet_Baubauwall_Photowallpaper_room4.jpg\",\"width\":907,\"height\":800,\"caption\":\"Lilla fototapeet p\u00e4ikeseloojangul. Imeline fototapeet koju v\u00f5i avalikku ruumi\"},{\"@type\":\"BreadcrumbList\",\"@id\":\"https:\/\/baubauwall.com\/et\/toode\/fototapeet-paikeseloojang-lilla\/#breadcrumb\",\"itemListElement\":[{\"@type\":\"ListItem\",\"position\":1,\"name\":\"Koju\",\"item\":\"https:\/\/baubauwall.com\/et\/\"},{\"@type\":\"ListItem\",\"position\":2,\"name\":\"Tapeedid\",\"item\":\"https:\/\/baubauwall.com\/et\/tapeedid\/\"},{\"@type\":\"ListItem\",\"position\":3,\"name\":\"Fototapeet P\u00e4ikeseloojang &#8211; lilla\"}]},{\"@type\":\"WebSite\",\"@id\":\"https:\/\/baubauwall.com\/et\/#website\",\"url\":\"https:\/\/baubauwall.com\/et\/\",\"name\":\"BAUBAUWALL Wallpapers\",\"description\":\"Valmis paanides tapeet Eestist!\",\"publisher\":{\"@id\":\"https:\/\/baubauwall.com\/et\/#organization\"},\"potentialAction\":[{\"@type\":\"SearchAction\",\"target\":{\"@type\":\"EntryPoint\",\"urlTemplate\":\"https:\/\/baubauwall.com\/et\/?s={search_term_string}\"},\"query-input\":{\"@type\":\"PropertyValueSpecification\",\"valueRequired\":true,\"valueName\":\"search_term_string\"}}],\"inLanguage\":\"et\"},{\"@type\":\"Organization\",\"@id\":\"https:\/\/baubauwall.com\/et\/#organization\",\"name\":\"BAUBAUWALL Wallpapers\",\"url\":\"https:\/\/baubauwall.com\/et\/\",\"logo\":{\"@type\":\"ImageObject\",\"inLanguage\":\"et\",\"@id\":\"https:\/\/baubauwall.com\/et\/#\/schema\/logo\/image\/\",\"url\":\"https:\/\/baubauwall.com\/wp-content\/uploads\/2022\/03\/logo-horizontal.svg\",\"contentUrl\":\"https:\/\/baubauwall.com\/wp-content\/uploads\/2022\/03\/logo-horizontal.svg\",\"width\":\"1024\",\"height\":\"1024\",\"caption\":\"BAUBAUWALL Wallpapers\"},\"image\":{\"@id\":\"https:\/\/baubauwall.com\/et\/#\/schema\/logo\/image\/\"},\"sameAs\":[\"https:\/\/www.facebook.com\/Baubauwall\",\"https:\/\/www.instagram.com\/baubauwall\"]}]}<\/script>\n<!-- \/ Yoast SEO plugin. -->","yoast_head_json":{"title":"Fototapeet \u2013 Lilla p\u00e4ikeseloojang | Baubauwall","description":"Fototapeet P\u00e4ikeseloojang: t\u00e4pselt sinu m\u00f5\u00f5tu tapeedipaanid, liim kaasas, lihtne paigaldus. Ideaalne fototapeet magamistuppa v\u00f5i elutuppa.","robots":{"index":"index","follow":"follow","max-snippet":"max-snippet:-1","max-image-preview":"max-image-preview:large","max-video-preview":"max-video-preview:-1"},"canonical":"https:\/\/baubauwall.com\/et\/toode\/fototapeet-paikeseloojang-lilla\/","og_locale":"et_EE","og_type":"article","og_title":"Fototapeet \u2013 Lilla p\u00e4ikeseloojang | Baubauwall","og_description":"Fototapeet P\u00e4ikeseloojang: t\u00e4pselt sinu m\u00f5\u00f5tu tapeedipaanid, liim kaasas, lihtne paigaldus. Ideaalne fototapeet magamistuppa v\u00f5i elutuppa.","og_url":"https:\/\/baubauwall.com\/et\/toode\/fototapeet-paikeseloojang-lilla\/","og_site_name":"BAUBAUWALL TAPEEDID","article_publisher":"https:\/\/www.facebook.com\/Baubauwall","article_modified_time":"2025-08-06T10:15:02+00:00","og_image":[{"width":907,"height":800,"url":"https:\/\/baubauwall.com\/wp-content\/uploads\/2022\/03\/51300013_SunsetView-Violet_Baubauwall_Photowallpaper_room4.jpg","type":"image\/jpeg"}],"twitter_card":"summary_large_image","twitter_misc":{"Est. reading time":"1 minut"},"schema":{"@context":"https:\/\/schema.org","@graph":[{"@type":"WebPage","@id":"https:\/\/baubauwall.com\/et\/toode\/fototapeet-paikeseloojang-lilla\/","url":"https:\/\/baubauwall.com\/et\/toode\/fototapeet-paikeseloojang-lilla\/","name":"Fototapeet \u2013 Lilla p\u00e4ikeseloojang | Baubauwall","isPartOf":{"@id":"https:\/\/baubauwall.com\/et\/#website"},"primaryImageOfPage":{"@id":"https:\/\/baubauwall.com\/et\/toode\/fototapeet-paikeseloojang-lilla\/#primaryimage"},"image":{"@id":"https:\/\/baubauwall.com\/et\/toode\/fototapeet-paikeseloojang-lilla\/#primaryimage"},"thumbnailUrl":"https:\/\/baubauwall.com\/wp-content\/uploads\/2022\/03\/51300013_SunsetView-Violet_Baubauwall_Photowallpaper_room4.jpg","datePublished":"2022-03-29T13:15:25+00:00","dateModified":"2025-08-06T10:15:02+00:00","description":"Fototapeet P\u00e4ikeseloojang: t\u00e4pselt sinu m\u00f5\u00f5tu tapeedipaanid, liim kaasas, lihtne paigaldus. Ideaalne fototapeet magamistuppa v\u00f5i elutuppa.","breadcrumb":{"@id":"https:\/\/baubauwall.com\/et\/toode\/fototapeet-paikeseloojang-lilla\/#breadcrumb"},"inLanguage":"et","potentialAction":[{"@type":"ReadAction","target":["https:\/\/baubauwall.com\/et\/toode\/fototapeet-paikeseloojang-lilla\/"]}]},{"@type":"ImageObject","inLanguage":"et","@id":"https:\/\/baubauwall.com\/et\/toode\/fototapeet-paikeseloojang-lilla\/#primaryimage","url":"https:\/\/baubauwall.com\/wp-content\/uploads\/2022\/03\/51300013_SunsetView-Violet_Baubauwall_Photowallpaper_room4.jpg","contentUrl":"https:\/\/baubauwall.com\/wp-content\/uploads\/2022\/03\/51300013_SunsetView-Violet_Baubauwall_Photowallpaper_room4.jpg","width":907,"height":800,"caption":"Lilla fototapeet p\u00e4ikeseloojangul. Imeline fototapeet koju v\u00f5i avalikku ruumi"},{"@type":"BreadcrumbList","@id":"https:\/\/baubauwall.com\/et\/toode\/fototapeet-paikeseloojang-lilla\/#breadcrumb","itemListElement":[{"@type":"ListItem","position":1,"name":"Koju","item":"https:\/\/baubauwall.com\/et\/"},{"@type":"ListItem","position":2,"name":"Tapeedid","item":"https:\/\/baubauwall.com\/et\/tapeedid\/"},{"@type":"ListItem","position":3,"name":"Fototapeet P\u00e4ikeseloojang &#8211; lilla"}]},{"@type":"WebSite","@id":"https:\/\/baubauwall.com\/et\/#website","url":"https:\/\/baubauwall.com\/et\/","name":"BAUBAUWALL Wallpapers","description":"Valmis paanides tapeet Eestist!","publisher":{"@id":"https:\/\/baubauwall.com\/et\/#organization"},"potentialAction":[{"@type":"SearchAction","target":{"@type":"EntryPoint","urlTemplate":"https:\/\/baubauwall.com\/et\/?s={search_term_string}"},"query-input":{"@type":"PropertyValueSpecification","valueRequired":true,"valueName":"search_term_string"}}],"inLanguage":"et"},{"@type":"Organization","@id":"https:\/\/baubauwall.com\/et\/#organization","name":"BAUBAUWALL Wallpapers","url":"https:\/\/baubauwall.com\/et\/","logo":{"@type":"ImageObject","inLanguage":"et","@id":"https:\/\/baubauwall.com\/et\/#\/schema\/logo\/image\/","url":"https:\/\/baubauwall.com\/wp-content\/uploads\/2022\/03\/logo-horizontal.svg","contentUrl":"https:\/\/baubauwall.com\/wp-content\/uploads\/2022\/03\/logo-horizontal.svg","width":"1024","height":"1024","caption":"BAUBAUWALL Wallpapers"},"image":{"@id":"https:\/\/baubauwall.com\/et\/#\/schema\/logo\/image\/"},"sameAs":["https:\/\/www.facebook.com\/Baubauwall","https:\/\/www.instagram.com\/baubauwall"]}]}},"jetpack_sharing_enabled":true,"_links":{"self":[{"href":"https:\/\/baubauwall.com\/et\/wp-json\/wp\/v2\/product\/16374","targetHints":{"allow":["GET"]}}],"collection":[{"href":"https:\/\/baubauwall.com\/et\/wp-json\/wp\/v2\/product"}],"about":[{"href":"https:\/\/baubauwall.com\/et\/wp-json\/wp\/v2\/types\/product"}],"replies":[{"embeddable":true,"href":"https:\/\/baubauwall.com\/et\/wp-json\/wp\/v2\/comments?post=16374"}],"wp:featuredmedia":[{"embeddable":true,"href":"https:\/\/baubauwall.com\/et\/wp-json\/wp\/v2\/media\/16357"}],"wp:attachment":[{"href":"https:\/\/baubauwall.com\/et\/wp-json\/wp\/v2\/media?parent=16374"}],"wp:term":[{"taxonomy":"product_brand","embeddable":true,"href":"https:\/\/baubauwall.com\/et\/wp-json\/wp\/v2\/product_brand?post=16374"},{"taxonomy":"product_cat","embeddable":true,"href":"https:\/\/baubauwall.com\/et\/wp-json\/wp\/v2\/product_cat?post=16374"},{"taxonomy":"product_tag","embeddable":true,"href":"https:\/\/baubauwall.com\/et\/wp-json\/wp\/v2\/product_tag?post=16374"}],"curies":[{"name":"wp","href":"https:\/\/api.w.org\/{rel}","templated":true}]}}