{"id":16475,"date":"2022-08-08T12:51:50","date_gmt":"2022-08-08T10:51:50","guid":{"rendered":"https:\/\/baubauwall.com\/product\/wallpaper-happy-squirrels\/"},"modified":"2022-11-28T09:39:03","modified_gmt":"2022-11-28T07:39:03","slug":"tapeet-roomsad-oravad","status":"publish","type":"product","link":"https:\/\/baubauwall.com\/et\/toode\/tapeet-roomsad-oravad\/","title":{"rendered":"R\u00f5\u00f5msad oravad"},"content":{"rendered":"<p>P\u00f5hjamaine disaintapeet lastetuppa. Sellel tapeedikujundusel leiad r\u00f5\u00f5msad oravad, seened ja puud &#8211; k\u00f5ik r\u00f5\u00f5msalt koos! M\u00e4nguline tapeedimuster on rahulikul pastelsel taustal, sobitudes ideaalselt enamiku m\u00f6\u00f6bliga. R\u00f5\u00f5msad oravad tapeet sobib kasutamiseks nii mitmel seinal kui ka \u00fchel, aktsentseinaks. See on tapeet, mida saad kasutada vasts\u00fcndinu toas kui ka siis, kui ta on juba veidi vanem!<\/p>\n<p>&#8220;R\u00f5\u00f5msad oravad&#8221; tapeet on tr\u00fckitud keskkonnas\u00f5bralike v\u00e4rvidega ja hingavale, fliistapeedi materjalile. Loe veel lastetubade <a href=\"https:\/\/baubauwall.com\/et\/uudised\/kodu-koige-lustlikum-tuba\/\" target=\"_blank\" rel=\"noopener\">tapeetidest siit.<\/a><\/p>\n","protected":false},"excerpt":{"rendered":"<p>P\u00f5hjamaine disaintapeet lastetuppa. Sellel tapeedikujundusel leiad r\u00f5\u00f5msad oravad, seened ja puud &#8211; k\u00f5ik r\u00f5\u00f5msalt koos! M\u00e4nguline tapeedimuster on rahulikul pastelsel taustal, sobitudes ideaalselt enamiku m\u00f6\u00f6bliga. R\u00f5\u00f5msad oravad tapeet sobib kasutamiseks nii mitmel seinal kui ka \u00fchel, aktsentseinaks. See on tapeet, mida saad kasutada vasts\u00fcndinu toas kui ka siis, kui ta on juba veidi vanem! &#8220;R\u00f5\u00f5msad [&hellip;]<\/p>\n","protected":false},"featured_media":16473,"comment_status":"open","ping_status":"closed","template":"","meta":{"_acf_changed":false,"inline_featured_image":false},"product_brand":[],"product_cat":[386,406,396,265,273,400,254,255],"product_tag":[349],"class_list":{"0":"post-16475","1":"product","2":"type-product","3":"status-publish","4":"has-post-thumbnail","6":"product_cat-kordusmustriga-tapeedid","7":"product_cat-klassika","8":"product_cat-skandinaavia","9":"product_cat-beezid-tapeedid","10":"product_cat-heledad-tapeedid","11":"product_cat-lastetoa-tapeedid","12":"product_cat-loodus","13":"product_cat-loomad","14":"product_tag-beebituba","15":"pa_designedby-baubauwall","17":"first","18":"instock","19":"taxable","20":"shipping-taxable","21":"purchasable","22":"product-type-simple"},"acf":[],"yoast_head":"<!-- This site is optimized with the Yoast SEO plugin v25.9 - https:\/\/yoast.com\/wordpress\/plugins\/seo\/ -->\n<title>Lastetoa tapeedid. Disaintapeet oravatega. Keskkonnas\u00f5bralik.<\/title>\n<meta name=\"description\" content=\"Lastetoa tapeet. Disain oravate, seente ja puudega. R\u00e4tsepat\u00f6\u00f6na valmivad tapeedid t\u00e4pselt sinu seina m\u00f5\u00f5tu paanides. Keskkonnas\u00f5bralikud fliistapeedid.\" \/>\n<meta name=\"robots\" content=\"index, follow, max-snippet:-1, max-image-preview:large, max-video-preview:-1\" \/>\n<link rel=\"canonical\" href=\"https:\/\/baubauwall.com\/et\/toode\/tapeet-roomsad-oravad\/\" \/>\n<meta property=\"og:locale\" content=\"et_EE\" \/>\n<meta property=\"og:type\" content=\"article\" \/>\n<meta property=\"og:title\" content=\"Lastetoa tapeedid. Disaintapeet oravatega. Keskkonnas\u00f5bralik.\" \/>\n<meta property=\"og:description\" content=\"Lastetoa tapeet. Disain oravate, seente ja puudega. R\u00e4tsepat\u00f6\u00f6na valmivad tapeedid t\u00e4pselt sinu seina m\u00f5\u00f5tu paanides. Keskkonnas\u00f5bralikud fliistapeedid.\" \/>\n<meta property=\"og:url\" content=\"https:\/\/baubauwall.com\/et\/toode\/tapeet-roomsad-oravad\/\" \/>\n<meta property=\"og:site_name\" content=\"BAUBAUWALL TAPEEDID\" \/>\n<meta property=\"article:publisher\" content=\"https:\/\/www.facebook.com\/Baubauwall\" \/>\n<meta property=\"article:modified_time\" content=\"2022-11-28T07:39:03+00:00\" \/>\n<meta property=\"og:image\" content=\"https:\/\/baubauwall.com\/wp-content\/uploads\/2022\/04\/51100243_Squirrels_Baubauwall_Wallpaper_room6.jpg\" \/>\n\t<meta property=\"og:image:width\" content=\"1202\" \/>\n\t<meta property=\"og:image:height\" content=\"800\" \/>\n\t<meta property=\"og:image:type\" content=\"image\/jpeg\" \/>\n<meta name=\"twitter:card\" content=\"summary_large_image\" \/>\n<meta name=\"twitter:label1\" content=\"Est. reading time\" \/>\n\t<meta name=\"twitter:data1\" content=\"1 minut\" \/>\n<script type=\"application\/ld+json\" class=\"yoast-schema-graph\">{\"@context\":\"https:\/\/schema.org\",\"@graph\":[{\"@type\":\"WebPage\",\"@id\":\"https:\/\/baubauwall.com\/et\/toode\/tapeet-roomsad-oravad\/\",\"url\":\"https:\/\/baubauwall.com\/et\/toode\/tapeet-roomsad-oravad\/\",\"name\":\"Lastetoa tapeedid. Disaintapeet oravatega. Keskkonnas\u00f5bralik.\",\"isPartOf\":{\"@id\":\"https:\/\/baubauwall.com\/et\/#website\"},\"primaryImageOfPage\":{\"@id\":\"https:\/\/baubauwall.com\/et\/toode\/tapeet-roomsad-oravad\/#primaryimage\"},\"image\":{\"@id\":\"https:\/\/baubauwall.com\/et\/toode\/tapeet-roomsad-oravad\/#primaryimage\"},\"thumbnailUrl\":\"https:\/\/baubauwall.com\/wp-content\/uploads\/2022\/04\/51100243_Squirrels_Baubauwall_Wallpaper_room6.jpg\",\"datePublished\":\"2022-08-08T10:51:50+00:00\",\"dateModified\":\"2022-11-28T07:39:03+00:00\",\"description\":\"Lastetoa tapeet. Disain oravate, seente ja puudega. R\u00e4tsepat\u00f6\u00f6na valmivad tapeedid t\u00e4pselt sinu seina m\u00f5\u00f5tu paanides. Keskkonnas\u00f5bralikud fliistapeedid.\",\"breadcrumb\":{\"@id\":\"https:\/\/baubauwall.com\/et\/toode\/tapeet-roomsad-oravad\/#breadcrumb\"},\"inLanguage\":\"et\",\"potentialAction\":[{\"@type\":\"ReadAction\",\"target\":[\"https:\/\/baubauwall.com\/et\/toode\/tapeet-roomsad-oravad\/\"]}]},{\"@type\":\"ImageObject\",\"inLanguage\":\"et\",\"@id\":\"https:\/\/baubauwall.com\/et\/toode\/tapeet-roomsad-oravad\/#primaryimage\",\"url\":\"https:\/\/baubauwall.com\/wp-content\/uploads\/2022\/04\/51100243_Squirrels_Baubauwall_Wallpaper_room6.jpg\",\"contentUrl\":\"https:\/\/baubauwall.com\/wp-content\/uploads\/2022\/04\/51100243_Squirrels_Baubauwall_Wallpaper_room6.jpg\",\"width\":1202,\"height\":800},{\"@type\":\"BreadcrumbList\",\"@id\":\"https:\/\/baubauwall.com\/et\/toode\/tapeet-roomsad-oravad\/#breadcrumb\",\"itemListElement\":[{\"@type\":\"ListItem\",\"position\":1,\"name\":\"Koju\",\"item\":\"https:\/\/baubauwall.com\/et\/\"},{\"@type\":\"ListItem\",\"position\":2,\"name\":\"Tapeedid\",\"item\":\"https:\/\/baubauwall.com\/et\/tapeedid\/\"},{\"@type\":\"ListItem\",\"position\":3,\"name\":\"R\u00f5\u00f5msad oravad\"}]},{\"@type\":\"WebSite\",\"@id\":\"https:\/\/baubauwall.com\/et\/#website\",\"url\":\"https:\/\/baubauwall.com\/et\/\",\"name\":\"BAUBAUWALL Wallpapers\",\"description\":\"Valmis paanides tapeet Eestist!\",\"publisher\":{\"@id\":\"https:\/\/baubauwall.com\/et\/#organization\"},\"potentialAction\":[{\"@type\":\"SearchAction\",\"target\":{\"@type\":\"EntryPoint\",\"urlTemplate\":\"https:\/\/baubauwall.com\/et\/?s={search_term_string}\"},\"query-input\":{\"@type\":\"PropertyValueSpecification\",\"valueRequired\":true,\"valueName\":\"search_term_string\"}}],\"inLanguage\":\"et\"},{\"@type\":\"Organization\",\"@id\":\"https:\/\/baubauwall.com\/et\/#organization\",\"name\":\"BAUBAUWALL Wallpapers\",\"url\":\"https:\/\/baubauwall.com\/et\/\",\"logo\":{\"@type\":\"ImageObject\",\"inLanguage\":\"et\",\"@id\":\"https:\/\/baubauwall.com\/et\/#\/schema\/logo\/image\/\",\"url\":\"https:\/\/baubauwall.com\/wp-content\/uploads\/2022\/03\/logo-horizontal.svg\",\"contentUrl\":\"https:\/\/baubauwall.com\/wp-content\/uploads\/2022\/03\/logo-horizontal.svg\",\"width\":\"1024\",\"height\":\"1024\",\"caption\":\"BAUBAUWALL Wallpapers\"},\"image\":{\"@id\":\"https:\/\/baubauwall.com\/et\/#\/schema\/logo\/image\/\"},\"sameAs\":[\"https:\/\/www.facebook.com\/Baubauwall\",\"https:\/\/www.instagram.com\/baubauwall\"]}]}<\/script>\n<!-- \/ Yoast SEO plugin. -->","yoast_head_json":{"title":"Lastetoa tapeedid. Disaintapeet oravatega. Keskkonnas\u00f5bralik.","description":"Lastetoa tapeet. Disain oravate, seente ja puudega. R\u00e4tsepat\u00f6\u00f6na valmivad tapeedid t\u00e4pselt sinu seina m\u00f5\u00f5tu paanides. Keskkonnas\u00f5bralikud fliistapeedid.","robots":{"index":"index","follow":"follow","max-snippet":"max-snippet:-1","max-image-preview":"max-image-preview:large","max-video-preview":"max-video-preview:-1"},"canonical":"https:\/\/baubauwall.com\/et\/toode\/tapeet-roomsad-oravad\/","og_locale":"et_EE","og_type":"article","og_title":"Lastetoa tapeedid. Disaintapeet oravatega. Keskkonnas\u00f5bralik.","og_description":"Lastetoa tapeet. Disain oravate, seente ja puudega. R\u00e4tsepat\u00f6\u00f6na valmivad tapeedid t\u00e4pselt sinu seina m\u00f5\u00f5tu paanides. Keskkonnas\u00f5bralikud fliistapeedid.","og_url":"https:\/\/baubauwall.com\/et\/toode\/tapeet-roomsad-oravad\/","og_site_name":"BAUBAUWALL TAPEEDID","article_publisher":"https:\/\/www.facebook.com\/Baubauwall","article_modified_time":"2022-11-28T07:39:03+00:00","og_image":[{"width":1202,"height":800,"url":"https:\/\/baubauwall.com\/wp-content\/uploads\/2022\/04\/51100243_Squirrels_Baubauwall_Wallpaper_room6.jpg","type":"image\/jpeg"}],"twitter_card":"summary_large_image","twitter_misc":{"Est. reading time":"1 minut"},"schema":{"@context":"https:\/\/schema.org","@graph":[{"@type":"WebPage","@id":"https:\/\/baubauwall.com\/et\/toode\/tapeet-roomsad-oravad\/","url":"https:\/\/baubauwall.com\/et\/toode\/tapeet-roomsad-oravad\/","name":"Lastetoa tapeedid. Disaintapeet oravatega. Keskkonnas\u00f5bralik.","isPartOf":{"@id":"https:\/\/baubauwall.com\/et\/#website"},"primaryImageOfPage":{"@id":"https:\/\/baubauwall.com\/et\/toode\/tapeet-roomsad-oravad\/#primaryimage"},"image":{"@id":"https:\/\/baubauwall.com\/et\/toode\/tapeet-roomsad-oravad\/#primaryimage"},"thumbnailUrl":"https:\/\/baubauwall.com\/wp-content\/uploads\/2022\/04\/51100243_Squirrels_Baubauwall_Wallpaper_room6.jpg","datePublished":"2022-08-08T10:51:50+00:00","dateModified":"2022-11-28T07:39:03+00:00","description":"Lastetoa tapeet. Disain oravate, seente ja puudega. R\u00e4tsepat\u00f6\u00f6na valmivad tapeedid t\u00e4pselt sinu seina m\u00f5\u00f5tu paanides. Keskkonnas\u00f5bralikud fliistapeedid.","breadcrumb":{"@id":"https:\/\/baubauwall.com\/et\/toode\/tapeet-roomsad-oravad\/#breadcrumb"},"inLanguage":"et","potentialAction":[{"@type":"ReadAction","target":["https:\/\/baubauwall.com\/et\/toode\/tapeet-roomsad-oravad\/"]}]},{"@type":"ImageObject","inLanguage":"et","@id":"https:\/\/baubauwall.com\/et\/toode\/tapeet-roomsad-oravad\/#primaryimage","url":"https:\/\/baubauwall.com\/wp-content\/uploads\/2022\/04\/51100243_Squirrels_Baubauwall_Wallpaper_room6.jpg","contentUrl":"https:\/\/baubauwall.com\/wp-content\/uploads\/2022\/04\/51100243_Squirrels_Baubauwall_Wallpaper_room6.jpg","width":1202,"height":800},{"@type":"BreadcrumbList","@id":"https:\/\/baubauwall.com\/et\/toode\/tapeet-roomsad-oravad\/#breadcrumb","itemListElement":[{"@type":"ListItem","position":1,"name":"Koju","item":"https:\/\/baubauwall.com\/et\/"},{"@type":"ListItem","position":2,"name":"Tapeedid","item":"https:\/\/baubauwall.com\/et\/tapeedid\/"},{"@type":"ListItem","position":3,"name":"R\u00f5\u00f5msad oravad"}]},{"@type":"WebSite","@id":"https:\/\/baubauwall.com\/et\/#website","url":"https:\/\/baubauwall.com\/et\/","name":"BAUBAUWALL Wallpapers","description":"Valmis paanides tapeet Eestist!","publisher":{"@id":"https:\/\/baubauwall.com\/et\/#organization"},"potentialAction":[{"@type":"SearchAction","target":{"@type":"EntryPoint","urlTemplate":"https:\/\/baubauwall.com\/et\/?s={search_term_string}"},"query-input":{"@type":"PropertyValueSpecification","valueRequired":true,"valueName":"search_term_string"}}],"inLanguage":"et"},{"@type":"Organization","@id":"https:\/\/baubauwall.com\/et\/#organization","name":"BAUBAUWALL Wallpapers","url":"https:\/\/baubauwall.com\/et\/","logo":{"@type":"ImageObject","inLanguage":"et","@id":"https:\/\/baubauwall.com\/et\/#\/schema\/logo\/image\/","url":"https:\/\/baubauwall.com\/wp-content\/uploads\/2022\/03\/logo-horizontal.svg","contentUrl":"https:\/\/baubauwall.com\/wp-content\/uploads\/2022\/03\/logo-horizontal.svg","width":"1024","height":"1024","caption":"BAUBAUWALL Wallpapers"},"image":{"@id":"https:\/\/baubauwall.com\/et\/#\/schema\/logo\/image\/"},"sameAs":["https:\/\/www.facebook.com\/Baubauwall","https:\/\/www.instagram.com\/baubauwall"]}]}},"jetpack_sharing_enabled":true,"_links":{"self":[{"href":"https:\/\/baubauwall.com\/et\/wp-json\/wp\/v2\/product\/16475","targetHints":{"allow":["GET"]}}],"collection":[{"href":"https:\/\/baubauwall.com\/et\/wp-json\/wp\/v2\/product"}],"about":[{"href":"https:\/\/baubauwall.com\/et\/wp-json\/wp\/v2\/types\/product"}],"replies":[{"embeddable":true,"href":"https:\/\/baubauwall.com\/et\/wp-json\/wp\/v2\/comments?post=16475"}],"wp:featuredmedia":[{"embeddable":true,"href":"https:\/\/baubauwall.com\/et\/wp-json\/wp\/v2\/media\/16473"}],"wp:attachment":[{"href":"https:\/\/baubauwall.com\/et\/wp-json\/wp\/v2\/media?parent=16475"}],"wp:term":[{"taxonomy":"product_brand","embeddable":true,"href":"https:\/\/baubauwall.com\/et\/wp-json\/wp\/v2\/product_brand?post=16475"},{"taxonomy":"product_cat","embeddable":true,"href":"https:\/\/baubauwall.com\/et\/wp-json\/wp\/v2\/product_cat?post=16475"},{"taxonomy":"product_tag","embeddable":true,"href":"https:\/\/baubauwall.com\/et\/wp-json\/wp\/v2\/product_tag?post=16475"}],"curies":[{"name":"wp","href":"https:\/\/api.w.org\/{rel}","templated":true}]}}