{"id":16781,"date":"2022-08-29T07:18:25","date_gmt":"2022-08-29T05:18:25","guid":{"rendered":"https:\/\/baubauwall.com\/product\/wall-mural-striped-aqua-blue\/"},"modified":"2023-11-27T10:43:11","modified_gmt":"2023-11-27T08:43:11","slug":"pilttapeet-vesivarvi-virvendus-sinine","status":"publish","type":"product","link":"https:\/\/baubauwall.com\/et\/toode\/pilttapeet-vesivarvi-virvendus-sinine\/","title":{"rendered":"Vesiv\u00e4rvide virvendus &#8211; sinine"},"content":{"rendered":"<p>Efektne pilttapeet, mis \u00fchendab endas abstraktsed akvarellide v\u00e4rvilaigud ning range geomeetria. Tulemuseks on v\u00e4ga eriline tapeedidisain, mis tekitab intriigi! Tapeet on valminud k\u00e4sit\u00f6\u00f6na meie disainer Triinu loominguna. Sobita see julge pilttapeet eklektilise sisustusega v\u00f5i vastandliku moodsa minimalismiga. &#8220;Vesiv\u00e4rvide virvendus&#8221; tapeet on see seinakate, mis ei n\u00f5ua seinal lisaks kunstiteoseid, sest ongi ise see &#8211; kunst!<\/p>\n<p>Selle pilttapeedi disain on meil olemas ka heledamana ja bee\u017eina.\u00a0 Nagu k\u00f5ik meie tapeedid ja fototapeedid, on ka see pilttapeet tr\u00fckitud keskkonnas\u00f5bralike v\u00e4rvidega hingavale, fliistapeedi materjalile. Loe edasi nutikatest, j\u00e4tkusuutlikest tapeetidest<a href=\"https:\/\/baubauwall.com\/et\/keskkonnasobralikud-tapeedid\/\" target=\"_blank\" rel=\"noopener\"> siin.\u00a0<\/a><\/p>\n<p>&nbsp;<\/p>\n","protected":false},"excerpt":{"rendered":"<p>Efektne pilttapeet, mis \u00fchendab endas abstraktsed akvarellide v\u00e4rvilaigud ning range geomeetria. Tulemuseks on v\u00e4ga eriline tapeedidisain, mis tekitab intriigi! Tapeet on valminud k\u00e4sit\u00f6\u00f6na meie disainer Triinu loominguna. Sobita see julge pilttapeet eklektilise sisustusega v\u00f5i vastandliku moodsa minimalismiga. &#8220;Vesiv\u00e4rvide virvendus&#8221; tapeet on see seinakate, mis ei n\u00f5ua seinal lisaks kunstiteoseid, sest ongi ise see &#8211; kunst! [&hellip;]<\/p>\n","protected":false},"featured_media":16761,"comment_status":"open","ping_status":"closed","template":"","meta":{"_acf_changed":false,"inline_featured_image":false},"product_brand":[],"product_cat":[387,820,404,447,408,394,267,270,752,413,414,415,399,412,583],"product_tag":[320,345,381],"class_list":{"0":"post-16781","1":"product","2":"type-product","3":"status-publish","4":"has-post-thumbnail","6":"product_cat-pilttapeedid","7":"product_cat-triibulised-ruudulised","8":"product_cat-abstraktne","9":"product_cat-maksimalistlik-et","10":"product_cat-geomeetriline","11":"product_cat-rikkalik","12":"product_cat-sinised-tapeedid","13":"product_cat-tumedad-tapeedid","14":"product_cat-avalik-ruum","15":"product_cat-magamistoa-tapeedid","16":"product_cat-soogitoa-tapeedid","17":"product_cat-kulalistetoa-tapeedid","18":"product_cat-kodukontori-tapeedid","19":"product_cat-vannitoa-tapeedid","20":"product_cat-vesivarv","21":"product_tag-kasitoo","22":"product_tag-pilttapeet","23":"product_tag-vesivarv","24":"pa_designedby-baubauwall","26":"first","27":"instock","28":"taxable","29":"shipping-taxable","30":"purchasable","31":"product-type-simple"},"acf":[],"yoast_head":"<!-- This site is optimized with the Yoast SEO plugin v25.9 - https:\/\/yoast.com\/wordpress\/plugins\/seo\/ -->\n<title>Vesiv\u00e4rvi pilttapeet geomeetrilise abstraktse disainiga.<\/title>\n<meta name=\"description\" content=\"Pilttapeet sinine vesiv\u00e4rvi virvendus. Geomeetriline muster. Sinu seina m\u00f5\u00f5tu tr\u00fckitud nutikad tapeedid, fototapeedid, pilttapeedid.\" \/>\n<meta name=\"robots\" content=\"index, follow, max-snippet:-1, max-image-preview:large, max-video-preview:-1\" \/>\n<link rel=\"canonical\" href=\"https:\/\/baubauwall.com\/et\/toode\/pilttapeet-vesivarvi-virvendus-sinine\/\" \/>\n<meta property=\"og:locale\" content=\"et_EE\" \/>\n<meta property=\"og:type\" content=\"article\" \/>\n<meta property=\"og:title\" content=\"Vesiv\u00e4rvi pilttapeet geomeetrilise abstraktse disainiga.\" \/>\n<meta property=\"og:description\" content=\"Pilttapeet sinine vesiv\u00e4rvi virvendus. Geomeetriline muster. Sinu seina m\u00f5\u00f5tu tr\u00fckitud nutikad tapeedid, fototapeedid, pilttapeedid.\" \/>\n<meta property=\"og:url\" content=\"https:\/\/baubauwall.com\/et\/toode\/pilttapeet-vesivarvi-virvendus-sinine\/\" \/>\n<meta property=\"og:site_name\" content=\"BAUBAUWALL TAPEEDID\" \/>\n<meta property=\"article:publisher\" content=\"https:\/\/www.facebook.com\/Baubauwall\" \/>\n<meta property=\"article:modified_time\" content=\"2023-11-27T08:43:11+00:00\" \/>\n<meta property=\"og:image\" content=\"https:\/\/baubauwall.com\/wp-content\/uploads\/2022\/03\/51200106_StripedAqua-blue_Baubauwall_Wallmural_room2.jpg\" \/>\n\t<meta property=\"og:image:width\" content=\"2000\" \/>\n\t<meta property=\"og:image:height\" content=\"800\" \/>\n\t<meta property=\"og:image:type\" content=\"image\/jpeg\" \/>\n<meta name=\"twitter:card\" content=\"summary_large_image\" \/>\n<meta name=\"twitter:label1\" content=\"Est. reading time\" \/>\n\t<meta name=\"twitter:data1\" content=\"1 minut\" \/>\n<script type=\"application\/ld+json\" class=\"yoast-schema-graph\">{\"@context\":\"https:\/\/schema.org\",\"@graph\":[{\"@type\":\"WebPage\",\"@id\":\"https:\/\/baubauwall.com\/et\/toode\/pilttapeet-vesivarvi-virvendus-sinine\/\",\"url\":\"https:\/\/baubauwall.com\/et\/toode\/pilttapeet-vesivarvi-virvendus-sinine\/\",\"name\":\"Vesiv\u00e4rvi pilttapeet geomeetrilise abstraktse disainiga.\",\"isPartOf\":{\"@id\":\"https:\/\/baubauwall.com\/et\/#website\"},\"primaryImageOfPage\":{\"@id\":\"https:\/\/baubauwall.com\/et\/toode\/pilttapeet-vesivarvi-virvendus-sinine\/#primaryimage\"},\"image\":{\"@id\":\"https:\/\/baubauwall.com\/et\/toode\/pilttapeet-vesivarvi-virvendus-sinine\/#primaryimage\"},\"thumbnailUrl\":\"https:\/\/baubauwall.com\/wp-content\/uploads\/2022\/03\/51200106_StripedAqua-blue_Baubauwall_Wallmural_room2.jpg\",\"datePublished\":\"2022-08-29T05:18:25+00:00\",\"dateModified\":\"2023-11-27T08:43:11+00:00\",\"description\":\"Pilttapeet sinine vesiv\u00e4rvi virvendus. Geomeetriline muster. Sinu seina m\u00f5\u00f5tu tr\u00fckitud nutikad tapeedid, fototapeedid, pilttapeedid.\",\"breadcrumb\":{\"@id\":\"https:\/\/baubauwall.com\/et\/toode\/pilttapeet-vesivarvi-virvendus-sinine\/#breadcrumb\"},\"inLanguage\":\"et\",\"potentialAction\":[{\"@type\":\"ReadAction\",\"target\":[\"https:\/\/baubauwall.com\/et\/toode\/pilttapeet-vesivarvi-virvendus-sinine\/\"]}]},{\"@type\":\"ImageObject\",\"inLanguage\":\"et\",\"@id\":\"https:\/\/baubauwall.com\/et\/toode\/pilttapeet-vesivarvi-virvendus-sinine\/#primaryimage\",\"url\":\"https:\/\/baubauwall.com\/wp-content\/uploads\/2022\/03\/51200106_StripedAqua-blue_Baubauwall_Wallmural_room2.jpg\",\"contentUrl\":\"https:\/\/baubauwall.com\/wp-content\/uploads\/2022\/03\/51200106_StripedAqua-blue_Baubauwall_Wallmural_room2.jpg\",\"width\":2000,\"height\":800},{\"@type\":\"BreadcrumbList\",\"@id\":\"https:\/\/baubauwall.com\/et\/toode\/pilttapeet-vesivarvi-virvendus-sinine\/#breadcrumb\",\"itemListElement\":[{\"@type\":\"ListItem\",\"position\":1,\"name\":\"Koju\",\"item\":\"https:\/\/baubauwall.com\/et\/\"},{\"@type\":\"ListItem\",\"position\":2,\"name\":\"Tapeedid\",\"item\":\"https:\/\/baubauwall.com\/et\/tapeedid\/\"},{\"@type\":\"ListItem\",\"position\":3,\"name\":\"Vesiv\u00e4rvide virvendus &#8211; sinine\"}]},{\"@type\":\"WebSite\",\"@id\":\"https:\/\/baubauwall.com\/et\/#website\",\"url\":\"https:\/\/baubauwall.com\/et\/\",\"name\":\"BAUBAUWALL Wallpapers\",\"description\":\"Valmis paanides tapeet Eestist!\",\"publisher\":{\"@id\":\"https:\/\/baubauwall.com\/et\/#organization\"},\"potentialAction\":[{\"@type\":\"SearchAction\",\"target\":{\"@type\":\"EntryPoint\",\"urlTemplate\":\"https:\/\/baubauwall.com\/et\/?s={search_term_string}\"},\"query-input\":{\"@type\":\"PropertyValueSpecification\",\"valueRequired\":true,\"valueName\":\"search_term_string\"}}],\"inLanguage\":\"et\"},{\"@type\":\"Organization\",\"@id\":\"https:\/\/baubauwall.com\/et\/#organization\",\"name\":\"BAUBAUWALL Wallpapers\",\"url\":\"https:\/\/baubauwall.com\/et\/\",\"logo\":{\"@type\":\"ImageObject\",\"inLanguage\":\"et\",\"@id\":\"https:\/\/baubauwall.com\/et\/#\/schema\/logo\/image\/\",\"url\":\"https:\/\/baubauwall.com\/wp-content\/uploads\/2022\/03\/logo-horizontal.svg\",\"contentUrl\":\"https:\/\/baubauwall.com\/wp-content\/uploads\/2022\/03\/logo-horizontal.svg\",\"width\":\"1024\",\"height\":\"1024\",\"caption\":\"BAUBAUWALL Wallpapers\"},\"image\":{\"@id\":\"https:\/\/baubauwall.com\/et\/#\/schema\/logo\/image\/\"},\"sameAs\":[\"https:\/\/www.facebook.com\/Baubauwall\",\"https:\/\/www.instagram.com\/baubauwall\"]}]}<\/script>\n<!-- \/ Yoast SEO plugin. -->","yoast_head_json":{"title":"Vesiv\u00e4rvi pilttapeet geomeetrilise abstraktse disainiga.","description":"Pilttapeet sinine vesiv\u00e4rvi virvendus. Geomeetriline muster. Sinu seina m\u00f5\u00f5tu tr\u00fckitud nutikad tapeedid, fototapeedid, pilttapeedid.","robots":{"index":"index","follow":"follow","max-snippet":"max-snippet:-1","max-image-preview":"max-image-preview:large","max-video-preview":"max-video-preview:-1"},"canonical":"https:\/\/baubauwall.com\/et\/toode\/pilttapeet-vesivarvi-virvendus-sinine\/","og_locale":"et_EE","og_type":"article","og_title":"Vesiv\u00e4rvi pilttapeet geomeetrilise abstraktse disainiga.","og_description":"Pilttapeet sinine vesiv\u00e4rvi virvendus. Geomeetriline muster. Sinu seina m\u00f5\u00f5tu tr\u00fckitud nutikad tapeedid, fototapeedid, pilttapeedid.","og_url":"https:\/\/baubauwall.com\/et\/toode\/pilttapeet-vesivarvi-virvendus-sinine\/","og_site_name":"BAUBAUWALL TAPEEDID","article_publisher":"https:\/\/www.facebook.com\/Baubauwall","article_modified_time":"2023-11-27T08:43:11+00:00","og_image":[{"width":2000,"height":800,"url":"https:\/\/baubauwall.com\/wp-content\/uploads\/2022\/03\/51200106_StripedAqua-blue_Baubauwall_Wallmural_room2.jpg","type":"image\/jpeg"}],"twitter_card":"summary_large_image","twitter_misc":{"Est. reading time":"1 minut"},"schema":{"@context":"https:\/\/schema.org","@graph":[{"@type":"WebPage","@id":"https:\/\/baubauwall.com\/et\/toode\/pilttapeet-vesivarvi-virvendus-sinine\/","url":"https:\/\/baubauwall.com\/et\/toode\/pilttapeet-vesivarvi-virvendus-sinine\/","name":"Vesiv\u00e4rvi pilttapeet geomeetrilise abstraktse disainiga.","isPartOf":{"@id":"https:\/\/baubauwall.com\/et\/#website"},"primaryImageOfPage":{"@id":"https:\/\/baubauwall.com\/et\/toode\/pilttapeet-vesivarvi-virvendus-sinine\/#primaryimage"},"image":{"@id":"https:\/\/baubauwall.com\/et\/toode\/pilttapeet-vesivarvi-virvendus-sinine\/#primaryimage"},"thumbnailUrl":"https:\/\/baubauwall.com\/wp-content\/uploads\/2022\/03\/51200106_StripedAqua-blue_Baubauwall_Wallmural_room2.jpg","datePublished":"2022-08-29T05:18:25+00:00","dateModified":"2023-11-27T08:43:11+00:00","description":"Pilttapeet sinine vesiv\u00e4rvi virvendus. Geomeetriline muster. Sinu seina m\u00f5\u00f5tu tr\u00fckitud nutikad tapeedid, fototapeedid, pilttapeedid.","breadcrumb":{"@id":"https:\/\/baubauwall.com\/et\/toode\/pilttapeet-vesivarvi-virvendus-sinine\/#breadcrumb"},"inLanguage":"et","potentialAction":[{"@type":"ReadAction","target":["https:\/\/baubauwall.com\/et\/toode\/pilttapeet-vesivarvi-virvendus-sinine\/"]}]},{"@type":"ImageObject","inLanguage":"et","@id":"https:\/\/baubauwall.com\/et\/toode\/pilttapeet-vesivarvi-virvendus-sinine\/#primaryimage","url":"https:\/\/baubauwall.com\/wp-content\/uploads\/2022\/03\/51200106_StripedAqua-blue_Baubauwall_Wallmural_room2.jpg","contentUrl":"https:\/\/baubauwall.com\/wp-content\/uploads\/2022\/03\/51200106_StripedAqua-blue_Baubauwall_Wallmural_room2.jpg","width":2000,"height":800},{"@type":"BreadcrumbList","@id":"https:\/\/baubauwall.com\/et\/toode\/pilttapeet-vesivarvi-virvendus-sinine\/#breadcrumb","itemListElement":[{"@type":"ListItem","position":1,"name":"Koju","item":"https:\/\/baubauwall.com\/et\/"},{"@type":"ListItem","position":2,"name":"Tapeedid","item":"https:\/\/baubauwall.com\/et\/tapeedid\/"},{"@type":"ListItem","position":3,"name":"Vesiv\u00e4rvide virvendus &#8211; sinine"}]},{"@type":"WebSite","@id":"https:\/\/baubauwall.com\/et\/#website","url":"https:\/\/baubauwall.com\/et\/","name":"BAUBAUWALL Wallpapers","description":"Valmis paanides tapeet Eestist!","publisher":{"@id":"https:\/\/baubauwall.com\/et\/#organization"},"potentialAction":[{"@type":"SearchAction","target":{"@type":"EntryPoint","urlTemplate":"https:\/\/baubauwall.com\/et\/?s={search_term_string}"},"query-input":{"@type":"PropertyValueSpecification","valueRequired":true,"valueName":"search_term_string"}}],"inLanguage":"et"},{"@type":"Organization","@id":"https:\/\/baubauwall.com\/et\/#organization","name":"BAUBAUWALL Wallpapers","url":"https:\/\/baubauwall.com\/et\/","logo":{"@type":"ImageObject","inLanguage":"et","@id":"https:\/\/baubauwall.com\/et\/#\/schema\/logo\/image\/","url":"https:\/\/baubauwall.com\/wp-content\/uploads\/2022\/03\/logo-horizontal.svg","contentUrl":"https:\/\/baubauwall.com\/wp-content\/uploads\/2022\/03\/logo-horizontal.svg","width":"1024","height":"1024","caption":"BAUBAUWALL Wallpapers"},"image":{"@id":"https:\/\/baubauwall.com\/et\/#\/schema\/logo\/image\/"},"sameAs":["https:\/\/www.facebook.com\/Baubauwall","https:\/\/www.instagram.com\/baubauwall"]}]}},"jetpack_sharing_enabled":true,"_links":{"self":[{"href":"https:\/\/baubauwall.com\/et\/wp-json\/wp\/v2\/product\/16781","targetHints":{"allow":["GET"]}}],"collection":[{"href":"https:\/\/baubauwall.com\/et\/wp-json\/wp\/v2\/product"}],"about":[{"href":"https:\/\/baubauwall.com\/et\/wp-json\/wp\/v2\/types\/product"}],"replies":[{"embeddable":true,"href":"https:\/\/baubauwall.com\/et\/wp-json\/wp\/v2\/comments?post=16781"}],"wp:featuredmedia":[{"embeddable":true,"href":"https:\/\/baubauwall.com\/et\/wp-json\/wp\/v2\/media\/16761"}],"wp:attachment":[{"href":"https:\/\/baubauwall.com\/et\/wp-json\/wp\/v2\/media?parent=16781"}],"wp:term":[{"taxonomy":"product_brand","embeddable":true,"href":"https:\/\/baubauwall.com\/et\/wp-json\/wp\/v2\/product_brand?post=16781"},{"taxonomy":"product_cat","embeddable":true,"href":"https:\/\/baubauwall.com\/et\/wp-json\/wp\/v2\/product_cat?post=16781"},{"taxonomy":"product_tag","embeddable":true,"href":"https:\/\/baubauwall.com\/et\/wp-json\/wp\/v2\/product_tag?post=16781"}],"curies":[{"name":"wp","href":"https:\/\/api.w.org\/{rel}","templated":true}]}}