{"id":16813,"date":"2022-08-30T07:18:26","date_gmt":"2022-08-30T05:18:26","guid":{"rendered":"https:\/\/baubauwall.com\/product\/wall-mural-watercolor-striped-aqua\/"},"modified":"2022-09-05T11:45:58","modified_gmt":"2022-09-05T09:45:58","slug":"pilttapeet-vesivarvi-virvendus-hele","status":"publish","type":"product","link":"https:\/\/baubauwall.com\/et\/toode\/pilttapeet-vesivarvi-virvendus-hele\/","title":{"rendered":"Vesiv\u00e4rvide virvendus &#8211; hele"},"content":{"rendered":"<p>Efektne pilttapeet, mis \u00fchendab endas abstraktsed akvarellide v\u00e4rvilaigud ning range geomeetria. Tulemuseks on v\u00e4ga eriline tapeedidisain, mis tekitab intriigi! Tapeet on valminud k\u00e4sit\u00f6\u00f6na meie disainer Triinu loominguna. Sobita see julge pilttapeet eklektilise sisustusega v\u00f5i vastandliku moodsa minimalismiga. Vesiv\u00e4rvide virvendus tapeet on see seinakate, mis ei n\u00f5ua seinal lisaks kunstiteoseid, sest ongi ise see &#8211; kunst!<\/p>\n<p>Pilttapeet &#8220;Vesiv\u00e4rvide virvendus&#8221; on meil olemas ka sinise ja bee\u017eina.\u00a0 Nagu k\u00f5ik meie tapeedid on ka see pilttapeet tr\u00fckitud keskkonnas\u00f5bralike v\u00e4rvidega hingavale, fliistapeedi materjalile. Loe edasi nutikatest, j\u00e4tkusuutlikest tapeetidest<a href=\"https:\/\/baubauwall.com\/et\/keskkonnasobralikud-tapeedid\/\" target=\"_blank\" rel=\"noopener\"> siin.\u00a0<\/a><\/p>\n<p>&nbsp;<\/p>\n","protected":false},"excerpt":{"rendered":"<p>Efektne pilttapeet, mis \u00fchendab endas abstraktsed akvarellide v\u00e4rvilaigud ning range geomeetria. Tulemuseks on v\u00e4ga eriline tapeedidisain, mis tekitab intriigi! Tapeet on valminud k\u00e4sit\u00f6\u00f6na meie disainer Triinu loominguna. Sobita see julge pilttapeet eklektilise sisustusega v\u00f5i vastandliku moodsa minimalismiga. Vesiv\u00e4rvide virvendus tapeet on see seinakate, mis ei n\u00f5ua seinal lisaks kunstiteoseid, sest ongi ise see &#8211; kunst! [&hellip;]<\/p>\n","protected":false},"featured_media":43236,"comment_status":"open","ping_status":"closed","template":"","meta":{"_acf_changed":false,"inline_featured_image":false},"product_brand":[],"product_cat":[387,820,404,447,267,273,752,413,414,415,399,402,583],"product_tag":[584,320,345,381],"class_list":{"0":"post-16813","1":"product","2":"type-product","3":"status-publish","4":"has-post-thumbnail","6":"product_cat-pilttapeedid","7":"product_cat-triibulised-ruudulised","8":"product_cat-abstraktne","9":"product_cat-maksimalistlik-et","10":"product_cat-sinised-tapeedid","11":"product_cat-heledad-tapeedid","12":"product_cat-avalik-ruum","13":"product_cat-magamistoa-tapeedid","14":"product_cat-soogitoa-tapeedid","15":"product_cat-kulalistetoa-tapeedid","16":"product_cat-kodukontori-tapeedid","17":"product_cat-elutoa-tapeedid","18":"product_cat-vesivarv","19":"product_tag-boho-et","20":"product_tag-kasitoo","21":"product_tag-pilttapeet","22":"product_tag-vesivarv","23":"pa_designedby-baubauwall","25":"first","26":"instock","27":"taxable","28":"shipping-taxable","29":"purchasable","30":"product-type-simple"},"acf":[],"yoast_head":"<!-- This site is optimized with the Yoast SEO plugin v25.9 - https:\/\/yoast.com\/wordpress\/plugins\/seo\/ -->\n<title>Geomeetriline vesiv\u00e4rvi pilttapeet. Sinu seina m\u00f5\u00f5dus tapeedid.<\/title>\n<meta name=\"description\" content=\"Vesiv\u00e4rvi tehnikas pilttapeet. Geomeetriline kujundus. Kunstip\u00e4rane disain elutoa v\u00f5i magamistoa seinale. T\u00e4pselt sinu seina m\u00f5\u00f5tu tapeedipaanid.\" \/>\n<meta name=\"robots\" content=\"index, follow, max-snippet:-1, max-image-preview:large, max-video-preview:-1\" \/>\n<link rel=\"canonical\" href=\"https:\/\/baubauwall.com\/et\/toode\/pilttapeet-vesivarvi-virvendus-hele\/\" \/>\n<meta property=\"og:locale\" content=\"et_EE\" \/>\n<meta property=\"og:type\" content=\"article\" \/>\n<meta property=\"og:title\" content=\"Geomeetriline vesiv\u00e4rvi pilttapeet. Sinu seina m\u00f5\u00f5dus tapeedid.\" \/>\n<meta property=\"og:description\" content=\"Vesiv\u00e4rvi tehnikas pilttapeet. Geomeetriline kujundus. Kunstip\u00e4rane disain elutoa v\u00f5i magamistoa seinale. T\u00e4pselt sinu seina m\u00f5\u00f5tu tapeedipaanid.\" \/>\n<meta property=\"og:url\" content=\"https:\/\/baubauwall.com\/et\/toode\/pilttapeet-vesivarvi-virvendus-hele\/\" \/>\n<meta property=\"og:site_name\" content=\"BAUBAUWALL Wallpapers\" \/>\n<meta property=\"article:publisher\" content=\"https:\/\/www.facebook.com\/Baubauwall\" \/>\n<meta property=\"article:modified_time\" content=\"2022-09-05T09:45:58+00:00\" \/>\n<meta property=\"og:image\" content=\"https:\/\/baubauwall.com\/wp-content\/uploads\/2022\/03\/51200107_StripedAqua-light_Baubauwall_Wallmural_room7-1.jpg\" \/>\n\t<meta property=\"og:image:width\" content=\"1200\" \/>\n\t<meta property=\"og:image:height\" content=\"800\" \/>\n\t<meta property=\"og:image:type\" content=\"image\/jpeg\" \/>\n<meta name=\"twitter:card\" content=\"summary_large_image\" \/>\n<meta name=\"twitter:label1\" content=\"Est. reading time\" \/>\n\t<meta name=\"twitter:data1\" content=\"1 minut\" \/>\n<script type=\"application\/ld+json\" class=\"yoast-schema-graph\">{\"@context\":\"https:\/\/schema.org\",\"@graph\":[{\"@type\":\"WebPage\",\"@id\":\"https:\/\/baubauwall.com\/et\/toode\/pilttapeet-vesivarvi-virvendus-hele\/\",\"url\":\"https:\/\/baubauwall.com\/et\/toode\/pilttapeet-vesivarvi-virvendus-hele\/\",\"name\":\"Geomeetriline vesiv\u00e4rvi pilttapeet. Sinu seina m\u00f5\u00f5dus tapeedid.\",\"isPartOf\":{\"@id\":\"https:\/\/baubauwall.com\/et\/#website\"},\"primaryImageOfPage\":{\"@id\":\"https:\/\/baubauwall.com\/et\/toode\/pilttapeet-vesivarvi-virvendus-hele\/#primaryimage\"},\"image\":{\"@id\":\"https:\/\/baubauwall.com\/et\/toode\/pilttapeet-vesivarvi-virvendus-hele\/#primaryimage\"},\"thumbnailUrl\":\"https:\/\/baubauwall.com\/wp-content\/uploads\/2022\/08\/51200107_StripedAqua-light_Baubauwall_Wallmural_room12.jpg\",\"datePublished\":\"2022-08-30T05:18:26+00:00\",\"dateModified\":\"2022-09-05T09:45:58+00:00\",\"description\":\"Vesiv\u00e4rvi tehnikas pilttapeet. Geomeetriline kujundus. Kunstip\u00e4rane disain elutoa v\u00f5i magamistoa seinale. T\u00e4pselt sinu seina m\u00f5\u00f5tu tapeedipaanid.\",\"breadcrumb\":{\"@id\":\"https:\/\/baubauwall.com\/et\/toode\/pilttapeet-vesivarvi-virvendus-hele\/#breadcrumb\"},\"inLanguage\":\"et\",\"potentialAction\":[{\"@type\":\"ReadAction\",\"target\":[\"https:\/\/baubauwall.com\/et\/toode\/pilttapeet-vesivarvi-virvendus-hele\/\"]}]},{\"@type\":\"ImageObject\",\"inLanguage\":\"et\",\"@id\":\"https:\/\/baubauwall.com\/et\/toode\/pilttapeet-vesivarvi-virvendus-hele\/#primaryimage\",\"url\":\"https:\/\/baubauwall.com\/wp-content\/uploads\/2022\/08\/51200107_StripedAqua-light_Baubauwall_Wallmural_room12.jpg\",\"contentUrl\":\"https:\/\/baubauwall.com\/wp-content\/uploads\/2022\/08\/51200107_StripedAqua-light_Baubauwall_Wallmural_room12.jpg\",\"width\":641,\"height\":800,\"caption\":\"Mural wallpaper with stripes, painted in watercolor. Home office adorned with artsy wallpaper by Baubauwall wallpaper\"},{\"@type\":\"BreadcrumbList\",\"@id\":\"https:\/\/baubauwall.com\/et\/toode\/pilttapeet-vesivarvi-virvendus-hele\/#breadcrumb\",\"itemListElement\":[{\"@type\":\"ListItem\",\"position\":1,\"name\":\"Koju\",\"item\":\"https:\/\/baubauwall.com\/et\/\"},{\"@type\":\"ListItem\",\"position\":2,\"name\":\"Tapeedid\",\"item\":\"https:\/\/baubauwall.com\/et\/tapeedid\/\"},{\"@type\":\"ListItem\",\"position\":3,\"name\":\"Vesiv\u00e4rvide virvendus &#8211; hele\"}]},{\"@type\":\"WebSite\",\"@id\":\"https:\/\/baubauwall.com\/et\/#website\",\"url\":\"https:\/\/baubauwall.com\/et\/\",\"name\":\"BAUBAUWALL Wallpapers\",\"description\":\"Valmis paanides tapeet Eestist!\",\"publisher\":{\"@id\":\"https:\/\/baubauwall.com\/et\/#organization\"},\"potentialAction\":[{\"@type\":\"SearchAction\",\"target\":{\"@type\":\"EntryPoint\",\"urlTemplate\":\"https:\/\/baubauwall.com\/et\/?s={search_term_string}\"},\"query-input\":{\"@type\":\"PropertyValueSpecification\",\"valueRequired\":true,\"valueName\":\"search_term_string\"}}],\"inLanguage\":\"et\"},{\"@type\":\"Organization\",\"@id\":\"https:\/\/baubauwall.com\/et\/#organization\",\"name\":\"BAUBAUWALL Wallpapers\",\"url\":\"https:\/\/baubauwall.com\/et\/\",\"logo\":{\"@type\":\"ImageObject\",\"inLanguage\":\"et\",\"@id\":\"https:\/\/baubauwall.com\/et\/#\/schema\/logo\/image\/\",\"url\":\"https:\/\/baubauwall.com\/wp-content\/uploads\/2022\/03\/logo-horizontal.svg\",\"contentUrl\":\"https:\/\/baubauwall.com\/wp-content\/uploads\/2022\/03\/logo-horizontal.svg\",\"width\":\"1024\",\"height\":\"1024\",\"caption\":\"BAUBAUWALL Wallpapers\"},\"image\":{\"@id\":\"https:\/\/baubauwall.com\/et\/#\/schema\/logo\/image\/\"},\"sameAs\":[\"https:\/\/www.facebook.com\/Baubauwall\",\"https:\/\/www.instagram.com\/baubauwall\"]}]}<\/script>\n<!-- \/ Yoast SEO plugin. -->","yoast_head_json":{"title":"Geomeetriline vesiv\u00e4rvi pilttapeet. Sinu seina m\u00f5\u00f5dus tapeedid.","description":"Vesiv\u00e4rvi tehnikas pilttapeet. Geomeetriline kujundus. Kunstip\u00e4rane disain elutoa v\u00f5i magamistoa seinale. T\u00e4pselt sinu seina m\u00f5\u00f5tu tapeedipaanid.","robots":{"index":"index","follow":"follow","max-snippet":"max-snippet:-1","max-image-preview":"max-image-preview:large","max-video-preview":"max-video-preview:-1"},"canonical":"https:\/\/baubauwall.com\/et\/toode\/pilttapeet-vesivarvi-virvendus-hele\/","og_locale":"et_EE","og_type":"article","og_title":"Geomeetriline vesiv\u00e4rvi pilttapeet. Sinu seina m\u00f5\u00f5dus tapeedid.","og_description":"Vesiv\u00e4rvi tehnikas pilttapeet. Geomeetriline kujundus. Kunstip\u00e4rane disain elutoa v\u00f5i magamistoa seinale. T\u00e4pselt sinu seina m\u00f5\u00f5tu tapeedipaanid.","og_url":"https:\/\/baubauwall.com\/et\/toode\/pilttapeet-vesivarvi-virvendus-hele\/","og_site_name":"BAUBAUWALL Wallpapers","article_publisher":"https:\/\/www.facebook.com\/Baubauwall","article_modified_time":"2022-09-05T09:45:58+00:00","og_image":[{"width":1200,"height":800,"url":"https:\/\/baubauwall.com\/wp-content\/uploads\/2022\/03\/51200107_StripedAqua-light_Baubauwall_Wallmural_room7-1.jpg","type":"image\/jpeg"}],"twitter_card":"summary_large_image","twitter_misc":{"Est. reading time":"1 minut"},"schema":{"@context":"https:\/\/schema.org","@graph":[{"@type":"WebPage","@id":"https:\/\/baubauwall.com\/et\/toode\/pilttapeet-vesivarvi-virvendus-hele\/","url":"https:\/\/baubauwall.com\/et\/toode\/pilttapeet-vesivarvi-virvendus-hele\/","name":"Geomeetriline vesiv\u00e4rvi pilttapeet. Sinu seina m\u00f5\u00f5dus tapeedid.","isPartOf":{"@id":"https:\/\/baubauwall.com\/et\/#website"},"primaryImageOfPage":{"@id":"https:\/\/baubauwall.com\/et\/toode\/pilttapeet-vesivarvi-virvendus-hele\/#primaryimage"},"image":{"@id":"https:\/\/baubauwall.com\/et\/toode\/pilttapeet-vesivarvi-virvendus-hele\/#primaryimage"},"thumbnailUrl":"https:\/\/baubauwall.com\/wp-content\/uploads\/2022\/08\/51200107_StripedAqua-light_Baubauwall_Wallmural_room12.jpg","datePublished":"2022-08-30T05:18:26+00:00","dateModified":"2022-09-05T09:45:58+00:00","description":"Vesiv\u00e4rvi tehnikas pilttapeet. Geomeetriline kujundus. Kunstip\u00e4rane disain elutoa v\u00f5i magamistoa seinale. T\u00e4pselt sinu seina m\u00f5\u00f5tu tapeedipaanid.","breadcrumb":{"@id":"https:\/\/baubauwall.com\/et\/toode\/pilttapeet-vesivarvi-virvendus-hele\/#breadcrumb"},"inLanguage":"et","potentialAction":[{"@type":"ReadAction","target":["https:\/\/baubauwall.com\/et\/toode\/pilttapeet-vesivarvi-virvendus-hele\/"]}]},{"@type":"ImageObject","inLanguage":"et","@id":"https:\/\/baubauwall.com\/et\/toode\/pilttapeet-vesivarvi-virvendus-hele\/#primaryimage","url":"https:\/\/baubauwall.com\/wp-content\/uploads\/2022\/08\/51200107_StripedAqua-light_Baubauwall_Wallmural_room12.jpg","contentUrl":"https:\/\/baubauwall.com\/wp-content\/uploads\/2022\/08\/51200107_StripedAqua-light_Baubauwall_Wallmural_room12.jpg","width":641,"height":800,"caption":"Mural wallpaper with stripes, painted in watercolor. Home office adorned with artsy wallpaper by Baubauwall wallpaper"},{"@type":"BreadcrumbList","@id":"https:\/\/baubauwall.com\/et\/toode\/pilttapeet-vesivarvi-virvendus-hele\/#breadcrumb","itemListElement":[{"@type":"ListItem","position":1,"name":"Koju","item":"https:\/\/baubauwall.com\/et\/"},{"@type":"ListItem","position":2,"name":"Tapeedid","item":"https:\/\/baubauwall.com\/et\/tapeedid\/"},{"@type":"ListItem","position":3,"name":"Vesiv\u00e4rvide virvendus &#8211; hele"}]},{"@type":"WebSite","@id":"https:\/\/baubauwall.com\/et\/#website","url":"https:\/\/baubauwall.com\/et\/","name":"BAUBAUWALL Wallpapers","description":"Valmis paanides tapeet Eestist!","publisher":{"@id":"https:\/\/baubauwall.com\/et\/#organization"},"potentialAction":[{"@type":"SearchAction","target":{"@type":"EntryPoint","urlTemplate":"https:\/\/baubauwall.com\/et\/?s={search_term_string}"},"query-input":{"@type":"PropertyValueSpecification","valueRequired":true,"valueName":"search_term_string"}}],"inLanguage":"et"},{"@type":"Organization","@id":"https:\/\/baubauwall.com\/et\/#organization","name":"BAUBAUWALL Wallpapers","url":"https:\/\/baubauwall.com\/et\/","logo":{"@type":"ImageObject","inLanguage":"et","@id":"https:\/\/baubauwall.com\/et\/#\/schema\/logo\/image\/","url":"https:\/\/baubauwall.com\/wp-content\/uploads\/2022\/03\/logo-horizontal.svg","contentUrl":"https:\/\/baubauwall.com\/wp-content\/uploads\/2022\/03\/logo-horizontal.svg","width":"1024","height":"1024","caption":"BAUBAUWALL Wallpapers"},"image":{"@id":"https:\/\/baubauwall.com\/et\/#\/schema\/logo\/image\/"},"sameAs":["https:\/\/www.facebook.com\/Baubauwall","https:\/\/www.instagram.com\/baubauwall"]}]}},"jetpack_sharing_enabled":true,"_links":{"self":[{"href":"https:\/\/baubauwall.com\/et\/wp-json\/wp\/v2\/product\/16813","targetHints":{"allow":["GET"]}}],"collection":[{"href":"https:\/\/baubauwall.com\/et\/wp-json\/wp\/v2\/product"}],"about":[{"href":"https:\/\/baubauwall.com\/et\/wp-json\/wp\/v2\/types\/product"}],"replies":[{"embeddable":true,"href":"https:\/\/baubauwall.com\/et\/wp-json\/wp\/v2\/comments?post=16813"}],"wp:featuredmedia":[{"embeddable":true,"href":"https:\/\/baubauwall.com\/et\/wp-json\/wp\/v2\/media\/43236"}],"wp:attachment":[{"href":"https:\/\/baubauwall.com\/et\/wp-json\/wp\/v2\/media?parent=16813"}],"wp:term":[{"taxonomy":"product_brand","embeddable":true,"href":"https:\/\/baubauwall.com\/et\/wp-json\/wp\/v2\/product_brand?post=16813"},{"taxonomy":"product_cat","embeddable":true,"href":"https:\/\/baubauwall.com\/et\/wp-json\/wp\/v2\/product_cat?post=16813"},{"taxonomy":"product_tag","embeddable":true,"href":"https:\/\/baubauwall.com\/et\/wp-json\/wp\/v2\/product_tag?post=16813"}],"curies":[{"name":"wp","href":"https:\/\/api.w.org\/{rel}","templated":true}]}}