{"id":17450,"date":"2022-09-12T07:18:29","date_gmt":"2022-09-12T05:18:29","guid":{"rendered":"https:\/\/baubauwall.com\/product\/wall-mural-tropical-jungle-kingdom\/"},"modified":"2024-09-30T16:14:20","modified_gmt":"2024-09-30T14:14:20","slug":"pilttapeet-troopiline-dzunglikuningriik","status":"publish","type":"product","link":"https:\/\/baubauwall.com\/et\/toode\/pilttapeet-troopiline-dzunglikuningriik\/","title":{"rendered":"Troopiline d\u017eunglikuningriik"},"content":{"rendered":"<p>Efektne tapeet lastetuppa, mis on nii m\u00e4nguline kui lihtsalt nii tore! Ulakad ahvid, graatsiline kollane papagoi ja m\u00f5nedki muud p\u00f5nevad d\u017eunglielanikud \u2013 nad k\u00f5ik kohtuvad sel tapeedil.<\/p>\n<p>Nagu k\u00f5ik meie kordusmustriga tapeedid ja pilttapeedid, on ka see disain tr\u00fckitud\u00a0<a href=\"https:\/\/baubauwall.com\/et\/keskkonnasobralikud-tapeedid\/\" target=\"_blank\" rel=\"noopener\">keskkonnas\u00f5bralike v\u00e4rvidega<\/a>, hingavale fliistapeedi materjalile, mis ei l\u00e4igi ja on lihtne paigaldada. Sinu uus tapeet tuleb valmis l\u00f5igatud ning nummerdatud paanides, mis on t\u00e4pselt nii k\u00f5rged, kui Sinu sein.<\/p>\n","protected":false},"excerpt":{"rendered":"<p>Efektne tapeet lastetuppa, mis on nii m\u00e4nguline kui lihtsalt nii tore! Ulakad ahvid, graatsiline kollane papagoi ja m\u00f5nedki muud p\u00f5nevad d\u017eunglielanikud \u2013 nad k\u00f5ik kohtuvad sel tapeedil. Nagu k\u00f5ik meie kordusmustriga tapeedid ja pilttapeedid, on ka see disain tr\u00fckitud\u00a0keskkonnas\u00f5bralike v\u00e4rvidega, hingavale fliistapeedi materjalile, mis ei l\u00e4igi ja on lihtne paigaldada. Sinu uus tapeet tuleb valmis [&hellip;]<\/p>\n","protected":false},"featured_media":17352,"comment_status":"open","ping_status":"closed","template":"","meta":{"_acf_changed":false,"inline_featured_image":false},"product_brand":[],"product_cat":[387,447,394,268,271,413,400,402,412,248,250,254,255],"product_tag":[695,306,345],"class_list":{"0":"post-17450","1":"product","2":"type-product","3":"status-publish","4":"has-post-thumbnail","6":"product_cat-pilttapeedid","7":"product_cat-maksimalistlik-et","8":"product_cat-rikkalik","9":"product_cat-kirkad-tapeedid","10":"product_cat-rohelised-tapeedid","11":"product_cat-magamistoa-tapeedid","12":"product_cat-lastetoa-tapeedid","13":"product_cat-elutoa-tapeedid","14":"product_cat-vannitoa-tapeedid","15":"product_cat-mets","16":"product_cat-dzungel-troopika","17":"product_cat-loodus","18":"product_cat-loomad","19":"product_tag-eesti-disain-tapeedid","20":"product_tag-liblikas","21":"product_tag-pilttapeet","22":"pa_designedby-baubauwall","24":"first","25":"instock","26":"taxable","27":"shipping-taxable","28":"purchasable","29":"product-type-simple"},"acf":[],"yoast_head":"<!-- This site is optimized with the Yoast SEO plugin v25.9 - https:\/\/yoast.com\/wordpress\/plugins\/seo\/ -->\n<title>Pilttapeet lastetuppa uhke d\u017eungliga<\/title>\n<meta name=\"description\" content=\"Troopiline d\u017eungel lastetoa tapeedil - muidugi! Ahvid, nokkloom, liblikad ja papagoi - k\u00f5ik elavad sel tapeedil koos. Paigalda lastetoa \u00fchele seinale.\" \/>\n<meta name=\"robots\" content=\"index, follow, max-snippet:-1, max-image-preview:large, max-video-preview:-1\" \/>\n<link rel=\"canonical\" href=\"https:\/\/baubauwall.com\/et\/toode\/pilttapeet-troopiline-dzunglikuningriik\/\" \/>\n<meta property=\"og:locale\" content=\"et_EE\" \/>\n<meta property=\"og:type\" content=\"article\" \/>\n<meta property=\"og:title\" content=\"Pilttapeet lastetuppa uhke d\u017eungliga\" \/>\n<meta property=\"og:description\" content=\"Troopiline d\u017eungel lastetoa tapeedil - muidugi! Ahvid, nokkloom, liblikad ja papagoi - k\u00f5ik elavad sel tapeedil koos. Paigalda lastetoa \u00fchele seinale.\" \/>\n<meta property=\"og:url\" content=\"https:\/\/baubauwall.com\/et\/toode\/pilttapeet-troopiline-dzunglikuningriik\/\" \/>\n<meta property=\"og:site_name\" content=\"BAUBAUWALL TAPEEDID\" \/>\n<meta property=\"article:publisher\" content=\"https:\/\/www.facebook.com\/Baubauwall\" \/>\n<meta property=\"article:modified_time\" content=\"2024-09-30T14:14:20+00:00\" \/>\n<meta property=\"og:image\" content=\"https:\/\/baubauwall.com\/wp-content\/uploads\/2022\/03\/51200115_TropicalJungleKingdom_Baubauwall_Wallmural_room6.jpg\" \/>\n\t<meta property=\"og:image:width\" content=\"1297\" \/>\n\t<meta property=\"og:image:height\" content=\"800\" \/>\n\t<meta property=\"og:image:type\" content=\"image\/jpeg\" \/>\n<meta name=\"twitter:card\" content=\"summary_large_image\" \/>\n<meta name=\"twitter:label1\" content=\"Est. reading time\" \/>\n\t<meta name=\"twitter:data1\" content=\"1 minut\" \/>\n<script type=\"application\/ld+json\" class=\"yoast-schema-graph\">{\"@context\":\"https:\/\/schema.org\",\"@graph\":[{\"@type\":\"WebPage\",\"@id\":\"https:\/\/baubauwall.com\/et\/toode\/pilttapeet-troopiline-dzunglikuningriik\/\",\"url\":\"https:\/\/baubauwall.com\/et\/toode\/pilttapeet-troopiline-dzunglikuningriik\/\",\"name\":\"Pilttapeet lastetuppa uhke d\u017eungliga\",\"isPartOf\":{\"@id\":\"https:\/\/baubauwall.com\/et\/#website\"},\"primaryImageOfPage\":{\"@id\":\"https:\/\/baubauwall.com\/et\/toode\/pilttapeet-troopiline-dzunglikuningriik\/#primaryimage\"},\"image\":{\"@id\":\"https:\/\/baubauwall.com\/et\/toode\/pilttapeet-troopiline-dzunglikuningriik\/#primaryimage\"},\"thumbnailUrl\":\"https:\/\/baubauwall.com\/wp-content\/uploads\/2022\/03\/51200115_TropicalJungleKingdom_Baubauwall_Wallmural_room6.jpg\",\"datePublished\":\"2022-09-12T05:18:29+00:00\",\"dateModified\":\"2024-09-30T14:14:20+00:00\",\"description\":\"Troopiline d\u017eungel lastetoa tapeedil - muidugi! Ahvid, nokkloom, liblikad ja papagoi - k\u00f5ik elavad sel tapeedil koos. Paigalda lastetoa \u00fchele seinale.\",\"breadcrumb\":{\"@id\":\"https:\/\/baubauwall.com\/et\/toode\/pilttapeet-troopiline-dzunglikuningriik\/#breadcrumb\"},\"inLanguage\":\"et\",\"potentialAction\":[{\"@type\":\"ReadAction\",\"target\":[\"https:\/\/baubauwall.com\/et\/toode\/pilttapeet-troopiline-dzunglikuningriik\/\"]}]},{\"@type\":\"ImageObject\",\"inLanguage\":\"et\",\"@id\":\"https:\/\/baubauwall.com\/et\/toode\/pilttapeet-troopiline-dzunglikuningriik\/#primaryimage\",\"url\":\"https:\/\/baubauwall.com\/wp-content\/uploads\/2022\/03\/51200115_TropicalJungleKingdom_Baubauwall_Wallmural_room6.jpg\",\"contentUrl\":\"https:\/\/baubauwall.com\/wp-content\/uploads\/2022\/03\/51200115_TropicalJungleKingdom_Baubauwall_Wallmural_room6.jpg\",\"width\":1297,\"height\":800,\"caption\":\"Kids room fun wallpaper with jungle view and monkeys\"},{\"@type\":\"BreadcrumbList\",\"@id\":\"https:\/\/baubauwall.com\/et\/toode\/pilttapeet-troopiline-dzunglikuningriik\/#breadcrumb\",\"itemListElement\":[{\"@type\":\"ListItem\",\"position\":1,\"name\":\"Koju\",\"item\":\"https:\/\/baubauwall.com\/et\/\"},{\"@type\":\"ListItem\",\"position\":2,\"name\":\"Tapeedid\",\"item\":\"https:\/\/baubauwall.com\/et\/tapeedid\/\"},{\"@type\":\"ListItem\",\"position\":3,\"name\":\"Troopiline d\u017eunglikuningriik\"}]},{\"@type\":\"WebSite\",\"@id\":\"https:\/\/baubauwall.com\/et\/#website\",\"url\":\"https:\/\/baubauwall.com\/et\/\",\"name\":\"BAUBAUWALL Wallpapers\",\"description\":\"Valmis paanides tapeet Eestist!\",\"publisher\":{\"@id\":\"https:\/\/baubauwall.com\/et\/#organization\"},\"potentialAction\":[{\"@type\":\"SearchAction\",\"target\":{\"@type\":\"EntryPoint\",\"urlTemplate\":\"https:\/\/baubauwall.com\/et\/?s={search_term_string}\"},\"query-input\":{\"@type\":\"PropertyValueSpecification\",\"valueRequired\":true,\"valueName\":\"search_term_string\"}}],\"inLanguage\":\"et\"},{\"@type\":\"Organization\",\"@id\":\"https:\/\/baubauwall.com\/et\/#organization\",\"name\":\"BAUBAUWALL Wallpapers\",\"url\":\"https:\/\/baubauwall.com\/et\/\",\"logo\":{\"@type\":\"ImageObject\",\"inLanguage\":\"et\",\"@id\":\"https:\/\/baubauwall.com\/et\/#\/schema\/logo\/image\/\",\"url\":\"https:\/\/baubauwall.com\/wp-content\/uploads\/2022\/03\/logo-horizontal.svg\",\"contentUrl\":\"https:\/\/baubauwall.com\/wp-content\/uploads\/2022\/03\/logo-horizontal.svg\",\"width\":\"1024\",\"height\":\"1024\",\"caption\":\"BAUBAUWALL Wallpapers\"},\"image\":{\"@id\":\"https:\/\/baubauwall.com\/et\/#\/schema\/logo\/image\/\"},\"sameAs\":[\"https:\/\/www.facebook.com\/Baubauwall\",\"https:\/\/www.instagram.com\/baubauwall\"]}]}<\/script>\n<!-- \/ Yoast SEO plugin. -->","yoast_head_json":{"title":"Pilttapeet lastetuppa uhke d\u017eungliga","description":"Troopiline d\u017eungel lastetoa tapeedil - muidugi! Ahvid, nokkloom, liblikad ja papagoi - k\u00f5ik elavad sel tapeedil koos. Paigalda lastetoa \u00fchele seinale.","robots":{"index":"index","follow":"follow","max-snippet":"max-snippet:-1","max-image-preview":"max-image-preview:large","max-video-preview":"max-video-preview:-1"},"canonical":"https:\/\/baubauwall.com\/et\/toode\/pilttapeet-troopiline-dzunglikuningriik\/","og_locale":"et_EE","og_type":"article","og_title":"Pilttapeet lastetuppa uhke d\u017eungliga","og_description":"Troopiline d\u017eungel lastetoa tapeedil - muidugi! Ahvid, nokkloom, liblikad ja papagoi - k\u00f5ik elavad sel tapeedil koos. Paigalda lastetoa \u00fchele seinale.","og_url":"https:\/\/baubauwall.com\/et\/toode\/pilttapeet-troopiline-dzunglikuningriik\/","og_site_name":"BAUBAUWALL TAPEEDID","article_publisher":"https:\/\/www.facebook.com\/Baubauwall","article_modified_time":"2024-09-30T14:14:20+00:00","og_image":[{"width":1297,"height":800,"url":"https:\/\/baubauwall.com\/wp-content\/uploads\/2022\/03\/51200115_TropicalJungleKingdom_Baubauwall_Wallmural_room6.jpg","type":"image\/jpeg"}],"twitter_card":"summary_large_image","twitter_misc":{"Est. reading time":"1 minut"},"schema":{"@context":"https:\/\/schema.org","@graph":[{"@type":"WebPage","@id":"https:\/\/baubauwall.com\/et\/toode\/pilttapeet-troopiline-dzunglikuningriik\/","url":"https:\/\/baubauwall.com\/et\/toode\/pilttapeet-troopiline-dzunglikuningriik\/","name":"Pilttapeet lastetuppa uhke d\u017eungliga","isPartOf":{"@id":"https:\/\/baubauwall.com\/et\/#website"},"primaryImageOfPage":{"@id":"https:\/\/baubauwall.com\/et\/toode\/pilttapeet-troopiline-dzunglikuningriik\/#primaryimage"},"image":{"@id":"https:\/\/baubauwall.com\/et\/toode\/pilttapeet-troopiline-dzunglikuningriik\/#primaryimage"},"thumbnailUrl":"https:\/\/baubauwall.com\/wp-content\/uploads\/2022\/03\/51200115_TropicalJungleKingdom_Baubauwall_Wallmural_room6.jpg","datePublished":"2022-09-12T05:18:29+00:00","dateModified":"2024-09-30T14:14:20+00:00","description":"Troopiline d\u017eungel lastetoa tapeedil - muidugi! Ahvid, nokkloom, liblikad ja papagoi - k\u00f5ik elavad sel tapeedil koos. Paigalda lastetoa \u00fchele seinale.","breadcrumb":{"@id":"https:\/\/baubauwall.com\/et\/toode\/pilttapeet-troopiline-dzunglikuningriik\/#breadcrumb"},"inLanguage":"et","potentialAction":[{"@type":"ReadAction","target":["https:\/\/baubauwall.com\/et\/toode\/pilttapeet-troopiline-dzunglikuningriik\/"]}]},{"@type":"ImageObject","inLanguage":"et","@id":"https:\/\/baubauwall.com\/et\/toode\/pilttapeet-troopiline-dzunglikuningriik\/#primaryimage","url":"https:\/\/baubauwall.com\/wp-content\/uploads\/2022\/03\/51200115_TropicalJungleKingdom_Baubauwall_Wallmural_room6.jpg","contentUrl":"https:\/\/baubauwall.com\/wp-content\/uploads\/2022\/03\/51200115_TropicalJungleKingdom_Baubauwall_Wallmural_room6.jpg","width":1297,"height":800,"caption":"Kids room fun wallpaper with jungle view and monkeys"},{"@type":"BreadcrumbList","@id":"https:\/\/baubauwall.com\/et\/toode\/pilttapeet-troopiline-dzunglikuningriik\/#breadcrumb","itemListElement":[{"@type":"ListItem","position":1,"name":"Koju","item":"https:\/\/baubauwall.com\/et\/"},{"@type":"ListItem","position":2,"name":"Tapeedid","item":"https:\/\/baubauwall.com\/et\/tapeedid\/"},{"@type":"ListItem","position":3,"name":"Troopiline d\u017eunglikuningriik"}]},{"@type":"WebSite","@id":"https:\/\/baubauwall.com\/et\/#website","url":"https:\/\/baubauwall.com\/et\/","name":"BAUBAUWALL Wallpapers","description":"Valmis paanides tapeet Eestist!","publisher":{"@id":"https:\/\/baubauwall.com\/et\/#organization"},"potentialAction":[{"@type":"SearchAction","target":{"@type":"EntryPoint","urlTemplate":"https:\/\/baubauwall.com\/et\/?s={search_term_string}"},"query-input":{"@type":"PropertyValueSpecification","valueRequired":true,"valueName":"search_term_string"}}],"inLanguage":"et"},{"@type":"Organization","@id":"https:\/\/baubauwall.com\/et\/#organization","name":"BAUBAUWALL Wallpapers","url":"https:\/\/baubauwall.com\/et\/","logo":{"@type":"ImageObject","inLanguage":"et","@id":"https:\/\/baubauwall.com\/et\/#\/schema\/logo\/image\/","url":"https:\/\/baubauwall.com\/wp-content\/uploads\/2022\/03\/logo-horizontal.svg","contentUrl":"https:\/\/baubauwall.com\/wp-content\/uploads\/2022\/03\/logo-horizontal.svg","width":"1024","height":"1024","caption":"BAUBAUWALL Wallpapers"},"image":{"@id":"https:\/\/baubauwall.com\/et\/#\/schema\/logo\/image\/"},"sameAs":["https:\/\/www.facebook.com\/Baubauwall","https:\/\/www.instagram.com\/baubauwall"]}]}},"jetpack_sharing_enabled":true,"_links":{"self":[{"href":"https:\/\/baubauwall.com\/et\/wp-json\/wp\/v2\/product\/17450","targetHints":{"allow":["GET"]}}],"collection":[{"href":"https:\/\/baubauwall.com\/et\/wp-json\/wp\/v2\/product"}],"about":[{"href":"https:\/\/baubauwall.com\/et\/wp-json\/wp\/v2\/types\/product"}],"replies":[{"embeddable":true,"href":"https:\/\/baubauwall.com\/et\/wp-json\/wp\/v2\/comments?post=17450"}],"wp:featuredmedia":[{"embeddable":true,"href":"https:\/\/baubauwall.com\/et\/wp-json\/wp\/v2\/media\/17352"}],"wp:attachment":[{"href":"https:\/\/baubauwall.com\/et\/wp-json\/wp\/v2\/media?parent=17450"}],"wp:term":[{"taxonomy":"product_brand","embeddable":true,"href":"https:\/\/baubauwall.com\/et\/wp-json\/wp\/v2\/product_brand?post=17450"},{"taxonomy":"product_cat","embeddable":true,"href":"https:\/\/baubauwall.com\/et\/wp-json\/wp\/v2\/product_cat?post=17450"},{"taxonomy":"product_tag","embeddable":true,"href":"https:\/\/baubauwall.com\/et\/wp-json\/wp\/v2\/product_tag?post=17450"}],"curies":[{"name":"wp","href":"https:\/\/api.w.org\/{rel}","templated":true}]}}