{"id":17453,"date":"2022-09-12T07:18:28","date_gmt":"2022-09-12T05:18:28","guid":{"rendered":"https:\/\/baubauwall.com\/product\/wall-mural-tropical-flamingo-jungle-grey\/"},"modified":"2025-04-02T15:40:06","modified_gmt":"2025-04-02T13:40:06","slug":"pilttapeet-troopiline-flamingodzungel-hall","status":"publish","type":"product","link":"https:\/\/baubauwall.com\/et\/toode\/pilttapeet-troopiline-flamingodzungel-hall\/","title":{"rendered":"Troopiline flamingod\u017eungel &#8211; hall"},"content":{"rendered":"<p>Flamingodega tapeet, millele silm v\u00f5ikski puhkama j\u00e4\u00e4da&#8230; Troopiline maastik on maalitud pastelsetes toonides, kus jalutavad muretult graatsilised flamingod. See on eriline tapeedidisain, mis sobib h\u00e4sti aktsentseinale. Olgu see stiilne magamistuba v\u00f5i troopikah\u00f5nguline elutuba &#8211; flamingidega tapeet lihtsalt t\u00f6\u00f6tab! Muide, kas teadsid, et munast koorudes on flamingode suled \u00fcksluist helehalli v\u00e4rvi? Alles aja m\u00f6\u00f6dudes muutuvad need maailma k\u00f5ige elegantsemad linnud roosaks t\u00e4nu karotenoide sisaldava toidu s\u00f6\u00f6misest!<\/p>\n<p>Nagu k\u00f5ik meie kordusmustriga tapeedid ja pilttapeedid, on ka see disain tr\u00fckitud keskkonnas\u00f5bralike v\u00e4rvidega, hingavale<a href=\"https:\/\/baubauwall.com\/et\/nipid\/fliistapeet-voi-pabertapeet\/\" target=\"_blank\" rel=\"noopener\"> fliistapeedi<\/a> materjalile.\u00a0 Fliistapeeti on v\u00e4ga lihtne paigaldada ja ka eemaldada. Loe l\u00e4hemalt nutikatest tapeetidest\u00a0<a href=\"https:\/\/baubauwall.com\/et\/keskkonnasobralikud-tapeedid\/\" target=\"_blank\" rel=\"noopener\">siit.<\/a><\/p>\n<p><strong>Miks osta tapeet siit? Tapeetimine pole kunagi nii lihtne olnud!<\/strong><\/p>\n<ul>\n<li>Eesti disain<\/li>\n<li>Nummerdatud tapeedipaanid<\/li>\n<li>Just nii pikad tapeedipaanid, kui on Sinu sein<\/li>\n<li>Premium, matt <a href=\"https:\/\/baubauwall.com\/et\/nipid\/fliistapeet-voi-pabertapeet\/\" target=\"_blank\" rel=\"noopener\">fliistapeedi materjal<\/a><\/li>\n<li>M\u00fcrgivabad tr\u00fckiv\u00e4rvid, Greenguard sertifitseeritud<\/li>\n<li>Keskkonnas\u00f5bralik, j\u00e4\u00e4tmevaba tapeetimine<\/li>\n<li>Tasuta tapeediliim<\/li>\n<li>Tasuta transport ja kiire tarne 5 t\u00f6\u00f6p\u00e4evaga<\/li>\n<\/ul>\n","protected":false},"excerpt":{"rendered":"<p>Flamingodega tapeet, millele silm v\u00f5ikski puhkama j\u00e4\u00e4da&#8230; Troopiline maastik on maalitud pastelsetes toonides, kus jalutavad muretult graatsilised flamingod. See on eriline tapeedidisain, mis sobib h\u00e4sti aktsentseinale. Olgu see stiilne magamistuba v\u00f5i troopikah\u00f5nguline elutuba &#8211; flamingidega tapeet lihtsalt t\u00f6\u00f6tab! Muide, kas teadsid, et munast koorudes on flamingode suled \u00fcksluist helehalli v\u00e4rvi? Alles aja m\u00f6\u00f6dudes muutuvad need [&hellip;]<\/p>\n","protected":false},"featured_media":17490,"comment_status":"open","ping_status":"closed","template":"","meta":{"_acf_changed":false,"inline_featured_image":false},"product_brand":[],"product_cat":[387,395,447,394,268,278,752,413,400,414,415,399,402,412,699,250,254,257],"product_tag":[563,695,345],"class_list":{"0":"post-17453","1":"product","2":"type-product","3":"status-publish","4":"has-post-thumbnail","6":"product_cat-pilttapeedid","7":"product_cat-romantiline","8":"product_cat-maksimalistlik-et","9":"product_cat-rikkalik","10":"product_cat-kirkad-tapeedid","11":"product_cat-roosad-tapeedid","12":"product_cat-avalik-ruum","13":"product_cat-magamistoa-tapeedid","14":"product_cat-lastetoa-tapeedid","15":"product_cat-soogitoa-tapeedid","16":"product_cat-kulalistetoa-tapeedid","17":"product_cat-kodukontori-tapeedid","18":"product_cat-elutoa-tapeedid","19":"product_cat-vannitoa-tapeedid","20":"product_cat-eesti-disain-tapeedid","21":"product_cat-dzungel-troopika","22":"product_cat-loodus","23":"product_cat-linnud","24":"product_tag-biofiilia-stiil","25":"product_tag-eesti-disain-tapeedid","26":"product_tag-pilttapeet","27":"pa_designedby-baubauwall","29":"first","30":"instock","31":"taxable","32":"shipping-taxable","33":"purchasable","34":"product-type-simple"},"acf":[],"yoast_head":"<!-- This site is optimized with the Yoast SEO plugin v25.9 - https:\/\/yoast.com\/wordpress\/plugins\/seo\/ -->\n<title>Roosade flamingodega tapeet<\/title>\n<meta name=\"description\" content=\"Troopika stiilis imeline tapeet flamingodega. D\u017eungel, palmid ja flamingod - idee aktsentseina. Keskkonnas\u00f5bralikud pilttapeedid Eesti tootjalt.\" \/>\n<meta name=\"robots\" content=\"index, follow, max-snippet:-1, max-image-preview:large, max-video-preview:-1\" \/>\n<link rel=\"canonical\" href=\"https:\/\/baubauwall.com\/et\/toode\/pilttapeet-troopiline-flamingodzungel-hall\/\" \/>\n<meta property=\"og:locale\" content=\"et_EE\" \/>\n<meta property=\"og:type\" content=\"article\" \/>\n<meta property=\"og:title\" content=\"%\" \/>\n<meta property=\"og:description\" content=\"Troopiline flamingod\u017eungel - hall\" \/>\n<meta property=\"og:url\" content=\"https:\/\/baubauwall.com\/et\/toode\/pilttapeet-troopiline-flamingodzungel-hall\/\" \/>\n<meta property=\"og:site_name\" content=\"BAUBAUWALL Wallpapers\" \/>\n<meta property=\"article:publisher\" content=\"https:\/\/www.facebook.com\/Baubauwall\" \/>\n<meta property=\"article:modified_time\" content=\"2025-04-02T13:40:06+00:00\" \/>\n<meta property=\"og:image\" content=\"https:\/\/baubauwall.com\/wp-content\/uploads\/2022\/03\/51200113_TropicalFlamingoJungle-pink_Baubauwall_Wallmural_room2.jpg\" \/>\n\t<meta property=\"og:image:width\" content=\"1056\" \/>\n\t<meta property=\"og:image:height\" content=\"800\" \/>\n\t<meta property=\"og:image:type\" content=\"image\/jpeg\" \/>\n<meta name=\"twitter:card\" content=\"summary_large_image\" \/>\n<meta name=\"twitter:label1\" content=\"Est. reading time\" \/>\n\t<meta name=\"twitter:data1\" content=\"1 minut\" \/>\n<script type=\"application\/ld+json\" class=\"yoast-schema-graph\">{\"@context\":\"https:\/\/schema.org\",\"@graph\":[{\"@type\":\"WebPage\",\"@id\":\"https:\/\/baubauwall.com\/et\/toode\/pilttapeet-troopiline-flamingodzungel-hall\/\",\"url\":\"https:\/\/baubauwall.com\/et\/toode\/pilttapeet-troopiline-flamingodzungel-hall\/\",\"name\":\"Roosade flamingodega tapeet\",\"isPartOf\":{\"@id\":\"https:\/\/baubauwall.com\/et\/#website\"},\"primaryImageOfPage\":{\"@id\":\"https:\/\/baubauwall.com\/et\/toode\/pilttapeet-troopiline-flamingodzungel-hall\/#primaryimage\"},\"image\":{\"@id\":\"https:\/\/baubauwall.com\/et\/toode\/pilttapeet-troopiline-flamingodzungel-hall\/#primaryimage\"},\"thumbnailUrl\":\"https:\/\/baubauwall.com\/wp-content\/uploads\/2022\/09\/51200114_TropicalFlamingoJungle-grey_Baubauwall_Wallmural_room11.jpg\",\"datePublished\":\"2022-09-12T05:18:28+00:00\",\"dateModified\":\"2025-04-02T13:40:06+00:00\",\"description\":\"Troopika stiilis imeline tapeet flamingodega. D\u017eungel, palmid ja flamingod - idee aktsentseina. Keskkonnas\u00f5bralikud pilttapeedid Eesti tootjalt.\",\"breadcrumb\":{\"@id\":\"https:\/\/baubauwall.com\/et\/toode\/pilttapeet-troopiline-flamingodzungel-hall\/#breadcrumb\"},\"inLanguage\":\"et\",\"potentialAction\":[{\"@type\":\"ReadAction\",\"target\":[\"https:\/\/baubauwall.com\/et\/toode\/pilttapeet-troopiline-flamingodzungel-hall\/\"]}]},{\"@type\":\"ImageObject\",\"inLanguage\":\"et\",\"@id\":\"https:\/\/baubauwall.com\/et\/toode\/pilttapeet-troopiline-flamingodzungel-hall\/#primaryimage\",\"url\":\"https:\/\/baubauwall.com\/wp-content\/uploads\/2022\/09\/51200114_TropicalFlamingoJungle-grey_Baubauwall_Wallmural_room11.jpg\",\"contentUrl\":\"https:\/\/baubauwall.com\/wp-content\/uploads\/2022\/09\/51200114_TropicalFlamingoJungle-grey_Baubauwall_Wallmural_room11.jpg\",\"width\":1199,\"height\":800},{\"@type\":\"BreadcrumbList\",\"@id\":\"https:\/\/baubauwall.com\/et\/toode\/pilttapeet-troopiline-flamingodzungel-hall\/#breadcrumb\",\"itemListElement\":[{\"@type\":\"ListItem\",\"position\":1,\"name\":\"Koju\",\"item\":\"https:\/\/baubauwall.com\/et\/\"},{\"@type\":\"ListItem\",\"position\":2,\"name\":\"Tapeedid\",\"item\":\"https:\/\/baubauwall.com\/et\/tapeedid\/\"},{\"@type\":\"ListItem\",\"position\":3,\"name\":\"Troopiline flamingod\u017eungel &#8211; hall\"}]},{\"@type\":\"WebSite\",\"@id\":\"https:\/\/baubauwall.com\/et\/#website\",\"url\":\"https:\/\/baubauwall.com\/et\/\",\"name\":\"BAUBAUWALL Wallpapers\",\"description\":\"Valmis paanides tapeet Eestist!\",\"publisher\":{\"@id\":\"https:\/\/baubauwall.com\/et\/#organization\"},\"potentialAction\":[{\"@type\":\"SearchAction\",\"target\":{\"@type\":\"EntryPoint\",\"urlTemplate\":\"https:\/\/baubauwall.com\/et\/?s={search_term_string}\"},\"query-input\":{\"@type\":\"PropertyValueSpecification\",\"valueRequired\":true,\"valueName\":\"search_term_string\"}}],\"inLanguage\":\"et\"},{\"@type\":\"Organization\",\"@id\":\"https:\/\/baubauwall.com\/et\/#organization\",\"name\":\"BAUBAUWALL Wallpapers\",\"url\":\"https:\/\/baubauwall.com\/et\/\",\"logo\":{\"@type\":\"ImageObject\",\"inLanguage\":\"et\",\"@id\":\"https:\/\/baubauwall.com\/et\/#\/schema\/logo\/image\/\",\"url\":\"https:\/\/baubauwall.com\/wp-content\/uploads\/2022\/03\/logo-horizontal.svg\",\"contentUrl\":\"https:\/\/baubauwall.com\/wp-content\/uploads\/2022\/03\/logo-horizontal.svg\",\"width\":\"1024\",\"height\":\"1024\",\"caption\":\"BAUBAUWALL Wallpapers\"},\"image\":{\"@id\":\"https:\/\/baubauwall.com\/et\/#\/schema\/logo\/image\/\"},\"sameAs\":[\"https:\/\/www.facebook.com\/Baubauwall\",\"https:\/\/www.instagram.com\/baubauwall\"]}]}<\/script>\n<!-- \/ Yoast SEO plugin. -->","yoast_head_json":{"title":"Roosade flamingodega tapeet","description":"Troopika stiilis imeline tapeet flamingodega. D\u017eungel, palmid ja flamingod - idee aktsentseina. Keskkonnas\u00f5bralikud pilttapeedid Eesti tootjalt.","robots":{"index":"index","follow":"follow","max-snippet":"max-snippet:-1","max-image-preview":"max-image-preview:large","max-video-preview":"max-video-preview:-1"},"canonical":"https:\/\/baubauwall.com\/et\/toode\/pilttapeet-troopiline-flamingodzungel-hall\/","og_locale":"et_EE","og_type":"article","og_title":"%","og_description":"Troopiline flamingod\u017eungel - hall","og_url":"https:\/\/baubauwall.com\/et\/toode\/pilttapeet-troopiline-flamingodzungel-hall\/","og_site_name":"BAUBAUWALL Wallpapers","article_publisher":"https:\/\/www.facebook.com\/Baubauwall","article_modified_time":"2025-04-02T13:40:06+00:00","og_image":[{"width":1056,"height":800,"url":"https:\/\/baubauwall.com\/wp-content\/uploads\/2022\/03\/51200113_TropicalFlamingoJungle-pink_Baubauwall_Wallmural_room2.jpg","type":"image\/jpeg"}],"twitter_card":"summary_large_image","twitter_misc":{"Est. reading time":"1 minut"},"schema":{"@context":"https:\/\/schema.org","@graph":[{"@type":"WebPage","@id":"https:\/\/baubauwall.com\/et\/toode\/pilttapeet-troopiline-flamingodzungel-hall\/","url":"https:\/\/baubauwall.com\/et\/toode\/pilttapeet-troopiline-flamingodzungel-hall\/","name":"Roosade flamingodega tapeet","isPartOf":{"@id":"https:\/\/baubauwall.com\/et\/#website"},"primaryImageOfPage":{"@id":"https:\/\/baubauwall.com\/et\/toode\/pilttapeet-troopiline-flamingodzungel-hall\/#primaryimage"},"image":{"@id":"https:\/\/baubauwall.com\/et\/toode\/pilttapeet-troopiline-flamingodzungel-hall\/#primaryimage"},"thumbnailUrl":"https:\/\/baubauwall.com\/wp-content\/uploads\/2022\/09\/51200114_TropicalFlamingoJungle-grey_Baubauwall_Wallmural_room11.jpg","datePublished":"2022-09-12T05:18:28+00:00","dateModified":"2025-04-02T13:40:06+00:00","description":"Troopika stiilis imeline tapeet flamingodega. D\u017eungel, palmid ja flamingod - idee aktsentseina. Keskkonnas\u00f5bralikud pilttapeedid Eesti tootjalt.","breadcrumb":{"@id":"https:\/\/baubauwall.com\/et\/toode\/pilttapeet-troopiline-flamingodzungel-hall\/#breadcrumb"},"inLanguage":"et","potentialAction":[{"@type":"ReadAction","target":["https:\/\/baubauwall.com\/et\/toode\/pilttapeet-troopiline-flamingodzungel-hall\/"]}]},{"@type":"ImageObject","inLanguage":"et","@id":"https:\/\/baubauwall.com\/et\/toode\/pilttapeet-troopiline-flamingodzungel-hall\/#primaryimage","url":"https:\/\/baubauwall.com\/wp-content\/uploads\/2022\/09\/51200114_TropicalFlamingoJungle-grey_Baubauwall_Wallmural_room11.jpg","contentUrl":"https:\/\/baubauwall.com\/wp-content\/uploads\/2022\/09\/51200114_TropicalFlamingoJungle-grey_Baubauwall_Wallmural_room11.jpg","width":1199,"height":800},{"@type":"BreadcrumbList","@id":"https:\/\/baubauwall.com\/et\/toode\/pilttapeet-troopiline-flamingodzungel-hall\/#breadcrumb","itemListElement":[{"@type":"ListItem","position":1,"name":"Koju","item":"https:\/\/baubauwall.com\/et\/"},{"@type":"ListItem","position":2,"name":"Tapeedid","item":"https:\/\/baubauwall.com\/et\/tapeedid\/"},{"@type":"ListItem","position":3,"name":"Troopiline flamingod\u017eungel &#8211; hall"}]},{"@type":"WebSite","@id":"https:\/\/baubauwall.com\/et\/#website","url":"https:\/\/baubauwall.com\/et\/","name":"BAUBAUWALL Wallpapers","description":"Valmis paanides tapeet Eestist!","publisher":{"@id":"https:\/\/baubauwall.com\/et\/#organization"},"potentialAction":[{"@type":"SearchAction","target":{"@type":"EntryPoint","urlTemplate":"https:\/\/baubauwall.com\/et\/?s={search_term_string}"},"query-input":{"@type":"PropertyValueSpecification","valueRequired":true,"valueName":"search_term_string"}}],"inLanguage":"et"},{"@type":"Organization","@id":"https:\/\/baubauwall.com\/et\/#organization","name":"BAUBAUWALL Wallpapers","url":"https:\/\/baubauwall.com\/et\/","logo":{"@type":"ImageObject","inLanguage":"et","@id":"https:\/\/baubauwall.com\/et\/#\/schema\/logo\/image\/","url":"https:\/\/baubauwall.com\/wp-content\/uploads\/2022\/03\/logo-horizontal.svg","contentUrl":"https:\/\/baubauwall.com\/wp-content\/uploads\/2022\/03\/logo-horizontal.svg","width":"1024","height":"1024","caption":"BAUBAUWALL Wallpapers"},"image":{"@id":"https:\/\/baubauwall.com\/et\/#\/schema\/logo\/image\/"},"sameAs":["https:\/\/www.facebook.com\/Baubauwall","https:\/\/www.instagram.com\/baubauwall"]}]}},"jetpack_sharing_enabled":true,"_links":{"self":[{"href":"https:\/\/baubauwall.com\/et\/wp-json\/wp\/v2\/product\/17453","targetHints":{"allow":["GET"]}}],"collection":[{"href":"https:\/\/baubauwall.com\/et\/wp-json\/wp\/v2\/product"}],"about":[{"href":"https:\/\/baubauwall.com\/et\/wp-json\/wp\/v2\/types\/product"}],"replies":[{"embeddable":true,"href":"https:\/\/baubauwall.com\/et\/wp-json\/wp\/v2\/comments?post=17453"}],"wp:featuredmedia":[{"embeddable":true,"href":"https:\/\/baubauwall.com\/et\/wp-json\/wp\/v2\/media\/17490"}],"wp:attachment":[{"href":"https:\/\/baubauwall.com\/et\/wp-json\/wp\/v2\/media?parent=17453"}],"wp:term":[{"taxonomy":"product_brand","embeddable":true,"href":"https:\/\/baubauwall.com\/et\/wp-json\/wp\/v2\/product_brand?post=17453"},{"taxonomy":"product_cat","embeddable":true,"href":"https:\/\/baubauwall.com\/et\/wp-json\/wp\/v2\/product_cat?post=17453"},{"taxonomy":"product_tag","embeddable":true,"href":"https:\/\/baubauwall.com\/et\/wp-json\/wp\/v2\/product_tag?post=17453"}],"curies":[{"name":"wp","href":"https:\/\/api.w.org\/{rel}","templated":true}]}}