{"id":17471,"date":"2022-09-12T07:18:27","date_gmt":"2022-09-12T05:18:27","guid":{"rendered":"https:\/\/baubauwall.com\/product\/wall-mural-tropical-giraffe-jungle\/"},"modified":"2023-04-14T16:29:42","modified_gmt":"2023-04-14T14:29:42","slug":"pilttapeet-troopiline-kaelkirjakute-aed-hall","status":"publish","type":"product","link":"https:\/\/baubauwall.com\/et\/toode\/pilttapeet-troopiline-kaelkirjakute-aed-hall\/","title":{"rendered":"Troopiline kaelkirjakute aed &#8211; hall"},"content":{"rendered":"<p>Troopiline d\u017eungel, palmid ja graatsilised kaelkirjakud \u2013 k\u00f5ik koos sel ilusal pilttapeedil. Kas teadsid, et kaelkirjak on maismaa k\u00f5rgeim loom \u2013 kuni 5 m? Ning pealegi \u2013 nad magavad p\u00fcsti! Kaelkirjakuid v\u00f5ib kohata Aafrika savannides, ent n\u00fc\u00fcd ka tapeedil! Too nad oma lastetuppa, asugu see Tallinnas v\u00f5i Kopenhaagenis ning safarit loodust on alati Sinuga.<\/p>\n<p>Nagu k\u00f5ik meie kordusmustriga tapeedid ja pilttapeedid, on ka see disain tr\u00fckitud\u00a0<a href=\"https:\/\/baubauwall.com\/et\/keskkonnasobralikud-tapeedid\/\" target=\"_blank\" rel=\"noopener\">keskkonnas\u00f5bralike v\u00e4rvidega<\/a>, hingavale fliistapeedi materjalile, mis ei l\u00e4igi ja on lihtne paigaldada. Sinu uus tapeet tuleb valmis l\u00f5igatud ning nummerdatud paanides, mis on t\u00e4pselt nii k\u00f5rged, kui Sinu sein.<\/p>\n","protected":false},"excerpt":{"rendered":"<p>Troopiline d\u017eungel, palmid ja graatsilised kaelkirjakud \u2013 k\u00f5ik koos sel ilusal pilttapeedil. Kas teadsid, et kaelkirjak on maismaa k\u00f5rgeim loom \u2013 kuni 5 m? Ning pealegi \u2013 nad magavad p\u00fcsti! Kaelkirjakuid v\u00f5ib kohata Aafrika savannides, ent n\u00fc\u00fcd ka tapeedil! Too nad oma lastetuppa, asugu see Tallinnas v\u00f5i Kopenhaagenis ning safarit loodust on alati Sinuga. Nagu [&hellip;]<\/p>\n","protected":false},"featured_media":17376,"comment_status":"open","ping_status":"closed","template":"","meta":{"_acf_changed":false,"inline_featured_image":false},"product_brand":[],"product_cat":[387,271,272,276,413,400,402,699,245,248,250,251,254,255],"product_tag":[286,563,695,345],"class_list":{"0":"post-17471","1":"product","2":"type-product","3":"status-publish","4":"has-post-thumbnail","6":"product_cat-pilttapeedid","7":"product_cat-rohelised-tapeedid","8":"product_cat-hallid-tapeedid","9":"product_cat-pastelsed-tapeedid","10":"product_cat-magamistoa-tapeedid","11":"product_cat-lastetoa-tapeedid","12":"product_cat-elutoa-tapeedid","13":"product_cat-eesti-disain-tapeedid","14":"product_cat-maastik","15":"product_cat-mets","16":"product_cat-dzungel-troopika","17":"product_cat-maed","18":"product_cat-loodus","19":"product_cat-loomad","20":"product_tag-amazonia-et","21":"product_tag-biofiilia-stiil","22":"product_tag-eesti-disain-tapeedid","23":"product_tag-pilttapeet","24":"pa_designedby-baubauwall","26":"first","27":"instock","28":"taxable","29":"shipping-taxable","30":"purchasable","31":"product-type-simple"},"acf":[],"yoast_head":"<!-- This site is optimized with the Yoast SEO plugin v25.9 - https:\/\/yoast.com\/wordpress\/plugins\/seo\/ -->\n<title>Tapeet lastetuppa - troopiline kaelkirjakutega pilttapeet<\/title>\n<meta name=\"description\" content=\"Lastetoa pilttapeet kaelkirjakutega. Tapeedidisain eksootilises d\u017eunglis. M\u00e4nguline disain lastetoa seinale. Keskkonnas\u00f5bralik tapeet\" \/>\n<meta name=\"robots\" content=\"index, follow, max-snippet:-1, max-image-preview:large, max-video-preview:-1\" \/>\n<link rel=\"canonical\" href=\"https:\/\/baubauwall.com\/et\/toode\/pilttapeet-troopiline-kaelkirjakute-aed-hall\/\" \/>\n<meta property=\"og:locale\" content=\"et_EE\" \/>\n<meta property=\"og:type\" content=\"article\" \/>\n<meta property=\"og:title\" content=\"Tapeet lastetuppa - troopiline kaelkirjakutega pilttapeet\" \/>\n<meta property=\"og:description\" content=\"Lastetoa pilttapeet kaelkirjakutega. Tapeedidisain eksootilises d\u017eunglis. M\u00e4nguline disain lastetoa seinale. Keskkonnas\u00f5bralik tapeet\" \/>\n<meta property=\"og:url\" content=\"https:\/\/baubauwall.com\/et\/toode\/pilttapeet-troopiline-kaelkirjakute-aed-hall\/\" \/>\n<meta property=\"og:site_name\" content=\"BAUBAUWALL TAPEEDID\" \/>\n<meta property=\"article:publisher\" content=\"https:\/\/www.facebook.com\/Baubauwall\" \/>\n<meta property=\"article:modified_time\" content=\"2023-04-14T14:29:42+00:00\" \/>\n<meta property=\"og:image\" content=\"https:\/\/baubauwall.com\/wp-content\/uploads\/2022\/09\/51200111_TropicalGiraffeJungle-grey_Baubauwall_Wallmural_room5.jpg\" \/>\n\t<meta property=\"og:image:width\" content=\"1202\" \/>\n\t<meta property=\"og:image:height\" content=\"800\" \/>\n\t<meta property=\"og:image:type\" content=\"image\/jpeg\" \/>\n<meta name=\"twitter:card\" content=\"summary_large_image\" \/>\n<meta name=\"twitter:label1\" content=\"Est. reading time\" \/>\n\t<meta name=\"twitter:data1\" content=\"1 minut\" \/>\n<script type=\"application\/ld+json\" class=\"yoast-schema-graph\">{\"@context\":\"https:\/\/schema.org\",\"@graph\":[{\"@type\":\"WebPage\",\"@id\":\"https:\/\/baubauwall.com\/et\/toode\/pilttapeet-troopiline-kaelkirjakute-aed-hall\/\",\"url\":\"https:\/\/baubauwall.com\/et\/toode\/pilttapeet-troopiline-kaelkirjakute-aed-hall\/\",\"name\":\"Tapeet lastetuppa - troopiline kaelkirjakutega pilttapeet\",\"isPartOf\":{\"@id\":\"https:\/\/baubauwall.com\/et\/#website\"},\"primaryImageOfPage\":{\"@id\":\"https:\/\/baubauwall.com\/et\/toode\/pilttapeet-troopiline-kaelkirjakute-aed-hall\/#primaryimage\"},\"image\":{\"@id\":\"https:\/\/baubauwall.com\/et\/toode\/pilttapeet-troopiline-kaelkirjakute-aed-hall\/#primaryimage\"},\"thumbnailUrl\":\"https:\/\/baubauwall.com\/wp-content\/uploads\/2022\/09\/51200111_TropicalGiraffeJungle-grey_Baubauwall_Wallmural_room5.jpg\",\"datePublished\":\"2022-09-12T05:18:27+00:00\",\"dateModified\":\"2023-04-14T14:29:42+00:00\",\"description\":\"Lastetoa pilttapeet kaelkirjakutega. Tapeedidisain eksootilises d\u017eunglis. M\u00e4nguline disain lastetoa seinale. Keskkonnas\u00f5bralik tapeet\",\"breadcrumb\":{\"@id\":\"https:\/\/baubauwall.com\/et\/toode\/pilttapeet-troopiline-kaelkirjakute-aed-hall\/#breadcrumb\"},\"inLanguage\":\"et\",\"potentialAction\":[{\"@type\":\"ReadAction\",\"target\":[\"https:\/\/baubauwall.com\/et\/toode\/pilttapeet-troopiline-kaelkirjakute-aed-hall\/\"]}]},{\"@type\":\"ImageObject\",\"inLanguage\":\"et\",\"@id\":\"https:\/\/baubauwall.com\/et\/toode\/pilttapeet-troopiline-kaelkirjakute-aed-hall\/#primaryimage\",\"url\":\"https:\/\/baubauwall.com\/wp-content\/uploads\/2022\/09\/51200111_TropicalGiraffeJungle-grey_Baubauwall_Wallmural_room5.jpg\",\"contentUrl\":\"https:\/\/baubauwall.com\/wp-content\/uploads\/2022\/09\/51200111_TropicalGiraffeJungle-grey_Baubauwall_Wallmural_room5.jpg\",\"width\":1202,\"height\":800},{\"@type\":\"BreadcrumbList\",\"@id\":\"https:\/\/baubauwall.com\/et\/toode\/pilttapeet-troopiline-kaelkirjakute-aed-hall\/#breadcrumb\",\"itemListElement\":[{\"@type\":\"ListItem\",\"position\":1,\"name\":\"Koju\",\"item\":\"https:\/\/baubauwall.com\/et\/\"},{\"@type\":\"ListItem\",\"position\":2,\"name\":\"Tapeedid\",\"item\":\"https:\/\/baubauwall.com\/et\/tapeedid\/\"},{\"@type\":\"ListItem\",\"position\":3,\"name\":\"Troopiline kaelkirjakute aed &#8211; hall\"}]},{\"@type\":\"WebSite\",\"@id\":\"https:\/\/baubauwall.com\/et\/#website\",\"url\":\"https:\/\/baubauwall.com\/et\/\",\"name\":\"BAUBAUWALL Wallpapers\",\"description\":\"Valmis paanides tapeet Eestist!\",\"publisher\":{\"@id\":\"https:\/\/baubauwall.com\/et\/#organization\"},\"potentialAction\":[{\"@type\":\"SearchAction\",\"target\":{\"@type\":\"EntryPoint\",\"urlTemplate\":\"https:\/\/baubauwall.com\/et\/?s={search_term_string}\"},\"query-input\":{\"@type\":\"PropertyValueSpecification\",\"valueRequired\":true,\"valueName\":\"search_term_string\"}}],\"inLanguage\":\"et\"},{\"@type\":\"Organization\",\"@id\":\"https:\/\/baubauwall.com\/et\/#organization\",\"name\":\"BAUBAUWALL Wallpapers\",\"url\":\"https:\/\/baubauwall.com\/et\/\",\"logo\":{\"@type\":\"ImageObject\",\"inLanguage\":\"et\",\"@id\":\"https:\/\/baubauwall.com\/et\/#\/schema\/logo\/image\/\",\"url\":\"https:\/\/baubauwall.com\/wp-content\/uploads\/2022\/03\/logo-horizontal.svg\",\"contentUrl\":\"https:\/\/baubauwall.com\/wp-content\/uploads\/2022\/03\/logo-horizontal.svg\",\"width\":\"1024\",\"height\":\"1024\",\"caption\":\"BAUBAUWALL Wallpapers\"},\"image\":{\"@id\":\"https:\/\/baubauwall.com\/et\/#\/schema\/logo\/image\/\"},\"sameAs\":[\"https:\/\/www.facebook.com\/Baubauwall\",\"https:\/\/www.instagram.com\/baubauwall\"]}]}<\/script>\n<!-- \/ Yoast SEO plugin. -->","yoast_head_json":{"title":"Tapeet lastetuppa - troopiline kaelkirjakutega pilttapeet","description":"Lastetoa pilttapeet kaelkirjakutega. Tapeedidisain eksootilises d\u017eunglis. M\u00e4nguline disain lastetoa seinale. Keskkonnas\u00f5bralik tapeet","robots":{"index":"index","follow":"follow","max-snippet":"max-snippet:-1","max-image-preview":"max-image-preview:large","max-video-preview":"max-video-preview:-1"},"canonical":"https:\/\/baubauwall.com\/et\/toode\/pilttapeet-troopiline-kaelkirjakute-aed-hall\/","og_locale":"et_EE","og_type":"article","og_title":"Tapeet lastetuppa - troopiline kaelkirjakutega pilttapeet","og_description":"Lastetoa pilttapeet kaelkirjakutega. Tapeedidisain eksootilises d\u017eunglis. M\u00e4nguline disain lastetoa seinale. Keskkonnas\u00f5bralik tapeet","og_url":"https:\/\/baubauwall.com\/et\/toode\/pilttapeet-troopiline-kaelkirjakute-aed-hall\/","og_site_name":"BAUBAUWALL TAPEEDID","article_publisher":"https:\/\/www.facebook.com\/Baubauwall","article_modified_time":"2023-04-14T14:29:42+00:00","og_image":[{"width":1202,"height":800,"url":"https:\/\/baubauwall.com\/wp-content\/uploads\/2022\/09\/51200111_TropicalGiraffeJungle-grey_Baubauwall_Wallmural_room5.jpg","type":"image\/jpeg"}],"twitter_card":"summary_large_image","twitter_misc":{"Est. reading time":"1 minut"},"schema":{"@context":"https:\/\/schema.org","@graph":[{"@type":"WebPage","@id":"https:\/\/baubauwall.com\/et\/toode\/pilttapeet-troopiline-kaelkirjakute-aed-hall\/","url":"https:\/\/baubauwall.com\/et\/toode\/pilttapeet-troopiline-kaelkirjakute-aed-hall\/","name":"Tapeet lastetuppa - troopiline kaelkirjakutega pilttapeet","isPartOf":{"@id":"https:\/\/baubauwall.com\/et\/#website"},"primaryImageOfPage":{"@id":"https:\/\/baubauwall.com\/et\/toode\/pilttapeet-troopiline-kaelkirjakute-aed-hall\/#primaryimage"},"image":{"@id":"https:\/\/baubauwall.com\/et\/toode\/pilttapeet-troopiline-kaelkirjakute-aed-hall\/#primaryimage"},"thumbnailUrl":"https:\/\/baubauwall.com\/wp-content\/uploads\/2022\/09\/51200111_TropicalGiraffeJungle-grey_Baubauwall_Wallmural_room5.jpg","datePublished":"2022-09-12T05:18:27+00:00","dateModified":"2023-04-14T14:29:42+00:00","description":"Lastetoa pilttapeet kaelkirjakutega. Tapeedidisain eksootilises d\u017eunglis. M\u00e4nguline disain lastetoa seinale. Keskkonnas\u00f5bralik tapeet","breadcrumb":{"@id":"https:\/\/baubauwall.com\/et\/toode\/pilttapeet-troopiline-kaelkirjakute-aed-hall\/#breadcrumb"},"inLanguage":"et","potentialAction":[{"@type":"ReadAction","target":["https:\/\/baubauwall.com\/et\/toode\/pilttapeet-troopiline-kaelkirjakute-aed-hall\/"]}]},{"@type":"ImageObject","inLanguage":"et","@id":"https:\/\/baubauwall.com\/et\/toode\/pilttapeet-troopiline-kaelkirjakute-aed-hall\/#primaryimage","url":"https:\/\/baubauwall.com\/wp-content\/uploads\/2022\/09\/51200111_TropicalGiraffeJungle-grey_Baubauwall_Wallmural_room5.jpg","contentUrl":"https:\/\/baubauwall.com\/wp-content\/uploads\/2022\/09\/51200111_TropicalGiraffeJungle-grey_Baubauwall_Wallmural_room5.jpg","width":1202,"height":800},{"@type":"BreadcrumbList","@id":"https:\/\/baubauwall.com\/et\/toode\/pilttapeet-troopiline-kaelkirjakute-aed-hall\/#breadcrumb","itemListElement":[{"@type":"ListItem","position":1,"name":"Koju","item":"https:\/\/baubauwall.com\/et\/"},{"@type":"ListItem","position":2,"name":"Tapeedid","item":"https:\/\/baubauwall.com\/et\/tapeedid\/"},{"@type":"ListItem","position":3,"name":"Troopiline kaelkirjakute aed &#8211; hall"}]},{"@type":"WebSite","@id":"https:\/\/baubauwall.com\/et\/#website","url":"https:\/\/baubauwall.com\/et\/","name":"BAUBAUWALL Wallpapers","description":"Valmis paanides tapeet Eestist!","publisher":{"@id":"https:\/\/baubauwall.com\/et\/#organization"},"potentialAction":[{"@type":"SearchAction","target":{"@type":"EntryPoint","urlTemplate":"https:\/\/baubauwall.com\/et\/?s={search_term_string}"},"query-input":{"@type":"PropertyValueSpecification","valueRequired":true,"valueName":"search_term_string"}}],"inLanguage":"et"},{"@type":"Organization","@id":"https:\/\/baubauwall.com\/et\/#organization","name":"BAUBAUWALL Wallpapers","url":"https:\/\/baubauwall.com\/et\/","logo":{"@type":"ImageObject","inLanguage":"et","@id":"https:\/\/baubauwall.com\/et\/#\/schema\/logo\/image\/","url":"https:\/\/baubauwall.com\/wp-content\/uploads\/2022\/03\/logo-horizontal.svg","contentUrl":"https:\/\/baubauwall.com\/wp-content\/uploads\/2022\/03\/logo-horizontal.svg","width":"1024","height":"1024","caption":"BAUBAUWALL Wallpapers"},"image":{"@id":"https:\/\/baubauwall.com\/et\/#\/schema\/logo\/image\/"},"sameAs":["https:\/\/www.facebook.com\/Baubauwall","https:\/\/www.instagram.com\/baubauwall"]}]}},"jetpack_sharing_enabled":true,"_links":{"self":[{"href":"https:\/\/baubauwall.com\/et\/wp-json\/wp\/v2\/product\/17471","targetHints":{"allow":["GET"]}}],"collection":[{"href":"https:\/\/baubauwall.com\/et\/wp-json\/wp\/v2\/product"}],"about":[{"href":"https:\/\/baubauwall.com\/et\/wp-json\/wp\/v2\/types\/product"}],"replies":[{"embeddable":true,"href":"https:\/\/baubauwall.com\/et\/wp-json\/wp\/v2\/comments?post=17471"}],"wp:featuredmedia":[{"embeddable":true,"href":"https:\/\/baubauwall.com\/et\/wp-json\/wp\/v2\/media\/17376"}],"wp:attachment":[{"href":"https:\/\/baubauwall.com\/et\/wp-json\/wp\/v2\/media?parent=17471"}],"wp:term":[{"taxonomy":"product_brand","embeddable":true,"href":"https:\/\/baubauwall.com\/et\/wp-json\/wp\/v2\/product_brand?post=17471"},{"taxonomy":"product_cat","embeddable":true,"href":"https:\/\/baubauwall.com\/et\/wp-json\/wp\/v2\/product_cat?post=17471"},{"taxonomy":"product_tag","embeddable":true,"href":"https:\/\/baubauwall.com\/et\/wp-json\/wp\/v2\/product_tag?post=17471"}],"curies":[{"name":"wp","href":"https:\/\/api.w.org\/{rel}","templated":true}]}}