{"id":17695,"date":"2022-09-07T08:35:31","date_gmt":"2022-09-07T06:35:31","guid":{"rendered":"https:\/\/baubauwall.com\/product\/wallpaper-animal-lookbook-blue\/"},"modified":"2022-09-15T14:11:50","modified_gmt":"2022-09-15T12:11:50","slug":"tapeet-loomadega-sinine","status":"publish","type":"product","link":"https:\/\/baubauwall.com\/et\/toode\/tapeet-loomadega-sinine\/","title":{"rendered":"Loomade lookbook &#8211; sinine"},"content":{"rendered":"<p>Lase vabaks enda sisemine loom ja luba tal saada osaks tapeedikunstist! Julgelt metsikute ja \u00e4gedate tapeedimustritega tasub eksperimenteerida. Laisk leopard, moekas sebra, graatsiline kaelkirjak ja fantastiline faasan &#8211; see tapeet ei ole vaid lastetoa seinte kaunistus! Ideaalne v\u00e4ikestele pindadele (tualettruum!) ja salap\u00e4rasesse magamistuppa aktsenseinaks.<br \/>\nLoomadest ja puutumata loodusest inspireeritud tapeet on fantastiline v\u00f5imalus panna stiilne, iseloomuga ja vaimukas t\u00e4pp i-le i kodu sisekujunduses. Taustaks trendikas petrooleum sinine v\u00e4rv &#8211; kas saab rohkem vau-vau olla?<\/p>\n<p>Nagu k\u00f5ik meie tapeedid on ka see pilttapeet tr\u00fckitud keskkonnas\u00f5bralike v\u00e4rvidega hingavale, fliistapeedi materjalile. Sinu uus tapeet on l\u00f5igatud nummerdatud paanideks &#8211; t\u00e4pselt nii pikad, kui Sinu sein. Kuidas see t\u00f6\u00f6tab &#8211; loe l\u00e4hemalt<a href=\"https:\/\/baubauwall.com\/et\/kuidas-see-tootab\/\" target=\"_blank\" rel=\"noopener\"> siit.<\/a><\/p>\n<p>&nbsp;<\/p>\n","protected":false},"excerpt":{"rendered":"<p>Lase vabaks enda sisemine loom ja luba tal saada osaks tapeedikunstist! Julgelt metsikute ja \u00e4gedate tapeedimustritega tasub eksperimenteerida. Laisk leopard, moekas sebra, graatsiline kaelkirjak ja fantastiline faasan &#8211; see tapeet ei ole vaid lastetoa seinte kaunistus! Ideaalne v\u00e4ikestele pindadele (tualettruum!) ja salap\u00e4rasesse magamistuppa aktsenseinaks. Loomadest ja puutumata loodusest inspireeritud tapeet on fantastiline v\u00f5imalus panna stiilne, [&hellip;]<\/p>\n","protected":false},"featured_media":17687,"comment_status":"open","ping_status":"closed","template":"","meta":{"_acf_changed":false,"inline_featured_image":false},"product_brand":[],"product_cat":[386,447,388,267,270,409,413,414,415,399,402,412,254,255],"product_tag":[584,695,531],"class_list":{"0":"post-17695","1":"product","2":"type-product","3":"status-publish","4":"has-post-thumbnail","6":"product_cat-kordusmustriga-tapeedid","7":"product_cat-maksimalistlik-et","8":"product_cat-vintage-et","9":"product_cat-sinised-tapeedid","10":"product_cat-tumedad-tapeedid","11":"product_cat-turkiis-tapeedid","12":"product_cat-magamistoa-tapeedid","13":"product_cat-soogitoa-tapeedid","14":"product_cat-kulalistetoa-tapeedid","15":"product_cat-kodukontori-tapeedid","16":"product_cat-elutoa-tapeedid","17":"product_cat-vannitoa-tapeedid","18":"product_cat-loodus","19":"product_cat-loomad","20":"product_tag-boho-et","21":"product_tag-eesti-disain-tapeedid","22":"product_tag-elevant","23":"pa_designedby-baubauwall","25":"first","26":"instock","27":"taxable","28":"shipping-taxable","29":"purchasable","30":"product-type-simple"},"acf":[],"yoast_head":"<!-- This site is optimized with the Yoast SEO plugin v25.9 - https:\/\/yoast.com\/wordpress\/plugins\/seo\/ -->\n<title>Petrooleum sinine disainertapeet loomadega. Iseloomuga tapeet.<\/title>\n<meta name=\"description\" content=\"Petrooleumsinine tapeet, metsik muster eksootiliste loomadega. Tapeet, mis sobib tualetti, magamistuppa v\u00f5i elutoa seinale. Sinu seina m\u00f5\u00f5dus tapeedipaanid.\" \/>\n<meta name=\"robots\" content=\"index, follow, max-snippet:-1, max-image-preview:large, max-video-preview:-1\" \/>\n<link rel=\"canonical\" href=\"https:\/\/baubauwall.com\/et\/toode\/tapeet-loomadega-sinine\/\" \/>\n<meta property=\"og:locale\" content=\"et_EE\" \/>\n<meta property=\"og:type\" content=\"article\" \/>\n<meta property=\"og:title\" content=\"Petrooleum sinine disainertapeet loomadega. Iseloomuga tapeet.\" \/>\n<meta property=\"og:description\" content=\"Petrooleumsinine tapeet, metsik muster eksootiliste loomadega. Tapeet, mis sobib tualetti, magamistuppa v\u00f5i elutoa seinale. Sinu seina m\u00f5\u00f5dus tapeedipaanid.\" \/>\n<meta property=\"og:url\" content=\"https:\/\/baubauwall.com\/et\/toode\/tapeet-loomadega-sinine\/\" \/>\n<meta property=\"og:site_name\" content=\"BAUBAUWALL TAPEEDID\" \/>\n<meta property=\"article:publisher\" content=\"https:\/\/www.facebook.com\/Baubauwall\" \/>\n<meta property=\"article:modified_time\" content=\"2022-09-15T12:11:50+00:00\" \/>\n<meta property=\"og:image\" content=\"https:\/\/baubauwall.com\/wp-content\/uploads\/2022\/09\/51100274_AnimalLookbook-blue_Baubauwall_Wallpaper_room15.jpg\" \/>\n\t<meta property=\"og:image:width\" content=\"658\" \/>\n\t<meta property=\"og:image:height\" content=\"800\" \/>\n\t<meta property=\"og:image:type\" content=\"image\/jpeg\" \/>\n<meta name=\"twitter:card\" content=\"summary_large_image\" \/>\n<meta name=\"twitter:label1\" content=\"Est. reading time\" \/>\n\t<meta name=\"twitter:data1\" content=\"1 minut\" \/>\n<script type=\"application\/ld+json\" class=\"yoast-schema-graph\">{\"@context\":\"https:\/\/schema.org\",\"@graph\":[{\"@type\":\"WebPage\",\"@id\":\"https:\/\/baubauwall.com\/et\/toode\/tapeet-loomadega-sinine\/\",\"url\":\"https:\/\/baubauwall.com\/et\/toode\/tapeet-loomadega-sinine\/\",\"name\":\"Petrooleum sinine disainertapeet loomadega. Iseloomuga tapeet.\",\"isPartOf\":{\"@id\":\"https:\/\/baubauwall.com\/et\/#website\"},\"primaryImageOfPage\":{\"@id\":\"https:\/\/baubauwall.com\/et\/toode\/tapeet-loomadega-sinine\/#primaryimage\"},\"image\":{\"@id\":\"https:\/\/baubauwall.com\/et\/toode\/tapeet-loomadega-sinine\/#primaryimage\"},\"thumbnailUrl\":\"https:\/\/baubauwall.com\/wp-content\/uploads\/2022\/09\/51100274_AnimalLookbook-blue_Baubauwall_Wallpaper_room13.jpg\",\"datePublished\":\"2022-09-07T06:35:31+00:00\",\"dateModified\":\"2022-09-15T12:11:50+00:00\",\"description\":\"Petrooleumsinine tapeet, metsik muster eksootiliste loomadega. Tapeet, mis sobib tualetti, magamistuppa v\u00f5i elutoa seinale. Sinu seina m\u00f5\u00f5dus tapeedipaanid.\",\"breadcrumb\":{\"@id\":\"https:\/\/baubauwall.com\/et\/toode\/tapeet-loomadega-sinine\/#breadcrumb\"},\"inLanguage\":\"et\",\"potentialAction\":[{\"@type\":\"ReadAction\",\"target\":[\"https:\/\/baubauwall.com\/et\/toode\/tapeet-loomadega-sinine\/\"]}]},{\"@type\":\"ImageObject\",\"inLanguage\":\"et\",\"@id\":\"https:\/\/baubauwall.com\/et\/toode\/tapeet-loomadega-sinine\/#primaryimage\",\"url\":\"https:\/\/baubauwall.com\/wp-content\/uploads\/2022\/09\/51100274_AnimalLookbook-blue_Baubauwall_Wallpaper_room13.jpg\",\"contentUrl\":\"https:\/\/baubauwall.com\/wp-content\/uploads\/2022\/09\/51100274_AnimalLookbook-blue_Baubauwall_Wallpaper_room13.jpg\",\"width\":761,\"height\":800},{\"@type\":\"BreadcrumbList\",\"@id\":\"https:\/\/baubauwall.com\/et\/toode\/tapeet-loomadega-sinine\/#breadcrumb\",\"itemListElement\":[{\"@type\":\"ListItem\",\"position\":1,\"name\":\"Koju\",\"item\":\"https:\/\/baubauwall.com\/et\/\"},{\"@type\":\"ListItem\",\"position\":2,\"name\":\"Tapeedid\",\"item\":\"https:\/\/baubauwall.com\/et\/tapeedid\/\"},{\"@type\":\"ListItem\",\"position\":3,\"name\":\"Loomade lookbook &#8211; sinine\"}]},{\"@type\":\"WebSite\",\"@id\":\"https:\/\/baubauwall.com\/et\/#website\",\"url\":\"https:\/\/baubauwall.com\/et\/\",\"name\":\"BAUBAUWALL Wallpapers\",\"description\":\"Valmis paanides tapeet Eestist!\",\"publisher\":{\"@id\":\"https:\/\/baubauwall.com\/et\/#organization\"},\"potentialAction\":[{\"@type\":\"SearchAction\",\"target\":{\"@type\":\"EntryPoint\",\"urlTemplate\":\"https:\/\/baubauwall.com\/et\/?s={search_term_string}\"},\"query-input\":{\"@type\":\"PropertyValueSpecification\",\"valueRequired\":true,\"valueName\":\"search_term_string\"}}],\"inLanguage\":\"et\"},{\"@type\":\"Organization\",\"@id\":\"https:\/\/baubauwall.com\/et\/#organization\",\"name\":\"BAUBAUWALL Wallpapers\",\"url\":\"https:\/\/baubauwall.com\/et\/\",\"logo\":{\"@type\":\"ImageObject\",\"inLanguage\":\"et\",\"@id\":\"https:\/\/baubauwall.com\/et\/#\/schema\/logo\/image\/\",\"url\":\"https:\/\/baubauwall.com\/wp-content\/uploads\/2022\/03\/logo-horizontal.svg\",\"contentUrl\":\"https:\/\/baubauwall.com\/wp-content\/uploads\/2022\/03\/logo-horizontal.svg\",\"width\":\"1024\",\"height\":\"1024\",\"caption\":\"BAUBAUWALL Wallpapers\"},\"image\":{\"@id\":\"https:\/\/baubauwall.com\/et\/#\/schema\/logo\/image\/\"},\"sameAs\":[\"https:\/\/www.facebook.com\/Baubauwall\",\"https:\/\/www.instagram.com\/baubauwall\"]}]}<\/script>\n<!-- \/ Yoast SEO plugin. -->","yoast_head_json":{"title":"Petrooleum sinine disainertapeet loomadega. Iseloomuga tapeet.","description":"Petrooleumsinine tapeet, metsik muster eksootiliste loomadega. Tapeet, mis sobib tualetti, magamistuppa v\u00f5i elutoa seinale. Sinu seina m\u00f5\u00f5dus tapeedipaanid.","robots":{"index":"index","follow":"follow","max-snippet":"max-snippet:-1","max-image-preview":"max-image-preview:large","max-video-preview":"max-video-preview:-1"},"canonical":"https:\/\/baubauwall.com\/et\/toode\/tapeet-loomadega-sinine\/","og_locale":"et_EE","og_type":"article","og_title":"Petrooleum sinine disainertapeet loomadega. Iseloomuga tapeet.","og_description":"Petrooleumsinine tapeet, metsik muster eksootiliste loomadega. Tapeet, mis sobib tualetti, magamistuppa v\u00f5i elutoa seinale. Sinu seina m\u00f5\u00f5dus tapeedipaanid.","og_url":"https:\/\/baubauwall.com\/et\/toode\/tapeet-loomadega-sinine\/","og_site_name":"BAUBAUWALL TAPEEDID","article_publisher":"https:\/\/www.facebook.com\/Baubauwall","article_modified_time":"2022-09-15T12:11:50+00:00","og_image":[{"width":658,"height":800,"url":"https:\/\/baubauwall.com\/wp-content\/uploads\/2022\/09\/51100274_AnimalLookbook-blue_Baubauwall_Wallpaper_room15.jpg","type":"image\/jpeg"}],"twitter_card":"summary_large_image","twitter_misc":{"Est. reading time":"1 minut"},"schema":{"@context":"https:\/\/schema.org","@graph":[{"@type":"WebPage","@id":"https:\/\/baubauwall.com\/et\/toode\/tapeet-loomadega-sinine\/","url":"https:\/\/baubauwall.com\/et\/toode\/tapeet-loomadega-sinine\/","name":"Petrooleum sinine disainertapeet loomadega. Iseloomuga tapeet.","isPartOf":{"@id":"https:\/\/baubauwall.com\/et\/#website"},"primaryImageOfPage":{"@id":"https:\/\/baubauwall.com\/et\/toode\/tapeet-loomadega-sinine\/#primaryimage"},"image":{"@id":"https:\/\/baubauwall.com\/et\/toode\/tapeet-loomadega-sinine\/#primaryimage"},"thumbnailUrl":"https:\/\/baubauwall.com\/wp-content\/uploads\/2022\/09\/51100274_AnimalLookbook-blue_Baubauwall_Wallpaper_room13.jpg","datePublished":"2022-09-07T06:35:31+00:00","dateModified":"2022-09-15T12:11:50+00:00","description":"Petrooleumsinine tapeet, metsik muster eksootiliste loomadega. Tapeet, mis sobib tualetti, magamistuppa v\u00f5i elutoa seinale. Sinu seina m\u00f5\u00f5dus tapeedipaanid.","breadcrumb":{"@id":"https:\/\/baubauwall.com\/et\/toode\/tapeet-loomadega-sinine\/#breadcrumb"},"inLanguage":"et","potentialAction":[{"@type":"ReadAction","target":["https:\/\/baubauwall.com\/et\/toode\/tapeet-loomadega-sinine\/"]}]},{"@type":"ImageObject","inLanguage":"et","@id":"https:\/\/baubauwall.com\/et\/toode\/tapeet-loomadega-sinine\/#primaryimage","url":"https:\/\/baubauwall.com\/wp-content\/uploads\/2022\/09\/51100274_AnimalLookbook-blue_Baubauwall_Wallpaper_room13.jpg","contentUrl":"https:\/\/baubauwall.com\/wp-content\/uploads\/2022\/09\/51100274_AnimalLookbook-blue_Baubauwall_Wallpaper_room13.jpg","width":761,"height":800},{"@type":"BreadcrumbList","@id":"https:\/\/baubauwall.com\/et\/toode\/tapeet-loomadega-sinine\/#breadcrumb","itemListElement":[{"@type":"ListItem","position":1,"name":"Koju","item":"https:\/\/baubauwall.com\/et\/"},{"@type":"ListItem","position":2,"name":"Tapeedid","item":"https:\/\/baubauwall.com\/et\/tapeedid\/"},{"@type":"ListItem","position":3,"name":"Loomade lookbook &#8211; sinine"}]},{"@type":"WebSite","@id":"https:\/\/baubauwall.com\/et\/#website","url":"https:\/\/baubauwall.com\/et\/","name":"BAUBAUWALL Wallpapers","description":"Valmis paanides tapeet Eestist!","publisher":{"@id":"https:\/\/baubauwall.com\/et\/#organization"},"potentialAction":[{"@type":"SearchAction","target":{"@type":"EntryPoint","urlTemplate":"https:\/\/baubauwall.com\/et\/?s={search_term_string}"},"query-input":{"@type":"PropertyValueSpecification","valueRequired":true,"valueName":"search_term_string"}}],"inLanguage":"et"},{"@type":"Organization","@id":"https:\/\/baubauwall.com\/et\/#organization","name":"BAUBAUWALL Wallpapers","url":"https:\/\/baubauwall.com\/et\/","logo":{"@type":"ImageObject","inLanguage":"et","@id":"https:\/\/baubauwall.com\/et\/#\/schema\/logo\/image\/","url":"https:\/\/baubauwall.com\/wp-content\/uploads\/2022\/03\/logo-horizontal.svg","contentUrl":"https:\/\/baubauwall.com\/wp-content\/uploads\/2022\/03\/logo-horizontal.svg","width":"1024","height":"1024","caption":"BAUBAUWALL Wallpapers"},"image":{"@id":"https:\/\/baubauwall.com\/et\/#\/schema\/logo\/image\/"},"sameAs":["https:\/\/www.facebook.com\/Baubauwall","https:\/\/www.instagram.com\/baubauwall"]}]}},"jetpack_sharing_enabled":true,"_links":{"self":[{"href":"https:\/\/baubauwall.com\/et\/wp-json\/wp\/v2\/product\/17695","targetHints":{"allow":["GET"]}}],"collection":[{"href":"https:\/\/baubauwall.com\/et\/wp-json\/wp\/v2\/product"}],"about":[{"href":"https:\/\/baubauwall.com\/et\/wp-json\/wp\/v2\/types\/product"}],"replies":[{"embeddable":true,"href":"https:\/\/baubauwall.com\/et\/wp-json\/wp\/v2\/comments?post=17695"}],"wp:featuredmedia":[{"embeddable":true,"href":"https:\/\/baubauwall.com\/et\/wp-json\/wp\/v2\/media\/17687"}],"wp:attachment":[{"href":"https:\/\/baubauwall.com\/et\/wp-json\/wp\/v2\/media?parent=17695"}],"wp:term":[{"taxonomy":"product_brand","embeddable":true,"href":"https:\/\/baubauwall.com\/et\/wp-json\/wp\/v2\/product_brand?post=17695"},{"taxonomy":"product_cat","embeddable":true,"href":"https:\/\/baubauwall.com\/et\/wp-json\/wp\/v2\/product_cat?post=17695"},{"taxonomy":"product_tag","embeddable":true,"href":"https:\/\/baubauwall.com\/et\/wp-json\/wp\/v2\/product_tag?post=17695"}],"curies":[{"name":"wp","href":"https:\/\/api.w.org\/{rel}","templated":true}]}}