{"id":17734,"date":"2022-09-07T08:35:31","date_gmt":"2022-09-07T06:35:31","guid":{"rendered":"https:\/\/baubauwall.com\/product\/wallpaper-animal-lookbook-black-white\/"},"modified":"2024-01-05T11:16:23","modified_gmt":"2024-01-05T09:16:23","slug":"mustvalge-tapeet-loomadega","status":"publish","type":"product","link":"https:\/\/baubauwall.com\/et\/toode\/mustvalge-tapeet-loomadega\/","title":{"rendered":"Loomade lookbook &#8211; mustvalge"},"content":{"rendered":"<p>Lase vabaks enda sisemine loom ja luba tal saada osaks tapeedikunstist! Julgelt metsikute ja \u00e4gedate tapeedimustritega tasub eksperimenteerida. Laisk leopard, moekas sebra, graatsiline kaelkirjak ja fantastiline faasan &#8211; see tapeet ei ole vaid lastetoa seinte kaunistus!\u00a0 Ideaalne v\u00e4ikestele pindadele (tualettruum!) ja salap\u00e4rasesse magamistuppa aktsenseinaks.<br \/>\nLoomadest ja puutumata loodusest inspireeritud tapeet on fantastiline v\u00f5imalus panna stiilne, iseloomuga ja vaimukas t\u00e4pp i-le i kodu sisekujunduses.<\/p>\n<p>Nagu k\u00f5ik meie tapeedid on ka see tapeet tr\u00fckitud keskkonnas\u00f5bralike v\u00e4rvidega hingavale, fliistapeedi materjalile. Sinu uus tapeet on l\u00f5igatud nummerdatud paanideks &#8211; t\u00e4pselt nii pikad, kui Sinu sein. Kuidas see t\u00f6\u00f6tab &#8211; loe l\u00e4hemalt<a href=\"https:\/\/baubauwall.com\/et\/kuidas-see-tootab\/\" target=\"_blank\" rel=\"noopener\"> siit.<\/a><\/p>\n<p>&nbsp;<\/p>\n","protected":false},"excerpt":{"rendered":"<p>Lase vabaks enda sisemine loom ja luba tal saada osaks tapeedikunstist! Julgelt metsikute ja \u00e4gedate tapeedimustritega tasub eksperimenteerida. Laisk leopard, moekas sebra, graatsiline kaelkirjak ja fantastiline faasan &#8211; see tapeet ei ole vaid lastetoa seinte kaunistus!\u00a0 Ideaalne v\u00e4ikestele pindadele (tualettruum!) ja salap\u00e4rasesse magamistuppa aktsenseinaks. Loomadest ja puutumata loodusest inspireeritud tapeet on fantastiline v\u00f5imalus panna stiilne, [&hellip;]<\/p>\n","protected":false},"featured_media":17729,"comment_status":"open","ping_status":"closed","template":"","meta":{"_acf_changed":false,"inline_featured_image":false},"product_brand":[],"product_cat":[386,406,396,388,266,273,410,413,400,414,415,416,399,402,255],"product_tag":[695,531,294],"class_list":{"0":"post-17734","1":"product","2":"type-product","3":"status-publish","4":"has-post-thumbnail","6":"product_cat-kordusmustriga-tapeedid","7":"product_cat-klassika","8":"product_cat-skandinaavia","9":"product_cat-vintage-et","10":"product_cat-mustad-tapeedid","11":"product_cat-heledad-tapeedid","12":"product_cat-valge-tapeedid","13":"product_cat-magamistoa-tapeedid","14":"product_cat-lastetoa-tapeedid","15":"product_cat-soogitoa-tapeedid","16":"product_cat-kulalistetoa-tapeedid","17":"product_cat-esiku-tapeedid","18":"product_cat-kodukontori-tapeedid","19":"product_cat-elutoa-tapeedid","20":"product_cat-loomad","21":"product_tag-eesti-disain-tapeedid","22":"product_tag-elevant","23":"product_tag-mustvalge","24":"pa_designedby-baubauwall","26":"first","27":"instock","28":"taxable","29":"shipping-taxable","30":"purchasable","31":"product-type-simple"},"acf":[],"yoast_head":"<!-- This site is optimized with the Yoast SEO plugin v25.9 - https:\/\/yoast.com\/wordpress\/plugins\/seo\/ -->\n<title>Mustvalge disaintapeet loomadega. R\u00e4tsepat\u00f6\u00f6 tapeedid.<\/title>\n<meta name=\"description\" content=\"Mastvalge tapeet, disainil metsik muster eksootiliste loomadega. Tapeet, mis sobib lastetoa, magamistoa v\u00f5i elutoa seinale. Sinu seina m\u00f5\u00f5dus tapeedipaanid.\" \/>\n<meta name=\"robots\" content=\"index, follow, max-snippet:-1, max-image-preview:large, max-video-preview:-1\" \/>\n<link rel=\"canonical\" href=\"https:\/\/baubauwall.com\/et\/toode\/mustvalge-tapeet-loomadega\/\" \/>\n<meta property=\"og:locale\" content=\"et_EE\" \/>\n<meta property=\"og:type\" content=\"article\" \/>\n<meta property=\"og:title\" content=\"Mustvalge disaintapeet loomadega. R\u00e4tsepat\u00f6\u00f6 tapeedid.\" \/>\n<meta property=\"og:description\" content=\"Mastvalge tapeet, disainil metsik muster eksootiliste loomadega. Tapeet, mis sobib lastetoa, magamistoa v\u00f5i elutoa seinale. Sinu seina m\u00f5\u00f5dus tapeedipaanid.\" \/>\n<meta property=\"og:url\" content=\"https:\/\/baubauwall.com\/et\/toode\/mustvalge-tapeet-loomadega\/\" \/>\n<meta property=\"og:site_name\" content=\"BAUBAUWALL TAPEEDID\" \/>\n<meta property=\"article:publisher\" content=\"https:\/\/www.facebook.com\/Baubauwall\" \/>\n<meta property=\"article:modified_time\" content=\"2024-01-05T09:16:23+00:00\" \/>\n<meta property=\"og:image\" content=\"https:\/\/i0.wp.com\/baubauwall.com\/wp-content\/uploads\/2022\/09\/51100273_AnimalLookbook-white_Baubauwall_Wallpaper_room12.jpg?fit=986%2C800&ssl=1\" \/>\n\t<meta property=\"og:image:width\" content=\"986\" \/>\n\t<meta property=\"og:image:height\" content=\"800\" \/>\n\t<meta property=\"og:image:type\" content=\"image\/jpeg\" \/>\n<meta name=\"twitter:card\" content=\"summary_large_image\" \/>\n<meta name=\"twitter:label1\" content=\"Est. reading time\" \/>\n\t<meta name=\"twitter:data1\" content=\"1 minut\" \/>\n<script type=\"application\/ld+json\" class=\"yoast-schema-graph\">{\"@context\":\"https:\/\/schema.org\",\"@graph\":[{\"@type\":\"WebPage\",\"@id\":\"https:\/\/baubauwall.com\/et\/toode\/mustvalge-tapeet-loomadega\/\",\"url\":\"https:\/\/baubauwall.com\/et\/toode\/mustvalge-tapeet-loomadega\/\",\"name\":\"Mustvalge disaintapeet loomadega. R\u00e4tsepat\u00f6\u00f6 tapeedid.\",\"isPartOf\":{\"@id\":\"https:\/\/baubauwall.com\/et\/#website\"},\"primaryImageOfPage\":{\"@id\":\"https:\/\/baubauwall.com\/et\/toode\/mustvalge-tapeet-loomadega\/#primaryimage\"},\"image\":{\"@id\":\"https:\/\/baubauwall.com\/et\/toode\/mustvalge-tapeet-loomadega\/#primaryimage\"},\"thumbnailUrl\":\"https:\/\/baubauwall.com\/wp-content\/uploads\/2022\/09\/51100273_AnimalLookbook-white_Baubauwall_Wallpaper_room12.jpg\",\"datePublished\":\"2022-09-07T06:35:31+00:00\",\"dateModified\":\"2024-01-05T09:16:23+00:00\",\"description\":\"Mastvalge tapeet, disainil metsik muster eksootiliste loomadega. Tapeet, mis sobib lastetoa, magamistoa v\u00f5i elutoa seinale. Sinu seina m\u00f5\u00f5dus tapeedipaanid.\",\"breadcrumb\":{\"@id\":\"https:\/\/baubauwall.com\/et\/toode\/mustvalge-tapeet-loomadega\/#breadcrumb\"},\"inLanguage\":\"et\",\"potentialAction\":[{\"@type\":\"ReadAction\",\"target\":[\"https:\/\/baubauwall.com\/et\/toode\/mustvalge-tapeet-loomadega\/\"]}]},{\"@type\":\"ImageObject\",\"inLanguage\":\"et\",\"@id\":\"https:\/\/baubauwall.com\/et\/toode\/mustvalge-tapeet-loomadega\/#primaryimage\",\"url\":\"https:\/\/baubauwall.com\/wp-content\/uploads\/2022\/09\/51100273_AnimalLookbook-white_Baubauwall_Wallpaper_room12.jpg\",\"contentUrl\":\"https:\/\/baubauwall.com\/wp-content\/uploads\/2022\/09\/51100273_AnimalLookbook-white_Baubauwall_Wallpaper_room12.jpg\",\"width\":986,\"height\":800},{\"@type\":\"BreadcrumbList\",\"@id\":\"https:\/\/baubauwall.com\/et\/toode\/mustvalge-tapeet-loomadega\/#breadcrumb\",\"itemListElement\":[{\"@type\":\"ListItem\",\"position\":1,\"name\":\"Koju\",\"item\":\"https:\/\/baubauwall.com\/et\/\"},{\"@type\":\"ListItem\",\"position\":2,\"name\":\"Tapeedid\",\"item\":\"https:\/\/baubauwall.com\/et\/tapeedid\/\"},{\"@type\":\"ListItem\",\"position\":3,\"name\":\"Loomade lookbook &#8211; mustvalge\"}]},{\"@type\":\"WebSite\",\"@id\":\"https:\/\/baubauwall.com\/et\/#website\",\"url\":\"https:\/\/baubauwall.com\/et\/\",\"name\":\"BAUBAUWALL Wallpapers\",\"description\":\"Valmis paanides tapeet Eestist!\",\"publisher\":{\"@id\":\"https:\/\/baubauwall.com\/et\/#organization\"},\"potentialAction\":[{\"@type\":\"SearchAction\",\"target\":{\"@type\":\"EntryPoint\",\"urlTemplate\":\"https:\/\/baubauwall.com\/et\/?s={search_term_string}\"},\"query-input\":{\"@type\":\"PropertyValueSpecification\",\"valueRequired\":true,\"valueName\":\"search_term_string\"}}],\"inLanguage\":\"et\"},{\"@type\":\"Organization\",\"@id\":\"https:\/\/baubauwall.com\/et\/#organization\",\"name\":\"BAUBAUWALL Wallpapers\",\"url\":\"https:\/\/baubauwall.com\/et\/\",\"logo\":{\"@type\":\"ImageObject\",\"inLanguage\":\"et\",\"@id\":\"https:\/\/baubauwall.com\/et\/#\/schema\/logo\/image\/\",\"url\":\"https:\/\/baubauwall.com\/wp-content\/uploads\/2022\/03\/logo-horizontal.svg\",\"contentUrl\":\"https:\/\/baubauwall.com\/wp-content\/uploads\/2022\/03\/logo-horizontal.svg\",\"width\":\"1024\",\"height\":\"1024\",\"caption\":\"BAUBAUWALL Wallpapers\"},\"image\":{\"@id\":\"https:\/\/baubauwall.com\/et\/#\/schema\/logo\/image\/\"},\"sameAs\":[\"https:\/\/www.facebook.com\/Baubauwall\",\"https:\/\/www.instagram.com\/baubauwall\"]}]}<\/script>\n<!-- \/ Yoast SEO plugin. -->","yoast_head_json":{"title":"Mustvalge disaintapeet loomadega. R\u00e4tsepat\u00f6\u00f6 tapeedid.","description":"Mastvalge tapeet, disainil metsik muster eksootiliste loomadega. Tapeet, mis sobib lastetoa, magamistoa v\u00f5i elutoa seinale. Sinu seina m\u00f5\u00f5dus tapeedipaanid.","robots":{"index":"index","follow":"follow","max-snippet":"max-snippet:-1","max-image-preview":"max-image-preview:large","max-video-preview":"max-video-preview:-1"},"canonical":"https:\/\/baubauwall.com\/et\/toode\/mustvalge-tapeet-loomadega\/","og_locale":"et_EE","og_type":"article","og_title":"Mustvalge disaintapeet loomadega. R\u00e4tsepat\u00f6\u00f6 tapeedid.","og_description":"Mastvalge tapeet, disainil metsik muster eksootiliste loomadega. Tapeet, mis sobib lastetoa, magamistoa v\u00f5i elutoa seinale. Sinu seina m\u00f5\u00f5dus tapeedipaanid.","og_url":"https:\/\/baubauwall.com\/et\/toode\/mustvalge-tapeet-loomadega\/","og_site_name":"BAUBAUWALL TAPEEDID","article_publisher":"https:\/\/www.facebook.com\/Baubauwall","article_modified_time":"2024-01-05T09:16:23+00:00","og_image":[{"width":986,"height":800,"url":"https:\/\/i0.wp.com\/baubauwall.com\/wp-content\/uploads\/2022\/09\/51100273_AnimalLookbook-white_Baubauwall_Wallpaper_room12.jpg?fit=986%2C800&ssl=1","type":"image\/jpeg"}],"twitter_card":"summary_large_image","twitter_misc":{"Est. reading time":"1 minut"},"schema":{"@context":"https:\/\/schema.org","@graph":[{"@type":"WebPage","@id":"https:\/\/baubauwall.com\/et\/toode\/mustvalge-tapeet-loomadega\/","url":"https:\/\/baubauwall.com\/et\/toode\/mustvalge-tapeet-loomadega\/","name":"Mustvalge disaintapeet loomadega. R\u00e4tsepat\u00f6\u00f6 tapeedid.","isPartOf":{"@id":"https:\/\/baubauwall.com\/et\/#website"},"primaryImageOfPage":{"@id":"https:\/\/baubauwall.com\/et\/toode\/mustvalge-tapeet-loomadega\/#primaryimage"},"image":{"@id":"https:\/\/baubauwall.com\/et\/toode\/mustvalge-tapeet-loomadega\/#primaryimage"},"thumbnailUrl":"https:\/\/baubauwall.com\/wp-content\/uploads\/2022\/09\/51100273_AnimalLookbook-white_Baubauwall_Wallpaper_room12.jpg","datePublished":"2022-09-07T06:35:31+00:00","dateModified":"2024-01-05T09:16:23+00:00","description":"Mastvalge tapeet, disainil metsik muster eksootiliste loomadega. Tapeet, mis sobib lastetoa, magamistoa v\u00f5i elutoa seinale. Sinu seina m\u00f5\u00f5dus tapeedipaanid.","breadcrumb":{"@id":"https:\/\/baubauwall.com\/et\/toode\/mustvalge-tapeet-loomadega\/#breadcrumb"},"inLanguage":"et","potentialAction":[{"@type":"ReadAction","target":["https:\/\/baubauwall.com\/et\/toode\/mustvalge-tapeet-loomadega\/"]}]},{"@type":"ImageObject","inLanguage":"et","@id":"https:\/\/baubauwall.com\/et\/toode\/mustvalge-tapeet-loomadega\/#primaryimage","url":"https:\/\/baubauwall.com\/wp-content\/uploads\/2022\/09\/51100273_AnimalLookbook-white_Baubauwall_Wallpaper_room12.jpg","contentUrl":"https:\/\/baubauwall.com\/wp-content\/uploads\/2022\/09\/51100273_AnimalLookbook-white_Baubauwall_Wallpaper_room12.jpg","width":986,"height":800},{"@type":"BreadcrumbList","@id":"https:\/\/baubauwall.com\/et\/toode\/mustvalge-tapeet-loomadega\/#breadcrumb","itemListElement":[{"@type":"ListItem","position":1,"name":"Koju","item":"https:\/\/baubauwall.com\/et\/"},{"@type":"ListItem","position":2,"name":"Tapeedid","item":"https:\/\/baubauwall.com\/et\/tapeedid\/"},{"@type":"ListItem","position":3,"name":"Loomade lookbook &#8211; mustvalge"}]},{"@type":"WebSite","@id":"https:\/\/baubauwall.com\/et\/#website","url":"https:\/\/baubauwall.com\/et\/","name":"BAUBAUWALL Wallpapers","description":"Valmis paanides tapeet Eestist!","publisher":{"@id":"https:\/\/baubauwall.com\/et\/#organization"},"potentialAction":[{"@type":"SearchAction","target":{"@type":"EntryPoint","urlTemplate":"https:\/\/baubauwall.com\/et\/?s={search_term_string}"},"query-input":{"@type":"PropertyValueSpecification","valueRequired":true,"valueName":"search_term_string"}}],"inLanguage":"et"},{"@type":"Organization","@id":"https:\/\/baubauwall.com\/et\/#organization","name":"BAUBAUWALL Wallpapers","url":"https:\/\/baubauwall.com\/et\/","logo":{"@type":"ImageObject","inLanguage":"et","@id":"https:\/\/baubauwall.com\/et\/#\/schema\/logo\/image\/","url":"https:\/\/baubauwall.com\/wp-content\/uploads\/2022\/03\/logo-horizontal.svg","contentUrl":"https:\/\/baubauwall.com\/wp-content\/uploads\/2022\/03\/logo-horizontal.svg","width":"1024","height":"1024","caption":"BAUBAUWALL Wallpapers"},"image":{"@id":"https:\/\/baubauwall.com\/et\/#\/schema\/logo\/image\/"},"sameAs":["https:\/\/www.facebook.com\/Baubauwall","https:\/\/www.instagram.com\/baubauwall"]}]}},"jetpack_sharing_enabled":true,"_links":{"self":[{"href":"https:\/\/baubauwall.com\/et\/wp-json\/wp\/v2\/product\/17734","targetHints":{"allow":["GET"]}}],"collection":[{"href":"https:\/\/baubauwall.com\/et\/wp-json\/wp\/v2\/product"}],"about":[{"href":"https:\/\/baubauwall.com\/et\/wp-json\/wp\/v2\/types\/product"}],"replies":[{"embeddable":true,"href":"https:\/\/baubauwall.com\/et\/wp-json\/wp\/v2\/comments?post=17734"}],"wp:featuredmedia":[{"embeddable":true,"href":"https:\/\/baubauwall.com\/et\/wp-json\/wp\/v2\/media\/17729"}],"wp:attachment":[{"href":"https:\/\/baubauwall.com\/et\/wp-json\/wp\/v2\/media?parent=17734"}],"wp:term":[{"taxonomy":"product_brand","embeddable":true,"href":"https:\/\/baubauwall.com\/et\/wp-json\/wp\/v2\/product_brand?post=17734"},{"taxonomy":"product_cat","embeddable":true,"href":"https:\/\/baubauwall.com\/et\/wp-json\/wp\/v2\/product_cat?post=17734"},{"taxonomy":"product_tag","embeddable":true,"href":"https:\/\/baubauwall.com\/et\/wp-json\/wp\/v2\/product_tag?post=17734"}],"curies":[{"name":"wp","href":"https:\/\/api.w.org\/{rel}","templated":true}]}}