{"id":18163,"date":"2022-09-07T08:35:29","date_gmt":"2022-09-07T06:35:29","guid":{"rendered":"https:\/\/baubauwall.com\/product\/wallpaper-watercolor-scale-pink\/"},"modified":"2022-10-05T09:25:48","modified_gmt":"2022-10-05T07:25:48","slug":"tapeet-vesivarvi-sonaat-roosa","status":"publish","type":"product","link":"https:\/\/baubauwall.com\/et\/toode\/tapeet-vesivarvi-sonaat-roosa\/","title":{"rendered":"Vesiv\u00e4rvi sonaat &#8211; roosa"},"content":{"rendered":"<p>Armas ja maitsekas tapeedivalik! Roosa, akvarellidega maalitud hele tapeet, mis sobib imeliselt magamistuppa, elutoa seinale v\u00f5i hoopis kodukontorit elavdama. Roosa ei ole vaid t\u00fcdrukute toa magamistoa v\u00e4rv! Sellel vesiv\u00e4rvidega maalitud tapeedil on kasutatud lisaks kalasoomuse mustrit \u2013 veidi <em>art deco<\/em> stiil on lihtsalt tapeediklassika!<\/p>\n<p>Nagu k\u00f5ik meie tapeedid, fototapeedid ja pilttapeedid, on ka see disain tr\u00fckitud hingavale, keskkonnas\u00f5bralike v\u00e4rvidega fliistapeedi materjalile. Loe lisaks j\u00e4\u00e4tmevabast ja innovaatilisest tapeeditootmisest <a href=\"https:\/\/baubauwall.com\/et\/ideed\/jaatmevaba-tapeetimine-nutikalt\/\" target=\"_blank\" rel=\"noopener\">siin<\/a>.<\/p>\n","protected":false},"excerpt":{"rendered":"<p>Armas ja maitsekas tapeedivalik! Roosa, akvarellidega maalitud hele tapeet, mis sobib imeliselt magamistuppa, elutoa seinale v\u00f5i hoopis kodukontorit elavdama. Roosa ei ole vaid t\u00fcdrukute toa magamistoa v\u00e4rv! Sellel vesiv\u00e4rvidega maalitud tapeedil on kasutatud lisaks kalasoomuse mustrit \u2013 veidi art deco stiil on lihtsalt tapeediklassika! Nagu k\u00f5ik meie tapeedid, fototapeedid ja pilttapeedid, on ka see disain [&hellip;]<\/p>\n","protected":false},"featured_media":18134,"comment_status":"open","ping_status":"closed","template":"","meta":{"_acf_changed":false,"inline_featured_image":false},"product_brand":[],"product_cat":[386,395,405,396,273,278,413,400,414,399,402,583],"product_tag":[381],"class_list":{"0":"post-18163","1":"product","2":"type-product","3":"status-publish","4":"has-post-thumbnail","6":"product_cat-kordusmustriga-tapeedid","7":"product_cat-romantiline","8":"product_cat-art-deco","9":"product_cat-skandinaavia","10":"product_cat-heledad-tapeedid","11":"product_cat-roosad-tapeedid","12":"product_cat-magamistoa-tapeedid","13":"product_cat-lastetoa-tapeedid","14":"product_cat-soogitoa-tapeedid","15":"product_cat-kodukontori-tapeedid","16":"product_cat-elutoa-tapeedid","17":"product_cat-vesivarv","18":"product_tag-vesivarv","19":"pa_designedby-baubauwall","21":"first","22":"instock","23":"taxable","24":"shipping-taxable","25":"purchasable","26":"product-type-simple"},"acf":[],"yoast_head":"<!-- This site is optimized with the Yoast SEO plugin v25.9 - https:\/\/yoast.com\/wordpress\/plugins\/seo\/ -->\n<title>Roosa vesiv\u00e4rvi tapeet. Keskkonnas\u00f5bralik, t\u00e4psete paanidega<\/title>\n<meta name=\"description\" content=\"Roosa elegantne tapeet, vesiv\u00e4rvi tehnikas disain. Akvarell tapeet on alati moes. R\u00e4tsepat\u00f6\u00f6na valmivad fliistapeedid, kiire, kvaliteetine tr\u00fckk ning tarne.\" \/>\n<meta name=\"robots\" content=\"index, follow, max-snippet:-1, max-image-preview:large, max-video-preview:-1\" \/>\n<link rel=\"canonical\" href=\"https:\/\/baubauwall.com\/et\/toode\/tapeet-vesivarvi-sonaat-roosa\/\" \/>\n<meta property=\"og:locale\" content=\"et_EE\" \/>\n<meta property=\"og:type\" content=\"article\" \/>\n<meta property=\"og:title\" content=\"Vesiv\u00e4rvi sonaat - roosa\" \/>\n<meta property=\"og:description\" content=\"BAUBAUWALL TAPEEDID\" \/>\n<meta property=\"og:url\" content=\"https:\/\/baubauwall.com\/et\/toode\/tapeet-vesivarvi-sonaat-roosa\/\" \/>\n<meta property=\"og:site_name\" content=\"BAUBAUWALL TAPEEDID\" \/>\n<meta property=\"article:publisher\" content=\"https:\/\/www.facebook.com\/Baubauwall\" \/>\n<meta property=\"article:modified_time\" content=\"2022-10-05T07:25:48+00:00\" \/>\n<meta property=\"og:image\" content=\"https:\/\/baubauwall.com\/wp-content\/uploads\/2022\/09\/51100251_WatercolorScale-pink_Baubauwall_Wallpaper_room2.jpg\" \/>\n\t<meta property=\"og:image:width\" content=\"1200\" \/>\n\t<meta property=\"og:image:height\" content=\"800\" \/>\n\t<meta property=\"og:image:type\" content=\"image\/jpeg\" \/>\n<meta name=\"twitter:card\" content=\"summary_large_image\" \/>\n<meta name=\"twitter:label1\" content=\"Est. reading time\" \/>\n\t<meta name=\"twitter:data1\" content=\"1 minut\" \/>\n<script type=\"application\/ld+json\" class=\"yoast-schema-graph\">{\"@context\":\"https:\/\/schema.org\",\"@graph\":[{\"@type\":\"WebPage\",\"@id\":\"https:\/\/baubauwall.com\/et\/toode\/tapeet-vesivarvi-sonaat-roosa\/\",\"url\":\"https:\/\/baubauwall.com\/et\/toode\/tapeet-vesivarvi-sonaat-roosa\/\",\"name\":\"Roosa vesiv\u00e4rvi tapeet. Keskkonnas\u00f5bralik, t\u00e4psete paanidega\",\"isPartOf\":{\"@id\":\"https:\/\/baubauwall.com\/et\/#website\"},\"primaryImageOfPage\":{\"@id\":\"https:\/\/baubauwall.com\/et\/toode\/tapeet-vesivarvi-sonaat-roosa\/#primaryimage\"},\"image\":{\"@id\":\"https:\/\/baubauwall.com\/et\/toode\/tapeet-vesivarvi-sonaat-roosa\/#primaryimage\"},\"thumbnailUrl\":\"https:\/\/baubauwall.com\/wp-content\/uploads\/2022\/09\/51100251_WatercolorScale-pink_Baubauwall_Wallpaper_room2.jpg\",\"datePublished\":\"2022-09-07T06:35:29+00:00\",\"dateModified\":\"2022-10-05T07:25:48+00:00\",\"description\":\"Roosa elegantne tapeet, vesiv\u00e4rvi tehnikas disain. Akvarell tapeet on alati moes. R\u00e4tsepat\u00f6\u00f6na valmivad fliistapeedid, kiire, kvaliteetine tr\u00fckk ning tarne.\",\"breadcrumb\":{\"@id\":\"https:\/\/baubauwall.com\/et\/toode\/tapeet-vesivarvi-sonaat-roosa\/#breadcrumb\"},\"inLanguage\":\"et\",\"potentialAction\":[{\"@type\":\"ReadAction\",\"target\":[\"https:\/\/baubauwall.com\/et\/toode\/tapeet-vesivarvi-sonaat-roosa\/\"]}]},{\"@type\":\"ImageObject\",\"inLanguage\":\"et\",\"@id\":\"https:\/\/baubauwall.com\/et\/toode\/tapeet-vesivarvi-sonaat-roosa\/#primaryimage\",\"url\":\"https:\/\/baubauwall.com\/wp-content\/uploads\/2022\/09\/51100251_WatercolorScale-pink_Baubauwall_Wallpaper_room2.jpg\",\"contentUrl\":\"https:\/\/baubauwall.com\/wp-content\/uploads\/2022\/09\/51100251_WatercolorScale-pink_Baubauwall_Wallpaper_room2.jpg\",\"width\":1200,\"height\":800},{\"@type\":\"BreadcrumbList\",\"@id\":\"https:\/\/baubauwall.com\/et\/toode\/tapeet-vesivarvi-sonaat-roosa\/#breadcrumb\",\"itemListElement\":[{\"@type\":\"ListItem\",\"position\":1,\"name\":\"Koju\",\"item\":\"https:\/\/baubauwall.com\/et\/\"},{\"@type\":\"ListItem\",\"position\":2,\"name\":\"Tapeedid\",\"item\":\"https:\/\/baubauwall.com\/et\/tapeedid\/\"},{\"@type\":\"ListItem\",\"position\":3,\"name\":\"Vesiv\u00e4rvi sonaat &#8211; roosa\"}]},{\"@type\":\"WebSite\",\"@id\":\"https:\/\/baubauwall.com\/et\/#website\",\"url\":\"https:\/\/baubauwall.com\/et\/\",\"name\":\"BAUBAUWALL Wallpapers\",\"description\":\"Valmis paanides tapeet Eestist!\",\"publisher\":{\"@id\":\"https:\/\/baubauwall.com\/et\/#organization\"},\"potentialAction\":[{\"@type\":\"SearchAction\",\"target\":{\"@type\":\"EntryPoint\",\"urlTemplate\":\"https:\/\/baubauwall.com\/et\/?s={search_term_string}\"},\"query-input\":{\"@type\":\"PropertyValueSpecification\",\"valueRequired\":true,\"valueName\":\"search_term_string\"}}],\"inLanguage\":\"et\"},{\"@type\":\"Organization\",\"@id\":\"https:\/\/baubauwall.com\/et\/#organization\",\"name\":\"BAUBAUWALL Wallpapers\",\"url\":\"https:\/\/baubauwall.com\/et\/\",\"logo\":{\"@type\":\"ImageObject\",\"inLanguage\":\"et\",\"@id\":\"https:\/\/baubauwall.com\/et\/#\/schema\/logo\/image\/\",\"url\":\"https:\/\/baubauwall.com\/wp-content\/uploads\/2022\/03\/logo-horizontal.svg\",\"contentUrl\":\"https:\/\/baubauwall.com\/wp-content\/uploads\/2022\/03\/logo-horizontal.svg\",\"width\":\"1024\",\"height\":\"1024\",\"caption\":\"BAUBAUWALL Wallpapers\"},\"image\":{\"@id\":\"https:\/\/baubauwall.com\/et\/#\/schema\/logo\/image\/\"},\"sameAs\":[\"https:\/\/www.facebook.com\/Baubauwall\",\"https:\/\/www.instagram.com\/baubauwall\"]}]}<\/script>\n<!-- \/ Yoast SEO plugin. -->","yoast_head_json":{"title":"Roosa vesiv\u00e4rvi tapeet. Keskkonnas\u00f5bralik, t\u00e4psete paanidega","description":"Roosa elegantne tapeet, vesiv\u00e4rvi tehnikas disain. Akvarell tapeet on alati moes. R\u00e4tsepat\u00f6\u00f6na valmivad fliistapeedid, kiire, kvaliteetine tr\u00fckk ning tarne.","robots":{"index":"index","follow":"follow","max-snippet":"max-snippet:-1","max-image-preview":"max-image-preview:large","max-video-preview":"max-video-preview:-1"},"canonical":"https:\/\/baubauwall.com\/et\/toode\/tapeet-vesivarvi-sonaat-roosa\/","og_locale":"et_EE","og_type":"article","og_title":"Vesiv\u00e4rvi sonaat - roosa","og_description":"BAUBAUWALL TAPEEDID","og_url":"https:\/\/baubauwall.com\/et\/toode\/tapeet-vesivarvi-sonaat-roosa\/","og_site_name":"BAUBAUWALL TAPEEDID","article_publisher":"https:\/\/www.facebook.com\/Baubauwall","article_modified_time":"2022-10-05T07:25:48+00:00","og_image":[{"width":1200,"height":800,"url":"https:\/\/baubauwall.com\/wp-content\/uploads\/2022\/09\/51100251_WatercolorScale-pink_Baubauwall_Wallpaper_room2.jpg","type":"image\/jpeg"}],"twitter_card":"summary_large_image","twitter_misc":{"Est. reading time":"1 minut"},"schema":{"@context":"https:\/\/schema.org","@graph":[{"@type":"WebPage","@id":"https:\/\/baubauwall.com\/et\/toode\/tapeet-vesivarvi-sonaat-roosa\/","url":"https:\/\/baubauwall.com\/et\/toode\/tapeet-vesivarvi-sonaat-roosa\/","name":"Roosa vesiv\u00e4rvi tapeet. Keskkonnas\u00f5bralik, t\u00e4psete paanidega","isPartOf":{"@id":"https:\/\/baubauwall.com\/et\/#website"},"primaryImageOfPage":{"@id":"https:\/\/baubauwall.com\/et\/toode\/tapeet-vesivarvi-sonaat-roosa\/#primaryimage"},"image":{"@id":"https:\/\/baubauwall.com\/et\/toode\/tapeet-vesivarvi-sonaat-roosa\/#primaryimage"},"thumbnailUrl":"https:\/\/baubauwall.com\/wp-content\/uploads\/2022\/09\/51100251_WatercolorScale-pink_Baubauwall_Wallpaper_room2.jpg","datePublished":"2022-09-07T06:35:29+00:00","dateModified":"2022-10-05T07:25:48+00:00","description":"Roosa elegantne tapeet, vesiv\u00e4rvi tehnikas disain. Akvarell tapeet on alati moes. R\u00e4tsepat\u00f6\u00f6na valmivad fliistapeedid, kiire, kvaliteetine tr\u00fckk ning tarne.","breadcrumb":{"@id":"https:\/\/baubauwall.com\/et\/toode\/tapeet-vesivarvi-sonaat-roosa\/#breadcrumb"},"inLanguage":"et","potentialAction":[{"@type":"ReadAction","target":["https:\/\/baubauwall.com\/et\/toode\/tapeet-vesivarvi-sonaat-roosa\/"]}]},{"@type":"ImageObject","inLanguage":"et","@id":"https:\/\/baubauwall.com\/et\/toode\/tapeet-vesivarvi-sonaat-roosa\/#primaryimage","url":"https:\/\/baubauwall.com\/wp-content\/uploads\/2022\/09\/51100251_WatercolorScale-pink_Baubauwall_Wallpaper_room2.jpg","contentUrl":"https:\/\/baubauwall.com\/wp-content\/uploads\/2022\/09\/51100251_WatercolorScale-pink_Baubauwall_Wallpaper_room2.jpg","width":1200,"height":800},{"@type":"BreadcrumbList","@id":"https:\/\/baubauwall.com\/et\/toode\/tapeet-vesivarvi-sonaat-roosa\/#breadcrumb","itemListElement":[{"@type":"ListItem","position":1,"name":"Koju","item":"https:\/\/baubauwall.com\/et\/"},{"@type":"ListItem","position":2,"name":"Tapeedid","item":"https:\/\/baubauwall.com\/et\/tapeedid\/"},{"@type":"ListItem","position":3,"name":"Vesiv\u00e4rvi sonaat &#8211; roosa"}]},{"@type":"WebSite","@id":"https:\/\/baubauwall.com\/et\/#website","url":"https:\/\/baubauwall.com\/et\/","name":"BAUBAUWALL Wallpapers","description":"Valmis paanides tapeet Eestist!","publisher":{"@id":"https:\/\/baubauwall.com\/et\/#organization"},"potentialAction":[{"@type":"SearchAction","target":{"@type":"EntryPoint","urlTemplate":"https:\/\/baubauwall.com\/et\/?s={search_term_string}"},"query-input":{"@type":"PropertyValueSpecification","valueRequired":true,"valueName":"search_term_string"}}],"inLanguage":"et"},{"@type":"Organization","@id":"https:\/\/baubauwall.com\/et\/#organization","name":"BAUBAUWALL Wallpapers","url":"https:\/\/baubauwall.com\/et\/","logo":{"@type":"ImageObject","inLanguage":"et","@id":"https:\/\/baubauwall.com\/et\/#\/schema\/logo\/image\/","url":"https:\/\/baubauwall.com\/wp-content\/uploads\/2022\/03\/logo-horizontal.svg","contentUrl":"https:\/\/baubauwall.com\/wp-content\/uploads\/2022\/03\/logo-horizontal.svg","width":"1024","height":"1024","caption":"BAUBAUWALL Wallpapers"},"image":{"@id":"https:\/\/baubauwall.com\/et\/#\/schema\/logo\/image\/"},"sameAs":["https:\/\/www.facebook.com\/Baubauwall","https:\/\/www.instagram.com\/baubauwall"]}]}},"jetpack_sharing_enabled":true,"_links":{"self":[{"href":"https:\/\/baubauwall.com\/et\/wp-json\/wp\/v2\/product\/18163","targetHints":{"allow":["GET"]}}],"collection":[{"href":"https:\/\/baubauwall.com\/et\/wp-json\/wp\/v2\/product"}],"about":[{"href":"https:\/\/baubauwall.com\/et\/wp-json\/wp\/v2\/types\/product"}],"replies":[{"embeddable":true,"href":"https:\/\/baubauwall.com\/et\/wp-json\/wp\/v2\/comments?post=18163"}],"wp:featuredmedia":[{"embeddable":true,"href":"https:\/\/baubauwall.com\/et\/wp-json\/wp\/v2\/media\/18134"}],"wp:attachment":[{"href":"https:\/\/baubauwall.com\/et\/wp-json\/wp\/v2\/media?parent=18163"}],"wp:term":[{"taxonomy":"product_brand","embeddable":true,"href":"https:\/\/baubauwall.com\/et\/wp-json\/wp\/v2\/product_brand?post=18163"},{"taxonomy":"product_cat","embeddable":true,"href":"https:\/\/baubauwall.com\/et\/wp-json\/wp\/v2\/product_cat?post=18163"},{"taxonomy":"product_tag","embeddable":true,"href":"https:\/\/baubauwall.com\/et\/wp-json\/wp\/v2\/product_tag?post=18163"}],"curies":[{"name":"wp","href":"https:\/\/api.w.org\/{rel}","templated":true}]}}