{"id":18526,"date":"2022-09-27T08:35:31","date_gmt":"2022-09-27T06:35:31","guid":{"rendered":"https:\/\/baubauwall.com\/product\/wallpaper-palm-leaves-foliage-mustard\/"},"modified":"2022-10-10T21:33:40","modified_gmt":"2022-10-10T19:33:40","slug":"tapeet-palmilehtede-sadu-sinepikollane","status":"publish","type":"product","link":"https:\/\/baubauwall.com\/et\/toode\/tapeet-palmilehtede-sadu-sinepikollane\/","title":{"rendered":"Palmilehtede sadu &#8211; sinepikollane"},"content":{"rendered":"","protected":false},"excerpt":{"rendered":"","protected":false},"featured_media":18500,"comment_status":"open","ping_status":"closed","template":"","meta":{"_acf_changed":false,"inline_featured_image":false},"product_brand":[],"product_cat":[386,408,405,394,393,396,388,270,411,752,413,414,415,416,399,401,402,412,250,254],"product_tag":[550,346],"class_list":{"0":"post-18526","1":"product","2":"type-product","3":"status-publish","4":"has-post-thumbnail","6":"product_cat-kordusmustriga-tapeedid","7":"product_cat-geomeetriline","8":"product_cat-art-deco","9":"product_cat-rikkalik","10":"product_cat-idamaine","11":"product_cat-skandinaavia","12":"product_cat-vintage-et","13":"product_cat-tumedad-tapeedid","14":"product_cat-kollased-tapeedid","15":"product_cat-avalik-ruum","16":"product_cat-magamistoa-tapeedid","17":"product_cat-soogitoa-tapeedid","18":"product_cat-kulalistetoa-tapeedid","19":"product_cat-esiku-tapeedid","20":"product_cat-kodukontori-tapeedid","21":"product_cat-koogi-tapeedid","22":"product_cat-elutoa-tapeedid","23":"product_cat-vannitoa-tapeedid","24":"product_cat-dzungel-troopika","25":"product_cat-loodus","26":"product_tag-sajandi-keskpaik-et","27":"product_tag-sinep","28":"pa_designedby-baubauwall","30":"first","31":"instock","32":"taxable","33":"shipping-taxable","34":"purchasable","35":"product-type-simple"},"acf":[],"yoast_head":"<!-- This site is optimized with the Yoast SEO plugin v25.9 - https:\/\/yoast.com\/wordpress\/plugins\/seo\/ -->\n<title>Sinepikollane tapeet palmilehtedega. Kordusmustriga disaintapeet<\/title>\n<meta name=\"description\" content=\"Sinepikollane tapeet palmilehtedega. Ilus tapeet elutoa v\u00f5i magamistoa seinale. Sinu seina m\u00f5\u00f5tu tapeedipaanid. Keskkonnas\u00f5bralikud tapeedid.\" \/>\n<meta name=\"robots\" content=\"index, follow, max-snippet:-1, max-image-preview:large, max-video-preview:-1\" \/>\n<link rel=\"canonical\" href=\"https:\/\/baubauwall.com\/et\/toode\/tapeet-palmilehtede-sadu-sinepikollane\/\" \/>\n<meta property=\"og:locale\" content=\"et_EE\" \/>\n<meta property=\"og:type\" content=\"article\" \/>\n<meta property=\"og:title\" content=\"Sinepikollane tapeet palmilehtedega. Kordusmustriga disaintapeet\" \/>\n<meta property=\"og:description\" content=\"Sinepikollane tapeet palmilehtedega. Ilus tapeet elutoa v\u00f5i magamistoa seinale. Sinu seina m\u00f5\u00f5tu tapeedipaanid. Keskkonnas\u00f5bralikud tapeedid.\" \/>\n<meta property=\"og:url\" content=\"https:\/\/baubauwall.com\/et\/toode\/tapeet-palmilehtede-sadu-sinepikollane\/\" \/>\n<meta property=\"og:site_name\" content=\"BAUBAUWALL TAPEEDID\" \/>\n<meta property=\"article:publisher\" content=\"https:\/\/www.facebook.com\/Baubauwall\" \/>\n<meta property=\"article:modified_time\" content=\"2022-10-10T19:33:40+00:00\" \/>\n<meta property=\"og:image\" content=\"https:\/\/baubauwall.com\/wp-content\/uploads\/2022\/09\/51100278_PalmLeavesFoliage-mustard_Baubauwall_Wallpaper_room3.jpg\" \/>\n\t<meta property=\"og:image:width\" content=\"1200\" \/>\n\t<meta property=\"og:image:height\" content=\"800\" \/>\n\t<meta property=\"og:image:type\" content=\"image\/jpeg\" \/>\n<meta name=\"twitter:card\" content=\"summary_large_image\" \/>\n<script type=\"application\/ld+json\" class=\"yoast-schema-graph\">{\"@context\":\"https:\/\/schema.org\",\"@graph\":[{\"@type\":\"WebPage\",\"@id\":\"https:\/\/baubauwall.com\/et\/toode\/tapeet-palmilehtede-sadu-sinepikollane\/\",\"url\":\"https:\/\/baubauwall.com\/et\/toode\/tapeet-palmilehtede-sadu-sinepikollane\/\",\"name\":\"Sinepikollane tapeet palmilehtedega. Kordusmustriga disaintapeet\",\"isPartOf\":{\"@id\":\"https:\/\/baubauwall.com\/et\/#website\"},\"primaryImageOfPage\":{\"@id\":\"https:\/\/baubauwall.com\/et\/toode\/tapeet-palmilehtede-sadu-sinepikollane\/#primaryimage\"},\"image\":{\"@id\":\"https:\/\/baubauwall.com\/et\/toode\/tapeet-palmilehtede-sadu-sinepikollane\/#primaryimage\"},\"thumbnailUrl\":\"https:\/\/baubauwall.com\/wp-content\/uploads\/2022\/09\/51100278_PalmLeavesFoliage-mustard_Baubauwall_Wallpaper_room3.jpg\",\"datePublished\":\"2022-09-27T06:35:31+00:00\",\"dateModified\":\"2022-10-10T19:33:40+00:00\",\"description\":\"Sinepikollane tapeet palmilehtedega. Ilus tapeet elutoa v\u00f5i magamistoa seinale. Sinu seina m\u00f5\u00f5tu tapeedipaanid. Keskkonnas\u00f5bralikud tapeedid.\",\"breadcrumb\":{\"@id\":\"https:\/\/baubauwall.com\/et\/toode\/tapeet-palmilehtede-sadu-sinepikollane\/#breadcrumb\"},\"inLanguage\":\"et\",\"potentialAction\":[{\"@type\":\"ReadAction\",\"target\":[\"https:\/\/baubauwall.com\/et\/toode\/tapeet-palmilehtede-sadu-sinepikollane\/\"]}]},{\"@type\":\"ImageObject\",\"inLanguage\":\"et\",\"@id\":\"https:\/\/baubauwall.com\/et\/toode\/tapeet-palmilehtede-sadu-sinepikollane\/#primaryimage\",\"url\":\"https:\/\/baubauwall.com\/wp-content\/uploads\/2022\/09\/51100278_PalmLeavesFoliage-mustard_Baubauwall_Wallpaper_room3.jpg\",\"contentUrl\":\"https:\/\/baubauwall.com\/wp-content\/uploads\/2022\/09\/51100278_PalmLeavesFoliage-mustard_Baubauwall_Wallpaper_room3.jpg\",\"width\":1200,\"height\":800},{\"@type\":\"BreadcrumbList\",\"@id\":\"https:\/\/baubauwall.com\/et\/toode\/tapeet-palmilehtede-sadu-sinepikollane\/#breadcrumb\",\"itemListElement\":[{\"@type\":\"ListItem\",\"position\":1,\"name\":\"Koju\",\"item\":\"https:\/\/baubauwall.com\/et\/\"},{\"@type\":\"ListItem\",\"position\":2,\"name\":\"Tapeedid\",\"item\":\"https:\/\/baubauwall.com\/et\/tapeedid\/\"},{\"@type\":\"ListItem\",\"position\":3,\"name\":\"Palmilehtede sadu &#8211; sinepikollane\"}]},{\"@type\":\"WebSite\",\"@id\":\"https:\/\/baubauwall.com\/et\/#website\",\"url\":\"https:\/\/baubauwall.com\/et\/\",\"name\":\"BAUBAUWALL Wallpapers\",\"description\":\"Valmis paanides tapeet Eestist!\",\"publisher\":{\"@id\":\"https:\/\/baubauwall.com\/et\/#organization\"},\"potentialAction\":[{\"@type\":\"SearchAction\",\"target\":{\"@type\":\"EntryPoint\",\"urlTemplate\":\"https:\/\/baubauwall.com\/et\/?s={search_term_string}\"},\"query-input\":{\"@type\":\"PropertyValueSpecification\",\"valueRequired\":true,\"valueName\":\"search_term_string\"}}],\"inLanguage\":\"et\"},{\"@type\":\"Organization\",\"@id\":\"https:\/\/baubauwall.com\/et\/#organization\",\"name\":\"BAUBAUWALL Wallpapers\",\"url\":\"https:\/\/baubauwall.com\/et\/\",\"logo\":{\"@type\":\"ImageObject\",\"inLanguage\":\"et\",\"@id\":\"https:\/\/baubauwall.com\/et\/#\/schema\/logo\/image\/\",\"url\":\"https:\/\/baubauwall.com\/wp-content\/uploads\/2022\/03\/logo-horizontal.svg\",\"contentUrl\":\"https:\/\/baubauwall.com\/wp-content\/uploads\/2022\/03\/logo-horizontal.svg\",\"width\":\"1024\",\"height\":\"1024\",\"caption\":\"BAUBAUWALL Wallpapers\"},\"image\":{\"@id\":\"https:\/\/baubauwall.com\/et\/#\/schema\/logo\/image\/\"},\"sameAs\":[\"https:\/\/www.facebook.com\/Baubauwall\",\"https:\/\/www.instagram.com\/baubauwall\"]}]}<\/script>\n<!-- \/ Yoast SEO plugin. -->","yoast_head_json":{"title":"Sinepikollane tapeet palmilehtedega. Kordusmustriga disaintapeet","description":"Sinepikollane tapeet palmilehtedega. Ilus tapeet elutoa v\u00f5i magamistoa seinale. Sinu seina m\u00f5\u00f5tu tapeedipaanid. Keskkonnas\u00f5bralikud tapeedid.","robots":{"index":"index","follow":"follow","max-snippet":"max-snippet:-1","max-image-preview":"max-image-preview:large","max-video-preview":"max-video-preview:-1"},"canonical":"https:\/\/baubauwall.com\/et\/toode\/tapeet-palmilehtede-sadu-sinepikollane\/","og_locale":"et_EE","og_type":"article","og_title":"Sinepikollane tapeet palmilehtedega. Kordusmustriga disaintapeet","og_description":"Sinepikollane tapeet palmilehtedega. Ilus tapeet elutoa v\u00f5i magamistoa seinale. Sinu seina m\u00f5\u00f5tu tapeedipaanid. Keskkonnas\u00f5bralikud tapeedid.","og_url":"https:\/\/baubauwall.com\/et\/toode\/tapeet-palmilehtede-sadu-sinepikollane\/","og_site_name":"BAUBAUWALL TAPEEDID","article_publisher":"https:\/\/www.facebook.com\/Baubauwall","article_modified_time":"2022-10-10T19:33:40+00:00","og_image":[{"width":1200,"height":800,"url":"https:\/\/baubauwall.com\/wp-content\/uploads\/2022\/09\/51100278_PalmLeavesFoliage-mustard_Baubauwall_Wallpaper_room3.jpg","type":"image\/jpeg"}],"twitter_card":"summary_large_image","schema":{"@context":"https:\/\/schema.org","@graph":[{"@type":"WebPage","@id":"https:\/\/baubauwall.com\/et\/toode\/tapeet-palmilehtede-sadu-sinepikollane\/","url":"https:\/\/baubauwall.com\/et\/toode\/tapeet-palmilehtede-sadu-sinepikollane\/","name":"Sinepikollane tapeet palmilehtedega. Kordusmustriga disaintapeet","isPartOf":{"@id":"https:\/\/baubauwall.com\/et\/#website"},"primaryImageOfPage":{"@id":"https:\/\/baubauwall.com\/et\/toode\/tapeet-palmilehtede-sadu-sinepikollane\/#primaryimage"},"image":{"@id":"https:\/\/baubauwall.com\/et\/toode\/tapeet-palmilehtede-sadu-sinepikollane\/#primaryimage"},"thumbnailUrl":"https:\/\/baubauwall.com\/wp-content\/uploads\/2022\/09\/51100278_PalmLeavesFoliage-mustard_Baubauwall_Wallpaper_room3.jpg","datePublished":"2022-09-27T06:35:31+00:00","dateModified":"2022-10-10T19:33:40+00:00","description":"Sinepikollane tapeet palmilehtedega. Ilus tapeet elutoa v\u00f5i magamistoa seinale. Sinu seina m\u00f5\u00f5tu tapeedipaanid. Keskkonnas\u00f5bralikud tapeedid.","breadcrumb":{"@id":"https:\/\/baubauwall.com\/et\/toode\/tapeet-palmilehtede-sadu-sinepikollane\/#breadcrumb"},"inLanguage":"et","potentialAction":[{"@type":"ReadAction","target":["https:\/\/baubauwall.com\/et\/toode\/tapeet-palmilehtede-sadu-sinepikollane\/"]}]},{"@type":"ImageObject","inLanguage":"et","@id":"https:\/\/baubauwall.com\/et\/toode\/tapeet-palmilehtede-sadu-sinepikollane\/#primaryimage","url":"https:\/\/baubauwall.com\/wp-content\/uploads\/2022\/09\/51100278_PalmLeavesFoliage-mustard_Baubauwall_Wallpaper_room3.jpg","contentUrl":"https:\/\/baubauwall.com\/wp-content\/uploads\/2022\/09\/51100278_PalmLeavesFoliage-mustard_Baubauwall_Wallpaper_room3.jpg","width":1200,"height":800},{"@type":"BreadcrumbList","@id":"https:\/\/baubauwall.com\/et\/toode\/tapeet-palmilehtede-sadu-sinepikollane\/#breadcrumb","itemListElement":[{"@type":"ListItem","position":1,"name":"Koju","item":"https:\/\/baubauwall.com\/et\/"},{"@type":"ListItem","position":2,"name":"Tapeedid","item":"https:\/\/baubauwall.com\/et\/tapeedid\/"},{"@type":"ListItem","position":3,"name":"Palmilehtede sadu &#8211; sinepikollane"}]},{"@type":"WebSite","@id":"https:\/\/baubauwall.com\/et\/#website","url":"https:\/\/baubauwall.com\/et\/","name":"BAUBAUWALL Wallpapers","description":"Valmis paanides tapeet Eestist!","publisher":{"@id":"https:\/\/baubauwall.com\/et\/#organization"},"potentialAction":[{"@type":"SearchAction","target":{"@type":"EntryPoint","urlTemplate":"https:\/\/baubauwall.com\/et\/?s={search_term_string}"},"query-input":{"@type":"PropertyValueSpecification","valueRequired":true,"valueName":"search_term_string"}}],"inLanguage":"et"},{"@type":"Organization","@id":"https:\/\/baubauwall.com\/et\/#organization","name":"BAUBAUWALL Wallpapers","url":"https:\/\/baubauwall.com\/et\/","logo":{"@type":"ImageObject","inLanguage":"et","@id":"https:\/\/baubauwall.com\/et\/#\/schema\/logo\/image\/","url":"https:\/\/baubauwall.com\/wp-content\/uploads\/2022\/03\/logo-horizontal.svg","contentUrl":"https:\/\/baubauwall.com\/wp-content\/uploads\/2022\/03\/logo-horizontal.svg","width":"1024","height":"1024","caption":"BAUBAUWALL Wallpapers"},"image":{"@id":"https:\/\/baubauwall.com\/et\/#\/schema\/logo\/image\/"},"sameAs":["https:\/\/www.facebook.com\/Baubauwall","https:\/\/www.instagram.com\/baubauwall"]}]}},"jetpack_sharing_enabled":true,"_links":{"self":[{"href":"https:\/\/baubauwall.com\/et\/wp-json\/wp\/v2\/product\/18526","targetHints":{"allow":["GET"]}}],"collection":[{"href":"https:\/\/baubauwall.com\/et\/wp-json\/wp\/v2\/product"}],"about":[{"href":"https:\/\/baubauwall.com\/et\/wp-json\/wp\/v2\/types\/product"}],"replies":[{"embeddable":true,"href":"https:\/\/baubauwall.com\/et\/wp-json\/wp\/v2\/comments?post=18526"}],"wp:featuredmedia":[{"embeddable":true,"href":"https:\/\/baubauwall.com\/et\/wp-json\/wp\/v2\/media\/18500"}],"wp:attachment":[{"href":"https:\/\/baubauwall.com\/et\/wp-json\/wp\/v2\/media?parent=18526"}],"wp:term":[{"taxonomy":"product_brand","embeddable":true,"href":"https:\/\/baubauwall.com\/et\/wp-json\/wp\/v2\/product_brand?post=18526"},{"taxonomy":"product_cat","embeddable":true,"href":"https:\/\/baubauwall.com\/et\/wp-json\/wp\/v2\/product_cat?post=18526"},{"taxonomy":"product_tag","embeddable":true,"href":"https:\/\/baubauwall.com\/et\/wp-json\/wp\/v2\/product_tag?post=18526"}],"curies":[{"name":"wp","href":"https:\/\/api.w.org\/{rel}","templated":true}]}}