{"id":19526,"date":"2022-10-26T15:38:32","date_gmt":"2022-10-26T13:38:32","guid":{"rendered":"https:\/\/baubauwall.com\/?post_type=product&#038;p=19526"},"modified":"2024-10-08T16:54:09","modified_gmt":"2024-10-08T14:54:09","slug":"pilttapeet-maroko-riaad-beez","status":"publish","type":"product","link":"https:\/\/baubauwall.com\/et\/toode\/pilttapeet-maroko-riaad-beez\/","title":{"rendered":"Pilttapeet Maroko riaad &#8211; bee\u017e"},"content":{"rendered":"<p>Bee\u017e pilttapeet Tanel Veenre rikkalikust maailmast v\u00f5i siis &#8211; t\u00fckike moodsat orientaalset kunsti pilttapeedi disainil! Astu enda isiklikku riaadi ja kujutle end Maroko aeda t\u00e4is detailsed, s\u00fcmmeetrilisi kirjuid mustreid. Pilttapeet, mis kombineerib uus-araabialiku disaini Tanel Veenrele omaste hingeloomade ja detailsete karakteritega. Taba tapeedidisainis putukaid, merihobuseid ja teokarpe, kes k\u00f5ik moodustavad korrap\u00e4raseid ringe. Puuder bee\u017e pilttapeet aktsenseinaks elutuppa, veidi idamaise h\u00f5nguga magamistuppa v\u00f5i s\u00f6\u00f6gitoa seinale.<\/p>\n<p><strong>Tanel Veenre x Baubauwall<\/strong> tapeedid on kollektsioon disaine, mis peegeldavad multitalent <a href=\"https:\/\/tanelveenre.com\/blogi\/tanel-veenre-x-baubauwall-laseme-hobud-seintele-tantsima\/\" target=\"_blank\" rel=\"noopener\">Tanel Veenre<\/a> muinasjutulist maailma. Tapeetidelt leiad tiivulised merihobud koos teiste muinasjutuliste olenditega. Mustrid liblikate, merekarpide, kiilide ja mardikatega on kui kaotatud paradiisi taas avastatud m\u00e4lestused. Luba nad tantsima oma interj\u00f6\u00f6ri seintele!<\/p>\n<p>Nagu k\u00f5ik meie tapeedid on ka see tapeet tr\u00fckitud keskkonnas\u00f5bralike v\u00e4rvidega hingavale, fliistapeedi materjalile. Sinu uus tapeet on l\u00f5igatud nummerdatud paanideks \u2013 t\u00e4pselt nii pikad, kui Sinu sein. Kuidas see t\u00f6\u00f6tab ja miks \u2013 loe l\u00e4hemalt<a href=\"https:\/\/baubauwall.com\/et\/kuidas-see-tootab\/\" target=\"_blank\" rel=\"noopener\">\u00a0siit.<\/a><\/p>\n<p>&nbsp;<\/p>\n","protected":false},"excerpt":{"rendered":"<p>Bee\u017e pilttapeet Tanel Veenre rikkalikust maailmast v\u00f5i siis &#8211; t\u00fckike moodsat orientaalset kunsti pilttapeedi disainil! Astu enda isiklikku riaadi ja kujutle end Maroko aeda t\u00e4is detailsed, s\u00fcmmeetrilisi kirjuid mustreid. Pilttapeet, mis kombineerib uus-araabialiku disaini Tanel Veenrele omaste hingeloomade ja detailsete karakteritega. Taba tapeedidisainis putukaid, merihobuseid ja teokarpe, kes k\u00f5ik moodustavad korrap\u00e4raseid ringe. Puuder bee\u017e pilttapeet [&hellip;]<\/p>\n","protected":false},"featured_media":27777,"comment_status":"open","ping_status":"closed","template":"","meta":{"_acf_changed":false,"inline_featured_image":false},"product_brand":[],"product_cat":[598,387,395,394,391,393,265,273,276,752,413,414,415,416,399,402,699,258,259],"product_tag":[584,695,603,345,602,719],"class_list":{"0":"post-19526","1":"product","2":"type-product","3":"status-publish","4":"has-post-thumbnail","6":"product_cat-tanel-veenre-tapeedid-baubauwall","7":"product_cat-pilttapeedid","8":"product_cat-romantiline","9":"product_cat-rikkalik","10":"product_cat-vahemereline","11":"product_cat-idamaine","12":"product_cat-beezid-tapeedid","13":"product_cat-heledad-tapeedid","14":"product_cat-pastelsed-tapeedid","15":"product_cat-avalik-ruum","16":"product_cat-magamistoa-tapeedid","17":"product_cat-soogitoa-tapeedid","18":"product_cat-kulalistetoa-tapeedid","19":"product_cat-esiku-tapeedid","20":"product_cat-kodukontori-tapeedid","21":"product_cat-elutoa-tapeedid","22":"product_cat-eesti-disain-tapeedid","23":"product_cat-putukad-liblikad","24":"product_cat-kalad-veealune-maailm","25":"product_tag-boho-et","26":"product_tag-eesti-disain-tapeedid","27":"product_tag-merihobu","28":"product_tag-pilttapeet","29":"product_tag-tanel-veenre-tapeedid","30":"product_tag-vaikne-luksus","31":"pa_designedby-tanel-veenre","33":"first","34":"instock","35":"taxable","36":"shipping-taxable","37":"purchasable","38":"product-type-simple"},"acf":[],"yoast_head":"<!-- This site is optimized with the Yoast SEO plugin v25.9 - https:\/\/yoast.com\/wordpress\/plugins\/seo\/ -->\n<title>Bee\u017e pilttapeet Maroko riaad - Tanel Veenre tapeedid<\/title>\n<meta name=\"description\" content=\"Bee\u017e maitsekas pilttapeet. Disainer Tanel Veenre tapeedikollektsioon. Keskkonnas\u00f5bralikud, nutikad tapeedid. T\u00e4pselt sinu seina m\u00f5\u00f5tu paanid.\" \/>\n<meta name=\"robots\" content=\"index, follow, max-snippet:-1, max-image-preview:large, max-video-preview:-1\" \/>\n<link rel=\"canonical\" href=\"https:\/\/baubauwall.com\/et\/toode\/pilttapeet-maroko-riaad-beez\/\" \/>\n<meta property=\"og:locale\" content=\"et_EE\" \/>\n<meta property=\"og:type\" content=\"article\" \/>\n<meta property=\"og:title\" content=\"Bee\u017e pilttapeet Maroko riaad - Tanel Veenre tapeedid\" \/>\n<meta property=\"og:description\" content=\"Bee\u017e maitsekas pilttapeet. Disainer Tanel Veenre tapeedikollektsioon. Keskkonnas\u00f5bralikud, nutikad tapeedid. T\u00e4pselt sinu seina m\u00f5\u00f5tu paanid.\" \/>\n<meta property=\"og:url\" content=\"https:\/\/baubauwall.com\/et\/toode\/pilttapeet-maroko-riaad-beez\/\" \/>\n<meta property=\"og:site_name\" content=\"BAUBAUWALL TAPEEDID\" \/>\n<meta property=\"article:publisher\" content=\"https:\/\/www.facebook.com\/Baubauwall\" \/>\n<meta property=\"article:modified_time\" content=\"2024-10-08T14:54:09+00:00\" \/>\n<meta property=\"og:image\" content=\"https:\/\/baubauwall.com\/wp-content\/uploads\/2022\/10\/Baubauwall_Tanel-Veenre_tapeedid_launch-3-200x300.jpg\" \/>\n<meta name=\"twitter:card\" content=\"summary_large_image\" \/>\n<meta name=\"twitter:label1\" content=\"Est. reading time\" \/>\n\t<meta name=\"twitter:data1\" content=\"1 minut\" \/>\n<script type=\"application\/ld+json\" class=\"yoast-schema-graph\">{\"@context\":\"https:\/\/schema.org\",\"@graph\":[{\"@type\":\"WebPage\",\"@id\":\"https:\/\/baubauwall.com\/et\/toode\/pilttapeet-maroko-riaad-beez\/\",\"url\":\"https:\/\/baubauwall.com\/et\/toode\/pilttapeet-maroko-riaad-beez\/\",\"name\":\"Bee\u017e pilttapeet Maroko riaad - Tanel Veenre tapeedid\",\"isPartOf\":{\"@id\":\"https:\/\/baubauwall.com\/et\/#website\"},\"primaryImageOfPage\":{\"@id\":\"https:\/\/baubauwall.com\/et\/toode\/pilttapeet-maroko-riaad-beez\/#primaryimage\"},\"image\":{\"@id\":\"https:\/\/baubauwall.com\/et\/toode\/pilttapeet-maroko-riaad-beez\/#primaryimage\"},\"thumbnailUrl\":\"https:\/\/baubauwall.com\/wp-content\/uploads\/2022\/10\/morcco_riad-beige_mural_wallpaper_veenre_baubauwall-5-scaled.jpg\",\"datePublished\":\"2022-10-26T13:38:32+00:00\",\"dateModified\":\"2024-10-08T14:54:09+00:00\",\"description\":\"Bee\u017e maitsekas pilttapeet. Disainer Tanel Veenre tapeedikollektsioon. Keskkonnas\u00f5bralikud, nutikad tapeedid. T\u00e4pselt sinu seina m\u00f5\u00f5tu paanid.\",\"breadcrumb\":{\"@id\":\"https:\/\/baubauwall.com\/et\/toode\/pilttapeet-maroko-riaad-beez\/#breadcrumb\"},\"inLanguage\":\"et\",\"potentialAction\":[{\"@type\":\"ReadAction\",\"target\":[\"https:\/\/baubauwall.com\/et\/toode\/pilttapeet-maroko-riaad-beez\/\"]}]},{\"@type\":\"ImageObject\",\"inLanguage\":\"et\",\"@id\":\"https:\/\/baubauwall.com\/et\/toode\/pilttapeet-maroko-riaad-beez\/#primaryimage\",\"url\":\"https:\/\/baubauwall.com\/wp-content\/uploads\/2022\/10\/morcco_riad-beige_mural_wallpaper_veenre_baubauwall-5-scaled.jpg\",\"contentUrl\":\"https:\/\/baubauwall.com\/wp-content\/uploads\/2022\/10\/morcco_riad-beige_mural_wallpaper_veenre_baubauwall-5-scaled.jpg\",\"width\":2560,\"height\":1707},{\"@type\":\"BreadcrumbList\",\"@id\":\"https:\/\/baubauwall.com\/et\/toode\/pilttapeet-maroko-riaad-beez\/#breadcrumb\",\"itemListElement\":[{\"@type\":\"ListItem\",\"position\":1,\"name\":\"Koju\",\"item\":\"https:\/\/baubauwall.com\/et\/\"},{\"@type\":\"ListItem\",\"position\":2,\"name\":\"Tapeedid\",\"item\":\"https:\/\/baubauwall.com\/et\/tapeedid\/\"},{\"@type\":\"ListItem\",\"position\":3,\"name\":\"Pilttapeet Maroko riaad &#8211; bee\u017e\"}]},{\"@type\":\"WebSite\",\"@id\":\"https:\/\/baubauwall.com\/et\/#website\",\"url\":\"https:\/\/baubauwall.com\/et\/\",\"name\":\"BAUBAUWALL Wallpapers\",\"description\":\"Valmis paanides tapeet Eestist!\",\"publisher\":{\"@id\":\"https:\/\/baubauwall.com\/et\/#organization\"},\"potentialAction\":[{\"@type\":\"SearchAction\",\"target\":{\"@type\":\"EntryPoint\",\"urlTemplate\":\"https:\/\/baubauwall.com\/et\/?s={search_term_string}\"},\"query-input\":{\"@type\":\"PropertyValueSpecification\",\"valueRequired\":true,\"valueName\":\"search_term_string\"}}],\"inLanguage\":\"et\"},{\"@type\":\"Organization\",\"@id\":\"https:\/\/baubauwall.com\/et\/#organization\",\"name\":\"BAUBAUWALL Wallpapers\",\"url\":\"https:\/\/baubauwall.com\/et\/\",\"logo\":{\"@type\":\"ImageObject\",\"inLanguage\":\"et\",\"@id\":\"https:\/\/baubauwall.com\/et\/#\/schema\/logo\/image\/\",\"url\":\"https:\/\/baubauwall.com\/wp-content\/uploads\/2022\/03\/logo-horizontal.svg\",\"contentUrl\":\"https:\/\/baubauwall.com\/wp-content\/uploads\/2022\/03\/logo-horizontal.svg\",\"width\":\"1024\",\"height\":\"1024\",\"caption\":\"BAUBAUWALL Wallpapers\"},\"image\":{\"@id\":\"https:\/\/baubauwall.com\/et\/#\/schema\/logo\/image\/\"},\"sameAs\":[\"https:\/\/www.facebook.com\/Baubauwall\",\"https:\/\/www.instagram.com\/baubauwall\"]}]}<\/script>\n<!-- \/ Yoast SEO plugin. -->","yoast_head_json":{"title":"Bee\u017e pilttapeet Maroko riaad - Tanel Veenre tapeedid","description":"Bee\u017e maitsekas pilttapeet. Disainer Tanel Veenre tapeedikollektsioon. Keskkonnas\u00f5bralikud, nutikad tapeedid. T\u00e4pselt sinu seina m\u00f5\u00f5tu paanid.","robots":{"index":"index","follow":"follow","max-snippet":"max-snippet:-1","max-image-preview":"max-image-preview:large","max-video-preview":"max-video-preview:-1"},"canonical":"https:\/\/baubauwall.com\/et\/toode\/pilttapeet-maroko-riaad-beez\/","og_locale":"et_EE","og_type":"article","og_title":"Bee\u017e pilttapeet Maroko riaad - Tanel Veenre tapeedid","og_description":"Bee\u017e maitsekas pilttapeet. Disainer Tanel Veenre tapeedikollektsioon. Keskkonnas\u00f5bralikud, nutikad tapeedid. T\u00e4pselt sinu seina m\u00f5\u00f5tu paanid.","og_url":"https:\/\/baubauwall.com\/et\/toode\/pilttapeet-maroko-riaad-beez\/","og_site_name":"BAUBAUWALL TAPEEDID","article_publisher":"https:\/\/www.facebook.com\/Baubauwall","article_modified_time":"2024-10-08T14:54:09+00:00","og_image":[{"url":"https:\/\/baubauwall.com\/wp-content\/uploads\/2022\/10\/Baubauwall_Tanel-Veenre_tapeedid_launch-3-200x300.jpg","type":"","width":"","height":""}],"twitter_card":"summary_large_image","twitter_misc":{"Est. reading time":"1 minut"},"schema":{"@context":"https:\/\/schema.org","@graph":[{"@type":"WebPage","@id":"https:\/\/baubauwall.com\/et\/toode\/pilttapeet-maroko-riaad-beez\/","url":"https:\/\/baubauwall.com\/et\/toode\/pilttapeet-maroko-riaad-beez\/","name":"Bee\u017e pilttapeet Maroko riaad - Tanel Veenre tapeedid","isPartOf":{"@id":"https:\/\/baubauwall.com\/et\/#website"},"primaryImageOfPage":{"@id":"https:\/\/baubauwall.com\/et\/toode\/pilttapeet-maroko-riaad-beez\/#primaryimage"},"image":{"@id":"https:\/\/baubauwall.com\/et\/toode\/pilttapeet-maroko-riaad-beez\/#primaryimage"},"thumbnailUrl":"https:\/\/baubauwall.com\/wp-content\/uploads\/2022\/10\/morcco_riad-beige_mural_wallpaper_veenre_baubauwall-5-scaled.jpg","datePublished":"2022-10-26T13:38:32+00:00","dateModified":"2024-10-08T14:54:09+00:00","description":"Bee\u017e maitsekas pilttapeet. Disainer Tanel Veenre tapeedikollektsioon. Keskkonnas\u00f5bralikud, nutikad tapeedid. T\u00e4pselt sinu seina m\u00f5\u00f5tu paanid.","breadcrumb":{"@id":"https:\/\/baubauwall.com\/et\/toode\/pilttapeet-maroko-riaad-beez\/#breadcrumb"},"inLanguage":"et","potentialAction":[{"@type":"ReadAction","target":["https:\/\/baubauwall.com\/et\/toode\/pilttapeet-maroko-riaad-beez\/"]}]},{"@type":"ImageObject","inLanguage":"et","@id":"https:\/\/baubauwall.com\/et\/toode\/pilttapeet-maroko-riaad-beez\/#primaryimage","url":"https:\/\/baubauwall.com\/wp-content\/uploads\/2022\/10\/morcco_riad-beige_mural_wallpaper_veenre_baubauwall-5-scaled.jpg","contentUrl":"https:\/\/baubauwall.com\/wp-content\/uploads\/2022\/10\/morcco_riad-beige_mural_wallpaper_veenre_baubauwall-5-scaled.jpg","width":2560,"height":1707},{"@type":"BreadcrumbList","@id":"https:\/\/baubauwall.com\/et\/toode\/pilttapeet-maroko-riaad-beez\/#breadcrumb","itemListElement":[{"@type":"ListItem","position":1,"name":"Koju","item":"https:\/\/baubauwall.com\/et\/"},{"@type":"ListItem","position":2,"name":"Tapeedid","item":"https:\/\/baubauwall.com\/et\/tapeedid\/"},{"@type":"ListItem","position":3,"name":"Pilttapeet Maroko riaad &#8211; bee\u017e"}]},{"@type":"WebSite","@id":"https:\/\/baubauwall.com\/et\/#website","url":"https:\/\/baubauwall.com\/et\/","name":"BAUBAUWALL Wallpapers","description":"Valmis paanides tapeet Eestist!","publisher":{"@id":"https:\/\/baubauwall.com\/et\/#organization"},"potentialAction":[{"@type":"SearchAction","target":{"@type":"EntryPoint","urlTemplate":"https:\/\/baubauwall.com\/et\/?s={search_term_string}"},"query-input":{"@type":"PropertyValueSpecification","valueRequired":true,"valueName":"search_term_string"}}],"inLanguage":"et"},{"@type":"Organization","@id":"https:\/\/baubauwall.com\/et\/#organization","name":"BAUBAUWALL Wallpapers","url":"https:\/\/baubauwall.com\/et\/","logo":{"@type":"ImageObject","inLanguage":"et","@id":"https:\/\/baubauwall.com\/et\/#\/schema\/logo\/image\/","url":"https:\/\/baubauwall.com\/wp-content\/uploads\/2022\/03\/logo-horizontal.svg","contentUrl":"https:\/\/baubauwall.com\/wp-content\/uploads\/2022\/03\/logo-horizontal.svg","width":"1024","height":"1024","caption":"BAUBAUWALL Wallpapers"},"image":{"@id":"https:\/\/baubauwall.com\/et\/#\/schema\/logo\/image\/"},"sameAs":["https:\/\/www.facebook.com\/Baubauwall","https:\/\/www.instagram.com\/baubauwall"]}]}},"jetpack_sharing_enabled":true,"_links":{"self":[{"href":"https:\/\/baubauwall.com\/et\/wp-json\/wp\/v2\/product\/19526","targetHints":{"allow":["GET"]}}],"collection":[{"href":"https:\/\/baubauwall.com\/et\/wp-json\/wp\/v2\/product"}],"about":[{"href":"https:\/\/baubauwall.com\/et\/wp-json\/wp\/v2\/types\/product"}],"replies":[{"embeddable":true,"href":"https:\/\/baubauwall.com\/et\/wp-json\/wp\/v2\/comments?post=19526"}],"wp:featuredmedia":[{"embeddable":true,"href":"https:\/\/baubauwall.com\/et\/wp-json\/wp\/v2\/media\/27777"}],"wp:attachment":[{"href":"https:\/\/baubauwall.com\/et\/wp-json\/wp\/v2\/media?parent=19526"}],"wp:term":[{"taxonomy":"product_brand","embeddable":true,"href":"https:\/\/baubauwall.com\/et\/wp-json\/wp\/v2\/product_brand?post=19526"},{"taxonomy":"product_cat","embeddable":true,"href":"https:\/\/baubauwall.com\/et\/wp-json\/wp\/v2\/product_cat?post=19526"},{"taxonomy":"product_tag","embeddable":true,"href":"https:\/\/baubauwall.com\/et\/wp-json\/wp\/v2\/product_tag?post=19526"}],"curies":[{"name":"wp","href":"https:\/\/api.w.org\/{rel}","templated":true}]}}