{"id":19528,"date":"2022-10-26T15:38:31","date_gmt":"2022-10-26T13:38:31","guid":{"rendered":"https:\/\/baubauwall.com\/?post_type=product&#038;p=19528"},"modified":"2024-10-08T16:57:49","modified_gmt":"2024-10-08T14:57:49","slug":"pilttapeet-maroko-riaad-tumelilla","status":"publish","type":"product","link":"https:\/\/baubauwall.com\/et\/toode\/pilttapeet-maroko-riaad-tumelilla\/","title":{"rendered":"Pilttapeet Maroko riaad &#8211; tumelilla"},"content":{"rendered":"<p>Pilttapeet, mis kombineerib uus-araabialiku disaini Tanel Veenrele omaste hingeloomade ja detailsete karakteritega. T\u00fckike moodsat orientaalset kunsti pilttapeedi disainil! Astu enda isiklikku riaadi ja kujutle end Maroko aeda t\u00e4is detailsed, s\u00fcmmeetrilisi kirjuid mustreid. Taba tapeedidisainis putukaid, merihobuseid ja teokarpe, kes k\u00f5ik moodustavad korrap\u00e4raseid ringe. \u0160ikk, tumelilla pilttapeet aktsenseinaks elutuppa, veidi idamaise h\u00f5nguga magamistuppa v\u00f5i s\u00f6\u00f6gitoa seinale.<\/p>\n<p><strong>Tanel Veenre x Baubauwall<\/strong> tapeedid on kollektsioon disaine, mis peegeldavad multitalent <a href=\"https:\/\/tanelveenre.com\/blogi\/tanel-veenre-x-baubauwall-laseme-hobud-seintele-tantsima\/\" target=\"_blank\" rel=\"noopener\">Tanel Veenre<\/a> muinasjutulist maailma. Tapeetidelt leiad tiivulised merihobud koos teiste muinasjutuliste olenditega. Mustrid liblikate, merekarpide, kiilide ja mardikatega on kui kaotatud paradiisi taas avastatud m\u00e4lestused. Luba nad tantsima oma interj\u00f6\u00f6ri seintele!<\/p>\n<p>Nagu k\u00f5ik meie tapeedid on ka see tapeet tr\u00fckitud keskkonnas\u00f5bralike v\u00e4rvidega hingavale, fliistapeedi materjalile. Sinu uus tapeet on l\u00f5igatud nummerdatud paanideks \u2013 t\u00e4pselt nii pikad, kui Sinu sein. Kuidas see t\u00f6\u00f6tab ja miks \u2013 loe l\u00e4hemalt<a href=\"https:\/\/baubauwall.com\/et\/kuidas-see-tootab\/\" target=\"_blank\" rel=\"noopener\">\u00a0siit.<\/a><\/p>\n<p>&nbsp;<\/p>\n","protected":false},"excerpt":{"rendered":"<p>Pilttapeet, mis kombineerib uus-araabialiku disaini Tanel Veenrele omaste hingeloomade ja detailsete karakteritega. T\u00fckike moodsat orientaalset kunsti pilttapeedi disainil! Astu enda isiklikku riaadi ja kujutle end Maroko aeda t\u00e4is detailsed, s\u00fcmmeetrilisi kirjuid mustreid. Taba tapeedidisainis putukaid, merihobuseid ja teokarpe, kes k\u00f5ik moodustavad korrap\u00e4raseid ringe. \u0160ikk, tumelilla pilttapeet aktsenseinaks elutuppa, veidi idamaise h\u00f5nguga magamistuppa v\u00f5i s\u00f6\u00f6gitoa seinale. [&hellip;]<\/p>\n","protected":false},"featured_media":19266,"comment_status":"open","ping_status":"closed","template":"","meta":{"_acf_changed":false,"inline_featured_image":false},"product_brand":[],"product_cat":[598,387,622,447,408,394,393,270,417,413,414,415,416,399,402,412,699,252,254,258,259],"product_tag":[695,315,603,345,602],"class_list":{"0":"post-19528","1":"product","2":"type-product","3":"status-publish","4":"has-post-thumbnail","6":"product_cat-tanel-veenre-tapeedid-baubauwall","7":"product_cat-pilttapeedid","8":"product_cat-julged-tapeedid","9":"product_cat-maksimalistlik-et","10":"product_cat-geomeetriline","11":"product_cat-rikkalik","12":"product_cat-idamaine","13":"product_cat-tumedad-tapeedid","14":"product_cat-purpur-tapeedid","15":"product_cat-magamistoa-tapeedid","16":"product_cat-soogitoa-tapeedid","17":"product_cat-kulalistetoa-tapeedid","18":"product_cat-esiku-tapeedid","19":"product_cat-kodukontori-tapeedid","20":"product_cat-elutoa-tapeedid","21":"product_cat-vannitoa-tapeedid","22":"product_cat-eesti-disain-tapeedid","23":"product_cat-ookean-meri","24":"product_cat-loodus","25":"product_cat-putukad-liblikad","26":"product_cat-kalad-veealune-maailm","27":"product_tag-eesti-disain-tapeedid","28":"product_tag-kiil","29":"product_tag-merihobu","30":"product_tag-pilttapeet","31":"product_tag-tanel-veenre-tapeedid","32":"pa_designedby-tanel-veenre","34":"first","35":"instock","36":"taxable","37":"shipping-taxable","38":"purchasable","39":"product-type-simple"},"acf":[],"yoast_head":"<!-- This site is optimized with the Yoast SEO plugin v25.9 - https:\/\/yoast.com\/wordpress\/plugins\/seo\/ -->\n<title>Pilttapeet Maroko riaad - lilla. Tanel Veenre disain<\/title>\n<meta name=\"description\" content=\"Tumelilla pilttapeet marokoliku mustriga. Tanel Veenre tapeedid. Seina m\u00f5\u00f5tu tr\u00fckitud tapeedid nummerdatud paanides. M\u00fcrkidevabad, j\u00e4\u00e4tmevaba tapeetimine.\" \/>\n<meta name=\"robots\" content=\"index, follow, max-snippet:-1, max-image-preview:large, max-video-preview:-1\" \/>\n<link rel=\"canonical\" href=\"https:\/\/baubauwall.com\/et\/toode\/pilttapeet-maroko-riaad-tumelilla\/\" \/>\n<meta property=\"og:locale\" content=\"et_EE\" \/>\n<meta property=\"og:type\" content=\"article\" \/>\n<meta property=\"og:title\" content=\"Pilttapeet Maroko riaad - lilla. Tanel Veenre disain\" \/>\n<meta property=\"og:description\" content=\"Tumelilla pilttapeet marokoliku mustriga. Tanel Veenre tapeedid. Seina m\u00f5\u00f5tu tr\u00fckitud tapeedid nummerdatud paanides. M\u00fcrkidevabad, j\u00e4\u00e4tmevaba tapeetimine.\" \/>\n<meta property=\"og:url\" content=\"https:\/\/baubauwall.com\/et\/toode\/pilttapeet-maroko-riaad-tumelilla\/\" \/>\n<meta property=\"og:site_name\" content=\"BAUBAUWALL TAPEEDID\" \/>\n<meta property=\"article:publisher\" content=\"https:\/\/www.facebook.com\/Baubauwall\" \/>\n<meta property=\"article:modified_time\" content=\"2024-10-08T14:57:49+00:00\" \/>\n<meta property=\"og:image\" content=\"https:\/\/baubauwall.com\/wp-content\/uploads\/2022\/03\/51200121_MoroccoRiad-aubergine_Baubauwall_Wallmural_room11.jpg\" \/>\n\t<meta property=\"og:image:width\" content=\"1067\" \/>\n\t<meta property=\"og:image:height\" content=\"800\" \/>\n\t<meta property=\"og:image:type\" content=\"image\/jpeg\" \/>\n<meta name=\"twitter:card\" content=\"summary_large_image\" \/>\n<meta name=\"twitter:label1\" content=\"Est. reading time\" \/>\n\t<meta name=\"twitter:data1\" content=\"1 minut\" \/>\n<script type=\"application\/ld+json\" class=\"yoast-schema-graph\">{\"@context\":\"https:\/\/schema.org\",\"@graph\":[{\"@type\":\"WebPage\",\"@id\":\"https:\/\/baubauwall.com\/et\/toode\/pilttapeet-maroko-riaad-tumelilla\/\",\"url\":\"https:\/\/baubauwall.com\/et\/toode\/pilttapeet-maroko-riaad-tumelilla\/\",\"name\":\"Pilttapeet Maroko riaad - lilla. Tanel Veenre disain\",\"isPartOf\":{\"@id\":\"https:\/\/baubauwall.com\/et\/#website\"},\"primaryImageOfPage\":{\"@id\":\"https:\/\/baubauwall.com\/et\/toode\/pilttapeet-maroko-riaad-tumelilla\/#primaryimage\"},\"image\":{\"@id\":\"https:\/\/baubauwall.com\/et\/toode\/pilttapeet-maroko-riaad-tumelilla\/#primaryimage\"},\"thumbnailUrl\":\"https:\/\/baubauwall.com\/wp-content\/uploads\/2022\/03\/51200121_MoroccoRiad-aubergine_Baubauwall_Wallmural_room11.jpg\",\"datePublished\":\"2022-10-26T13:38:31+00:00\",\"dateModified\":\"2024-10-08T14:57:49+00:00\",\"description\":\"Tumelilla pilttapeet marokoliku mustriga. Tanel Veenre tapeedid. Seina m\u00f5\u00f5tu tr\u00fckitud tapeedid nummerdatud paanides. M\u00fcrkidevabad, j\u00e4\u00e4tmevaba tapeetimine.\",\"breadcrumb\":{\"@id\":\"https:\/\/baubauwall.com\/et\/toode\/pilttapeet-maroko-riaad-tumelilla\/#breadcrumb\"},\"inLanguage\":\"et\",\"potentialAction\":[{\"@type\":\"ReadAction\",\"target\":[\"https:\/\/baubauwall.com\/et\/toode\/pilttapeet-maroko-riaad-tumelilla\/\"]}]},{\"@type\":\"ImageObject\",\"inLanguage\":\"et\",\"@id\":\"https:\/\/baubauwall.com\/et\/toode\/pilttapeet-maroko-riaad-tumelilla\/#primaryimage\",\"url\":\"https:\/\/baubauwall.com\/wp-content\/uploads\/2022\/03\/51200121_MoroccoRiad-aubergine_Baubauwall_Wallmural_room11.jpg\",\"contentUrl\":\"https:\/\/baubauwall.com\/wp-content\/uploads\/2022\/03\/51200121_MoroccoRiad-aubergine_Baubauwall_Wallmural_room11.jpg\",\"width\":1067,\"height\":800},{\"@type\":\"BreadcrumbList\",\"@id\":\"https:\/\/baubauwall.com\/et\/toode\/pilttapeet-maroko-riaad-tumelilla\/#breadcrumb\",\"itemListElement\":[{\"@type\":\"ListItem\",\"position\":1,\"name\":\"Koju\",\"item\":\"https:\/\/baubauwall.com\/et\/\"},{\"@type\":\"ListItem\",\"position\":2,\"name\":\"Tapeedid\",\"item\":\"https:\/\/baubauwall.com\/et\/tapeedid\/\"},{\"@type\":\"ListItem\",\"position\":3,\"name\":\"Pilttapeet Maroko riaad &#8211; tumelilla\"}]},{\"@type\":\"WebSite\",\"@id\":\"https:\/\/baubauwall.com\/et\/#website\",\"url\":\"https:\/\/baubauwall.com\/et\/\",\"name\":\"BAUBAUWALL Wallpapers\",\"description\":\"Valmis paanides tapeet Eestist!\",\"publisher\":{\"@id\":\"https:\/\/baubauwall.com\/et\/#organization\"},\"potentialAction\":[{\"@type\":\"SearchAction\",\"target\":{\"@type\":\"EntryPoint\",\"urlTemplate\":\"https:\/\/baubauwall.com\/et\/?s={search_term_string}\"},\"query-input\":{\"@type\":\"PropertyValueSpecification\",\"valueRequired\":true,\"valueName\":\"search_term_string\"}}],\"inLanguage\":\"et\"},{\"@type\":\"Organization\",\"@id\":\"https:\/\/baubauwall.com\/et\/#organization\",\"name\":\"BAUBAUWALL Wallpapers\",\"url\":\"https:\/\/baubauwall.com\/et\/\",\"logo\":{\"@type\":\"ImageObject\",\"inLanguage\":\"et\",\"@id\":\"https:\/\/baubauwall.com\/et\/#\/schema\/logo\/image\/\",\"url\":\"https:\/\/baubauwall.com\/wp-content\/uploads\/2022\/03\/logo-horizontal.svg\",\"contentUrl\":\"https:\/\/baubauwall.com\/wp-content\/uploads\/2022\/03\/logo-horizontal.svg\",\"width\":\"1024\",\"height\":\"1024\",\"caption\":\"BAUBAUWALL Wallpapers\"},\"image\":{\"@id\":\"https:\/\/baubauwall.com\/et\/#\/schema\/logo\/image\/\"},\"sameAs\":[\"https:\/\/www.facebook.com\/Baubauwall\",\"https:\/\/www.instagram.com\/baubauwall\"]}]}<\/script>\n<!-- \/ Yoast SEO plugin. -->","yoast_head_json":{"title":"Pilttapeet Maroko riaad - lilla. Tanel Veenre disain","description":"Tumelilla pilttapeet marokoliku mustriga. Tanel Veenre tapeedid. Seina m\u00f5\u00f5tu tr\u00fckitud tapeedid nummerdatud paanides. M\u00fcrkidevabad, j\u00e4\u00e4tmevaba tapeetimine.","robots":{"index":"index","follow":"follow","max-snippet":"max-snippet:-1","max-image-preview":"max-image-preview:large","max-video-preview":"max-video-preview:-1"},"canonical":"https:\/\/baubauwall.com\/et\/toode\/pilttapeet-maroko-riaad-tumelilla\/","og_locale":"et_EE","og_type":"article","og_title":"Pilttapeet Maroko riaad - lilla. Tanel Veenre disain","og_description":"Tumelilla pilttapeet marokoliku mustriga. Tanel Veenre tapeedid. Seina m\u00f5\u00f5tu tr\u00fckitud tapeedid nummerdatud paanides. M\u00fcrkidevabad, j\u00e4\u00e4tmevaba tapeetimine.","og_url":"https:\/\/baubauwall.com\/et\/toode\/pilttapeet-maroko-riaad-tumelilla\/","og_site_name":"BAUBAUWALL TAPEEDID","article_publisher":"https:\/\/www.facebook.com\/Baubauwall","article_modified_time":"2024-10-08T14:57:49+00:00","og_image":[{"width":1067,"height":800,"url":"https:\/\/baubauwall.com\/wp-content\/uploads\/2022\/03\/51200121_MoroccoRiad-aubergine_Baubauwall_Wallmural_room11.jpg","type":"image\/jpeg"}],"twitter_card":"summary_large_image","twitter_misc":{"Est. reading time":"1 minut"},"schema":{"@context":"https:\/\/schema.org","@graph":[{"@type":"WebPage","@id":"https:\/\/baubauwall.com\/et\/toode\/pilttapeet-maroko-riaad-tumelilla\/","url":"https:\/\/baubauwall.com\/et\/toode\/pilttapeet-maroko-riaad-tumelilla\/","name":"Pilttapeet Maroko riaad - lilla. Tanel Veenre disain","isPartOf":{"@id":"https:\/\/baubauwall.com\/et\/#website"},"primaryImageOfPage":{"@id":"https:\/\/baubauwall.com\/et\/toode\/pilttapeet-maroko-riaad-tumelilla\/#primaryimage"},"image":{"@id":"https:\/\/baubauwall.com\/et\/toode\/pilttapeet-maroko-riaad-tumelilla\/#primaryimage"},"thumbnailUrl":"https:\/\/baubauwall.com\/wp-content\/uploads\/2022\/03\/51200121_MoroccoRiad-aubergine_Baubauwall_Wallmural_room11.jpg","datePublished":"2022-10-26T13:38:31+00:00","dateModified":"2024-10-08T14:57:49+00:00","description":"Tumelilla pilttapeet marokoliku mustriga. Tanel Veenre tapeedid. Seina m\u00f5\u00f5tu tr\u00fckitud tapeedid nummerdatud paanides. M\u00fcrkidevabad, j\u00e4\u00e4tmevaba tapeetimine.","breadcrumb":{"@id":"https:\/\/baubauwall.com\/et\/toode\/pilttapeet-maroko-riaad-tumelilla\/#breadcrumb"},"inLanguage":"et","potentialAction":[{"@type":"ReadAction","target":["https:\/\/baubauwall.com\/et\/toode\/pilttapeet-maroko-riaad-tumelilla\/"]}]},{"@type":"ImageObject","inLanguage":"et","@id":"https:\/\/baubauwall.com\/et\/toode\/pilttapeet-maroko-riaad-tumelilla\/#primaryimage","url":"https:\/\/baubauwall.com\/wp-content\/uploads\/2022\/03\/51200121_MoroccoRiad-aubergine_Baubauwall_Wallmural_room11.jpg","contentUrl":"https:\/\/baubauwall.com\/wp-content\/uploads\/2022\/03\/51200121_MoroccoRiad-aubergine_Baubauwall_Wallmural_room11.jpg","width":1067,"height":800},{"@type":"BreadcrumbList","@id":"https:\/\/baubauwall.com\/et\/toode\/pilttapeet-maroko-riaad-tumelilla\/#breadcrumb","itemListElement":[{"@type":"ListItem","position":1,"name":"Koju","item":"https:\/\/baubauwall.com\/et\/"},{"@type":"ListItem","position":2,"name":"Tapeedid","item":"https:\/\/baubauwall.com\/et\/tapeedid\/"},{"@type":"ListItem","position":3,"name":"Pilttapeet Maroko riaad &#8211; tumelilla"}]},{"@type":"WebSite","@id":"https:\/\/baubauwall.com\/et\/#website","url":"https:\/\/baubauwall.com\/et\/","name":"BAUBAUWALL Wallpapers","description":"Valmis paanides tapeet Eestist!","publisher":{"@id":"https:\/\/baubauwall.com\/et\/#organization"},"potentialAction":[{"@type":"SearchAction","target":{"@type":"EntryPoint","urlTemplate":"https:\/\/baubauwall.com\/et\/?s={search_term_string}"},"query-input":{"@type":"PropertyValueSpecification","valueRequired":true,"valueName":"search_term_string"}}],"inLanguage":"et"},{"@type":"Organization","@id":"https:\/\/baubauwall.com\/et\/#organization","name":"BAUBAUWALL Wallpapers","url":"https:\/\/baubauwall.com\/et\/","logo":{"@type":"ImageObject","inLanguage":"et","@id":"https:\/\/baubauwall.com\/et\/#\/schema\/logo\/image\/","url":"https:\/\/baubauwall.com\/wp-content\/uploads\/2022\/03\/logo-horizontal.svg","contentUrl":"https:\/\/baubauwall.com\/wp-content\/uploads\/2022\/03\/logo-horizontal.svg","width":"1024","height":"1024","caption":"BAUBAUWALL Wallpapers"},"image":{"@id":"https:\/\/baubauwall.com\/et\/#\/schema\/logo\/image\/"},"sameAs":["https:\/\/www.facebook.com\/Baubauwall","https:\/\/www.instagram.com\/baubauwall"]}]}},"jetpack_sharing_enabled":true,"_links":{"self":[{"href":"https:\/\/baubauwall.com\/et\/wp-json\/wp\/v2\/product\/19528","targetHints":{"allow":["GET"]}}],"collection":[{"href":"https:\/\/baubauwall.com\/et\/wp-json\/wp\/v2\/product"}],"about":[{"href":"https:\/\/baubauwall.com\/et\/wp-json\/wp\/v2\/types\/product"}],"replies":[{"embeddable":true,"href":"https:\/\/baubauwall.com\/et\/wp-json\/wp\/v2\/comments?post=19528"}],"wp:featuredmedia":[{"embeddable":true,"href":"https:\/\/baubauwall.com\/et\/wp-json\/wp\/v2\/media\/19266"}],"wp:attachment":[{"href":"https:\/\/baubauwall.com\/et\/wp-json\/wp\/v2\/media?parent=19528"}],"wp:term":[{"taxonomy":"product_brand","embeddable":true,"href":"https:\/\/baubauwall.com\/et\/wp-json\/wp\/v2\/product_brand?post=19528"},{"taxonomy":"product_cat","embeddable":true,"href":"https:\/\/baubauwall.com\/et\/wp-json\/wp\/v2\/product_cat?post=19528"},{"taxonomy":"product_tag","embeddable":true,"href":"https:\/\/baubauwall.com\/et\/wp-json\/wp\/v2\/product_tag?post=19528"}],"curies":[{"name":"wp","href":"https:\/\/api.w.org\/{rel}","templated":true}]}}