{"id":19549,"date":"2022-10-26T15:35:33","date_gmt":"2022-10-26T13:35:33","guid":{"rendered":"https:\/\/baubauwall.com\/?post_type=product&#038;p=19549"},"modified":"2025-07-29T08:34:00","modified_gmt":"2025-07-29T06:34:00","slug":"tapeet-hingeloom-merihobu-tumelilla","status":"publish","type":"product","link":"https:\/\/baubauwall.com\/et\/toode\/tapeet-hingeloom-merihobu-tumelilla\/","title":{"rendered":"Hingeloom merihobu &#8211; tumelilla"},"content":{"rendered":"<p>Tapeedidisain, mis ei j\u00e4ta kedagi k\u00fclmaks! Armunud, tiivulised merihobud h\u00f5ljuvad elegantsel tumelillal taustal, seltsiks ookeanip\u00f5hja merikarp. Merihobu on kunstnik ja disainer Tanel Veenre n.\u00f6 hingeloom, keda tabad tema loodud ehetel ja moedisainis. N\u00fc\u00fcd ka tapeedil! Merihobu s\u00fcmboliseerib tarkust ja ka igikestvat armastust. Tundub ideaalne tapeediidee magamistoa, elutoa aktsentseinale v\u00f5i s\u00f6\u00f6gitoa seintele.\u00a0Hingeloom merihobu tapeet on meil olemas ka tumerohelisena.<\/p>\n<p><strong>Tanel Veenre x Baubauwall<\/strong> tapeedid on kollektsioon disaine, mis peegeldavad multitalent <a href=\"https:\/\/tanelveenre.com\/blogi\/tanel-veenre-x-baubauwall-laseme-hobud-seintele-tantsima\/\" target=\"_blank\" rel=\"noopener\">Tanel Veenre<\/a> muinasjutulist maailma. Tapeetidelt leiad tiivulised merihobud koos teiste muinasjutuliste olenditega. Mustrid liblikate, merekarpide, kiilide ja mardikatega on kui kaotatud paradiisi taas avastatud m\u00e4lestused. Luba nad tantsima oma interj\u00f6\u00f6ri seintele!<\/p>\n<p>Nagu k\u00f5ik meie tapeedid on ka see tapeet tr\u00fckitud keskkonnas\u00f5bralike v\u00e4rvidega hingavale, fliistapeedi materjalile. Sinu uus tapeet on l\u00f5igatud nummerdatud paanideks \u2013 t\u00e4pselt nii pikad, kui Sinu sein. Kuidas see t\u00f6\u00f6tab \u2013 loe l\u00e4hemalt<a href=\"https:\/\/baubauwall.com\/et\/kuidas-see-tootab\/\" target=\"_blank\" rel=\"noopener\">\u00a0siit.<\/a><\/p>\n<p>&nbsp;<\/p>\n<p>&nbsp;<\/p>\n<p>&nbsp;<\/p>\n","protected":false},"excerpt":{"rendered":"<p>Tapeedidisain, mis ei j\u00e4ta kedagi k\u00fclmaks! Armunud, tiivulised merihobud h\u00f5ljuvad elegantsel tumelillal taustal, seltsiks ookeanip\u00f5hja merikarp. Merihobu on kunstnik ja disainer Tanel Veenre n.\u00f6 hingeloom, keda tabad tema loodud ehetel ja moedisainis. N\u00fc\u00fcd ka tapeedil! Merihobu s\u00fcmboliseerib tarkust ja ka igikestvat armastust. Tundub ideaalne tapeediidee magamistoa, elutoa aktsentseinale v\u00f5i s\u00f6\u00f6gitoa seintele.\u00a0Hingeloom merihobu tapeet on meil [&hellip;]<\/p>\n","protected":false},"featured_media":27386,"comment_status":"open","ping_status":"closed","template":"","meta":{"_acf_changed":false,"inline_featured_image":false},"product_brand":[],"product_cat":[598,386,622,447,394,388,270,417,413,414,415,416,402,412,699,254,255,259],"product_tag":[695,603,602],"class_list":{"0":"post-19549","1":"product","2":"type-product","3":"status-publish","4":"has-post-thumbnail","6":"product_cat-tanel-veenre-tapeedid-baubauwall","7":"product_cat-kordusmustriga-tapeedid","8":"product_cat-julged-tapeedid","9":"product_cat-maksimalistlik-et","10":"product_cat-rikkalik","11":"product_cat-vintage-et","12":"product_cat-tumedad-tapeedid","13":"product_cat-purpur-tapeedid","14":"product_cat-magamistoa-tapeedid","15":"product_cat-soogitoa-tapeedid","16":"product_cat-kulalistetoa-tapeedid","17":"product_cat-esiku-tapeedid","18":"product_cat-elutoa-tapeedid","19":"product_cat-vannitoa-tapeedid","20":"product_cat-eesti-disain-tapeedid","21":"product_cat-loodus","22":"product_cat-loomad","23":"product_cat-kalad-veealune-maailm","24":"product_tag-eesti-disain-tapeedid","25":"product_tag-merihobu","26":"product_tag-tanel-veenre-tapeedid","27":"pa_designedby-tanel-veenre","29":"first","30":"instock","31":"taxable","32":"shipping-taxable","33":"purchasable","34":"product-type-simple"},"acf":[],"yoast_head":"<!-- This site is optimized with the Yoast SEO plugin v25.9 - https:\/\/yoast.com\/wordpress\/plugins\/seo\/ -->\n<title>Tumelilla tapeet suurte merihobudega. Tanel Veenre tapeedid.<\/title>\n<meta name=\"description\" content=\"Tumelilla tapeet merihobudega. Tanel Veenre tapeedid. Sinu seina m\u00f5\u00f5tudes tr\u00fckitud tapeedid nummerdatud paanides. M\u00fcrkidevabad, j\u00e4\u00e4tmevaba tapeetimine.\" \/>\n<meta name=\"robots\" content=\"index, follow, max-snippet:-1, max-image-preview:large, max-video-preview:-1\" \/>\n<link rel=\"canonical\" href=\"https:\/\/baubauwall.com\/et\/toode\/tapeet-hingeloom-merihobu-tumelilla\/\" \/>\n<meta property=\"og:locale\" content=\"et_EE\" \/>\n<meta property=\"og:type\" content=\"article\" \/>\n<meta property=\"og:title\" content=\"Tumelilla tapeet suurte merihobudega. Tanel Veenre tapeedid.\" \/>\n<meta property=\"og:description\" content=\"Tumelilla tapeet merihobudega. Tanel Veenre tapeedid. Sinu seina m\u00f5\u00f5tudes tr\u00fckitud tapeedid nummerdatud paanides. M\u00fcrkidevabad, j\u00e4\u00e4tmevaba tapeetimine.\" \/>\n<meta property=\"og:url\" content=\"https:\/\/baubauwall.com\/et\/toode\/tapeet-hingeloom-merihobu-tumelilla\/\" \/>\n<meta property=\"og:site_name\" content=\"BAUBAUWALL Wallpapers\" \/>\n<meta property=\"article:publisher\" content=\"https:\/\/www.facebook.com\/Baubauwall\" \/>\n<meta property=\"article:modified_time\" content=\"2025-07-29T06:34:00+00:00\" \/>\n<meta property=\"og:image\" content=\"https:\/\/baubauwall.com\/wp-content\/uploads\/2023\/04\/seahorse_soul_Veenre_baubauwall_wallpapers-4-scaled.jpg\" \/>\n\t<meta property=\"og:image:width\" content=\"2560\" \/>\n\t<meta property=\"og:image:height\" content=\"1707\" \/>\n\t<meta property=\"og:image:type\" content=\"image\/jpeg\" \/>\n<meta name=\"twitter:card\" content=\"summary_large_image\" \/>\n<meta name=\"twitter:label1\" content=\"Est. reading time\" \/>\n\t<meta name=\"twitter:data1\" content=\"1 minut\" \/>\n<script type=\"application\/ld+json\" class=\"yoast-schema-graph\">{\"@context\":\"https:\/\/schema.org\",\"@graph\":[{\"@type\":\"WebPage\",\"@id\":\"https:\/\/baubauwall.com\/et\/toode\/tapeet-hingeloom-merihobu-tumelilla\/\",\"url\":\"https:\/\/baubauwall.com\/et\/toode\/tapeet-hingeloom-merihobu-tumelilla\/\",\"name\":\"Tumelilla tapeet suurte merihobudega. Tanel Veenre tapeedid.\",\"isPartOf\":{\"@id\":\"https:\/\/baubauwall.com\/et\/#website\"},\"primaryImageOfPage\":{\"@id\":\"https:\/\/baubauwall.com\/et\/toode\/tapeet-hingeloom-merihobu-tumelilla\/#primaryimage\"},\"image\":{\"@id\":\"https:\/\/baubauwall.com\/et\/toode\/tapeet-hingeloom-merihobu-tumelilla\/#primaryimage\"},\"thumbnailUrl\":\"https:\/\/baubauwall.com\/wp-content\/uploads\/2023\/04\/seahorse_soul_Veenre_baubauwall_wallpapers-4-scaled.jpg\",\"datePublished\":\"2022-10-26T13:35:33+00:00\",\"dateModified\":\"2025-07-29T06:34:00+00:00\",\"description\":\"Tumelilla tapeet merihobudega. Tanel Veenre tapeedid. Sinu seina m\u00f5\u00f5tudes tr\u00fckitud tapeedid nummerdatud paanides. M\u00fcrkidevabad, j\u00e4\u00e4tmevaba tapeetimine.\",\"breadcrumb\":{\"@id\":\"https:\/\/baubauwall.com\/et\/toode\/tapeet-hingeloom-merihobu-tumelilla\/#breadcrumb\"},\"inLanguage\":\"et\",\"potentialAction\":[{\"@type\":\"ReadAction\",\"target\":[\"https:\/\/baubauwall.com\/et\/toode\/tapeet-hingeloom-merihobu-tumelilla\/\"]}]},{\"@type\":\"ImageObject\",\"inLanguage\":\"et\",\"@id\":\"https:\/\/baubauwall.com\/et\/toode\/tapeet-hingeloom-merihobu-tumelilla\/#primaryimage\",\"url\":\"https:\/\/baubauwall.com\/wp-content\/uploads\/2023\/04\/seahorse_soul_Veenre_baubauwall_wallpapers-4-scaled.jpg\",\"contentUrl\":\"https:\/\/baubauwall.com\/wp-content\/uploads\/2023\/04\/seahorse_soul_Veenre_baubauwall_wallpapers-4-scaled.jpg\",\"width\":2560,\"height\":1707,\"caption\":\"Tanel Veenre lilla merihbutapeet\"},{\"@type\":\"BreadcrumbList\",\"@id\":\"https:\/\/baubauwall.com\/et\/toode\/tapeet-hingeloom-merihobu-tumelilla\/#breadcrumb\",\"itemListElement\":[{\"@type\":\"ListItem\",\"position\":1,\"name\":\"Koju\",\"item\":\"https:\/\/baubauwall.com\/et\/\"},{\"@type\":\"ListItem\",\"position\":2,\"name\":\"Tapeedid\",\"item\":\"https:\/\/baubauwall.com\/et\/tapeedid\/\"},{\"@type\":\"ListItem\",\"position\":3,\"name\":\"Hingeloom merihobu &#8211; tumelilla\"}]},{\"@type\":\"WebSite\",\"@id\":\"https:\/\/baubauwall.com\/et\/#website\",\"url\":\"https:\/\/baubauwall.com\/et\/\",\"name\":\"BAUBAUWALL Wallpapers\",\"description\":\"Valmis paanides tapeet Eestist!\",\"publisher\":{\"@id\":\"https:\/\/baubauwall.com\/et\/#organization\"},\"potentialAction\":[{\"@type\":\"SearchAction\",\"target\":{\"@type\":\"EntryPoint\",\"urlTemplate\":\"https:\/\/baubauwall.com\/et\/?s={search_term_string}\"},\"query-input\":{\"@type\":\"PropertyValueSpecification\",\"valueRequired\":true,\"valueName\":\"search_term_string\"}}],\"inLanguage\":\"et\"},{\"@type\":\"Organization\",\"@id\":\"https:\/\/baubauwall.com\/et\/#organization\",\"name\":\"BAUBAUWALL Wallpapers\",\"url\":\"https:\/\/baubauwall.com\/et\/\",\"logo\":{\"@type\":\"ImageObject\",\"inLanguage\":\"et\",\"@id\":\"https:\/\/baubauwall.com\/et\/#\/schema\/logo\/image\/\",\"url\":\"https:\/\/baubauwall.com\/wp-content\/uploads\/2022\/03\/logo-horizontal.svg\",\"contentUrl\":\"https:\/\/baubauwall.com\/wp-content\/uploads\/2022\/03\/logo-horizontal.svg\",\"width\":\"1024\",\"height\":\"1024\",\"caption\":\"BAUBAUWALL Wallpapers\"},\"image\":{\"@id\":\"https:\/\/baubauwall.com\/et\/#\/schema\/logo\/image\/\"},\"sameAs\":[\"https:\/\/www.facebook.com\/Baubauwall\",\"https:\/\/www.instagram.com\/baubauwall\"]}]}<\/script>\n<!-- \/ Yoast SEO plugin. -->","yoast_head_json":{"title":"Tumelilla tapeet suurte merihobudega. Tanel Veenre tapeedid.","description":"Tumelilla tapeet merihobudega. Tanel Veenre tapeedid. Sinu seina m\u00f5\u00f5tudes tr\u00fckitud tapeedid nummerdatud paanides. M\u00fcrkidevabad, j\u00e4\u00e4tmevaba tapeetimine.","robots":{"index":"index","follow":"follow","max-snippet":"max-snippet:-1","max-image-preview":"max-image-preview:large","max-video-preview":"max-video-preview:-1"},"canonical":"https:\/\/baubauwall.com\/et\/toode\/tapeet-hingeloom-merihobu-tumelilla\/","og_locale":"et_EE","og_type":"article","og_title":"Tumelilla tapeet suurte merihobudega. Tanel Veenre tapeedid.","og_description":"Tumelilla tapeet merihobudega. Tanel Veenre tapeedid. Sinu seina m\u00f5\u00f5tudes tr\u00fckitud tapeedid nummerdatud paanides. M\u00fcrkidevabad, j\u00e4\u00e4tmevaba tapeetimine.","og_url":"https:\/\/baubauwall.com\/et\/toode\/tapeet-hingeloom-merihobu-tumelilla\/","og_site_name":"BAUBAUWALL Wallpapers","article_publisher":"https:\/\/www.facebook.com\/Baubauwall","article_modified_time":"2025-07-29T06:34:00+00:00","og_image":[{"width":2560,"height":1707,"url":"https:\/\/baubauwall.com\/wp-content\/uploads\/2023\/04\/seahorse_soul_Veenre_baubauwall_wallpapers-4-scaled.jpg","type":"image\/jpeg"}],"twitter_card":"summary_large_image","twitter_misc":{"Est. reading time":"1 minut"},"schema":{"@context":"https:\/\/schema.org","@graph":[{"@type":"WebPage","@id":"https:\/\/baubauwall.com\/et\/toode\/tapeet-hingeloom-merihobu-tumelilla\/","url":"https:\/\/baubauwall.com\/et\/toode\/tapeet-hingeloom-merihobu-tumelilla\/","name":"Tumelilla tapeet suurte merihobudega. Tanel Veenre tapeedid.","isPartOf":{"@id":"https:\/\/baubauwall.com\/et\/#website"},"primaryImageOfPage":{"@id":"https:\/\/baubauwall.com\/et\/toode\/tapeet-hingeloom-merihobu-tumelilla\/#primaryimage"},"image":{"@id":"https:\/\/baubauwall.com\/et\/toode\/tapeet-hingeloom-merihobu-tumelilla\/#primaryimage"},"thumbnailUrl":"https:\/\/baubauwall.com\/wp-content\/uploads\/2023\/04\/seahorse_soul_Veenre_baubauwall_wallpapers-4-scaled.jpg","datePublished":"2022-10-26T13:35:33+00:00","dateModified":"2025-07-29T06:34:00+00:00","description":"Tumelilla tapeet merihobudega. Tanel Veenre tapeedid. Sinu seina m\u00f5\u00f5tudes tr\u00fckitud tapeedid nummerdatud paanides. M\u00fcrkidevabad, j\u00e4\u00e4tmevaba tapeetimine.","breadcrumb":{"@id":"https:\/\/baubauwall.com\/et\/toode\/tapeet-hingeloom-merihobu-tumelilla\/#breadcrumb"},"inLanguage":"et","potentialAction":[{"@type":"ReadAction","target":["https:\/\/baubauwall.com\/et\/toode\/tapeet-hingeloom-merihobu-tumelilla\/"]}]},{"@type":"ImageObject","inLanguage":"et","@id":"https:\/\/baubauwall.com\/et\/toode\/tapeet-hingeloom-merihobu-tumelilla\/#primaryimage","url":"https:\/\/baubauwall.com\/wp-content\/uploads\/2023\/04\/seahorse_soul_Veenre_baubauwall_wallpapers-4-scaled.jpg","contentUrl":"https:\/\/baubauwall.com\/wp-content\/uploads\/2023\/04\/seahorse_soul_Veenre_baubauwall_wallpapers-4-scaled.jpg","width":2560,"height":1707,"caption":"Tanel Veenre lilla merihbutapeet"},{"@type":"BreadcrumbList","@id":"https:\/\/baubauwall.com\/et\/toode\/tapeet-hingeloom-merihobu-tumelilla\/#breadcrumb","itemListElement":[{"@type":"ListItem","position":1,"name":"Koju","item":"https:\/\/baubauwall.com\/et\/"},{"@type":"ListItem","position":2,"name":"Tapeedid","item":"https:\/\/baubauwall.com\/et\/tapeedid\/"},{"@type":"ListItem","position":3,"name":"Hingeloom merihobu &#8211; tumelilla"}]},{"@type":"WebSite","@id":"https:\/\/baubauwall.com\/et\/#website","url":"https:\/\/baubauwall.com\/et\/","name":"BAUBAUWALL Wallpapers","description":"Valmis paanides tapeet Eestist!","publisher":{"@id":"https:\/\/baubauwall.com\/et\/#organization"},"potentialAction":[{"@type":"SearchAction","target":{"@type":"EntryPoint","urlTemplate":"https:\/\/baubauwall.com\/et\/?s={search_term_string}"},"query-input":{"@type":"PropertyValueSpecification","valueRequired":true,"valueName":"search_term_string"}}],"inLanguage":"et"},{"@type":"Organization","@id":"https:\/\/baubauwall.com\/et\/#organization","name":"BAUBAUWALL Wallpapers","url":"https:\/\/baubauwall.com\/et\/","logo":{"@type":"ImageObject","inLanguage":"et","@id":"https:\/\/baubauwall.com\/et\/#\/schema\/logo\/image\/","url":"https:\/\/baubauwall.com\/wp-content\/uploads\/2022\/03\/logo-horizontal.svg","contentUrl":"https:\/\/baubauwall.com\/wp-content\/uploads\/2022\/03\/logo-horizontal.svg","width":"1024","height":"1024","caption":"BAUBAUWALL Wallpapers"},"image":{"@id":"https:\/\/baubauwall.com\/et\/#\/schema\/logo\/image\/"},"sameAs":["https:\/\/www.facebook.com\/Baubauwall","https:\/\/www.instagram.com\/baubauwall"]}]}},"jetpack_sharing_enabled":true,"_links":{"self":[{"href":"https:\/\/baubauwall.com\/et\/wp-json\/wp\/v2\/product\/19549","targetHints":{"allow":["GET"]}}],"collection":[{"href":"https:\/\/baubauwall.com\/et\/wp-json\/wp\/v2\/product"}],"about":[{"href":"https:\/\/baubauwall.com\/et\/wp-json\/wp\/v2\/types\/product"}],"replies":[{"embeddable":true,"href":"https:\/\/baubauwall.com\/et\/wp-json\/wp\/v2\/comments?post=19549"}],"wp:featuredmedia":[{"embeddable":true,"href":"https:\/\/baubauwall.com\/et\/wp-json\/wp\/v2\/media\/27386"}],"wp:attachment":[{"href":"https:\/\/baubauwall.com\/et\/wp-json\/wp\/v2\/media?parent=19549"}],"wp:term":[{"taxonomy":"product_brand","embeddable":true,"href":"https:\/\/baubauwall.com\/et\/wp-json\/wp\/v2\/product_brand?post=19549"},{"taxonomy":"product_cat","embeddable":true,"href":"https:\/\/baubauwall.com\/et\/wp-json\/wp\/v2\/product_cat?post=19549"},{"taxonomy":"product_tag","embeddable":true,"href":"https:\/\/baubauwall.com\/et\/wp-json\/wp\/v2\/product_tag?post=19549"}],"curies":[{"name":"wp","href":"https:\/\/api.w.org\/{rel}","templated":true}]}}