{"id":19790,"date":"2022-10-26T15:35:33","date_gmt":"2022-10-26T13:35:33","guid":{"rendered":"https:\/\/baubauwall.com\/?post_type=product&#038;p=19790"},"modified":"2022-10-24T10:55:07","modified_gmt":"2022-10-24T08:55:07","slug":"tapeet-tanel-veenre-kiilide-tants","status":"publish","type":"product","link":"https:\/\/baubauwall.com\/et\/toode\/tapeet-tanel-veenre-kiilide-tants\/","title":{"rendered":"Kiilide tants &#8211; helesinine"},"content":{"rendered":"<p>Kas tantsime? Mahe helesinine tapeedidisain kiilidega, mis otsekui palub tantsima muinasjutuliste kiilide seltsis. Mitmes kultuuris s\u00fcmboliseerib kiil muutumist, vabadust ja uuenemist. Seega, ei ole \u00fcllatus, et kiilid on osa disainer Tanel Veenre unen\u00e4olisest k\u00e4ekirjast, keda kohtad tema ehetel ja moedisainis. N\u00fc\u00fcd ka tapeetidel! Helesinine tapeet on ilus valik magamistoa, esiku v\u00f5i elutoa seinal. Kas teadsid, et kiilid s\u00fcnnivad vee all? Miks mitte paigaldada kiilidega tapeet vannituppa v\u00f5i kodusesse spaasse?<\/p>\n<p><strong>Tanel Veenre x Baubauwall<\/strong> tapeedid on kollektsioon disaine, mis peegeldavad multitalent <a href=\"https:\/\/tanelveenre.com\/blogi\/tanel-veenre-x-baubauwall-laseme-hobud-seintele-tantsima\/\" target=\"_blank\" rel=\"noopener\">Tanel Veenre<\/a> muinasjutulist maailma. Tapeetidelt leiad tiivulised merihobud koos teiste muinasjutuliste olenditega. Mustrid liblikate, merekarpide, kiilide ja mardikatega on kui kaotatud paradiisi taas avastatud m\u00e4lestused. Luba nad tantsima oma interj\u00f6\u00f6ri seintele!<\/p>\n<p>&nbsp;<\/p>\n","protected":false},"excerpt":{"rendered":"<p>Kas tantsime? Mahe helesinine tapeedidisain kiilidega, mis otsekui palub tantsima muinasjutuliste kiilide seltsis. Mitmes kultuuris s\u00fcmboliseerib kiil muutumist, vabadust ja uuenemist. Seega, ei ole \u00fcllatus, et kiilid on osa disainer Tanel Veenre unen\u00e4olisest k\u00e4ekirjast, keda kohtad tema ehetel ja moedisainis. N\u00fc\u00fcd ka tapeetidel! Helesinine tapeet on ilus valik magamistoa, esiku v\u00f5i elutoa seinal. Kas teadsid, [&hellip;]<\/p>\n","protected":false},"featured_media":18935,"comment_status":"open","ping_status":"closed","template":"","meta":{"_acf_changed":false,"inline_featured_image":false},"product_brand":[],"product_cat":[598,386,395,406,408,392,396,267,273,413,414,415,416,399,402,412,699,254,258],"product_tag":[695,315,602],"class_list":{"0":"post-19790","1":"product","2":"type-product","3":"status-publish","4":"has-post-thumbnail","6":"product_cat-tanel-veenre-tapeedid-baubauwall","7":"product_cat-kordusmustriga-tapeedid","8":"product_cat-romantiline","9":"product_cat-klassika","10":"product_cat-geomeetriline","11":"product_cat-minimalistlik","12":"product_cat-skandinaavia","13":"product_cat-sinised-tapeedid","14":"product_cat-heledad-tapeedid","15":"product_cat-magamistoa-tapeedid","16":"product_cat-soogitoa-tapeedid","17":"product_cat-kulalistetoa-tapeedid","18":"product_cat-esiku-tapeedid","19":"product_cat-kodukontori-tapeedid","20":"product_cat-elutoa-tapeedid","21":"product_cat-vannitoa-tapeedid","22":"product_cat-eesti-disain-tapeedid","23":"product_cat-loodus","24":"product_cat-putukad-liblikad","25":"product_tag-eesti-disain-tapeedid","26":"product_tag-kiil","27":"product_tag-tanel-veenre-tapeedid","28":"pa_designedby-tanel-veenre","30":"first","31":"instock","32":"taxable","33":"shipping-taxable","34":"purchasable","35":"product-type-simple"},"acf":[],"yoast_head":"<!-- This site is optimized with the Yoast SEO plugin v25.9 - https:\/\/yoast.com\/wordpress\/plugins\/seo\/ -->\n<title>Kiilide tants - helesinine tapeet. Tanel Veenre tapeedikollektsioon<\/title>\n<meta name=\"description\" content=\"Tanel Veenre tapeedikollektsioon. Helesinine tapeet kiilidega. Tapeet, mis sobib magamistuppa v\u00f5i elutoa seinale. Nummerdatud paanides tapeedid.\" \/>\n<meta name=\"robots\" content=\"index, follow, max-snippet:-1, max-image-preview:large, max-video-preview:-1\" \/>\n<link rel=\"canonical\" href=\"https:\/\/baubauwall.com\/et\/toode\/tapeet-tanel-veenre-kiilide-tants\/\" \/>\n<meta property=\"og:locale\" content=\"et_EE\" \/>\n<meta property=\"og:type\" content=\"article\" \/>\n<meta property=\"og:title\" content=\"Kiilide tants - helesinine tapeet. Tanel Veenre tapeedikollektsioon\" \/>\n<meta property=\"og:description\" content=\"Tanel Veenre tapeedikollektsioon. Helesinine tapeet kiilidega. Tapeet, mis sobib magamistuppa v\u00f5i elutoa seinale. Nummerdatud paanides tapeedid.\" \/>\n<meta property=\"og:url\" content=\"https:\/\/baubauwall.com\/et\/toode\/tapeet-tanel-veenre-kiilide-tants\/\" \/>\n<meta property=\"og:site_name\" content=\"BAUBAUWALL TAPEEDID\" \/>\n<meta property=\"article:publisher\" content=\"https:\/\/www.facebook.com\/Baubauwall\" \/>\n<meta property=\"og:image\" content=\"https:\/\/i0.wp.com\/baubauwall.com\/wp-content\/uploads\/2022\/09\/51100286_DragonflyDance-blue_Baubauwall_Wallpaper_room01.jpg?fit=800%2C800&ssl=1\" \/>\n\t<meta property=\"og:image:width\" content=\"800\" \/>\n\t<meta property=\"og:image:height\" content=\"800\" \/>\n\t<meta property=\"og:image:type\" content=\"image\/jpeg\" \/>\n<meta name=\"twitter:card\" content=\"summary_large_image\" \/>\n<meta name=\"twitter:label1\" content=\"Est. reading time\" \/>\n\t<meta name=\"twitter:data1\" content=\"1 minut\" \/>\n<script type=\"application\/ld+json\" class=\"yoast-schema-graph\">{\"@context\":\"https:\/\/schema.org\",\"@graph\":[{\"@type\":\"WebPage\",\"@id\":\"https:\/\/baubauwall.com\/et\/toode\/tapeet-tanel-veenre-kiilide-tants\/\",\"url\":\"https:\/\/baubauwall.com\/et\/toode\/tapeet-tanel-veenre-kiilide-tants\/\",\"name\":\"Kiilide tants - helesinine tapeet. Tanel Veenre tapeedikollektsioon\",\"isPartOf\":{\"@id\":\"https:\/\/baubauwall.com\/et\/#website\"},\"primaryImageOfPage\":{\"@id\":\"https:\/\/baubauwall.com\/et\/toode\/tapeet-tanel-veenre-kiilide-tants\/#primaryimage\"},\"image\":{\"@id\":\"https:\/\/baubauwall.com\/et\/toode\/tapeet-tanel-veenre-kiilide-tants\/#primaryimage\"},\"thumbnailUrl\":\"https:\/\/baubauwall.com\/wp-content\/uploads\/2022\/09\/51100286_DragonflyDance-blue_Baubauwall_Wallpaper_room01.jpg\",\"datePublished\":\"2022-10-26T13:35:33+00:00\",\"description\":\"Tanel Veenre tapeedikollektsioon. Helesinine tapeet kiilidega. Tapeet, mis sobib magamistuppa v\u00f5i elutoa seinale. Nummerdatud paanides tapeedid.\",\"breadcrumb\":{\"@id\":\"https:\/\/baubauwall.com\/et\/toode\/tapeet-tanel-veenre-kiilide-tants\/#breadcrumb\"},\"inLanguage\":\"et\",\"potentialAction\":[{\"@type\":\"ReadAction\",\"target\":[\"https:\/\/baubauwall.com\/et\/toode\/tapeet-tanel-veenre-kiilide-tants\/\"]}]},{\"@type\":\"ImageObject\",\"inLanguage\":\"et\",\"@id\":\"https:\/\/baubauwall.com\/et\/toode\/tapeet-tanel-veenre-kiilide-tants\/#primaryimage\",\"url\":\"https:\/\/baubauwall.com\/wp-content\/uploads\/2022\/09\/51100286_DragonflyDance-blue_Baubauwall_Wallpaper_room01.jpg\",\"contentUrl\":\"https:\/\/baubauwall.com\/wp-content\/uploads\/2022\/09\/51100286_DragonflyDance-blue_Baubauwall_Wallpaper_room01.jpg\",\"width\":800,\"height\":800,\"caption\":\"TanelVeenre_wallpaper_blue\"},{\"@type\":\"BreadcrumbList\",\"@id\":\"https:\/\/baubauwall.com\/et\/toode\/tapeet-tanel-veenre-kiilide-tants\/#breadcrumb\",\"itemListElement\":[{\"@type\":\"ListItem\",\"position\":1,\"name\":\"Koju\",\"item\":\"https:\/\/baubauwall.com\/et\/\"},{\"@type\":\"ListItem\",\"position\":2,\"name\":\"Tapeedid\",\"item\":\"https:\/\/baubauwall.com\/et\/tapeedid\/\"},{\"@type\":\"ListItem\",\"position\":3,\"name\":\"Kiilide tants &#8211; helesinine\"}]},{\"@type\":\"WebSite\",\"@id\":\"https:\/\/baubauwall.com\/et\/#website\",\"url\":\"https:\/\/baubauwall.com\/et\/\",\"name\":\"BAUBAUWALL Wallpapers\",\"description\":\"Valmis paanides tapeet Eestist!\",\"publisher\":{\"@id\":\"https:\/\/baubauwall.com\/et\/#organization\"},\"potentialAction\":[{\"@type\":\"SearchAction\",\"target\":{\"@type\":\"EntryPoint\",\"urlTemplate\":\"https:\/\/baubauwall.com\/et\/?s={search_term_string}\"},\"query-input\":{\"@type\":\"PropertyValueSpecification\",\"valueRequired\":true,\"valueName\":\"search_term_string\"}}],\"inLanguage\":\"et\"},{\"@type\":\"Organization\",\"@id\":\"https:\/\/baubauwall.com\/et\/#organization\",\"name\":\"BAUBAUWALL Wallpapers\",\"url\":\"https:\/\/baubauwall.com\/et\/\",\"logo\":{\"@type\":\"ImageObject\",\"inLanguage\":\"et\",\"@id\":\"https:\/\/baubauwall.com\/et\/#\/schema\/logo\/image\/\",\"url\":\"https:\/\/baubauwall.com\/wp-content\/uploads\/2022\/03\/logo-horizontal.svg\",\"contentUrl\":\"https:\/\/baubauwall.com\/wp-content\/uploads\/2022\/03\/logo-horizontal.svg\",\"width\":\"1024\",\"height\":\"1024\",\"caption\":\"BAUBAUWALL Wallpapers\"},\"image\":{\"@id\":\"https:\/\/baubauwall.com\/et\/#\/schema\/logo\/image\/\"},\"sameAs\":[\"https:\/\/www.facebook.com\/Baubauwall\",\"https:\/\/www.instagram.com\/baubauwall\"]}]}<\/script>\n<!-- \/ Yoast SEO plugin. -->","yoast_head_json":{"title":"Kiilide tants - helesinine tapeet. Tanel Veenre tapeedikollektsioon","description":"Tanel Veenre tapeedikollektsioon. Helesinine tapeet kiilidega. Tapeet, mis sobib magamistuppa v\u00f5i elutoa seinale. Nummerdatud paanides tapeedid.","robots":{"index":"index","follow":"follow","max-snippet":"max-snippet:-1","max-image-preview":"max-image-preview:large","max-video-preview":"max-video-preview:-1"},"canonical":"https:\/\/baubauwall.com\/et\/toode\/tapeet-tanel-veenre-kiilide-tants\/","og_locale":"et_EE","og_type":"article","og_title":"Kiilide tants - helesinine tapeet. Tanel Veenre tapeedikollektsioon","og_description":"Tanel Veenre tapeedikollektsioon. Helesinine tapeet kiilidega. Tapeet, mis sobib magamistuppa v\u00f5i elutoa seinale. Nummerdatud paanides tapeedid.","og_url":"https:\/\/baubauwall.com\/et\/toode\/tapeet-tanel-veenre-kiilide-tants\/","og_site_name":"BAUBAUWALL TAPEEDID","article_publisher":"https:\/\/www.facebook.com\/Baubauwall","og_image":[{"width":800,"height":800,"url":"https:\/\/i0.wp.com\/baubauwall.com\/wp-content\/uploads\/2022\/09\/51100286_DragonflyDance-blue_Baubauwall_Wallpaper_room01.jpg?fit=800%2C800&ssl=1","type":"image\/jpeg"}],"twitter_card":"summary_large_image","twitter_misc":{"Est. reading time":"1 minut"},"schema":{"@context":"https:\/\/schema.org","@graph":[{"@type":"WebPage","@id":"https:\/\/baubauwall.com\/et\/toode\/tapeet-tanel-veenre-kiilide-tants\/","url":"https:\/\/baubauwall.com\/et\/toode\/tapeet-tanel-veenre-kiilide-tants\/","name":"Kiilide tants - helesinine tapeet. Tanel Veenre tapeedikollektsioon","isPartOf":{"@id":"https:\/\/baubauwall.com\/et\/#website"},"primaryImageOfPage":{"@id":"https:\/\/baubauwall.com\/et\/toode\/tapeet-tanel-veenre-kiilide-tants\/#primaryimage"},"image":{"@id":"https:\/\/baubauwall.com\/et\/toode\/tapeet-tanel-veenre-kiilide-tants\/#primaryimage"},"thumbnailUrl":"https:\/\/baubauwall.com\/wp-content\/uploads\/2022\/09\/51100286_DragonflyDance-blue_Baubauwall_Wallpaper_room01.jpg","datePublished":"2022-10-26T13:35:33+00:00","description":"Tanel Veenre tapeedikollektsioon. Helesinine tapeet kiilidega. Tapeet, mis sobib magamistuppa v\u00f5i elutoa seinale. Nummerdatud paanides tapeedid.","breadcrumb":{"@id":"https:\/\/baubauwall.com\/et\/toode\/tapeet-tanel-veenre-kiilide-tants\/#breadcrumb"},"inLanguage":"et","potentialAction":[{"@type":"ReadAction","target":["https:\/\/baubauwall.com\/et\/toode\/tapeet-tanel-veenre-kiilide-tants\/"]}]},{"@type":"ImageObject","inLanguage":"et","@id":"https:\/\/baubauwall.com\/et\/toode\/tapeet-tanel-veenre-kiilide-tants\/#primaryimage","url":"https:\/\/baubauwall.com\/wp-content\/uploads\/2022\/09\/51100286_DragonflyDance-blue_Baubauwall_Wallpaper_room01.jpg","contentUrl":"https:\/\/baubauwall.com\/wp-content\/uploads\/2022\/09\/51100286_DragonflyDance-blue_Baubauwall_Wallpaper_room01.jpg","width":800,"height":800,"caption":"TanelVeenre_wallpaper_blue"},{"@type":"BreadcrumbList","@id":"https:\/\/baubauwall.com\/et\/toode\/tapeet-tanel-veenre-kiilide-tants\/#breadcrumb","itemListElement":[{"@type":"ListItem","position":1,"name":"Koju","item":"https:\/\/baubauwall.com\/et\/"},{"@type":"ListItem","position":2,"name":"Tapeedid","item":"https:\/\/baubauwall.com\/et\/tapeedid\/"},{"@type":"ListItem","position":3,"name":"Kiilide tants &#8211; helesinine"}]},{"@type":"WebSite","@id":"https:\/\/baubauwall.com\/et\/#website","url":"https:\/\/baubauwall.com\/et\/","name":"BAUBAUWALL Wallpapers","description":"Valmis paanides tapeet Eestist!","publisher":{"@id":"https:\/\/baubauwall.com\/et\/#organization"},"potentialAction":[{"@type":"SearchAction","target":{"@type":"EntryPoint","urlTemplate":"https:\/\/baubauwall.com\/et\/?s={search_term_string}"},"query-input":{"@type":"PropertyValueSpecification","valueRequired":true,"valueName":"search_term_string"}}],"inLanguage":"et"},{"@type":"Organization","@id":"https:\/\/baubauwall.com\/et\/#organization","name":"BAUBAUWALL Wallpapers","url":"https:\/\/baubauwall.com\/et\/","logo":{"@type":"ImageObject","inLanguage":"et","@id":"https:\/\/baubauwall.com\/et\/#\/schema\/logo\/image\/","url":"https:\/\/baubauwall.com\/wp-content\/uploads\/2022\/03\/logo-horizontal.svg","contentUrl":"https:\/\/baubauwall.com\/wp-content\/uploads\/2022\/03\/logo-horizontal.svg","width":"1024","height":"1024","caption":"BAUBAUWALL Wallpapers"},"image":{"@id":"https:\/\/baubauwall.com\/et\/#\/schema\/logo\/image\/"},"sameAs":["https:\/\/www.facebook.com\/Baubauwall","https:\/\/www.instagram.com\/baubauwall"]}]}},"jetpack_sharing_enabled":true,"_links":{"self":[{"href":"https:\/\/baubauwall.com\/et\/wp-json\/wp\/v2\/product\/19790","targetHints":{"allow":["GET"]}}],"collection":[{"href":"https:\/\/baubauwall.com\/et\/wp-json\/wp\/v2\/product"}],"about":[{"href":"https:\/\/baubauwall.com\/et\/wp-json\/wp\/v2\/types\/product"}],"replies":[{"embeddable":true,"href":"https:\/\/baubauwall.com\/et\/wp-json\/wp\/v2\/comments?post=19790"}],"wp:featuredmedia":[{"embeddable":true,"href":"https:\/\/baubauwall.com\/et\/wp-json\/wp\/v2\/media\/18935"}],"wp:attachment":[{"href":"https:\/\/baubauwall.com\/et\/wp-json\/wp\/v2\/media?parent=19790"}],"wp:term":[{"taxonomy":"product_brand","embeddable":true,"href":"https:\/\/baubauwall.com\/et\/wp-json\/wp\/v2\/product_brand?post=19790"},{"taxonomy":"product_cat","embeddable":true,"href":"https:\/\/baubauwall.com\/et\/wp-json\/wp\/v2\/product_cat?post=19790"},{"taxonomy":"product_tag","embeddable":true,"href":"https:\/\/baubauwall.com\/et\/wp-json\/wp\/v2\/product_tag?post=19790"}],"curies":[{"name":"wp","href":"https:\/\/api.w.org\/{rel}","templated":true}]}}