{"id":19860,"date":"2022-10-26T15:35:29","date_gmt":"2022-10-26T13:35:29","guid":{"rendered":"https:\/\/baubauwall.com\/?post_type=product&#038;p=19860"},"modified":"2024-10-08T16:55:39","modified_gmt":"2024-10-08T14:55:39","slug":"pilttapeet-veealune-kuningriik-sinine","status":"publish","type":"product","link":"https:\/\/baubauwall.com\/et\/toode\/pilttapeet-veealune-kuningriik-sinine\/","title":{"rendered":"Pilttapeet veealune kuningriik &#8211; helesinine"},"content":{"rendered":"<section class=\"elementor-section elementor-top-section elementor-element elementor-element-dd75afe elementor-section-boxed elementor-section-height-default elementor-section-height-default\" data-id=\"dd75afe\" data-element_type=\"section\">\n<div class=\"elementor-container elementor-column-gap-default\">\n<div class=\"elementor-column elementor-col-100 elementor-top-column elementor-element elementor-element-9954023\" data-id=\"9954023\" data-element_type=\"column\">\n<div class=\"elementor-widget-wrap elementor-element-populated\">\n<div class=\"elementor-element elementor-element-c976f17 elementor-widget elementor-widget-text-editor\" data-id=\"c976f17\" data-element_type=\"widget\" data-widget_type=\"text-editor.default\">\n<div class=\"elementor-widget-container\">\n<p>Helesinine pilttapeet unen\u00e4olise veealuse kuningriigi h\u00f5\u00f5guvate olenditega. Sukeldu tiivuliste merihobude, teokarpide ja merelillede sekka. Helesinine on lootuse toon. Puhas, helge, p\u00f5hjamaine ja efektne tapeedidisain, mida sobitada aktsentseina. Olgu selleks Su oma unen\u00e4gude kuningriik &#8211; magamistuba v\u00f5i ilusa elutoa sein.\u00a0Veealune kuningriik pilttapeet on osa Tanel Veenre tapeedikollektsioonist. Tanelil endal on pikk armulugu just helesinine tooniga: \u201cMeie kodus on sinakat tooni olnud k\u00f5ige enam ka interj\u00f6\u00f6ris. See on ideaalne taust klappides k\u00f5igega, mis selle ette asetada!&#8221;<\/p>\n<\/div>\n<\/div>\n<\/div>\n<\/div>\n<\/div>\n<\/section>\n<section class=\"elementor-section elementor-top-section elementor-element elementor-element-36d6dd6 elementor-section-boxed elementor-section-height-default elementor-section-height-default\" data-id=\"36d6dd6\" data-element_type=\"section\">\n<div class=\"elementor-container elementor-column-gap-default\">\n<div class=\"elementor-column elementor-col-100 elementor-top-column elementor-element elementor-element-2f090e3\" data-id=\"2f090e3\" data-element_type=\"column\">\n<div class=\"elementor-widget-wrap elementor-element-populated\">\n<div class=\"elementor-element elementor-element-166b1c0 elementor-widget elementor-widget-image\" data-id=\"166b1c0\" data-element_type=\"widget\" data-widget_type=\"image.default\">\n<p><strong>Tanel Veenre x Baubauwall<\/strong> tapeedid on kollektsioon disaine, mis peegeldavad multitalent <a href=\"https:\/\/tanelveenre.com\/blogi\/tanel-veenre-x-baubauwall-laseme-hobud-seintele-tantsima\/\" target=\"_blank\" rel=\"noopener\">Tanel Veenre<\/a> muinasjutulist maailma. Tapeetidelt leiad tiivulised merihobud koos teiste muinasjutuliste olenditega. Mustrid liblikate, merekarpide, kiilide ja mardikatega on kui kaotatud paradiisi taas avastatud m\u00e4lestused. Luba nad tantsima oma interj\u00f6\u00f6ri seintele!<\/p>\n<p>Nagu k\u00f5ik meie tapeedid on ka see tapeet tr\u00fckitud keskkonnas\u00f5bralike v\u00e4rvidega hingavale, fliistapeedi materjalile. Sinu uus tapeet on l\u00f5igatud nummerdatud paanideks \u2013 t\u00e4pselt nii pikad, kui Sinu sein. Kuidas see t\u00f6\u00f6tab \u2013 loe l\u00e4hemalt<a href=\"https:\/\/baubauwall.com\/et\/kuidas-see-tootab\/\" target=\"_blank\" rel=\"noopener\">\u00a0siit.<\/a><\/p>\n<\/div>\n<p>&nbsp;<\/p>\n<\/div>\n<\/div>\n<\/div>\n<\/section>\n","protected":false},"excerpt":{"rendered":"<p>Helesinine pilttapeet unen\u00e4olise veealuse kuningriigi h\u00f5\u00f5guvate olenditega. Sukeldu tiivuliste merihobude, teokarpide ja merelillede sekka. Helesinine on lootuse toon. Puhas, helge, p\u00f5hjamaine ja efektne tapeedidisain, mida sobitada aktsentseina. Olgu selleks Su oma unen\u00e4gude kuningriik &#8211; magamistuba v\u00f5i ilusa elutoa sein.\u00a0Veealune kuningriik pilttapeet on osa Tanel Veenre tapeedikollektsioonist. Tanelil endal on pikk armulugu just helesinine tooniga: \u201cMeie [&hellip;]<\/p>\n","protected":false},"featured_media":19837,"comment_status":"open","ping_status":"closed","template":"","meta":{"_acf_changed":false,"inline_featured_image":false},"product_brand":[],"product_cat":[598,387,395,396,267,273,413,414,415,416,399,402,699,254,258,259],"product_tag":[695,603,345,602],"class_list":{"0":"post-19860","1":"product","2":"type-product","3":"status-publish","4":"has-post-thumbnail","6":"product_cat-tanel-veenre-tapeedid-baubauwall","7":"product_cat-pilttapeedid","8":"product_cat-romantiline","9":"product_cat-skandinaavia","10":"product_cat-sinised-tapeedid","11":"product_cat-heledad-tapeedid","12":"product_cat-magamistoa-tapeedid","13":"product_cat-soogitoa-tapeedid","14":"product_cat-kulalistetoa-tapeedid","15":"product_cat-esiku-tapeedid","16":"product_cat-kodukontori-tapeedid","17":"product_cat-elutoa-tapeedid","18":"product_cat-eesti-disain-tapeedid","19":"product_cat-loodus","20":"product_cat-putukad-liblikad","21":"product_cat-kalad-veealune-maailm","22":"product_tag-eesti-disain-tapeedid","23":"product_tag-merihobu","24":"product_tag-pilttapeet","25":"product_tag-tanel-veenre-tapeedid","26":"pa_designedby-tanel-veenre","28":"first","29":"instock","30":"taxable","31":"shipping-taxable","32":"purchasable","33":"product-type-simple"},"acf":[],"yoast_head":"<!-- This site is optimized with the Yoast SEO plugin v25.9 - https:\/\/yoast.com\/wordpress\/plugins\/seo\/ -->\n<title>Helesinine pilttapeet. Veealune kuningriik - T. Veenre tapeedid<\/title>\n<meta name=\"description\" content=\"Tanel Veenre tapeedidisainid. Helesinine pilttapeet veealuse maailmaga. Merihobud, teokarbid helesinisel taustal - ilus valik magamistoa seinale.\" \/>\n<meta name=\"robots\" content=\"index, follow, max-snippet:-1, max-image-preview:large, max-video-preview:-1\" \/>\n<link rel=\"canonical\" href=\"https:\/\/baubauwall.com\/et\/toode\/pilttapeet-veealune-kuningriik-sinine\/\" \/>\n<meta property=\"og:locale\" content=\"et_EE\" \/>\n<meta property=\"og:type\" content=\"article\" \/>\n<meta property=\"og:title\" content=\"Helesinine pilttapeet. Veealune kuningriik - T. Veenre tapeedid\" \/>\n<meta property=\"og:description\" content=\"Tanel Veenre tapeedidisainid. Helesinine pilttapeet veealuse maailmaga. Merihobud, teokarbid helesinisel taustal - ilus valik magamistoa seinale.\" \/>\n<meta property=\"og:url\" content=\"https:\/\/baubauwall.com\/et\/toode\/pilttapeet-veealune-kuningriik-sinine\/\" \/>\n<meta property=\"og:site_name\" content=\"BAUBAUWALL TAPEEDID\" \/>\n<meta property=\"article:publisher\" content=\"https:\/\/www.facebook.com\/Baubauwall\" \/>\n<meta property=\"article:modified_time\" content=\"2024-10-08T14:55:39+00:00\" \/>\n<meta property=\"og:image\" content=\"https:\/\/baubauwall.com\/wp-content\/uploads\/2022\/03\/51200117_UnderWaterKingdom-blue_Baubauwall_Wallmural_room03.jpg\" \/>\n\t<meta property=\"og:image:width\" content=\"1203\" \/>\n\t<meta property=\"og:image:height\" content=\"800\" \/>\n\t<meta property=\"og:image:type\" content=\"image\/jpeg\" \/>\n<meta name=\"twitter:card\" content=\"summary_large_image\" \/>\n<meta name=\"twitter:label1\" content=\"Est. reading time\" \/>\n\t<meta name=\"twitter:data1\" content=\"1 minut\" \/>\n<script type=\"application\/ld+json\" class=\"yoast-schema-graph\">{\"@context\":\"https:\/\/schema.org\",\"@graph\":[{\"@type\":\"WebPage\",\"@id\":\"https:\/\/baubauwall.com\/et\/toode\/pilttapeet-veealune-kuningriik-sinine\/\",\"url\":\"https:\/\/baubauwall.com\/et\/toode\/pilttapeet-veealune-kuningriik-sinine\/\",\"name\":\"Helesinine pilttapeet. Veealune kuningriik - T. Veenre tapeedid\",\"isPartOf\":{\"@id\":\"https:\/\/baubauwall.com\/et\/#website\"},\"primaryImageOfPage\":{\"@id\":\"https:\/\/baubauwall.com\/et\/toode\/pilttapeet-veealune-kuningriik-sinine\/#primaryimage\"},\"image\":{\"@id\":\"https:\/\/baubauwall.com\/et\/toode\/pilttapeet-veealune-kuningriik-sinine\/#primaryimage\"},\"thumbnailUrl\":\"https:\/\/baubauwall.com\/wp-content\/uploads\/2022\/03\/51200117_UnderWaterKingdom-blue_Baubauwall_Wallmural_room03.jpg\",\"datePublished\":\"2022-10-26T13:35:29+00:00\",\"dateModified\":\"2024-10-08T14:55:39+00:00\",\"description\":\"Tanel Veenre tapeedidisainid. Helesinine pilttapeet veealuse maailmaga. Merihobud, teokarbid helesinisel taustal - ilus valik magamistoa seinale.\",\"breadcrumb\":{\"@id\":\"https:\/\/baubauwall.com\/et\/toode\/pilttapeet-veealune-kuningriik-sinine\/#breadcrumb\"},\"inLanguage\":\"et\",\"potentialAction\":[{\"@type\":\"ReadAction\",\"target\":[\"https:\/\/baubauwall.com\/et\/toode\/pilttapeet-veealune-kuningriik-sinine\/\"]}]},{\"@type\":\"ImageObject\",\"inLanguage\":\"et\",\"@id\":\"https:\/\/baubauwall.com\/et\/toode\/pilttapeet-veealune-kuningriik-sinine\/#primaryimage\",\"url\":\"https:\/\/baubauwall.com\/wp-content\/uploads\/2022\/03\/51200117_UnderWaterKingdom-blue_Baubauwall_Wallmural_room03.jpg\",\"contentUrl\":\"https:\/\/baubauwall.com\/wp-content\/uploads\/2022\/03\/51200117_UnderWaterKingdom-blue_Baubauwall_Wallmural_room03.jpg\",\"width\":1203,\"height\":800,\"caption\":\"tanel veenre wallpaper blue\"},{\"@type\":\"BreadcrumbList\",\"@id\":\"https:\/\/baubauwall.com\/et\/toode\/pilttapeet-veealune-kuningriik-sinine\/#breadcrumb\",\"itemListElement\":[{\"@type\":\"ListItem\",\"position\":1,\"name\":\"Koju\",\"item\":\"https:\/\/baubauwall.com\/et\/\"},{\"@type\":\"ListItem\",\"position\":2,\"name\":\"Tapeedid\",\"item\":\"https:\/\/baubauwall.com\/et\/tapeedid\/\"},{\"@type\":\"ListItem\",\"position\":3,\"name\":\"Pilttapeet veealune kuningriik &#8211; helesinine\"}]},{\"@type\":\"WebSite\",\"@id\":\"https:\/\/baubauwall.com\/et\/#website\",\"url\":\"https:\/\/baubauwall.com\/et\/\",\"name\":\"BAUBAUWALL Wallpapers\",\"description\":\"Valmis paanides tapeet Eestist!\",\"publisher\":{\"@id\":\"https:\/\/baubauwall.com\/et\/#organization\"},\"potentialAction\":[{\"@type\":\"SearchAction\",\"target\":{\"@type\":\"EntryPoint\",\"urlTemplate\":\"https:\/\/baubauwall.com\/et\/?s={search_term_string}\"},\"query-input\":{\"@type\":\"PropertyValueSpecification\",\"valueRequired\":true,\"valueName\":\"search_term_string\"}}],\"inLanguage\":\"et\"},{\"@type\":\"Organization\",\"@id\":\"https:\/\/baubauwall.com\/et\/#organization\",\"name\":\"BAUBAUWALL Wallpapers\",\"url\":\"https:\/\/baubauwall.com\/et\/\",\"logo\":{\"@type\":\"ImageObject\",\"inLanguage\":\"et\",\"@id\":\"https:\/\/baubauwall.com\/et\/#\/schema\/logo\/image\/\",\"url\":\"https:\/\/baubauwall.com\/wp-content\/uploads\/2022\/03\/logo-horizontal.svg\",\"contentUrl\":\"https:\/\/baubauwall.com\/wp-content\/uploads\/2022\/03\/logo-horizontal.svg\",\"width\":\"1024\",\"height\":\"1024\",\"caption\":\"BAUBAUWALL Wallpapers\"},\"image\":{\"@id\":\"https:\/\/baubauwall.com\/et\/#\/schema\/logo\/image\/\"},\"sameAs\":[\"https:\/\/www.facebook.com\/Baubauwall\",\"https:\/\/www.instagram.com\/baubauwall\"]}]}<\/script>\n<!-- \/ Yoast SEO plugin. -->","yoast_head_json":{"title":"Helesinine pilttapeet. Veealune kuningriik - T. Veenre tapeedid","description":"Tanel Veenre tapeedidisainid. Helesinine pilttapeet veealuse maailmaga. Merihobud, teokarbid helesinisel taustal - ilus valik magamistoa seinale.","robots":{"index":"index","follow":"follow","max-snippet":"max-snippet:-1","max-image-preview":"max-image-preview:large","max-video-preview":"max-video-preview:-1"},"canonical":"https:\/\/baubauwall.com\/et\/toode\/pilttapeet-veealune-kuningriik-sinine\/","og_locale":"et_EE","og_type":"article","og_title":"Helesinine pilttapeet. Veealune kuningriik - T. Veenre tapeedid","og_description":"Tanel Veenre tapeedidisainid. Helesinine pilttapeet veealuse maailmaga. Merihobud, teokarbid helesinisel taustal - ilus valik magamistoa seinale.","og_url":"https:\/\/baubauwall.com\/et\/toode\/pilttapeet-veealune-kuningriik-sinine\/","og_site_name":"BAUBAUWALL TAPEEDID","article_publisher":"https:\/\/www.facebook.com\/Baubauwall","article_modified_time":"2024-10-08T14:55:39+00:00","og_image":[{"width":1203,"height":800,"url":"https:\/\/baubauwall.com\/wp-content\/uploads\/2022\/03\/51200117_UnderWaterKingdom-blue_Baubauwall_Wallmural_room03.jpg","type":"image\/jpeg"}],"twitter_card":"summary_large_image","twitter_misc":{"Est. reading time":"1 minut"},"schema":{"@context":"https:\/\/schema.org","@graph":[{"@type":"WebPage","@id":"https:\/\/baubauwall.com\/et\/toode\/pilttapeet-veealune-kuningriik-sinine\/","url":"https:\/\/baubauwall.com\/et\/toode\/pilttapeet-veealune-kuningriik-sinine\/","name":"Helesinine pilttapeet. Veealune kuningriik - T. Veenre tapeedid","isPartOf":{"@id":"https:\/\/baubauwall.com\/et\/#website"},"primaryImageOfPage":{"@id":"https:\/\/baubauwall.com\/et\/toode\/pilttapeet-veealune-kuningriik-sinine\/#primaryimage"},"image":{"@id":"https:\/\/baubauwall.com\/et\/toode\/pilttapeet-veealune-kuningriik-sinine\/#primaryimage"},"thumbnailUrl":"https:\/\/baubauwall.com\/wp-content\/uploads\/2022\/03\/51200117_UnderWaterKingdom-blue_Baubauwall_Wallmural_room03.jpg","datePublished":"2022-10-26T13:35:29+00:00","dateModified":"2024-10-08T14:55:39+00:00","description":"Tanel Veenre tapeedidisainid. Helesinine pilttapeet veealuse maailmaga. Merihobud, teokarbid helesinisel taustal - ilus valik magamistoa seinale.","breadcrumb":{"@id":"https:\/\/baubauwall.com\/et\/toode\/pilttapeet-veealune-kuningriik-sinine\/#breadcrumb"},"inLanguage":"et","potentialAction":[{"@type":"ReadAction","target":["https:\/\/baubauwall.com\/et\/toode\/pilttapeet-veealune-kuningriik-sinine\/"]}]},{"@type":"ImageObject","inLanguage":"et","@id":"https:\/\/baubauwall.com\/et\/toode\/pilttapeet-veealune-kuningriik-sinine\/#primaryimage","url":"https:\/\/baubauwall.com\/wp-content\/uploads\/2022\/03\/51200117_UnderWaterKingdom-blue_Baubauwall_Wallmural_room03.jpg","contentUrl":"https:\/\/baubauwall.com\/wp-content\/uploads\/2022\/03\/51200117_UnderWaterKingdom-blue_Baubauwall_Wallmural_room03.jpg","width":1203,"height":800,"caption":"tanel veenre wallpaper blue"},{"@type":"BreadcrumbList","@id":"https:\/\/baubauwall.com\/et\/toode\/pilttapeet-veealune-kuningriik-sinine\/#breadcrumb","itemListElement":[{"@type":"ListItem","position":1,"name":"Koju","item":"https:\/\/baubauwall.com\/et\/"},{"@type":"ListItem","position":2,"name":"Tapeedid","item":"https:\/\/baubauwall.com\/et\/tapeedid\/"},{"@type":"ListItem","position":3,"name":"Pilttapeet veealune kuningriik &#8211; helesinine"}]},{"@type":"WebSite","@id":"https:\/\/baubauwall.com\/et\/#website","url":"https:\/\/baubauwall.com\/et\/","name":"BAUBAUWALL Wallpapers","description":"Valmis paanides tapeet Eestist!","publisher":{"@id":"https:\/\/baubauwall.com\/et\/#organization"},"potentialAction":[{"@type":"SearchAction","target":{"@type":"EntryPoint","urlTemplate":"https:\/\/baubauwall.com\/et\/?s={search_term_string}"},"query-input":{"@type":"PropertyValueSpecification","valueRequired":true,"valueName":"search_term_string"}}],"inLanguage":"et"},{"@type":"Organization","@id":"https:\/\/baubauwall.com\/et\/#organization","name":"BAUBAUWALL Wallpapers","url":"https:\/\/baubauwall.com\/et\/","logo":{"@type":"ImageObject","inLanguage":"et","@id":"https:\/\/baubauwall.com\/et\/#\/schema\/logo\/image\/","url":"https:\/\/baubauwall.com\/wp-content\/uploads\/2022\/03\/logo-horizontal.svg","contentUrl":"https:\/\/baubauwall.com\/wp-content\/uploads\/2022\/03\/logo-horizontal.svg","width":"1024","height":"1024","caption":"BAUBAUWALL Wallpapers"},"image":{"@id":"https:\/\/baubauwall.com\/et\/#\/schema\/logo\/image\/"},"sameAs":["https:\/\/www.facebook.com\/Baubauwall","https:\/\/www.instagram.com\/baubauwall"]}]}},"jetpack_sharing_enabled":true,"_links":{"self":[{"href":"https:\/\/baubauwall.com\/et\/wp-json\/wp\/v2\/product\/19860","targetHints":{"allow":["GET"]}}],"collection":[{"href":"https:\/\/baubauwall.com\/et\/wp-json\/wp\/v2\/product"}],"about":[{"href":"https:\/\/baubauwall.com\/et\/wp-json\/wp\/v2\/types\/product"}],"replies":[{"embeddable":true,"href":"https:\/\/baubauwall.com\/et\/wp-json\/wp\/v2\/comments?post=19860"}],"wp:featuredmedia":[{"embeddable":true,"href":"https:\/\/baubauwall.com\/et\/wp-json\/wp\/v2\/media\/19837"}],"wp:attachment":[{"href":"https:\/\/baubauwall.com\/et\/wp-json\/wp\/v2\/media?parent=19860"}],"wp:term":[{"taxonomy":"product_brand","embeddable":true,"href":"https:\/\/baubauwall.com\/et\/wp-json\/wp\/v2\/product_brand?post=19860"},{"taxonomy":"product_cat","embeddable":true,"href":"https:\/\/baubauwall.com\/et\/wp-json\/wp\/v2\/product_cat?post=19860"},{"taxonomy":"product_tag","embeddable":true,"href":"https:\/\/baubauwall.com\/et\/wp-json\/wp\/v2\/product_tag?post=19860"}],"curies":[{"name":"wp","href":"https:\/\/api.w.org\/{rel}","templated":true}]}}