{"id":19932,"date":"2022-10-26T15:38:30","date_gmt":"2022-10-26T13:38:30","guid":{"rendered":"https:\/\/baubauwall.com\/?post_type=product&#038;p=19932"},"modified":"2024-10-08T16:58:41","modified_gmt":"2024-10-08T14:58:41","slug":"pilttapeet-tanel-veenre-veealune-kuningriik-roosa","status":"publish","type":"product","link":"https:\/\/baubauwall.com\/et\/toode\/pilttapeet-tanel-veenre-veealune-kuningriik-roosa\/","title":{"rendered":"Pilttapeet Veealune kuningriik &#8211; roosa"},"content":{"rendered":"<p>Efektne roosades-lillakates toonides pilttapeet unen\u00e4olise veealuse kuningriigi h\u00f5\u00f5guvate olenditega. Sukeldu tiivuliste merihobude, teokarpide ja merelillede sekka. Puhas, helge, p\u00f5hjamaine ja efektne tapeedidisain, mida sobitada aktsentseina. Olgu selleks Su oma unen\u00e4gude kuningriik &#8211; magamistuba, lastetuba v\u00f5i ilusa elutoa sein. Veealune kuningriik pilttapeet on osa Tanel Veenre tapeedikollektsioonist. Roosa on sisekujunduses tihtipeale alahinnatud. V\u00e4rvips\u00fchholoogias t\u00e4histab roosa naiselikkust, armastust ja hoolitsust. Roosades toonides pilttapeet loob turvatunnet.<\/p>\n<p>Tanel Veenre x Baubauwall tapeedid on kollektsioon disaine, mis peegeldavad multitalent Tanel Veenre muinasjutulist maailma. Tapeetidelt leiad tiivulised merihobud koos teiste muinasjutuliste olenditega. Mustrid liblikate, merekarpide, kiilide ja mardikatega on kui kaotatud paradiisi taas avastatud m\u00e4lestused. Luba nad tantsima oma interj\u00f6\u00f6ri seintele!<\/p>\n<p>Nagu k\u00f5ik meie tapeedid on ka see tapeet tr\u00fckitud keskkonnas\u00f5bralike v\u00e4rvidega hingavale, fliistapeedi materjalile. Sinu uus tapeet on l\u00f5igatud nummerdatud paanideks \u2013 t\u00e4pselt nii pikad, kui Sinu sein. Kuidas see t\u00f6\u00f6tab \u2013 loe l\u00e4hemalt\u00a0<a href=\"https:\/\/baubauwall.com\/et\/kuidas-see-tootab\/\" target=\"_blank\" rel=\"noopener\">siit<\/a>.<\/p>\n<p>&nbsp;<\/p>\n","protected":false},"excerpt":{"rendered":"<p>Efektne roosades-lillakates toonides pilttapeet unen\u00e4olise veealuse kuningriigi h\u00f5\u00f5guvate olenditega. Sukeldu tiivuliste merihobude, teokarpide ja merelillede sekka. Puhas, helge, p\u00f5hjamaine ja efektne tapeedidisain, mida sobitada aktsentseina. Olgu selleks Su oma unen\u00e4gude kuningriik &#8211; magamistuba, lastetuba v\u00f5i ilusa elutoa sein. Veealune kuningriik pilttapeet on osa Tanel Veenre tapeedikollektsioonist. Roosa on sisekujunduses tihtipeale alahinnatud. V\u00e4rvips\u00fchholoogias t\u00e4histab roosa naiselikkust, [&hellip;]<\/p>\n","protected":false},"featured_media":19918,"comment_status":"open","ping_status":"closed","template":"","meta":{"_acf_changed":false,"inline_featured_image":false},"product_brand":[],"product_cat":[598,387,395,447,391,268,274,278,417,413,414,415,402,699,259],"product_tag":[695,603,345,602],"class_list":{"0":"post-19932","1":"product","2":"type-product","3":"status-publish","4":"has-post-thumbnail","6":"product_cat-tanel-veenre-tapeedid-baubauwall","7":"product_cat-pilttapeedid","8":"product_cat-romantiline","9":"product_cat-maksimalistlik-et","10":"product_cat-vahemereline","11":"product_cat-kirkad-tapeedid","12":"product_cat-fuksia-magenta-tapeedid","13":"product_cat-roosad-tapeedid","14":"product_cat-purpur-tapeedid","15":"product_cat-magamistoa-tapeedid","16":"product_cat-soogitoa-tapeedid","17":"product_cat-kulalistetoa-tapeedid","18":"product_cat-elutoa-tapeedid","19":"product_cat-eesti-disain-tapeedid","20":"product_cat-kalad-veealune-maailm","21":"product_tag-eesti-disain-tapeedid","22":"product_tag-merihobu","23":"product_tag-pilttapeet","24":"product_tag-tanel-veenre-tapeedid","25":"pa_designedby-tanel-veenre","27":"first","28":"instock","29":"taxable","30":"shipping-taxable","31":"purchasable","32":"product-type-simple"},"acf":[],"yoast_head":"<!-- This site is optimized with the Yoast SEO plugin v25.9 - https:\/\/yoast.com\/wordpress\/plugins\/seo\/ -->\n<title>Helendav roosa pilttapeet. Tanel Veenre tapeedid<\/title>\n<meta name=\"description\" content=\"Tanel Veenre tapeedidisainid. Roosa pilttapeet veealuse maailmaga. Merihobud, teokarbid helesinisel taustal - ilus valik lastetoa, magamistoa seinale.\" \/>\n<meta name=\"robots\" content=\"index, follow, max-snippet:-1, max-image-preview:large, max-video-preview:-1\" \/>\n<link rel=\"canonical\" href=\"https:\/\/baubauwall.com\/et\/toode\/pilttapeet-tanel-veenre-veealune-kuningriik-roosa\/\" \/>\n<meta property=\"og:locale\" content=\"et_EE\" \/>\n<meta property=\"og:type\" content=\"article\" \/>\n<meta property=\"og:title\" content=\"Helendav roosa pilttapeet. Tanel Veenre tapeedid\" \/>\n<meta property=\"og:description\" content=\"Tanel Veenre tapeedidisainid. Roosa pilttapeet veealuse maailmaga. Merihobud, teokarbid helesinisel taustal - ilus valik lastetoa, magamistoa seinale.\" \/>\n<meta property=\"og:url\" content=\"https:\/\/baubauwall.com\/et\/toode\/pilttapeet-tanel-veenre-veealune-kuningriik-roosa\/\" \/>\n<meta property=\"og:site_name\" content=\"BAUBAUWALL Wallpapers\" \/>\n<meta property=\"article:publisher\" content=\"https:\/\/www.facebook.com\/Baubauwall\" \/>\n<meta property=\"article:modified_time\" content=\"2024-10-08T14:58:41+00:00\" \/>\n<meta property=\"og:image\" content=\"https:\/\/baubauwall.com\/wp-content\/uploads\/2022\/03\/51200119_UnderWaterKingdom-warmpink_Baubauwall_Wallmural_room08.jpg\" \/>\n\t<meta property=\"og:image:width\" content=\"1200\" \/>\n\t<meta property=\"og:image:height\" content=\"800\" \/>\n\t<meta property=\"og:image:type\" content=\"image\/jpeg\" \/>\n<meta name=\"twitter:card\" content=\"summary_large_image\" \/>\n<meta name=\"twitter:label1\" content=\"Est. reading time\" \/>\n\t<meta name=\"twitter:data1\" content=\"1 minut\" \/>\n<script type=\"application\/ld+json\" class=\"yoast-schema-graph\">{\"@context\":\"https:\/\/schema.org\",\"@graph\":[{\"@type\":\"WebPage\",\"@id\":\"https:\/\/baubauwall.com\/et\/toode\/pilttapeet-tanel-veenre-veealune-kuningriik-roosa\/\",\"url\":\"https:\/\/baubauwall.com\/et\/toode\/pilttapeet-tanel-veenre-veealune-kuningriik-roosa\/\",\"name\":\"Helendav roosa pilttapeet. Tanel Veenre tapeedid\",\"isPartOf\":{\"@id\":\"https:\/\/baubauwall.com\/et\/#website\"},\"primaryImageOfPage\":{\"@id\":\"https:\/\/baubauwall.com\/et\/toode\/pilttapeet-tanel-veenre-veealune-kuningriik-roosa\/#primaryimage\"},\"image\":{\"@id\":\"https:\/\/baubauwall.com\/et\/toode\/pilttapeet-tanel-veenre-veealune-kuningriik-roosa\/#primaryimage\"},\"thumbnailUrl\":\"https:\/\/baubauwall.com\/wp-content\/uploads\/2022\/03\/51200119_UnderWaterKingdom-warmpink_Baubauwall_Wallmural_room08.jpg\",\"datePublished\":\"2022-10-26T13:38:30+00:00\",\"dateModified\":\"2024-10-08T14:58:41+00:00\",\"description\":\"Tanel Veenre tapeedidisainid. Roosa pilttapeet veealuse maailmaga. Merihobud, teokarbid helesinisel taustal - ilus valik lastetoa, magamistoa seinale.\",\"breadcrumb\":{\"@id\":\"https:\/\/baubauwall.com\/et\/toode\/pilttapeet-tanel-veenre-veealune-kuningriik-roosa\/#breadcrumb\"},\"inLanguage\":\"et\",\"potentialAction\":[{\"@type\":\"ReadAction\",\"target\":[\"https:\/\/baubauwall.com\/et\/toode\/pilttapeet-tanel-veenre-veealune-kuningriik-roosa\/\"]}]},{\"@type\":\"ImageObject\",\"inLanguage\":\"et\",\"@id\":\"https:\/\/baubauwall.com\/et\/toode\/pilttapeet-tanel-veenre-veealune-kuningriik-roosa\/#primaryimage\",\"url\":\"https:\/\/baubauwall.com\/wp-content\/uploads\/2022\/03\/51200119_UnderWaterKingdom-warmpink_Baubauwall_Wallmural_room08.jpg\",\"contentUrl\":\"https:\/\/baubauwall.com\/wp-content\/uploads\/2022\/03\/51200119_UnderWaterKingdom-warmpink_Baubauwall_Wallmural_room08.jpg\",\"width\":1200,\"height\":800},{\"@type\":\"BreadcrumbList\",\"@id\":\"https:\/\/baubauwall.com\/et\/toode\/pilttapeet-tanel-veenre-veealune-kuningriik-roosa\/#breadcrumb\",\"itemListElement\":[{\"@type\":\"ListItem\",\"position\":1,\"name\":\"Koju\",\"item\":\"https:\/\/baubauwall.com\/et\/\"},{\"@type\":\"ListItem\",\"position\":2,\"name\":\"Tapeedid\",\"item\":\"https:\/\/baubauwall.com\/et\/tapeedid\/\"},{\"@type\":\"ListItem\",\"position\":3,\"name\":\"Pilttapeet Veealune kuningriik &#8211; roosa\"}]},{\"@type\":\"WebSite\",\"@id\":\"https:\/\/baubauwall.com\/et\/#website\",\"url\":\"https:\/\/baubauwall.com\/et\/\",\"name\":\"BAUBAUWALL Wallpapers\",\"description\":\"Valmis paanides tapeet Eestist!\",\"publisher\":{\"@id\":\"https:\/\/baubauwall.com\/et\/#organization\"},\"potentialAction\":[{\"@type\":\"SearchAction\",\"target\":{\"@type\":\"EntryPoint\",\"urlTemplate\":\"https:\/\/baubauwall.com\/et\/?s={search_term_string}\"},\"query-input\":{\"@type\":\"PropertyValueSpecification\",\"valueRequired\":true,\"valueName\":\"search_term_string\"}}],\"inLanguage\":\"et\"},{\"@type\":\"Organization\",\"@id\":\"https:\/\/baubauwall.com\/et\/#organization\",\"name\":\"BAUBAUWALL Wallpapers\",\"url\":\"https:\/\/baubauwall.com\/et\/\",\"logo\":{\"@type\":\"ImageObject\",\"inLanguage\":\"et\",\"@id\":\"https:\/\/baubauwall.com\/et\/#\/schema\/logo\/image\/\",\"url\":\"https:\/\/baubauwall.com\/wp-content\/uploads\/2022\/03\/logo-horizontal.svg\",\"contentUrl\":\"https:\/\/baubauwall.com\/wp-content\/uploads\/2022\/03\/logo-horizontal.svg\",\"width\":\"1024\",\"height\":\"1024\",\"caption\":\"BAUBAUWALL Wallpapers\"},\"image\":{\"@id\":\"https:\/\/baubauwall.com\/et\/#\/schema\/logo\/image\/\"},\"sameAs\":[\"https:\/\/www.facebook.com\/Baubauwall\",\"https:\/\/www.instagram.com\/baubauwall\"]}]}<\/script>\n<!-- \/ Yoast SEO plugin. -->","yoast_head_json":{"title":"Helendav roosa pilttapeet. Tanel Veenre tapeedid","description":"Tanel Veenre tapeedidisainid. Roosa pilttapeet veealuse maailmaga. Merihobud, teokarbid helesinisel taustal - ilus valik lastetoa, magamistoa seinale.","robots":{"index":"index","follow":"follow","max-snippet":"max-snippet:-1","max-image-preview":"max-image-preview:large","max-video-preview":"max-video-preview:-1"},"canonical":"https:\/\/baubauwall.com\/et\/toode\/pilttapeet-tanel-veenre-veealune-kuningriik-roosa\/","og_locale":"et_EE","og_type":"article","og_title":"Helendav roosa pilttapeet. Tanel Veenre tapeedid","og_description":"Tanel Veenre tapeedidisainid. Roosa pilttapeet veealuse maailmaga. Merihobud, teokarbid helesinisel taustal - ilus valik lastetoa, magamistoa seinale.","og_url":"https:\/\/baubauwall.com\/et\/toode\/pilttapeet-tanel-veenre-veealune-kuningriik-roosa\/","og_site_name":"BAUBAUWALL Wallpapers","article_publisher":"https:\/\/www.facebook.com\/Baubauwall","article_modified_time":"2024-10-08T14:58:41+00:00","og_image":[{"width":1200,"height":800,"url":"https:\/\/baubauwall.com\/wp-content\/uploads\/2022\/03\/51200119_UnderWaterKingdom-warmpink_Baubauwall_Wallmural_room08.jpg","type":"image\/jpeg"}],"twitter_card":"summary_large_image","twitter_misc":{"Est. reading time":"1 minut"},"schema":{"@context":"https:\/\/schema.org","@graph":[{"@type":"WebPage","@id":"https:\/\/baubauwall.com\/et\/toode\/pilttapeet-tanel-veenre-veealune-kuningriik-roosa\/","url":"https:\/\/baubauwall.com\/et\/toode\/pilttapeet-tanel-veenre-veealune-kuningriik-roosa\/","name":"Helendav roosa pilttapeet. Tanel Veenre tapeedid","isPartOf":{"@id":"https:\/\/baubauwall.com\/et\/#website"},"primaryImageOfPage":{"@id":"https:\/\/baubauwall.com\/et\/toode\/pilttapeet-tanel-veenre-veealune-kuningriik-roosa\/#primaryimage"},"image":{"@id":"https:\/\/baubauwall.com\/et\/toode\/pilttapeet-tanel-veenre-veealune-kuningriik-roosa\/#primaryimage"},"thumbnailUrl":"https:\/\/baubauwall.com\/wp-content\/uploads\/2022\/03\/51200119_UnderWaterKingdom-warmpink_Baubauwall_Wallmural_room08.jpg","datePublished":"2022-10-26T13:38:30+00:00","dateModified":"2024-10-08T14:58:41+00:00","description":"Tanel Veenre tapeedidisainid. Roosa pilttapeet veealuse maailmaga. Merihobud, teokarbid helesinisel taustal - ilus valik lastetoa, magamistoa seinale.","breadcrumb":{"@id":"https:\/\/baubauwall.com\/et\/toode\/pilttapeet-tanel-veenre-veealune-kuningriik-roosa\/#breadcrumb"},"inLanguage":"et","potentialAction":[{"@type":"ReadAction","target":["https:\/\/baubauwall.com\/et\/toode\/pilttapeet-tanel-veenre-veealune-kuningriik-roosa\/"]}]},{"@type":"ImageObject","inLanguage":"et","@id":"https:\/\/baubauwall.com\/et\/toode\/pilttapeet-tanel-veenre-veealune-kuningriik-roosa\/#primaryimage","url":"https:\/\/baubauwall.com\/wp-content\/uploads\/2022\/03\/51200119_UnderWaterKingdom-warmpink_Baubauwall_Wallmural_room08.jpg","contentUrl":"https:\/\/baubauwall.com\/wp-content\/uploads\/2022\/03\/51200119_UnderWaterKingdom-warmpink_Baubauwall_Wallmural_room08.jpg","width":1200,"height":800},{"@type":"BreadcrumbList","@id":"https:\/\/baubauwall.com\/et\/toode\/pilttapeet-tanel-veenre-veealune-kuningriik-roosa\/#breadcrumb","itemListElement":[{"@type":"ListItem","position":1,"name":"Koju","item":"https:\/\/baubauwall.com\/et\/"},{"@type":"ListItem","position":2,"name":"Tapeedid","item":"https:\/\/baubauwall.com\/et\/tapeedid\/"},{"@type":"ListItem","position":3,"name":"Pilttapeet Veealune kuningriik &#8211; roosa"}]},{"@type":"WebSite","@id":"https:\/\/baubauwall.com\/et\/#website","url":"https:\/\/baubauwall.com\/et\/","name":"BAUBAUWALL Wallpapers","description":"Valmis paanides tapeet Eestist!","publisher":{"@id":"https:\/\/baubauwall.com\/et\/#organization"},"potentialAction":[{"@type":"SearchAction","target":{"@type":"EntryPoint","urlTemplate":"https:\/\/baubauwall.com\/et\/?s={search_term_string}"},"query-input":{"@type":"PropertyValueSpecification","valueRequired":true,"valueName":"search_term_string"}}],"inLanguage":"et"},{"@type":"Organization","@id":"https:\/\/baubauwall.com\/et\/#organization","name":"BAUBAUWALL Wallpapers","url":"https:\/\/baubauwall.com\/et\/","logo":{"@type":"ImageObject","inLanguage":"et","@id":"https:\/\/baubauwall.com\/et\/#\/schema\/logo\/image\/","url":"https:\/\/baubauwall.com\/wp-content\/uploads\/2022\/03\/logo-horizontal.svg","contentUrl":"https:\/\/baubauwall.com\/wp-content\/uploads\/2022\/03\/logo-horizontal.svg","width":"1024","height":"1024","caption":"BAUBAUWALL Wallpapers"},"image":{"@id":"https:\/\/baubauwall.com\/et\/#\/schema\/logo\/image\/"},"sameAs":["https:\/\/www.facebook.com\/Baubauwall","https:\/\/www.instagram.com\/baubauwall"]}]}},"jetpack_sharing_enabled":true,"_links":{"self":[{"href":"https:\/\/baubauwall.com\/et\/wp-json\/wp\/v2\/product\/19932","targetHints":{"allow":["GET"]}}],"collection":[{"href":"https:\/\/baubauwall.com\/et\/wp-json\/wp\/v2\/product"}],"about":[{"href":"https:\/\/baubauwall.com\/et\/wp-json\/wp\/v2\/types\/product"}],"replies":[{"embeddable":true,"href":"https:\/\/baubauwall.com\/et\/wp-json\/wp\/v2\/comments?post=19932"}],"wp:featuredmedia":[{"embeddable":true,"href":"https:\/\/baubauwall.com\/et\/wp-json\/wp\/v2\/media\/19918"}],"wp:attachment":[{"href":"https:\/\/baubauwall.com\/et\/wp-json\/wp\/v2\/media?parent=19932"}],"wp:term":[{"taxonomy":"product_brand","embeddable":true,"href":"https:\/\/baubauwall.com\/et\/wp-json\/wp\/v2\/product_brand?post=19932"},{"taxonomy":"product_cat","embeddable":true,"href":"https:\/\/baubauwall.com\/et\/wp-json\/wp\/v2\/product_cat?post=19932"},{"taxonomy":"product_tag","embeddable":true,"href":"https:\/\/baubauwall.com\/et\/wp-json\/wp\/v2\/product_tag?post=19932"}],"curies":[{"name":"wp","href":"https:\/\/api.w.org\/{rel}","templated":true}]}}