{"id":19936,"date":"2022-10-26T15:37:31","date_gmt":"2022-10-26T13:37:31","guid":{"rendered":"https:\/\/baubauwall.com\/?post_type=product&#038;p=19936"},"modified":"2022-10-24T17:00:57","modified_gmt":"2022-10-24T15:00:57","slug":"pilttapeet-tanel-veenre-maroko-riaad-roheline","status":"publish","type":"product","link":"https:\/\/baubauwall.com\/et\/toode\/pilttapeet-tanel-veenre-maroko-riaad-roheline\/","title":{"rendered":"Maroko riaad &#8211; heleroheline"},"content":{"rendered":"<p>T\u00fckike moodsat orientaalset kunsti pilttapeedi disainil! Astu enda isiklikku riaadi ja kujutle end Maroko aeda t\u00e4is detailsed, s\u00fcmmeetrilisi kirjuid mustreid. Pilttapeet, mis kombineerib uus-araabialiku disaini Tanel Veenrele omaste hingeloomade ja detailsete karakteritega. Taba tapeedidisainis putukaid, merihobuseid ja teokarpe, kes k\u00f5ik moodustavad korrap\u00e4raseid ringe. Helgelt heleroheline pilttapeet aktsenseinaks elutuppa, veidi idamaise h\u00f5nguga magamistuppa v\u00f5i s\u00f6\u00f6gitoa seinale.<\/p>\n<p><strong>Tanel Veenre x Baubauwall<\/strong> tapeedid on kollektsioon disaine, mis peegeldavad multitalent <a href=\"https:\/\/tanelveenre.com\/blogi\/tanel-veenre-x-baubauwall-laseme-hobud-seintele-tantsima\/\" target=\"_blank\" rel=\"noopener\">Tanel Veenre<\/a> muinasjutulist maailma. Tapeetidelt leiad tiivulised merihobud koos teiste muinasjutuliste olenditega. Mustrid liblikate, merekarpide, kiilide ja mardikatega on kui kaotatud paradiisi taas avastatud m\u00e4lestused. Luba nad tantsima oma interj\u00f6\u00f6ri seintele!<\/p>\n<p>Nagu k\u00f5ik meie tapeedid on ka see tapeet tr\u00fckitud keskkonnas\u00f5bralike v\u00e4rvidega hingavale, fliistapeedi materjalile. Sinu uus tapeet on l\u00f5igatud nummerdatud paanideks \u2013 t\u00e4pselt nii pikad, kui Sinu sein. Kuidas see t\u00f6\u00f6tab ja miks \u2013 loe l\u00e4hemalt<a href=\"https:\/\/baubauwall.com\/et\/kuidas-see-tootab\/\" target=\"_blank\" rel=\"noopener\">\u00a0siit.<\/a><\/p>\n<p>&nbsp;<\/p>\n","protected":false},"excerpt":{"rendered":"<p>T\u00fckike moodsat orientaalset kunsti pilttapeedi disainil! Astu enda isiklikku riaadi ja kujutle end Maroko aeda t\u00e4is detailsed, s\u00fcmmeetrilisi kirjuid mustreid. Pilttapeet, mis kombineerib uus-araabialiku disaini Tanel Veenrele omaste hingeloomade ja detailsete karakteritega. Taba tapeedidisainis putukaid, merihobuseid ja teokarpe, kes k\u00f5ik moodustavad korrap\u00e4raseid ringe. Helgelt heleroheline pilttapeet aktsenseinaks elutuppa, veidi idamaise h\u00f5nguga magamistuppa v\u00f5i s\u00f6\u00f6gitoa seinale. [&hellip;]<\/p>\n","protected":false},"featured_media":19328,"comment_status":"open","ping_status":"closed","template":"","meta":{"_acf_changed":false,"inline_featured_image":false},"product_brand":[],"product_cat":[598,387,395,408,393,271,273,752,413,414,415,416,399,402,699,258,259,561],"product_tag":[584,695,603,345,608,602],"class_list":{"0":"post-19936","1":"product","2":"type-product","3":"status-publish","4":"has-post-thumbnail","6":"product_cat-tanel-veenre-tapeedid-baubauwall","7":"product_cat-pilttapeedid","8":"product_cat-romantiline","9":"product_cat-geomeetriline","10":"product_cat-idamaine","11":"product_cat-rohelised-tapeedid","12":"product_cat-heledad-tapeedid","13":"product_cat-avalik-ruum","14":"product_cat-magamistoa-tapeedid","15":"product_cat-soogitoa-tapeedid","16":"product_cat-kulalistetoa-tapeedid","17":"product_cat-esiku-tapeedid","18":"product_cat-kodukontori-tapeedid","19":"product_cat-elutoa-tapeedid","20":"product_cat-eesti-disain-tapeedid","21":"product_cat-putukad-liblikad","22":"product_cat-kalad-veealune-maailm","23":"product_cat-suvised-tapeedid","24":"product_tag-boho-et","25":"product_tag-eesti-disain-tapeedid","26":"product_tag-merihobu","27":"product_tag-pilttapeet","28":"product_tag-sage-et","29":"product_tag-tanel-veenre-tapeedid","30":"pa_designedby-tanel-veenre","32":"first","33":"instock","34":"taxable","35":"shipping-taxable","36":"purchasable","37":"product-type-simple"},"acf":[],"yoast_head":"<!-- This site is optimized with the Yoast SEO plugin v25.9 - https:\/\/yoast.com\/wordpress\/plugins\/seo\/ -->\n<title>Elegantne heleroheline pilttapeet Maroko. Tanel Veenre tapeedid.<\/title>\n<meta name=\"description\" content=\"Tanel Veenre disain pilttapeet. Heleroheline, araabialiku disainiga pilttapeet. Sinu seina m\u00f5\u00f5dus tapeedipaanid, tr\u00fckitud m\u00fcrkidevabade v\u00e4rvidega.\" \/>\n<meta name=\"robots\" content=\"index, follow, max-snippet:-1, max-image-preview:large, max-video-preview:-1\" \/>\n<link rel=\"canonical\" href=\"https:\/\/baubauwall.com\/et\/toode\/pilttapeet-tanel-veenre-maroko-riaad-roheline\/\" \/>\n<meta property=\"og:locale\" content=\"et_EE\" \/>\n<meta property=\"og:type\" content=\"article\" \/>\n<meta property=\"og:title\" content=\"Elegantne heleroheline pilttapeet Maroko. Tanel Veenre tapeedid.\" \/>\n<meta property=\"og:description\" content=\"Tanel Veenre disain pilttapeet. Heleroheline, araabialiku disainiga pilttapeet. Sinu seina m\u00f5\u00f5dus tapeedipaanid, tr\u00fckitud m\u00fcrkidevabade v\u00e4rvidega.\" \/>\n<meta property=\"og:url\" content=\"https:\/\/baubauwall.com\/et\/toode\/pilttapeet-tanel-veenre-maroko-riaad-roheline\/\" \/>\n<meta property=\"og:site_name\" content=\"BAUBAUWALL TAPEEDID\" \/>\n<meta property=\"article:publisher\" content=\"https:\/\/www.facebook.com\/Baubauwall\" \/>\n<meta property=\"og:image\" content=\"https:\/\/baubauwall.com\/wp-content\/uploads\/2022\/03\/51200122_MoroccoRiad-sage_Baubauwall_Wallmural_room09.jpg\" \/>\n\t<meta property=\"og:image:width\" content=\"1067\" \/>\n\t<meta property=\"og:image:height\" content=\"800\" \/>\n\t<meta property=\"og:image:type\" content=\"image\/jpeg\" \/>\n<meta name=\"twitter:card\" content=\"summary_large_image\" \/>\n<meta name=\"twitter:label1\" content=\"Est. reading time\" \/>\n\t<meta name=\"twitter:data1\" content=\"1 minut\" \/>\n<script type=\"application\/ld+json\" class=\"yoast-schema-graph\">{\"@context\":\"https:\/\/schema.org\",\"@graph\":[{\"@type\":\"WebPage\",\"@id\":\"https:\/\/baubauwall.com\/et\/toode\/pilttapeet-tanel-veenre-maroko-riaad-roheline\/\",\"url\":\"https:\/\/baubauwall.com\/et\/toode\/pilttapeet-tanel-veenre-maroko-riaad-roheline\/\",\"name\":\"Elegantne heleroheline pilttapeet Maroko. Tanel Veenre tapeedid.\",\"isPartOf\":{\"@id\":\"https:\/\/baubauwall.com\/et\/#website\"},\"primaryImageOfPage\":{\"@id\":\"https:\/\/baubauwall.com\/et\/toode\/pilttapeet-tanel-veenre-maroko-riaad-roheline\/#primaryimage\"},\"image\":{\"@id\":\"https:\/\/baubauwall.com\/et\/toode\/pilttapeet-tanel-veenre-maroko-riaad-roheline\/#primaryimage\"},\"thumbnailUrl\":\"https:\/\/baubauwall.com\/wp-content\/uploads\/2022\/03\/51200122_MoroccoRiad-sage_Baubauwall_Wallmural_room09.jpg\",\"datePublished\":\"2022-10-26T13:37:31+00:00\",\"description\":\"Tanel Veenre disain pilttapeet. Heleroheline, araabialiku disainiga pilttapeet. Sinu seina m\u00f5\u00f5dus tapeedipaanid, tr\u00fckitud m\u00fcrkidevabade v\u00e4rvidega.\",\"breadcrumb\":{\"@id\":\"https:\/\/baubauwall.com\/et\/toode\/pilttapeet-tanel-veenre-maroko-riaad-roheline\/#breadcrumb\"},\"inLanguage\":\"et\",\"potentialAction\":[{\"@type\":\"ReadAction\",\"target\":[\"https:\/\/baubauwall.com\/et\/toode\/pilttapeet-tanel-veenre-maroko-riaad-roheline\/\"]}]},{\"@type\":\"ImageObject\",\"inLanguage\":\"et\",\"@id\":\"https:\/\/baubauwall.com\/et\/toode\/pilttapeet-tanel-veenre-maroko-riaad-roheline\/#primaryimage\",\"url\":\"https:\/\/baubauwall.com\/wp-content\/uploads\/2022\/03\/51200122_MoroccoRiad-sage_Baubauwall_Wallmural_room09.jpg\",\"contentUrl\":\"https:\/\/baubauwall.com\/wp-content\/uploads\/2022\/03\/51200122_MoroccoRiad-sage_Baubauwall_Wallmural_room09.jpg\",\"width\":1067,\"height\":800},{\"@type\":\"BreadcrumbList\",\"@id\":\"https:\/\/baubauwall.com\/et\/toode\/pilttapeet-tanel-veenre-maroko-riaad-roheline\/#breadcrumb\",\"itemListElement\":[{\"@type\":\"ListItem\",\"position\":1,\"name\":\"Koju\",\"item\":\"https:\/\/baubauwall.com\/et\/\"},{\"@type\":\"ListItem\",\"position\":2,\"name\":\"Tapeedid\",\"item\":\"https:\/\/baubauwall.com\/et\/tapeedid\/\"},{\"@type\":\"ListItem\",\"position\":3,\"name\":\"Maroko riaad &#8211; heleroheline\"}]},{\"@type\":\"WebSite\",\"@id\":\"https:\/\/baubauwall.com\/et\/#website\",\"url\":\"https:\/\/baubauwall.com\/et\/\",\"name\":\"BAUBAUWALL Wallpapers\",\"description\":\"Valmis paanides tapeet Eestist!\",\"publisher\":{\"@id\":\"https:\/\/baubauwall.com\/et\/#organization\"},\"potentialAction\":[{\"@type\":\"SearchAction\",\"target\":{\"@type\":\"EntryPoint\",\"urlTemplate\":\"https:\/\/baubauwall.com\/et\/?s={search_term_string}\"},\"query-input\":{\"@type\":\"PropertyValueSpecification\",\"valueRequired\":true,\"valueName\":\"search_term_string\"}}],\"inLanguage\":\"et\"},{\"@type\":\"Organization\",\"@id\":\"https:\/\/baubauwall.com\/et\/#organization\",\"name\":\"BAUBAUWALL Wallpapers\",\"url\":\"https:\/\/baubauwall.com\/et\/\",\"logo\":{\"@type\":\"ImageObject\",\"inLanguage\":\"et\",\"@id\":\"https:\/\/baubauwall.com\/et\/#\/schema\/logo\/image\/\",\"url\":\"https:\/\/baubauwall.com\/wp-content\/uploads\/2022\/03\/logo-horizontal.svg\",\"contentUrl\":\"https:\/\/baubauwall.com\/wp-content\/uploads\/2022\/03\/logo-horizontal.svg\",\"width\":\"1024\",\"height\":\"1024\",\"caption\":\"BAUBAUWALL Wallpapers\"},\"image\":{\"@id\":\"https:\/\/baubauwall.com\/et\/#\/schema\/logo\/image\/\"},\"sameAs\":[\"https:\/\/www.facebook.com\/Baubauwall\",\"https:\/\/www.instagram.com\/baubauwall\"]}]}<\/script>\n<!-- \/ Yoast SEO plugin. -->","yoast_head_json":{"title":"Elegantne heleroheline pilttapeet Maroko. Tanel Veenre tapeedid.","description":"Tanel Veenre disain pilttapeet. Heleroheline, araabialiku disainiga pilttapeet. Sinu seina m\u00f5\u00f5dus tapeedipaanid, tr\u00fckitud m\u00fcrkidevabade v\u00e4rvidega.","robots":{"index":"index","follow":"follow","max-snippet":"max-snippet:-1","max-image-preview":"max-image-preview:large","max-video-preview":"max-video-preview:-1"},"canonical":"https:\/\/baubauwall.com\/et\/toode\/pilttapeet-tanel-veenre-maroko-riaad-roheline\/","og_locale":"et_EE","og_type":"article","og_title":"Elegantne heleroheline pilttapeet Maroko. Tanel Veenre tapeedid.","og_description":"Tanel Veenre disain pilttapeet. Heleroheline, araabialiku disainiga pilttapeet. Sinu seina m\u00f5\u00f5dus tapeedipaanid, tr\u00fckitud m\u00fcrkidevabade v\u00e4rvidega.","og_url":"https:\/\/baubauwall.com\/et\/toode\/pilttapeet-tanel-veenre-maroko-riaad-roheline\/","og_site_name":"BAUBAUWALL TAPEEDID","article_publisher":"https:\/\/www.facebook.com\/Baubauwall","og_image":[{"width":1067,"height":800,"url":"https:\/\/baubauwall.com\/wp-content\/uploads\/2022\/03\/51200122_MoroccoRiad-sage_Baubauwall_Wallmural_room09.jpg","type":"image\/jpeg"}],"twitter_card":"summary_large_image","twitter_misc":{"Est. reading time":"1 minut"},"schema":{"@context":"https:\/\/schema.org","@graph":[{"@type":"WebPage","@id":"https:\/\/baubauwall.com\/et\/toode\/pilttapeet-tanel-veenre-maroko-riaad-roheline\/","url":"https:\/\/baubauwall.com\/et\/toode\/pilttapeet-tanel-veenre-maroko-riaad-roheline\/","name":"Elegantne heleroheline pilttapeet Maroko. Tanel Veenre tapeedid.","isPartOf":{"@id":"https:\/\/baubauwall.com\/et\/#website"},"primaryImageOfPage":{"@id":"https:\/\/baubauwall.com\/et\/toode\/pilttapeet-tanel-veenre-maroko-riaad-roheline\/#primaryimage"},"image":{"@id":"https:\/\/baubauwall.com\/et\/toode\/pilttapeet-tanel-veenre-maroko-riaad-roheline\/#primaryimage"},"thumbnailUrl":"https:\/\/baubauwall.com\/wp-content\/uploads\/2022\/03\/51200122_MoroccoRiad-sage_Baubauwall_Wallmural_room09.jpg","datePublished":"2022-10-26T13:37:31+00:00","description":"Tanel Veenre disain pilttapeet. Heleroheline, araabialiku disainiga pilttapeet. Sinu seina m\u00f5\u00f5dus tapeedipaanid, tr\u00fckitud m\u00fcrkidevabade v\u00e4rvidega.","breadcrumb":{"@id":"https:\/\/baubauwall.com\/et\/toode\/pilttapeet-tanel-veenre-maroko-riaad-roheline\/#breadcrumb"},"inLanguage":"et","potentialAction":[{"@type":"ReadAction","target":["https:\/\/baubauwall.com\/et\/toode\/pilttapeet-tanel-veenre-maroko-riaad-roheline\/"]}]},{"@type":"ImageObject","inLanguage":"et","@id":"https:\/\/baubauwall.com\/et\/toode\/pilttapeet-tanel-veenre-maroko-riaad-roheline\/#primaryimage","url":"https:\/\/baubauwall.com\/wp-content\/uploads\/2022\/03\/51200122_MoroccoRiad-sage_Baubauwall_Wallmural_room09.jpg","contentUrl":"https:\/\/baubauwall.com\/wp-content\/uploads\/2022\/03\/51200122_MoroccoRiad-sage_Baubauwall_Wallmural_room09.jpg","width":1067,"height":800},{"@type":"BreadcrumbList","@id":"https:\/\/baubauwall.com\/et\/toode\/pilttapeet-tanel-veenre-maroko-riaad-roheline\/#breadcrumb","itemListElement":[{"@type":"ListItem","position":1,"name":"Koju","item":"https:\/\/baubauwall.com\/et\/"},{"@type":"ListItem","position":2,"name":"Tapeedid","item":"https:\/\/baubauwall.com\/et\/tapeedid\/"},{"@type":"ListItem","position":3,"name":"Maroko riaad &#8211; heleroheline"}]},{"@type":"WebSite","@id":"https:\/\/baubauwall.com\/et\/#website","url":"https:\/\/baubauwall.com\/et\/","name":"BAUBAUWALL Wallpapers","description":"Valmis paanides tapeet Eestist!","publisher":{"@id":"https:\/\/baubauwall.com\/et\/#organization"},"potentialAction":[{"@type":"SearchAction","target":{"@type":"EntryPoint","urlTemplate":"https:\/\/baubauwall.com\/et\/?s={search_term_string}"},"query-input":{"@type":"PropertyValueSpecification","valueRequired":true,"valueName":"search_term_string"}}],"inLanguage":"et"},{"@type":"Organization","@id":"https:\/\/baubauwall.com\/et\/#organization","name":"BAUBAUWALL Wallpapers","url":"https:\/\/baubauwall.com\/et\/","logo":{"@type":"ImageObject","inLanguage":"et","@id":"https:\/\/baubauwall.com\/et\/#\/schema\/logo\/image\/","url":"https:\/\/baubauwall.com\/wp-content\/uploads\/2022\/03\/logo-horizontal.svg","contentUrl":"https:\/\/baubauwall.com\/wp-content\/uploads\/2022\/03\/logo-horizontal.svg","width":"1024","height":"1024","caption":"BAUBAUWALL Wallpapers"},"image":{"@id":"https:\/\/baubauwall.com\/et\/#\/schema\/logo\/image\/"},"sameAs":["https:\/\/www.facebook.com\/Baubauwall","https:\/\/www.instagram.com\/baubauwall"]}]}},"jetpack_sharing_enabled":true,"_links":{"self":[{"href":"https:\/\/baubauwall.com\/et\/wp-json\/wp\/v2\/product\/19936","targetHints":{"allow":["GET"]}}],"collection":[{"href":"https:\/\/baubauwall.com\/et\/wp-json\/wp\/v2\/product"}],"about":[{"href":"https:\/\/baubauwall.com\/et\/wp-json\/wp\/v2\/types\/product"}],"replies":[{"embeddable":true,"href":"https:\/\/baubauwall.com\/et\/wp-json\/wp\/v2\/comments?post=19936"}],"wp:featuredmedia":[{"embeddable":true,"href":"https:\/\/baubauwall.com\/et\/wp-json\/wp\/v2\/media\/19328"}],"wp:attachment":[{"href":"https:\/\/baubauwall.com\/et\/wp-json\/wp\/v2\/media?parent=19936"}],"wp:term":[{"taxonomy":"product_brand","embeddable":true,"href":"https:\/\/baubauwall.com\/et\/wp-json\/wp\/v2\/product_brand?post=19936"},{"taxonomy":"product_cat","embeddable":true,"href":"https:\/\/baubauwall.com\/et\/wp-json\/wp\/v2\/product_cat?post=19936"},{"taxonomy":"product_tag","embeddable":true,"href":"https:\/\/baubauwall.com\/et\/wp-json\/wp\/v2\/product_tag?post=19936"}],"curies":[{"name":"wp","href":"https:\/\/api.w.org\/{rel}","templated":true}]}}