{"id":20583,"date":"2022-10-25T15:15:07","date_gmt":"2022-10-25T13:15:07","guid":{"rendered":"https:\/\/baubauwall.com\/product\/wallpaper-herbarium-light\/"},"modified":"2022-11-07T17:27:30","modified_gmt":"2022-11-07T15:27:30","slug":"tapeet-herbaarium-hele","status":"publish","type":"product","link":"https:\/\/baubauwall.com\/et\/toode\/tapeet-herbaarium-hele\/","title":{"rendered":"Herbaarium &#8211; hele"},"content":{"rendered":"<p>Kevadel ja suvel, kui interj\u00f6\u00f6rides on palju valgust, l\u00f6\u00f6vad ka k\u00f5ik tapeedid s\u00e4rama. Justkui seinad \u00f5itseksid! Talvel, h\u00e4maras m\u00f5nev\u00f5rra v\u00e4hem, kuid hea tapeet j\u00e4tab seinad elama. See ongi k\u00f5ige t\u00e4htsam. Tapeet &#8220;Herbaarium&#8221; just selline ongi. Moodne muster,\u00a0 ilus tapeediklassika. P\u00f5hjamaine hele disain, mille muster kombineerib taimi ja lilli, tuues moodsa lilleaia meeleolu tuppa.\u00a0 Botaanilised mustrid sobivad h\u00e4sti kodu igasse tuppa, vannitoast magamistoani.<\/p>\n<p>Meie tapeedid on r\u00e4tsepat\u00f6\u00f6na valmivad, valmis l\u00f5igatud paanideks ja mis sobivad k\u00f5igi teie seinam\u00f5\u00f5tudega. Tr\u00fckitud m\u00fcrgivabade v\u00e4rvidega, keskkonnas\u00f5bralikule fliistapeedi materjalile. Loe t\u00e4psemalt nutikast tapeediteenusest <a href=\"https:\/\/baubauwall.com\/et\/kuidas-see-tootab\/\" target=\"_blank\" rel=\"noopener\">siin.<\/a><\/p>\n","protected":false},"excerpt":{"rendered":"<p>Kevadel ja suvel, kui interj\u00f6\u00f6rides on palju valgust, l\u00f6\u00f6vad ka k\u00f5ik tapeedid s\u00e4rama. Justkui seinad \u00f5itseksid! Talvel, h\u00e4maras m\u00f5nev\u00f5rra v\u00e4hem, kuid hea tapeet j\u00e4tab seinad elama. See ongi k\u00f5ige t\u00e4htsam. Tapeet &#8220;Herbaarium&#8221; just selline ongi. Moodne muster,\u00a0 ilus tapeediklassika. P\u00f5hjamaine hele disain, mille muster kombineerib taimi ja lilli, tuues moodsa lilleaia meeleolu tuppa.\u00a0 Botaanilised mustrid [&hellip;]<\/p>\n","protected":false},"featured_media":20581,"comment_status":"open","ping_status":"closed","template":"","meta":{"_acf_changed":false,"inline_featured_image":false},"product_brand":[],"product_cat":[386,395,406,396,272,273,276,413,414,415,416,399,401,402,412,260],"product_tag":[298,695,832],"class_list":{"0":"post-20583","1":"product","2":"type-product","3":"status-publish","4":"has-post-thumbnail","6":"product_cat-kordusmustriga-tapeedid","7":"product_cat-romantiline","8":"product_cat-klassika","9":"product_cat-skandinaavia","10":"product_cat-hallid-tapeedid","11":"product_cat-heledad-tapeedid","12":"product_cat-pastelsed-tapeedid","13":"product_cat-magamistoa-tapeedid","14":"product_cat-soogitoa-tapeedid","15":"product_cat-kulalistetoa-tapeedid","16":"product_cat-esiku-tapeedid","17":"product_cat-kodukontori-tapeedid","18":"product_cat-koogi-tapeedid","19":"product_cat-elutoa-tapeedid","20":"product_cat-vannitoa-tapeedid","21":"product_cat-lilled","22":"product_tag-botaaniline","23":"product_tag-eesti-disain-tapeedid","24":"product_tag-kordusmustriga-tapeedid","25":"pa_designedby-baubauwall","27":"first","28":"instock","29":"taxable","30":"shipping-taxable","31":"purchasable","32":"product-type-simple"},"acf":[],"yoast_head":"<!-- This site is optimized with the Yoast SEO plugin v25.9 - https:\/\/yoast.com\/wordpress\/plugins\/seo\/ -->\n<title>P\u00f5hjamaine, hele tapeet lillelise mustriga. Seina m\u00f5\u00f5dus tapeedid.<\/title>\n<meta name=\"description\" content=\"Taimemotiividega p\u00f5hjamaine, helehall lilleline tapeet. Hele muster, mis sobib elutoa v\u00f5i magamistoa seinale tapeediks. Keskkonnas\u00f5bralik fliistapeet.\" \/>\n<meta name=\"robots\" content=\"index, follow, max-snippet:-1, max-image-preview:large, max-video-preview:-1\" \/>\n<link rel=\"canonical\" href=\"https:\/\/baubauwall.com\/et\/toode\/tapeet-herbaarium-hele\/\" \/>\n<meta property=\"og:locale\" content=\"et_EE\" \/>\n<meta property=\"og:type\" content=\"article\" \/>\n<meta property=\"og:title\" content=\"BAUBAUWALL Wallpapers\" \/>\n<meta property=\"og:description\" content=\"Herbaarium - hele\" \/>\n<meta property=\"og:url\" content=\"https:\/\/baubauwall.com\/et\/toode\/tapeet-herbaarium-hele\/\" \/>\n<meta property=\"og:site_name\" content=\"BAUBAUWALL Wallpapers\" \/>\n<meta property=\"article:publisher\" content=\"https:\/\/www.facebook.com\/Baubauwall\" \/>\n<meta property=\"article:modified_time\" content=\"2022-11-07T15:27:30+00:00\" \/>\n<meta property=\"og:image\" content=\"https:\/\/baubauwall.com\/wp-content\/uploads\/2022\/11\/51100303_Herbarium-light_Baubauwall_Wallpaper_room10.jpg\" \/>\n\t<meta property=\"og:image:width\" content=\"1200\" \/>\n\t<meta property=\"og:image:height\" content=\"800\" \/>\n\t<meta property=\"og:image:type\" content=\"image\/jpeg\" \/>\n<meta name=\"twitter:card\" content=\"summary_large_image\" \/>\n<meta name=\"twitter:label1\" content=\"Est. reading time\" \/>\n\t<meta name=\"twitter:data1\" content=\"1 minut\" \/>\n<script type=\"application\/ld+json\" class=\"yoast-schema-graph\">{\"@context\":\"https:\/\/schema.org\",\"@graph\":[{\"@type\":\"WebPage\",\"@id\":\"https:\/\/baubauwall.com\/et\/toode\/tapeet-herbaarium-hele\/\",\"url\":\"https:\/\/baubauwall.com\/et\/toode\/tapeet-herbaarium-hele\/\",\"name\":\"P\u00f5hjamaine, hele tapeet lillelise mustriga. Seina m\u00f5\u00f5dus tapeedid.\",\"isPartOf\":{\"@id\":\"https:\/\/baubauwall.com\/et\/#website\"},\"primaryImageOfPage\":{\"@id\":\"https:\/\/baubauwall.com\/et\/toode\/tapeet-herbaarium-hele\/#primaryimage\"},\"image\":{\"@id\":\"https:\/\/baubauwall.com\/et\/toode\/tapeet-herbaarium-hele\/#primaryimage\"},\"thumbnailUrl\":\"https:\/\/baubauwall.com\/wp-content\/uploads\/2022\/11\/51100303_Herbarium-light_Baubauwall_Wallpaper_room08.jpg\",\"datePublished\":\"2022-10-25T13:15:07+00:00\",\"dateModified\":\"2022-11-07T15:27:30+00:00\",\"description\":\"Taimemotiividega p\u00f5hjamaine, helehall lilleline tapeet. Hele muster, mis sobib elutoa v\u00f5i magamistoa seinale tapeediks. Keskkonnas\u00f5bralik fliistapeet.\",\"breadcrumb\":{\"@id\":\"https:\/\/baubauwall.com\/et\/toode\/tapeet-herbaarium-hele\/#breadcrumb\"},\"inLanguage\":\"et\",\"potentialAction\":[{\"@type\":\"ReadAction\",\"target\":[\"https:\/\/baubauwall.com\/et\/toode\/tapeet-herbaarium-hele\/\"]}]},{\"@type\":\"ImageObject\",\"inLanguage\":\"et\",\"@id\":\"https:\/\/baubauwall.com\/et\/toode\/tapeet-herbaarium-hele\/#primaryimage\",\"url\":\"https:\/\/baubauwall.com\/wp-content\/uploads\/2022\/11\/51100303_Herbarium-light_Baubauwall_Wallpaper_room08.jpg\",\"contentUrl\":\"https:\/\/baubauwall.com\/wp-content\/uploads\/2022\/11\/51100303_Herbarium-light_Baubauwall_Wallpaper_room08.jpg\",\"width\":1200,\"height\":800},{\"@type\":\"BreadcrumbList\",\"@id\":\"https:\/\/baubauwall.com\/et\/toode\/tapeet-herbaarium-hele\/#breadcrumb\",\"itemListElement\":[{\"@type\":\"ListItem\",\"position\":1,\"name\":\"Koju\",\"item\":\"https:\/\/baubauwall.com\/et\/\"},{\"@type\":\"ListItem\",\"position\":2,\"name\":\"Tapeedid\",\"item\":\"https:\/\/baubauwall.com\/et\/tapeedid\/\"},{\"@type\":\"ListItem\",\"position\":3,\"name\":\"Herbaarium &#8211; hele\"}]},{\"@type\":\"WebSite\",\"@id\":\"https:\/\/baubauwall.com\/et\/#website\",\"url\":\"https:\/\/baubauwall.com\/et\/\",\"name\":\"BAUBAUWALL Wallpapers\",\"description\":\"Valmis paanides tapeet Eestist!\",\"publisher\":{\"@id\":\"https:\/\/baubauwall.com\/et\/#organization\"},\"potentialAction\":[{\"@type\":\"SearchAction\",\"target\":{\"@type\":\"EntryPoint\",\"urlTemplate\":\"https:\/\/baubauwall.com\/et\/?s={search_term_string}\"},\"query-input\":{\"@type\":\"PropertyValueSpecification\",\"valueRequired\":true,\"valueName\":\"search_term_string\"}}],\"inLanguage\":\"et\"},{\"@type\":\"Organization\",\"@id\":\"https:\/\/baubauwall.com\/et\/#organization\",\"name\":\"BAUBAUWALL Wallpapers\",\"url\":\"https:\/\/baubauwall.com\/et\/\",\"logo\":{\"@type\":\"ImageObject\",\"inLanguage\":\"et\",\"@id\":\"https:\/\/baubauwall.com\/et\/#\/schema\/logo\/image\/\",\"url\":\"https:\/\/baubauwall.com\/wp-content\/uploads\/2022\/03\/logo-horizontal.svg\",\"contentUrl\":\"https:\/\/baubauwall.com\/wp-content\/uploads\/2022\/03\/logo-horizontal.svg\",\"width\":\"1024\",\"height\":\"1024\",\"caption\":\"BAUBAUWALL Wallpapers\"},\"image\":{\"@id\":\"https:\/\/baubauwall.com\/et\/#\/schema\/logo\/image\/\"},\"sameAs\":[\"https:\/\/www.facebook.com\/Baubauwall\",\"https:\/\/www.instagram.com\/baubauwall\"]}]}<\/script>\n<!-- \/ Yoast SEO plugin. -->","yoast_head_json":{"title":"P\u00f5hjamaine, hele tapeet lillelise mustriga. Seina m\u00f5\u00f5dus tapeedid.","description":"Taimemotiividega p\u00f5hjamaine, helehall lilleline tapeet. Hele muster, mis sobib elutoa v\u00f5i magamistoa seinale tapeediks. Keskkonnas\u00f5bralik fliistapeet.","robots":{"index":"index","follow":"follow","max-snippet":"max-snippet:-1","max-image-preview":"max-image-preview:large","max-video-preview":"max-video-preview:-1"},"canonical":"https:\/\/baubauwall.com\/et\/toode\/tapeet-herbaarium-hele\/","og_locale":"et_EE","og_type":"article","og_title":"BAUBAUWALL Wallpapers","og_description":"Herbaarium - hele","og_url":"https:\/\/baubauwall.com\/et\/toode\/tapeet-herbaarium-hele\/","og_site_name":"BAUBAUWALL Wallpapers","article_publisher":"https:\/\/www.facebook.com\/Baubauwall","article_modified_time":"2022-11-07T15:27:30+00:00","og_image":[{"width":1200,"height":800,"url":"https:\/\/baubauwall.com\/wp-content\/uploads\/2022\/11\/51100303_Herbarium-light_Baubauwall_Wallpaper_room10.jpg","type":"image\/jpeg"}],"twitter_card":"summary_large_image","twitter_misc":{"Est. reading time":"1 minut"},"schema":{"@context":"https:\/\/schema.org","@graph":[{"@type":"WebPage","@id":"https:\/\/baubauwall.com\/et\/toode\/tapeet-herbaarium-hele\/","url":"https:\/\/baubauwall.com\/et\/toode\/tapeet-herbaarium-hele\/","name":"P\u00f5hjamaine, hele tapeet lillelise mustriga. Seina m\u00f5\u00f5dus tapeedid.","isPartOf":{"@id":"https:\/\/baubauwall.com\/et\/#website"},"primaryImageOfPage":{"@id":"https:\/\/baubauwall.com\/et\/toode\/tapeet-herbaarium-hele\/#primaryimage"},"image":{"@id":"https:\/\/baubauwall.com\/et\/toode\/tapeet-herbaarium-hele\/#primaryimage"},"thumbnailUrl":"https:\/\/baubauwall.com\/wp-content\/uploads\/2022\/11\/51100303_Herbarium-light_Baubauwall_Wallpaper_room08.jpg","datePublished":"2022-10-25T13:15:07+00:00","dateModified":"2022-11-07T15:27:30+00:00","description":"Taimemotiividega p\u00f5hjamaine, helehall lilleline tapeet. Hele muster, mis sobib elutoa v\u00f5i magamistoa seinale tapeediks. Keskkonnas\u00f5bralik fliistapeet.","breadcrumb":{"@id":"https:\/\/baubauwall.com\/et\/toode\/tapeet-herbaarium-hele\/#breadcrumb"},"inLanguage":"et","potentialAction":[{"@type":"ReadAction","target":["https:\/\/baubauwall.com\/et\/toode\/tapeet-herbaarium-hele\/"]}]},{"@type":"ImageObject","inLanguage":"et","@id":"https:\/\/baubauwall.com\/et\/toode\/tapeet-herbaarium-hele\/#primaryimage","url":"https:\/\/baubauwall.com\/wp-content\/uploads\/2022\/11\/51100303_Herbarium-light_Baubauwall_Wallpaper_room08.jpg","contentUrl":"https:\/\/baubauwall.com\/wp-content\/uploads\/2022\/11\/51100303_Herbarium-light_Baubauwall_Wallpaper_room08.jpg","width":1200,"height":800},{"@type":"BreadcrumbList","@id":"https:\/\/baubauwall.com\/et\/toode\/tapeet-herbaarium-hele\/#breadcrumb","itemListElement":[{"@type":"ListItem","position":1,"name":"Koju","item":"https:\/\/baubauwall.com\/et\/"},{"@type":"ListItem","position":2,"name":"Tapeedid","item":"https:\/\/baubauwall.com\/et\/tapeedid\/"},{"@type":"ListItem","position":3,"name":"Herbaarium &#8211; hele"}]},{"@type":"WebSite","@id":"https:\/\/baubauwall.com\/et\/#website","url":"https:\/\/baubauwall.com\/et\/","name":"BAUBAUWALL Wallpapers","description":"Valmis paanides tapeet Eestist!","publisher":{"@id":"https:\/\/baubauwall.com\/et\/#organization"},"potentialAction":[{"@type":"SearchAction","target":{"@type":"EntryPoint","urlTemplate":"https:\/\/baubauwall.com\/et\/?s={search_term_string}"},"query-input":{"@type":"PropertyValueSpecification","valueRequired":true,"valueName":"search_term_string"}}],"inLanguage":"et"},{"@type":"Organization","@id":"https:\/\/baubauwall.com\/et\/#organization","name":"BAUBAUWALL Wallpapers","url":"https:\/\/baubauwall.com\/et\/","logo":{"@type":"ImageObject","inLanguage":"et","@id":"https:\/\/baubauwall.com\/et\/#\/schema\/logo\/image\/","url":"https:\/\/baubauwall.com\/wp-content\/uploads\/2022\/03\/logo-horizontal.svg","contentUrl":"https:\/\/baubauwall.com\/wp-content\/uploads\/2022\/03\/logo-horizontal.svg","width":"1024","height":"1024","caption":"BAUBAUWALL Wallpapers"},"image":{"@id":"https:\/\/baubauwall.com\/et\/#\/schema\/logo\/image\/"},"sameAs":["https:\/\/www.facebook.com\/Baubauwall","https:\/\/www.instagram.com\/baubauwall"]}]}},"jetpack_sharing_enabled":true,"_links":{"self":[{"href":"https:\/\/baubauwall.com\/et\/wp-json\/wp\/v2\/product\/20583","targetHints":{"allow":["GET"]}}],"collection":[{"href":"https:\/\/baubauwall.com\/et\/wp-json\/wp\/v2\/product"}],"about":[{"href":"https:\/\/baubauwall.com\/et\/wp-json\/wp\/v2\/types\/product"}],"replies":[{"embeddable":true,"href":"https:\/\/baubauwall.com\/et\/wp-json\/wp\/v2\/comments?post=20583"}],"wp:featuredmedia":[{"embeddable":true,"href":"https:\/\/baubauwall.com\/et\/wp-json\/wp\/v2\/media\/20581"}],"wp:attachment":[{"href":"https:\/\/baubauwall.com\/et\/wp-json\/wp\/v2\/media?parent=20583"}],"wp:term":[{"taxonomy":"product_brand","embeddable":true,"href":"https:\/\/baubauwall.com\/et\/wp-json\/wp\/v2\/product_brand?post=20583"},{"taxonomy":"product_cat","embeddable":true,"href":"https:\/\/baubauwall.com\/et\/wp-json\/wp\/v2\/product_cat?post=20583"},{"taxonomy":"product_tag","embeddable":true,"href":"https:\/\/baubauwall.com\/et\/wp-json\/wp\/v2\/product_tag?post=20583"}],"curies":[{"name":"wp","href":"https:\/\/api.w.org\/{rel}","templated":true}]}}