{"id":20676,"date":"2022-03-03T07:18:18","date_gmt":"2022-03-03T05:18:18","guid":{"rendered":"https:\/\/baubauwall.com\/product\/mural85\/"},"modified":"2023-07-05T16:00:39","modified_gmt":"2023-07-05T14:00:39","slug":"paikesesusteem-tumesinine-eesti-keeles-planeedid","status":"publish","type":"product","link":"https:\/\/baubauwall.com\/et\/toode\/paikesesusteem-tumesinine-eesti-keeles-planeedid\/","title":{"rendered":"P\u00e4ikeses\u00fcsteem &#8211; tumesinine (eesti keeles)"},"content":{"rendered":"<p>Kas teadsid, et Jupiteri diameeter on Maast 11 korda suurem ning planeet Maa mahuks \u00e4ra Jupiteri Suurde Punasesse Laiku (<em>Jupiter&#8217;s Great Red Spot<\/em>)? See pilttapeet annab \u00fclevaate meie P\u00e4ikeses\u00fcsteemi planeetide suuruste varieeruvusest &#8211; v\u00f5ta joonlaud ja m\u00f5\u00f5da, mitu korda v\u00e4iksem on Kuu Maast v\u00f5i kas Pluuto on meie Kuust suurem v\u00f5i v\u00e4iksem? Selle pilttapeeti planeetide nimed on tr\u00fckitud eesti keeles. Kui eelistaksid inglise keeles, siis meil on see tapeet olemas<a href=\"https:\/\/baubauwall.com\/product\/wall-mural-solar-system-dark-blue\/\" target=\"_blank\" rel=\"noopener\"> siin!<\/a><\/p>\n<p>Nagu k\u00f5ik meie tapeedid on ka see tapeet tr\u00fckitud keskkonnas\u00f5bralike v\u00e4rvidega hingavale, fliistapeedi materjalile. Sinu uus tapeet on l\u00f5igatud nummerdatud paanideks \u2013 t\u00e4pselt nii pikad, kui Sinu sein. Kuidas see t\u00f6\u00f6tab \u2013 loe l\u00e4hemalt<a href=\"https:\/\/baubauwall.com\/et\/kuidas-see-tootab\/\" target=\"_blank\" rel=\"noopener\">\u00a0siit.<\/a><\/p>\n<p>&nbsp;<\/p>\n<p>&nbsp;<\/p>\n<p>&nbsp;<\/p>\n","protected":false},"excerpt":{"rendered":"<p>Kas teadsid, et Jupiteri diameeter on Maast 11 korda suurem ning planeet Maa mahuks \u00e4ra Jupiteri Suurde Punasesse Laiku (Jupiter&#8217;s Great Red Spot)? See pilttapeet annab \u00fclevaate meie P\u00e4ikeses\u00fcsteemi planeetide suuruste varieeruvusest &#8211; v\u00f5ta joonlaud ja m\u00f5\u00f5da, mitu korda v\u00e4iksem on Kuu Maast v\u00f5i kas Pluuto on meie Kuust suurem v\u00f5i v\u00e4iksem? Selle pilttapeeti planeetide [&hellip;]<\/p>\n","protected":false},"featured_media":20656,"comment_status":"open","ping_status":"closed","template":"","meta":{"_acf_changed":false,"inline_featured_image":false},"product_brand":[],"product_cat":[387,266,267,270,413,400,399,614],"product_tag":[430,345,376],"class_list":{"0":"post-20676","1":"product","2":"type-product","3":"status-publish","4":"has-post-thumbnail","6":"product_cat-pilttapeedid","7":"product_cat-mustad-tapeedid","8":"product_cat-sinised-tapeedid","9":"product_cat-tumedad-tapeedid","10":"product_cat-magamistoa-tapeedid","11":"product_cat-lastetoa-tapeedid","12":"product_cat-kodukontori-tapeedid","13":"product_cat-kosmos-galaktika-et","14":"product_tag-kosmos","15":"product_tag-pilttapeet","16":"product_tag-teismelise-tuba","17":"pa_designedby-baubauwall","19":"first","20":"instock","21":"taxable","22":"shipping-taxable","23":"purchasable","24":"product-type-simple"},"acf":[],"yoast_head":"<!-- This site is optimized with the Yoast SEO plugin v25.9 - https:\/\/yoast.com\/wordpress\/plugins\/seo\/ -->\n<title>Planeedid ja s\u00e4ravad t\u00e4hed pilttapeet. Sinu seina m\u00f5\u00f5dus tapeedid.<\/title>\n<meta name=\"description\" content=\"Pilttapeet t\u00e4histaeva ja planeetidega. Koge kaugeid planeete oma toas. Pilttapeet p\u00e4ikeses\u00fcsteemist tuntud planeetidega. Kui suur on Marss Maa suhtes?\" \/>\n<meta name=\"robots\" content=\"index, follow, max-snippet:-1, max-image-preview:large, max-video-preview:-1\" \/>\n<link rel=\"canonical\" href=\"https:\/\/baubauwall.com\/et\/toode\/paikesesusteem-tumesinine-eesti-keeles-planeedid\/\" \/>\n<meta property=\"og:locale\" content=\"et_EE\" \/>\n<meta property=\"og:type\" content=\"article\" \/>\n<meta property=\"og:title\" content=\"Planeedid ja s\u00e4ravad t\u00e4hed pilttapeet. Sinu seina m\u00f5\u00f5dus tapeedid.\" \/>\n<meta property=\"og:description\" content=\"Pilttapeet t\u00e4histaeva ja planeetidega. Koge kaugeid planeete oma toas. Pilttapeet p\u00e4ikeses\u00fcsteemist tuntud planeetidega. Kui suur on Marss Maa suhtes?\" \/>\n<meta property=\"og:url\" content=\"https:\/\/baubauwall.com\/et\/toode\/paikesesusteem-tumesinine-eesti-keeles-planeedid\/\" \/>\n<meta property=\"og:site_name\" content=\"BAUBAUWALL TAPEEDID\" \/>\n<meta property=\"article:publisher\" content=\"https:\/\/www.facebook.com\/Baubauwall\" \/>\n<meta property=\"article:modified_time\" content=\"2023-07-05T14:00:39+00:00\" \/>\n<meta property=\"og:image\" content=\"https:\/\/baubauwall.com\/wp-content\/uploads\/2022\/03\/51200085_SolarSystem_EST-darkblue_Baubauwall_Wallmural_room2.jpg\" \/>\n\t<meta property=\"og:image:width\" content=\"2000\" \/>\n\t<meta property=\"og:image:height\" content=\"800\" \/>\n\t<meta property=\"og:image:type\" content=\"image\/jpeg\" \/>\n<meta name=\"twitter:card\" content=\"summary_large_image\" \/>\n<meta name=\"twitter:label1\" content=\"Est. reading time\" \/>\n\t<meta name=\"twitter:data1\" content=\"1 minut\" \/>\n<script type=\"application\/ld+json\" class=\"yoast-schema-graph\">{\"@context\":\"https:\/\/schema.org\",\"@graph\":[{\"@type\":\"WebPage\",\"@id\":\"https:\/\/baubauwall.com\/et\/toode\/paikesesusteem-tumesinine-eesti-keeles-planeedid\/\",\"url\":\"https:\/\/baubauwall.com\/et\/toode\/paikesesusteem-tumesinine-eesti-keeles-planeedid\/\",\"name\":\"Planeedid ja s\u00e4ravad t\u00e4hed pilttapeet. Sinu seina m\u00f5\u00f5dus tapeedid.\",\"isPartOf\":{\"@id\":\"https:\/\/baubauwall.com\/et\/#website\"},\"primaryImageOfPage\":{\"@id\":\"https:\/\/baubauwall.com\/et\/toode\/paikesesusteem-tumesinine-eesti-keeles-planeedid\/#primaryimage\"},\"image\":{\"@id\":\"https:\/\/baubauwall.com\/et\/toode\/paikesesusteem-tumesinine-eesti-keeles-planeedid\/#primaryimage\"},\"thumbnailUrl\":\"https:\/\/baubauwall.com\/wp-content\/uploads\/2022\/03\/51200085_SolarSystem_EST-darkblue_Baubauwall_Wallmural_room2.jpg\",\"datePublished\":\"2022-03-03T05:18:18+00:00\",\"dateModified\":\"2023-07-05T14:00:39+00:00\",\"description\":\"Pilttapeet t\u00e4histaeva ja planeetidega. Koge kaugeid planeete oma toas. Pilttapeet p\u00e4ikeses\u00fcsteemist tuntud planeetidega. Kui suur on Marss Maa suhtes?\",\"breadcrumb\":{\"@id\":\"https:\/\/baubauwall.com\/et\/toode\/paikesesusteem-tumesinine-eesti-keeles-planeedid\/#breadcrumb\"},\"inLanguage\":\"et\",\"potentialAction\":[{\"@type\":\"ReadAction\",\"target\":[\"https:\/\/baubauwall.com\/et\/toode\/paikesesusteem-tumesinine-eesti-keeles-planeedid\/\"]}]},{\"@type\":\"ImageObject\",\"inLanguage\":\"et\",\"@id\":\"https:\/\/baubauwall.com\/et\/toode\/paikesesusteem-tumesinine-eesti-keeles-planeedid\/#primaryimage\",\"url\":\"https:\/\/baubauwall.com\/wp-content\/uploads\/2022\/03\/51200085_SolarSystem_EST-darkblue_Baubauwall_Wallmural_room2.jpg\",\"contentUrl\":\"https:\/\/baubauwall.com\/wp-content\/uploads\/2022\/03\/51200085_SolarSystem_EST-darkblue_Baubauwall_Wallmural_room2.jpg\",\"width\":2000,\"height\":800,\"caption\":\"solar system planets wall mural\"},{\"@type\":\"BreadcrumbList\",\"@id\":\"https:\/\/baubauwall.com\/et\/toode\/paikesesusteem-tumesinine-eesti-keeles-planeedid\/#breadcrumb\",\"itemListElement\":[{\"@type\":\"ListItem\",\"position\":1,\"name\":\"Koju\",\"item\":\"https:\/\/baubauwall.com\/et\/\"},{\"@type\":\"ListItem\",\"position\":2,\"name\":\"Tapeedid\",\"item\":\"https:\/\/baubauwall.com\/et\/tapeedid\/\"},{\"@type\":\"ListItem\",\"position\":3,\"name\":\"P\u00e4ikeses\u00fcsteem &#8211; tumesinine (eesti keeles)\"}]},{\"@type\":\"WebSite\",\"@id\":\"https:\/\/baubauwall.com\/et\/#website\",\"url\":\"https:\/\/baubauwall.com\/et\/\",\"name\":\"BAUBAUWALL Wallpapers\",\"description\":\"Valmis paanides tapeet Eestist!\",\"publisher\":{\"@id\":\"https:\/\/baubauwall.com\/et\/#organization\"},\"potentialAction\":[{\"@type\":\"SearchAction\",\"target\":{\"@type\":\"EntryPoint\",\"urlTemplate\":\"https:\/\/baubauwall.com\/et\/?s={search_term_string}\"},\"query-input\":{\"@type\":\"PropertyValueSpecification\",\"valueRequired\":true,\"valueName\":\"search_term_string\"}}],\"inLanguage\":\"et\"},{\"@type\":\"Organization\",\"@id\":\"https:\/\/baubauwall.com\/et\/#organization\",\"name\":\"BAUBAUWALL Wallpapers\",\"url\":\"https:\/\/baubauwall.com\/et\/\",\"logo\":{\"@type\":\"ImageObject\",\"inLanguage\":\"et\",\"@id\":\"https:\/\/baubauwall.com\/et\/#\/schema\/logo\/image\/\",\"url\":\"https:\/\/baubauwall.com\/wp-content\/uploads\/2022\/03\/logo-horizontal.svg\",\"contentUrl\":\"https:\/\/baubauwall.com\/wp-content\/uploads\/2022\/03\/logo-horizontal.svg\",\"width\":\"1024\",\"height\":\"1024\",\"caption\":\"BAUBAUWALL Wallpapers\"},\"image\":{\"@id\":\"https:\/\/baubauwall.com\/et\/#\/schema\/logo\/image\/\"},\"sameAs\":[\"https:\/\/www.facebook.com\/Baubauwall\",\"https:\/\/www.instagram.com\/baubauwall\"]}]}<\/script>\n<!-- \/ Yoast SEO plugin. -->","yoast_head_json":{"title":"Planeedid ja s\u00e4ravad t\u00e4hed pilttapeet. Sinu seina m\u00f5\u00f5dus tapeedid.","description":"Pilttapeet t\u00e4histaeva ja planeetidega. Koge kaugeid planeete oma toas. Pilttapeet p\u00e4ikeses\u00fcsteemist tuntud planeetidega. Kui suur on Marss Maa suhtes?","robots":{"index":"index","follow":"follow","max-snippet":"max-snippet:-1","max-image-preview":"max-image-preview:large","max-video-preview":"max-video-preview:-1"},"canonical":"https:\/\/baubauwall.com\/et\/toode\/paikesesusteem-tumesinine-eesti-keeles-planeedid\/","og_locale":"et_EE","og_type":"article","og_title":"Planeedid ja s\u00e4ravad t\u00e4hed pilttapeet. Sinu seina m\u00f5\u00f5dus tapeedid.","og_description":"Pilttapeet t\u00e4histaeva ja planeetidega. Koge kaugeid planeete oma toas. Pilttapeet p\u00e4ikeses\u00fcsteemist tuntud planeetidega. Kui suur on Marss Maa suhtes?","og_url":"https:\/\/baubauwall.com\/et\/toode\/paikesesusteem-tumesinine-eesti-keeles-planeedid\/","og_site_name":"BAUBAUWALL TAPEEDID","article_publisher":"https:\/\/www.facebook.com\/Baubauwall","article_modified_time":"2023-07-05T14:00:39+00:00","og_image":[{"width":2000,"height":800,"url":"https:\/\/baubauwall.com\/wp-content\/uploads\/2022\/03\/51200085_SolarSystem_EST-darkblue_Baubauwall_Wallmural_room2.jpg","type":"image\/jpeg"}],"twitter_card":"summary_large_image","twitter_misc":{"Est. reading time":"1 minut"},"schema":{"@context":"https:\/\/schema.org","@graph":[{"@type":"WebPage","@id":"https:\/\/baubauwall.com\/et\/toode\/paikesesusteem-tumesinine-eesti-keeles-planeedid\/","url":"https:\/\/baubauwall.com\/et\/toode\/paikesesusteem-tumesinine-eesti-keeles-planeedid\/","name":"Planeedid ja s\u00e4ravad t\u00e4hed pilttapeet. Sinu seina m\u00f5\u00f5dus tapeedid.","isPartOf":{"@id":"https:\/\/baubauwall.com\/et\/#website"},"primaryImageOfPage":{"@id":"https:\/\/baubauwall.com\/et\/toode\/paikesesusteem-tumesinine-eesti-keeles-planeedid\/#primaryimage"},"image":{"@id":"https:\/\/baubauwall.com\/et\/toode\/paikesesusteem-tumesinine-eesti-keeles-planeedid\/#primaryimage"},"thumbnailUrl":"https:\/\/baubauwall.com\/wp-content\/uploads\/2022\/03\/51200085_SolarSystem_EST-darkblue_Baubauwall_Wallmural_room2.jpg","datePublished":"2022-03-03T05:18:18+00:00","dateModified":"2023-07-05T14:00:39+00:00","description":"Pilttapeet t\u00e4histaeva ja planeetidega. Koge kaugeid planeete oma toas. Pilttapeet p\u00e4ikeses\u00fcsteemist tuntud planeetidega. Kui suur on Marss Maa suhtes?","breadcrumb":{"@id":"https:\/\/baubauwall.com\/et\/toode\/paikesesusteem-tumesinine-eesti-keeles-planeedid\/#breadcrumb"},"inLanguage":"et","potentialAction":[{"@type":"ReadAction","target":["https:\/\/baubauwall.com\/et\/toode\/paikesesusteem-tumesinine-eesti-keeles-planeedid\/"]}]},{"@type":"ImageObject","inLanguage":"et","@id":"https:\/\/baubauwall.com\/et\/toode\/paikesesusteem-tumesinine-eesti-keeles-planeedid\/#primaryimage","url":"https:\/\/baubauwall.com\/wp-content\/uploads\/2022\/03\/51200085_SolarSystem_EST-darkblue_Baubauwall_Wallmural_room2.jpg","contentUrl":"https:\/\/baubauwall.com\/wp-content\/uploads\/2022\/03\/51200085_SolarSystem_EST-darkblue_Baubauwall_Wallmural_room2.jpg","width":2000,"height":800,"caption":"solar system planets wall mural"},{"@type":"BreadcrumbList","@id":"https:\/\/baubauwall.com\/et\/toode\/paikesesusteem-tumesinine-eesti-keeles-planeedid\/#breadcrumb","itemListElement":[{"@type":"ListItem","position":1,"name":"Koju","item":"https:\/\/baubauwall.com\/et\/"},{"@type":"ListItem","position":2,"name":"Tapeedid","item":"https:\/\/baubauwall.com\/et\/tapeedid\/"},{"@type":"ListItem","position":3,"name":"P\u00e4ikeses\u00fcsteem &#8211; tumesinine (eesti keeles)"}]},{"@type":"WebSite","@id":"https:\/\/baubauwall.com\/et\/#website","url":"https:\/\/baubauwall.com\/et\/","name":"BAUBAUWALL Wallpapers","description":"Valmis paanides tapeet Eestist!","publisher":{"@id":"https:\/\/baubauwall.com\/et\/#organization"},"potentialAction":[{"@type":"SearchAction","target":{"@type":"EntryPoint","urlTemplate":"https:\/\/baubauwall.com\/et\/?s={search_term_string}"},"query-input":{"@type":"PropertyValueSpecification","valueRequired":true,"valueName":"search_term_string"}}],"inLanguage":"et"},{"@type":"Organization","@id":"https:\/\/baubauwall.com\/et\/#organization","name":"BAUBAUWALL Wallpapers","url":"https:\/\/baubauwall.com\/et\/","logo":{"@type":"ImageObject","inLanguage":"et","@id":"https:\/\/baubauwall.com\/et\/#\/schema\/logo\/image\/","url":"https:\/\/baubauwall.com\/wp-content\/uploads\/2022\/03\/logo-horizontal.svg","contentUrl":"https:\/\/baubauwall.com\/wp-content\/uploads\/2022\/03\/logo-horizontal.svg","width":"1024","height":"1024","caption":"BAUBAUWALL Wallpapers"},"image":{"@id":"https:\/\/baubauwall.com\/et\/#\/schema\/logo\/image\/"},"sameAs":["https:\/\/www.facebook.com\/Baubauwall","https:\/\/www.instagram.com\/baubauwall"]}]}},"jetpack_sharing_enabled":true,"_links":{"self":[{"href":"https:\/\/baubauwall.com\/et\/wp-json\/wp\/v2\/product\/20676","targetHints":{"allow":["GET"]}}],"collection":[{"href":"https:\/\/baubauwall.com\/et\/wp-json\/wp\/v2\/product"}],"about":[{"href":"https:\/\/baubauwall.com\/et\/wp-json\/wp\/v2\/types\/product"}],"replies":[{"embeddable":true,"href":"https:\/\/baubauwall.com\/et\/wp-json\/wp\/v2\/comments?post=20676"}],"wp:featuredmedia":[{"embeddable":true,"href":"https:\/\/baubauwall.com\/et\/wp-json\/wp\/v2\/media\/20656"}],"wp:attachment":[{"href":"https:\/\/baubauwall.com\/et\/wp-json\/wp\/v2\/media?parent=20676"}],"wp:term":[{"taxonomy":"product_brand","embeddable":true,"href":"https:\/\/baubauwall.com\/et\/wp-json\/wp\/v2\/product_brand?post=20676"},{"taxonomy":"product_cat","embeddable":true,"href":"https:\/\/baubauwall.com\/et\/wp-json\/wp\/v2\/product_cat?post=20676"},{"taxonomy":"product_tag","embeddable":true,"href":"https:\/\/baubauwall.com\/et\/wp-json\/wp\/v2\/product_tag?post=20676"}],"curies":[{"name":"wp","href":"https:\/\/api.w.org\/{rel}","templated":true}]}}